{"id":3388,"date":"2024-07-31T13:26:56","date_gmt":"2024-07-31T13:26:56","guid":{"rendered":"https:\/\/aiartfree.online\/?page_id=3388"},"modified":"2024-08-02T11:12:57","modified_gmt":"2024-08-02T11:12:57","slug":"voice-changer","status":"publish","type":"page","link":"https:\/\/aiartfree.online\/pt\/alterador-de-voz\/","title":{"rendered":"Mudan\u00e7a de voz"},"content":{"rendered":"<h2 class=\"wp-block-heading\" id=\"how-to-use-the-voice-changer\">Como utilizar o Voice Changer<\/h2>\n\n\n\n<ol class=\"wp-block-list\">\n<li class=\"\">Introduza o seu texto<\/li>\n\n\n\n<li class=\"\">Largue ou carregue o seu ficheiro \u00e1udio de refer\u00eancia<\/li>\n\n\n\n<li class=\"\">Clique em \"Aceitar\"<\/li>\n\n\n\n<li class=\"\">Clique em \"Enviar\"<\/li>\n\n\n\n<li class=\"\">Espera, \u00e9 isso mesmo!<\/li>\n<\/ol>\n\n\n\n<p class=\"\">* Se n\u00e3o tiver nenhuma ideia, n\u00e3o hesite em experimentar os nossos exemplos abaixo<\/p>\n\n\n\n<p class=\"\"><em>* Dependendo da velocidade da sua Internet, o carregamento do modelo pode demorar <\/em>at\u00e9 10 segundos \u2193<\/p>\n\n\n\n<div class=\"iframe-wrapper\" style=\"position: relative; width: 100%; height: 2000px;\">\n  <div class=\"loading\" style=\"position: absolute; top: 50px; left: 50%; transform: translate(-50%, -50%); width: 40px; height: 40px; border: 3px solid #f0f0f0; border-top: 3px solid #db7093; border-radius: 50%; animation: spin 1s linear infinite;\"><\/div>\n  <iframe loading=\"lazy\" src=\"https:\/\/coqui-xtts.hf.space\" frameborder=\"0\" width=\"100%\" height=\"100%\" style=\"position: absolute; top: 0; left: 0; opacity: 0; transition: opacity 0.3s;\" onload=\"this.style.opacity=1;this.previousElementSibling.style.display='none';\"><\/iframe>\n<\/div>\n\n<style>\n@keyframes spin {\n  0% { transform: translate(-50%, -50%) rotate(0deg); }\n  100% { transform: translate(-50%, -50%) rotate(360deg); }\n}\n<\/style>\n\n\n\n<div style=\"height:80px\" aria-hidden=\"true\" class=\"wp-block-spacer\"><\/div>\n\n\n\n<h2 class=\"wp-block-heading\" id=\"enhance-your-audio-experience-with-the-best-voice-changer-tools\">Melhore a sua experi\u00eancia de \u00e1udio com as melhores ferramentas de mudan\u00e7a de voz<\/h2>\n\n\n\n<figure class=\"wp-block-image size-large is-resized\"><img data-recalc-dims=\"1\" data-dominant-color=\"1f3a45\" data-has-transparency=\"false\" decoding=\"async\" width=\"1024\" height=\"701\"   loading=\"lazy\" src=\"https:\/\/i0.wp.com\/aiartfree.online\/wp-content\/uploads\/2024\/08\/replicate-prediction-1gr9nbs48nrm60ch271af88ze0.webp?resize=1024%2C701&#038;ssl=1\" alt=\"Descubra a melhor ferramenta de mudan\u00e7a de voz para uso ilimitado. N\u00e3o \u00e9 necess\u00e1rio registar-se! Transforme a sua voz com efeitos de voz ultra-realistas e alimentados por IA. Perfeito para criadores de conte\u00fado, gamers e profissionais.\" class=\"wp-image-3460 not-transparent\" style=\"--dominant-color: #1f3a45; width:578px;height:auto\" srcset=\"https:\/\/i0.wp.com\/aiartfree.online\/wp-content\/uploads\/2024\/08\/replicate-prediction-1gr9nbs48nrm60ch271af88ze0.webp?resize=1024%2C701&amp;ssl=1 1024w, https:\/\/i0.wp.com\/aiartfree.online\/wp-content\/uploads\/2024\/08\/replicate-prediction-1gr9nbs48nrm60ch271af88ze0.webp?resize=300%2C205&amp;ssl=1 300w, https:\/\/i0.wp.com\/aiartfree.online\/wp-content\/uploads\/2024\/08\/replicate-prediction-1gr9nbs48nrm60ch271af88ze0.webp?resize=768%2C525&amp;ssl=1 768w, https:\/\/i0.wp.com\/aiartfree.online\/wp-content\/uploads\/2024\/08\/replicate-prediction-1gr9nbs48nrm60ch271af88ze0.webp?resize=18%2C12&amp;ssl=1 18w, https:\/\/i0.wp.com\/aiartfree.online\/wp-content\/uploads\/2024\/08\/replicate-prediction-1gr9nbs48nrm60ch271af88ze0.webp?resize=600%2C411&amp;ssl=1 600w, https:\/\/i0.wp.com\/aiartfree.online\/wp-content\/uploads\/2024\/08\/replicate-prediction-1gr9nbs48nrm60ch271af88ze0.webp?w=1216&amp;ssl=1 1216w\" sizes=\"auto, (max-width: 1024px) 100vw, 1024px\" \/><\/figure>\n\n\n\n<div class=\"wp-block-rank-math-toc-block\" id=\"rank-math-toc\"><h2>\u00cdndice<\/h2><nav><ul><li><a href=\"#enhance-your-audio-experience-with-the-best-voice-changer-tools\">Melhore a sua experi\u00eancia de \u00e1udio com as melhores ferramentas de mudan\u00e7a de voz<\/a><ul><li><a href=\"#what-is-a-voice-changer\">O que \u00e9 um Voice Changer?<\/a><\/li><li><a href=\"#why-use-a-voice-changer\">Porqu\u00ea utilizar um Voice Changer?<\/a><ul><li><a href=\"#main-advantages-of-using-a-voice-changer\">Principais vantagens da utiliza\u00e7\u00e3o de um Voice Changer<\/a><\/li><\/ul><\/li><li><a href=\"#main-functions-of-a-voice-changer\">Principais fun\u00e7\u00f5es de um Voice Changer<\/a><ul><li><a href=\"#voice-modulation\">Modula\u00e7\u00e3o de voz<\/a><\/li><li><a href=\"#ai-voice-generation\">Gera\u00e7\u00e3o de voz com IA<\/a><\/li><li><a href=\"#voice-disguising\">Disfarce de voz<\/a><\/li><li><a href=\"#text-to-speech\">Texto para voz<\/a><\/li><li><a href=\"#real-time-voice-changing\">Mudan\u00e7a de voz em tempo real<\/a><\/li><\/ul><\/li><li><a href=\"#suitable-users-and-uses\">Utilizadores e utiliza\u00e7\u00f5es adequados<\/a><ul><li><a href=\"#content-creators\">Criadores de conte\u00fados<\/a><\/li><li><a href=\"#online-gamers\">Jogadores online<\/a><\/li><li><a href=\"#podcasters-and-streamers\">Podcasters e Streamers<\/a><\/li><li><a href=\"#professionals\">Profissionais<\/a><\/li><\/ul><\/li><li><a href=\"#suitable-industries-and-applications\">Ind\u00fastrias e aplica\u00e7\u00f5es adequadas<\/a><ul><li><a href=\"#entertainment\">Entretenimento<\/a><\/li><li><a href=\"#communication\">Comunica\u00e7\u00e3o<\/a><\/li><li><a href=\"#education\">Educa\u00e7\u00e3o<\/a><\/li><li><a href=\"#marketing\">Marketing<\/a><\/li><\/ul><\/li><li><a href=\"#how-to-use-a-voice-changer\">Como utilizar um Voice Changer<\/a><\/li><li><a href=\"#voice-changer-use-cases\">Casos de utiliza\u00e7\u00e3o do Voice Changer<\/a><ul><li><a href=\"#gaming\">Jogos<\/a><\/li><li><a href=\"#content-creation\">Cria\u00e7\u00e3o de conte\u00fados<\/a><\/li><li><a href=\"#professional-communication\">Comunica\u00e7\u00e3o profissional<\/a><\/li><li><a href=\"#educational-content\">Conte\u00fado educativo<\/a><\/li><\/ul><\/li><li><a href=\"#information-and-tools-comparison\">Compara\u00e7\u00e3o de informa\u00e7\u00f5es e ferramentas<\/a><\/li><li><a href=\"#industry-insights\">Perspectivas do sector<\/a><ul><li><a href=\"#advantages\">Vantagens<\/a><\/li><li><a href=\"#disadvantages\">Desvantagens<\/a><\/li><li><a href=\"#advantages-1\">Vantagens<\/a><\/li><li><a href=\"#challenges\">Desafios<\/a><\/li><\/ul><\/li><li><a href=\"#faq\">FAQ<\/a><\/li><li><a href=\"#summary\">Resumo<\/a><\/li><\/ul><\/li><\/ul><\/nav><\/div>\n\n\n\n<h3 class=\"wp-block-heading\" id=\"what-is-a-voice-changer\">O que \u00e9 um Voice Changer?<\/h3>\n\n\n\n<p class=\"\">Um modificador de voz \u00e9 um dispositivo ou software que modifica o som da voz de uma pessoa. Pode alterar a altura, o tom e a velocidade para criar uma sa\u00edda de voz diferente, frequentemente utilizada em entretenimento, comunica\u00e7\u00e3o e cria\u00e7\u00e3o de conte\u00fados.<\/p>\n\n\n\n<h3 class=\"wp-block-heading\" id=\"why-use-a-voice-changer\">Porqu\u00ea utilizar um Voice Changer?<\/h3>\n\n\n\n<h4 class=\"wp-block-heading\" id=\"main-advantages-of-using-a-voice-changer\">Principais vantagens da utiliza\u00e7\u00e3o de um Voice Changer<\/h4>\n\n\n\n<ul class=\"wp-block-list\">\n<li class=\"\"><strong>100% Utiliza\u00e7\u00e3o gratuita e ilimitada<\/strong>: Muitos modificadores de voz, como o Clownfish Voice Changer, oferecem uma utiliza\u00e7\u00e3o gratuita e ilimitada sem necessidade de registo.<\/li>\n\n\n\n<li class=\"\"><strong>Privacidade melhorada<\/strong>: Um alterador de voz pode disfar\u00e7ar a sua voz, proporcionando anonimato durante a comunica\u00e7\u00e3o em linha.<\/li>\n\n\n\n<li class=\"\"><strong>Cria\u00e7\u00e3o de conte\u00fados<\/strong>: Os criadores de conte\u00fados utilizam os modificadores de voz para acrescentar variedade e criatividade aos seus v\u00eddeos, podcasts e streams.<\/li>\n\n\n\n<li class=\"\"><strong>Audi\u00eancia global<\/strong>: Os modificadores de voz podem gerar vozes em v\u00e1rias l\u00ednguas e sotaques, tornando os conte\u00fados acess\u00edveis a um p\u00fablico global.<\/li>\n\n\n\n<li class=\"\"><strong>Alta qualidade<\/strong>: Os alteradores de voz modernos, especialmente os alimentados por IA, produzem vozes ultra-realistas que parecem quase humanas.<\/li>\n<\/ul>\n\n\n\n<h3 class=\"wp-block-heading\" id=\"main-functions-of-a-voice-changer\">Principais fun\u00e7\u00f5es de um Voice Changer<\/h3>\n\n\n\n<h4 class=\"wp-block-heading\" id=\"voice-modulation\">Modula\u00e7\u00e3o de voz<\/h4>\n\n\n\n<p class=\"\">Os modificadores de voz podem alterar a altura, o tom e a velocidade da voz do utilizador, criando v\u00e1rios efeitos, como vozes graves, rob\u00f3ticas ou de desenhos animados.<\/p>\n\n\n\n<h4 class=\"wp-block-heading\" id=\"ai-voice-generation\">Gera\u00e7\u00e3o de voz com IA<\/h4>\n\n\n\n<p class=\"\">Utilizando a IA, os modificadores de voz como o AI Voice Changer podem gerar locu\u00e7\u00f5es realistas para a cria\u00e7\u00e3o de conte\u00fados, proporcionando um \u00e1udio de alta qualidade.<\/p>\n\n\n\n<h4 class=\"wp-block-heading\" id=\"voice-disguising\">Disfarce de voz<\/h4>\n\n\n\n<p class=\"\">Os disfarces de voz s\u00e3o \u00fateis para manter a privacidade nas comunica\u00e7\u00f5es em linha, mascarando a voz real do utilizador.<\/p>\n\n\n\n<h4 class=\"wp-block-heading\" id=\"text-to-speech\">Texto para voz<\/h4>\n\n\n\n<p class=\"\">Os modificadores de voz incluem frequentemente capacidades de convers\u00e3o de texto em voz, convertendo texto escrito em palavras faladas utilizando vozes geradas.<\/p>\n\n\n\n<h4 class=\"wp-block-heading\" id=\"real-time-voice-changing\">Mudan\u00e7a de voz em tempo real<\/h4>\n\n\n\n<p class=\"\">Muitos modificadores de voz podem modificar a voz do utilizador em tempo real, o que \u00e9 ideal para transmiss\u00f5es em direto ou jogos online.<\/p>\n\n\n\n<h3 class=\"wp-block-heading\" id=\"suitable-users-and-uses\">Utilizadores e utiliza\u00e7\u00f5es adequados<\/h3>\n\n\n\n<h4 class=\"wp-block-heading\" id=\"content-creators\">Criadores de conte\u00fados<\/h4>\n\n\n\n<p class=\"\">Os modificadores de voz s\u00e3o populares entre os criadores de conte\u00fados que pretendem diversificar os seus conte\u00fados \u00e1udio com diferentes vozes e efeitos.<\/p>\n\n\n\n<h4 class=\"wp-block-heading\" id=\"online-gamers\">Jogadores online<\/h4>\n\n\n\n<p class=\"\">Os jogadores utilizam alteradores de voz para melhorar a sua experi\u00eancia de jogo, proporcionando entretenimento e, por vezes, mantendo o anonimato.<\/p>\n\n\n\n<h4 class=\"wp-block-heading\" id=\"podcasters-and-streamers\">Podcasters e Streamers<\/h4>\n\n\n\n<p class=\"\">Os podcasters e os streamers utilizam os alteradores de voz para criar personagens \u00fanicas e envolver o seu p\u00fablico com efeitos de voz variados.<\/p>\n\n\n\n<h4 class=\"wp-block-heading\" id=\"professionals\">Profissionais<\/h4>\n\n\n\n<p class=\"\">Os profissionais do servi\u00e7o de apoio ao cliente ou de telemarketing podem utilizar modificadores de voz para uniformizar a sua voz ou manter o anonimato.<\/p>\n\n\n\n<h3 class=\"wp-block-heading\" id=\"suitable-industries-and-applications\">Ind\u00fastrias e aplica\u00e7\u00f5es adequadas<\/h3>\n\n\n\n<h4 class=\"wp-block-heading\" id=\"entertainment\">Entretenimento<\/h4>\n\n\n\n<p class=\"\">Os alteradores de voz s\u00e3o amplamente utilizados na ind\u00fastria do entretenimento para criar personagens em anima\u00e7\u00f5es, filmes e jogos de v\u00eddeo.<\/p>\n\n\n\n<h4 class=\"wp-block-heading\" id=\"communication\">Comunica\u00e7\u00e3o<\/h4>\n\n\n\n<p class=\"\">Na comunica\u00e7\u00e3o em linha, os modificadores de voz proporcionam privacidade e seguran\u00e7a, disfar\u00e7ando a voz real do utilizador.<\/p>\n\n\n\n<h4 class=\"wp-block-heading\" id=\"education\">Educa\u00e7\u00e3o<\/h4>\n\n\n\n<p class=\"\">Os educadores e formadores utilizam os modificadores de voz para criar conte\u00fados \u00e1udio cativantes para os alunos.<\/p>\n\n\n\n<h4 class=\"wp-block-heading\" id=\"marketing\">Marketing<\/h4>\n\n\n\n<p class=\"\">Os profissionais de marketing utilizam os modificadores de voz para criar locu\u00e7\u00f5es \u00fanicas para an\u00fancios e conte\u00fados promocionais.<\/p>\n\n\n\n<h3 class=\"wp-block-heading\" id=\"how-to-use-a-voice-changer\">Como utilizar um Voice Changer<\/h3>\n\n\n\n<ol class=\"wp-block-list\">\n<li class=\"\"><strong>Descarregar e instalar<\/strong>: Escolha um modificador de voz como o Clownfish Voice Changer e transfira-o de uma fonte fi\u00e1vel.<\/li>\n\n\n\n<li class=\"\"><strong>Configurar<\/strong>: Instale o software no seu PC e siga as instru\u00e7\u00f5es de configura\u00e7\u00e3o.<\/li>\n\n\n\n<li class=\"\"><strong>Selecionar efeito de voz<\/strong>: Abrir o alternador de voz e selecionar o efeito de voz pretendido ou gerar uma nova voz utilizando a IA.<\/li>\n\n\n\n<li class=\"\"><strong>Integrar com aplica\u00e7\u00f5es<\/strong>: Ligue o alterador de voz a aplica\u00e7\u00f5es como o Discord para modificar a voz em tempo real.<\/li>\n\n\n\n<li class=\"\"><strong>Come\u00e7ar a utilizar<\/strong>: Come\u00e7ar a utilizar o alternador de voz durante chamadas, transmiss\u00f5es ou grava\u00e7\u00f5es.<\/li>\n<\/ol>\n\n\n\n<h3 class=\"wp-block-heading\" id=\"voice-changer-use-cases\">Casos de utiliza\u00e7\u00e3o do Voice Changer<\/h3>\n\n\n\n<h4 class=\"wp-block-heading\" id=\"gaming\">Jogos<\/h4>\n\n\n\n<p class=\"\">Os modificadores de voz s\u00e3o normalmente utilizados nos jogos em linha para entreter os colegas de equipa e melhorar a experi\u00eancia de jogo.<\/p>\n\n\n\n<h4 class=\"wp-block-heading\" id=\"content-creation\">Cria\u00e7\u00e3o de conte\u00fados<\/h4>\n\n\n\n<p class=\"\">Os criadores de conte\u00fados utilizam os modificadores de voz para criar conte\u00fados variados e cativantes para o seu p\u00fablico.<\/p>\n\n\n\n<h4 class=\"wp-block-heading\" id=\"professional-communication\">Comunica\u00e7\u00e3o profissional<\/h4>\n\n\n\n<p class=\"\">Os profissionais utilizam os modificadores de voz para normalizar a sua comunica\u00e7\u00e3o no servi\u00e7o de apoio ao cliente ou no telemarketing.<\/p>\n\n\n\n<h4 class=\"wp-block-heading\" id=\"educational-content\">Conte\u00fado educativo<\/h4>\n\n\n\n<p class=\"\">Os educadores utilizam os modificadores de voz para criar conte\u00fados \u00e1udio diversificados e cativantes para os alunos.<\/p>\n\n\n\n<h3 class=\"wp-block-heading\" id=\"information-and-tools-comparison\">Compara\u00e7\u00e3o de informa\u00e7\u00f5es e ferramentas<\/h3>\n\n\n\n<figure class=\"wp-block-table\"><table class=\"has-fixed-layout\"><thead><tr><th>Ferramenta\/Website<\/th><th>Caracter\u00edsticas<\/th><th>Pr\u00f3s<\/th><th>Contras<\/th><\/tr><\/thead><tbody><tr><td>Mudan\u00e7a de voz do peixe-palha\u00e7o<\/td><td>Gr\u00e1tis, ilimitado, v\u00e1rios efeitos<\/td><td>F\u00e1cil de utilizar, integra-se com aplica\u00e7\u00f5es<\/td><td>Op\u00e7\u00f5es de voz limitadas<\/td><\/tr><tr><td>Voicemod<\/td><td>Alterador de voz com IA, em tempo real<\/td><td>Vozes de alta qualidade, f\u00e1ceis de utilizar<\/td><td>Requer subscri\u00e7\u00e3o para todas as funcionalidades<\/td><\/tr><tr><td>MorphVOX<\/td><td>Alterador de voz em tempo real, efeitos sonoros<\/td><td>De n\u00edvel profissional, personaliz\u00e1vel<\/td><td>N\u00e3o \u00e9 gratuito, configura\u00e7\u00e3o complexa<\/td><\/tr><tr><td>Alterador de voz Voxal<\/td><td>Gratuito para utiliza\u00e7\u00e3o n\u00e3o comercial, em tempo real<\/td><td>Vers\u00e1til, f\u00e1cil de utilizar<\/td><td>Vers\u00e3o gratuita limitada<\/td><\/tr><tr><td>AV Voice Changer<\/td><td>Grava\u00e7\u00e3o de voz em tempo real<\/td><td>Abrangente e de alta qualidade<\/td><td>Caro<\/td><\/tr><tr><td>Mudan\u00e7a de voz com efeitos<\/td><td>Aplica\u00e7\u00e3o m\u00f3vel, v\u00e1rios efeitos<\/td><td>Gratuito, f\u00e1cil de utilizar<\/td><td>Funcionalidade limitada<\/td><\/tr><tr><td>iMyFone MagicMic<\/td><td>Tempo real, mesa de som<\/td><td>F\u00e1cil de utilizar, vers\u00e1til<\/td><td>Requer subscri\u00e7\u00e3o<\/td><\/tr><tr><td>Voz falsa<\/td><td>Simples e gratuito<\/td><td>F\u00e1cil de utilizar, leve<\/td><td>Carater\u00edsticas b\u00e1sicas, desactualizadas<\/td><\/tr><tr><td>Alterador de voz do Skype<\/td><td>Integra\u00e7\u00e3o com o Skype em tempo real<\/td><td>Simples, eficaz<\/td><td>Limitado ao Skype<\/td><\/tr><tr><td>Audio4Fun Mudan\u00e7a de voz<\/td><td>Efeitos sonoros em tempo real<\/td><td>De n\u00edvel profissional e abrangente<\/td><td>Caro<\/td><\/tr><\/tbody><\/table><\/figure>\n\n\n\n<h3 class=\"wp-block-heading\" id=\"industry-insights\">Perspectivas do sector<\/h3>\n\n\n\n<h4 class=\"wp-block-heading\" id=\"advantages\">Vantagens<\/h4>\n\n\n\n<ul class=\"wp-block-list\">\n<li class=\"\"><strong>Versatilidade<\/strong>: Os modificadores de voz podem ser utilizados em v\u00e1rios sectores e para m\u00faltiplas aplica\u00e7\u00f5es.<\/li>\n\n\n\n<li class=\"\"><strong>Anonimato<\/strong>: Proporcionam privacidade e seguran\u00e7a nas comunica\u00e7\u00f5es em linha.<\/li>\n\n\n\n<li class=\"\"><strong>Criatividade<\/strong>: Melhore o conte\u00fado com efeitos de voz \u00fanicos e cativantes.<\/li>\n<\/ul>\n\n\n\n<h4 class=\"wp-block-heading\" id=\"disadvantages\">Desvantagens<\/h4>\n\n\n\n<ul class=\"wp-block-list\">\n<li class=\"\"><strong>Variabilidade da qualidade<\/strong>: A qualidade da sa\u00edda de voz pode variar consoante as diferentes ferramentas.<\/li>\n\n\n\n<li class=\"\"><strong>Curva de aprendizagem<\/strong>: Alguns modificadores de voz podem ter uma curva de aprendizagem acentuada.<\/li>\n<\/ul>\n\n\n\n<h4 class=\"wp-block-heading\" id=\"advantages-1\">Vantagens<\/h4>\n\n\n\n<ul class=\"wp-block-list\">\n<li class=\"\"><strong>Funcionalidades avan\u00e7adas<\/strong>: Os modificadores de voz modernos oferecem funcionalidades avan\u00e7adas, como vozes geradas por IA e modifica\u00e7\u00f5es em tempo real.<\/li>\n\n\n\n<li class=\"\"><strong>Integra\u00e7\u00e3o<\/strong>: Integram-se bem com v\u00e1rias aplica\u00e7\u00f5es e plataformas.<\/li>\n<\/ul>\n\n\n\n<h4 class=\"wp-block-heading\" id=\"challenges\">Desafios<\/h4>\n\n\n\n<ul class=\"wp-block-list\">\n<li class=\"\"><strong>Custo<\/strong>: Os aparelhos de mudan\u00e7a de voz de alta qualidade podem ser caros.<\/li>\n\n\n\n<li class=\"\"><strong>Compatibilidade<\/strong>: Garantir a compatibilidade com diferentes sistemas operativos e aplica\u00e7\u00f5es pode ser um desafio.<\/li>\n<\/ul>\n\n\n\n<h3 class=\"wp-block-heading\" id=\"faq\">FAQ<\/h3>\n\n\n\n<ol class=\"wp-block-list\">\n<li class=\"\"><strong>Como alterar a voz da Siri?<\/strong>\n<ul class=\"wp-block-list\">\n<li class=\"\">Aceda a Defini\u00e7\u00f5es &gt; Siri e pesquisa &gt; Voz da Siri e escolha a voz pretendida.<\/li>\n<\/ul>\n<\/li>\n\n\n\n<li class=\"\"><strong>Como mudar a voz TTS do Discord para TTS Brian?<\/strong>\n<ul class=\"wp-block-list\">\n<li class=\"\">O Discord TTS utiliza as defini\u00e7\u00f5es predefinidas do sistema. Altere a voz TTS predefinida nas defini\u00e7\u00f5es do seu sistema operativo.<\/li>\n<\/ul>\n<\/li>\n\n\n\n<li class=\"\"><strong>Como posso alterar a voz da Siri?<\/strong>\n<ul class=\"wp-block-list\">\n<li class=\"\">O mesmo que acima: Aceda a Defini\u00e7\u00f5es &gt; Siri e pesquisa &gt; Voz da Siri e escolha a voz pretendida.<\/li>\n<\/ul>\n<\/li>\n\n\n\n<li class=\"\"><strong>Como \u00e9 que se pode alterar a voz da Siri?<\/strong>\n<ul class=\"wp-block-list\">\n<li class=\"\">Como mencionado, ajuste as defini\u00e7\u00f5es em Siri e Pesquisa no seu dispositivo iOS.<\/li>\n<\/ul>\n<\/li>\n\n\n\n<li class=\"\"><strong>Como posso alterar a voz da Siri?<\/strong>\n<ul class=\"wp-block-list\">\n<li class=\"\">Ajuste as defini\u00e7\u00f5es no Siri e Pesquisa conforme descrito acima.<\/li>\n<\/ul>\n<\/li>\n\n\n\n<li class=\"\"><strong>Como mudar a voz no Discord?<\/strong>\n<ul class=\"wp-block-list\">\n<li class=\"\">Utilize um software de mudan\u00e7a de voz como o Clownfish Voice Changer integrado no Discord.<\/li>\n<\/ul>\n<\/li>\n\n\n\n<li class=\"\"><strong>O Assistente do Google pode mudar a sua voz?<\/strong>\n<ul class=\"wp-block-list\">\n<li class=\"\">Sim, aceda \u00e0s defini\u00e7\u00f5es do Assistente do Google &gt; Assistente &gt; Voz do Assistente e selecione uma nova voz.<\/li>\n<\/ul>\n<\/li>\n\n\n\n<li class=\"\"><strong>Como utilizar um alterador de voz no Zoom?<\/strong>\n<ul class=\"wp-block-list\">\n<li class=\"\">Instale um alterador de voz, como o Voicemod, e selecione-o como microfone nas defini\u00e7\u00f5es do Zoom.<\/li>\n<\/ul>\n<\/li>\n\n\n\n<li class=\"\"><strong>Como mudar a voz no PC?<\/strong>\n<ul class=\"wp-block-list\">\n<li class=\"\">Descarregue e instale um software de modifica\u00e7\u00e3o de voz e selecione-o como dispositivo de entrada.<\/li>\n<\/ul>\n<\/li>\n\n\n\n<li class=\"\"><strong>Um modificador de voz pode funcionar com \u00e1udio gravado?<\/strong>\n<ul class=\"wp-block-list\">\n<li class=\"\">Sim, muitos modificadores de voz permitem-lhe carregar e modificar o \u00e1udio gravado.<\/li>\n<\/ul>\n<\/li>\n<\/ol>\n\n\n\n<h3 class=\"wp-block-heading\" id=\"summary\">Resumo<\/h3>\n\n\n\n<p class=\"\">Os modificadores de voz s\u00e3o ferramentas vers\u00e1teis que aumentam a privacidade, a criatividade e a acessibilidade em v\u00e1rias aplica\u00e7\u00f5es. Quer seja para jogos, cria\u00e7\u00e3o de conte\u00fados ou comunica\u00e7\u00e3o profissional, oferecem in\u00fameras funcionalidades para responder a diversas necessidades. Ferramentas como <a href=\"https:\/\/aiartfree.online\/pt\/alterador-de-voz\/\">https:\/\/aiartfree.online\/voice-changer\/<\/a> fornecem gratuitamente modifica\u00e7\u00f5es de voz de alta qualidade, geradas por IA, tornando-as acess\u00edveis a todos. Comece hoje mesmo a utilizar um modificador de voz para explorar o seu potencial nos seus conte\u00fados e na sua comunica\u00e7\u00e3o.<\/p>\n\n\n\n<p class=\"\">Descubra as melhores ferramentas de mudan\u00e7a de voz e melhore a sua experi\u00eancia de cria\u00e7\u00e3o de conte\u00fados e comunica\u00e7\u00e3o com vozes ultra-realistas geradas por IA. Experimente <a href=\"https:\/\/aiartfree.online\/pt\/alterador-de-voz\/\">https:\/\/aiartfree.online\/voice-changer\/<\/a> para 100% utiliza\u00e7\u00e3o gratuita e ilimitada sem registo!<\/p>\n\n\n\n<p class=\"\">Se tiveres mais perguntas, podes fazer o seguinte <a href=\"https:\/\/chatgpt4o.space\/\" target=\"_blank\" rel=\"noreferrer noopener\">Chat online gratuito GPT 4o<\/a>.<\/p>","protected":false},"excerpt":{"rendered":"<p>How to use the Voice Changer * Feel free to try our examples below if you don&#8217;t have any thoughts in your mind *&nbsp;Depending on your internet speed, loading the model may take up to 10 seconds \u2193 Enhance Your Audio Experience with the Best Voice Changer Tools What is a Voice Changer? A voice &#8230; <a title=\"Mudan\u00e7a de voz\" class=\"read-more\" href=\"https:\/\/aiartfree.online\/pt\/alterador-de-voz\/\" aria-label=\"Leia mais sobre Voice Changer\">Ler mais<\/a><\/p>","protected":false},"author":1,"featured_media":3460,"parent":0,"menu_order":0,"comment_status":"open","ping_status":"closed","template":"","meta":{"nf_dc_page":"","footnotes":""},"class_list":["post-3388","page","type-page","status-publish","has-post-thumbnail"],"jetpack_sharing_enabled":true,"_links":{"self":[{"href":"https:\/\/aiartfree.online\/pt\/wp-json\/wp\/v2\/pages\/3388","targetHints":{"allow":["GET"]}}],"collection":[{"href":"https:\/\/aiartfree.online\/pt\/wp-json\/wp\/v2\/pages"}],"about":[{"href":"https:\/\/aiartfree.online\/pt\/wp-json\/wp\/v2\/types\/page"}],"author":[{"embeddable":true,"href":"https:\/\/aiartfree.online\/pt\/wp-json\/wp\/v2\/users\/1"}],"replies":[{"embeddable":true,"href":"https:\/\/aiartfree.online\/pt\/wp-json\/wp\/v2\/comments?post=3388"}],"version-history":[{"count":0,"href":"https:\/\/aiartfree.online\/pt\/wp-json\/wp\/v2\/pages\/3388\/revisions"}],"wp:featuredmedia":[{"embeddable":true,"href":"https:\/\/aiartfree.online\/pt\/wp-json\/wp\/v2\/media\/3460"}],"wp:attachment":[{"href":"https:\/\/aiartfree.online\/pt\/wp-json\/wp\/v2\/media?parent=3388"}],"curies":[{"name":"wp","href":"https:\/\/api.w.org\/{rel}","templated":true}]}}