{"id":3382,"date":"2024-07-31T11:37:49","date_gmt":"2024-07-31T11:37:49","guid":{"rendered":"https:\/\/aiartfree.online\/?page_id=3382"},"modified":"2024-08-02T09:24:10","modified_gmt":"2024-08-02T09:24:10","slug":"ai-clothes-changer","status":"publish","type":"page","link":"https:\/\/aiartfree.online\/pt\/mudador-de-roupa-ai\/","title":{"rendered":"Trocador de roupa com IA"},"content":{"rendered":"<h2 class=\"wp-block-heading has-text-align-center\" id=\"before-vs-after\">Antes e depois<\/h2>\n\n\n\n<figure class=\"gb-block-image gb-block-image-1822da1f\"><img data-recalc-dims=\"1\" decoding=\"async\" loading=\"lazy\" width=\"1200\" height=\"388\" class=\"gb-image gb-image-1822da1f\" src=\"https:\/\/i0.wp.com\/aiartfree.online\/wp-content\/uploads\/2024\/07\/WX20240731-151956%402x-scaled.webp?resize=1200%2C388&#038;ssl=1\" alt=\"AI Clothes Changer - Mudar de roupa com IA [gratuito, sem limite]\" title=\"WX20240731-151956@2x\" srcset=\"https:\/\/i0.wp.com\/aiartfree.online\/wp-content\/uploads\/2024\/07\/WX20240731-151956%402x-scaled.webp?w=2560&amp;ssl=1 2560w, https:\/\/i0.wp.com\/aiartfree.online\/wp-content\/uploads\/2024\/07\/WX20240731-151956%402x-scaled.webp?resize=300%2C97&amp;ssl=1 300w, https:\/\/i0.wp.com\/aiartfree.online\/wp-content\/uploads\/2024\/07\/WX20240731-151956%402x-scaled.webp?resize=1024%2C331&amp;ssl=1 1024w, https:\/\/i0.wp.com\/aiartfree.online\/wp-content\/uploads\/2024\/07\/WX20240731-151956%402x-scaled.webp?resize=768%2C249&amp;ssl=1 768w, https:\/\/i0.wp.com\/aiartfree.online\/wp-content\/uploads\/2024\/07\/WX20240731-151956%402x-scaled.webp?resize=1536%2C497&amp;ssl=1 1536w, https:\/\/i0.wp.com\/aiartfree.online\/wp-content\/uploads\/2024\/07\/WX20240731-151956%402x-scaled.webp?resize=2048%2C663&amp;ssl=1 2048w, https:\/\/i0.wp.com\/aiartfree.online\/wp-content\/uploads\/2024\/07\/WX20240731-151956%402x-scaled.webp?resize=18%2C6&amp;ssl=1 18w, https:\/\/i0.wp.com\/aiartfree.online\/wp-content\/uploads\/2024\/07\/WX20240731-151956%402x-scaled.webp?resize=600%2C194&amp;ssl=1 600w, https:\/\/i0.wp.com\/aiartfree.online\/wp-content\/uploads\/2024\/07\/WX20240731-151956%402x-scaled.webp?w=2400&amp;ssl=1 2400w\" sizes=\"auto, (max-width: 1200px) 100vw, 1200px\" \/><\/figure>\n\n\n\n<h2 class=\"wp-block-heading\" id=\"how-to-use-the-ai-clothes-changer\">Como utilizar o Mudador de Roupa com IA<\/h2>\n\n\n\n<ol class=\"wp-block-list\">\n<li class=\"\">Largue ou carregue a sua imagem<\/li>\n\n\n\n<li class=\"\">Largue ou carregue a imagem da sua roupa<\/li>\n\n\n\n<li class=\"\">Clique em \"Experimentar\"<\/li>\n\n\n\n<li class=\"\">Espera, \u00e9 isso mesmo!<\/li>\n<\/ol>\n\n\n\n<p class=\"\">* Se n\u00e3o tiver nenhuma ideia, n\u00e3o hesite em experimentar os nossos exemplos abaixo<\/p>\n\n\n\n<p class=\"\"><em>* Dependendo da velocidade da sua Internet, o carregamento do modelo pode demorar <\/em>at\u00e9 10 segundos \u2193<\/p>\n\n\n\n<div class=\"iframe-wrapper\" style=\"position: relative; width: 100%; height: 1600px;\">\n  <div class=\"loading\" style=\"position: absolute; top: 50px; left: 50%; transform: translate(-50%, -50%); width: 40px; height: 40px; border: 3px solid #f0f0f0; border-top: 3px solid #db7093; border-radius: 50%; animation: spin 1s linear infinite;\"><\/div>\n  <iframe loading=\"lazy\" src=\"https:\/\/yisol-idm-vton.hf.space\" frameborder=\"0\" width=\"100%\" height=\"100%\" style=\"position: absolute; top: 0; left: 0; opacity: 0; transition: opacity 0.3s;\" onload=\"this.style.opacity=1;this.previousElementSibling.style.display='none';\"><\/iframe>\n<\/div>\n\n<style>\n@keyframes spin {\n  0% { transform: translate(-50%, -50%) rotate(0deg); }\n  100% { transform: translate(-50%, -50%) rotate(360deg); }\n}\n<\/style>\n\n\n\n<div style=\"height:80px\" aria-hidden=\"true\" class=\"wp-block-spacer\"><\/div>\n\n\n\n<h2 class=\"wp-block-heading\" id=\"ai-clothes-changer-the-ultimate-guide-to-virtual-fashion-transformation\">Trocador de roupa com IA: O guia definitivo para a transforma\u00e7\u00e3o virtual da moda<\/h2>\n\n\n\n<p class=\"\">Este guia abrangente explora o mundo da tecnologia de AI Clothes Changer, as suas aplica\u00e7\u00f5es e como est\u00e1 a revolucionar a ind\u00fastria da moda. Cobriremos tudo, desde sua defini\u00e7\u00e3o at\u00e9 casos pr\u00e1ticos de uso e as principais ferramentas dispon\u00edveis.<\/p>\n\n\n\n<div class=\"wp-block-rank-math-toc-block\" id=\"rank-math-toc\"><h2>\u00cdndice<\/h2><nav><ul><li><a href=\"#what-is-ai-clothes-changer\">O que \u00e9 o Mudador de Roupa com IA?<\/a><\/li><li><a href=\"#why-use-ai-clothes-changer\">Porqu\u00ea utilizar o Mudador de Roupa com IA?<\/a><\/li><li><a href=\"#main-features-of-ai-clothes-changer\">Principais carater\u00edsticas do Trocador de Roupa AI<\/a><ul><li><a href=\"#h-3-virtual-outfit-swapping\">H3: Troca de roupa virtual<\/a><\/li><li><a href=\"#h-3-color-modification\">H3: Modifica\u00e7\u00e3o da cor<\/a><\/li><li><a href=\"#h-3-style-transfer\">H3: Transfer\u00eancia de estilo<\/a><\/li><li><a href=\"#h-3-text-to-image-generation\">H3: Gera\u00e7\u00e3o de texto para imagem<\/a><\/li><\/ul><\/li><li><a href=\"#who-can-benefit-from-ai-clothes-changer\">Quem pode beneficiar do sistema de troca de roupa com IA?<\/a><\/li><li><a href=\"#industries-utilizing-ai-clothes-changer\">Ind\u00fastrias que utilizam o Trocador de Roupa com IA<\/a><\/li><li><a href=\"#how-to-use-ai-clothes-changer\">Como utilizar o Mudador de Roupa com IA<\/a><\/li><li><a href=\"#ai-clothes-changer-use-cases\">Casos de utiliza\u00e7\u00e3o de trocadores de roupa com IA<\/a><ul><li><a href=\"#h-3-virtual-try-on-for-online-shopping\">H3: Prova virtual para compras em linha<\/a><\/li><li><a href=\"#h-3-fashion-design-prototyping\">H3: Prototipagem de design de moda<\/a><\/li><li><a href=\"#h-3-social-media-content-creation\">H3: Cria\u00e7\u00e3o de conte\u00fados nas redes sociais<\/a><\/li><li><a href=\"#h-3-virtual-makeovers\">H3: Transforma\u00e7\u00f5es virtuais<\/a><\/li><\/ul><\/li><li><a href=\"#top-10-ai-clothes-changer-tools-and-information\">As 10 principais ferramentas e informa\u00e7\u00f5es sobre o trocador de roupa com IA<\/a><\/li><li><a href=\"#pros-cons-advantages-challenges-and-recommendations-for-the-ai-clothes-changer-industry\">Pr\u00f3s, contras, vantagens, desafios e recomenda\u00e7\u00f5es para a ind\u00fastria de trocadores de roupa com IA<\/a><\/li><li><a href=\"#pros\">Pr\u00f3s<\/a><ul><li><a href=\"#cons\">Contras<\/a><\/li><li><a href=\"#advantages\">Vantagens<\/a><\/li><li><a href=\"#challenges\">Desafios<\/a><\/li><li><a href=\"#recommendations\">Recomenda\u00e7\u00f5es<\/a><\/li><\/ul><\/li><li><a href=\"#frequently-asked-questions-faq\">Perguntas frequentes (FAQ)<\/a><\/li><li><a href=\"#conclusion\">Conclus\u00e3o<\/a><\/li><\/ul><\/nav><\/div>\n\n\n\n<h3 class=\"wp-block-heading\" id=\"what-is-ai-clothes-changer\">O que \u00e9 o Mudador de Roupa com IA?<\/h3>\n\n\n\n<p class=\"\">O AI Clothes Changer \u00e9 uma tecnologia inovadora que utiliza a intelig\u00eancia artificial para modificar ou substituir digitalmente o vestu\u00e1rio em imagens. Esta ferramenta de IA permite aos utilizadores experimentar virtualmente diferentes roupas, mudar a cor das roupas e experimentar v\u00e1rios estilos sem mudar fisicamente o seu vestu\u00e1rio.<\/p>\n\n\n\n<h3 class=\"wp-block-heading\" id=\"why-use-ai-clothes-changer\">Porqu\u00ea utilizar o Mudador de Roupa com IA?<\/h3>\n\n\n\n<p class=\"\">A utiliza\u00e7\u00e3o de um mudador de roupa com IA oferece in\u00fameras vantagens:<\/p>\n\n\n\n<ul class=\"wp-block-list\">\n<li class=\"\">Poupan\u00e7a de tempo: Visualize rapidamente as mudan\u00e7as de roupa sem ter de fazer provas f\u00edsicas<\/li>\n\n\n\n<li class=\"\">Econ\u00f3mico: Experimente os estilos antes de comprar<\/li>\n\n\n\n<li class=\"\">Aumento da criatividade: Explore novas combina\u00e7\u00f5es de moda sem esfor\u00e7o<\/li>\n\n\n\n<li class=\"\">Personaliza\u00e7\u00e3o: Adaptar os fatos \u00e0s prefer\u00eancias individuais<\/li>\n\n\n\n<li class=\"\">Sustentabilidade: Reduzir o desperd\u00edcio de vestu\u00e1rio f\u00edsico atrav\u00e9s de provas virtuais<\/li>\n<\/ul>\n\n\n\n<h3 class=\"wp-block-heading\" id=\"main-features-of-ai-clothes-changer\">Principais carater\u00edsticas do Trocador de Roupa AI<\/h3>\n\n\n\n<h4 class=\"wp-block-heading\" id=\"h-3-virtual-outfit-swapping\">H3: Troca de roupa virtual<\/h4>\n\n\n\n<p class=\"\">O AI Clothes Changer permite que os utilizadores carreguem simplesmente uma imagem e troquem conjuntos inteiros com apenas alguns cliques.<\/p>\n\n\n\n<h4 class=\"wp-block-heading\" id=\"h-3-color-modification\">H3: Modifica\u00e7\u00e3o da cor<\/h4>\n\n\n\n<p class=\"\">Mude a cor da roupa instantaneamente para visualizar diferentes varia\u00e7\u00f5es da mesma pe\u00e7a de vestu\u00e1rio.<\/p>\n\n\n\n<h4 class=\"wp-block-heading\" id=\"h-3-style-transfer\">H3: Transfer\u00eancia de estilo<\/h4>\n\n\n\n<p class=\"\">Aplique o estilo de uma roupa a outra, criando combina\u00e7\u00f5es de moda \u00fanicas.<\/p>\n\n\n\n<h4 class=\"wp-block-heading\" id=\"h-3-text-to-image-generation\">H3: Gera\u00e7\u00e3o de texto para imagem<\/h4>\n\n\n\n<p class=\"\">Alguns mudadores de roupa com IA avan\u00e7ada utilizam comandos de texto para criar conjuntos totalmente novos.<\/p>\n\n\n\n<h3 class=\"wp-block-heading\" id=\"who-can-benefit-from-ai-clothes-changer\">Quem pode beneficiar do sistema de troca de roupa com IA?<\/h3>\n\n\n\n<ul class=\"wp-block-list\">\n<li class=\"\">Entusiastas da moda<\/li>\n\n\n\n<li class=\"\">Compradores em linha<\/li>\n\n\n\n<li class=\"\">Designers de moda<\/li>\n\n\n\n<li class=\"\">Empresas de com\u00e9rcio eletr\u00f3nico<\/li>\n\n\n\n<li class=\"\">Influenciadores das redes sociais<\/li>\n\n\n\n<li class=\"\">Fot\u00f3grafos e modelos<\/li>\n<\/ul>\n\n\n\n<h3 class=\"wp-block-heading\" id=\"industries-utilizing-ai-clothes-changer\">Ind\u00fastrias que utilizam o Trocador de Roupa com IA<\/h3>\n\n\n\n<ul class=\"wp-block-list\">\n<li class=\"\">Retalho de moda<\/li>\n\n\n\n<li class=\"\">Com\u00e9rcio eletr\u00f3nico<\/li>\n\n\n\n<li class=\"\">Publicidade e marketing<\/li>\n\n\n\n<li class=\"\">Entretenimento e media<\/li>\n\n\n\n<li class=\"\">Servi\u00e7os de estilismo pessoal<\/li>\n\n\n\n<li class=\"\">Educa\u00e7\u00e3o para a moda<\/li>\n<\/ul>\n\n\n\n<h3 class=\"wp-block-heading\" id=\"how-to-use-ai-clothes-changer\">Como utilizar o Mudador de Roupa com IA<\/h3>\n\n\n\n<ol class=\"wp-block-list\">\n<li class=\"\">Selecionar uma ferramenta de IA de troca de roupa (por exemplo, https:\/\/aiartfree.online\/ai-clothes-changer\/)<\/li>\n\n\n\n<li class=\"\">Carregue a sua fotografia ou selecione uma imagem modelo<\/li>\n\n\n\n<li class=\"\">Escolher a roupa ou o estilo pretendido<\/li>\n\n\n\n<li class=\"\">Utilizar avisos de texto ou selec\u00e7\u00f5es visuais para especificar altera\u00e7\u00f5es<\/li>\n\n\n\n<li class=\"\">Aplicar as altera\u00e7\u00f5es geradas pela IA<\/li>\n\n\n\n<li class=\"\">Afinar e ajustar conforme necess\u00e1rio<\/li>\n\n\n\n<li class=\"\">Guardar e partilhar a imagem transformada<\/li>\n<\/ol>\n\n\n\n<h3 class=\"wp-block-heading\" id=\"ai-clothes-changer-use-cases\">Casos de utiliza\u00e7\u00e3o de trocadores de roupa com IA<\/h3>\n\n\n\n<h4 class=\"wp-block-heading\" id=\"h-3-virtual-try-on-for-online-shopping\">H3: Prova virtual para compras em linha<\/h4>\n\n\n\n<p class=\"\">Os clientes podem visualizar o aspeto das roupas antes de efectuarem uma compra.<\/p>\n\n\n\n<h4 class=\"wp-block-heading\" id=\"h-3-fashion-design-prototyping\">H3: Prototipagem de design de moda<\/h4>\n\n\n\n<p class=\"\">Os designers podem iterar e visualizar rapidamente novos designs de vestu\u00e1rio.<\/p>\n\n\n\n<h4 class=\"wp-block-heading\" id=\"h-3-social-media-content-creation\">H3: Cria\u00e7\u00e3o de conte\u00fados nas redes sociais<\/h4>\n\n\n\n<p class=\"\">Os influenciadores podem criar conte\u00fados de moda diversificados sem terem de mudar v\u00e1rias vezes de roupa.<\/p>\n\n\n\n<h4 class=\"wp-block-heading\" id=\"h-3-virtual-makeovers\">H3: Transforma\u00e7\u00f5es virtuais<\/h4>\n\n\n\n<p class=\"\">Os utilizadores podem experimentar diferentes estilos e visuais para fins pessoais ou profissionais.<\/p>\n\n\n\n<h3 class=\"wp-block-heading\" id=\"top-10-ai-clothes-changer-tools-and-information\">As 10 principais ferramentas e informa\u00e7\u00f5es sobre o trocador de roupa com IA<\/h3>\n\n\n\n<figure class=\"wp-block-table\"><table class=\"has-fixed-layout\"><thead><tr><th>Ferramenta\/Website<\/th><th>Pr\u00f3s<\/th><th>Contras<\/th><th>Caracter\u00edsticas<\/th><th>URL<\/th><\/tr><\/thead><tbody><tr><td>Trocador de roupa com IA AIArtFree<\/td><td>100% Utiliza\u00e7\u00e3o gratuita e ilimitada, sem necessidade de registo<\/td><td>Pode ter carater\u00edsticas avan\u00e7adas limitadas<\/td><td>Interface f\u00e1cil de utilizar, vasta gama de op\u00e7\u00f5es de vestu\u00e1rio<\/td><td><a href=\"https:\/\/aiartfree.online\/pt\/mudador-de-roupa-ai\/\">https:\/\/aiartfree.online\/ai-clothes-changer\/<\/a><\/td><\/tr><tr><td>DALL-E 2<\/td><td>Imagens poderosas geradas por IA<\/td><td>Requer uma conta OpenAI<\/td><td>Gera\u00e7\u00e3o de texto para imagem, transfer\u00eancia de estilo<\/td><td><a href=\"https:\/\/openai.com\/dall-e-2\" target=\"_blank\" rel=\"noopener\">https:\/\/openai.com\/dall-e-2<\/a><\/td><\/tr><tr><td>Meio da viagem<\/td><td>Moda de alta qualidade gerada por IA<\/td><td>Servi\u00e7o pago, curva de aprendizagem<\/td><td>Instru\u00e7\u00f5es de texto avan\u00e7adas, estilo \u00fanico<\/td><td>https:\/\/www.midjourney.com<\/td><\/tr><tr><td>Difus\u00e3o est\u00e1vel<\/td><td>C\u00f3digo aberto, personaliz\u00e1vel<\/td><td>Requer conhecimentos t\u00e9cnicos<\/td><td>Altamente flex\u00edvel e orientado para a comunidade<\/td><td>https:\/\/stability.ai<\/td><\/tr><tr><td>Dress Up AI<\/td><td>Especializado em prova virtual<\/td><td>Op\u00e7\u00f5es gratuitas limitadas<\/td><td>Simula\u00e7\u00e3o realista de vestu\u00e1rio<\/td><td>https:\/\/dressupaionline.com<\/td><\/tr><tr><td>Vue.ai<\/td><td>Solu\u00e7\u00e3o de n\u00edvel empresarial<\/td><td>Caro para particulares<\/td><td>Funcionalidades avan\u00e7adas de IA, integra\u00e7\u00e3o do com\u00e9rcio eletr\u00f3nico<\/td><td>https:\/\/vue.ai<\/td><\/tr><tr><td>Pixlr<\/td><td>Funcionalidades b\u00e1sicas gratuitas<\/td><td>As funcionalidades premium requerem subscri\u00e7\u00e3o<\/td><td>Interface de f\u00e1cil utiliza\u00e7\u00e3o, ferramentas de edi\u00e7\u00e3o de fotografias<\/td><td>https:\/\/pixlr.com<\/td><\/tr><tr><td>Canva<\/td><td>Plataforma de design vers\u00e1til<\/td><td>Funcionalidades limitadas de mudan\u00e7a de roupa com IA<\/td><td>F\u00e1cil de utilizar, modelos dispon\u00edveis<\/td><td>https:\/\/www.canva.com<\/td><\/tr><tr><td>Adobe Firefly<\/td><td>Gera\u00e7\u00e3o de imagens com IA potente<\/td><td>Requer uma subscri\u00e7\u00e3o da Creative Cloud<\/td><td>Produ\u00e7\u00f5es de alta qualidade, integra\u00e7\u00e3o com o pacote Adobe<\/td><td>https:\/\/www.adobe.com\/sensei\/generative-ai\/firefly.html<\/td><\/tr><tr><td>Pista ML<\/td><td>Ferramentas avan\u00e7adas de IA para criadores<\/td><td>Curva de aprendizagem acentuada<\/td><td>Edi\u00e7\u00e3o de v\u00eddeo, cria\u00e7\u00e3o de imagens<\/td><td>https:\/\/runwayml.com<\/td><\/tr><\/tbody><\/table><\/figure>\n\n\n\n<h3 class=\"wp-block-heading\" id=\"pros-cons-advantages-challenges-and-recommendations-for-the-ai-clothes-changer-industry\">Pr\u00f3s, contras, vantagens, desafios e recomenda\u00e7\u00f5es para a ind\u00fastria de trocadores de roupa com IA<\/h3>\n\n\n\n<h3 class=\"wp-block-heading\" id=\"pros\">Pr\u00f3s<\/h3>\n\n\n\n<ul class=\"wp-block-list\">\n<li class=\"\">Melhora a experi\u00eancia de compra em linha<\/li>\n\n\n\n<li class=\"\">Reduz as taxas de devolu\u00e7\u00e3o no com\u00e9rcio eletr\u00f3nico<\/li>\n\n\n\n<li class=\"\">Fomenta a criatividade no design de moda<\/li>\n<\/ul>\n\n\n\n<h4 class=\"wp-block-heading\" id=\"cons\">Contras<\/h4>\n\n\n\n<ul class=\"wp-block-list\">\n<li class=\"\">Potenciais preocupa\u00e7\u00f5es com a privacidade das imagens dos utilizadores<\/li>\n\n\n\n<li class=\"\">Pode nem sempre representar com exatid\u00e3o a adapta\u00e7\u00e3o ao mundo real<\/li>\n<\/ul>\n\n\n\n<h4 class=\"wp-block-heading\" id=\"advantages\">Vantagens<\/h4>\n\n\n\n<ul class=\"wp-block-list\">\n<li class=\"\">Alternativa sustent\u00e1vel aos res\u00edduos f\u00edsicos de moda<\/li>\n\n\n\n<li class=\"\">Democratiza a experimenta\u00e7\u00e3o da moda<\/li>\n<\/ul>\n\n\n\n<h4 class=\"wp-block-heading\" id=\"challenges\">Desafios<\/h4>\n\n\n\n<ul class=\"wp-block-list\">\n<li class=\"\">Garantir resultados fotorealistas<\/li>\n\n\n\n<li class=\"\">Equil\u00edbrio entre facilidade de utiliza\u00e7\u00e3o e funcionalidades avan\u00e7adas<\/li>\n<\/ul>\n\n\n\n<h4 class=\"wp-block-heading\" id=\"recommendations\">Recomenda\u00e7\u00f5es<\/h4>\n\n\n\n<ul class=\"wp-block-list\">\n<li class=\"\">Investir na melhoria da precis\u00e3o e do realismo da IA<\/li>\n\n\n\n<li class=\"\">Dar prioridade \u00e0 privacidade do utilizador e \u00e0 prote\u00e7\u00e3o dos dados<\/li>\n\n\n\n<li class=\"\">Colaborar com marcas de moda para cat\u00e1logos digitais aut\u00eanticos<\/li>\n<\/ul>\n\n\n\n<h3 class=\"wp-block-heading\" id=\"frequently-asked-questions-faq\">Perguntas frequentes (FAQ)<\/h3>\n\n\n\n<ol class=\"wp-block-list\">\n<li class=\"\">P: A utiliza\u00e7\u00e3o do AI Clothes Changer \u00e9 gratuita?<br>R: Algumas ferramentas como o AIArtFree oferecem 100% utiliza\u00e7\u00e3o gratuita e ilimitada, enquanto outras podem ter funcionalidades pagas.<\/li>\n\n\n\n<li class=\"\">P: Preciso de me registar para utilizar um sistema de troca de roupa com IA?<br>R: Nem sempre. Ferramentas como o AIArtFree (https:\/\/aiartfree.online\/ai-clothes-changer\/) oferecem servi\u00e7os sem necessidade de registo.<\/li>\n\n\n\n<li class=\"\">P: O AI Clothes Changer pode funcionar com qualquer fotografia?<br>R: A maioria das ferramentas funciona melhor com fotografias n\u00edtidas e viradas para a frente. No entanto, a IA avan\u00e7ada pode lidar com v\u00e1rias poses e fundos.<\/li>\n\n\n\n<li class=\"\">P: Qual \u00e9 o grau de exatid\u00e3o com que os Mudadores de Roupa com IA representam as roupas reais?<br>R: A precis\u00e3o varia consoante a ferramenta, mas as principais tecnologias de IA s\u00e3o cada vez mais realistas nas suas representa\u00e7\u00f5es.<\/li>\n\n\n\n<li class=\"\">P: O AI Clothes Changer pode criar desenhos personalizados?<br>R: Sim, algumas ferramentas avan\u00e7adas permitem que os utilizadores criem desenhos \u00fanicos utilizando instru\u00e7\u00f5es de texto ou padr\u00f5es gerados por IA.<\/li>\n\n\n\n<li class=\"\">P: \u00c9 poss\u00edvel mudar apenas a cor da roupa utilizando estas ferramentas?<br>R: Sem d\u00favida! Muitos dos sistemas de troca de roupa com IA oferecem a op\u00e7\u00e3o de modificar apenas a cor das pe\u00e7as de vestu\u00e1rio existentes.<\/li>\n\n\n\n<li class=\"\">P: H\u00e1 algum sistema de troca de roupa com IA espec\u00edfico para designers de moda?<br>R: Sim, ferramentas como o Vue.ai e o Adobe Firefly destinam-se a designers profissionais com funcionalidades avan\u00e7adas.<\/li>\n\n\n\n<li class=\"\">P: O AI Clothes Changer pode ser utilizado para conte\u00fados de v\u00eddeo?<br>R: Algumas ferramentas avan\u00e7adas, como o Runway ML, oferecem capacidades de edi\u00e7\u00e3o de v\u00eddeo com funcionalidades de mudan\u00e7a de roupa com IA.<\/li>\n\n\n\n<li class=\"\">Q: Como \u00e9 que os Mudadores de Roupa com IA lidam com acess\u00f3rios e roupa em camadas?<br>R: As ferramentas de IA mais sofisticadas podem gerir conjuntos complexos, incluindo acess\u00f3rios e camadas, mas as ferramentas mais simples podem ter limita\u00e7\u00f5es.<\/li>\n\n\n\n<li class=\"\">P: Existem algumas preocupa\u00e7\u00f5es \u00e9ticas com a utiliza\u00e7\u00e3o de m\u00e1quinas de mudar roupa com IA?<br>R: As principais preocupa\u00e7\u00f5es incluem a privacidade dos dados do utilizador e a potencial utiliza\u00e7\u00e3o indevida para criar imagens enganadoras. \u00c9 importante utilizar estas ferramentas de forma respons\u00e1vel.<\/li>\n<\/ol>\n\n\n\n<h3 class=\"wp-block-heading\" id=\"conclusion\">Conclus\u00e3o<\/h3>\n\n\n\n<p class=\"\">A tecnologia AI Clothes Changer est\u00e1 a revolucionar a ind\u00fastria da moda, oferecendo oportunidades sem precedentes de criatividade, sustentabilidade e personaliza\u00e7\u00e3o. Desde utilizadores individuais a grandes marcas de moda, as aplica\u00e7\u00f5es s\u00e3o abrangentes e impactantes. Sendo a escolha n\u00famero 1 para muitos, ferramentas como o AI Clothes Changer do AIArtFree (https:\/\/aiartfree.online\/ai-clothes-changer\/) oferecem op\u00e7\u00f5es acess\u00edveis, gratuitas e f\u00e1ceis de utilizar para explorar esta tecnologia empolgante. Quer seja um entusiasta da moda, um designer ou um profissional de com\u00e9rcio eletr\u00f3nico, a ado\u00e7\u00e3o do AI Clothes Changer pode melhorar significativamente a sua experi\u00eancia de moda e o seu fluxo de trabalho. Comece hoje mesmo a experimentar este inovador editor de fotografias com IA e transforme a sua abordagem \u00e0 moda!<\/p>\n\n\n\n<p class=\"\"><\/p>","protected":false},"excerpt":{"rendered":"<p>Before vs After How to use the AI Clothes Changer * Feel free to try our examples below if you don&#8217;t have any thoughts in your mind *&nbsp;Depending on your internet speed, loading the model may take up to 10 seconds \u2193 AI Clothes Changer: The Ultimate Guide to Virtual Fashion Transformation This comprehensive guide &#8230; <a title=\"Trocador de roupa com IA\" class=\"read-more\" href=\"https:\/\/aiartfree.online\/pt\/mudador-de-roupa-ai\/\" aria-label=\"Leia mais sobre AI Clothes Changer\">Ler mais<\/a><\/p>","protected":false},"author":1,"featured_media":3386,"parent":0,"menu_order":0,"comment_status":"open","ping_status":"closed","template":"","meta":{"nf_dc_page":"","footnotes":""},"class_list":["post-3382","page","type-page","status-publish","has-post-thumbnail"],"jetpack_sharing_enabled":true,"_links":{"self":[{"href":"https:\/\/aiartfree.online\/pt\/wp-json\/wp\/v2\/pages\/3382","targetHints":{"allow":["GET"]}}],"collection":[{"href":"https:\/\/aiartfree.online\/pt\/wp-json\/wp\/v2\/pages"}],"about":[{"href":"https:\/\/aiartfree.online\/pt\/wp-json\/wp\/v2\/types\/page"}],"author":[{"embeddable":true,"href":"https:\/\/aiartfree.online\/pt\/wp-json\/wp\/v2\/users\/1"}],"replies":[{"embeddable":true,"href":"https:\/\/aiartfree.online\/pt\/wp-json\/wp\/v2\/comments?post=3382"}],"version-history":[{"count":0,"href":"https:\/\/aiartfree.online\/pt\/wp-json\/wp\/v2\/pages\/3382\/revisions"}],"wp:featuredmedia":[{"embeddable":true,"href":"https:\/\/aiartfree.online\/pt\/wp-json\/wp\/v2\/media\/3386"}],"wp:attachment":[{"href":"https:\/\/aiartfree.online\/pt\/wp-json\/wp\/v2\/media?parent=3382"}],"curies":[{"name":"wp","href":"https:\/\/api.w.org\/{rel}","templated":true}]}}