{"id":3366,"date":"2024-07-31T07:54:51","date_gmt":"2024-07-31T07:54:51","guid":{"rendered":"https:\/\/aiartfree.online\/?page_id=3366"},"modified":"2024-08-02T10:41:37","modified_gmt":"2024-08-02T10:41:37","slug":"ai-background-generator","status":"publish","type":"page","link":"https:\/\/aiartfree.online\/pt\/gerador-de-fundos-ai\/","title":{"rendered":"Gerador de fundos de IA"},"content":{"rendered":"<h2 class=\"wp-block-heading has-text-align-center\" id=\"before-vs-after\">Antes e depois<\/h2>\n\n\n\n<figure class=\"gb-block-image gb-block-image-1822da1f\"><img data-recalc-dims=\"1\" decoding=\"async\" loading=\"lazy\" width=\"1200\" height=\"423\" class=\"gb-image gb-image-1822da1f\" src=\"https:\/\/i0.wp.com\/aiartfree.online\/wp-content\/uploads\/2024\/07\/WX20240731-145349%402x-scaled.webp?resize=1200%2C423&#038;ssl=1\" alt=\"Gerador de fundos AI | Mudan\u00e7a de fundos gr\u00e1tis, ilimitada\" title=\"WX20240731-145349@2x\" srcset=\"https:\/\/i0.wp.com\/aiartfree.online\/wp-content\/uploads\/2024\/07\/WX20240731-145349%402x-scaled.webp?w=2560&amp;ssl=1 2560w, https:\/\/i0.wp.com\/aiartfree.online\/wp-content\/uploads\/2024\/07\/WX20240731-145349%402x-scaled.webp?resize=300%2C106&amp;ssl=1 300w, https:\/\/i0.wp.com\/aiartfree.online\/wp-content\/uploads\/2024\/07\/WX20240731-145349%402x-scaled.webp?resize=1024%2C361&amp;ssl=1 1024w, https:\/\/i0.wp.com\/aiartfree.online\/wp-content\/uploads\/2024\/07\/WX20240731-145349%402x-scaled.webp?resize=768%2C271&amp;ssl=1 768w, https:\/\/i0.wp.com\/aiartfree.online\/wp-content\/uploads\/2024\/07\/WX20240731-145349%402x-scaled.webp?resize=1536%2C541&amp;ssl=1 1536w, https:\/\/i0.wp.com\/aiartfree.online\/wp-content\/uploads\/2024\/07\/WX20240731-145349%402x-scaled.webp?resize=2048%2C721&amp;ssl=1 2048w, https:\/\/i0.wp.com\/aiartfree.online\/wp-content\/uploads\/2024\/07\/WX20240731-145349%402x-scaled.webp?resize=18%2C6&amp;ssl=1 18w, https:\/\/i0.wp.com\/aiartfree.online\/wp-content\/uploads\/2024\/07\/WX20240731-145349%402x-scaled.webp?resize=600%2C211&amp;ssl=1 600w, https:\/\/i0.wp.com\/aiartfree.online\/wp-content\/uploads\/2024\/07\/WX20240731-145349%402x-scaled.webp?w=2400&amp;ssl=1 2400w\" sizes=\"auto, (max-width: 1200px) 100vw, 1200px\" \/><\/figure>\n\n\n\n<h2 class=\"wp-block-heading\" id=\"how-to-use-the-ai-background-generator\">Como utilizar o gerador de fundos de IA<\/h2>\n\n\n\n<ol class=\"wp-block-list\">\n<li class=\"\">Largue ou carregue a sua imagem<\/li>\n\n\n\n<li class=\"\">Introduzir o seu pedido (Selecionar <strong>Remover fundo<\/strong> se a sua imagem tiver um fundo para obter um melhor resultado)<\/li>\n\n\n\n<li class=\"\">Clique em \"Gerar\"<\/li>\n\n\n\n<li class=\"\">Espera, \u00e9 isso mesmo!<\/li>\n<\/ol>\n\n\n\n<p class=\"\">* Se n\u00e3o tiver nenhuma ideia, n\u00e3o hesite em experimentar os nossos exemplos abaixo<\/p>\n\n\n\n<p class=\"\"><em>* Dependendo da velocidade da sua Internet, o carregamento do modelo pode demorar alguns segundos.<br>* Durante a gera\u00e7\u00e3o cont\u00ednua, haver\u00e1 armazenamento em cache e a nova imagem aparecer\u00e1 ap\u00f3s cerca de 3 segundos.<\/em><\/p>\n\n\n<div class=\"gb-container gb-container-968be51b\">\n\n<div class=\"iframe-wrapper\" style=\"position: relative; width: 100%; height: 2650px;\">\n  <div class=\"loading\" style=\"position: absolute; top: 100px; left: 50%; transform: translate(-50%, -50%); width: 40px; height: 40px; border: 3px solid #f0f0f0; border-top: 3px solid #db7093; border-radius: 50%; animation: spin 1s linear infinite;\"><\/div>\n  <iframe loading=\"lazy\" src=\"https:\/\/fotographerai-fai-fuzer.hf.space\" frameborder=\"0\" width=\"100%\" height=\"100%\" style=\"position: absolute; top: 0; left: 0; opacity: 0; transition: opacity 0.3s;\" onload=\"this.style.opacity=1;this.previousElementSibling.style.display='none';\"><\/iframe>\n<\/div>\n\n<style>\n@keyframes spin {\n  0% { transform: translate(-50%, -50%) rotate(0deg); }\n  100% { transform: translate(-50%, -50%) rotate(360deg); }\n}\n<\/style>\n\n<\/div>\n\n\n<div style=\"height:100px\" aria-hidden=\"true\" class=\"wp-block-spacer\"><\/div>\n\n\n\n<h2 class=\"wp-block-heading\" id=\"ai-background-generator-revolutionizing-image-creation\">Gerador de fundos de IA: Revolucionando a cria\u00e7\u00e3o de imagens<\/h2>\n\n\n\n<p class=\"\">Este artigo explora o mundo dos geradores de fundos de IA, as suas vantagens e a forma como est\u00e3o a transformar as imagens digitais. Abordaremos tudo, desde os conceitos b\u00e1sicos \u00e0s aplica\u00e7\u00f5es avan\u00e7adas, ajudando-o a compreender por que raz\u00e3o esta ferramenta se est\u00e1 a tornar indispens\u00e1vel tanto para os criadores como para as empresas.<\/p>\n\n\n\n<div class=\"wp-block-rank-math-toc-block\" id=\"rank-math-toc\"><h3>\u00cdndice<\/h3><nav><ul><li><a href=\"#what-is-an-ai-background-generator\">O que \u00e9 um gerador de antecedentes de IA?<\/a><\/li><li><a href=\"#why-use-an-ai-background-generator\">Porqu\u00ea utilizar um gerador de antecedentes de IA?<\/a><\/li><li><a href=\"#main-features-of-ai-background-generators\">Principais caracter\u00edsticas dos geradores de fundos de IA<\/a><ul><li><a href=\"#1-image-generation-from-text\">1. Gera\u00e7\u00e3o de imagens a partir de texto<\/a><\/li><li><a href=\"#2-style-transfer\">2. Transfer\u00eancia de estilo<\/a><\/li><li><a href=\"#3-background-removal-and-replacement\">3. Remo\u00e7\u00e3o e substitui\u00e7\u00e3o de fundos<\/a><\/li><li><a href=\"#4-resolution-enhancement\">4. Melhoria da resolu\u00e7\u00e3o<\/a><\/li><\/ul><\/li><li><a href=\"#who-should-use-ai-background-generators\">Quem deve utilizar os geradores de antecedentes de IA?<\/a><\/li><li><a href=\"#industries-benefiting-from-ai-background-generators\">Sectores que beneficiam dos geradores de antecedentes de IA<\/a><\/li><li><a href=\"#how-to-use-an-ai-background-generator\">Como utilizar um gerador de fundos de IA<\/a><\/li><li><a href=\"#use-cases-for-ai-background-generators\">Casos de utiliza\u00e7\u00e3o de geradores de antecedentes de IA<\/a><ul><li><a href=\"#e-commerce-product-images\">Imagens de produtos de com\u00e9rcio eletr\u00f3nico<\/a><\/li><li><a href=\"#social-media-content\">Conte\u00fado das redes sociais<\/a><\/li><li><a href=\"#video-production\">Produ\u00e7\u00e3o de v\u00eddeo<\/a><\/li><li><a href=\"#website-design\">Design do s\u00edtio Web<\/a><\/li><\/ul><\/li><li><a href=\"#10-ai-background-generator-tools-pros-cons-and-features\">10 ferramentas de gera\u00e7\u00e3o de fundo de IA: Pr\u00f3s, contras e recursos<\/a><\/li><li><a href=\"#advantages-challenges-and-recommendations-for-the-ai-background-generation-industry\">Vantagens, desafios e recomenda\u00e7\u00f5es para a ind\u00fastria de gera\u00e7\u00e3o de antecedentes de IA<\/a><ul><li><a href=\"#advantages\">Vantagens<\/a><\/li><li><a href=\"#challenges\">Desafios<\/a><\/li><li><a href=\"#recommendations\">Recomenda\u00e7\u00f5es<\/a><\/li><\/ul><\/li><li><a href=\"#faq\">FAQ<\/a><\/li><li><a href=\"#conclusion\">Conclus\u00e3o<\/a><\/li><\/ul><\/nav><\/div>\n\n\n\n<h3 class=\"wp-block-heading\" id=\"what-is-an-ai-background-generator\">O que \u00e9 um gerador de antecedentes de IA?<\/h3>\n\n\n\n<p class=\"\">Um gerador de fundos de IA \u00e9 uma ferramenta de ponta que utiliza a intelig\u00eancia artificial para criar fundos deslumbrantes e \u00fanicos para v\u00e1rios projectos digitais. Esta tecnologia n.\u00ba 1 permite aos utilizadores produzir imagens de alta qualidade sem a necessidade de grandes conhecimentos de design gr\u00e1fico ou de software dispendioso.<\/p>\n\n\n\n<h3 class=\"wp-block-heading\" id=\"why-use-an-ai-background-generator\">Porqu\u00ea utilizar um gerador de antecedentes de IA?<\/h3>\n\n\n\n<p class=\"\">A utiliza\u00e7\u00e3o de um gerador de fundos de IA oferece in\u00fameras vantagens:<\/p>\n\n\n\n<ol class=\"wp-block-list\">\n<li class=\"\">Poupan\u00e7a de tempo: Gerar fundos em segundos<\/li>\n\n\n\n<li class=\"\">Econ\u00f3mico: Muitas op\u00e7\u00f5es s\u00e3o 100% gratuitas e ilimitadas<\/li>\n\n\n\n<li class=\"\">Vers\u00e1til: Crie fundos para v\u00e1rios fins<\/li>\n\n\n\n<li class=\"\">N\u00e3o s\u00e3o necess\u00e1rias compet\u00eancias de design: A IA faz o trabalho pesado<\/li>\n\n\n\n<li class=\"\">Personaliz\u00e1vel: Adapte os resultados \u00e0s suas necessidades espec\u00edficas<\/li>\n<\/ol>\n\n\n\n<h3 class=\"wp-block-heading\" id=\"main-features-of-ai-background-generators\">Principais caracter\u00edsticas dos geradores de fundos de IA<\/h3>\n\n\n\n<h4 class=\"wp-block-heading\" id=\"1-image-generation-from-text\">1. Gera\u00e7\u00e3o de imagens a partir de texto<\/h4>\n\n\n\n<p class=\"\">Os geradores de fundos de IA podem criar imagens com base em descri\u00e7\u00f5es de texto, permitindo resultados incrivelmente espec\u00edficos e personalizados.<\/p>\n\n\n\n<h4 class=\"wp-block-heading\" id=\"2-style-transfer\">2. Transfer\u00eancia de estilo<\/h4>\n\n\n\n<p class=\"\">Aplique estilos art\u00edsticos a imagens existentes ou crie novas imagens em estilos espec\u00edficos, desde fotorrealistas a abstractos.<\/p>\n\n\n\n<h4 class=\"wp-block-heading\" id=\"3-background-removal-and-replacement\">3. Remo\u00e7\u00e3o e substitui\u00e7\u00e3o de fundos<\/h4>\n\n\n\n<p class=\"\">Remova e altere facilmente o fundo das fotografias, perfeito para imagens de produtos ou retratos.<\/p>\n\n\n\n<h4 class=\"wp-block-heading\" id=\"4-resolution-enhancement\">4. Melhoria da resolu\u00e7\u00e3o<\/h4>\n\n\n\n<p class=\"\">Melhore a qualidade das imagens existentes ou crie fundos de alta resolu\u00e7\u00e3o a partir do zero.<\/p>\n\n\n\n<h3 class=\"wp-block-heading\" id=\"who-should-use-ai-background-generators\">Quem deve utilizar os geradores de antecedentes de IA?<\/h3>\n\n\n\n<ul class=\"wp-block-list\">\n<li class=\"\">Designers gr\u00e1ficos<\/li>\n\n\n\n<li class=\"\">Profissionais de marketing de redes sociais<\/li>\n\n\n\n<li class=\"\">Empresas de com\u00e9rcio eletr\u00f3nico<\/li>\n\n\n\n<li class=\"\">Programadores de jogos (por exemplo, para o gerador de cen\u00e1rios dnd ai)<\/li>\n\n\n\n<li class=\"\">Criadores de conte\u00fados<\/li>\n\n\n\n<li class=\"\">Fot\u00f3grafos<\/li>\n<\/ul>\n\n\n\n<h3 class=\"wp-block-heading\" id=\"industries-benefiting-from-ai-background-generators\">Sectores que beneficiam dos geradores de antecedentes de IA<\/h3>\n\n\n\n<ul class=\"wp-block-list\">\n<li class=\"\">Publicidade e marketing<\/li>\n\n\n\n<li class=\"\">Com\u00e9rcio eletr\u00f3nico e fotografia de produtos<\/li>\n\n\n\n<li class=\"\">Jogos e entretenimento<\/li>\n\n\n\n<li class=\"\">Imobili\u00e1rio<\/li>\n\n\n\n<li class=\"\">Moda e estilo de vida<\/li>\n\n\n\n<li class=\"\">Educa\u00e7\u00e3o e aprendizagem eletr\u00f3nica<\/li>\n<\/ul>\n\n\n\n<h3 class=\"wp-block-heading\" id=\"how-to-use-an-ai-background-generator\">Como utilizar um gerador de fundos de IA<\/h3>\n\n\n\n<ol class=\"wp-block-list\">\n<li class=\"\">Escolha uma ferramenta fi\u00e1vel de gera\u00e7\u00e3o de fundos de IA<\/li>\n\n\n\n<li class=\"\">Selecionar a funcionalidade pretendida (por exemplo, gerar uma nova imagem, remover o fundo)<\/li>\n\n\n\n<li class=\"\">Introduzir uma descri\u00e7\u00e3o de texto ou carregar uma imagem<\/li>\n\n\n\n<li class=\"\">Ajustar as defini\u00e7\u00f5es conforme necess\u00e1rio<\/li>\n\n\n\n<li class=\"\">Gerar o fundo<\/li>\n\n\n\n<li class=\"\">Descarregue e utilize o seu novo fundo<\/li>\n<\/ol>\n\n\n\n<h3 class=\"wp-block-heading\" id=\"use-cases-for-ai-background-generators\">Casos de utiliza\u00e7\u00e3o de geradores de antecedentes de IA<\/h3>\n\n\n\n<h4 class=\"wp-block-heading\" id=\"e-commerce-product-images\">Imagens de produtos de com\u00e9rcio eletr\u00f3nico<\/h4>\n\n\n\n<p class=\"\">Crie imagens de produtos com aspeto profissional com belas imagens de flores geradas por IA com fundo desfocado ou outros contextos adequados.<\/p>\n\n\n\n<h4 class=\"wp-block-heading\" id=\"social-media-content\">Conte\u00fado das redes sociais<\/h4>\n\n\n\n<p class=\"\">Crie fundos apelativos para publica\u00e7\u00f5es, hist\u00f3rias e an\u00fancios.<\/p>\n\n\n\n<h4 class=\"wp-block-heading\" id=\"video-production\">Produ\u00e7\u00e3o de v\u00eddeo<\/h4>\n\n\n\n<p class=\"\">Crie cen\u00e1rios \u00fanicos para projectos de v\u00eddeo, cen\u00e1rios virtuais ou substitui\u00e7\u00f5es de ecr\u00e3s verdes.<\/p>\n\n\n\n<h4 class=\"wp-block-heading\" id=\"website-design\">Design do s\u00edtio Web<\/h4>\n\n\n\n<p class=\"\">Desenvolva fundos personalizados para p\u00e1ginas Web, cabe\u00e7alhos e banners.<\/p>\n\n\n\n<h3 class=\"wp-block-heading\" id=\"10-ai-background-generator-tools-pros-cons-and-features\">10 ferramentas de gera\u00e7\u00e3o de fundo de IA: Pr\u00f3s, contras e recursos<\/h3>\n\n\n\n<figure class=\"wp-block-table\"><table class=\"has-fixed-layout\"><thead><tr><th>Ferramenta<\/th><th>Pr\u00f3s<\/th><th>Contras<\/th><th>Caracter\u00edsticas<\/th><th>URL<\/th><\/tr><\/thead><tbody><tr><td>AIArtFree<\/td><td>100% Gr\u00e1tis, sem registo, utiliza\u00e7\u00e3o ilimitada<\/td><td>Caracter\u00edsticas avan\u00e7adas limitadas<\/td><td>Gerador de fundos AI, Remo\u00e7\u00e3o de fundos<\/td><td><a href=\"https:\/\/aiartfree.online\/pt\/gerador-de-fundos-ai\/\">https:\/\/aiartfree.online\/ai-background-generator\/<\/a><\/td><\/tr><tr><td>DALL-E 2<\/td><td>Sa\u00eddas de alta qualidade, vers\u00e1til<\/td><td>Servi\u00e7o pago, requer conta OpenAI<\/td><td>Gera\u00e7\u00e3o de texto para imagem, Edi\u00e7\u00e3o de imagens<\/td><td><a href=\"https:\/\/openai.com\/dall-e-2\" target=\"_blank\" rel=\"noreferrer noopener\">https:\/\/openai.com\/dall-e-2<\/a><\/td><\/tr><tr><td>Meio da viagem<\/td><td>Resultados art\u00edsticos, orientados para a comunidade<\/td><td>Servi\u00e7o pago, interface baseada no Discord<\/td><td>Gera\u00e7\u00e3o de texto para imagem, Personaliza\u00e7\u00e3o de estilo<\/td><td>https:\/\/www.midjourney.com<\/td><\/tr><tr><td>Difus\u00e3o est\u00e1vel<\/td><td>C\u00f3digo aberto, personaliz\u00e1vel<\/td><td>Necessita de conhecimentos t\u00e9cnicos para a sua instala\u00e7\u00e3o<\/td><td>Gera\u00e7\u00e3o de texto para imagem, tradu\u00e7\u00e3o de imagem para imagem<\/td><td>https:\/\/stability.ai<\/td><\/tr><tr><td>Canva<\/td><td>Interface de f\u00e1cil utiliza\u00e7\u00e3o, ferramentas de conce\u00e7\u00e3o integradas<\/td><td>Funcionalidades de IA limitadas na vers\u00e3o gratuita<\/td><td>Remo\u00e7\u00e3o de fundos, cria\u00e7\u00e3o de imagens (com o Magic Studio)<\/td><td>https:\/\/www.canva.com<\/td><\/tr><tr><td>Remover.bg<\/td><td>Especializada na remo\u00e7\u00e3o de fundos, API dispon\u00edvel<\/td><td>Limitado apenas \u00e0 remo\u00e7\u00e3o de fundo<\/td><td>Remo\u00e7\u00e3o autom\u00e1tica de fundos, Dete\u00e7\u00e3o de pessoas<\/td><td>https:\/\/www.remove.bg<\/td><\/tr><tr><td>Pixlr<\/td><td>Vers\u00e3o b\u00e1sica gratuita, baseada na Web<\/td><td>As funcionalidades avan\u00e7adas requerem subscri\u00e7\u00e3o<\/td><td>Remo\u00e7\u00e3o de fundo AI, Ferramentas de edi\u00e7\u00e3o de imagem<\/td><td>https:\/\/pixlr.com<\/td><\/tr><tr><td>Sala de fotos<\/td><td>Compat\u00edvel com dispositivos m\u00f3veis, bom para fotografias de produtos<\/td><td>Todas as funcionalidades requerem subscri\u00e7\u00e3o<\/td><td>Remo\u00e7\u00e3o de fundos, remo\u00e7\u00e3o de objectos, gera\u00e7\u00e3o de imagens de IA<\/td><td>https:\/\/www.photoroom.com<\/td><\/tr><tr><td>Artbreeder<\/td><td>Capacidades \u00fanicas de mistura de imagens<\/td><td>Curva de aprendizagem para obter melhores resultados<\/td><td>Mistura de imagens, Transfer\u00eancia de estilo<\/td><td>https:\/\/www.artbreeder.com<\/td><\/tr><tr><td>Fotor<\/td><td>F\u00e1cil de utilizar, v\u00e1rias ferramentas de IA<\/td><td>Algumas funcionalidades bloqueadas por um acesso pago<\/td><td>Remo\u00e7\u00e3o de fundo, Gerador de arte AI, Efeitos fotogr\u00e1ficos<\/td><td>https:\/\/www.fotor.com<\/td><\/tr><\/tbody><\/table><figcaption class=\"wp-element-caption\">Esta tabela fornece uma vis\u00e3o geral mais abrangente de v\u00e1rias ferramentas de gera\u00e7\u00e3o de fundo de IA, incluindo os seus pr\u00f3s, contras, caracter\u00edsticas principais e URLs.<\/figcaption><\/figure>\n\n\n\n<h3 class=\"wp-block-heading\" id=\"advantages-challenges-and-recommendations-for-the-ai-background-generation-industry\">Vantagens, desafios e recomenda\u00e7\u00f5es para a ind\u00fastria de gera\u00e7\u00e3o de antecedentes de IA<\/h3>\n\n\n\n<h4 class=\"wp-block-heading\" id=\"advantages\">Vantagens<\/h4>\n\n\n\n<ul class=\"wp-block-list\">\n<li class=\"\">Inova\u00e7\u00e3o r\u00e1pida na tecnologia de IA<\/li>\n\n\n\n<li class=\"\">Aumento da procura em v\u00e1rios sectores<\/li>\n\n\n\n<li class=\"\">Potencial de integra\u00e7\u00e3o com outras ferramentas de IA<\/li>\n<\/ul>\n\n\n\n<h4 class=\"wp-block-heading\" id=\"challenges\">Desafios<\/h4>\n\n\n\n<ul class=\"wp-block-list\">\n<li class=\"\">Direitos de autor e preocupa\u00e7\u00f5es \u00e9ticas<\/li>\n\n\n\n<li class=\"\">Garantir a qualidade e a consist\u00eancia da imagem<\/li>\n\n\n\n<li class=\"\">Equilibrar a automatiza\u00e7\u00e3o com a criatividade humana<\/li>\n<\/ul>\n\n\n\n<h4 class=\"wp-block-heading\" id=\"recommendations\">Recomenda\u00e7\u00f5es<\/h4>\n\n\n\n<ul class=\"wp-block-list\">\n<li class=\"\">Foco em interfaces de f\u00e1cil utiliza\u00e7\u00e3o<\/li>\n\n\n\n<li class=\"\">Desenvolver caracter\u00edsticas espec\u00edficas do sector<\/li>\n\n\n\n<li class=\"\">Dar prioridade \u00e0s pr\u00e1ticas \u00e9ticas de IA e \u00e0 transpar\u00eancia<\/li>\n<\/ul>\n\n\n\n<h3 class=\"wp-block-heading\" id=\"faq\">FAQ<\/h3>\n\n\n\n<ol class=\"wp-block-list\">\n<li class=\"\">Como gerar um fundo de IA no Photoshop?<br>Embora o Photoshop ofere\u00e7a algumas funcionalidades de IA, a utiliza\u00e7\u00e3o de uma ferramenta dedicada como https:\/\/aiartfree.online\/ai-background-generator\/ \u00e9 mais r\u00e1pida, f\u00e1cil e gratuita.<\/li>\n\n\n\n<li class=\"\">Como \u00e9 que a IA gera um fundo no Photoshop?<br>Em vez de utilizar o Photoshop, experimente o nosso gerador gratuito de fundos AI para obter resultados mais r\u00e1pidos e simples.<\/li>\n\n\n\n<li class=\"\">Como \u00e9 que a IA gera um fundo?<br>Visite https:\/\/aiartfree.online\/ai-background-generator\/, introduza a descri\u00e7\u00e3o pretendida ou carregue uma imagem e deixe a IA criar um fundo para si.<\/li>\n\n\n\n<li class=\"\">Posso utilizar comercialmente os fundos gerados por IA?<br>Depende da ferramenta e dos seus termos de servi\u00e7o. Verifique sempre o contrato de licen\u00e7a antes da utiliza\u00e7\u00e3o comercial.<\/li>\n\n\n\n<li class=\"\">Os geradores de fundos de IA s\u00e3o gratuitos?<br>Muitas ferramentas oferecem op\u00e7\u00f5es gratuitas, como o nosso gerador 100% gratuito e ilimitado em https:\/\/aiartfree.online\/ai-background-generator\/.<\/li>\n\n\n\n<li class=\"\">Os geradores de fundos de IA conseguem criar imagens realistas?<br>Sim, muitas ferramentas de IA podem criar fundos e imagens altamente realistas.<\/li>\n\n\n\n<li class=\"\">Como \u00e9 que removo o fundo de uma imagem existente?<br>A maioria dos geradores de fundos de IA oferece funcionalidades de remo\u00e7\u00e3o de fundos. Basta carregar a sua imagem e selecionar a op\u00e7\u00e3o de remo\u00e7\u00e3o do fundo.<\/li>\n\n\n\n<li class=\"\">Posso criar fundos para temas espec\u00edficos como fantasia ou fic\u00e7\u00e3o cient\u00edfica?<br>Sem d\u00favida! Os geradores de IA podem criar fundos para v\u00e1rios temas com base nas suas descri\u00e7\u00f5es de texto.<\/li>\n\n\n\n<li class=\"\">Existem limita\u00e7\u00f5es para os fundos gerados por IA?<br>Embora poderosos, os geradores de IA podem por vezes produzir inconsist\u00eancias ou elementos irrealistas. Reveja sempre e, eventualmente, edite os resultados.<\/li>\n\n\n\n<li class=\"\">Como posso garantir a exclusividade dos meus fundos gerados por IA?<br>Utilize instru\u00e7\u00f5es espec\u00edficas, combine v\u00e1rias gera\u00e7\u00f5es ou adicione toques pessoais para tornar os seus fundos verdadeiramente \u00fanicos.<\/li>\n<\/ol>\n\n\n\n<h3 class=\"wp-block-heading\" id=\"conclusion\">Conclus\u00e3o<\/h3>\n\n\n\n<p class=\"\">Os geradores de fundos de IA est\u00e3o a revolucionar a forma como criamos e manipulamos imagens digitais. Com ferramentas como https:\/\/aiartfree.online\/ai-background-generator\/, que oferecem 100% gratuitos, ilimitados e sem op\u00e7\u00f5es de inscri\u00e7\u00e3o, \u00e9 mais f\u00e1cil do que nunca produzir imagens fant\u00e1sticas para qualquer projeto. Quer seja um designer profissional ou um criador casual, os geradores de fundos de IA fornecem uma solu\u00e7\u00e3o acess\u00edvel, eficiente e poderosa para as suas necessidades de imagem. Experimente um hoje e conhe\u00e7a o futuro da criatividade digital!<\/p>","protected":false},"excerpt":{"rendered":"<p>Before vs After How to use the AI Background Generator * Feel free to try our examples below if you don&#8217;t have any thoughts in your mind *&nbsp;Depending on your internet speed, loading the model may take a few seconds.* There will be caching during continuous generation, and the new image will appear after about &#8230; <a title=\"Gerador de fundos de IA\" class=\"read-more\" href=\"https:\/\/aiartfree.online\/pt\/gerador-de-fundos-ai\/\" aria-label=\"Leia mais sobre AI Background Generator\">Ler mais<\/a><\/p>","protected":false},"author":1,"featured_media":3377,"parent":0,"menu_order":0,"comment_status":"open","ping_status":"closed","template":"","meta":{"nf_dc_page":"","footnotes":""},"class_list":["post-3366","page","type-page","status-publish","has-post-thumbnail"],"jetpack_sharing_enabled":true,"_links":{"self":[{"href":"https:\/\/aiartfree.online\/pt\/wp-json\/wp\/v2\/pages\/3366","targetHints":{"allow":["GET"]}}],"collection":[{"href":"https:\/\/aiartfree.online\/pt\/wp-json\/wp\/v2\/pages"}],"about":[{"href":"https:\/\/aiartfree.online\/pt\/wp-json\/wp\/v2\/types\/page"}],"author":[{"embeddable":true,"href":"https:\/\/aiartfree.online\/pt\/wp-json\/wp\/v2\/users\/1"}],"replies":[{"embeddable":true,"href":"https:\/\/aiartfree.online\/pt\/wp-json\/wp\/v2\/comments?post=3366"}],"version-history":[{"count":0,"href":"https:\/\/aiartfree.online\/pt\/wp-json\/wp\/v2\/pages\/3366\/revisions"}],"wp:featuredmedia":[{"embeddable":true,"href":"https:\/\/aiartfree.online\/pt\/wp-json\/wp\/v2\/media\/3377"}],"wp:attachment":[{"href":"https:\/\/aiartfree.online\/pt\/wp-json\/wp\/v2\/media?parent=3366"}],"curies":[{"name":"wp","href":"https:\/\/api.w.org\/{rel}","templated":true}]}}