{"id":3360,"date":"2024-07-31T07:14:44","date_gmt":"2024-07-31T07:14:44","guid":{"rendered":"https:\/\/aiartfree.online\/?page_id=3360"},"modified":"2024-08-02T11:12:12","modified_gmt":"2024-08-02T11:12:12","slug":"illustrator","status":"publish","type":"page","link":"https:\/\/aiartfree.online\/pt\/ilustrador\/","title":{"rendered":"Ilustrador"},"content":{"rendered":"<h2 class=\"wp-block-heading has-text-align-center\">O que os nossos utilizadores fizeram com o Illustrator<\/h2>\n\n\n<div class=\"gb-grid-wrapper gb-grid-wrapper-8f352d7f\">\n<div class=\"gb-grid-column gb-grid-column-4765560e\"><div class=\"gb-container gb-container-4765560e\">\n\n<figure class=\"gb-block-image gb-block-image-a2c2a657\"><img data-recalc-dims=\"1\" decoding=\"async\" loading=\"lazy\" width=\"882\" height=\"740\" class=\"gb-image gb-image-a2c2a657\" src=\"https:\/\/i0.wp.com\/aiartfree.online\/wp-content\/uploads\/2024\/07\/WX20240731-111208%402x.jpg?resize=882%2C740&#038;ssl=1\" alt=\"Descubra o AI Art Free Illustrator, a melhor ferramenta 100% gratuita para criar gr\u00e1ficos vectoriais e ilustra\u00e7\u00f5es de alta qualidade. Ao contr\u00e1rio do Adobe Illustrator, a nossa plataforma oferece acesso ilimitado, sem requisitos de inscri\u00e7\u00e3o e com uma interface de f\u00e1cil utiliza\u00e7\u00e3o.\" title=\"WX20240731-111208@2x\" srcset=\"https:\/\/i0.wp.com\/aiartfree.online\/wp-content\/uploads\/2024\/07\/WX20240731-111208%402x.jpg?w=882&amp;ssl=1 882w, https:\/\/i0.wp.com\/aiartfree.online\/wp-content\/uploads\/2024\/07\/WX20240731-111208%402x.jpg?resize=300%2C252&amp;ssl=1 300w, https:\/\/i0.wp.com\/aiartfree.online\/wp-content\/uploads\/2024\/07\/WX20240731-111208%402x.jpg?resize=768%2C644&amp;ssl=1 768w, https:\/\/i0.wp.com\/aiartfree.online\/wp-content\/uploads\/2024\/07\/WX20240731-111208%402x.jpg?resize=14%2C12&amp;ssl=1 14w, https:\/\/i0.wp.com\/aiartfree.online\/wp-content\/uploads\/2024\/07\/WX20240731-111208%402x.jpg?resize=600%2C503&amp;ssl=1 600w\" sizes=\"auto, (max-width: 882px) 100vw, 882px\" \/><\/figure>\n\n<\/div><\/div>\n\n<div class=\"gb-grid-column gb-grid-column-d0cc1844\"><div class=\"gb-container gb-container-d0cc1844\">\n\n<figure class=\"gb-block-image gb-block-image-221c3770\"><img data-recalc-dims=\"1\" decoding=\"async\" loading=\"lazy\" width=\"882\" height=\"730\" class=\"gb-image gb-image-221c3770\" src=\"https:\/\/i0.wp.com\/aiartfree.online\/wp-content\/uploads\/2024\/07\/WX20240731-111242%402x.jpg?resize=882%2C730&#038;ssl=1\" alt=\"Descubra o AI Art Free Illustrator, a melhor ferramenta 100% gratuita para criar gr\u00e1ficos vectoriais e ilustra\u00e7\u00f5es de alta qualidade. Ao contr\u00e1rio do Adobe Illustrator, a nossa plataforma oferece acesso ilimitado, sem requisitos de inscri\u00e7\u00e3o e com uma interface de f\u00e1cil utiliza\u00e7\u00e3o.\" title=\"WX20240731-111242@2x\" srcset=\"https:\/\/i0.wp.com\/aiartfree.online\/wp-content\/uploads\/2024\/07\/WX20240731-111242%402x.jpg?w=882&amp;ssl=1 882w, https:\/\/i0.wp.com\/aiartfree.online\/wp-content\/uploads\/2024\/07\/WX20240731-111242%402x.jpg?resize=300%2C248&amp;ssl=1 300w, https:\/\/i0.wp.com\/aiartfree.online\/wp-content\/uploads\/2024\/07\/WX20240731-111242%402x.jpg?resize=768%2C636&amp;ssl=1 768w, https:\/\/i0.wp.com\/aiartfree.online\/wp-content\/uploads\/2024\/07\/WX20240731-111242%402x.jpg?resize=14%2C12&amp;ssl=1 14w, https:\/\/i0.wp.com\/aiartfree.online\/wp-content\/uploads\/2024\/07\/WX20240731-111242%402x.jpg?resize=600%2C497&amp;ssl=1 600w\" sizes=\"auto, (max-width: 882px) 100vw, 882px\" \/><\/figure>\n\n<\/div><\/div>\n<\/div>\n\n\n<h2 class=\"wp-block-heading\">Como utilizar o Illustrator<\/h2>\n\n\n\n<ol class=\"wp-block-list\">\n<li class=\"\">Introduza o seu pedido<\/li>\n\n\n\n<li class=\"\">Clique em \"Submeter\"<\/li>\n\n\n\n<li class=\"\">Espera, \u00e9 isso mesmo!<\/li>\n<\/ol>\n\n\n\n<p class=\"\">* Se n\u00e3o tiver nenhuma ideia, n\u00e3o hesite em experimentar os nossos exemplos abaixo<\/p>\n\n\n\n<p class=\"\"><em>* Dependendo da velocidade da sua Internet, o carregamento do modelo pode demorar <\/em>at\u00e9 10 segundos \u2193<\/p>\n\n\n\n<div class=\"iframe-wrapper\" style=\"position: relative; width: 100%; height: 700px;\">\n  <div class=\"loading\" style=\"position: absolute; top: 50px; left: 50%; transform: translate(-50%, -50%); width: 40px; height: 40px; border: 3px solid #f0f0f0; border-top: 3px solid #db7093; border-radius: 50%; animation: spin 1s linear infinite;\"><\/div>\n  <iframe loading=\"lazy\" src=\"https:\/\/peepdaslan9-b2bmgmt-blink7630-graphic-novel-illustration.hf.space\" frameborder=\"0\" width=\"100%\" height=\"100%\" style=\"position: absolute; top: 0; left: 0; opacity: 0; transition: opacity 0.3s;\" onload=\"this.style.opacity=1;this.previousElementSibling.style.display='none';\"><\/iframe>\n<\/div>\n\n<style>\n@keyframes spin {\n  0% { transform: translate(-50%, -50%) rotate(0deg); }\n  100% { transform: translate(-50%, -50%) rotate(360deg); }\n}\n<\/style>\n\n\n\n<h2 class=\"wp-block-heading\">Exemplos de sugest\u00f5es de ilustra\u00e7\u00e3o<\/h2>\n\n\n\n<ol style=\"font-size:16px\" class=\"wp-block-list\">\n<li class=\"\">ilustra\u00e7\u00e3o de banda desenhada de cortar a respira\u00e7\u00e3o, altamente detalhada, de morgan freeman a conduzir uma mota harley davidson, sombria e corajosa<\/li>\n\n\n\n<li class=\"\">ilustra\u00e7\u00e3o de novela gr\u00e1fica de cortar a respira\u00e7\u00e3o No meio da vasta extens\u00e3o de uma nebulosa, um astronauta solit\u00e1rio flutua, amarrado a uma nave estelar luminosa. Os gases radiantes da nebulosa dan\u00e7am \u00e0 sua volta, reflectindo cores vibrantes no fato, criando um ballet de luz e movimento.<\/li>\n\n\n\n<li class=\"\">Ilustra\u00e7\u00e3o de uma novela gr\u00e1fica de cortar a respira\u00e7\u00e3o Numa encruzilhada de um deserto p\u00f3s-apocal\u00edtico, um vagabundo com uma guitarra feita de sucata canta contos do velho mundo. Criaturas mutantes re\u00fanem-se \u00e0 volta da fogueira, com os olhos cheios de saudade.<\/li>\n\n\n\n<li class=\"\">Ilustra\u00e7\u00e3o de uma novela gr\u00e1fica de cortar a respira\u00e7\u00e3o de uma crian\u00e7a que persegue borboletas coloridas num prado vibrante.<\/li>\n\n\n\n<li class=\"\">ilustra\u00e7\u00e3o de novela gr\u00e1fica de tirar o f\u00f4lego Numa praia onde as ondas s\u00e3o tecidas com hist\u00f3rias, um contador de hist\u00f3rias com um tear de luar cria contos a partir das mar\u00e9s. As conchas sussurram lendas, e o horizonte \u00e9 uma tape\u00e7aria de aventuras ainda por contar.<\/li>\n\n\n\n<li class=\"\">Ilustra\u00e7\u00e3o de banda desenhada de cortar a respira\u00e7\u00e3o de um falc\u00e3o a voar sobre um deserto, \u00e0 procura de uma presa.<\/li>\n\n\n\n<li class=\"\">ilustra\u00e7\u00e3o de novela gr\u00e1fica de tirar o f\u00f4lego Nas profundezas do c\u00edrculo \u00e1rtico, uma aurora pinta o c\u00e9u com tons vibrantes de verde, rosa e roxo. A neve reflecte esta dan\u00e7a de luzes e o mundo \u00e9 envolvido por uma hipnotizante sinfonia de cores.<\/li>\n\n\n\n<li class=\"\">Ilustra\u00e7\u00e3o de uma novela gr\u00e1fica de cortar a respira\u00e7\u00e3o de um tatuador a fazer um desenho intrincado nas costas de um cliente.<\/li>\n\n\n\n<li class=\"\">Ilustra\u00e7\u00e3o de uma novela gr\u00e1fica de cortar a respira\u00e7\u00e3o de uma mulher, envolta em sedas coloridas, a ler cartas de tarot numa tenda iluminada por velas.<\/li>\n\n\n\n<li class=\"\">Ilustra\u00e7\u00e3o de banda desenhada de cortar a respira\u00e7\u00e3o de dois espele\u00f3logos que mapeiam uma caverna profunda, com tochas a iluminar o caminho.<\/li>\n<\/ol>\n\n\n\n<div style=\"height:100px\" aria-hidden=\"true\" class=\"wp-block-spacer\"><\/div>\n\n\n\n<h2 class=\"wp-block-heading\">O que \u00e9 o AI Art Free Illustrator: O melhor gerador de ilustra\u00e7\u00f5es gratuitas<\/h2>\n\n\n\n<p class=\"\">O AI Art Free Illustrator \u00e9 uma ferramenta de ponta concebida para gerar ilustra\u00e7\u00f5es de alta qualidade sem a necessidade de software dispendioso ou processos complexos. Ao contr\u00e1rio do Adobe Illustrator, que tem um pre\u00e7o elevado e taxas de subscri\u00e7\u00e3o, o AI Art Free Illustrator oferece um servi\u00e7o 100% gratuito e ilimitado para a cria\u00e7\u00e3o de gr\u00e1ficos vectoriais e ilustra\u00e7\u00f5es impressionantes. Este artigo abordar\u00e1 as carater\u00edsticas do AI Art Free Illustrator, as suas vantagens em rela\u00e7\u00e3o ao Adobe Illustrator e como pode tirar o m\u00e1ximo partido desta ferramenta para as suas necessidades criativas.<\/p>\n\n\n\n<p class=\"\"><\/p>\n\n\n\n<h3 class=\"wp-block-heading\">\u00cdndice<\/h3>\n\n\n\n<ol class=\"wp-block-list\">\n<li class=\"\"><a href=\"#what-is-ai-art-free-illustrator\">O que \u00e9 o AI Art Free Illustrator?<\/a><\/li>\n\n\n\n<li class=\"\"><a href=\"#why-choose-ai-art-free-illustrator\">Porqu\u00ea escolher o AI Art Free Illustrator?<\/a><\/li>\n\n\n\n<li class=\"\"><a href=\"#key-features-of-ai-art-free-illustrator\">Principais carater\u00edsticas do AI Art Free Illustrator<\/a><\/li>\n\n\n\n<li class=\"\"><a href=\"#who-should-use-ai-art-free-illustrator\">Quem deve utilizar o AI Art Free Illustrator?<\/a><\/li>\n\n\n\n<li class=\"\"><a href=\"#industries-and-use-cases\">Sectores e casos de utiliza\u00e7\u00e3o<\/a><\/li>\n\n\n\n<li class=\"\"><a href=\"#how-to-use-ai-art-free-illustrator-step-by-step\">Como utilizar o AI Art Free Illustrator: Passo a passo<\/a><\/li>\n\n\n\n<li class=\"\"><a href=\"#comparison-with-adobe-illustrator\">Compara\u00e7\u00e3o com o Adobe Illustrator<\/a><\/li>\n\n\n\n<li class=\"\"><a href=\"#industry-pros-cons-and-recommendations\">Pr\u00f3s, contras e recomenda\u00e7\u00f5es do sector<\/a><\/li>\n\n\n\n<li class=\"\"><a href=\"#faq\">FAQ<\/a><\/li>\n\n\n\n<li class=\"\"><a href=\"#summary-and-call-to-action\">Resumo e apelo \u00e0 a\u00e7\u00e3o<\/a><\/li>\n<\/ol>\n\n\n\n<h3 class=\"wp-block-heading\">O que \u00e9 o AI Art Free Illustrator?<\/h3>\n\n\n\n<p class=\"\">O AI Art Free Illustrator \u00e9 um gerador de ilustra\u00e7\u00e3o avan\u00e7ado que fornece aos utilizadores as ferramentas para criar gr\u00e1ficos vectoriais e ilustra\u00e7\u00f5es de alta qualidade sem qualquer custo. Ao contr\u00e1rio do Adobe Illustrator, que \u00e9 um software pago com funcionalidades complexas e uma curva de aprendizagem acentuada, o AI Art Free Illustrator simplifica o processo, tornando-o acess\u00edvel a todos.<\/p>\n\n\n\n<h3 class=\"wp-block-heading\">Porqu\u00ea escolher o AI Art Free Illustrator?<\/h3>\n\n\n\n<p class=\"\">O AI Art Free Illustrator oferece v\u00e1rias vantagens em rela\u00e7\u00e3o ao software de ilustra\u00e7\u00e3o tradicional, como o Adobe Illustrator:<\/p>\n\n\n\n<ul class=\"wp-block-list\">\n<li class=\"\"><strong>100% Gratuito:<\/strong> N\u00e3o s\u00e3o necess\u00e1rias taxas de subscri\u00e7\u00e3o ou pagamentos \u00fanicos.<\/li>\n\n\n\n<li class=\"\"><strong>Acesso ilimitado:<\/strong> Crie o n\u00famero de ilustra\u00e7\u00f5es que necessitar sem quaisquer limita\u00e7\u00f5es.<\/li>\n\n\n\n<li class=\"\"><strong>N\u00e3o \u00e9 necess\u00e1rio registar-se:<\/strong> Comece a gerar ilustra\u00e7\u00f5es instantaneamente sem necessidade de criar uma conta.<\/li>\n\n\n\n<li class=\"\"><strong>Interface de f\u00e1cil utiliza\u00e7\u00e3o:<\/strong> F\u00e1cil de navegar, o que o torna adequado tanto para principiantes como para profissionais.<\/li>\n<\/ul>\n\n\n\n<h3 class=\"wp-block-heading\">Principais carater\u00edsticas do AI Art Free Illustrator<\/h3>\n\n\n\n<h4 class=\"wp-block-heading\">Software de gr\u00e1ficos vectoriais<\/h4>\n\n\n\n<p class=\"\">O AI Art Free Illustrator foi concebido para produzir gr\u00e1ficos vectoriais de alta qualidade, que s\u00e3o essenciais para ilustra\u00e7\u00f5es escal\u00e1veis e profissionais.<\/p>\n\n\n\n<h4 class=\"wp-block-heading\">Ferramentas de caneta e interface do utilizador<\/h4>\n\n\n\n<p class=\"\">A ferramenta inclui ferramentas de caneta intuitivas que permitem desenhar e editar com precis\u00e3o formas e caminhos, semelhantes aos encontrados no Adobe Illustrator, mas com uma interface simplificada.<\/p>\n\n\n\n<h4 class=\"wp-block-heading\">Formatos de ficheiros<\/h4>\n\n\n\n<p class=\"\">Exporte as suas cria\u00e7\u00f5es em v\u00e1rios formatos de ficheiro compat\u00edveis com a maioria das plataformas de design gr\u00e1fico e redes sociais.<\/p>\n\n\n\n<h3 class=\"wp-block-heading\">Quem deve utilizar o AI Art Free Illustrator?<\/h3>\n\n\n\n<p class=\"\">AI Art Free Illustrator \u00e9 ideal para:<\/p>\n\n\n\n<ul class=\"wp-block-list\">\n<li class=\"\"><strong>Designers gr\u00e1ficos:<\/strong> Profissionais que procuram uma solu\u00e7\u00e3o econ\u00f3mica para a cria\u00e7\u00e3o de gr\u00e1ficos vectoriais.<\/li>\n\n\n\n<li class=\"\"><strong>Ilustradores:<\/strong> Artistas que necessitam de uma ferramenta fi\u00e1vel para ilustra\u00e7\u00f5es de alta qualidade sem custos elevados.<\/li>\n\n\n\n<li class=\"\"><strong>Iniciantes:<\/strong> Indiv\u00edduos iniciantes na ilustra\u00e7\u00e3o que pretendem uma ferramenta f\u00e1cil de utilizar para aprender e criar.<\/li>\n<\/ul>\n\n\n\n<h3 class=\"wp-block-heading\">Sectores e casos de utiliza\u00e7\u00e3o<\/h3>\n\n\n\n<p class=\"\">O AI Art Free Illustrator \u00e9 aplic\u00e1vel em v\u00e1rios sectores:<\/p>\n\n\n\n<ul class=\"wp-block-list\">\n<li class=\"\"><strong>Marketing:<\/strong> Criar gr\u00e1ficos apelativos para as redes sociais e campanhas de marketing.<\/li>\n\n\n\n<li class=\"\"><strong>Forma\u00e7\u00e3o acad\u00e9mica:<\/strong> \u00datil para criar materiais did\u00e1cticos e ilustra\u00e7\u00f5es.<\/li>\n\n\n\n<li class=\"\"><strong>Entretenimento:<\/strong> Conceber gr\u00e1ficos para jogos, banda desenhada e outros meios de entretenimento.<\/li>\n<\/ul>\n\n\n\n<h3 class=\"wp-block-heading\">Como utilizar o AI Art Free Illustrator: Passo a passo<\/h3>\n\n\n\n<ol class=\"wp-block-list\">\n<li class=\"\"><strong>Aceder \u00e0 ferramenta:<\/strong> Visitar <a href=\"https:\/\/aiartfree.online\/pt\/ilustrador\/\">AI Art Ilustrador gratuito<\/a> para come\u00e7ar a criar.<\/li>\n\n\n\n<li class=\"\"><strong>Selecionar um modelo ou Come\u00e7ar do zero:<\/strong> Escolha entre modelos pr\u00e9-fabricados ou inicie um novo projeto.<\/li>\n\n\n\n<li class=\"\"><strong>Utilizar ferramentas de caneta:<\/strong> Desenhe e edite formas com precis\u00e3o utilizando as ferramentas intuitivas da caneta.<\/li>\n\n\n\n<li class=\"\"><strong>Personalize a sua ilustra\u00e7\u00e3o:<\/strong> Ajuste as cores, formas e tamanhos de acordo com as suas necessidades.<\/li>\n\n\n\n<li class=\"\"><strong>Exportar o ficheiro:<\/strong> Guarde o seu trabalho no formato de ficheiro pretendido para utiliza\u00e7\u00e3o em v\u00e1rias aplica\u00e7\u00f5es.<\/li>\n<\/ol>\n\n\n\n<h3 class=\"wp-block-heading\">Compara\u00e7\u00e3o com o Adobe Illustrator<\/h3>\n\n\n\n<figure class=\"wp-block-table\"><table class=\"has-fixed-layout\"><thead><tr><th>Carater\u00edstica<\/th><th>AI Art Ilustrador gratuito<\/th><th>Adobe Illustrator<\/th><\/tr><\/thead><tbody><tr><td>Custo<\/td><td>100% Livre<\/td><td>Pago (requer assinatura)<\/td><\/tr><tr><td>Acesso<\/td><td>Ilimitado<\/td><td>Limitado por subscri\u00e7\u00e3o<\/td><\/tr><tr><td>Inscrever-se<\/td><td>Sem inscri\u00e7\u00e3o<\/td><td>Necess\u00e1rio<\/td><\/tr><tr><td>Facilidade de utiliza\u00e7\u00e3o<\/td><td>F\u00e1cil de utilizar<\/td><td>Complexo para principiantes<\/td><\/tr><tr><td>Formatos de ficheiros<\/td><td>V\u00e1rios formatos<\/td><td>V\u00e1rios formatos<\/td><\/tr><\/tbody><\/table><\/figure>\n\n\n\n<h3 class=\"wp-block-heading\">Pr\u00f3s, contras e recomenda\u00e7\u00f5es do sector<\/h3>\n\n\n\n<p class=\"\"><strong>Pr\u00f3s:<\/strong><\/p>\n\n\n\n<ul class=\"wp-block-list\">\n<li class=\"\">Sem custos e sem necessidade de inscri\u00e7\u00e3o.<\/li>\n\n\n\n<li class=\"\">Interface simples e f\u00e1cil de utilizar.<\/li>\n<\/ul>\n\n\n\n<p class=\"\"><strong>Contras:<\/strong><\/p>\n\n\n\n<ul class=\"wp-block-list\">\n<li class=\"\">Funcionalidades avan\u00e7adas limitadas em compara\u00e7\u00e3o com o Adobe Illustrator.<\/li>\n<\/ul>\n\n\n\n<p class=\"\"><strong>Recomenda\u00e7\u00f5es:<\/strong><\/p>\n\n\n\n<ul class=\"wp-block-list\">\n<li class=\"\">Ideal para utilizadores que procuram uma ferramenta de ilustra\u00e7\u00e3o econ\u00f3mica e f\u00e1cil de utilizar.<\/li>\n<\/ul>\n\n\n\n<h3 class=\"wp-block-heading\">FAQ<\/h3>\n\n\n\n<ol class=\"wp-block-list\">\n<li class=\"\"><strong>O que \u00e9 o AI Art Free Illustrator?<\/strong>\n<ul class=\"wp-block-list\">\n<li class=\"\">\u00c9 uma ferramenta gratuita para gerar gr\u00e1ficos vectoriais e ilustra\u00e7\u00f5es.<\/li>\n<\/ul>\n<\/li>\n\n\n\n<li class=\"\"><strong>Como \u00e9 que o AI Art Free Illustrator se compara ao Adobe Illustrator?<\/strong>\n<ul class=\"wp-block-list\">\n<li class=\"\">Oferece uma funcionalidade semelhante, mas sem custos e com uma interface mais f\u00e1cil de utilizar.<\/li>\n<\/ul>\n<\/li>\n\n\n\n<li class=\"\"><strong>Posso utilizar o AI Art Free Illustrator para projectos comerciais?<\/strong>\n<ul class=\"wp-block-list\">\n<li class=\"\">Sim, a ferramenta \u00e9 adequada tanto para uso pessoal como comercial.<\/li>\n<\/ul>\n<\/li>\n\n\n\n<li class=\"\"><strong>Preciso de descarregar algum software para utilizar o AI Art Free Illustrator?<\/strong>\n<ul class=\"wp-block-list\">\n<li class=\"\">N\u00e3o, \u00e9 uma ferramenta baseada na Web que funciona diretamente a partir do seu browser.<\/li>\n<\/ul>\n<\/li>\n\n\n\n<li class=\"\"><strong>Como posso exportar as minhas ilustra\u00e7\u00f5es do AI Art Free Illustrator?<\/strong>\n<ul class=\"wp-block-list\">\n<li class=\"\">Pode exportar as suas ilustra\u00e7\u00f5es em v\u00e1rios formatos de ficheiro adequados a diferentes aplica\u00e7\u00f5es.<\/li>\n<\/ul>\n<\/li>\n\n\n\n<li class=\"\"><strong>O AI Art Free Illustrator \u00e9 adequado para principiantes?<\/strong>\n<ul class=\"wp-block-list\">\n<li class=\"\">Sim, foi concebido para ser f\u00e1cil de utilizar tanto por principiantes como por profissionais.<\/li>\n<\/ul>\n<\/li>\n\n\n\n<li class=\"\"><strong>Posso aceder ao AI Art Free Illustrator em diferentes sistemas operativos?<\/strong>\n<ul class=\"wp-block-list\">\n<li class=\"\">Sim, funciona em v\u00e1rios sistemas operativos, desde que tenha um navegador Web moderno.<\/li>\n<\/ul>\n<\/li>\n\n\n\n<li class=\"\"><strong>Que formatos de ficheiro posso utilizar com o AI Art Free Illustrator?<\/strong>\n<ul class=\"wp-block-list\">\n<li class=\"\">A ferramenta suporta v\u00e1rios formatos de ficheiro para exporta\u00e7\u00e3o.<\/li>\n<\/ul>\n<\/li>\n\n\n\n<li class=\"\"><strong>Existem limita\u00e7\u00f5es \u00e0 utiliza\u00e7\u00e3o do AI Art Free Illustrator?<\/strong>\n<ul class=\"wp-block-list\">\n<li class=\"\">A ferramenta \u00e9 limitada em compara\u00e7\u00e3o com o Adobe Illustrator, mas oferece os elementos b\u00e1sicos necess\u00e1rios para a maioria das tarefas de ilustra\u00e7\u00e3o.<\/li>\n<\/ul>\n<\/li>\n\n\n\n<li class=\"\"><strong>Como posso come\u00e7ar a utilizar o AI Art Free Illustrator?<\/strong>\n<ul class=\"wp-block-list\">\n<li class=\"\">Visitar <a href=\"https:\/\/aiartfree.online\/pt\/ilustrador\/\">AI Art Ilustrador gratuito<\/a> e come\u00e7ar a criar imediatamente.<\/li>\n<\/ul>\n<\/li>\n<\/ol>\n\n\n\n<h3 class=\"wp-block-heading\">Resumo<\/h3>\n\n\n\n<p class=\"\">O AI Art Free Illustrator oferece uma alternativa poderosa e econ\u00f3mica ao Adobe Illustrator, tornando-o acess\u00edvel a todos. Com a sua interface de f\u00e1cil utiliza\u00e7\u00e3o e acesso ilimitado, \u00e9 uma excelente escolha para quem procura criar ilustra\u00e7\u00f5es de alta qualidade sem os encargos financeiros. Visite <a href=\"https:\/\/aiartfree.online\/pt\/ilustrador\/\">AI Art Ilustrador gratuito<\/a> hoje para come\u00e7ar a criar gr\u00e1ficos fant\u00e1sticos gratuitamente!<\/p>\n\n\n\n<p class=\"\">Se tiveres mais perguntas, podes fazer o seguinte <a href=\"https:\/\/chatgpt4o.space\/\" target=\"_blank\" rel=\"noreferrer noopener\">Chat online gratuito GPT 4o<\/a>.<\/p>","protected":false},"excerpt":{"rendered":"<p>What our users made with Illustrator How to use the Illustrator * Feel free to try our examples below if you don&#8217;t have any thoughts in your mind *&nbsp;Depending on your internet speed, loading the model may take up to 10 seconds \u2193 Illustration Prompt Examples What is AI Art Free Illustrator: The Ultimate Free &#8230; <a title=\"Ilustrador\" class=\"read-more\" href=\"https:\/\/aiartfree.online\/pt\/ilustrador\/\" aria-label=\"Leia mais sobre Illustrator\">Ler mais<\/a><\/p>","protected":false},"author":1,"featured_media":3362,"parent":0,"menu_order":0,"comment_status":"closed","ping_status":"closed","template":"","meta":{"nf_dc_page":"","footnotes":""},"class_list":["post-3360","page","type-page","status-publish","has-post-thumbnail"],"jetpack_sharing_enabled":true,"_links":{"self":[{"href":"https:\/\/aiartfree.online\/pt\/wp-json\/wp\/v2\/pages\/3360","targetHints":{"allow":["GET"]}}],"collection":[{"href":"https:\/\/aiartfree.online\/pt\/wp-json\/wp\/v2\/pages"}],"about":[{"href":"https:\/\/aiartfree.online\/pt\/wp-json\/wp\/v2\/types\/page"}],"author":[{"embeddable":true,"href":"https:\/\/aiartfree.online\/pt\/wp-json\/wp\/v2\/users\/1"}],"replies":[{"embeddable":true,"href":"https:\/\/aiartfree.online\/pt\/wp-json\/wp\/v2\/comments?post=3360"}],"version-history":[{"count":0,"href":"https:\/\/aiartfree.online\/pt\/wp-json\/wp\/v2\/pages\/3360\/revisions"}],"wp:featuredmedia":[{"embeddable":true,"href":"https:\/\/aiartfree.online\/pt\/wp-json\/wp\/v2\/media\/3362"}],"wp:attachment":[{"href":"https:\/\/aiartfree.online\/pt\/wp-json\/wp\/v2\/media?parent=3360"}],"curies":[{"name":"wp","href":"https:\/\/api.w.org\/{rel}","templated":true}]}}