{"id":3351,"date":"2024-07-30T17:07:44","date_gmt":"2024-07-30T17:07:44","guid":{"rendered":"https:\/\/aiartfree.online\/?page_id=3351"},"modified":"2024-08-16T10:09:07","modified_gmt":"2024-08-16T10:09:07","slug":"ai-voice-generator","status":"publish","type":"page","link":"https:\/\/aiartfree.online\/pt\/gerador-de-voz-ai\/","title":{"rendered":"Gerador de voz AI"},"content":{"rendered":"<h2 class=\"wp-block-heading\" id=\"how-to-use-the-ai-voice-generator\">Como utilizar o gerador de voz AI<\/h2>\n\n\n\n<ol class=\"wp-block-list\">\n<li class=\"\">Introduza o seu texto<\/li>\n\n\n\n<li class=\"\">Selecionar uma voz<\/li>\n\n\n\n<li class=\"\">Clique em \"Submeter\"<\/li>\n\n\n\n<li class=\"\">Espera, \u00e9 isso mesmo!<\/li>\n<\/ol>\n\n\n\n<p class=\"\">* Se n\u00e3o tiver nenhuma ideia, n\u00e3o hesite em experimentar os nossos exemplos abaixo<\/p>\n\n\n\n<p class=\"\"><em>* Dependendo da velocidade da sua Internet, o carregamento do modelo pode demorar <\/em>at\u00e9 10 segundos \u2193<\/p>\n\n\n\n<div class=\"iframe-wrapper\" style=\"position: relative; width: 100%; height: 1000px;\">\n  <div class=\"loading\" style=\"position: absolute; top: 50px; left: 50%; transform: translate(-50%, -50%); width: 40px; height: 40px; border: 3px solid #f0f0f0; border-top: 3px solid #db7093; border-radius: 50%; animation: spin 1s linear infinite;\"><\/div>\n  <iframe loading=\"lazy\" src=\"https:\/\/innoai-edge-tts-text-to-speech.hf.space\" frameborder=\"0\" width=\"100%\" height=\"100%\" style=\"position: absolute; top: 0; left: 0; opacity: 0; transition: opacity 0.3s;\" onload=\"this.style.opacity=1;this.previousElementSibling.style.display='none';\"><\/iframe>\n<\/div>\n\n<style>\n@keyframes spin {\n  0% { transform: translate(-50%, -50%) rotate(0deg); }\n  100% { transform: translate(-50%, -50%) rotate(360deg); }\n}\n<\/style>\n\n\n\n<div style=\"height:80px\" aria-hidden=\"true\" class=\"wp-block-spacer\"><\/div>\n\n\n\n<h2 class=\"wp-block-heading\" id=\"the-ultimate-guide-to-ai-voice-generators\">O melhor guia para geradores de voz com IA<\/h2>\n\n\n\n<h3 class=\"wp-block-heading\" id=\"outline\">Esbo\u00e7o<\/h3>\n\n\n\n<p class=\"\">Os geradores de voz de IA revolucionaram a forma como criamos conte\u00fado de \u00e1udio, oferecendo vozes de alta qualidade e ultra-realistas que soam como discurso humano. Este guia explora a defini\u00e7\u00e3o, as vantagens, as fun\u00e7\u00f5es, o p\u00fablico-alvo, as utiliza\u00e7\u00f5es na ind\u00fastria, as instru\u00e7\u00f5es passo-a-passo, os casos de utiliza\u00e7\u00e3o, as ferramentas, os pr\u00f3s e os contras da ind\u00fastria e as perguntas frequentes sobre os geradores de voz com IA.<\/p>\n\n\n\n<figure class=\"wp-block-image size-large is-resized\"><img data-recalc-dims=\"1\" data-dominant-color=\"52455b\" data-has-transparency=\"false\" decoding=\"async\" width=\"1024\" height=\"585\"   loading=\"lazy\" src=\"https:\/\/i0.wp.com\/aiartfree.online\/wp-content\/uploads\/2024\/08\/out-0-1.webp?resize=1024%2C585&#038;ssl=1\" alt=\"Descubra o melhor gerador de voz AI no AIArtFree. Gere vozes de alta qualidade e ultra-realistas sem esfor\u00e7o para cria\u00e7\u00e3o de conte\u00fado e locu\u00e7\u00f5es. Sem limites. Melhor Gerador de Voz AI - 100% Gr\u00e1tis, Ilimitado, Sem Registo\" class=\"wp-image-3458 not-transparent\" style=\"--dominant-color: #52455b; width:598px;height:auto\" srcset=\"https:\/\/i0.wp.com\/aiartfree.online\/wp-content\/uploads\/2024\/08\/out-0-1.webp?resize=1024%2C585&amp;ssl=1 1024w, https:\/\/i0.wp.com\/aiartfree.online\/wp-content\/uploads\/2024\/08\/out-0-1.webp?resize=300%2C171&amp;ssl=1 300w, https:\/\/i0.wp.com\/aiartfree.online\/wp-content\/uploads\/2024\/08\/out-0-1.webp?resize=768%2C439&amp;ssl=1 768w, https:\/\/i0.wp.com\/aiartfree.online\/wp-content\/uploads\/2024\/08\/out-0-1.webp?resize=18%2C10&amp;ssl=1 18w, https:\/\/i0.wp.com\/aiartfree.online\/wp-content\/uploads\/2024\/08\/out-0-1.webp?resize=600%2C343&amp;ssl=1 600w, https:\/\/i0.wp.com\/aiartfree.online\/wp-content\/uploads\/2024\/08\/out-0-1.webp?w=1344&amp;ssl=1 1344w\" sizes=\"auto, (max-width: 1024px) 100vw, 1024px\" \/><\/figure>\n\n\n\n<div class=\"wp-block-rank-math-toc-block\" id=\"rank-math-toc\"><h3>\u00cdndice<\/h3><nav><ul><li><a href=\"#outline\">Esbo\u00e7o<\/a><\/li><li><a href=\"#what-is-an-ai-voice-generator\">O que \u00e9 um gerador de voz de IA<\/a><\/li><li><a href=\"#why-use-an-ai-voice-generator\">Porqu\u00ea utilizar um gerador de voz com IA?<\/a><\/li><li><a href=\"#main-features-of-ai-voice-generators\">Principais carater\u00edsticas dos geradores de voz AI<\/a><ul><li><a href=\"#text-to-speech-ai\">IA de texto para fala<\/a><\/li><li><a href=\"#ultra-realistic-voices\">Vozes ultra-realistas<\/a><\/li><li><a href=\"#generative-ai\">IA generativa<\/a><\/li><li><a href=\"#multiple-languages-and-accents\">V\u00e1rios idiomas e sotaques<\/a><\/li><li><a href=\"#high-quality-voiceovers\">Locu\u00e7\u00f5es de alta qualidade<\/a><\/li><\/ul><\/li><li><a href=\"#who-should-use-ai-voice-generators\">Quem deve utilizar geradores de voz com IA<\/a><\/li><li><a href=\"#industry-uses-of-ai-voice-generators\">Utiliza\u00e7\u00f5es industriais dos geradores de voz com IA<\/a><ul><li><a href=\"#media-and-entertainment\">Media e entretenimento<\/a><\/li><li><a href=\"#education\">Educa\u00e7\u00e3o<\/a><\/li><li><a href=\"#customer-service\">Servi\u00e7o ao cliente<\/a><\/li><li><a href=\"#marketing\">Marketing<\/a><\/li><\/ul><\/li><li><a href=\"#how-to-use-an-ai-voice-generator\">Como utilizar um gerador de voz de IA<\/a><\/li><li><a href=\"#ai-voice-generator-usage-cases\">Casos de utiliza\u00e7\u00e3o do gerador de voz AI<\/a><ul><li><a href=\"#content-creation\">Cria\u00e7\u00e3o de conte\u00fados<\/a><\/li><li><a href=\"#education-1\">Educa\u00e7\u00e3o<\/a><\/li><li><a href=\"#business-communication\">Comunica\u00e7\u00e3o empresarial<\/a><\/li><li><a href=\"#marketing-2\">Marketing<\/a><\/li><\/ul><\/li><li><a href=\"#top-10-ai-voice-generator-tools\">As 10 principais ferramentas de gera\u00e7\u00e3o de voz de IA<\/a><\/li><li><a href=\"#industry-pros-and-cons\">Pr\u00f3s e contras do sector<\/a><ul><li><a href=\"#pros\">Pr\u00f3s<\/a><\/li><li><a href=\"#cons\">Contras<\/a><\/li><li><a href=\"#advantages\">Vantagens<\/a><\/li><li><a href=\"#challenges\">Desafios<\/a><\/li><li><a href=\"#suggestions\">Sugest\u00f5es<\/a><\/li><\/ul><\/li><li><a href=\"#frequently-asked-questions\">Perguntas frequentes<\/a><\/li><\/ul><\/nav><\/div>\n\n\n\n<h3 class=\"wp-block-heading\" id=\"what-is-an-ai-voice-generator\">O que \u00e9 um gerador de voz de IA<\/h3>\n\n\n\n<p class=\"\">Um gerador de voz com IA \u00e9 uma aplica\u00e7\u00e3o de software que utiliza intelig\u00eancia artificial para converter texto em discurso realista semelhante ao humano. Utiliza redes neurais avan\u00e7adas e IA generativa para criar \u00e1udio de alta qualidade que pode ser utilizado em v\u00e1rias aplica\u00e7\u00f5es, desde a cria\u00e7\u00e3o de conte\u00fados a locu\u00e7\u00f5es e muito mais.<\/p>\n\n\n\n<h3 class=\"wp-block-heading\" id=\"why-use-an-ai-voice-generator\">Porqu\u00ea utilizar um gerador de voz com IA?<\/h3>\n\n\n\n<p class=\"\">A utiliza\u00e7\u00e3o de um gerador de voz com IA oferece in\u00fameras vantagens:<\/p>\n\n\n\n<ul class=\"wp-block-list\">\n<li class=\"\"><strong>100% Livre<\/strong>: Muitas plataformas oferecem vers\u00f5es gratuitas aos utilizadores.<\/li>\n\n\n\n<li class=\"\"><strong>Utiliza\u00e7\u00e3o ilimitada<\/strong>: Crie tantas locu\u00e7\u00f5es quantas as necess\u00e1rias sem restri\u00e7\u00f5es.<\/li>\n\n\n\n<li class=\"\"><strong>N\u00e3o \u00e9 necess\u00e1rio inscrever-se<\/strong>: Facilmente acess\u00edvel sem necessidade de uma conta.<\/li>\n\n\n\n<li class=\"\"><strong>Sa\u00edda de alta qualidade<\/strong>: Produz vozes que soam quase id\u00eanticas \u00e0 fala humana.<\/li>\n\n\n\n<li class=\"\"><strong>Amplo suporte de idioma e sotaque<\/strong>: Capacidade de gerar vozes em v\u00e1rias l\u00ednguas e sotaques.<\/li>\n\n\n\n<li class=\"\"><strong>Efici\u00eancia e rapidez<\/strong>: Gera rapidamente \u00e1udio a partir de texto, poupando tempo e esfor\u00e7o.<\/li>\n\n\n\n<li class=\"\"><strong>Alcance global da audi\u00eancia<\/strong>: Torna os conte\u00fados acess\u00edveis a um p\u00fablico mais vasto atrav\u00e9s do suporte de v\u00e1rias l\u00ednguas.<\/li>\n<\/ul>\n\n\n\n<h3 class=\"wp-block-heading\" id=\"main-features-of-ai-voice-generators\">Principais carater\u00edsticas dos geradores de voz AI<\/h3>\n\n\n\n<h4 class=\"wp-block-heading\" id=\"text-to-speech-ai\">IA de texto para fala<\/h4>\n\n\n\n<p class=\"\">Converte texto escrito em palavras faladas com vozes de som natural.<\/p>\n\n\n\n<h4 class=\"wp-block-heading\" id=\"ultra-realistic-voices\">Vozes ultra-realistas<\/h4>\n\n\n\n<p class=\"\">Gera vozes que n\u00e3o se distinguem das vozes humanas reais, melhorando a experi\u00eancia do ouvinte.<\/p>\n\n\n\n<h4 class=\"wp-block-heading\" id=\"generative-ai\">IA generativa<\/h4>\n\n\n\n<p class=\"\">Utiliza modelos avan\u00e7ados de IA para produzir sa\u00eddas de \u00e1udio diversificadas e de alta qualidade.<\/p>\n\n\n\n<h4 class=\"wp-block-heading\" id=\"multiple-languages-and-accents\">V\u00e1rios idiomas e sotaques<\/h4>\n\n\n\n<p class=\"\">Suporta uma grande variedade de l\u00ednguas e sotaques, atendendo a um p\u00fablico global.<\/p>\n\n\n\n<h4 class=\"wp-block-heading\" id=\"high-quality-voiceovers\">Locu\u00e7\u00f5es de alta qualidade<\/h4>\n\n\n\n<p class=\"\">Cria locu\u00e7\u00f5es de n\u00edvel profissional adequadas para v\u00e1rias aplica\u00e7\u00f5es, incluindo v\u00eddeos e apresenta\u00e7\u00f5es.<\/p>\n\n\n\n<h3 class=\"wp-block-heading\" id=\"who-should-use-ai-voice-generators\">Quem deve utilizar geradores de voz com IA<\/h3>\n\n\n\n<ul class=\"wp-block-list\">\n<li class=\"\"><strong>Criadores de conte\u00fados<\/strong>: Melhora o v\u00eddeo, o podcast e outros conte\u00fados multim\u00e9dia com locu\u00e7\u00f5es realistas.<\/li>\n\n\n\n<li class=\"\"><strong>Educadores<\/strong>: Converte materiais educativos em formato \u00e1udio, tornando a aprendizagem mais acess\u00edvel.<\/li>\n\n\n\n<li class=\"\"><strong>Empresas<\/strong>: Melhora o servi\u00e7o ao cliente com respostas automatizadas, mas semelhantes \u00e0s humanas.<\/li>\n\n\n\n<li class=\"\"><strong>Profissionais de marketing<\/strong>: Cria conte\u00fados \u00e1udio cativantes para an\u00fancios e redes sociais.<\/li>\n<\/ul>\n\n\n\n<h3 class=\"wp-block-heading\" id=\"industry-uses-of-ai-voice-generators\">Utiliza\u00e7\u00f5es industriais dos geradores de voz com IA<\/h3>\n\n\n\n<h4 class=\"wp-block-heading\" id=\"media-and-entertainment\">Media e entretenimento<\/h4>\n\n\n\n<p class=\"\">Utilizado para locu\u00e7\u00f5es em v\u00eddeos, filmes e anima\u00e7\u00f5es.<\/p>\n\n\n\n<h4 class=\"wp-block-heading\" id=\"education\">Educa\u00e7\u00e3o<\/h4>\n\n\n\n<p class=\"\">Ajuda a criar audiolivros e conte\u00fados de e-learning.<\/p>\n\n\n\n<h4 class=\"wp-block-heading\" id=\"customer-service\">Servi\u00e7o ao cliente<\/h4>\n\n\n\n<p class=\"\">Potencia os assistentes de voz e os sistemas automatizados de apoio ao cliente.<\/p>\n\n\n\n<h4 class=\"wp-block-heading\" id=\"marketing\">Marketing<\/h4>\n\n\n\n<p class=\"\">Gera an\u00fancios \u00e1udio e conte\u00fados promocionais.<\/p>\n\n\n\n<h3 class=\"wp-block-heading\" id=\"how-to-use-an-ai-voice-generator\">Como utilizar um gerador de voz de IA<\/h3>\n\n\n\n<ol class=\"wp-block-list\">\n<li class=\"\"><strong>Selecionar uma ferramenta<\/strong>: Selecionar uma ferramenta como&nbsp;<a href=\"https:\/\/aiartfree.online\/pt\/gerador-de-voz-ai\/\">Gerador de voz AI<\/a>.<\/li>\n\n\n\n<li class=\"\"><strong>Texto de entrada<\/strong>: Introduzir o texto que pretende converter em voz.<\/li>\n\n\n\n<li class=\"\"><strong>Selecionar voz e idioma<\/strong>: Selecionar as defini\u00e7\u00f5es de voz e de idioma pretendidas.<\/li>\n\n\n\n<li class=\"\"><strong>Gerar \u00e1udio<\/strong>: Clique no bot\u00e3o gerar para criar a locu\u00e7\u00e3o.<\/li>\n\n\n\n<li class=\"\"><strong>Descarregar e utilizar<\/strong>: Descarregue o ficheiro \u00e1udio gerado para o seu projeto.<\/li>\n<\/ol>\n\n\n\n<h3 class=\"wp-block-heading\" id=\"ai-voice-generator-usage-cases\">Casos de utiliza\u00e7\u00e3o do gerador de voz AI<\/h3>\n\n\n\n<h4 class=\"wp-block-heading\" id=\"content-creation\">Cria\u00e7\u00e3o de conte\u00fados<\/h4>\n\n\n\n<p class=\"\">Cria\u00e7\u00e3o de locu\u00e7\u00f5es para v\u00eddeos do YouTube, podcasts e outros conte\u00fados multim\u00e9dia.<\/p>\n\n\n\n<h4 class=\"wp-block-heading\" id=\"education-1\">Educa\u00e7\u00e3o<\/h4>\n\n\n\n<p class=\"\">Gera\u00e7\u00e3o de vers\u00f5es \u00e1udio de manuais escolares e materiais did\u00e1cticos.<\/p>\n\n\n\n<h4 class=\"wp-block-heading\" id=\"business-communication\">Comunica\u00e7\u00e3o empresarial<\/h4>\n\n\n\n<p class=\"\">Melhoria dos sistemas interactivos de resposta vocal (IVR) com vozes realistas.<\/p>\n\n\n\n<h4 class=\"wp-block-heading\" id=\"marketing-2\">Marketing<\/h4>\n\n\n\n<p class=\"\">Produ\u00e7\u00e3o de an\u00fancios \u00e1udio para v\u00e1rias plataformas.<\/p>\n\n\n\n<h3 class=\"wp-block-heading\" id=\"top-10-ai-voice-generator-tools\">As 10 principais ferramentas de gera\u00e7\u00e3o de voz de IA<\/h3>\n\n\n\n<figure class=\"wp-block-table\"><table class=\"has-fixed-layout\"><thead><tr><th>Ferramenta<\/th><th>Caracter\u00edsticas<\/th><th>Vantagens<\/th><th>Desafios<\/th><th>URL<\/th><\/tr><\/thead><tbody><tr><td><strong>Gerador de voz AI<\/strong><\/td><td>100% Gratuito, sem registo, vozes de alta qualidade<\/td><td>Utiliza\u00e7\u00e3o ilimitada, f\u00e1cil de utilizar<\/td><td>Caracter\u00edsticas avan\u00e7adas limitadas<\/td><td><a href=\"https:\/\/aiartfree.online\/pt\/gerador-de-voz-ai\/\">aiartfree.online\/ai-voice-generator<\/a><\/td><\/tr><tr><td><strong>Google Text-to-Speech<\/strong><\/td><td>Suporta v\u00e1rios idiomas e sotaques<\/td><td>Sa\u00edda de alta qualidade<\/td><td>Necessita de uma conta Google<\/td><td>cloud.google.com\/text-to-speech<\/td><\/tr><tr><td><strong>Amazon Polly<\/strong><\/td><td>Vasta gama de vozes, processamento em tempo real<\/td><td>Escalabilidade<\/td><td>Os custos podem ser elevados<\/td><td>aws.amazon.com\/polly<\/td><\/tr><tr><td><strong>IBM Watson Text to Speech<\/strong><\/td><td>Vozes personaliz\u00e1veis, alta qualidade<\/td><td>Funcionalidades avan\u00e7adas<\/td><td>Estrutura de pre\u00e7os<\/td><td>ibm.com\/cloud\/watson-text-to-speech<\/td><\/tr><tr><td><strong>TTS do Microsoft Azure<\/strong><\/td><td>Vozes neurais, suporte lingu\u00edstico alargado<\/td><td>Integra\u00e7\u00e3o com os servi\u00e7os do Azure<\/td><td>Pre\u00e7os<\/td><td>azure.microsoft.com\/services\/cognitive-services\/text-to-speech<\/td><\/tr><tr><td><strong>iSpeech<\/strong><\/td><td>F\u00e1cil de utilizar, v\u00e1rias l\u00ednguas<\/td><td>Vers\u00e3o gratuita limitada<\/td><td>&#8211;<\/td><td>ispeech.org<\/td><\/tr><tr><td><strong>ResponsiveVoice<\/strong><\/td><td>Baseado na Web, f\u00e1cil integra\u00e7\u00e3o<\/td><td>Vozes b\u00e1sicas<\/td><td>Funcionalidades limitadas na vers\u00e3o gratuita<\/td><td>responsivevoice.org<\/td><\/tr><tr><td><strong>NaturalReader<\/strong><\/td><td>Interface simples, vozes de alta qualidade<\/td><td>Acesso offline<\/td><td>Personaliza\u00e7\u00e3o limitada<\/td><td>naturalreaders.com<\/td><\/tr><tr><td><strong>Balabolka<\/strong><\/td><td>Gratuito, suporta v\u00e1rios formatos<\/td><td>Interface b\u00e1sica<\/td><td>&#8211;<\/td><td>balabolka.site<\/td><\/tr><tr><td><strong>Ler o altifalante<\/strong><\/td><td>Vozes personaliz\u00e1veis e de alta qualidade<\/td><td>Funcionalidades avan\u00e7adas<\/td><td>Custo<\/td><td><a href=\"https:\/\/readspeaker.com\/\" target=\"_blank\" rel=\"noopener\">l\u00ea orador.com<\/a><\/td><\/tr><\/tbody><\/table><\/figure>\n\n\n\n<h3 class=\"wp-block-heading\" id=\"industry-pros-and-cons\">Pr\u00f3s e contras do sector<\/h3>\n\n\n\n<h4 class=\"wp-block-heading\" id=\"pros\">Pr\u00f3s<\/h4>\n\n\n\n<ul class=\"wp-block-list\">\n<li class=\"\"><strong>Acessibilidade<\/strong>: Torna os conte\u00fados acess\u00edveis a utilizadores com defici\u00eancia visual.<\/li>\n\n\n\n<li class=\"\"><strong>Efici\u00eancia<\/strong>: Poupa tempo na cria\u00e7\u00e3o de conte\u00fados.<\/li>\n\n\n\n<li class=\"\"><strong>Rent\u00e1vel<\/strong>: Reduz a necessidade de actores de voz humanos.<\/li>\n\n\n\n<li class=\"\"><strong>Escalabilidade<\/strong>: Facilmente escal\u00e1vel para grandes projectos.<\/li>\n<\/ul>\n\n\n\n<h4 class=\"wp-block-heading\" id=\"cons\">Contras<\/h4>\n\n\n\n<ul class=\"wp-block-list\">\n<li class=\"\"><strong>Varia\u00e7\u00e3o de qualidade<\/strong>: A qualidade pode variar consoante as ferramentas.<\/li>\n\n\n\n<li class=\"\"><strong>Sotaque e limita\u00e7\u00f5es lingu\u00edsticas<\/strong>: Nem todos os sotaques e l\u00ednguas s\u00e3o suportados da mesma forma.<\/li>\n\n\n\n<li class=\"\"><strong>Configura\u00e7\u00e3o inicial<\/strong>: Algumas ferramentas requerem uma curva de aprendizagem.<\/li>\n<\/ul>\n\n\n\n<h4 class=\"wp-block-heading\" id=\"advantages\">Vantagens<\/h4>\n\n\n\n<ul class=\"wp-block-list\">\n<li class=\"\"><strong>Sa\u00edda de alta qualidade<\/strong>: Produz \u00e1udio de n\u00edvel profissional.<\/li>\n\n\n\n<li class=\"\"><strong>Personaliza\u00e7\u00e3o<\/strong>: Permite a personaliza\u00e7\u00e3o da voz e do idioma.<\/li>\n\n\n\n<li class=\"\"><strong>Integra\u00e7\u00e3o<\/strong>: Pode ser integrado em v\u00e1rias aplica\u00e7\u00f5es.<\/li>\n<\/ul>\n\n\n\n<h4 class=\"wp-block-heading\" id=\"challenges\">Desafios<\/h4>\n\n\n\n<ul class=\"wp-block-list\">\n<li class=\"\"><strong>Custo<\/strong>: As funcionalidades avan\u00e7adas podem ter um pre\u00e7o.<\/li>\n\n\n\n<li class=\"\"><strong>Requisitos t\u00e9cnicos<\/strong>: Algumas ferramentas podem exigir conhecimentos t\u00e9cnicos.<\/li>\n\n\n\n<li class=\"\"><strong>Naturalidade da voz<\/strong>: Conseguir uma naturalidade perfeita pode ser um desafio.<\/li>\n<\/ul>\n\n\n\n<h4 class=\"wp-block-heading\" id=\"suggestions\">Sugest\u00f5es<\/h4>\n\n\n\n<ul class=\"wp-block-list\">\n<li class=\"\"><strong>Escolha a ferramenta correta<\/strong>: Selecione uma ferramenta que se adapte \u00e0s suas necessidades e or\u00e7amento.<\/li>\n\n\n\n<li class=\"\"><strong>Experi\u00eancia<\/strong>: Teste diferentes defini\u00e7\u00f5es para obter os melhores resultados.<\/li>\n\n\n\n<li class=\"\"><strong>Manter-se atualizado<\/strong>: Mantenha-se a par dos \u00faltimos avan\u00e7os na tecnologia de voz com IA.<\/li>\n<\/ul>\n\n\n\n<h3 class=\"wp-block-heading\" id=\"frequently-asked-questions\">Perguntas frequentes<\/h3>\n\n\n\n<ol class=\"wp-block-list\">\n<li class=\"\"><strong>Que gerador de voz de IA est\u00e1 toda a gente a utilizar?<\/strong><br>A maioria das pessoas utiliza ferramentas como o Google Text-to-Speech e o Amazon Polly devido \u00e0 sua elevada qualidade e fiabilidade.<\/li>\n\n\n\n<li class=\"\"><strong>Como utilizar um gerador de voz com IA?<\/strong><br>Escolha uma ferramenta, introduza o seu texto, selecione as defini\u00e7\u00f5es de voz e de idioma, gere o \u00e1udio e descarregue-o.<\/li>\n\n\n\n<li class=\"\"><strong>Qual \u00e9 o melhor gerador de voz com IA?<\/strong><br>O melhor gerador de voz de IA depende das suas necessidades, mas as principais op\u00e7\u00f5es incluem o AI Voice Generator, o Google Text-to-Speech e o Amazon Polly.<\/li>\n\n\n\n<li class=\"\"><strong>Como gerar uma voz de IA?<\/strong><br>Utilize uma ferramenta de gera\u00e7\u00e3o de voz de IA, introduza o seu texto, selecione as defini\u00e7\u00f5es e gere a voz.<\/li>\n\n\n\n<li class=\"\"><strong>Como criar um gerador de voz de IA?<\/strong><br>A cria\u00e7\u00e3o de um gerador de voz com IA requer compet\u00eancias de programa\u00e7\u00e3o avan\u00e7adas e conhecimentos de aprendizagem autom\u00e1tica e redes neuronais.<\/li>\n\n\n\n<li class=\"\"><strong>Quais s\u00e3o os melhores geradores de voz de IA gratuitos?<\/strong><br>O AI Voice Generator e o iSpeech s\u00e3o op\u00e7\u00f5es populares e gratuitas.<\/li>\n\n\n\n<li class=\"\"><strong>Os geradores de voz de IA podem ler texto em voz alta?<\/strong><br>Sim, os geradores de voz com IA podem converter texto em voz e l\u00ea-lo em voz alta.<\/li>\n<\/ol>","protected":false},"excerpt":{"rendered":"<p>How to use the AI Voice Generator * Feel free to try our examples below if you don&#8217;t have any thoughts in your mind *&nbsp;Depending on your internet speed, loading the model may take up to 10 seconds \u2193 The Ultimate Guide to AI Voice Generators Outline AI Voice Generators have revolutionized the way we &#8230; <a title=\"Gerador de voz AI\" class=\"read-more\" href=\"https:\/\/aiartfree.online\/pt\/gerador-de-voz-ai\/\" aria-label=\"Leia mais sobre AI Voice Generator\">Ler mais<\/a><\/p>","protected":false},"author":1,"featured_media":3458,"parent":0,"menu_order":0,"comment_status":"open","ping_status":"closed","template":"","meta":{"nf_dc_page":"","footnotes":""},"class_list":["post-3351","page","type-page","status-publish","has-post-thumbnail"],"jetpack_sharing_enabled":true,"_links":{"self":[{"href":"https:\/\/aiartfree.online\/pt\/wp-json\/wp\/v2\/pages\/3351","targetHints":{"allow":["GET"]}}],"collection":[{"href":"https:\/\/aiartfree.online\/pt\/wp-json\/wp\/v2\/pages"}],"about":[{"href":"https:\/\/aiartfree.online\/pt\/wp-json\/wp\/v2\/types\/page"}],"author":[{"embeddable":true,"href":"https:\/\/aiartfree.online\/pt\/wp-json\/wp\/v2\/users\/1"}],"replies":[{"embeddable":true,"href":"https:\/\/aiartfree.online\/pt\/wp-json\/wp\/v2\/comments?post=3351"}],"version-history":[{"count":0,"href":"https:\/\/aiartfree.online\/pt\/wp-json\/wp\/v2\/pages\/3351\/revisions"}],"wp:featuredmedia":[{"embeddable":true,"href":"https:\/\/aiartfree.online\/pt\/wp-json\/wp\/v2\/media\/3458"}],"wp:attachment":[{"href":"https:\/\/aiartfree.online\/pt\/wp-json\/wp\/v2\/media?parent=3351"}],"curies":[{"name":"wp","href":"https:\/\/api.w.org\/{rel}","templated":true}]}}