{"id":3340,"date":"2024-07-30T15:52:48","date_gmt":"2024-07-30T15:52:48","guid":{"rendered":"https:\/\/aiartfree.online\/?page_id=3340"},"modified":"2024-08-02T10:02:12","modified_gmt":"2024-08-02T10:02:12","slug":"transcript","status":"publish","type":"page","link":"https:\/\/aiartfree.online\/pt\/transcricao\/","title":{"rendered":"Transcri\u00e7\u00e3o"},"content":{"rendered":"<h2 class=\"wp-block-heading\" id=\"how-to-use-transcript\" style=\"font-size:23px\">Como utilizar a transcri\u00e7\u00e3o<\/h2>\n\n\n\n<ol class=\"wp-block-list\">\n<li class=\"\">Selecionar <strong>Microfone<\/strong> ou <strong>Ficheiro \u00e1udio<\/strong> ou <strong>YouTube<\/strong> a partir do separador superior<\/li>\n\n\n\n<li class=\"\">Carregue o seu conte\u00fado<\/li>\n\n\n\n<li class=\"\">Selecione \"Devolver carimbos de data\/hora\"<\/li>\n\n\n\n<li class=\"\">Clique em \"Submeter\"<\/li>\n\n\n\n<li class=\"\">Espera, \u00e9 isso mesmo!<\/li>\n<\/ol>\n\n\n\n<p class=\"\">* <em>Dependendo da velocidade da sua Internet, o carregamento do modelo pode demorar alguns segundos.<\/em> \u2193<\/p>\n\n\n\n<div class=\"iframe-wrapper\" style=\"position: relative; width: 100%; height: 1400px;\">\n  <div class=\"loading\" style=\"position: absolute; top: 50px; left: 50%; transform: translate(-50%, -50%); width: 40px; height: 40px; border: 3px solid #f0f0f0; border-top: 3px solid #db7093; border-radius: 50%; animation: spin 1s linear infinite;\"><\/div>\n  <iframe loading=\"lazy\" src=\"https:\/\/sanchit-gandhi-whisper-jax.hf.space\" frameborder=\"0\" width=\"100%\" height=\"100%\" style=\"position: absolute; top: 0; left: 0; opacity: 0; transition: opacity 0.3s;\" onload=\"this.style.opacity=1;this.previousElementSibling.style.display='none';\"><\/iframe>\n<\/div>\n\n<style>\n@keyframes spin {\n  0% { transform: translate(-50%, -50%) rotate(0deg); }\n  100% { transform: translate(-50%, -50%) rotate(360deg); }\n}\n<\/style>\n\n\n\n<div style=\"height:60px\" aria-hidden=\"true\" class=\"wp-block-spacer\"><\/div>\n\n\n\n<h2 class=\"wp-block-heading\" id=\"how-to-use-transcript-services-your-ultimate-guide\">Como utilizar os servi\u00e7os de transcri\u00e7\u00e3o: O seu guia definitivo<\/h2>\n\n\n\n<h3 class=\"wp-block-heading\" id=\"introduction\">Introdu\u00e7\u00e3o<\/h3>\n\n\n\n<p class=\"\">Os servi\u00e7os de transcri\u00e7\u00e3o revolucionaram a forma como lidamos com conte\u00fados de \u00e1udio e v\u00eddeo, convertendo palavras faladas em texto escrito. Quer seja estudante, profissional ou criador de conte\u00fados, compreender os meandros da transcri\u00e7\u00e3o pode aumentar significativamente a sua produtividade e acessibilidade.<\/p>\n\n\n\n<figure class=\"wp-block-image size-large is-resized\"><img data-recalc-dims=\"1\" data-dominant-color=\"b7aaa7\" data-has-transparency=\"false\" decoding=\"async\" width=\"1024\" height=\"640\"   loading=\"lazy\" src=\"https:\/\/i0.wp.com\/aiartfree.online\/wp-content\/uploads\/2024\/07\/WX20240730-200353%402x-1024x640.webp?resize=1024%2C640&#038;ssl=1\" alt=\"Servi\u00e7o de transcri\u00e7\u00e3o gratuito e ilimitado n.\u00ba 1. Sem registo. Converta \u00e1udio para texto, transcri\u00e7\u00e3o de v\u00eddeos do YouTube, obtenha as suas transcri\u00e7\u00f5es do ensino secund\u00e1rio e universit\u00e1rio online\" class=\"wp-image-3345 not-transparent\" style=\"--dominant-color: #b7aaa7; width:578px;height:auto\" srcset=\"https:\/\/i0.wp.com\/aiartfree.online\/wp-content\/uploads\/2024\/07\/WX20240730-200353%402x.jpg?resize=1024%2C640&amp;ssl=1 1024w, https:\/\/i0.wp.com\/aiartfree.online\/wp-content\/uploads\/2024\/07\/WX20240730-200353%402x.jpg?resize=300%2C188&amp;ssl=1 300w, https:\/\/i0.wp.com\/aiartfree.online\/wp-content\/uploads\/2024\/07\/WX20240730-200353%402x.jpg?resize=768%2C480&amp;ssl=1 768w, https:\/\/i0.wp.com\/aiartfree.online\/wp-content\/uploads\/2024\/07\/WX20240730-200353%402x.jpg?resize=1536%2C960&amp;ssl=1 1536w, https:\/\/i0.wp.com\/aiartfree.online\/wp-content\/uploads\/2024\/07\/WX20240730-200353%402x.jpg?resize=18%2C12&amp;ssl=1 18w, https:\/\/i0.wp.com\/aiartfree.online\/wp-content\/uploads\/2024\/07\/WX20240730-200353%402x.jpg?resize=600%2C375&amp;ssl=1 600w, https:\/\/i0.wp.com\/aiartfree.online\/wp-content\/uploads\/2024\/07\/WX20240730-200353%402x.jpg?w=1808&amp;ssl=1 1808w\" sizes=\"auto, (max-width: 1024px) 100vw, 1024px\" \/><\/figure>\n\n\n\n<div class=\"wp-block-rank-math-toc-block\" id=\"rank-math-toc\"><h3>\u00cdndice<\/h3><nav><ul><li><a href=\"#introduction\">Introdu\u00e7\u00e3o<\/a><\/li><li><a href=\"#what-is-transcript\">O que \u00e9 a transcri\u00e7\u00e3o?<\/a><\/li><li><a href=\"#why-use-transcript-services\">Porqu\u00ea utilizar os servi\u00e7os de transcri\u00e7\u00e3o?<\/a><\/li><li><a href=\"#main-features-of-transcript-services\">Principais caracter\u00edsticas dos servi\u00e7os de transcri\u00e7\u00e3o<\/a><ul><li><a href=\"#100-free\">100% Livre<\/a><\/li><li><a href=\"#unlimited-transcription\">Transcri\u00e7\u00e3o ilimitada<\/a><\/li><li><a href=\"#no-1-choice\">Escolha n.\u00ba 1<\/a><\/li><li><a href=\"#no-sign-up-required\">N\u00e3o \u00e9 necess\u00e1rio registar-se<\/a><\/li><\/ul><\/li><li><a href=\"#who-should-use-transcription-services\">Quem deve utilizar os servi\u00e7os de transcri\u00e7\u00e3o?<\/a><\/li><li><a href=\"#industries-benefiting-from-transcription-services\">Sectores que beneficiam dos servi\u00e7os de transcri\u00e7\u00e3o<\/a><\/li><li><a href=\"#how-to-use-transcription-services-step-by-step\">Como utilizar os servi\u00e7os de transcri\u00e7\u00e3o: Passo a passo<\/a><\/li><li><a href=\"#use-cases-of-transcription-services\">Casos de utiliza\u00e7\u00e3o de servi\u00e7os de transcri\u00e7\u00e3o<\/a><\/li><li><a href=\"#top-10-transcription-tools-and-resources\">As 10 principais ferramentas e recursos de transcri\u00e7\u00e3o<\/a><\/li><li><a href=\"#advantages-disadvantages-and-challenges-in-the-transcription-industry\">Vantagens, desvantagens e desafios no sector da transcri\u00e7\u00e3o<\/a><ul><li><a href=\"#advantages\">Vantagens<\/a><\/li><li><a href=\"#disadvantages\">Desvantagens<\/a><\/li><li><a href=\"#challenges\">Desafios<\/a><\/li><\/ul><\/li><li><a href=\"#frequently-asked-questions-faq\">Perguntas frequentes (FAQ)<\/a><\/li><li><a href=\"#conclusion\">Conclus\u00e3o<\/a><\/li><\/ul><\/nav><\/div>\n\n\n\n<h3 class=\"wp-block-heading\" id=\"what-is-transcript\">O que \u00e9 a transcri\u00e7\u00e3o?<\/h3>\n\n\n\n<p class=\"\">A transcri\u00e7\u00e3o \u00e9 o processo de convers\u00e3o da linguagem falada em texto escrito. Este servi\u00e7o pode ser utilizado para transcrever v\u00e1rias formas de \u00e1udio, incluindo entrevistas, palestras, podcasts e v\u00eddeos, em documentos leg\u00edveis.<\/p>\n\n\n\n<h3 class=\"wp-block-heading\" id=\"why-use-transcript-services\">Porqu\u00ea utilizar os servi\u00e7os de transcri\u00e7\u00e3o?<\/h3>\n\n\n\n<p class=\"\">Os servi\u00e7os de transcri\u00e7\u00e3o oferecem in\u00fameras vantagens:<\/p>\n\n\n\n<ul class=\"wp-block-list\">\n<li class=\"\"><strong>Acessibilidade:<\/strong> As transcri\u00e7\u00f5es tornam os conte\u00fados acess\u00edveis a pessoas com defici\u00eancias auditivas.<\/li>\n\n\n\n<li class=\"\"><strong>Capacidade de pesquisa:<\/strong> Os documentos de texto podem ser facilmente pesquisados, indexados e referenciados.<\/li>\n\n\n\n<li class=\"\"><strong>Exatid\u00e3o:<\/strong> Os servi\u00e7os profissionais de transcri\u00e7\u00e3o garantem uma elevada exatid\u00e3o do conte\u00fado transcrito.<\/li>\n\n\n\n<li class=\"\"><strong>Efici\u00eancia:<\/strong> Poupa tempo em compara\u00e7\u00e3o com a transcri\u00e7\u00e3o manual.<\/li>\n<\/ul>\n\n\n\n<h3 class=\"wp-block-heading\" id=\"main-features-of-transcript-services\">Principais caracter\u00edsticas dos servi\u00e7os de transcri\u00e7\u00e3o<\/h3>\n\n\n\n<h4 class=\"wp-block-heading\" id=\"100-free\">100% Livre<\/h4>\n\n\n\n<p class=\"\">Muitos servi\u00e7os de transcri\u00e7\u00e3o oferecem planos gratuitos, tornando-os acess\u00edveis a todos sem restri\u00e7\u00f5es financeiras.<\/p>\n\n\n\n<h4 class=\"wp-block-heading\" id=\"unlimited-transcription\">Transcri\u00e7\u00e3o ilimitada<\/h4>\n\n\n\n<p class=\"\">Alguns servi\u00e7os oferecem capacidades de transcri\u00e7\u00e3o ilimitadas, permitindo aos utilizadores transcreverem tantos ficheiros quantos os necess\u00e1rios.<\/p>\n\n\n\n<h4 class=\"wp-block-heading\" id=\"no-1-choice\">Escolha n.\u00ba 1<\/h4>\n\n\n\n<p class=\"\">Os principais servi\u00e7os de transcri\u00e7\u00e3o s\u00e3o frequentemente considerados como a melhor escolha devido \u00e0 sua fiabilidade, precis\u00e3o e facilidade de utiliza\u00e7\u00e3o.<\/p>\n\n\n\n<h4 class=\"wp-block-heading\" id=\"no-sign-up-required\">N\u00e3o \u00e9 necess\u00e1rio registar-se<\/h4>\n\n\n\n<p class=\"\">A conveni\u00eancia \u00e9 uma carater\u00edstica fundamental, com algumas plataformas a oferecerem servi\u00e7os de transcri\u00e7\u00e3o sem necessidade de registo.<\/p>\n\n\n\n<h3 class=\"wp-block-heading\" id=\"who-should-use-transcription-services\">Quem deve utilizar os servi\u00e7os de transcri\u00e7\u00e3o?<\/h3>\n\n\n\n<p class=\"\">Os servi\u00e7os de transcri\u00e7\u00e3o s\u00e3o ideais para:<\/p>\n\n\n\n<ul class=\"wp-block-list\">\n<li class=\"\"><strong>Estudantes:<\/strong> Converter aulas e debates em notas.<\/li>\n\n\n\n<li class=\"\"><strong>Profissionais:<\/strong> Para criar actas de reuni\u00f5es e transcrever entrevistas.<\/li>\n\n\n\n<li class=\"\"><strong>Criadores de conte\u00fados:<\/strong> Para gerar conte\u00fado de texto a partir de podcasts e v\u00eddeos.<\/li>\n\n\n\n<li class=\"\"><strong>Investigadores:<\/strong> Para documentar hist\u00f3rias orais e entrevistas.<\/li>\n<\/ul>\n\n\n\n<h3 class=\"wp-block-heading\" id=\"industries-benefiting-from-transcription-services\">Sectores que beneficiam dos servi\u00e7os de transcri\u00e7\u00e3o<\/h3>\n\n\n\n<p class=\"\">Os servi\u00e7os de transcri\u00e7\u00e3o s\u00e3o ben\u00e9ficos em v\u00e1rios sectores, tais como:<\/p>\n\n\n\n<ul class=\"wp-block-list\">\n<li class=\"\"><strong>Forma\u00e7\u00e3o acad\u00e9mica:<\/strong> Para transcri\u00e7\u00f5es de confer\u00eancias e documenta\u00e7\u00e3o de investiga\u00e7\u00e3o.<\/li>\n\n\n\n<li class=\"\"><strong>Meios de comunica\u00e7\u00e3o social:<\/strong> Transcrever entrevistas e criar legendas.<\/li>\n\n\n\n<li class=\"\"><strong>Legal:<\/strong> Para transcri\u00e7\u00f5es de tribunal e documenta\u00e7\u00e3o legal.<\/li>\n\n\n\n<li class=\"\"><strong>Cuidados de sa\u00fade:<\/strong> Para transcrever ditados m\u00e9dicos e registos de pacientes.<\/li>\n<\/ul>\n\n\n\n<h3 class=\"wp-block-heading\" id=\"how-to-use-transcription-services-step-by-step\">Como utilizar os servi\u00e7os de transcri\u00e7\u00e3o: Passo a passo<\/h3>\n\n\n\n<ol class=\"wp-block-list\">\n<li class=\"\"><strong>Escolha um servi\u00e7o:<\/strong> Selecione um servi\u00e7o de transcri\u00e7\u00e3o que se adeq\u00fae \u00e0s suas necessidades. Ferramenta recomendada: <a href=\"https:\/\/aiartfree.online\/pt\/transcricao\/\">https:\/\/aiartfree.online\/transcript<\/a>.<\/li>\n\n\n\n<li class=\"\"><strong>Carregar ficheiro de \u00e1udio\/v\u00eddeo:<\/strong> Carregue o ficheiro que pretende transcrever.<\/li>\n\n\n\n<li class=\"\"><strong>Definir prefer\u00eancias:<\/strong> Selecione as defini\u00e7\u00f5es pretendidas, como a l\u00edngua, o formato e quaisquer requisitos especiais.<\/li>\n\n\n\n<li class=\"\"><strong>Iniciar a transcri\u00e7\u00e3o:<\/strong> Iniciar o processo de transcri\u00e7\u00e3o.<\/li>\n\n\n\n<li class=\"\"><strong>Rever e editar:<\/strong> Quando a transcri\u00e7\u00e3o estiver conclu\u00edda, reveja e fa\u00e7a as edi\u00e7\u00f5es necess\u00e1rias.<\/li>\n\n\n\n<li class=\"\"><strong>Descarregar e utilizar:<\/strong> Descarregue a transcri\u00e7\u00e3o final para sua utiliza\u00e7\u00e3o.<\/li>\n<\/ol>\n\n\n\n<h3 class=\"wp-block-heading\" id=\"use-cases-of-transcription-services\">Casos de utiliza\u00e7\u00e3o de servi\u00e7os de transcri\u00e7\u00e3o<\/h3>\n\n\n\n<ul class=\"wp-block-list\">\n<li class=\"\"><strong>Investiga\u00e7\u00e3o acad\u00e9mica:<\/strong> Transcri\u00e7\u00e3o de entrevistas para investiga\u00e7\u00e3o qualitativa.<\/li>\n\n\n\n<li class=\"\"><strong>Cria\u00e7\u00e3o de conte\u00fados:<\/strong> Gerar publica\u00e7\u00f5es em blogues e artigos a partir de podcasts.<\/li>\n\n\n\n<li class=\"\"><strong>Documenta\u00e7\u00e3o legal:<\/strong> Transcri\u00e7\u00e3o de depoimentos e de processos judiciais.<\/li>\n\n\n\n<li class=\"\"><strong>Reuni\u00f5es de trabalho:<\/strong> Criar actas de reuni\u00f5es pormenorizadas.<\/li>\n<\/ul>\n\n\n\n<h3 class=\"wp-block-heading\" id=\"top-10-transcription-tools-and-resources\">As 10 principais ferramentas e recursos de transcri\u00e7\u00e3o<\/h3>\n\n\n\n<p class=\"\">Aqui est\u00e1 uma tabela que resume as 10 principais ferramentas de transcri\u00e7\u00e3o e as suas carater\u00edsticas:<\/p>\n\n\n\n<figure class=\"wp-block-table\"><table class=\"has-fixed-layout\"><thead><tr><th>Ferramenta\/Website<\/th><th>Caracter\u00edsticas<\/th><th>Pr\u00f3s<\/th><th>Contras<\/th><th>URL<\/th><\/tr><\/thead><tbody><tr><td><strong>Arte AI Gr\u00e1tis<\/strong><\/td><td>Transcri\u00e7\u00e3o de \u00e1udio para texto, transcri\u00e7\u00e3o de v\u00eddeo<\/td><td>Gratuito, sem registo, ilimitado<\/td><td>Personaliza\u00e7\u00e3o limitada<\/td><td><a href=\"https:\/\/aiartfree.online\/pt\/transcricao\/\">Liga\u00e7\u00e3o<\/a><\/td><\/tr><tr><td><strong>TranscreverMe<\/strong><\/td><td>Transcri\u00e7\u00e3o de alta precis\u00e3o, humana e com IA<\/td><td>Fi\u00e1vel, v\u00e1rios formatos<\/td><td>Servi\u00e7o pago<\/td><td><a href=\"https:\/\/www.transcribeme.com\" target=\"_blank\" rel=\"noopener\">Liga\u00e7\u00e3o<\/a><\/td><\/tr><tr><td><strong>Lontra.ai<\/strong><\/td><td>Transcri\u00e7\u00e3o em tempo real, ferramentas de colabora\u00e7\u00e3o<\/td><td>F\u00e1cil de utilizar, aplica\u00e7\u00e3o m\u00f3vel<\/td><td>Plano gratuito limitado<\/td><td><a href=\"https:\/\/otter.ai\" target=\"_blank\" rel=\"noopener\">Liga\u00e7\u00e3o<\/a><\/td><\/tr><tr><td><strong>Sonix<\/strong><\/td><td>Transcri\u00e7\u00e3o automatizada, suporte multilingue<\/td><td>R\u00e1pido, preciso<\/td><td>Assinatura obrigat\u00f3ria<\/td><td><a href=\"https:\/\/sonix.ai\" target=\"_blank\" rel=\"noopener\">Liga\u00e7\u00e3o<\/a><\/td><\/tr><tr><td><strong>Rev<\/strong><\/td><td>Transcri\u00e7\u00e3o humana, legendagem<\/td><td>Elevada qualidade, r\u00e1pida execu\u00e7\u00e3o<\/td><td>Caro<\/td><td><a href=\"https:\/\/www.rev.com\" target=\"_blank\" rel=\"noopener\">Liga\u00e7\u00e3o<\/a><\/td><\/tr><tr><td><strong>Temi<\/strong><\/td><td>Transcri\u00e7\u00e3o autom\u00e1tica a pre\u00e7os acess\u00edveis<\/td><td>R\u00e1pido, f\u00e1cil de utilizar<\/td><td>Nem sempre exato<\/td><td><a href=\"https:\/\/www.temi.com\" target=\"_blank\" rel=\"noopener\">Liga\u00e7\u00e3o<\/a><\/td><\/tr><tr><td><strong>Descri\u00e7\u00e3o<\/strong><\/td><td>Edi\u00e7\u00e3o de \u00e1udio e v\u00eddeo, transcri\u00e7\u00e3o<\/td><td>Vers\u00e1til, potente<\/td><td>Curva de aprendizagem<\/td><td><a href=\"https:\/\/www.descript.com\" target=\"_blank\" rel=\"noopener\">Liga\u00e7\u00e3o<\/a><\/td><\/tr><tr><td><strong>Trinta<\/strong><\/td><td>Ferramentas de transcri\u00e7\u00e3o e edi\u00e7\u00e3o alimentadas por IA<\/td><td>Exato, flex\u00edvel<\/td><td>Caro<\/td><td><a href=\"https:\/\/trint.com\" target=\"_blank\" rel=\"noopener\">Liga\u00e7\u00e3o<\/a><\/td><\/tr><tr><td><strong>Escriba feliz<\/strong><\/td><td>Ferramentas multilingues e de colabora\u00e7\u00e3o<\/td><td>Exato, bom apoio<\/td><td>Assinatura necess\u00e1ria<\/td><td><a href=\"https:\/\/www.happyscribe.com\" target=\"_blank\" rel=\"noopener\">Liga\u00e7\u00e3o<\/a><\/td><\/tr><tr><td><strong>Escriba<\/strong><\/td><td>Transcri\u00e7\u00e3o manual e automatizada<\/td><td>Acess\u00edvel, exato<\/td><td>Plano gratuito limitado<\/td><td><a href=\"https:\/\/www.scribie.com\" target=\"_blank\" rel=\"noopener\">Liga\u00e7\u00e3o<\/a><\/td><\/tr><\/tbody><\/table><\/figure>\n\n\n\n<h3 class=\"wp-block-heading\" id=\"advantages-disadvantages-and-challenges-in-the-transcription-industry\">Vantagens, desvantagens e desafios no sector da transcri\u00e7\u00e3o<\/h3>\n\n\n\n<h4 class=\"wp-block-heading\" id=\"advantages\">Vantagens<\/h4>\n\n\n\n<ul class=\"wp-block-list\">\n<li class=\"\"><strong>Melhoria da acessibilidade:<\/strong> Torna os conte\u00fados acess\u00edveis a todos.<\/li>\n\n\n\n<li class=\"\"><strong>Produtividade melhorada:<\/strong> Poupa tempo e esfor\u00e7o na convers\u00e3o de voz em texto.<\/li>\n\n\n\n<li class=\"\"><strong>Melhor documenta\u00e7\u00e3o:<\/strong> Registos exactos de reuni\u00f5es, entrevistas e muito mais.<\/li>\n<\/ul>\n\n\n\n<h4 class=\"wp-block-heading\" id=\"disadvantages\">Desvantagens<\/h4>\n\n\n\n<ul class=\"wp-block-list\">\n<li class=\"\"><strong>Custo:<\/strong> Alguns servi\u00e7os podem ser dispendiosos.<\/li>\n\n\n\n<li class=\"\"><strong>Problemas de exatid\u00e3o:<\/strong> Os servi\u00e7os automatizados podem nem sempre ser exactos.<\/li>\n\n\n\n<li class=\"\"><strong>Preocupa\u00e7\u00f5es com a privacidade:<\/strong> O tratamento de informa\u00e7\u00f5es sens\u00edveis pode ser uma preocupa\u00e7\u00e3o.<\/li>\n<\/ul>\n\n\n\n<h4 class=\"wp-block-heading\" id=\"challenges\">Desafios<\/h4>\n\n\n\n<ul class=\"wp-block-list\">\n<li class=\"\"><strong>Variabilidade da fala:<\/strong> Os sotaques, os dialectos e a m\u00e1 qualidade do \u00e1udio podem afetar a precis\u00e3o.<\/li>\n\n\n\n<li class=\"\"><strong>Limita\u00e7\u00f5es t\u00e9cnicas:<\/strong> A transcri\u00e7\u00e3o por IA continua a ter dificuldades com o contexto e os hom\u00f3fonos.<\/li>\n<\/ul>\n\n\n\n<h3 class=\"wp-block-heading\" id=\"frequently-asked-questions-faq\">Perguntas frequentes (FAQ)<\/h3>\n\n\n\n<ol class=\"wp-block-list\">\n<li class=\"\"><strong>Onde \u00e9 que a transcri\u00e7\u00e3o ocorre?<\/strong> A transcri\u00e7\u00e3o ocorre sempre que \u00e9 necess\u00e1rio converter a linguagem falada em texto, muitas vezes atrav\u00e9s de servi\u00e7os de transcri\u00e7\u00e3o e de software.<\/li>\n\n\n\n<li class=\"\"><strong>Como obter o certificado de habilita\u00e7\u00f5es do ensino secund\u00e1rio?<\/strong> Pode obter os certificados de habilita\u00e7\u00f5es do ensino secund\u00e1rio contactando o servi\u00e7o administrativo da sua escola ou acedendo ao seu portal em linha.<\/li>\n\n\n\n<li class=\"\"><strong>O que \u00e9 a transcri\u00e7\u00e3o?<\/strong> A transcri\u00e7\u00e3o \u00e9 o processo de convers\u00e3o da linguagem falada em texto escrito.<\/li>\n\n\n\n<li class=\"\"><strong>Onde \u00e9 que a transcri\u00e7\u00e3o \u00e9 efectuada?<\/strong> A transcri\u00e7\u00e3o \u00e9 efectuada em v\u00e1rios contextos, incluindo escolas, escrit\u00f3rios e prestadores de servi\u00e7os de transcri\u00e7\u00e3o.<\/li>\n\n\n\n<li class=\"\"><strong>Como obter uma transcri\u00e7\u00e3o do Aeries?<\/strong> Para obter uma transcri\u00e7\u00e3o do Aeries, inicie sess\u00e3o na sua conta Aeries, navegue at\u00e9 \u00e0 sec\u00e7\u00e3o de transcri\u00e7\u00f5es e siga as instru\u00e7\u00f5es para solicitar a sua transcri\u00e7\u00e3o.<\/li>\n\n\n\n<li class=\"\"><strong>Quais s\u00e3o os tipos de transcri\u00e7\u00f5es?<\/strong> Os tipos de transcri\u00e7\u00f5es incluem transcri\u00e7\u00f5es acad\u00e9micas, transcri\u00e7\u00f5es m\u00e9dicas, transcri\u00e7\u00f5es jur\u00eddicas e transcri\u00e7\u00f5es dos meios de comunica\u00e7\u00e3o social.<\/li>\n\n\n\n<li class=\"\"><strong>Como transcrever v\u00eddeos do YouTube?<\/strong> Utilizar ferramentas como <a href=\"https:\/\/aiartfree.online\/pt\/transcricao\/\">https:\/\/aiartfree.online\/transcript<\/a> para carregar v\u00eddeos do YouTube e obter transcri\u00e7\u00f5es.<\/li>\n\n\n\n<li class=\"\"><strong>O que \u00e9 a transcri\u00e7\u00e3o do IRS?<\/strong> A transcri\u00e7\u00e3o do IRS \u00e9 um resumo das informa\u00e7\u00f5es da sua declara\u00e7\u00e3o de impostos fornecido pelo Internal Revenue Service.<\/li>\n\n\n\n<li class=\"\"><strong>Como obter transcri\u00e7\u00f5es da faculdade?<\/strong> Solicite as transcri\u00e7\u00f5es da faculdade no gabinete de registo da sua institui\u00e7\u00e3o ou nos seus servi\u00e7os online.<\/li>\n\n\n\n<li class=\"\"><strong>O que s\u00e3o empregos de transcri\u00e7\u00e3o?<\/strong> Os empregos de transcri\u00e7\u00e3o envolvem a audi\u00e7\u00e3o de grava\u00e7\u00f5es \u00e1udio e a transcri\u00e7\u00e3o do que foi ouvido para um formato escrito.<\/li>\n<\/ol>\n\n\n\n<h3 class=\"wp-block-heading\" id=\"conclusion\">Conclus\u00e3o<\/h3>\n\n\n\n<p class=\"\">Os servi\u00e7os de transcri\u00e7\u00e3o oferecem uma mir\u00edade de benef\u00edcios, desde a melhoria da acessibilidade at\u00e9 ao aumento da produtividade. Com ferramentas como <a href=\"https:\/\/aiartfree.online\/pt\/transcricao\/\">https:\/\/aiartfree.online\/transcript<\/a>pode converter sem esfor\u00e7o os seus ficheiros de \u00e1udio e v\u00eddeo em texto. Explore as melhores ferramentas, compreenda as suas carater\u00edsticas e escolha o servi\u00e7o certo para as suas necessidades. Comece a transcrever hoje mesmo e liberte todo o potencial dos seus conte\u00fados!<\/p>\n\n\n\n<p class=\"\">Visitar <a href=\"https:\/\/aiartfree.online\/pt\/transcricao\/\">https:\/\/aiartfree.online\/transcript<\/a> agora para experimentar o melhor servi\u00e7o de transcri\u00e7\u00e3o gratuito e ilimitado sem o inc\u00f3modo de se inscrever!<\/p>","protected":false},"excerpt":{"rendered":"<p>How to use Transcript * Depending on your internet speed, loading the model may take a few seconds. \u2193 How to Use Transcript Services: Your Ultimate Guide Introduction Transcription services have revolutionized the way we handle audio and video content by converting spoken words into written text. Whether you&#8217;re a student, professional, or content creator, &#8230; <a title=\"Transcri\u00e7\u00e3o\" class=\"read-more\" href=\"https:\/\/aiartfree.online\/pt\/transcricao\/\" aria-label=\"Leia mais sobre Transcript\">Ler mais<\/a><\/p>","protected":false},"author":1,"featured_media":3345,"parent":0,"menu_order":0,"comment_status":"open","ping_status":"closed","template":"","meta":{"nf_dc_page":"","footnotes":""},"class_list":["post-3340","page","type-page","status-publish","has-post-thumbnail"],"jetpack_sharing_enabled":true,"_links":{"self":[{"href":"https:\/\/aiartfree.online\/pt\/wp-json\/wp\/v2\/pages\/3340","targetHints":{"allow":["GET"]}}],"collection":[{"href":"https:\/\/aiartfree.online\/pt\/wp-json\/wp\/v2\/pages"}],"about":[{"href":"https:\/\/aiartfree.online\/pt\/wp-json\/wp\/v2\/types\/page"}],"author":[{"embeddable":true,"href":"https:\/\/aiartfree.online\/pt\/wp-json\/wp\/v2\/users\/1"}],"replies":[{"embeddable":true,"href":"https:\/\/aiartfree.online\/pt\/wp-json\/wp\/v2\/comments?post=3340"}],"version-history":[{"count":0,"href":"https:\/\/aiartfree.online\/pt\/wp-json\/wp\/v2\/pages\/3340\/revisions"}],"wp:featuredmedia":[{"embeddable":true,"href":"https:\/\/aiartfree.online\/pt\/wp-json\/wp\/v2\/media\/3345"}],"wp:attachment":[{"href":"https:\/\/aiartfree.online\/pt\/wp-json\/wp\/v2\/media?parent=3340"}],"curies":[{"name":"wp","href":"https:\/\/api.w.org\/{rel}","templated":true}]}}