{"id":3318,"date":"2024-07-30T11:01:36","date_gmt":"2024-07-30T11:01:36","guid":{"rendered":"https:\/\/aiartfree.online\/?page_id=3318"},"modified":"2024-07-30T11:21:20","modified_gmt":"2024-07-30T11:21:20","slug":"image-to-prompt","status":"publish","type":"page","link":"https:\/\/aiartfree.online\/pt\/imagem-para-solicitar\/","title":{"rendered":"Imagem para o prompt"},"content":{"rendered":"<h2 class=\"wp-block-heading\" style=\"font-size:1.3rem\"><strong>Como utilizar a Imagem para Prompt<\/strong><\/h2>\n\n\n\n<ol class=\"wp-block-list\">\n<li class=\"\">Largue ou carregue o seu<strong> Imagem<\/strong><\/li>\n\n\n\n<li class=\"\">Clique em \"Submeter\"<\/li>\n\n\n\n<li class=\"\">Espera, \u00e9 isso mesmo!<\/li>\n<\/ol>\n\n\n\n<p class=\"\">* <em>Dependendo da velocidade da sua Internet, o carregamento do modelo pode demorar alguns segundos.<\/em> \u2193<\/p>\n\n\n\n<style>\n  .iframe-container {\n    text-align: center;\n    border: 2px solid;\n    border-image-source: linear-gradient(to right, #16b86c, #912899);\n    border-image-slice: 1;\n    box-shadow: 0 0 10px rgba(0, 0, 0, 0.1);\n    border-radius: 15px;\n    position: relative; \/* \u4f7f loader \u7edd\u5bf9\u5b9a\u4f4d\u6709\u6548 *\/\n  }\n  .loader {\n    position: absolute;\n    top: 100px;\n    left: 50%;\n    transform: translate(-50%, -50%);\n    width: 40px;\n    height: 40px;\n    border: 4px solid #f3f3f3;\n    border-top: 4px solid #9834db;\n    border-radius: 50%;\n    animation: spin 1s linear infinite;\n  }\n  @keyframes spin {\n    0% { transform: translate(-50%, -50%) rotate(0deg); }\n    100% { transform: translate(-50%, -50%) rotate(360deg); }\n  }\n  iframe {\n    width: 100%;\n    height: 1150px;\n    border: none;\n    display: inline-block;\n    margin: 0 auto;\n    opacity: 0;\n    transition: opacity 0.3s ease;\n  }\n<\/style>\n\n<div class=\"iframe-container\">\n  <div id=\"loader\" class=\"loader\"><\/div>\n  <iframe\n    src=\"https:\/\/pharmapsychotic-clip-interrogator.hf.space\"\n    frameborder=\"0\"\n    onload=\"this.style.opacity=1;document.getElementById('loader').style.display='none';\"\n  ><\/iframe>\n<\/div>\n\n\n\n<div style=\"height:60px\" aria-hidden=\"true\" class=\"wp-block-spacer\"><\/div>\n\n\n\n<h2 class=\"wp-block-heading\">Imagem a pedido: Desbloquear o poder da arte gerada por IA<\/h2>\n\n\n\n<p class=\"\">Este artigo explora o fascinante mundo da tecnologia de imagem para prompt, concentrando-se na forma como esta revoluciona a cria\u00e7\u00e3o de arte gerada por IA. Iremos aprofundar a sua defini\u00e7\u00e3o, import\u00e2ncia e aplica\u00e7\u00f5es, e forneceremos informa\u00e7\u00f5es valiosas tanto para principiantes como para utilizadores experientes.<\/p>\n\n\n\n<figure class=\"wp-block-image size-full is-resized\"><img data-recalc-dims=\"1\" decoding=\"async\" width=\"800\" height=\"800\"   loading=\"lazy\" src=\"https:\/\/i0.wp.com\/aiartfree.online\/wp-content\/uploads\/2024\/07\/05-diverse-3d-avatars-six-pack-toy-faces-7QFYBYH.jpg?resize=800%2C800&#038;ssl=1\" alt=\"## Imagem a pedido: Desbloqueando o poder da arte gerada por IAEste artigo explora o fascinante mundo da tecnologia de imagem para prompt, concentrando-se em como ela revoluciona a cria\u00e7\u00e3o de arte gerada por IA. Iremos aprofundar a sua defini\u00e7\u00e3o, import\u00e2ncia, aplica\u00e7\u00f5es e fornecer informa\u00e7\u00f5es valiosas tanto para principiantes como para utilizadores experientes.\u00cdndice:1. O que \u00e9 a tecnologia Image to Prompt?2. Porqu\u00ea utilizar a tecnologia Image to Prompt?3. Quem pode beneficiar da tecnologia Image to Prompt?4. Ind\u00fastrias que utilizam a tecnologia Image to Prompt5. Como usar a tecnologia Image to Prompt: 10 casos de uso6. As 10 principais ferramentas de imagem para prompt: Pr\u00f3s, contras e percep\u00e7\u00f5es7. Vantagens e desafios da ind\u00fastria de imagem para solicita\u00e7\u00e3o8. Perguntas frequentes (FAQ)#### O que \u00e9 a Image to Prompt? A Image to Prompt \u00e9 uma tecnologia de IA de vanguarda que converte a entrada visual em descri\u00e7\u00f5es textuais ou prompts. Este processo inovador permite aos utilizadores gerar instru\u00e7\u00f5es de texto precisas a partir de imagens, que podem depois ser utilizadas para criar novas obras de arte geradas por IA ou manipular obras existentes. A tecnologia subjacente \u00e0 tecnologia &quot;Image to Prompt&quot; baseia-se em algoritmos avan\u00e7ados de aprendizagem autom\u00e1tica e redes neurais para analisar e interpretar dados visuais.### Porqu\u00ea utilizar a tecnologia &quot;Image to Prompt&quot;? A tecnologia &quot;Image to Prompt&quot; oferece in\u00fameras vantagens a artistas, designers e criadores de conte\u00fados:1. Aumento da inspira\u00e7\u00e3o: Proporciona ideias frescas e perspectivas \u00fanicas para projectos criativos.2. Poupan\u00e7a de tempo: Automatiza o processo de gera\u00e7\u00e3o de prompts de texto detalhados a partir de refer\u00eancias visuais.3. Exatid\u00e3o: Garante descri\u00e7\u00f5es precisas de elementos visuais complexos.4. Versatilidade: Aplic\u00e1vel em v\u00e1rias plataformas de gera\u00e7\u00e3o de arte de IA, como Midjourney e Stable Diffusion.5. Acessibilidade: Torna a cria\u00e7\u00e3o de arte de IA mais acess\u00edvel para aqueles que se debatem com a escrita de prompts.### Quem pode beneficiar da tecnologia Image to Prompt? A tecnologia Image to Prompt destina-se a uma vasta gama de utilizadores:1. Artistas digitais e designers gr\u00e1ficos2. Criadores de conte\u00fados e gestores de redes sociais3. Profissionais de marketing4. Programadores de jogos5. Investigadores e educadores6. Hobbyists e entusiastas da arte7. Web designers e profissionais de UX\/UI#### Ind\u00fastrias que aproveitam a imagem para solicitarV\u00e1rias ind\u00fastrias est\u00e3o a aproveitar o poder da imagem para solicitar tecnologia:1. Publicidade e marketing2. Entretenimento e produ\u00e7\u00e3o medi\u00e1tica3. Com\u00e9rcio eletr\u00f3nico e design de produtos4. Educa\u00e7\u00e3o e aprendizagem electr\u00f3nica5. Jogos e realidade virtual6. Moda e design de interiores7. Publica\u00e7\u00e3o e cria\u00e7\u00e3o de conte\u00fado#### Como usar a imagem para solicitar: 10 casos de uso1. Gerar arte de IA com base em imagens existentes2. Criar varia\u00e7\u00f5es de obras de arte originais3. Desenvolver quadros de humor para projectos de design4. Produzir ilustra\u00e7\u00f5es personalizadas para livros ou artigos5. Conceber conte\u00fados exclusivos para as redes sociais6. Conceptualizar designs de novos produtos7. Criar storyboards para filmes ou anima\u00e7\u00f5es8. Desenvolver avatares ou personagens personalizados9. Gerar texturas realistas para modela\u00e7\u00e3o 3D10. Criar fundos personalizados para apresenta\u00e7\u00f5es ou s\u00edtios Web### Top 10 Ferramentas de imagem para prompt: Pr\u00f3s, Contras e Perspectivas| Ferramenta | Pr\u00f3s | Contras | Website ||------|------|------|---------||| AIArtFree.online | 100% Utiliza\u00e7\u00e3o gratuita e ilimitada, sem necessidade de registo | Pode ter limita\u00e7\u00f5es nas funcionalidades avan\u00e7adas | https:\/\/aiartfree.online\/image-to-prompt\/ || Midjourney | Resultados de alta qualidade, grande comunidade de utilizadores | \u00c9 necess\u00e1ria uma subscri\u00e7\u00e3o paga | https:\/\/www.midjourney.com\/\/ || DALL-E 2 | Vers\u00e1til, produz imagens de alta qualidade | Cr\u00e9ditos gratuitos limitados, \u00e9 necess\u00e1rio um plano pago para uma utiliza\u00e7\u00e3o extensiva | https:\/\/openai.com\/dall-e-2\/ || Stable Diffusion | C\u00f3digo aberto, altamente personaliz\u00e1vel | Requer conhecimentos t\u00e9cnicos para ser configurado | https:\/\/stability.ai\/ || Artbreeder | Interface f\u00e1cil de utilizar, boa para principiantes | Controlo limitado sobre detalhes espec\u00edficos | https:\/\/www.artbreeder.com\/ || NightCafe | M\u00faltiplos estilos de arte com IA, interface intuitiva | Sistema baseado em cr\u00e9ditos, pode ser dispendioso | https:\/\/nightcafe.studio\/ || Runway ML | Funcionalidades avan\u00e7adas, adequadas a profissionais | Curva de aprendizagem acentuada, baseada em subscri\u00e7\u00e3o | https:\/\/runwayml.com\/ || Pixray | C\u00f3digo aberto, altamente personaliz\u00e1vel | Requer conhecimentos de programa\u00e7\u00e3o | https:\/\/pixray.gob.io\/ || Craiyon (anteriormente DALL-E mini) | Utiliza\u00e7\u00e3o gratuita, sem necessidade de conta | Resultados de qualidade inferior em compara\u00e7\u00e3o com alternativas pagas | https:\/\/www.craiyon.com\/ || Dream by WOMBO | Compat\u00edvel com telem\u00f3veis, f\u00e1cil de utilizar | Op\u00e7\u00f5es de personaliza\u00e7\u00e3o limitadas | https:\/\/www.wombo.art\/ |### Vantagens e desafios da ind\u00fastria de imagem para promptVantagens:1. R\u00e1pidos avan\u00e7os tecnol\u00f3gicos2. Crescente procura no mercado3. Integra\u00e7\u00e3o com outras tecnologias de IA4. Potencial para aplica\u00e7\u00f5es inter-industriais5. Democratiza\u00e7\u00e3o da cria\u00e7\u00e3o de arteDesafios:1. Preocupa\u00e7\u00f5es \u00e9ticas relativas a direitos de autor e originalidade2. Equil\u00edbrio entre a automatiza\u00e7\u00e3o e a criatividade humana3. Assegurar a exatid\u00e3o e a relev\u00e2ncia dos est\u00edmulos gerados4. Preocupa\u00e7\u00f5es com a privacidade relacionadas com a an\u00e1lise de imagens5. Acompanhar a evolu\u00e7\u00e3o dos algoritmos e modelos de IA### Perguntas mais frequentes (FAQ)1. P: Qual \u00e9 o melhor gerador gratuito de mensagens de IA?   R: O AIArtFree.online (https:\/\/aiartfree.online\/image-to-prompt\/) \u00e9 um dos melhores geradores gratuitos de perguntas de IA, oferecendo utiliza\u00e7\u00e3o ilimitada sem registo.2. P: Como converto uma imagem numa pergunta?   R: Carregue a sua imagem para uma ferramenta de convers\u00e3o de imagem em prompt e a IA ir\u00e1 gerar um prompt de texto com base no conte\u00fado visual.3. P: Posso utilizar uma imagem para uma pergunta com o Midjourney?   R: Sim, pode utilizar ferramentas de imagem para prompt para gerar prompts de texto para utiliza\u00e7\u00e3o com o Midjourney.4. P: Como posso obter um prompt de uma imagem no Stable Diffusion?   R: Utilize uma ferramenta de imagem para prompt para gerar uma descri\u00e7\u00e3o de texto e, em seguida, introduza esse prompt no Stable Diffusion.5. P: Existem geradores de imagem para prompt gratuitos?   R: Sim, o site AIArtFree.online oferece um servi\u00e7o gratuito e ilimitado de convers\u00e3o de imagem em prompt, sem necessidade de registo.6. P: Qual \u00e9 o grau de precis\u00e3o das ferramentas de convers\u00e3o de imagem em prompt?   R: A precis\u00e3o varia consoante a ferramenta e a complexidade da imagem, mas a maioria fornece descri\u00e7\u00f5es razoavelmente precisas.7. P: Posso utilizar a convers\u00e3o de imagem em texto para projectos comerciais?   R: Sim, mas verifique os termos de servi\u00e7o da ferramenta espec\u00edfica que est\u00e1 a utilizar relativamente aos direitos de utiliza\u00e7\u00e3o comercial.8. P: Como posso fazer com que a arte gerada por IA pare\u00e7a mais realista?   R: Utilize prompts detalhados, experimente estilos diferentes e considere a possibilidade de p\u00f3s-processar as imagens geradas.9. P: \u00c9 poss\u00edvel gerar prompts a partir de v\u00e1rias imagens?   R: Algumas ferramentas avan\u00e7adas permitem a introdu\u00e7\u00e3o de v\u00e1rias imagens, mas a maioria centra-se na an\u00e1lise de uma \u00fanica imagem.10. P: Como posso melhorar a qualidade dos avisos gerados?    R: Utilize imagens n\u00edtidas e de alta qualidade e experimente diferentes ferramentas de imagem para prompts para encontrar os melhores resultados para as suas necessidades.\" class=\"wp-image-2671\" style=\"width:419px;height:auto\" srcset=\"https:\/\/i0.wp.com\/aiartfree.online\/wp-content\/uploads\/2024\/07\/05-diverse-3d-avatars-six-pack-toy-faces-7QFYBYH.jpg?w=800&amp;ssl=1 800w, https:\/\/i0.wp.com\/aiartfree.online\/wp-content\/uploads\/2024\/07\/05-diverse-3d-avatars-six-pack-toy-faces-7QFYBYH.jpg?resize=300%2C300&amp;ssl=1 300w, https:\/\/i0.wp.com\/aiartfree.online\/wp-content\/uploads\/2024\/07\/05-diverse-3d-avatars-six-pack-toy-faces-7QFYBYH.jpg?resize=100%2C100&amp;ssl=1 100w, https:\/\/i0.wp.com\/aiartfree.online\/wp-content\/uploads\/2024\/07\/05-diverse-3d-avatars-six-pack-toy-faces-7QFYBYH.jpg?resize=600%2C600&amp;ssl=1 600w, https:\/\/i0.wp.com\/aiartfree.online\/wp-content\/uploads\/2024\/07\/05-diverse-3d-avatars-six-pack-toy-faces-7QFYBYH.jpg?resize=150%2C150&amp;ssl=1 150w, https:\/\/i0.wp.com\/aiartfree.online\/wp-content\/uploads\/2024\/07\/05-diverse-3d-avatars-six-pack-toy-faces-7QFYBYH.jpg?resize=768%2C768&amp;ssl=1 768w, https:\/\/i0.wp.com\/aiartfree.online\/wp-content\/uploads\/2024\/07\/05-diverse-3d-avatars-six-pack-toy-faces-7QFYBYH.jpg?resize=12%2C12&amp;ssl=1 12w\" sizes=\"auto, (max-width: 800px) 100vw, 800px\" \/><\/figure>\n\n\n\n<h3 class=\"wp-block-heading\">\u00cdndice<\/h3>\n\n\n\n<ol class=\"wp-block-list\">\n<li class=\"\">O que \u00e9 o Image to Prompt?<\/li>\n\n\n\n<li class=\"\">Porqu\u00ea utilizar a imagem para promover a tecnologia?<\/li>\n\n\n\n<li class=\"\">Quem pode beneficiar do Image to Prompt?<\/li>\n\n\n\n<li class=\"\">Sectores que utilizam a imagem para promover<\/li>\n\n\n\n<li class=\"\">Como utilizar a imagem para solicitar: 10 casos de uso<\/li>\n\n\n\n<li class=\"\">As 10 principais ferramentas de imagem para prompt: Pr\u00f3s, contras e percep\u00e7\u00f5es<\/li>\n\n\n\n<li class=\"\">Vantagens e desafios do sector Image to Prompt<\/li>\n\n\n\n<li class=\"\">Perguntas frequentes (FAQ)<\/li>\n<\/ol>\n\n\n\n<h3 class=\"wp-block-heading\">O que \u00e9 o Image to Prompt?<\/h3>\n\n\n\n<p class=\"\">Image to prompt \u00e9 uma tecnologia de IA de vanguarda que converte dados visuais em descri\u00e7\u00f5es textuais ou avisos. Este processo inovador permite aos utilizadores gerar instru\u00e7\u00f5es de texto precisas a partir de imagens, que podem depois ser utilizadas para criar novas obras de arte geradas por IA ou manipular as existentes. A tecnologia subjacente \u00e0 convers\u00e3o de imagem em texto baseia-se em algoritmos avan\u00e7ados de aprendizagem autom\u00e1tica e redes neuronais para analisar e interpretar dados visuais.<\/p>\n\n\n\n<h3 class=\"wp-block-heading\">Porqu\u00ea utilizar a imagem para promover a tecnologia?<\/h3>\n\n\n\n<p class=\"\">A tecnologia Image to prompt oferece in\u00fameras vantagens a artistas, designers e criadores de conte\u00fados:<\/p>\n\n\n\n<ol class=\"wp-block-list\">\n<li class=\"\">Refor\u00e7o da inspira\u00e7\u00e3o: Proporciona ideias frescas e perspectivas \u00fanicas para projectos criativos.<\/li>\n\n\n\n<li class=\"\">Poupan\u00e7a de tempo: Automatiza o processo de gera\u00e7\u00e3o de prompts de texto detalhados a partir de refer\u00eancias visuais.<\/li>\n\n\n\n<li class=\"\">Exatid\u00e3o: Assegura descri\u00e7\u00f5es exactas de elementos visuais complexos.<\/li>\n\n\n\n<li class=\"\">Versatilidade: Aplic\u00e1vel em v\u00e1rias plataformas de gera\u00e7\u00e3o de arte de IA, como Midjourney e Stable Diffusion.<\/li>\n\n\n\n<li class=\"\">Acessibilidade: Isto torna a cria\u00e7\u00e3o de arte com IA mais acess\u00edvel para as pessoas que t\u00eam dificuldades com a escrita de mensagens.<\/li>\n<\/ol>\n\n\n\n<h3 class=\"wp-block-heading\">Quem pode beneficiar do Image to Prompt?<\/h3>\n\n\n\n<p class=\"\">A tecnologia \"Image to prompt\" destina-se a uma vasta gama de utilizadores:<\/p>\n\n\n\n<ol class=\"wp-block-list\">\n<li class=\"\">Artistas digitais e designers gr\u00e1ficos<\/li>\n\n\n\n<li class=\"\">Criadores de conte\u00fados e gestores de redes sociais<\/li>\n\n\n\n<li class=\"\">Profissionais de marketing<\/li>\n\n\n\n<li class=\"\">Programadores de jogos<\/li>\n\n\n\n<li class=\"\">Investigadores e educadores<\/li>\n\n\n\n<li class=\"\">Hobbyistas e entusiastas da arte<\/li>\n\n\n\n<li class=\"\">Web designers e profissionais de UX\/UI<\/li>\n<\/ol>\n\n\n\n<h3 class=\"wp-block-heading\">Sectores que utilizam a imagem para promover<\/h3>\n\n\n\n<p class=\"\">V\u00e1rias ind\u00fastrias est\u00e3o a aproveitar o poder da imagem para estimular a tecnologia:<\/p>\n\n\n\n<ol class=\"wp-block-list\">\n<li class=\"\">Publicidade e marketing<\/li>\n\n\n\n<li class=\"\">Entretenimento e produ\u00e7\u00e3o medi\u00e1tica<\/li>\n\n\n\n<li class=\"\">Com\u00e9rcio eletr\u00f3nico e conce\u00e7\u00e3o de produtos<\/li>\n\n\n\n<li class=\"\">Educa\u00e7\u00e3o e aprendizagem eletr\u00f3nica<\/li>\n\n\n\n<li class=\"\">Jogos e realidade virtual<\/li>\n\n\n\n<li class=\"\">Moda e design de interiores<\/li>\n\n\n\n<li class=\"\">Publica\u00e7\u00e3o e cria\u00e7\u00e3o de conte\u00fados<\/li>\n<\/ol>\n\n\n\n<h3 class=\"wp-block-heading\">Como utilizar a imagem para solicitar: 10 casos de uso<\/h3>\n\n\n\n<ol class=\"wp-block-list\">\n<li class=\"\">Gerar arte de IA com base em imagens existentes<\/li>\n\n\n\n<li class=\"\">Criar varia\u00e7\u00f5es de obras de arte originais<\/li>\n\n\n\n<li class=\"\">Desenvolver mood boards para projectos de design<\/li>\n\n\n\n<li class=\"\">Produzir ilustra\u00e7\u00f5es personalizadas para livros ou artigos<\/li>\n\n\n\n<li class=\"\">Conceber conte\u00fados exclusivos para as redes sociais<\/li>\n\n\n\n<li class=\"\">Conceptualizar novas concep\u00e7\u00f5es de produtos<\/li>\n\n\n\n<li class=\"\">Criar storyboards para filmes ou anima\u00e7\u00f5es<\/li>\n\n\n\n<li class=\"\">Desenvolver avatares ou personagens personalizados<\/li>\n\n\n\n<li class=\"\">Gerar texturas realistas para modela\u00e7\u00e3o 3D<\/li>\n\n\n\n<li class=\"\">Criar fundos personalizados para apresenta\u00e7\u00f5es ou s\u00edtios Web<\/li>\n<\/ol>\n\n\n\n<h3 class=\"wp-block-heading\">As 10 principais ferramentas de imagem para prompt: Pr\u00f3s, contras e percep\u00e7\u00f5es<\/h3>\n\n\n\n<figure class=\"wp-block-table\"><table class=\"has-fixed-layout\"><thead><tr><th>Ferramenta<\/th><th>Pr\u00f3s<\/th><th>Contras<\/th><th>S\u00edtio Web<\/th><\/tr><\/thead><tbody><tr><td>AIArtFree.online<\/td><td>100% Utiliza\u00e7\u00e3o gratuita e ilimitada, sem necessidade de registo<\/td><td>Pode ter limita\u00e7\u00f5es nas funcionalidades avan\u00e7adas<\/td><td>https:\/\/aiartfree.online\/image-to-prompt\/<\/td><\/tr><tr><td>Meio da viagem<\/td><td>Resultados de alta qualidade, grande comunidade de utilizadores<\/td><td>\u00c9 necess\u00e1ria uma subscri\u00e7\u00e3o paga<\/td><td><a href=\"https:\/\/www.midjourney.com\/\" target=\"_blank\" rel=\"noreferrer noopener\">https:\/\/www.midjourney.com\/<\/a><\/td><\/tr><tr><td>DALL-E 3<\/td><td>Vers\u00e1til, produz imagens de alta qualidade<\/td><td>Cr\u00e9ditos gratuitos limitados, \u00e9 necess\u00e1rio um plano pago para uma utiliza\u00e7\u00e3o extensiva<\/td><td><a href=\"https:\/\/aiartfree.online\/pt\/livre-dalle-3\/\" target=\"_blank\" rel=\"noreferrer noopener\">DALL-E 3<\/a><\/td><\/tr><tr><td>Difus\u00e3o est\u00e1vel<\/td><td>C\u00f3digo aberto, altamente personaliz\u00e1vel<\/td><td>Necessita de conhecimentos t\u00e9cnicos para a sua instala\u00e7\u00e3o<\/td><td>https:\/\/stability.ai\/<\/td><\/tr><tr><td>Artbreeder<\/td><td>Interface f\u00e1cil de utilizar, boa para principiantes<\/td><td>Controlo limitado sobre pormenores espec\u00edficos<\/td><td>https:\/\/www.artbreeder.com\/<\/td><\/tr><tr><td>NightCafe<\/td><td>V\u00e1rios estilos de arte de IA, interface intuitiva<\/td><td>Sistema baseado em cr\u00e9ditos, pode ser dispendioso<\/td><td>https:\/\/nightcafe.studio\/<\/td><\/tr><tr><td>Pista ML<\/td><td>Funcionalidades avan\u00e7adas, adequadas para profissionais<\/td><td>Curva de aprendizagem acentuada, baseada em subscri\u00e7\u00e3o<\/td><td>https:\/\/runwayml.com\/<\/td><\/tr><tr><td>Pixray<\/td><td>C\u00f3digo aberto, altamente personaliz\u00e1vel<\/td><td>Requer conhecimentos de codifica\u00e7\u00e3o<\/td><td>https:\/\/pixray.gob.io\/<\/td><\/tr><tr><td>Craiyon (anteriormente DALL-E mini)<\/td><td>Utiliza\u00e7\u00e3o gratuita, n\u00e3o \u00e9 necess\u00e1ria uma conta<\/td><td>Resultados de qualidade inferior em compara\u00e7\u00e3o com alternativas pagas<\/td><td>https:\/\/www.craiyon.com\/<\/td><\/tr><tr><td>Sonho de WOMBO<\/td><td>Amig\u00e1vel para telem\u00f3veis, f\u00e1cil de utilizar<\/td><td>Op\u00e7\u00f5es de personaliza\u00e7\u00e3o limitadas<\/td><td>https:\/\/www.wombo.art\/<\/td><\/tr><\/tbody><\/table><\/figure>\n\n\n\n<h3 class=\"wp-block-heading\">Vantagens e desafios do sector Image to Prompt<\/h3>\n\n\n\n<p class=\"\">Vantagens:<\/p>\n\n\n\n<ol class=\"wp-block-list\">\n<li class=\"\">Avan\u00e7os tecnol\u00f3gicos r\u00e1pidos<\/li>\n\n\n\n<li class=\"\">Crescente procura no mercado<\/li>\n\n\n\n<li class=\"\">Integra\u00e7\u00e3o com outras tecnologias de IA<\/li>\n\n\n\n<li class=\"\">Potencial para aplica\u00e7\u00f5es inter-industriais<\/li>\n\n\n\n<li class=\"\">Democratiza\u00e7\u00e3o da cria\u00e7\u00e3o art\u00edstica<\/li>\n<\/ol>\n\n\n\n<p class=\"\">Desafios:<\/p>\n\n\n\n<ol class=\"wp-block-list\">\n<li class=\"\">Preocupa\u00e7\u00f5es \u00e9ticas relativas aos direitos de autor e \u00e0 originalidade<\/li>\n\n\n\n<li class=\"\">Equilibrar a automatiza\u00e7\u00e3o com a criatividade humana<\/li>\n\n\n\n<li class=\"\">Garantir a exatid\u00e3o e a relev\u00e2ncia dos avisos gerados<\/li>\n\n\n\n<li class=\"\">Preocupa\u00e7\u00f5es com a privacidade relacionadas com a an\u00e1lise de imagens<\/li>\n\n\n\n<li class=\"\">Acompanhar a evolu\u00e7\u00e3o dos algoritmos e modelos de IA<\/li>\n<\/ol>\n\n\n\n<h3 class=\"wp-block-heading\">Perguntas frequentes (FAQ)<\/h3>\n\n\n\n<ol class=\"wp-block-list\">\n<li class=\"\">P: Qual \u00e9 o melhor gerador de mensagens de IA gratuito?<br>R: O AIArtFree.online (https:\/\/aiartfree.online\/image-to-prompt\/) \u00e9 um dos melhores geradores gratuitos de mensagens de IA, oferecendo utiliza\u00e7\u00e3o ilimitada sem registo.<\/li>\n\n\n\n<li class=\"\">P: Como \u00e9 que converto uma imagem num prompt?<br>R: Carregue a sua imagem para uma ferramenta de imagem para prompt, e a IA ir\u00e1 gerar um prompt de texto com base no conte\u00fado visual.<\/li>\n\n\n\n<li class=\"\">P: Posso utilizar uma imagem para utilizar o Midjourney?<br>R: Sim, pode utilizar ferramentas de convers\u00e3o de imagens em prompts para gerar prompts de texto para utilizar com o Midjourney.<\/li>\n\n\n\n<li class=\"\">P: Como \u00e9 que obtenho uma mensagem de uma imagem no Stable Diffusion?<br>R: Utilize uma ferramenta de imagem para gerar uma descri\u00e7\u00e3o de texto e, em seguida, introduza essa mensagem no Stable Diffusion.<\/li>\n\n\n\n<li class=\"\">P: H\u00e1 algum gerador gratuito de imagens para prompts?<br>R: Sim, o site AIArtFree.online oferece um servi\u00e7o gratuito e ilimitado de imagens para prompts sem necessidade de registo.<\/li>\n\n\n\n<li class=\"\">P: Qual \u00e9 o grau de precis\u00e3o das ferramentas de imagem para prompt?<br>R: A precis\u00e3o varia consoante a ferramenta e a complexidade da imagem, mas a maioria fornece descri\u00e7\u00f5es razoavelmente precisas.<\/li>\n\n\n\n<li class=\"\">P: Posso utilizar o image-to-prompt para projectos comerciais?<br>R: Sim, mas verifique os termos de servi\u00e7o da ferramenta espec\u00edfica que est\u00e1 a utilizar relativamente aos direitos de utiliza\u00e7\u00e3o comercial.<\/li>\n\n\n\n<li class=\"\">P: Como \u00e9 que fa\u00e7o para que a arte gerada por IA pare\u00e7a mais realista?<br>R: Utilize sugest\u00f5es pormenorizadas, experimente estilos diferentes e considere a possibilidade de p\u00f3s-processar as imagens geradas.<\/li>\n\n\n\n<li class=\"\">P: \u00c9 poss\u00edvel gerar avisos a partir de v\u00e1rias imagens?<br>R: Algumas ferramentas avan\u00e7adas permitem a introdu\u00e7\u00e3o de v\u00e1rias imagens, mas a maioria centra-se na an\u00e1lise de uma \u00fanica imagem.<\/li>\n\n\n\n<li class=\"\">P: Como posso melhorar a qualidade dos avisos gerados?<br>R: Utilize imagens n\u00edtidas e de alta qualidade e experimente diferentes ferramentas de imagem para prompt para encontrar os melhores resultados para as suas necessidades.<\/li>\n<\/ol>","protected":false},"excerpt":{"rendered":"<p>How to use Image to Prompt * Depending on your internet speed, loading the model may take a few seconds. \u2193 Image to Prompt: Unlocking the Power of AI-Generated Art This article explores the fascinating world of image-to-prompt technology, focusing on how it revolutionizes AI-generated art creation. We&#8217;ll delve into its definition, importance, and applications, &#8230; <a title=\"Imagem para o prompt\" class=\"read-more\" href=\"https:\/\/aiartfree.online\/pt\/imagem-para-solicitar\/\" aria-label=\"Leia mais sobre Image to Prompt\">Ler mais<\/a><\/p>","protected":false},"author":1,"featured_media":2671,"parent":0,"menu_order":0,"comment_status":"open","ping_status":"closed","template":"","meta":{"nf_dc_page":"","footnotes":""},"class_list":["post-3318","page","type-page","status-publish","has-post-thumbnail"],"jetpack_sharing_enabled":true,"_links":{"self":[{"href":"https:\/\/aiartfree.online\/pt\/wp-json\/wp\/v2\/pages\/3318","targetHints":{"allow":["GET"]}}],"collection":[{"href":"https:\/\/aiartfree.online\/pt\/wp-json\/wp\/v2\/pages"}],"about":[{"href":"https:\/\/aiartfree.online\/pt\/wp-json\/wp\/v2\/types\/page"}],"author":[{"embeddable":true,"href":"https:\/\/aiartfree.online\/pt\/wp-json\/wp\/v2\/users\/1"}],"replies":[{"embeddable":true,"href":"https:\/\/aiartfree.online\/pt\/wp-json\/wp\/v2\/comments?post=3318"}],"version-history":[{"count":0,"href":"https:\/\/aiartfree.online\/pt\/wp-json\/wp\/v2\/pages\/3318\/revisions"}],"wp:featuredmedia":[{"embeddable":true,"href":"https:\/\/aiartfree.online\/pt\/wp-json\/wp\/v2\/media\/2671"}],"wp:attachment":[{"href":"https:\/\/aiartfree.online\/pt\/wp-json\/wp\/v2\/media?parent=3318"}],"curies":[{"name":"wp","href":"https:\/\/api.w.org\/{rel}","templated":true}]}}