{"id":3292,"date":"2024-07-29T12:48:46","date_gmt":"2024-07-29T12:48:46","guid":{"rendered":"https:\/\/aiartfree.online\/?page_id=3292"},"modified":"2024-08-02T10:03:15","modified_gmt":"2024-08-02T10:03:15","slug":"vocal-remover","status":"publish","type":"page","link":"https:\/\/aiartfree.online\/pt\/removedor-vocal\/","title":{"rendered":"Removedor Vocal"},"content":{"rendered":"<h2 class=\"wp-block-heading\" id=\"how-to-use-vocal-remover\">Como utilizar o Vocal Remover<\/h2>\n\n\n\n<ol class=\"wp-block-list\">\n<li class=\"\">Selecionar o m\u00e9todo de processo<\/li>\n\n\n\n<li class=\"\">Selecionar o modelo VR<\/li>\n\n\n\n<li class=\"\">Selecionar o tamanho da janela<\/li>\n\n\n\n<li class=\"\">Carregue ou largue o seu ficheiro \u00e1udio<\/li>\n\n\n\n<li class=\"\">Clique em \"Iniciar processamento\"<\/li>\n\n\n\n<li class=\"\">Espera, \u00e9 isso mesmo!<\/li>\n<\/ol>\n\n\n\n<p class=\"\"><em>* Dependendo da velocidade da sua Internet, o carregamento do modelo pode demorar alguns segundos.<br>* Durante a gera\u00e7\u00e3o cont\u00ednua, haver\u00e1 armazenamento em cache e a nova imagem aparecer\u00e1 ap\u00f3s cerca de 3 segundos.<\/em><\/p>\n\n\n\n<div class=\"iframe-wrapper\" style=\"position: relative; width: 100%; height: 1300px;\">\n  <div class=\"loading\" style=\"position: absolute; top: 50px; left: 50%; transform: translate(-50%, -50%); width: 40px; height: 40px; border: 3px solid #f0f0f0; border-top: 3px solid #db7093; border-radius: 50%; animation: spin 1s linear infinite;\"><\/div>\n  <iframe loading=\"lazy\" src=\"https:\/\/r3gm-ultimate-vocal-remover-webui.hf.space\" frameborder=\"0\" width=\"100%\" height=\"100%\" style=\"position: absolute; top: 0; left: 0; opacity: 0; transition: opacity 0.3s;\" onload=\"this.style.opacity=1;this.previousElementSibling.style.display='none';\"><\/iframe>\n<\/div>\n\n<style>\n@keyframes spin {\n  0% { transform: translate(-50%, -50%) rotate(0deg); }\n  100% { transform: translate(-50%, -50%) rotate(360deg); }\n}\n<\/style>\n\n\n\n<div style=\"height:50px\" aria-hidden=\"true\" class=\"wp-block-spacer\"><\/div>\n\n\n\n<h2 class=\"wp-block-heading\" id=\"vocal-remover-the-ultimate-guide-to-removing-vocals-from-songs\">Removedor de Vocal: O Guia Definitivo para Remover Vocais de M\u00fasicas<\/h2>\n\n\n\n<div class=\"wp-block-rank-math-toc-block\" id=\"rank-math-toc\"><h3>\u00cdndice<\/h3><nav><ul><li><a href=\"#introduction\">Introdu\u00e7\u00e3o<\/a><\/li><li><a href=\"#what-is-a-vocal-remover\">O que \u00e9 um Removedor Vocal?<\/a><\/li><li><a href=\"#why-use-a-vocal-remover\">Porqu\u00ea utilizar um removedor vocal?<\/a><\/li><li><a href=\"#who-can-benefit-from-using-a-vocal-remover\">Quem pode beneficiar da utiliza\u00e7\u00e3o de um removedor vocal?<\/a><\/li><li><a href=\"#top-10-vocal-remover-tools-pros-cons-advantages-challenges-and-recommendations\">As 10 melhores ferramentas de remo\u00e7\u00e3o vocal: Pr\u00f3s, contras, vantagens, desafios e recomenda\u00e7\u00f5es<\/a><\/li><li><a href=\"#faq-frequently-asked-questions-about-vocal-removers\">FAQ: Perguntas frequentes sobre removedores vocais<\/a><\/li><li><a href=\"#conclusion\">Conclus\u00e3o<\/a><\/li><\/ul><\/nav><\/div>\n\n\n\n<h3 class=\"wp-block-heading\" id=\"introduction\">Introdu\u00e7\u00e3o<\/h3>\n\n\n\n<p class=\"\">A remo\u00e7\u00e3o de vozes de can\u00e7\u00f5es pode ser um fator de mudan\u00e7a para m\u00fasicos, produtores e amadores. Quer esteja a criar faixas de karaoke, a remisturar m\u00fasicas ou a extrair vozes para fins educativos, os removedores de vozes podem tornar o processo simples e eficaz. Este artigo ir\u00e1 explorar os pr\u00f3s e contras dos removedores de vocais, discutir as melhores ferramentas dispon\u00edveis e fornecer uma sec\u00e7\u00e3o de FAQ detalhada para responder a quest\u00f5es comuns.<\/p>\n\n\n\n<figure class=\"wp-block-image size-full is-resized\"><img data-recalc-dims=\"1\" data-dominant-color=\"58514d\" data-has-transparency=\"false\" decoding=\"async\" width=\"1024\" height=\"1024\"   loading=\"lazy\" src=\"https:\/\/i0.wp.com\/aiartfree.online\/wp-content\/uploads\/2024\/07\/image-31-2.webp?resize=1024%2C1024&#038;ssl=1\" alt=\"Descubra as melhores ferramentas de remo\u00e7\u00e3o de vocais para remover vocais de uma m\u00fasica. Explore op\u00e7\u00f5es gratuitas, ilimitadas e sem registo, e o AI Vocal Remover alimentado por IA.\" class=\"wp-image-3297 not-transparent\" style=\"--dominant-color: #58514d; width:536px;height:auto\" srcset=\"https:\/\/i0.wp.com\/aiartfree.online\/wp-content\/uploads\/2024\/07\/image-31-2.webp?w=1024&amp;ssl=1 1024w, https:\/\/i0.wp.com\/aiartfree.online\/wp-content\/uploads\/2024\/07\/image-31-2.webp?resize=300%2C300&amp;ssl=1 300w, https:\/\/i0.wp.com\/aiartfree.online\/wp-content\/uploads\/2024\/07\/image-31-2.webp?resize=150%2C150&amp;ssl=1 150w, https:\/\/i0.wp.com\/aiartfree.online\/wp-content\/uploads\/2024\/07\/image-31-2.webp?resize=768%2C768&amp;ssl=1 768w, https:\/\/i0.wp.com\/aiartfree.online\/wp-content\/uploads\/2024\/07\/image-31-2.webp?resize=12%2C12&amp;ssl=1 12w, https:\/\/i0.wp.com\/aiartfree.online\/wp-content\/uploads\/2024\/07\/image-31-2.webp?resize=600%2C600&amp;ssl=1 600w, https:\/\/i0.wp.com\/aiartfree.online\/wp-content\/uploads\/2024\/07\/image-31-2.webp?resize=100%2C100&amp;ssl=1 100w\" sizes=\"auto, (max-width: 1024px) 100vw, 1024px\" \/><\/figure>\n\n\n\n<h3 class=\"wp-block-heading\" id=\"what-is-a-vocal-remover\">O que \u00e9 um Removedor Vocal?<\/h3>\n\n\n\n<p class=\"\">Um removedor de vocais \u00e9 um software ou ferramenta que utiliza algoritmos de processamento de \u00e1udio para isolar e remover vocais de uma faixa de m\u00fasica. Este processo envolve normalmente t\u00e9cnicas de cancelamento de fase e de filtragem de frequ\u00eancias para diferenciar entre componentes vocais e instrumentais de uma can\u00e7\u00e3o.<\/p>\n\n\n\n<h3 class=\"wp-block-heading\" id=\"why-use-a-vocal-remover\">Porqu\u00ea utilizar um removedor vocal?<\/h3>\n\n\n\n<p class=\"\">A utiliza\u00e7\u00e3o de um removedor vocal oferece v\u00e1rias vantagens:<\/p>\n\n\n\n<ul class=\"wp-block-list\">\n<li class=\"\"><strong>Liberdade criativa:<\/strong> Permite aos m\u00fasicos e produtores criar vers\u00f5es instrumentais ou remisturas de can\u00e7\u00f5es.<\/li>\n\n\n\n<li class=\"\"><strong>Faixas de karaoke:<\/strong> Permite a cria\u00e7\u00e3o de faixas de karaoke removendo as vozes originais.<\/li>\n\n\n\n<li class=\"\"><strong>Ferramenta de aprendizagem:<\/strong> Ajuda os estudantes de m\u00fasica e vocalistas a praticar cantando juntamente com faixas instrumentais.<\/li>\n\n\n\n<li class=\"\"><strong>Cria\u00e7\u00e3o de conte\u00fados:<\/strong> \u00datil para criadores de conte\u00fados que necessitam de m\u00fasica de fundo sem vozes.<\/li>\n<\/ul>\n\n\n\n<h3 class=\"wp-block-heading\" id=\"who-can-benefit-from-using-a-vocal-remover\">Quem pode beneficiar da utiliza\u00e7\u00e3o de um removedor vocal?<\/h3>\n\n\n\n<p class=\"\">Os removedores vocais s\u00e3o ben\u00e9ficos para v\u00e1rios grupos, incluindo:<\/p>\n\n\n\n<ul class=\"wp-block-list\">\n<li class=\"\"><strong>M\u00fasicos e produtores:<\/strong> Para criar remixes e instrumentais.<\/li>\n\n\n\n<li class=\"\"><strong>Entusiastas do karaoke:<\/strong> Para criar faixas de karaoke para cantar.<\/li>\n\n\n\n<li class=\"\"><strong>Estudantes e professores de m\u00fasica:<\/strong> Para fins educativos.<\/li>\n\n\n\n<li class=\"\"><strong>Criadores de conte\u00fados:<\/strong> Para utilizar m\u00fasica de fundo em v\u00eddeos ou apresenta\u00e7\u00f5es.<\/li>\n\n\n\n<li class=\"\"><strong>DJs:<\/strong> Para criar misturas e mashups \u00fanicos.<\/li>\n<\/ul>\n\n\n\n<h3 class=\"wp-block-heading\" id=\"top-10-vocal-remover-tools-pros-cons-advantages-challenges-and-recommendations\">As 10 melhores ferramentas de remo\u00e7\u00e3o vocal: Pr\u00f3s, contras, vantagens, desafios e recomenda\u00e7\u00f5es<\/h3>\n\n\n\n<figure class=\"wp-block-table\"><table class=\"has-fixed-layout\"><thead><tr><th>Ferramenta\/Website<\/th><th>Pr\u00f3s<\/th><th>Contras<\/th><th>Vantagens<\/th><th>Desafios<\/th><th>Recomenda\u00e7\u00f5es<\/th><\/tr><\/thead><tbody><tr><td><a href=\"https:\/\/aiartfree.online\/pt\/removedor-vocal\/\">AI Art Free Vocal Remover<\/a><\/td><td>Gratuito, Ilimitado, Sem registo, Alta qualidade de \u00e1udio<\/td><td>Op\u00e7\u00f5es de personaliza\u00e7\u00e3o limitadas<\/td><td>F\u00e1cil de utilizar, alimentado por IA<\/td><td>Pode n\u00e3o suportar todos os formatos de \u00e1udio<\/td><td>\u00d3timo para uma remo\u00e7\u00e3o vocal r\u00e1pida e de alta qualidade<\/td><\/tr><tr><td>Removedor de Vocal AI da Noteburner<\/td><td>Extra\u00e7\u00e3o vocal de alta qualidade, interface de f\u00e1cil utiliza\u00e7\u00e3o<\/td><td>Requer compra ap\u00f3s o per\u00edodo de teste<\/td><td>Algoritmos avan\u00e7ados de IA, bom apoio ao cliente<\/td><td>Custo mais elevado em compara\u00e7\u00e3o com outras ferramentas<\/td><td>Ideal para profissionais que procuram uma remo\u00e7\u00e3o vocal precisa<\/td><\/tr><tr><td>PhonicMind<\/td><td>Suporta v\u00e1rios formatos, capacidades de processamento em lote<\/td><td>Servi\u00e7o pago<\/td><td>Separa\u00e7\u00e3o vocal e instrumental exacta<\/td><td>Requer uma liga\u00e7\u00e3o forte \u00e0 Internet<\/td><td>Ideal para processamento em lote e elevada precis\u00e3o<\/td><\/tr><tr><td>Lalal.ai<\/td><td>Passos simples, sem necessidade de instala\u00e7\u00e3o de software<\/td><td>Utiliza\u00e7\u00e3o gratuita limitada<\/td><td>Processamento r\u00e1pido, suporta ficheiros de \u00e1udio e v\u00eddeo<\/td><td>Limitado a pistas curtas na vers\u00e3o gratuita<\/td><td>Adequado para utilizadores que necessitam de uma remo\u00e7\u00e3o vocal r\u00e1pida e simples<\/td><\/tr><tr><td>Aud\u00e1cia<\/td><td>Gratuito e de c\u00f3digo aberto, Extensas capacidades de edi\u00e7\u00e3o de \u00e1udio<\/td><td>Curva de aprendizagem mais acentuada, processo manual<\/td><td>Personaliz\u00e1vel, compat\u00edvel com v\u00e1rios formatos<\/td><td>Requer alguns conhecimentos t\u00e9cnicos<\/td><td>Ideal para utilizadores que necessitam de funcionalidades avan\u00e7adas de edi\u00e7\u00e3o de \u00e1udio<\/td><\/tr><tr><td>Spleeter<\/td><td>C\u00f3digo aberto, baseado em Python, altamente personaliz\u00e1vel<\/td><td>Requer conhecimentos t\u00e9cnicos, ferramenta de linha de comando<\/td><td>Poderosos algoritmos de IA, gr\u00e1tis<\/td><td>A instala\u00e7\u00e3o e a configura\u00e7\u00e3o podem ser complexas<\/td><td>Ideal para utilizadores e programadores com experi\u00eancia em tecnologia<\/td><\/tr><tr><td>VocalRemover.org<\/td><td>Ferramenta online gratuita, interface de f\u00e1cil utiliza\u00e7\u00e3o<\/td><td>Limitado \u00e0 utiliza\u00e7\u00e3o em linha, os an\u00fancios podem ser intrusivos<\/td><td>R\u00e1pido e f\u00e1cil de utilizar, n\u00e3o \u00e9 necess\u00e1rio descarregar software<\/td><td>A qualidade do \u00e1udio pode variar consoante a faixa<\/td><td>Perfeito para utilizadores casuais e tarefas r\u00e1pidas<\/td><\/tr><tr><td><a href=\"http:\/\/X-Minus.pro\" target=\"_blank\" data-type=\"link\" data-id=\"X-Minus.pro\" rel=\"noreferrer noopener\">X-Minus.pro<\/a><\/td><td>Sa\u00edda de alta qualidade, suporte para v\u00e1rios idiomas<\/td><td>Baseado em assinaturas<\/td><td>Alta precis\u00e3o, processamento em lote<\/td><td>Requer subscri\u00e7\u00e3o para todas as funcionalidades<\/td><td>Ideal para utilizadores frequentes que necessitam de uma qualidade consistente<\/td><\/tr><tr><td>Karaoke Qualquer Coisa<\/td><td>Software gratuito, interface simples<\/td><td>Funcionalidades limitadas, apenas para Windows<\/td><td>F\u00e1cil de utilizar, eficaz para a remo\u00e7\u00e3o vocal b\u00e1sica<\/td><td>Dispon\u00edvel apenas no Windows<\/td><td>Bom para principiantes<\/td><\/tr><tr><td>Editor de \u00e1udio WavePad<\/td><td>Conjunto de edi\u00e7\u00e3o de \u00e1udio abrangente, compat\u00edvel com v\u00e1rios formatos<\/td><td>Software pago<\/td><td>Vers\u00e1til, inclui muitos efeitos de \u00e1udio<\/td><td>Pode ser complicado para os novos utilizadores<\/td><td>Excelente para utilizadores que necessitam de uma suite de edi\u00e7\u00e3o de \u00e1udio com todas as funcionalidades<\/td><\/tr><\/tbody><\/table><\/figure>\n\n\n\n<h3 class=\"wp-block-heading\" id=\"faq-frequently-asked-questions-about-vocal-removers\">FAQ: Perguntas frequentes sobre removedores vocais<\/h3>\n\n\n\n<ol class=\"wp-block-list\">\n<li class=\"\"><strong>Como remover as vozes de uma m\u00fasica?<\/strong>\n<ul class=\"wp-block-list\">\n<li class=\"\">Pode utilizar ferramentas de remo\u00e7\u00e3o de vocais como o AI Art Free Vocal Remover ou o Audacity para isolar e remover vocais de uma faixa.<\/li>\n<\/ul>\n<\/li>\n\n\n\n<li class=\"\"><strong>Como \u00e9 que se removem as vozes de uma m\u00fasica?<\/strong>\n<ul class=\"wp-block-list\">\n<li class=\"\">A maioria das ferramentas utiliza t\u00e9cnicas de cancelamento de fase e de filtragem de frequ\u00eancia para remover as vozes. Basta carregar a sua faixa e seguir as instru\u00e7\u00f5es da ferramenta.<\/li>\n<\/ul>\n<\/li>\n\n\n\n<li class=\"\"><strong>Como \u00e9 que posso remover as vozes de uma m\u00fasica?<\/strong>\n<ul class=\"wp-block-list\">\n<li class=\"\">Escolha uma ferramenta de remo\u00e7\u00e3o de vocais, carregue o seu ficheiro de \u00e1udio e deixe que a ferramenta processe o ficheiro para remover os vocais.<\/li>\n<\/ul>\n<\/li>\n\n\n\n<li class=\"\"><strong>Como remover as vozes de uma faixa?<\/strong>\n<ul class=\"wp-block-list\">\n<li class=\"\">Utilize software como o Noteburner AI Vocal Remover ou ferramentas online como o Lalal.ai para processar e remover as vozes da sua faixa.<\/li>\n<\/ul>\n<\/li>\n\n\n\n<li class=\"\"><strong>Como remover as vozes da m\u00fasica?<\/strong>\n<ul class=\"wp-block-list\">\n<li class=\"\">Ferramentas como PhonicMind e VocalRemover.org oferecem formas f\u00e1ceis de remover vocais de faixas de m\u00fasica online.<\/li>\n<\/ul>\n<\/li>\n\n\n\n<li class=\"\"><strong>\u00c9 poss\u00edvel remover completamente as vozes de uma m\u00fasica?<\/strong>\n<ul class=\"wp-block-list\">\n<li class=\"\">Embora seja dif\u00edcil remover completamente os vocais sem afetar a qualidade do \u00e1udio, as ferramentas avan\u00e7adas podem atingir uma elevada precis\u00e3o.<\/li>\n<\/ul>\n<\/li>\n\n\n\n<li class=\"\"><strong>Qual \u00e9 o melhor removedor vocal?<\/strong>\n<ul class=\"wp-block-list\">\n<li class=\"\">O melhor removedor vocal depende das suas necessidades. O AI Art Free Vocal Remover \u00e9 \u00f3timo para uma utiliza\u00e7\u00e3o r\u00e1pida, enquanto o Noteburner AI Vocal Remover \u00e9 excelente para profissionais.<\/li>\n<\/ul>\n<\/li>\n\n\n\n<li class=\"\"><strong>Os removedores de vocais conseguem separar com precis\u00e3o os vocais da m\u00fasica de fundo?<\/strong>\n<ul class=\"wp-block-list\">\n<li class=\"\">Sim, muitos removedores de vocais, especialmente os que utilizam algoritmos de IA, conseguem separar com precis\u00e3o os vocais da m\u00fasica de fundo.<\/li>\n<\/ul>\n<\/li>\n\n\n\n<li class=\"\"><strong>Existem ferramentas gratuitas de remo\u00e7\u00e3o de voz?<\/strong>\n<ul class=\"wp-block-list\">\n<li class=\"\">Sim, ferramentas como o VocalRemover.org e o Audacity oferecem op\u00e7\u00f5es gratuitas para remover as vozes das can\u00e7\u00f5es.<\/li>\n<\/ul>\n<\/li>\n\n\n\n<li class=\"\"><strong>Os removedores de voz funcionam em todos os ficheiros de \u00e1udio?<\/strong>\n<ul class=\"wp-block-list\">\n<li class=\"\">A maioria dos removedores de vocais suporta formatos de \u00e1udio comuns, mas a efic\u00e1cia pode variar consoante a qualidade e a complexidade da faixa.<\/li>\n<\/ul>\n<\/li>\n<\/ol>\n\n\n\n<h3 class=\"wp-block-heading\" id=\"conclusion\">Conclus\u00e3o<\/h3>\n\n\n\n<p class=\"\">Os removedores vocais s\u00e3o ferramentas inestim\u00e1veis para m\u00fasicos, produtores e criadores de conte\u00fado. Com a ferramenta certa, \u00e9 poss\u00edvel criar facilmente vers\u00f5es instrumentais, remixes e faixas de karaoke. Este guia fornece uma vis\u00e3o geral das melhores ferramentas de remo\u00e7\u00e3o de vocais dispon\u00edveis, juntamente com os seus pr\u00f3s, contras e recomenda\u00e7\u00f5es para o ajudar a fazer uma escolha informada.<\/p>","protected":false},"excerpt":{"rendered":"<p>How to use Vocal Remover *&nbsp;Depending on your internet speed, loading the model may take a few seconds.* There will be caching during continuous generation, and the new image will appear after about 3 seconds. Vocal Remover: The Ultimate Guide to Removing Vocals from Songs Introduction Removing vocals from songs can be a game-changer for &#8230; <a title=\"Removedor Vocal\" class=\"read-more\" href=\"https:\/\/aiartfree.online\/pt\/removedor-vocal\/\" aria-label=\"Leia mais sobre Vocal Remover\">Ler mais<\/a><\/p>","protected":false},"author":1,"featured_media":3297,"parent":0,"menu_order":0,"comment_status":"closed","ping_status":"closed","template":"","meta":{"nf_dc_page":"","footnotes":""},"class_list":["post-3292","page","type-page","status-publish","has-post-thumbnail"],"jetpack_sharing_enabled":true,"_links":{"self":[{"href":"https:\/\/aiartfree.online\/pt\/wp-json\/wp\/v2\/pages\/3292","targetHints":{"allow":["GET"]}}],"collection":[{"href":"https:\/\/aiartfree.online\/pt\/wp-json\/wp\/v2\/pages"}],"about":[{"href":"https:\/\/aiartfree.online\/pt\/wp-json\/wp\/v2\/types\/page"}],"author":[{"embeddable":true,"href":"https:\/\/aiartfree.online\/pt\/wp-json\/wp\/v2\/users\/1"}],"replies":[{"embeddable":true,"href":"https:\/\/aiartfree.online\/pt\/wp-json\/wp\/v2\/comments?post=3292"}],"version-history":[{"count":0,"href":"https:\/\/aiartfree.online\/pt\/wp-json\/wp\/v2\/pages\/3292\/revisions"}],"wp:featuredmedia":[{"embeddable":true,"href":"https:\/\/aiartfree.online\/pt\/wp-json\/wp\/v2\/media\/3297"}],"wp:attachment":[{"href":"https:\/\/aiartfree.online\/pt\/wp-json\/wp\/v2\/media?parent=3292"}],"curies":[{"name":"wp","href":"https:\/\/api.w.org\/{rel}","templated":true}]}}