{"id":3281,"date":"2024-07-28T12:00:16","date_gmt":"2024-07-28T12:00:16","guid":{"rendered":"https:\/\/aiartfree.online\/?page_id=3281"},"modified":"2024-08-02T11:09:05","modified_gmt":"2024-08-02T11:09:05","slug":"watermark-remover","status":"publish","type":"page","link":"https:\/\/aiartfree.online\/pt\/removedor-de-marcas-de-agua\/","title":{"rendered":"Removedor de marcas de \u00e1gua"},"content":{"rendered":"<h2 class=\"wp-block-heading has-text-align-center\" id=\"before-vs-after\">Antes e depois<\/h2>\n\n\n\n<figure class=\"gb-block-image gb-block-image-1822da1f\"><img data-recalc-dims=\"1\" decoding=\"async\" loading=\"lazy\" width=\"1024\" height=\"518\" class=\"gb-image gb-image-1822da1f\" src=\"https:\/\/i0.wp.com\/aiartfree.online\/wp-content\/uploads\/2024\/07\/WX20240729-171649%402x-1024x518.webp?resize=1024%2C518&#038;ssl=1\" alt=\"Um removedor de marcas de \u00e1gua utiliza IA para apagar log\u00f3tipos, texto ou gr\u00e1ficos sobrepostos em fotografias ou v\u00eddeos, restaurando o suporte original atrav\u00e9s da remo\u00e7\u00e3o de marcas de propriedade.\" title=\"WX20240729-171649@2x\" srcset=\"https:\/\/i0.wp.com\/aiartfree.online\/wp-content\/uploads\/2024\/07\/WX20240729-171649%402x-scaled.webp?resize=1024%2C518&amp;ssl=1 1024w, https:\/\/i0.wp.com\/aiartfree.online\/wp-content\/uploads\/2024\/07\/WX20240729-171649%402x-scaled.webp?resize=300%2C152&amp;ssl=1 300w, https:\/\/i0.wp.com\/aiartfree.online\/wp-content\/uploads\/2024\/07\/WX20240729-171649%402x-scaled.webp?resize=768%2C388&amp;ssl=1 768w, https:\/\/i0.wp.com\/aiartfree.online\/wp-content\/uploads\/2024\/07\/WX20240729-171649%402x-scaled.webp?resize=1536%2C777&amp;ssl=1 1536w, https:\/\/i0.wp.com\/aiartfree.online\/wp-content\/uploads\/2024\/07\/WX20240729-171649%402x-scaled.webp?resize=2048%2C1036&amp;ssl=1 2048w, https:\/\/i0.wp.com\/aiartfree.online\/wp-content\/uploads\/2024\/07\/WX20240729-171649%402x-scaled.webp?resize=18%2C9&amp;ssl=1 18w, https:\/\/i0.wp.com\/aiartfree.online\/wp-content\/uploads\/2024\/07\/WX20240729-171649%402x-scaled.webp?resize=600%2C303&amp;ssl=1 600w, https:\/\/i0.wp.com\/aiartfree.online\/wp-content\/uploads\/2024\/07\/WX20240729-171649%402x-scaled.webp?w=2400&amp;ssl=1 2400w\" sizes=\"auto, (max-width: 1024px) 100vw, 1024px\" \/><\/figure>\n\n\n\n<h2 class=\"wp-block-heading\" id=\"how-to-use-watermark-remover\">Como utilizar o Watermark Remover<\/h2>\n\n\n\n<ol class=\"wp-block-list\">\n<li class=\"\">Largue ou carregue a sua imagem<\/li>\n\n\n\n<li class=\"\"><strong>Desenhe (pincel) a parte da imagem que pretende remover<\/strong><\/li>\n\n\n\n<li class=\"\">Clique em \"Submeter\"<\/li>\n\n\n\n<li class=\"\">Espera, \u00e9 isso mesmo!<\/li>\n<\/ol>\n\n\n\n<p class=\"\"><em>* Dependendo da velocidade da sua Internet, o carregamento do modelo pode demorar alguns segundos.<br>* Durante a gera\u00e7\u00e3o cont\u00ednua, haver\u00e1 armazenamento em cache e a nova imagem aparecer\u00e1 ap\u00f3s cerca de 3 segundos.<\/em><\/p>\n\n\n\n<div style=\"text-align: center; border: 2px solid; border-image-source: linear-gradient(to right, #16b86c, #912899); border-image-slice: 1; box-shadow: 0 0 10px rgba(0, 0, 0, 0.1); border-radius: 15px; position: relative;\">\n  <div id=\"loading\" style=\"position: absolute; top: 100px; left: 50%; transform: translate(-50%, -50%); z-index: 1000;\">\n    <div style=\"width: 50px; height: 50px; border: 5px solid #f3f3f3; border-top: 5px solid #16b86c; border-radius: 50%; animation: spin 1s linear infinite;\"><\/div>\n  <\/div>\n  <iframe loading=\"lazy\"\n    src=\"https:\/\/rooc-remove-photo-object.hf.space\"\n    frameborder=\"0\"\n    width=\"100%\"\n    height=\"2500\"\n    style=\"display: inline-block; margin: 0 auto;\"\n    onload=\"document.getElementById('loading').style.display='none';\"\n  ><\/iframe>\n<\/div>\n\n<style>\n  @keyframes spin {\n    0% { transform: rotate(0deg); }\n    100% { transform: rotate(360deg); }\n  }\n<\/style>\n\n\n\n<div style=\"height:50px\" aria-hidden=\"true\" class=\"wp-block-spacer\"><\/div>\n\n\n\n<h2 class=\"wp-block-heading\" id=\"introduction-of-watermark-remover\">Introdu\u00e7\u00e3o do Watermark Remover<\/h2>\n\n\n\n<div class=\"wp-block-rank-math-toc-block\" id=\"rank-math-toc\"><h3>\u00cdndice<\/h3><nav><ul><li><a href=\"#what-is-a-watermark-remover\">O que \u00e9 um removedor de marcas de \u00e1gua?<\/a><\/li><li><a href=\"#why-use-a-watermark-remover\">Porqu\u00ea utilizar um removedor de marcas de \u00e1gua?<\/a><\/li><li><a href=\"#who-can-benefit-from-using-a-watermark-remover\">Quem pode beneficiar da utiliza\u00e7\u00e3o de um removedor de marcas de \u00e1gua?<\/a><\/li><li><a href=\"#top-10-watermark-remover-tools-features-pros-cons-advantages-challenges-and-suggestions\">As 10 melhores ferramentas de remo\u00e7\u00e3o de marcas de \u00e1gua: Caracter\u00edsticas, Pr\u00f3s, Contras, Vantagens, Desafios e Sugest\u00f5es<\/a><\/li><li><a href=\"#frequently-asked-questions-faq\">Perguntas frequentes (FAQ)<\/a><\/li><\/ul><\/nav><\/div>\n\n\n\n<h3 class=\"wp-block-heading\" id=\"what-is-a-watermark-remover\">O que \u00e9 um removedor de marcas de \u00e1gua?<\/h3>\n\n\n\n<p class=\"\">Um removedor de marcas de \u00e1gua \u00e9 uma ferramenta ou software concebido para remover marcas de \u00e1gua de fotografias ou v\u00eddeos. As marcas de \u00e1gua s\u00e3o normalmente log\u00f3tipos, texto ou outros gr\u00e1ficos que s\u00e3o sobrepostos em imagens ou v\u00eddeos para indicar a propriedade ou os direitos de autor. Um removedor de marcas de \u00e1gua utiliza algoritmos avan\u00e7ados, muitas vezes alimentados por IA, para identificar e apagar estas marcas de \u00e1gua, deixando a imagem ou o v\u00eddeo original intacto.<\/p>\n\n\n\n<h3 class=\"wp-block-heading\" id=\"why-use-a-watermark-remover\">Porqu\u00ea utilizar um removedor de marcas de \u00e1gua?<\/h3>\n\n\n\n<p class=\"\">A utiliza\u00e7\u00e3o de um removedor de marcas de \u00e1gua pode ser crucial por v\u00e1rias raz\u00f5es:<\/p>\n\n\n\n<ul class=\"wp-block-list\">\n<li class=\"\"><strong>Restaura\u00e7\u00e3o<\/strong>: Ajuda a restaurar o suporte original sem quaisquer obstru\u00e7\u00f5es.<\/li>\n\n\n\n<li class=\"\"><strong>Utiliza\u00e7\u00e3o profissional<\/strong>: Essencial para fot\u00f3grafos, vide\u00f3grafos e designers que necessitam de imagens e v\u00eddeos limpos para o seu trabalho.<\/li>\n\n\n\n<li class=\"\"><strong>Edi\u00e7\u00e3o de conte\u00fados<\/strong>: Permite aos utilizadores editar e redirecionar suportes de dados sem a distra\u00e7\u00e3o das marcas de \u00e1gua.<\/li>\n\n\n\n<li class=\"\"><strong>Utiliza\u00e7\u00e3o legal<\/strong>: Importante para remover marcas de \u00e1gua de suportes sobre os quais tem direitos, mas que tinham marcas de \u00e1gua devido a uma utiliza\u00e7\u00e3o ou distribui\u00e7\u00e3o anterior.<\/li>\n<\/ul>\n\n\n\n<h3 class=\"wp-block-heading\" id=\"who-can-benefit-from-using-a-watermark-remover\">Quem pode beneficiar da utiliza\u00e7\u00e3o de um removedor de marcas de \u00e1gua?<\/h3>\n\n\n\n<p class=\"\">V\u00e1rios indiv\u00edduos e ind\u00fastrias podem beneficiar da utiliza\u00e7\u00e3o de um removedor de marcas de \u00e1gua, incluindo:<\/p>\n\n\n\n<ul class=\"wp-block-list\">\n<li class=\"\"><strong>Fot\u00f3grafos<\/strong>: Limpar as suas imagens para apresenta\u00e7\u00e3o do portef\u00f3lio.<\/li>\n\n\n\n<li class=\"\"><strong>Criadores de conte\u00fados<\/strong>: Para criar conte\u00fados sem marcas de \u00e1gua para redes sociais e s\u00edtios Web.<\/li>\n\n\n\n<li class=\"\"><strong>Profissionais de marketing<\/strong>: Assegurar que os materiais promocionais s\u00e3o limpos e t\u00eam um aspeto profissional.<\/li>\n\n\n\n<li class=\"\"><strong>Educadores<\/strong>: Para utilizar imagens e v\u00eddeos em apresenta\u00e7\u00f5es e materiais educativos sem distrac\u00e7\u00f5es.<\/li>\n\n\n\n<li class=\"\"><strong>Empresas<\/strong>: Manter uma imagem profissional nos materiais de marketing e de marca.<\/li>\n<\/ul>\n\n\n\n<h3 class=\"wp-block-heading\" id=\"top-10-watermark-remover-tools-features-pros-cons-advantages-challenges-and-suggestions\">As 10 melhores ferramentas de remo\u00e7\u00e3o de marcas de \u00e1gua: Caracter\u00edsticas, Pr\u00f3s, Contras, Vantagens, Desafios e Sugest\u00f5es<\/h3>\n\n\n\n<figure class=\"wp-block-table\"><table class=\"has-fixed-layout\"><thead><tr><th>Nome da ferramenta<\/th><th>URL<\/th><th>Caracter\u00edsticas<\/th><th>Pr\u00f3s<\/th><th>Contras<\/th><th>Vantagens<\/th><th>Desafios<\/th><th>Sugest\u00f5es<\/th><\/tr><\/thead><tbody><tr><td>Removedor de marcas de \u00e1gua AI Art Free<\/td><td><a href=\"https:\/\/aiartfree.online\/pt\/removedor-de-marcas-de-agua\/\">Arte AI Gr\u00e1tis<\/a><\/td><td>Gratuito, ilimitado, sem registo, alimentado por IA, f\u00e1cil de utilizar<\/td><td>F\u00e1cil de utilizar, Gratuito, N\u00e3o \u00e9 necess\u00e1rio registar-se, Sa\u00edda de alta qualidade<\/td><td>Caracter\u00edsticas avan\u00e7adas limitadas<\/td><td>Excelente para uma remo\u00e7\u00e3o r\u00e1pida e f\u00e1cil<\/td><td>Pode n\u00e3o funcionar bem em fundos complexos<\/td><td>Ideal para utilizadores casuais que necessitam de uma remo\u00e7\u00e3o r\u00e1pida da marca de \u00e1gua<\/td><\/tr><tr><td>Remover.bg<\/td><td>Remover.bg<\/td><td>Com tecnologia de IA, suporta fotografias<\/td><td>Alta precis\u00e3o, f\u00e1cil de utilizar<\/td><td>Limitado a fotografias, N\u00e3o \u00e9 gratuito<\/td><td>\u00d3timo para fot\u00f3grafos<\/td><td>Assinatura necess\u00e1ria para funcionalidades premium<\/td><td>Perfeito para utilizadores que se concentram em fotografias<\/td><\/tr><tr><td>Pintar<\/td><td>Pintar<\/td><td>Sele\u00e7\u00e3o manual, Suporta v\u00e1rios formatos<\/td><td>Elevado controlo, vers\u00e1til<\/td><td>O processo manual pode ser moroso<\/td><td>Ideal para trabalhos de pormenor<\/td><td>Curva de aprendizagem acentuada<\/td><td>Recomendado para utilizadores avan\u00e7ados<\/td><\/tr><tr><td>Removedor de marcas de \u00e1gua da Apowersoft<\/td><td>Apowersoft<\/td><td>Processamento em lote, suporta fotografias e v\u00eddeos<\/td><td>Eficiente, vers\u00e1til<\/td><td>\u00c9 necess\u00e1ria uma subscri\u00e7\u00e3o para obter todas as funcionalidades<\/td><td>Bom para tarefas em massa<\/td><td>Pode ser dispendioso<\/td><td>Ideal para utilizadores frequentes com necessidades de grande volume<\/td><\/tr><tr><td>HitPaw Removedor de marcas de \u00e1gua<\/td><td>HitPaw<\/td><td>Suporta fotografias e v\u00eddeos, alimentado por IA<\/td><td>Alta qualidade, vers\u00e1til<\/td><td>\u00c9 necess\u00e1ria uma subscri\u00e7\u00e3o para obter todas as funcionalidades<\/td><td>Adequado para fotografias e v\u00eddeos<\/td><td>Pode ser dispendioso<\/td><td>\u00d3timo para profissionais<\/td><\/tr><tr><td>SoftOrbits Removedor de carimbos de fotografias<\/td><td>SoftOrbits<\/td><td>Alimentado por IA, suporta processamento em lote<\/td><td>Eficiente, exato<\/td><td>Assinatura necess\u00e1ria para funcionalidades premium<\/td><td>Ideal para tarefas em massa<\/td><td>Caro para utilizadores ocasionais<\/td><td>Recomendado para utilizadores frequentes<\/td><\/tr><tr><td>Wondershare Fotophire<\/td><td>Fot\u00f3foro<\/td><td>Suporta v\u00e1rios formatos, f\u00e1cil de utilizar<\/td><td>Vers\u00e1til, f\u00e1cil de utilizar<\/td><td>\u00c9 necess\u00e1ria uma subscri\u00e7\u00e3o para obter todas as funcionalidades<\/td><td>\u00d3timo para principiantes<\/td><td>Caro<\/td><td>Ideal para novos utilizadores<\/td><\/tr><tr><td>GIMP<\/td><td>GIMP<\/td><td>Gratuito, C\u00f3digo aberto, Edi\u00e7\u00e3o manual<\/td><td>Altamente personaliz\u00e1vel, gratuito<\/td><td>Curva de aprendizagem acentuada<\/td><td>Ideal para edi\u00e7\u00e3o detalhada<\/td><td>Interface complexa<\/td><td>Ideal para utilizadores avan\u00e7ados<\/td><\/tr><tr><td>Trabalhos fotogr\u00e1ficos<\/td><td>Trabalhos fotogr\u00e1ficos<\/td><td>Alimentado por IA, compat\u00edvel com v\u00e1rios formatos<\/td><td>Exato, f\u00e1cil de utilizar<\/td><td>\u00c9 necess\u00e1ria uma subscri\u00e7\u00e3o para obter todas as funcionalidades<\/td><td>\u00d3timo para utiliza\u00e7\u00e3o casual e profissional<\/td><td>Pode ser dispendioso<\/td><td>Perfeito para todos os n\u00edveis de utilizador<\/td><\/tr><tr><td>Pixlr<\/td><td><a href=\"https:\/\/bingimagecreator.online\/\" target=\"_blank\" data-type=\"link\" data-id=\"https:\/\/bingimagecreator.online\/\" rel=\"noreferrer noopener\">Pixlr<\/a><\/td><td>Gratuito, Ferramenta online, Edi\u00e7\u00e3o manual<\/td><td>Acess\u00edvel, gratuito<\/td><td>Caracter\u00edsticas avan\u00e7adas limitadas<\/td><td>Bom para edi\u00e7\u00f5es r\u00e1pidas<\/td><td>Funcionalidades limitadas<\/td><td>Ideal para tarefas r\u00e1pidas e simples<\/td><\/tr><\/tbody><\/table><\/figure>\n\n\n\n<h3 class=\"wp-block-heading\" id=\"frequently-asked-questions-faq\">Perguntas frequentes (FAQ)<\/h3>\n\n\n\n<ol class=\"wp-block-list\">\n<li class=\"\"><strong>Como remover uma marca de \u00e1gua de uma fotografia?<\/strong>\n<ul class=\"wp-block-list\">\n<li class=\"\">Para remover uma marca de \u00e1gua de uma fotografia, pode utilizar ferramentas online como o AI Art Free Watermark Remover. Basta carregar a fotografia, selecionar a \u00e1rea da marca de \u00e1gua e a ferramenta remove-a automaticamente.<\/li>\n<\/ul>\n<\/li>\n\n\n\n<li class=\"\"><strong>Como remover a marca de \u00e1gua do v\u00eddeo?<\/strong>\n<ul class=\"wp-block-list\">\n<li class=\"\">Use ferramentas como o Removedor de marca d'\u00e1gua da Apowersoft, que suporta formatos de v\u00eddeo. Carregue o v\u00eddeo, seleccione a \u00e1rea da marca de \u00e1gua e a ferramenta processar\u00e1 o v\u00eddeo para remover a marca de \u00e1gua.<\/li>\n<\/ul>\n<\/li>\n\n\n\n<li class=\"\"><strong>Existe um removedor de marcas de \u00e1gua gratuito?<\/strong>\n<ul class=\"wp-block-list\">\n<li class=\"\">Sim, o AI Art Free Watermark Remover \u00e9 uma ferramenta gratuita que permite uma utiliza\u00e7\u00e3o ilimitada sem registo.<\/li>\n<\/ul>\n<\/li>\n\n\n\n<li class=\"\"><strong>A IA pode remover marcas de \u00e1gua?<\/strong>\n<ul class=\"wp-block-list\">\n<li class=\"\">Sim, ferramentas alimentadas por IA como o AI Art Free Watermark Remover e o Remove.bg podem remover eficazmente marcas de \u00e1gua de imagens usando algoritmos avan\u00e7ados.<\/li>\n<\/ul>\n<\/li>\n\n\n\n<li class=\"\"><strong>Qual \u00e9 o melhor removedor de marcas de \u00e1gua para fotografias?<\/strong>\n<ul class=\"wp-block-list\">\n<li class=\"\">O AI Art Free Watermark Remover e o Remove.bg est\u00e3o entre as melhores ferramentas para remover marcas de \u00e1gua de fotografias devido \u00e0 sua elevada precis\u00e3o e facilidade de utiliza\u00e7\u00e3o.<\/li>\n<\/ul>\n<\/li>\n\n\n\n<li class=\"\"><strong>Qual \u00e9 o melhor removedor de marcas de \u00e1gua para v\u00eddeos?<\/strong>\n<ul class=\"wp-block-list\">\n<li class=\"\">O Apowersoft Watermark Remover e o HitPaw Watermark Remover s\u00e3o excelentes op\u00e7\u00f5es para remover marcas de \u00e1gua de v\u00eddeos.<\/li>\n<\/ul>\n<\/li>\n\n\n\n<li class=\"\"><strong>Existem removedores de marcas de \u00e1gua de utiliza\u00e7\u00e3o ilimitada?<\/strong>\n<ul class=\"wp-block-list\">\n<li class=\"\">Sim, o AI Art Free Watermark Remover oferece utiliza\u00e7\u00e3o ilimitada sem qualquer registo ou subscri\u00e7\u00e3o.<\/li>\n<\/ul>\n<\/li>\n\n\n\n<li class=\"\"><strong>Como remover objectos indesejados de imagens?<\/strong>\n<ul class=\"wp-block-list\">\n<li class=\"\">Ferramentas como o Inpaint permitem a sele\u00e7\u00e3o manual e a remo\u00e7\u00e3o de objectos indesejados das imagens, proporcionando um controlo preciso do processo de edi\u00e7\u00e3o.<\/li>\n<\/ul>\n<\/li>\n\n\n\n<li class=\"\"><strong>Existem removedores de marcas de \u00e1gua f\u00e1ceis de utilizar?<\/strong>\n<ul class=\"wp-block-list\">\n<li class=\"\">Sim, ferramentas como o AI Art Free Watermark Remover e o Wondershare Fotophire s\u00e3o conhecidas pelas suas interfaces f\u00e1ceis de utilizar.<\/li>\n<\/ul>\n<\/li>\n\n\n\n<li class=\"\"><strong>Os removedores de marcas de \u00e1gua conseguem manter a qualidade original?<\/strong>\n<ul class=\"wp-block-list\">\n<li class=\"\">Ferramentas de alta qualidade como o AI Art Free Watermark Remover e o HitPaw Watermark Remover foram concebidas para manter a qualidade original das imagens e v\u00eddeos ap\u00f3s a remo\u00e7\u00e3o das marcas de \u00e1gua.<\/li>\n<\/ul>\n<\/li>\n<\/ol>","protected":false},"excerpt":{"rendered":"<p>Before vs After How to use Watermark Remover *&nbsp;Depending on your internet speed, loading the model may take a few seconds.* There will be caching during continuous generation, and the new image will appear after about 3 seconds. Introduction of Watermark Remover What is a Watermark Remover? A watermark remover is a tool or software &#8230; <a title=\"Removedor de marcas de \u00e1gua\" class=\"read-more\" href=\"https:\/\/aiartfree.online\/pt\/removedor-de-marcas-de-agua\/\" aria-label=\"Leia mais sobre Watermark Remover\">Ler mais<\/a><\/p>","protected":false},"author":1,"featured_media":3304,"parent":0,"menu_order":0,"comment_status":"open","ping_status":"closed","template":"","meta":{"nf_dc_page":"","footnotes":""},"class_list":["post-3281","page","type-page","status-publish","has-post-thumbnail"],"jetpack_sharing_enabled":true,"_links":{"self":[{"href":"https:\/\/aiartfree.online\/pt\/wp-json\/wp\/v2\/pages\/3281","targetHints":{"allow":["GET"]}}],"collection":[{"href":"https:\/\/aiartfree.online\/pt\/wp-json\/wp\/v2\/pages"}],"about":[{"href":"https:\/\/aiartfree.online\/pt\/wp-json\/wp\/v2\/types\/page"}],"author":[{"embeddable":true,"href":"https:\/\/aiartfree.online\/pt\/wp-json\/wp\/v2\/users\/1"}],"replies":[{"embeddable":true,"href":"https:\/\/aiartfree.online\/pt\/wp-json\/wp\/v2\/comments?post=3281"}],"version-history":[{"count":0,"href":"https:\/\/aiartfree.online\/pt\/wp-json\/wp\/v2\/pages\/3281\/revisions"}],"wp:featuredmedia":[{"embeddable":true,"href":"https:\/\/aiartfree.online\/pt\/wp-json\/wp\/v2\/media\/3304"}],"wp:attachment":[{"href":"https:\/\/aiartfree.online\/pt\/wp-json\/wp\/v2\/media?parent=3281"}],"curies":[{"name":"wp","href":"https:\/\/api.w.org\/{rel}","templated":true}]}}