{"id":3270,"date":"2024-07-28T10:35:14","date_gmt":"2024-07-28T10:35:14","guid":{"rendered":"https:\/\/aiartfree.online\/?page_id=3270"},"modified":"2024-07-31T13:03:11","modified_gmt":"2024-07-31T13:03:11","slug":"ai-photo-generator","status":"publish","type":"page","link":"https:\/\/aiartfree.online\/pt\/gerador-de-fotos-ai\/","title":{"rendered":"Gerador de fotografias AI"},"content":{"rendered":"<h2 class=\"wp-block-heading has-text-align-center\">O que os nossos utilizadores criaram<\/h2>\n\n\n\n<figure class=\"gb-block-image gb-block-image-1822da1f\"><img data-recalc-dims=\"1\" decoding=\"async\" loading=\"lazy\" width=\"1200\" height=\"823\" class=\"gb-image gb-image-1822da1f\" src=\"https:\/\/i0.wp.com\/aiartfree.online\/wp-content\/uploads\/2024\/07\/WX20240731-165815%402x.jpg?resize=1200%2C823&#038;ssl=1\" alt=\"Gerador de fotografias AI\" title=\"WX20240731-165815@2x\" srcset=\"https:\/\/i0.wp.com\/aiartfree.online\/wp-content\/uploads\/2024\/07\/WX20240731-165815%402x.jpg?w=1630&amp;ssl=1 1630w, https:\/\/i0.wp.com\/aiartfree.online\/wp-content\/uploads\/2024\/07\/WX20240731-165815%402x.jpg?resize=300%2C206&amp;ssl=1 300w, https:\/\/i0.wp.com\/aiartfree.online\/wp-content\/uploads\/2024\/07\/WX20240731-165815%402x.jpg?resize=1024%2C702&amp;ssl=1 1024w, https:\/\/i0.wp.com\/aiartfree.online\/wp-content\/uploads\/2024\/07\/WX20240731-165815%402x.jpg?resize=768%2C527&amp;ssl=1 768w, https:\/\/i0.wp.com\/aiartfree.online\/wp-content\/uploads\/2024\/07\/WX20240731-165815%402x.jpg?resize=1536%2C1054&amp;ssl=1 1536w, https:\/\/i0.wp.com\/aiartfree.online\/wp-content\/uploads\/2024\/07\/WX20240731-165815%402x.jpg?resize=18%2C12&amp;ssl=1 18w, https:\/\/i0.wp.com\/aiartfree.online\/wp-content\/uploads\/2024\/07\/WX20240731-165815%402x.jpg?resize=600%2C412&amp;ssl=1 600w\" sizes=\"auto, (max-width: 1200px) 100vw, 1200px\" \/><\/figure>\n\n\n\n<h2 class=\"wp-block-heading\">Como utilizar o AI Photo Generator<\/h2>\n\n\n\n<ol class=\"wp-block-list\">\n<li class=\"\">Introduza a sua pergunta ou seleccione um dos Exemplos de perguntas<\/li>\n\n\n\n<li class=\"\">Clique em \"Gerar\"<\/li>\n\n\n\n<li class=\"\">Espera, \u00e9 isso mesmo!<\/li>\n<\/ol>\n\n\n\n<h3 class=\"wp-block-heading has-medium-font-size\">Exemplos de avisos<\/h3>\n\n\n\n<ul class=\"wp-block-list has-small-font-size\">\n<li class=\"\">mulher bonita, noite, com estrelas, intrincado, elegante, altamente detalhado, suave, foco n\u00edtido<\/li>\n\n\n\n<li class=\"\">mulher bonita, noite, fic\u00e7\u00e3o cient\u00edfica, fantasia, intrincado, elegante, vestido azul, m\u00e1gico, altamente detalhado, suave, foco n\u00edtido, ilustra\u00e7\u00e3o<\/li>\n\n\n\n<li class=\"\">mulher bonita na praia, relaxante, et\u00e9reo, sonhador, contraluz, altamente detalhado, ilumina\u00e7\u00e3o realista, foco n\u00edtido, regra dos ter\u00e7os, hd, octano, 4k<\/li>\n\n\n\n<li class=\"\">mulher bonita, mamas grandes, amante domme, steampunk, sorriso t\u00edmido, 4k, pouco detalhe<\/li>\n\n\n\n<li class=\"\">mulher bonita, noite, com estrelas, intrincado, elegante, altamente detalhado, suave, foco n\u00edtido<\/li>\n<\/ul>\n\n\n\n<p class=\"\">Utiliza\u00e7\u00e3o&nbsp;<a href=\"https:\/\/aiartfree.online\/pt\/gerador-de-mensagens\/\" target=\"_blank\" data-type=\"page\" data-id=\"3164\" rel=\"noreferrer noopener\">Gerador de prompts<\/a>&nbsp;para expandir os limites da sua imagina\u00e7\u00e3o<\/p>\n\n\n\n<p class=\"\"><em>* Dependendo da velocidade da sua Internet, o carregamento do modelo pode demorar alguns segundos.<br>* Durante a gera\u00e7\u00e3o cont\u00ednua, haver\u00e1 armazenamento em cache e a nova imagem aparecer\u00e1 ap\u00f3s cerca de 3 segundos.<\/em><\/p>\n\n\n\n<div class=\"iframe-wrapper\" style=\"position: relative; width: 100%; height: 950px;\">\n  <div class=\"loading\" style=\"position: absolute; top: 50px; left: 50%; transform: translate(-50%, -50%); width: 40px; height: 40px; border: 3px solid #f0f0f0; border-top: 3px solid #db7093; border-radius: 50%; animation: spin 1s linear infinite;\"><\/div>\n  <iframe loading=\"lazy\" src=\"https:\/\/playgroundai-playground-v2-5.hf.space\" frameborder=\"0\" width=\"100%\" height=\"100%\" style=\"position: absolute; top: 0; left: 0; opacity: 0; transition: opacity 0.3s;\" onload=\"this.style.opacity=1;this.previousElementSibling.style.display='none';\"><\/iframe>\n<\/div>\n\n<style>\n@keyframes spin {\n  0% { transform: translate(-50%, -50%) rotate(0deg); }\n  100% { transform: translate(-50%, -50%) rotate(360deg); }\n}\n<\/style>\n\n\n\n<div style=\"height:50px\" aria-hidden=\"true\" class=\"wp-block-spacer\"><\/div>\n\n\n\n<h2 class=\"wp-block-heading\">Introdu\u00e7\u00e3o ao AI Photo Generator<\/h2>\n\n\n\n<p class=\"\">No mundo digital acelerado, os geradores de fotos com IA tornaram-se ferramentas essenciais para artistas, profissionais de marketing e criadores de conte\u00fado. Este artigo ir\u00e1 aprofundar o que s\u00e3o os geradores de fotos de IA, sua import\u00e2ncia e como eles podem ser utilizados em v\u00e1rios setores. Al\u00e9m disso, exploraremos os melhores geradores de fotos de IA dispon\u00edveis atualmente, incluindo a ferramenta altamente recomendada de <a href=\"https:\/\/aiartfree.online\/pt\/gerador-de-fotos-ai\/\">Arte AI Gr\u00e1tis<\/a>.<\/p>\n\n\n\n<figure class=\"wp-block-image size-full is-resized\"><img data-recalc-dims=\"1\" data-dominant-color=\"70574e\" data-has-transparency=\"false\" decoding=\"async\" width=\"1024\" height=\"1024\"   loading=\"lazy\" src=\"https:\/\/i0.wp.com\/aiartfree.online\/wp-content\/uploads\/2024\/07\/image-30.webp?resize=1024%2C1024&#038;ssl=1\" alt=\"No mundo digital acelerado, os geradores de fotos com IA tornaram-se ferramentas essenciais para artistas, profissionais de marketing e criadores de conte\u00fado. Este artigo ir\u00e1 aprofundar o que s\u00e3o os geradores de fotos de IA, sua import\u00e2ncia e como eles podem ser utilizados em v\u00e1rios setores. Al\u00e9m disso, exploraremos os melhores geradores de fotos de IA dispon\u00edveis atualmente, incluindo a ferramenta altamente recomendada da AI Art Free.\" class=\"wp-image-3278 not-transparent\" style=\"--dominant-color: #70574e; width:436px;height:auto\" srcset=\"https:\/\/i0.wp.com\/aiartfree.online\/wp-content\/uploads\/2024\/07\/image-30.webp?w=1024&amp;ssl=1 1024w, https:\/\/i0.wp.com\/aiartfree.online\/wp-content\/uploads\/2024\/07\/image-30.webp?resize=300%2C300&amp;ssl=1 300w, https:\/\/i0.wp.com\/aiartfree.online\/wp-content\/uploads\/2024\/07\/image-30.webp?resize=150%2C150&amp;ssl=1 150w, https:\/\/i0.wp.com\/aiartfree.online\/wp-content\/uploads\/2024\/07\/image-30.webp?resize=768%2C768&amp;ssl=1 768w, https:\/\/i0.wp.com\/aiartfree.online\/wp-content\/uploads\/2024\/07\/image-30.webp?resize=12%2C12&amp;ssl=1 12w, https:\/\/i0.wp.com\/aiartfree.online\/wp-content\/uploads\/2024\/07\/image-30.webp?resize=600%2C600&amp;ssl=1 600w, https:\/\/i0.wp.com\/aiartfree.online\/wp-content\/uploads\/2024\/07\/image-30.webp?resize=100%2C100&amp;ssl=1 100w\" sizes=\"auto, (max-width: 1024px) 100vw, 1024px\" \/><\/figure>\n\n\n\n<h3 class=\"wp-block-heading\">\u00cdndice<\/h3>\n\n\n\n<ol class=\"wp-block-list\">\n<li class=\"\"><a href=\"#what-is-an-ai-photo-generator\">O que \u00e9 um gerador de fotografias com IA?<\/a><\/li>\n\n\n\n<li class=\"\"><a href=\"#why-use-an-ai-photo-generator\">Porqu\u00ea utilizar um gerador de fotografias com IA?<\/a><\/li>\n\n\n\n<li class=\"\"><a href=\"#who-can-benefit-from-ai-photo-generators\">Quem pode beneficiar dos geradores de fotografias com IA?<\/a><\/li>\n\n\n\n<li class=\"\"><a href=\"#top-10-ai-photo-generators\">Os 10 principais geradores de fotografias com IA<\/a><\/li>\n\n\n\n<li class=\"\"><a href=\"#faq\">FAQ<\/a><\/li>\n<\/ol>\n\n\n\n<h3 class=\"wp-block-heading\">O que \u00e9 um gerador de fotografias com IA?<\/h3>\n\n\n\n<p class=\"\">Um gerador de fotografias com IA, tamb\u00e9m conhecido como gerador de imagens com IA, \u00e9 uma ferramenta alimentada por intelig\u00eancia artificial e aprendizagem autom\u00e1tica que converte mensagens de texto em imagens \u00fanicas. Estas ferramentas utilizam IA generativa para criar imagens vibrantes e diversas com base nas descri\u00e7\u00f5es de texto fornecidas pelo utilizador.<\/p>\n\n\n\n<h3 class=\"wp-block-heading\">Porqu\u00ea utilizar um gerador de fotografias com IA?<\/h3>\n\n\n\n<p class=\"\">Os geradores de fotografias com IA s\u00e3o cruciais para criar imagens \u00fanicas de forma r\u00e1pida e eficiente. Oferecem in\u00fameras vantagens:<\/p>\n\n\n\n<ul class=\"wp-block-list\">\n<li class=\"\"><strong>Criatividade:<\/strong> Ajudam a criar imagens \u00fanicas e criativas que se destacam.<\/li>\n\n\n\n<li class=\"\"><strong>Efici\u00eancia:<\/strong> Poupam tempo, produzindo instantaneamente imagens de alta qualidade.<\/li>\n\n\n\n<li class=\"\"><strong>Versatilidade:<\/strong> Podem ser utilizados para v\u00e1rios fins, desde publica\u00e7\u00f5es nas redes sociais a materiais de marketing.<\/li>\n<\/ul>\n\n\n\n<h3 class=\"wp-block-heading\">Quem pode beneficiar dos geradores de fotografias com IA?<\/h3>\n\n\n\n<ul class=\"wp-block-list\">\n<li class=\"\"><strong>Artistas:<\/strong> Para criar pe\u00e7as \u00fanicas de arte digital.<\/li>\n\n\n\n<li class=\"\"><strong>Profissionais de marketing:<\/strong> Para gerar imagens de qualidade para campanhas.<\/li>\n\n\n\n<li class=\"\"><strong>Criadores de conte\u00fados:<\/strong> Para melhorar publica\u00e7\u00f5es de blogues, conte\u00fados de redes sociais e muito mais.<\/li>\n\n\n\n<li class=\"\"><strong>Empresas:<\/strong> Para a conce\u00e7\u00e3o de materiais de marketing, s\u00edtios Web e an\u00fancios.<\/li>\n<\/ul>\n\n\n\n<h3 class=\"wp-block-heading\">Os 10 principais geradores de fotografias com IA<\/h3>\n\n\n\n<figure class=\"wp-block-table\"><table class=\"has-fixed-layout\"><thead><tr><th><strong>Ferramenta<\/strong><\/th><th><strong>S\u00edtio Web<\/strong><\/th><th><strong>Vantagens<\/strong><\/th><th><strong>Desvantagens<\/strong><\/th><th><strong>Desafios<\/strong><\/th><th><strong>Sugest\u00f5es<\/strong><\/th><\/tr><\/thead><tbody><tr><td><strong>Arte AI Gr\u00e1tis<\/strong><\/td><td><a href=\"https:\/\/aiartfree.online\/pt\/gerador-de-fotos-ai\/\">aiartfree.online<\/a><\/td><td>Gratuito, f\u00e1cil de utilizar, produz imagens de alta qualidade<\/td><td>Personaliza\u00e7\u00e3o limitada<\/td><td>Necessita de uma liga\u00e7\u00e3o constante \u00e0 Internet<\/td><td>Actualiza\u00e7\u00f5es regulares para melhorar as funcionalidades<\/td><\/tr><tr><td><strong>DeepArt<\/strong><\/td><td><a href=\"https:\/\/deepart.io\" target=\"_blank\" rel=\"noopener\">deepart.io<\/a><\/td><td>Filtros art\u00edsticos fant\u00e1sticos<\/td><td>Processamento lento<\/td><td>Nem sempre exato<\/td><td>Melhorar a velocidade de processamento<\/td><\/tr><tr><td><strong>Pista ML<\/strong><\/td><td><a href=\"https:\/\/runwayml.com\" target=\"_blank\" rel=\"noopener\">runwayml.com<\/a><\/td><td>Vers\u00e1til, de n\u00edvel profissional<\/td><td>Caro<\/td><td>Curva de aprendizagem acentuada<\/td><td>Fornecer tutoriais<\/td><\/tr><tr><td><strong>Artbreeder<\/strong><\/td><td><a href=\"https:\/\/artbreeder.com\" target=\"_blank\" rel=\"noopener\">artbreeder.com<\/a><\/td><td>Resultados \u00fanicos e colaborativos<\/td><td>Vers\u00e3o gratuita limitada<\/td><td>A interface pode ser complexa<\/td><td>Simplificar a interface do utilizador<\/td><\/tr><tr><td><strong>DALL-E<\/strong><\/td><td><a href=\"https:\/\/aiartfree.online\/pt\/livre-dalle-3\/\" data-type=\"page\" data-id=\"2889\">openai.com\/dall-e<\/a><\/td><td>Imagens de alta qualidade, inovadoras<\/td><td>Acesso restrito<\/td><td>Elevada procura<\/td><td>Aumentar a acessibilidade<\/td><\/tr><tr><td><strong>Gerador de sonhos profundos<\/strong><\/td><td><a href=\"https:\/\/deepdreamgenerator.com\" target=\"_blank\" rel=\"noopener\">deepdreamgenerator.com<\/a><\/td><td>Imagens surreais e art\u00edsticas<\/td><td>Pode ser abstrato<\/td><td>N\u00e3o \u00e9 adequado para todos os fins<\/td><td>Oferecer mais estilos<\/td><\/tr><tr><td><strong>NightCafe<\/strong><\/td><td><a href=\"https:\/\/nightcafe.studio\" target=\"_blank\" rel=\"noopener\">nightcafe.studio<\/a><\/td><td>F\u00e1cil de utilizar, funcionalidades comunit\u00e1rias<\/td><td>Op\u00e7\u00f5es gratuitas limitadas<\/td><td>Pode ser dispendioso<\/td><td>Mais funcionalidades gratuitas<\/td><\/tr><tr><td><strong>Sono profundo<\/strong><\/td><td><a href=\"https:\/\/bigsleep.dev\" target=\"_blank\" rel=\"noopener\">bigsleep.dev<\/a><\/td><td>C\u00f3digo aberto, personaliz\u00e1vel<\/td><td>Requer conhecimentos t\u00e9cnicos<\/td><td>Configura\u00e7\u00e3o complexa<\/td><td>Fornecer mais guias<\/td><\/tr><tr><td><strong>Ganbreeder<\/strong><\/td><td><a href=\"https:\/\/ganbreeder.app\" target=\"_blank\" rel=\"noopener\">ganbreeder.app<\/a><\/td><td>Colaborativo, criativo<\/td><td>Pode ser imprevis\u00edvel<\/td><td>A interface poderia ser melhor<\/td><td>Melhorar a previsibilidade<\/td><\/tr><tr><td><strong>EstiloGAN2<\/strong><\/td><td><a href=\"https:\/\/github.com\/NVlabs\/stylegan2\" target=\"_blank\" rel=\"noopener\">github.com\/NVlabs\/stylegan2<\/a><\/td><td>Resultados de alta qualidade<\/td><td>Requer compet\u00eancias t\u00e9cnicas<\/td><td>Dif\u00edcil de configurar<\/td><td>Tutoriais mais f\u00e1ceis de utilizar<\/td><\/tr><\/tbody><\/table><\/figure>\n\n\n\n<h3 class=\"wp-block-heading\">FAQ<\/h3>\n\n\n\n<h4 class=\"wp-block-heading\">Como saber se uma fotografia \u00e9 gerada por IA?<\/h4>\n\n\n\n<p class=\"\">Para determinar se uma fotografia \u00e9 gerada por IA, procure anomalias subtis, padr\u00f5es n\u00e3o naturais e falta de detalhes finos, que s\u00e3o comuns em imagens geradas por IA.<\/p>\n\n\n\n<h4 class=\"wp-block-heading\">Como gerar fotografias com IA?<\/h4>\n\n\n\n<p class=\"\">Pode gerar fotografias com IA utilizando um gerador de fotografias com IA como <a href=\"https:\/\/aiartfree.online\/pt\/gerador-de-fotos-ai\/\">Arte AI Gr\u00e1tis<\/a>. Basta introduzir uma mensagem de texto e deixar a IA criar a imagem.<\/p>\n\n\n\n<h4 class=\"wp-block-heading\">Esta fotografia \u00e9 gerada por IA?<\/h4>\n\n\n\n<p class=\"\">Para verificar se uma fotografia \u00e9 gerada por IA, utilize ferramentas concebidas para detetar conte\u00fados gerados por IA ou analise a imagem para detetar inconsist\u00eancias.<\/p>\n\n\n\n<h4 class=\"wp-block-heading\">Qual \u00e9 o melhor gerador de fotografias com IA?<\/h4>\n\n\n\n<p class=\"\">O melhor gerador de fotografias com IA varia consoante as suas necessidades, mas <a href=\"https:\/\/aiartfree.online\/pt\/gerador-de-fotos-ai\/\">Arte AI Gr\u00e1tis<\/a> \u00e9 altamente recomendado pela sua facilidade de utiliza\u00e7\u00e3o e qualidade de produ\u00e7\u00e3o.<\/p>\n\n\n\n<h4 class=\"wp-block-heading\">Como criar fotografias geradas por IA?<\/h4>\n\n\n\n<p class=\"\">Pode criar fotografias geradas por IA introduzindo instru\u00e7\u00f5es de texto descritivo num gerador de fotografias com IA, que criar\u00e1 imagens com base nas suas descri\u00e7\u00f5es.<\/p>\n\n\n\n<h3 class=\"wp-block-heading\">M\u00f3dulos adicionais<\/h3>\n\n\n\n<h4 class=\"wp-block-heading\">Compreender a IA generativa e o seu impacto<\/h4>\n\n\n\n<p class=\"\">A IA generativa, que alimenta os geradores de fotografias com IA, \u00e9 um tipo de intelig\u00eancia artificial que pode criar novos conte\u00fados a partir de dados existentes. Esta tecnologia est\u00e1 a revolucionar as ind\u00fastrias criativas ao permitir a cria\u00e7\u00e3o de imagens, m\u00fasica e texto \u00fanicos.<\/p>\n\n\n\n<h4 class=\"wp-block-heading\">Benef\u00edcios da utiliza\u00e7\u00e3o de geradores de fotografias com IA para as redes sociais<\/h4>\n\n\n\n<p class=\"\">Os geradores de fotografias com IA s\u00e3o inestim\u00e1veis para as redes sociais, uma vez que permitem a cria\u00e7\u00e3o de imagens envolventes e \u00fanicas que captam a aten\u00e7\u00e3o do p\u00fablico e impulsionam o envolvimento.<\/p>\n\n\n\n<h4 class=\"wp-block-heading\">O papel da aprendizagem autom\u00e1tica nos geradores de fotografias com IA<\/h4>\n\n\n\n<p class=\"\">A aprendizagem autom\u00e1tica \u00e9 a espinha dorsal dos geradores de fotografias com IA. Permite que estas ferramentas aprendam com vastos conjuntos de dados e melhorem a qualidade e a relev\u00e2ncia das imagens que produzem ao longo do tempo.<\/p>\n\n\n\n<h3 class=\"wp-block-heading\">Conclus\u00e3o<\/h3>\n\n\n\n<p class=\"\">Os geradores de fotografias com IA s\u00e3o ferramentas poderosas que aproveitam as capacidades da intelig\u00eancia artificial e da aprendizagem autom\u00e1tica para criar imagens \u00fanicas e de alta qualidade. Quer seja um artista, um profissional de marketing ou um criador de conte\u00fados, estas ferramentas podem melhorar significativamente o seu processo criativo e os seus resultados. Ao compreender as suas vantagens e desafios, pode tirar o m\u00e1ximo partido destas ferramentas inovadoras para produzir imagens impressionantes que se destacam em qualquer meio.<\/p>\n\n\n\n<p class=\"\">Para obter a melhor experi\u00eancia, comece com o <a href=\"https:\/\/aiartfree.online\/pt\/gerador-de-fotos-ai\/\">Arte AI Gr\u00e1tis<\/a> que oferece uma forma f\u00e1cil e gratuita de gerar fotografias com IA de alta qualidade.<\/p>","protected":false},"excerpt":{"rendered":"<p>What our users created How to use AI Photo Generator Prompt Examples Use&nbsp;Prompt Generator&nbsp;to Expand the Boundaries of Your Imagination *&nbsp;Depending on your internet speed, loading the model may take a few seconds.* There will be caching during continuous generation, and the new image will appear after about 3 seconds. Introduction of AI Photo Generator &#8230; <a title=\"Gerador de fotografias AI\" class=\"read-more\" href=\"https:\/\/aiartfree.online\/pt\/gerador-de-fotos-ai\/\" aria-label=\"Leia mais sobre AI Photo Generator\">Ler mais<\/a><\/p>","protected":false},"author":1,"featured_media":3392,"parent":0,"menu_order":0,"comment_status":"open","ping_status":"closed","template":"","meta":{"nf_dc_page":"","footnotes":""},"class_list":["post-3270","page","type-page","status-publish","has-post-thumbnail"],"jetpack_sharing_enabled":true,"_links":{"self":[{"href":"https:\/\/aiartfree.online\/pt\/wp-json\/wp\/v2\/pages\/3270","targetHints":{"allow":["GET"]}}],"collection":[{"href":"https:\/\/aiartfree.online\/pt\/wp-json\/wp\/v2\/pages"}],"about":[{"href":"https:\/\/aiartfree.online\/pt\/wp-json\/wp\/v2\/types\/page"}],"author":[{"embeddable":true,"href":"https:\/\/aiartfree.online\/pt\/wp-json\/wp\/v2\/users\/1"}],"replies":[{"embeddable":true,"href":"https:\/\/aiartfree.online\/pt\/wp-json\/wp\/v2\/comments?post=3270"}],"version-history":[{"count":0,"href":"https:\/\/aiartfree.online\/pt\/wp-json\/wp\/v2\/pages\/3270\/revisions"}],"wp:featuredmedia":[{"embeddable":true,"href":"https:\/\/aiartfree.online\/pt\/wp-json\/wp\/v2\/media\/3392"}],"wp:attachment":[{"href":"https:\/\/aiartfree.online\/pt\/wp-json\/wp\/v2\/media?parent=3270"}],"curies":[{"name":"wp","href":"https:\/\/api.w.org\/{rel}","templated":true}]}}