{"id":3164,"date":"2024-07-24T07:24:20","date_gmt":"2024-07-24T07:24:20","guid":{"rendered":"https:\/\/aiartfree.online\/?page_id=3164"},"modified":"2024-08-02T11:02:53","modified_gmt":"2024-08-02T11:02:53","slug":"prompt-generator","status":"publish","type":"page","link":"https:\/\/aiartfree.online\/pt\/gerador-de-mensagens\/","title":{"rendered":"Gerador de prompts"},"content":{"rendered":"<h2 class=\"wp-block-heading has-text-align-center\" id=\"before-prompt-generator-vs-after\">Antes do gerador de prompts vs. Depois<\/h2>\n\n\n<div class=\"gb-grid-wrapper gb-grid-wrapper-274aea64\">\n<div class=\"gb-grid-column gb-grid-column-799665f9\"><div class=\"gb-container gb-container-799665f9\">\n\n<figure class=\"gb-block-image gb-block-image-858fbc7e\"><img data-recalc-dims=\"1\" decoding=\"async\" loading=\"lazy\" width=\"1024\" height=\"1024\" class=\"gb-image gb-image-858fbc7e\" src=\"https:\/\/i0.wp.com\/aiartfree.online\/wp-content\/uploads\/2024\/07\/image-25.jpg?resize=1024%2C1024&#038;ssl=1\" alt=\"No cemit\u00e9rio do metr\u00f3nomo n\u00e3o correspondido\" title=\"imagem (25)\" srcset=\"https:\/\/i0.wp.com\/aiartfree.online\/wp-content\/uploads\/2024\/07\/image-25.jpg?w=1024&amp;ssl=1 1024w, https:\/\/i0.wp.com\/aiartfree.online\/wp-content\/uploads\/2024\/07\/image-25.jpg?resize=300%2C300&amp;ssl=1 300w, https:\/\/i0.wp.com\/aiartfree.online\/wp-content\/uploads\/2024\/07\/image-25.jpg?resize=150%2C150&amp;ssl=1 150w, https:\/\/i0.wp.com\/aiartfree.online\/wp-content\/uploads\/2024\/07\/image-25.jpg?resize=768%2C768&amp;ssl=1 768w, https:\/\/i0.wp.com\/aiartfree.online\/wp-content\/uploads\/2024\/07\/image-25.jpg?resize=12%2C12&amp;ssl=1 12w, https:\/\/i0.wp.com\/aiartfree.online\/wp-content\/uploads\/2024\/07\/image-25.jpg?resize=600%2C600&amp;ssl=1 600w, https:\/\/i0.wp.com\/aiartfree.online\/wp-content\/uploads\/2024\/07\/image-25.jpg?resize=100%2C100&amp;ssl=1 100w\" sizes=\"auto, (max-width: 1024px) 100vw, 1024px\" \/><\/figure>\n\n\n\n<h4 class=\"gb-headline gb-headline-7f59b675 gb-headline-text\">Prompts Antes<\/h4>\n\n\n\n<p class=\"gb-headline gb-headline-ec66d865 gb-headline-text\">No cemit\u00e9rio do metr\u00f3nomo n\u00e3o correspondido<\/p>\n\n<\/div><\/div>\n\n<div class=\"gb-grid-column gb-grid-column-b4f9a19c\"><div class=\"gb-container gb-container-b4f9a19c\">\n\n<figure class=\"gb-block-image gb-block-image-c763d41e\"><img data-recalc-dims=\"1\" decoding=\"async\" loading=\"lazy\" width=\"1024\" height=\"1024\" class=\"gb-image gb-image-c763d41e\" src=\"https:\/\/i0.wp.com\/aiartfree.online\/wp-content\/uploads\/2024\/07\/image-26-jpg.webp?resize=1024%2C1024&#038;ssl=1\" alt=\"No cemit\u00e9rio do metr\u00f3nomo n\u00e3o correspondido, iluminado por velas, pintura digital, esta\u00e7\u00e3o de arte, arte concetual, craig mullins, de cortar a respira\u00e7\u00e3o, resolu\u00e7\u00e3o de 8 k, extremamente detalhado, belo, plano de estabelecimento, art\u00edstico, hiper-realista, renderiza\u00e7\u00e3o octanagem, ilumina\u00e7\u00e3o cinematogr\u00e1fica, ilumina\u00e7\u00e3o dram\u00e1tica, obra-prima, luz descarada\" title=\"imagem (26)\" srcset=\"https:\/\/i0.wp.com\/aiartfree.online\/wp-content\/uploads\/2024\/07\/image-26-jpg.webp?w=1024&amp;ssl=1 1024w, https:\/\/i0.wp.com\/aiartfree.online\/wp-content\/uploads\/2024\/07\/image-26-jpg.webp?resize=300%2C300&amp;ssl=1 300w, https:\/\/i0.wp.com\/aiartfree.online\/wp-content\/uploads\/2024\/07\/image-26-jpg.webp?resize=150%2C150&amp;ssl=1 150w, https:\/\/i0.wp.com\/aiartfree.online\/wp-content\/uploads\/2024\/07\/image-26-jpg.webp?resize=768%2C768&amp;ssl=1 768w, https:\/\/i0.wp.com\/aiartfree.online\/wp-content\/uploads\/2024\/07\/image-26-jpg.webp?resize=12%2C12&amp;ssl=1 12w, https:\/\/i0.wp.com\/aiartfree.online\/wp-content\/uploads\/2024\/07\/image-26-jpg.webp?resize=600%2C600&amp;ssl=1 600w, https:\/\/i0.wp.com\/aiartfree.online\/wp-content\/uploads\/2024\/07\/image-26-jpg.webp?resize=100%2C100&amp;ssl=1 100w\" sizes=\"auto, (max-width: 1024px) 100vw, 1024px\" \/><\/figure>\n\n\n\n<h4 class=\"gb-headline gb-headline-21a96621 gb-headline-text\">Prompts Depois<\/h4>\n\n\n\n<p class=\"gb-headline gb-headline-069e038b gb-headline-text\">No cemit\u00e9rio do metr\u00f3nomo n\u00e3o correspondido, iluminado por velas, pintura digital, esta\u00e7\u00e3o de arte, arte concetual, craig mullins, de cortar a respira\u00e7\u00e3o, resolu\u00e7\u00e3o de 8 k, extremamente detalhado, belo, plano de estabelecimento, art\u00edstico, hiper-realista, renderiza\u00e7\u00e3o octanagem, ilumina\u00e7\u00e3o cinematogr\u00e1fica, ilumina\u00e7\u00e3o dram\u00e1tica, obra-prima, luz descarada<\/p>\n\n<\/div><\/div>\n<\/div>\n\n\n<div style=\"height:50px\" aria-hidden=\"true\" class=\"wp-block-spacer\"><\/div>\n\n\n\n<h2 class=\"wp-block-heading\" id=\"how-to-use-prompt-generator\">Como utilizar o Gerador de prompts<\/h2>\n\n\n\n<ol class=\"wp-block-list\">\n<li class=\"\">Introduza os seus pensamentos<\/li>\n\n\n\n<li class=\"\">Clique em \"Submeter\"<\/li>\n\n\n\n<li class=\"\">Aguardar os prompts revolucionados<\/li>\n\n\n\n<li class=\"\">Desloque-se para baixo e cole a sua mensagem revolucion\u00e1ria para a gera\u00e7\u00e3o<\/li>\n\n\n\n<li class=\"\">Clique em \"Gerar\"<\/li>\n\n\n\n<li class=\"\">Espera, \u00e9 isso mesmo!<\/li>\n<\/ol>\n\n\n\n<p class=\"\">Se n\u00e3o tiveres nenhum pensamento na tua mente, <a href=\"#maodian\" data-type=\"internal\" data-id=\"#maodian\">clique para ver a nossa Galeria de Sugest\u00f5es<\/a><\/p>\n\n\n\n<p class=\"\"><em>* Dependendo da velocidade da sua Internet, o carregamento do modelo pode demorar alguns segundos.<\/em><\/p>\n\n\n\n<div class=\"iframe-wrapper\" style=\"position: relative; width: 100%; height: 900px;\">\n  <div class=\"loading\" style=\"position: absolute; top: 50px; left: 50%; transform: translate(-50%, -50%); width: 40px; height: 40px; border: 3px solid #f0f0f0; border-top: 3px solid #db7093; border-radius: 50%; animation: spin 1s linear infinite;\"><\/div>\n  <iframe loading=\"lazy\" src=\"https:\/\/doevent-stable-diffusion-prompt-generator.hf.space\" frameborder=\"0\" width=\"100%\" height=\"100%\" style=\"position: absolute; top: 0; left: 0; opacity: 0; transition: opacity 0.3s;\" onload=\"this.style.opacity=1;this.previousElementSibling.style.display='none';\"><\/iframe>\n<\/div>\n\n<style>\n@keyframes spin {\n  0% { transform: translate(-50%, -50%) rotate(0deg); }\n  100% { transform: translate(-50%, -50%) rotate(360deg); }\n}\n<\/style>\n\n\n\n<div style=\"height:10px\" aria-hidden=\"true\" class=\"wp-block-spacer\"><\/div>\n\n\n\n<p class=\"\"><em>* Durante a gera\u00e7\u00e3o cont\u00ednua, haver\u00e1 armazenamento em cache e a nova imagem aparecer\u00e1 ap\u00f3s cerca de 5 segundos.<\/em><\/p>\n\n\n\n<div class=\"iframe-wrapper\" style=\"position: relative; width: 100%; height: 1260px;\">\n  <div class=\"loading\" style=\"position: absolute; top: 50px; left: 50%; transform: translate(-50%, -50%); width: 40px; height: 40px; border: 3px solid #f0f0f0; border-top: 3px solid #db7093; border-radius: 50%; animation: spin 1s linear infinite;\"><\/div>\n  <iframe loading=\"lazy\" src=\"https:\/\/prodia-fast-stable-diffusion.hf.space\" frameborder=\"0\" width=\"100%\" height=\"100%\" style=\"position: absolute; top: 0; left: 0; opacity: 0; transition: opacity 0.3s;\" onload=\"this.style.opacity=1;this.previousElementSibling.style.display='none';\"><\/iframe>\n<\/div>\n\n<style>\n@keyframes spin {\n  0% { transform: translate(-50%, -50%) rotate(0deg); }\n  100% { transform: translate(-50%, -50%) rotate(360deg); }\n}\n<\/style>\n\n\n\n<div style=\"height:50px\" aria-hidden=\"true\" class=\"wp-block-spacer\"><\/div>\n\n\n\n<h2 class=\"wp-block-heading has-text-align-center\" id=\"prompts-gallery\">Galeria de prompts<\/h2>\n\n\n\n<h3 class=\"wp-block-heading\" id=\"how-to-use-prompts-gallery\">Como utilizar a Galeria de prompts<\/h3>\n\n\n\n<ol class=\"wp-block-list\">\n<li class=\"\">Clique no \u00edcone superior direito da imagem para duplicar o aviso<\/li>\n\n\n\n<li class=\"\">Desloque-se para cima e cole a sua mensagem revolucion\u00e1ria para a gera\u00e7\u00e3o<\/li>\n<\/ol>\n\n\n\n<div style=\"text-align: center; border: 2px solid; border-image-source: linear-gradient(to right, #16b86c, #912899); border-image-slice: 1; box-shadow: 0 0 10px rgba(0, 0, 0, 0.1); border-radius: 15px; position: relative;\">\n  <div id=\"loading\" style=\"position: absolute; top: 100px; left: 50%; transform: translate(-50%, -50%); z-index: 1000;\">\n    <div style=\"width: 50px; height: 50px; border: 5px solid #f3f3f3; border-top: 5px solid #16b86c; border-radius: 50%; animation: spin 1s linear infinite;\"><\/div>\n  <\/div>\n  <iframe loading=\"lazy\"\n    src=\"https:\/\/prithivmlmods-top-prompt-collection.static.hf.space\"\n    frameborder=\"0\"\n    width=\"100%\"\n    height=\"2600\"\n    style=\"display: inline-block; margin: 0 auto;\"\n    onload=\"document.getElementById('loading').style.display='none';\"\n  ><\/iframe>\n<\/div>\n\n<style>\n  @keyframes spin {\n    0% { transform: rotate(0deg); }\n    100% { transform: rotate(360deg); }\n  }\n<\/style>\n\n\n\n<div style=\"height:50px\" aria-hidden=\"true\" class=\"wp-block-spacer\"><\/div>\n\n\n\n<h2 class=\"wp-block-heading\" id=\"introduction-of-prompt-generator\">Introdu\u00e7\u00e3o do gerador de prompts<\/h2>\n\n\n\n<div class=\"wp-block-rank-math-toc-block\" id=\"rank-math-toc\"><h3>\u00cdndice<\/h3><nav><ul><li><a href=\"#what-is-a-prompt-generator\">O que \u00e9 um gerador de prompts?<\/a><ul><li><a href=\"#definition\">Defini\u00e7\u00e3o<\/a><\/li><li><a href=\"#types-of-prompts\">Tipos de prompts<\/a><\/li><\/ul><\/li><li><a href=\"#how-does-a-prompt-generator-work\">Como funciona um gerador de prompts?<\/a><ul><li><a href=\"#user-inputs\">Entradas do utilizador<\/a><\/li><li><a href=\"#ai-analysis\">An\u00e1lise de IA<\/a><\/li><li><a href=\"#output\">Sa\u00edda<\/a><\/li><li><a href=\"#example-of-user-inputs-and-ai-analysis\">Exemplo de entradas do utilizador e an\u00e1lise de IA<\/a><\/li><\/ul><\/li><li><a href=\"#benefits-of-using-a-prompt-generator\">Vantagens da utiliza\u00e7\u00e3o de um gerador de prompts<\/a><ul><li><a href=\"#efficiency\">Efici\u00eancia<\/a><\/li><li><a href=\"#creativity-boost\">Aumento da criatividade<\/a><\/li><li><a href=\"#customization\">Personaliza\u00e7\u00e3o<\/a><\/li><li><a href=\"#keyword-density-table\">Tabela de densidade de palavras-chave<\/a><\/li><\/ul><\/li><li><a href=\"#popular-applications-of-prompt-generators\">Aplica\u00e7\u00f5es populares dos geradores de prompts<\/a><ul><li><a href=\"#content-creation\">Cria\u00e7\u00e3o de conte\u00fados<\/a><\/li><li><a href=\"#education\">Educa\u00e7\u00e3o<\/a><\/li><li><a href=\"#business-and-marketing\">Neg\u00f3cios e marketing<\/a><\/li><\/ul><\/li><li><a href=\"#how-to-choose-the-right-prompt-generator\">Como escolher o gerador de prompts correto<\/a><ul><li><a href=\"#features-to-look-for\">Caracter\u00edsticas a procurar<\/a><\/li><li><a href=\"#popular-tools\">Ferramentas populares<\/a><\/li><\/ul><\/li><li><a href=\"#conclusion\">Conclus\u00e3o<\/a><\/li><li><a href=\"#additional-resources\">Recursos adicionais<\/a><\/li><\/ul><\/nav><\/div>\n\n\n\n<h3 class=\"wp-block-heading\" id=\"introduction\">Introdu\u00e7\u00e3o<\/h3>\n\n\n\n<p class=\"\">Os geradores de prompts s\u00e3o ferramentas poderosas que tiram partido da intelig\u00eancia artificial (IA) para ajudar os utilizadores a ultrapassar bloqueios criativos e a gerar ideias inovadoras. Estas ferramentas podem produzir sugest\u00f5es de escrita, sugest\u00f5es de desenho e outras sugest\u00f5es criativas, tornando-as inestim\u00e1veis para escritores, artistas e criadores de conte\u00fados. Este artigo explora o que s\u00e3o os geradores de sugest\u00f5es, como funcionam, as suas vantagens, aplica\u00e7\u00f5es e sugest\u00f5es para escolher o mais adequado.<\/p>\n\n\n\n<figure class=\"wp-block-image size-full is-resized\"><img data-recalc-dims=\"1\" decoding=\"async\" width=\"1200\" height=\"600\"   loading=\"lazy\" src=\"https:\/\/i0.wp.com\/aiartfree.online\/wp-content\/uploads\/2024\/07\/WX20240724-132929%402x-scaled.webp?resize=1200%2C600&#038;ssl=1\" alt=\"Os geradores de prompts s\u00e3o ferramentas poderosas que tiram partido da intelig\u00eancia artificial (IA) para ajudar os utilizadores a ultrapassar bloqueios criativos e a gerar ideias inovadoras.\" class=\"wp-image-3185\" style=\"width:819px;height:auto\" srcset=\"https:\/\/i0.wp.com\/aiartfree.online\/wp-content\/uploads\/2024\/07\/WX20240724-132929%402x-scaled.webp?w=2560&amp;ssl=1 2560w, https:\/\/i0.wp.com\/aiartfree.online\/wp-content\/uploads\/2024\/07\/WX20240724-132929%402x-scaled.webp?resize=300%2C150&amp;ssl=1 300w, https:\/\/i0.wp.com\/aiartfree.online\/wp-content\/uploads\/2024\/07\/WX20240724-132929%402x-scaled.webp?resize=1024%2C512&amp;ssl=1 1024w, https:\/\/i0.wp.com\/aiartfree.online\/wp-content\/uploads\/2024\/07\/WX20240724-132929%402x-scaled.webp?resize=768%2C384&amp;ssl=1 768w, https:\/\/i0.wp.com\/aiartfree.online\/wp-content\/uploads\/2024\/07\/WX20240724-132929%402x-scaled.webp?resize=1536%2C768&amp;ssl=1 1536w, https:\/\/i0.wp.com\/aiartfree.online\/wp-content\/uploads\/2024\/07\/WX20240724-132929%402x-scaled.webp?resize=2048%2C1023&amp;ssl=1 2048w, https:\/\/i0.wp.com\/aiartfree.online\/wp-content\/uploads\/2024\/07\/WX20240724-132929%402x-scaled.webp?resize=18%2C9&amp;ssl=1 18w, https:\/\/i0.wp.com\/aiartfree.online\/wp-content\/uploads\/2024\/07\/WX20240724-132929%402x-scaled.webp?resize=600%2C300&amp;ssl=1 600w, https:\/\/i0.wp.com\/aiartfree.online\/wp-content\/uploads\/2024\/07\/WX20240724-132929%402x-scaled.webp?w=2400&amp;ssl=1 2400w\" sizes=\"auto, (max-width: 1200px) 100vw, 1200px\" \/><\/figure>\n\n\n\n<h3 class=\"wp-block-heading\" id=\"what-is-a-prompt-generator\">O que \u00e9 um gerador de prompts?<\/h3>\n\n\n\n<h4 class=\"wp-block-heading\" id=\"definition\">Defini\u00e7\u00e3o<\/h4>\n\n\n\n<p class=\"\">Um gerador de sugest\u00f5es \u00e9 uma aplica\u00e7\u00e3o de software que utiliza algoritmos e IA para criar sugest\u00f5es para tarefas criativas. Estas sugest\u00f5es podem ser utilizadas para escrever, desenhar, fazer brainstorming e muito mais.<\/p>\n\n\n\n<h4 class=\"wp-block-heading\" id=\"types-of-prompts\">Tipos de prompts<\/h4>\n\n\n\n<ul class=\"wp-block-list\">\n<li class=\"\"><strong>Sugest\u00f5es de escrita<\/strong>: Ideias para dar in\u00edcio a projectos de escrita, incluindo hist\u00f3rias, ensaios e poemas.<\/li>\n\n\n\n<li class=\"\"><strong>Desenhos<\/strong>: Sugest\u00f5es para os artistas criarem novas obras.<\/li>\n\n\n\n<li class=\"\"><strong>Sugest\u00f5es de escrita criativa<\/strong>: Sugest\u00f5es espec\u00edficas para inspirar a escrita criativa, como a fic\u00e7\u00e3o e a poesia.<\/li>\n\n\n\n<li class=\"\"><strong>Prompts a meio da viagem<\/strong>: Sugest\u00f5es para ajudar no desenvolvimento de uma hist\u00f3ria ou de um projeto a meio do percurso.<\/li>\n\n\n\n<li class=\"\"><strong>Gerador de sugest\u00f5es de arte<\/strong>: Ferramentas especificamente concebidas para gerar ideias para a arte visual.<\/li>\n<\/ul>\n\n\n\n<h3 class=\"wp-block-heading\" id=\"how-does-a-prompt-generator-work\">Como funciona um gerador de prompts?<\/h3>\n\n\n\n<h4 class=\"wp-block-heading\" id=\"user-inputs\">Entradas do utilizador<\/h4>\n\n\n\n<p class=\"\">Os utilizadores fornecem informa\u00e7\u00f5es iniciais, tais como o tipo de est\u00edmulo necess\u00e1rio (por exemplo, escrita, desenho) e quaisquer temas ou restri\u00e7\u00f5es espec\u00edficos.<\/p>\n\n\n\n<h4 class=\"wp-block-heading\" id=\"ai-analysis\">An\u00e1lise de IA<\/h4>\n\n\n\n<p class=\"\">A IA processa estes dados utilizando bases de dados de avisos existentes e conte\u00fados criativos para gerar sugest\u00f5es \u00fanicas e relevantes.<\/p>\n\n\n\n<h4 class=\"wp-block-heading\" id=\"output\">Sa\u00edda<\/h4>\n\n\n\n<p class=\"\">Os avisos gerados s\u00e3o adaptados \u00e0s especifica\u00e7\u00f5es do utilizador, proporcionando inspira\u00e7\u00e3o e orienta\u00e7\u00e3o imediatas.<\/p>\n\n\n\n<h4 class=\"wp-block-heading\" id=\"example-of-user-inputs-and-ai-analysis\">Exemplo de entradas do utilizador e an\u00e1lise de IA<\/h4>\n\n\n\n<figure class=\"wp-block-table\"><table class=\"has-fixed-layout\"><thead><tr><th>Entrada do utilizador<\/th><th>An\u00e1lise de IA<\/th><th>Prompt gerado<\/th><\/tr><\/thead><tbody><tr><td>Sugest\u00e3o de escrita<\/td><td>Analisar temas de mist\u00e9rio e aventura<\/td><td>\"Escrever uma hist\u00f3ria sobre um detetive numa cidade assombrada.\"<\/td><\/tr><tr><td>Desenho<\/td><td>Examinar temas populares na arte da fantasia<\/td><td>\"Desenhar um drag\u00e3o a proteger um tesouro escondido.\"<\/td><\/tr><tr><td>Escrita criativa<\/td><td>Combinar elementos de romance e fic\u00e7\u00e3o hist\u00f3rica<\/td><td>\"Descreve uma hist\u00f3ria de amor passada na Roma antiga.\"<\/td><\/tr><\/tbody><\/table><\/figure>\n\n\n\n<h3 class=\"wp-block-heading\" id=\"benefits-of-using-a-prompt-generator\">Vantagens da utiliza\u00e7\u00e3o de um gerador de prompts<\/h3>\n\n\n\n<h4 class=\"wp-block-heading\" id=\"efficiency\">Efici\u00eancia<\/h4>\n\n\n\n<p class=\"\">Os geradores de prompts poupam tempo ao produzirem rapidamente prompts de alta qualidade, permitindo que os utilizadores se concentrem na cria\u00e7\u00e3o e n\u00e3o no brainstorming.<\/p>\n\n\n\n<h4 class=\"wp-block-heading\" id=\"creativity-boost\">Aumento da criatividade<\/h4>\n\n\n\n<p class=\"\">Estas ferramentas ajudam a ultrapassar o bloqueio do escritor e inspiram a criatividade com sugest\u00f5es \u00fanicas e diversificadas, tornando o processo criativo mais agrad\u00e1vel.<\/p>\n\n\n\n<h4 class=\"wp-block-heading\" id=\"customization\">Personaliza\u00e7\u00e3o<\/h4>\n\n\n\n<p class=\"\">Os utilizadores podem adaptar os avisos a necessidades e prefer\u00eancias espec\u00edficas, melhorando a relev\u00e2ncia e a usabilidade do conte\u00fado gerado.<\/p>\n\n\n\n<h4 class=\"wp-block-heading\" id=\"keyword-density-table\">Tabela de densidade de palavras-chave<\/h4>\n\n\n\n<figure class=\"wp-block-table\"><table class=\"has-fixed-layout\"><thead><tr><th>Palavra-chave<\/th><th>Densidade no artigo<\/th><\/tr><\/thead><tbody><tr><td>Gerador de prompts<\/td><td>2%<\/td><\/tr><tr><td>Sugest\u00f5es de escrita<\/td><td>1.5%<\/td><\/tr><tr><td>Engenharia r\u00e1pida<\/td><td>1%<\/td><\/tr><tr><td><a href=\"https:\/\/aiartfree.online\/pt\/galeria-de-anuncios\/\" target=\"_blank\" data-type=\"page\" data-id=\"3252\" rel=\"noreferrer noopener\">Desenhos<\/a><\/td><td>1.5%<\/td><\/tr><tr><td>Sugest\u00f5es de escrita criativa<\/td><td>1%<\/td><\/tr><tr><td>Prompts a meio da viagem<\/td><td>0.5%<\/td><\/tr><tr><td>Gerador de sugest\u00f5es de arte<\/td><td>1%<\/td><\/tr><tr><td>Ideias de desenho<\/td><td>1%<\/td><\/tr><tr><td>Desenho<\/td><td>1%<\/td><\/tr><\/tbody><\/table><\/figure>\n\n\n\n<h3 class=\"wp-block-heading\" id=\"popular-applications-of-prompt-generators\">Aplica\u00e7\u00f5es populares dos geradores de prompts<\/h3>\n\n\n\n<h4 class=\"wp-block-heading\" id=\"content-creation\">Cria\u00e7\u00e3o de conte\u00fados<\/h4>\n\n\n\n<ul class=\"wp-block-list\">\n<li class=\"\"><strong>Blogues<\/strong>: Gerar ideias para publica\u00e7\u00f5es em blogues e artigos.<\/li>\n\n\n\n<li class=\"\"><strong>Redes sociais<\/strong>: Criar conte\u00fados interessantes para as plataformas de redes sociais.<\/li>\n<\/ul>\n\n\n\n<h4 class=\"wp-block-heading\" id=\"education\">Educa\u00e7\u00e3o<\/h4>\n\n\n\n<ul class=\"wp-block-list\">\n<li class=\"\"><strong>Ensino<\/strong>: Ajudar os professores a criar temas de ensaio e pontos de discuss\u00e3o.<\/li>\n\n\n\n<li class=\"\"><strong>Projectos de estudantes<\/strong>: Ajudar os alunos com ideias para trabalhos de escrita e projectos criativos.<\/li>\n<\/ul>\n\n\n\n<h4 class=\"wp-block-heading\" id=\"business-and-marketing\">Neg\u00f3cios e marketing<\/h4>\n\n\n\n<ul class=\"wp-block-list\">\n<li class=\"\"><strong>C\u00f3pia de marketing<\/strong>: Gerar textos de marketing e descri\u00e7\u00f5es de produtos convincentes.<\/li>\n\n\n\n<li class=\"\"><strong>Intera\u00e7\u00e3o com o cliente<\/strong>: Criar gui\u00f5es para o servi\u00e7o de apoio ao cliente e de envolvimento.<\/li>\n<\/ul>\n\n\n\n<h3 class=\"wp-block-heading\" id=\"how-to-choose-the-right-prompt-generator\">Como escolher o gerador de prompts correto<\/h3>\n\n\n\n<h4 class=\"wp-block-heading\" id=\"features-to-look-for\">Caracter\u00edsticas a procurar<\/h4>\n\n\n\n<ul class=\"wp-block-list\">\n<li class=\"\"><strong>Op\u00e7\u00f5es de personaliza\u00e7\u00e3o<\/strong>: Capacidade de adaptar os avisos \u00e0s necessidades espec\u00edficas.<\/li>\n\n\n\n<li class=\"\"><strong>Interface do utilizador<\/strong>: Uma interface intuitiva e de f\u00e1cil utiliza\u00e7\u00e3o.<\/li>\n\n\n\n<li class=\"\"><strong>Capacidades de integra\u00e7\u00e3o<\/strong>: Compatibilidade com outras ferramentas e plataformas.<\/li>\n<\/ul>\n\n\n\n<h4 class=\"wp-block-heading\" id=\"popular-tools\">Ferramentas populares<\/h4>\n\n\n\n<ul class=\"wp-block-list\">\n<li class=\"\"><strong>Masmorra de IA<\/strong>: Conhecido pela sua versatilidade na cria\u00e7\u00e3o de sugest\u00f5es de escrita criativa.<\/li>\n\n\n\n<li class=\"\"><strong>ArteProp\u00f3sitos<\/strong>: Especialista em gerar ideias para projectos de arte visual.<\/li>\n\n\n\n<li class=\"\"><strong>WritingExercises.co.uk<\/strong>: Oferece uma vasta gama de sugest\u00f5es de escrita para diferentes g\u00e9neros.<\/li>\n<\/ul>\n\n\n\n<h3 class=\"wp-block-heading\" id=\"conclusion\">Conclus\u00e3o<\/h3>\n\n\n\n<p class=\"\">Os geradores de prompts s\u00e3o ferramentas inestim\u00e1veis para qualquer pessoa envolvida em trabalho criativo. Poupam tempo, aumentam a criatividade e fornecem solu\u00e7\u00f5es personaliz\u00e1veis para bloqueios criativos. Ao compreender o seu funcionamento e as suas aplica\u00e7\u00f5es, pode escolher o gerador de sugest\u00f5es adequado para melhorar o seu processo criativo.<\/p>\n\n\n\n<h3 class=\"wp-block-heading\" id=\"additional-resources\">Recursos adicionais<\/h3>\n\n\n\n<ul class=\"wp-block-list\">\n<li class=\"\"><strong><a href=\"https:\/\/www.aidungeon.io\/\" target=\"_blank\" rel=\"noopener\">Masmorra de IA<\/a><\/strong>: Explore um gerador interativo de sugest\u00f5es para a escrita criativa.<\/li>\n\n\n\n<li class=\"\"><strong><a href=\"https:\/\/artprompts.org\/\" target=\"_blank\" rel=\"noopener\">ArteProp\u00f3sitos<\/a><\/strong>: Encontre inspira\u00e7\u00e3o para o seu pr\u00f3ximo projeto art\u00edstico.<\/li>\n\n\n\n<li class=\"\"><strong><a href=\"https:\/\/www.writingexercises.co.uk\/\" target=\"_blank\" rel=\"noopener\">Exerc\u00edcios de escrita<\/a><\/strong>: Descubra uma variedade de sugest\u00f5es de escrita para diferentes g\u00e9neros.<\/li>\n<\/ul>","protected":false},"excerpt":{"rendered":"<p>Before Prompt Generator vs After How to use Prompt Generator If you don&#8217;t have any thoughts in your mind, click to check our Prompt Gallery *&nbsp;Depending on your internet speed, loading the model may take a few seconds. * There will be caching during continuous generation, and the new image will appear after about 5 &#8230; <a title=\"Gerador de prompts\" class=\"read-more\" href=\"https:\/\/aiartfree.online\/pt\/gerador-de-mensagens\/\" aria-label=\"Leia mais sobre Prompt Generator\">Ler mais<\/a><\/p>","protected":false},"author":1,"featured_media":3185,"parent":0,"menu_order":0,"comment_status":"open","ping_status":"closed","template":"","meta":{"nf_dc_page":"","footnotes":""},"class_list":["post-3164","page","type-page","status-publish","has-post-thumbnail"],"jetpack_sharing_enabled":true,"_links":{"self":[{"href":"https:\/\/aiartfree.online\/pt\/wp-json\/wp\/v2\/pages\/3164","targetHints":{"allow":["GET"]}}],"collection":[{"href":"https:\/\/aiartfree.online\/pt\/wp-json\/wp\/v2\/pages"}],"about":[{"href":"https:\/\/aiartfree.online\/pt\/wp-json\/wp\/v2\/types\/page"}],"author":[{"embeddable":true,"href":"https:\/\/aiartfree.online\/pt\/wp-json\/wp\/v2\/users\/1"}],"replies":[{"embeddable":true,"href":"https:\/\/aiartfree.online\/pt\/wp-json\/wp\/v2\/comments?post=3164"}],"version-history":[{"count":0,"href":"https:\/\/aiartfree.online\/pt\/wp-json\/wp\/v2\/pages\/3164\/revisions"}],"wp:featuredmedia":[{"embeddable":true,"href":"https:\/\/aiartfree.online\/pt\/wp-json\/wp\/v2\/media\/3185"}],"wp:attachment":[{"href":"https:\/\/aiartfree.online\/pt\/wp-json\/wp\/v2\/media?parent=3164"}],"curies":[{"name":"wp","href":"https:\/\/api.w.org\/{rel}","templated":true}]}}