{"id":3117,"date":"2024-07-21T07:42:10","date_gmt":"2024-07-21T07:42:10","guid":{"rendered":"https:\/\/aiartfree.online\/?page_id=3117"},"modified":"2024-07-21T07:47:21","modified_gmt":"2024-07-21T07:47:21","slug":"free-ai-art-generator","status":"publish","type":"page","link":"https:\/\/aiartfree.online\/pt\/gerador-de-arte-ai-gratuito\/","title":{"rendered":"Gerador de arte AI gratuito"},"content":{"rendered":"<p class=\"has-text-align-center\">Crie trabalhos art\u00edsticos impressionantes gerados por IA com ferramentas de arte de IA gratuitas e de \u00faltima gera\u00e7\u00e3o.<\/p>\n\n\n<div class=\"gb-grid-wrapper gb-grid-wrapper-cd9cd360\">\n<div class=\"gb-grid-column gb-grid-column-11112ac1\"><div class=\"gb-container gb-container-11112ac1\">\n\n<figure class=\"gb-block-image gb-block-image-3cedc626\"><a href=\"https:\/\/aiartfree.online\/pt\/gerador-de-caracteres-ai\/\" target=\"_blank\" rel=\"noopener noreferrer\"><img data-recalc-dims=\"1\" decoding=\"async\" loading=\"lazy\" width=\"1200\" height=\"1190\" class=\"gb-image gb-image-3cedc626\" src=\"https:\/\/i0.wp.com\/aiartfree.online\/wp-content\/uploads\/2024\/07\/WX20240719-144752%402x.jpg?resize=1200%2C1190&#038;ssl=1\" alt=\"Gerador de caracteres de IA\" title=\"WX20240719-144752@2x\" srcset=\"https:\/\/i0.wp.com\/aiartfree.online\/wp-content\/uploads\/2024\/07\/WX20240719-144752%402x.jpg?w=1632&amp;ssl=1 1632w, https:\/\/i0.wp.com\/aiartfree.online\/wp-content\/uploads\/2024\/07\/WX20240719-144752%402x.jpg?resize=300%2C297&amp;ssl=1 300w, https:\/\/i0.wp.com\/aiartfree.online\/wp-content\/uploads\/2024\/07\/WX20240719-144752%402x.jpg?resize=1024%2C1015&amp;ssl=1 1024w, https:\/\/i0.wp.com\/aiartfree.online\/wp-content\/uploads\/2024\/07\/WX20240719-144752%402x.jpg?resize=150%2C150&amp;ssl=1 150w, https:\/\/i0.wp.com\/aiartfree.online\/wp-content\/uploads\/2024\/07\/WX20240719-144752%402x.jpg?resize=768%2C761&amp;ssl=1 768w, https:\/\/i0.wp.com\/aiartfree.online\/wp-content\/uploads\/2024\/07\/WX20240719-144752%402x.jpg?resize=1536%2C1523&amp;ssl=1 1536w, https:\/\/i0.wp.com\/aiartfree.online\/wp-content\/uploads\/2024\/07\/WX20240719-144752%402x.jpg?resize=12%2C12&amp;ssl=1 12w, https:\/\/i0.wp.com\/aiartfree.online\/wp-content\/uploads\/2024\/07\/WX20240719-144752%402x.jpg?resize=600%2C595&amp;ssl=1 600w, https:\/\/i0.wp.com\/aiartfree.online\/wp-content\/uploads\/2024\/07\/WX20240719-144752%402x.jpg?resize=100%2C100&amp;ssl=1 100w\" sizes=\"auto, (max-width: 1200px) 100vw, 1200px\" \/><\/a><\/figure>\n\n\n\n<h3 class=\"gb-headline gb-headline-efcb9b85 gb-headline-text\">Gerador de caracteres de IA<\/h3>\n\n\n\n<p class=\"gb-headline gb-headline-f3afe0a5 gb-headline-text\">O AI Character Generator permite-lhe criar personagens \u00fanicas com algoritmos de IA e tecnologia de IA generativa.<\/p>\n\n<\/div><\/div>\n\n<div class=\"gb-grid-column gb-grid-column-d5a6cb82\"><div class=\"gb-container gb-container-d5a6cb82\">\n\n<figure class=\"gb-block-image gb-block-image-b9b8fce6\"><a href=\"https:\/\/aiartfree.online\/pt\/gerador-pixar-ai-gratuito\/\" target=\"_blank\" rel=\"noopener noreferrer\"><img data-recalc-dims=\"1\" decoding=\"async\" loading=\"lazy\" width=\"938\" height=\"626\" class=\"gb-image gb-image-b9b8fce6\" src=\"https:\/\/i0.wp.com\/aiartfree.online\/wp-content\/uploads\/2024\/07\/WX20240717-174206%402x.jpg?resize=938%2C626&#038;ssl=1\" alt=\"gerador pixar ai\" title=\"WX20240717-174206@2x\" srcset=\"https:\/\/i0.wp.com\/aiartfree.online\/wp-content\/uploads\/2024\/07\/WX20240717-174206%402x.jpg?w=938&amp;ssl=1 938w, https:\/\/i0.wp.com\/aiartfree.online\/wp-content\/uploads\/2024\/07\/WX20240717-174206%402x.jpg?resize=300%2C200&amp;ssl=1 300w, https:\/\/i0.wp.com\/aiartfree.online\/wp-content\/uploads\/2024\/07\/WX20240717-174206%402x.jpg?resize=768%2C513&amp;ssl=1 768w, https:\/\/i0.wp.com\/aiartfree.online\/wp-content\/uploads\/2024\/07\/WX20240717-174206%402x.jpg?resize=18%2C12&amp;ssl=1 18w, https:\/\/i0.wp.com\/aiartfree.online\/wp-content\/uploads\/2024\/07\/WX20240717-174206%402x.jpg?resize=600%2C400&amp;ssl=1 600w\" sizes=\"auto, (max-width: 938px) 100vw, 938px\" \/><\/a><\/figure>\n\n\n\n<h3 class=\"gb-headline gb-headline-0c51996c gb-headline-text\">Gerador de IA da Pixar<\/h3>\n\n\n\n<p class=\"gb-headline gb-headline-83bb38c0 gb-headline-text\">Transforme as suas ideias em arte gerada por IA ao estilo da Pixar com a IA generativa de ponta online gratuita.<\/p>\n\n<\/div><\/div>\n\n<div class=\"gb-grid-column gb-grid-column-bdb1b3f6\"><div class=\"gb-container gb-container-bdb1b3f6\">\n\n<figure class=\"gb-block-image gb-block-image-129ad6ad\"><a href=\"https:\/\/aiartfree.online\/pt\/gerador-de-anime-ai\/\" target=\"_blank\" rel=\"noopener noreferrer\"><img data-recalc-dims=\"1\" decoding=\"async\" loading=\"lazy\" width=\"1200\" height=\"718\" class=\"gb-image gb-image-129ad6ad\" src=\"https:\/\/i0.wp.com\/aiartfree.online\/wp-content\/uploads\/2024\/07\/WX20240719-123748%402x.jpg?resize=1200%2C718&#038;ssl=1\" alt=\"anime-ai-generator\/\" title=\"WX20240719-123748@2x\" srcset=\"https:\/\/i0.wp.com\/aiartfree.online\/wp-content\/uploads\/2024\/07\/WX20240719-123748%402x.jpg?w=1314&amp;ssl=1 1314w, https:\/\/i0.wp.com\/aiartfree.online\/wp-content\/uploads\/2024\/07\/WX20240719-123748%402x.jpg?resize=300%2C179&amp;ssl=1 300w, https:\/\/i0.wp.com\/aiartfree.online\/wp-content\/uploads\/2024\/07\/WX20240719-123748%402x.jpg?resize=1024%2C613&amp;ssl=1 1024w, https:\/\/i0.wp.com\/aiartfree.online\/wp-content\/uploads\/2024\/07\/WX20240719-123748%402x.jpg?resize=768%2C459&amp;ssl=1 768w, https:\/\/i0.wp.com\/aiartfree.online\/wp-content\/uploads\/2024\/07\/WX20240719-123748%402x.jpg?resize=18%2C12&amp;ssl=1 18w, https:\/\/i0.wp.com\/aiartfree.online\/wp-content\/uploads\/2024\/07\/WX20240719-123748%402x.jpg?resize=600%2C359&amp;ssl=1 600w\" sizes=\"auto, (max-width: 1200px) 100vw, 1200px\" \/><\/a><\/figure>\n\n\n\n<h3 class=\"gb-headline gb-headline-3dd3b4a8 gb-headline-text\">Gerador de IA de anime<\/h3>\n\n\n\n<p class=\"gb-headline gb-headline-9bb27b5a gb-headline-text\">Crie arte de anime vibrante utilizando o Anime AI Generator, equipado com algoritmos de IA avan\u00e7ados.<\/p>\n\n<\/div><\/div>\n\n<div class=\"gb-grid-column gb-grid-column-cd81c4c8\"><div class=\"gb-container gb-container-cd81c4c8\">\n\n<figure class=\"gb-block-image gb-block-image-420788f4\"><a href=\"https:\/\/aiartfree.online\/pt\/gerador-de-desenhos-animados-ai\/\" target=\"_blank\" rel=\"noopener noreferrer\"><img data-recalc-dims=\"1\" decoding=\"async\" loading=\"lazy\" width=\"1200\" height=\"596\" class=\"gb-image gb-image-420788f4\" src=\"https:\/\/i0.wp.com\/aiartfree.online\/wp-content\/uploads\/2024\/07\/WX20240717-175407%402x-1-1-1-scaled.jpg?resize=1200%2C596&#038;ssl=1\" alt=\"Gerador de desenhos animados AI\" title=\"WX20240717-175407@2x (1) (1) (1)\" srcset=\"https:\/\/i0.wp.com\/aiartfree.online\/wp-content\/uploads\/2024\/07\/WX20240717-175407%402x-1-1-1-scaled.jpg?w=2560&amp;ssl=1 2560w, https:\/\/i0.wp.com\/aiartfree.online\/wp-content\/uploads\/2024\/07\/WX20240717-175407%402x-1-1-1-scaled.jpg?resize=300%2C149&amp;ssl=1 300w, https:\/\/i0.wp.com\/aiartfree.online\/wp-content\/uploads\/2024\/07\/WX20240717-175407%402x-1-1-1-scaled.jpg?resize=1024%2C508&amp;ssl=1 1024w, https:\/\/i0.wp.com\/aiartfree.online\/wp-content\/uploads\/2024\/07\/WX20240717-175407%402x-1-1-1-scaled.jpg?resize=768%2C381&amp;ssl=1 768w, https:\/\/i0.wp.com\/aiartfree.online\/wp-content\/uploads\/2024\/07\/WX20240717-175407%402x-1-1-1-scaled.jpg?resize=1536%2C763&amp;ssl=1 1536w, https:\/\/i0.wp.com\/aiartfree.online\/wp-content\/uploads\/2024\/07\/WX20240717-175407%402x-1-1-1-scaled.jpg?resize=2048%2C1017&amp;ssl=1 2048w, https:\/\/i0.wp.com\/aiartfree.online\/wp-content\/uploads\/2024\/07\/WX20240717-175407%402x-1-1-1-scaled.jpg?resize=18%2C9&amp;ssl=1 18w, https:\/\/i0.wp.com\/aiartfree.online\/wp-content\/uploads\/2024\/07\/WX20240717-175407%402x-1-1-1-scaled.jpg?resize=600%2C298&amp;ssl=1 600w, https:\/\/i0.wp.com\/aiartfree.online\/wp-content\/uploads\/2024\/07\/WX20240717-175407%402x-1-1-1-scaled.jpg?w=2400&amp;ssl=1 2400w\" sizes=\"auto, (max-width: 1200px) 100vw, 1200px\" \/><\/a><\/figure>\n\n\n\n<h3 class=\"gb-headline gb-headline-3b87d18c gb-headline-text\">Gerador de desenhos animados AI<\/h3>\n\n\n\n<p class=\"gb-headline gb-headline-51b4b755 gb-headline-text\">Converta fotografias em imagens de estilo anime utilizando algoritmos avan\u00e7ados com tecnologia de IA e divirta-se a criar arte \u00fanica gerada por IA.<\/p>\n\n<\/div><\/div>\n\n<div class=\"gb-grid-column gb-grid-column-b86d2319\"><div class=\"gb-container gb-container-b86d2319\">\n\n<figure class=\"gb-block-image gb-block-image-5898855b\"><a href=\"https:\/\/aiartfree.online\/pt\/gerador-de-modelos-ai-3d\/\" target=\"_blank\" rel=\"noopener noreferrer\"><img data-recalc-dims=\"1\" decoding=\"async\" loading=\"lazy\" width=\"1200\" height=\"787\" class=\"gb-image gb-image-5898855b\" src=\"https:\/\/i0.wp.com\/aiartfree.online\/wp-content\/uploads\/2024\/07\/WX20240719-153337%402x-1-1.jpg?resize=1200%2C787&#038;ssl=1\" alt=\"Gerador de modelos 2D para 3D\" title=\"WX20240719-153337@2x (1) (1)\" srcset=\"https:\/\/i0.wp.com\/aiartfree.online\/wp-content\/uploads\/2024\/07\/WX20240719-153337%402x-1-1.jpg?w=1768&amp;ssl=1 1768w, https:\/\/i0.wp.com\/aiartfree.online\/wp-content\/uploads\/2024\/07\/WX20240719-153337%402x-1-1.jpg?resize=300%2C197&amp;ssl=1 300w, https:\/\/i0.wp.com\/aiartfree.online\/wp-content\/uploads\/2024\/07\/WX20240719-153337%402x-1-1.jpg?resize=1024%2C672&amp;ssl=1 1024w, https:\/\/i0.wp.com\/aiartfree.online\/wp-content\/uploads\/2024\/07\/WX20240719-153337%402x-1-1.jpg?resize=768%2C504&amp;ssl=1 768w, https:\/\/i0.wp.com\/aiartfree.online\/wp-content\/uploads\/2024\/07\/WX20240719-153337%402x-1-1.jpg?resize=1536%2C1008&amp;ssl=1 1536w, https:\/\/i0.wp.com\/aiartfree.online\/wp-content\/uploads\/2024\/07\/WX20240719-153337%402x-1-1.jpg?resize=18%2C12&amp;ssl=1 18w, https:\/\/i0.wp.com\/aiartfree.online\/wp-content\/uploads\/2024\/07\/WX20240719-153337%402x-1-1.jpg?resize=600%2C394&amp;ssl=1 600w\" sizes=\"auto, (max-width: 1200px) 100vw, 1200px\" \/><\/a><\/figure>\n\n\n\n<h3 class=\"gb-headline gb-headline-d9fff2b4 gb-headline-text\">Gerador de modelos AI 3d<\/h3>\n\n\n\n<p class=\"gb-headline gb-headline-0faba709 gb-headline-text\">O AI 3D Model Generator ajuda-o a criar modelos 3D topo de gama com afina\u00e7\u00e3o por IA.<\/p>\n\n<\/div><\/div>\n\n<div class=\"gb-grid-column gb-grid-column-bb7fbb28\"><div class=\"gb-container gb-container-bb7fbb28\">\n\n<figure class=\"gb-block-image gb-block-image-b44f128d\"><a href=\"https:\/\/aiartfree.online\/pt\/gerador-de-desenhos-ai\/\" target=\"_blank\" rel=\"noopener noreferrer\"><img data-recalc-dims=\"1\" decoding=\"async\" loading=\"lazy\" width=\"1200\" height=\"1200\" class=\"gb-image gb-image-b44f128d\" src=\"https:\/\/i0.wp.com\/aiartfree.online\/wp-content\/uploads\/2024\/07\/WX20240719-141958%402x.jpg?resize=1200%2C1200&#038;ssl=1\" alt=\"ai-drawing-generator\" title=\"WX20240719-141958@2x\" srcset=\"https:\/\/i0.wp.com\/aiartfree.online\/wp-content\/uploads\/2024\/07\/WX20240719-141958%402x.jpg?w=1414&amp;ssl=1 1414w, https:\/\/i0.wp.com\/aiartfree.online\/wp-content\/uploads\/2024\/07\/WX20240719-141958%402x.jpg?resize=300%2C300&amp;ssl=1 300w, https:\/\/i0.wp.com\/aiartfree.online\/wp-content\/uploads\/2024\/07\/WX20240719-141958%402x.jpg?resize=1024%2C1024&amp;ssl=1 1024w, https:\/\/i0.wp.com\/aiartfree.online\/wp-content\/uploads\/2024\/07\/WX20240719-141958%402x.jpg?resize=150%2C150&amp;ssl=1 150w, https:\/\/i0.wp.com\/aiartfree.online\/wp-content\/uploads\/2024\/07\/WX20240719-141958%402x.jpg?resize=768%2C768&amp;ssl=1 768w, https:\/\/i0.wp.com\/aiartfree.online\/wp-content\/uploads\/2024\/07\/WX20240719-141958%402x.jpg?resize=12%2C12&amp;ssl=1 12w, https:\/\/i0.wp.com\/aiartfree.online\/wp-content\/uploads\/2024\/07\/WX20240719-141958%402x.jpg?resize=600%2C600&amp;ssl=1 600w, https:\/\/i0.wp.com\/aiartfree.online\/wp-content\/uploads\/2024\/07\/WX20240719-141958%402x.jpg?resize=100%2C100&amp;ssl=1 100w\" sizes=\"auto, (max-width: 1200px) 100vw, 1200px\" \/><\/a><\/figure>\n\n\n\n<h3 class=\"gb-headline gb-headline-fc2626d2 gb-headline-text\">Gerador de desenhos AI<\/h3>\n\n\n\n<p class=\"gb-headline gb-headline-83918771 gb-headline-text\">O AI Drawing Generator transforma instru\u00e7\u00f5es de texto em trabalhos art\u00edsticos gerados por IA com aprendizagem autom\u00e1tica.<\/p>\n\n<\/div><\/div>\n<\/div>\n\n\n<div style=\"height:100px\" aria-hidden=\"true\" class=\"wp-block-spacer\"><\/div>\n\n\n\n<h2 class=\"wp-block-heading\" id=\"free-ai-art-generator-unlocking-the-power-of-artificial-intelligence-in-art\"><strong>Gerador de arte de IA gratuito: Desbloquear o poder da intelig\u00eancia artificial na arte<\/strong><\/h2>\n\n\n\n<h3 class=\"wp-block-heading\" id=\"outline\"><a href=\"https:\/\/dromerosm-groq-llama3.hf.space\/#outline\" target=\"_blank\" rel=\"noopener\"><\/a>Esbo\u00e7o:<\/h3>\n\n\n\n<ul class=\"wp-block-list\">\n<li class=\"\">O que \u00e9 um gerador de arte AI gratuito?<\/li>\n\n\n\n<li class=\"\">Import\u00e2ncia dos geradores de arte com IA gratuitos<\/li>\n\n\n\n<li class=\"\">Benef\u00edcios da utiliza\u00e7\u00e3o de um gerador de arte AI gratuito<\/li>\n\n\n\n<li class=\"\">Cen\u00e1rios adequados para utilizar um gerador de arte em IA gratuito<\/li>\n\n\n\n<li class=\"\">Quem pode utilizar um gerador de arte AI gratuito?<\/li>\n\n\n\n<li class=\"\">As 10 principais ferramentas relacionadas e pr\u00f3s e contras<\/li>\n\n\n\n<li class=\"\">10 perguntas frequentes<\/li>\n<\/ul>\n\n\n\n<h3 class=\"wp-block-heading\" id=\"what-is-a-free-ai-art-generator\"><a href=\"https:\/\/dromerosm-groq-llama3.hf.space\/#what-is-a-free-ai-art-generator\" target=\"_blank\" rel=\"noopener\"><\/a><strong>O que \u00e9 um gerador de arte AI gratuito?<\/strong><\/h3>\n\n\n\n<p class=\"\">Um gerador de arte com IA gratuito \u00e9 uma ferramenta online que utiliza a intelig\u00eancia artificial (IA) para gerar obras de arte com base nos dados introduzidos pelo utilizador, tais como mensagens de texto ou imagens. Estas ferramentas utilizam algoritmos de aprendizagem autom\u00e1tica e t\u00e9cnicas de IA generativa, como a difus\u00e3o est\u00e1vel, para criar obras de arte \u00fanicas e vibrantes.<\/p>\n\n\n\n<p class=\"\">O aparecimento de geradores de arte com IA gratuitos democratizou o mundo da arte, tornando poss\u00edvel a qualquer pessoa criar obras de arte deslumbrantes sem necessitar de grandes compet\u00eancias ou experi\u00eancia art\u00edstica.<\/p>\n\n\n\n<h3 class=\"wp-block-heading\" id=\"importance-of-free-ai-art-generators\"><a href=\"https:\/\/dromerosm-groq-llama3.hf.space\/#importance-of-free-ai-art-generators\" target=\"_blank\" rel=\"noopener\"><\/a><strong>Import\u00e2ncia dos geradores de arte com IA gratuitos<\/strong><\/h3>\n\n\n\n<p class=\"\">Os geradores de arte de IA gratuitos tornaram-se essenciais para v\u00e1rios sectores, incluindo as redes sociais, a publicidade e o design. Oferecem uma s\u00e9rie de vantagens, incluindo:<\/p>\n\n\n\n<ul class=\"wp-block-list\">\n<li class=\"\"><strong>Poupan\u00e7a de tempo<\/strong>: Os geradores de arte AI gratuitos podem produzir trabalhos art\u00edsticos de alta qualidade numa quest\u00e3o de minutos, poupando aos utilizadores horas de trabalho manual.<\/li>\n\n\n\n<li class=\"\"><strong>Rent\u00e1vel<\/strong>: Estas ferramentas eliminam a necessidade de contratar artistas humanos ou de adquirir software de desenho dispendioso.<\/li>\n\n\n\n<li class=\"\"><strong>Liberdade criativa<\/strong>: Os geradores de arte de IA gratuitos oferecem aos utilizadores a possibilidade de experimentar diferentes estilos, temas e ideias, promovendo a criatividade e a inova\u00e7\u00e3o.<\/li>\n<\/ul>\n\n\n\n<h3 class=\"wp-block-heading\" id=\"benefits-of-using-a-free-ai-art-generator\"><a href=\"https:\/\/dromerosm-groq-llama3.hf.space\/#benefits-of-using-a-free-ai-art-generator\" target=\"_blank\" rel=\"noopener\"><\/a><strong>Benef\u00edcios da utiliza\u00e7\u00e3o de um gerador de arte AI gratuito<\/strong><\/h3>\n\n\n\n<p class=\"\">A utiliza\u00e7\u00e3o de um gerador de arte AI gratuito pode trazer in\u00fameros benef\u00edcios, incluindo:<\/p>\n\n\n\n<ul class=\"wp-block-list\">\n<li class=\"\"><strong>Arte-final de n\u00edvel profissional<\/strong>: Os geradores de arte de IA gratuitos podem produzir obras de arte que rivalizam com as de artistas humanos, proporcionando aos utilizadores um resultado de n\u00edvel profissional sem o elevado pre\u00e7o.<\/li>\n\n\n\n<li class=\"\"><strong>Aumento da produtividade<\/strong>: Com a capacidade de gerar trabalhos art\u00edsticos de forma r\u00e1pida e eficiente, os utilizadores podem concentrar-se noutros aspectos dos seus projectos, melhorando a produtividade geral.<\/li>\n\n\n\n<li class=\"\"><strong>Criatividade sem limites<\/strong>: Os geradores de arte de IA gratuitos oferecem uma vasta gama de possibilidades criativas, permitindo aos utilizadores experimentar diferentes estilos, temas e ideias.<\/li>\n<\/ul>\n\n\n\n<h3 class=\"wp-block-heading\" id=\"suitable-scenarios-for-using-a-free-ai-art-generator\"><a href=\"https:\/\/dromerosm-groq-llama3.hf.space\/#suitable-scenarios-for-using-a-free-ai-art-generator\" target=\"_blank\" rel=\"noopener\"><\/a><strong>Cen\u00e1rios adequados para utilizar um gerador de arte em IA gratuito<\/strong><\/h3>\n\n\n\n<p class=\"\">Os geradores de arte AI gratuitos s\u00e3o adequados para v\u00e1rios cen\u00e1rios, incluindo:<\/p>\n\n\n\n<ul class=\"wp-block-list\">\n<li class=\"\"><strong>Cria\u00e7\u00e3o de conte\u00fados para as redes sociais<\/strong>: Crie facilmente publica\u00e7\u00f5es, banners e an\u00fancios apelativos para as redes sociais.<\/li>\n\n\n\n<li class=\"\"><strong>Publicidade e marketing<\/strong>: Utilize geradores de arte de IA gratuitos para criar an\u00fancios, folhetos e materiais promocionais impressionantes.<\/li>\n\n\n\n<li class=\"\"><strong>Projectos de design e arte<\/strong>: Experimente diferentes estilos e temas para criar trabalhos art\u00edsticos, ilustra\u00e7\u00f5es e desenhos \u00fanicos.<\/li>\n<\/ul>\n\n\n\n<h3 class=\"wp-block-heading\" id=\"who-can-use-a-free-ai-art-generator\"><a href=\"https:\/\/dromerosm-groq-llama3.hf.space\/#who-can-use-a-free-ai-art-generator\" target=\"_blank\" rel=\"noopener\"><\/a><strong>Quem pode utilizar um gerador de arte AI gratuito?<\/strong><\/h3>\n\n\n\n<p class=\"\">Qualquer pessoa pode utilizar um gerador de arte AI gratuito, independentemente das suas capacidades art\u00edsticas ou experi\u00eancia. Estas ferramentas s\u00e3o perfeitas para:<\/p>\n\n\n\n<ul class=\"wp-block-list\">\n<li class=\"\"><strong>Profissionais de marketing<\/strong>: Crie facilmente conte\u00fados e an\u00fancios envolventes para as redes sociais.<\/li>\n\n\n\n<li class=\"\"><strong>Designers e artistas<\/strong>: Experimentar novos estilos e temas, ou utilizar geradores de arte de IA gratuitos como ponto de partida para os seus projectos.<\/li>\n\n\n\n<li class=\"\"><strong>Propriet\u00e1rios de pequenas empresas<\/strong>: Produza trabalhos art\u00edsticos de n\u00edvel profissional sem gastar muito.<\/li>\n<\/ul>\n\n\n\n<h3 class=\"wp-block-heading\" id=\"top-10-related-tools-and-pros-cons\"><a href=\"https:\/\/dromerosm-groq-llama3.hf.space\/#top-10-related-tools-and-pros-cons\" target=\"_blank\" rel=\"noopener\"><\/a><strong>As 10 principais ferramentas relacionadas e pr\u00f3s e contras<\/strong><\/h3>\n\n\n\n<p class=\"\">Aqui est\u00e3o as 10 principais ferramentas relacionadas com os geradores de arte de IA gratuitos, juntamente com os seus pr\u00f3s e contras:<\/p>\n\n\n\n<figure class=\"wp-block-table\"><table class=\"has-fixed-layout\"><thead><tr><th>Ferramenta<\/th><th>Pr\u00f3s<\/th><th>Contras<\/th><\/tr><\/thead><tbody><tr><td><a href=\"https:\/\/aiartfree.online\/pt\/gerador-de-arte-ai-gratuito\/\" target=\"_blank\" rel=\"noreferrer noopener\">AI Art gr\u00e1tis online<\/a><\/td><td>Interface f\u00e1cil de utilizar, sa\u00edda de alta qualidade<\/td><td>Op\u00e7\u00f5es de personaliza\u00e7\u00e3o limitadas<\/td><\/tr><tr><td>Gerador de sonhos profundos<\/td><td>Arte \u00fanica e on\u00edrica<\/td><td>Controlo limitado da produ\u00e7\u00e3o<\/td><\/tr><tr><td>Prisma<\/td><td>Converte fotografias em obras de arte em v\u00e1rios estilos<\/td><td>Op\u00e7\u00f5es de personaliza\u00e7\u00e3o limitadas<\/td><\/tr><tr><td>Artbreeder<\/td><td>Cria\u00e7\u00e3o de trabalhos art\u00edsticos interactivos e orientados para o utilizador<\/td><td>Curva de aprendizagem acentuada<\/td><\/tr><tr><td>Dreamscope<\/td><td>Gerador de ilustra\u00e7\u00f5es alimentado por IA com v\u00e1rios estilos<\/td><td>Controlo limitado da produ\u00e7\u00e3o<\/td><\/tr><tr><td>Pintor de IA<\/td><td>Cria obras de arte realistas ao estilo de pintura a \u00f3leo<\/td><td>Op\u00e7\u00f5es de personaliza\u00e7\u00e3o limitadas<\/td><\/tr><tr><td>Retratos AI<\/td><td>Converte fotografias em retratos gerados por IA<\/td><td>Controlo limitado da produ\u00e7\u00e3o<\/td><\/tr><tr><td>MyDeepArt<\/td><td>Interface f\u00e1cil de utilizar, sa\u00edda de alta qualidade<\/td><td>Op\u00e7\u00f5es de personaliza\u00e7\u00e3o limitadas<\/td><\/tr><tr><td>Criador de arte AI<\/td><td>Cria obras de arte abstractas e \u00fanicas<\/td><td>Controlo limitado da produ\u00e7\u00e3o<\/td><\/tr><tr><td>PaintsChainer<\/td><td>Gerador de pintura alimentado por IA com v\u00e1rios estilos<\/td><td>Curva de aprendizagem acentuada<\/td><\/tr><\/tbody><\/table><\/figure>\n\n\n\n<h3 class=\"wp-block-heading\" id=\"10-faqs\"><a href=\"https:\/\/dromerosm-groq-llama3.hf.space\/#10-faqs\" target=\"_blank\" rel=\"noopener\"><\/a><strong>10 perguntas frequentes<\/strong><\/h3>\n\n\n\n<p class=\"\">Eis as 10 perguntas mais frequentes sobre os geradores de arte de IA gratuitos:<\/p>\n\n\n\n<ol class=\"wp-block-list\">\n<li class=\"\"><strong>O que \u00e9 um gerador de arte AI gratuito?<\/strong>\u00a0Um gerador de arte com IA gratuito \u00e9 uma ferramenta online que utiliza intelig\u00eancia artificial para gerar obras de arte com base nos dados introduzidos pelo utilizador.<\/li>\n\n\n\n<li class=\"\"><strong>Como \u00e9 que os geradores de arte de IA gratuitos funcionam?<\/strong>\u00a0Os geradores de arte com IA gratuitos utilizam algoritmos de aprendizagem autom\u00e1tica e t\u00e9cnicas de IA generativa para criar obras de arte \u00fanicas com base nos dados introduzidos pelo utilizador.<\/li>\n\n\n\n<li class=\"\"><strong>Quais s\u00e3o as vantagens de utilizar um gerador de arte de IA gratuito?<\/strong>\u00a0Os geradores de arte de IA gratuitos oferecem vantagens em termos de poupan\u00e7a de tempo, rentabilidade e liberdade criativa.<\/li>\n\n\n\n<li class=\"\"><strong>Algu\u00e9m pode utilizar um gerador de arte de IA gratuito?<\/strong>\u00a0Sim, qualquer pessoa pode utilizar um gerador de arte AI gratuito, independentemente das suas capacidades art\u00edsticas ou experi\u00eancia.<\/li>\n\n\n\n<li class=\"\"><strong>Quais s\u00e3o os cen\u00e1rios adequados para utilizar um gerador de arte de IA gratuito?<\/strong>\u00a0Os geradores de arte AI gratuitos s\u00e3o adequados para a cria\u00e7\u00e3o de conte\u00fados para redes sociais, publicidade, design e projectos art\u00edsticos.<\/li>\n\n\n\n<li class=\"\"><strong>Como \u00e9 que utilizo um gerador de arte de IA gratuito?<\/strong>\u00a0Basta introduzir o seu texto ou imagem e a ferramenta ir\u00e1 gerar uma pe\u00e7a de arte \u00fanica.<\/li>\n\n\n\n<li class=\"\"><strong>Qual \u00e9 a qualidade das obras de arte geradas pelos geradores de arte com IA gratuitos?<\/strong>\u00a0Os geradores de arte de IA gratuitos podem produzir obras de arte de n\u00edvel profissional que rivalizam com as dos artistas humanos.<\/li>\n\n\n\n<li class=\"\"><strong>Posso personalizar o resultado de um gerador de arte de IA gratuito?<\/strong>\u00a0Alguns geradores de arte de IA gratuitos oferecem op\u00e7\u00f5es de personaliza\u00e7\u00e3o limitadas, enquanto outros fornecem controlos mais avan\u00e7ados.<\/li>\n\n\n\n<li class=\"\"><strong>Os geradores de arte de IA gratuitos s\u00e3o f\u00e1ceis de utilizar?<\/strong>\u00a0Sim, a maioria dos geradores de arte em IA gratuitos tem interfaces f\u00e1ceis de utilizar que facilitam a cria\u00e7\u00e3o de trabalhos art\u00edsticos.<\/li>\n\n\n\n<li class=\"\"><strong>Os geradores de arte de IA gratuitos podem ser utilizados gratuitamente?<\/strong>\u00a0Sim, a maioria dos geradores de arte de IA gratuitos \u00e9 de utiliza\u00e7\u00e3o gratuita, sendo que alguns oferecem funcionalidades ou subscri\u00e7\u00f5es premium.<\/li>\n<\/ol>","protected":false},"excerpt":{"rendered":"<p>Generate stunning AI-generated artwork with state-of-the-art, free AI art tools. Free AI Art Generator: Unlocking the Power of Artificial Intelligence in Art Outline: What is a Free AI Art Generator? A free AI art generator is an online tool that uses artificial intelligence (AI) to generate artwork based on user input, such as text prompts &#8230; <a title=\"Gerador de arte AI gratuito\" class=\"read-more\" href=\"https:\/\/aiartfree.online\/pt\/gerador-de-arte-ai-gratuito\/\" aria-label=\"Leia mais sobre Free AI Art Generator\">Ler mais<\/a><\/p>","protected":false},"author":1,"featured_media":0,"parent":0,"menu_order":0,"comment_status":"closed","ping_status":"closed","template":"","meta":{"nf_dc_page":"","footnotes":""},"class_list":["post-3117","page","type-page","status-publish"],"jetpack_sharing_enabled":true,"_links":{"self":[{"href":"https:\/\/aiartfree.online\/pt\/wp-json\/wp\/v2\/pages\/3117","targetHints":{"allow":["GET"]}}],"collection":[{"href":"https:\/\/aiartfree.online\/pt\/wp-json\/wp\/v2\/pages"}],"about":[{"href":"https:\/\/aiartfree.online\/pt\/wp-json\/wp\/v2\/types\/page"}],"author":[{"embeddable":true,"href":"https:\/\/aiartfree.online\/pt\/wp-json\/wp\/v2\/users\/1"}],"replies":[{"embeddable":true,"href":"https:\/\/aiartfree.online\/pt\/wp-json\/wp\/v2\/comments?post=3117"}],"version-history":[{"count":0,"href":"https:\/\/aiartfree.online\/pt\/wp-json\/wp\/v2\/pages\/3117\/revisions"}],"wp:attachment":[{"href":"https:\/\/aiartfree.online\/pt\/wp-json\/wp\/v2\/media?parent=3117"}],"curies":[{"name":"wp","href":"https:\/\/api.w.org\/{rel}","templated":true}]}}