{"id":2993,"date":"2024-07-19T18:13:29","date_gmt":"2024-07-19T18:13:29","guid":{"rendered":"https:\/\/aiartfree.online\/?page_id=2993"},"modified":"2025-03-07T08:22:54","modified_gmt":"2025-03-07T08:22:54","slug":"ai-video-generator","status":"publish","type":"page","link":"https:\/\/aiartfree.online\/pt\/gerador-de-video-ai\/","title":{"rendered":"Gerador de v\u00eddeo de IA"},"content":{"rendered":"<h2 class=\"wp-block-heading has-text-align-center\">O que outros utilizadores fizeram com o AI Video Generator<\/h2>\n\n\n\n<p class=\"has-text-align-center\">Prompt: 1 rapariga, sem ombros, sorriso leve, pele brilhante, melhor qualidade, obra-prima, fotorrealista, dar a volta<\/p>\n\n\n\n<figure class=\"gb-block-image gb-block-image-1822da1f\"><img data-recalc-dims=\"1\" decoding=\"async\" loading=\"lazy\" width=\"512\" height=\"512\" class=\"gb-image gb-image-1822da1f\" src=\"https:\/\/i0.wp.com\/aiartfree.online\/wp-content\/uploads\/2024\/08\/ezgif-3-82e27c0ca1.gif?resize=512%2C512&#038;ssl=1\" alt=\"Crie v\u00eddeos espectaculares sem esfor\u00e7o com o nosso gerador de v\u00eddeo com IA. Desfrute de 100% de utiliza\u00e7\u00e3o gratuita e ilimitada sem registo. Perfeito para criadores de conte\u00fado, profissionais de marketing e educadores que procuram uma produ\u00e7\u00e3o de v\u00eddeo de alta qualidade com IA.\" title=\"ezgif-3-82e27c0ca1\"\/><\/figure>\n\n\n\n<h2 class=\"wp-block-heading\">3 passos para utilizar o gerador de v\u00eddeo com IA<\/h2>\n\n\n\n<ol class=\"wp-block-list\">\n<li class=\"\">Introduza o seu pedido<\/li>\n\n\n\n<li class=\"\">Clique em \"Animar\"<\/li>\n\n\n\n<li class=\"\">Espera, \u00e9 isso mesmo!<\/li>\n<\/ol>\n\n\n\n<figure class=\"gb-block-image gb-block-image-4dfafe81\"><a href=\"https:\/\/fas.st\/t\/XmtmoHSk\" target=\"_blank\" rel=\"noopener noreferrer\"><img data-recalc-dims=\"1\" decoding=\"async\" loading=\"lazy\" width=\"1200\" height=\"368\" class=\"gb-image gb-image-4dfafe81\" src=\"https:\/\/i0.wp.com\/aiartfree.online\/wp-content\/uploads\/2025\/03\/WX20250307-114300%402x.webp?resize=1200%2C368&#038;ssl=1\" alt=\"\" title=\"WX20250307-114300@2x\" srcset=\"https:\/\/i0.wp.com\/aiartfree.online\/wp-content\/uploads\/2025\/03\/WX20250307-114300%402x.webp?w=1900&amp;ssl=1 1900w, https:\/\/i0.wp.com\/aiartfree.online\/wp-content\/uploads\/2025\/03\/WX20250307-114300%402x.webp?resize=300%2C92&amp;ssl=1 300w, https:\/\/i0.wp.com\/aiartfree.online\/wp-content\/uploads\/2025\/03\/WX20250307-114300%402x.webp?resize=1024%2C314&amp;ssl=1 1024w, https:\/\/i0.wp.com\/aiartfree.online\/wp-content\/uploads\/2025\/03\/WX20250307-114300%402x.webp?resize=768%2C235&amp;ssl=1 768w, https:\/\/i0.wp.com\/aiartfree.online\/wp-content\/uploads\/2025\/03\/WX20250307-114300%402x.webp?resize=1536%2C471&amp;ssl=1 1536w, https:\/\/i0.wp.com\/aiartfree.online\/wp-content\/uploads\/2025\/03\/WX20250307-114300%402x.webp?resize=18%2C6&amp;ssl=1 18w, https:\/\/i0.wp.com\/aiartfree.online\/wp-content\/uploads\/2025\/03\/WX20250307-114300%402x.webp?resize=600%2C184&amp;ssl=1 600w\" sizes=\"auto, (max-width: 1200px) 100vw, 1200px\" \/><\/a><\/figure>\n\n\n\n<p class=\"\"><em>* Dependendo da velocidade da sua Internet, o carregamento do modelo pode demorar <\/em>at\u00e9 10 segundos \u2193<\/p>\n\n\n\n<div class=\"iframe-wrapper\" style=\"position: relative; width: 100%; height: 2300px;\">\n  <div class=\"loading\" style=\"position: absolute; top: 50px; left: 50%; transform: translate(-50%, -50%); width: 40px; height: 40px; border: 3px solid #f0f0f0; border-top: 3px solid #db7093; border-radius: 50%; animation: spin 1s linear infinite;\"><\/div>\n  <iframe loading=\"lazy\" src=\"https:\/\/guoyww-animatediff.hf.space\" frameborder=\"0\" width=\"100%\" height=\"100%\" style=\"position: absolute; top: 0; left: 0; opacity: 0; transition: opacity 0.3s;\" onload=\"this.style.opacity=1;this.previousElementSibling.style.display='none';\"><\/iframe>\n<\/div>\n\n<style>\n@keyframes spin {\n  0% { transform: translate(-50%, -50%) rotate(0deg); }\n  100% { transform: translate(-50%, -50%) rotate(360deg); }\n}\n<\/style>\n\n\n\n<div style=\"height:50px\" aria-hidden=\"true\" class=\"wp-block-spacer\"><\/div>\n\n\n\n<h2 class=\"wp-block-heading\">Introdu\u00e7\u00e3o do gerador de v\u00eddeo AI<\/h2>\n\n\n\n<p class=\"\">No panorama digital moderno, os geradores de v\u00eddeo com IA est\u00e3o a revolucionar a cria\u00e7\u00e3o de conte\u00fados. Essas ferramentas avan\u00e7adas aproveitam o poder da intelig\u00eancia artificial para agilizar e aprimorar a produ\u00e7\u00e3o de v\u00eddeo, tornando-a acess\u00edvel a um p\u00fablico mais amplo. Neste artigo, exploraremos o conceito de geradores de v\u00eddeo com IA, sua import\u00e2ncia e suas aplica\u00e7\u00f5es em v\u00e1rios setores. Tamb\u00e9m forneceremos uma vis\u00e3o geral abrangente das melhores ferramentas dispon\u00edveis, com foco especial no gerador de v\u00eddeo com IA de primeira linha, <a href=\"https:\/\/aiartfree.online\/pt\/gerador-de-video-ai\/\">Arte AI Gr\u00e1tis<\/a>.<\/p>\n\n\n\n<figure class=\"gb-block-image gb-block-image-94da07aa\"><img data-recalc-dims=\"1\" decoding=\"async\" loading=\"lazy\" width=\"300\" height=\"170\" class=\"gb-image gb-image-94da07aa\" src=\"https:\/\/i0.wp.com\/aiartfree.online\/wp-content\/uploads\/2024\/07\/WX20240720-101347%402x.jpg?resize=300%2C170&#038;ssl=1\" alt=\"Um gerador de v\u00eddeo com IA \u00e9 uma aplica\u00e7\u00e3o de software sofisticada que utiliza intelig\u00eancia artificial para criar v\u00eddeos automaticamente. Estas ferramentas podem transformar mensagens de texto, imagens ou mesmo filmagens em bruto em v\u00eddeos de qualidade profissional. Incorporam v\u00e1rias tecnologias de IA, como o processamento de linguagem natural (PNL), a vis\u00e3o por computador e a aprendizagem autom\u00e1tica, para analisar e interpretar os dados de entrada, gerando conte\u00fados envolventes e visualmente apelativos.\" title=\"WX20240720-101347@2x\" srcset=\"https:\/\/i0.wp.com\/aiartfree.online\/wp-content\/uploads\/2024\/07\/WX20240720-101347%402x.jpg?resize=300%2C170&amp;ssl=1 300w, https:\/\/i0.wp.com\/aiartfree.online\/wp-content\/uploads\/2024\/07\/WX20240720-101347%402x.jpg?resize=1024%2C579&amp;ssl=1 1024w, https:\/\/i0.wp.com\/aiartfree.online\/wp-content\/uploads\/2024\/07\/WX20240720-101347%402x.jpg?resize=768%2C434&amp;ssl=1 768w, https:\/\/i0.wp.com\/aiartfree.online\/wp-content\/uploads\/2024\/07\/WX20240720-101347%402x.jpg?resize=18%2C10&amp;ssl=1 18w, https:\/\/i0.wp.com\/aiartfree.online\/wp-content\/uploads\/2024\/07\/WX20240720-101347%402x.jpg?resize=600%2C339&amp;ssl=1 600w, https:\/\/i0.wp.com\/aiartfree.online\/wp-content\/uploads\/2024\/07\/WX20240720-101347%402x.jpg?w=1030&amp;ssl=1 1030w\" sizes=\"auto, (max-width: 300px) 100vw, 300px\" \/><\/figure>\n\n\n\n<h3 class=\"wp-block-heading\">\u00cdndice<\/h3>\n\n\n\n<ol class=\"wp-block-list\">\n<li class=\"\"><a href=\"#what-is-an-ai-video-generator\">O que \u00e9 um gerador de v\u00eddeo com IA?<\/a><\/li>\n\n\n\n<li class=\"\"><a href=\"#why-use-an-ai-video-generator\">Porqu\u00ea utilizar um gerador de v\u00eddeo com IA?<\/a><\/li>\n\n\n\n<li class=\"\"><a href=\"#suitable-industries-and-people\">Ind\u00fastrias e pessoas adequadas<\/a><\/li>\n\n\n\n<li class=\"\"><a href=\"#related-tools-and-information\">Ferramentas e informa\u00e7\u00f5es relacionadas<\/a><\/li>\n\n\n\n<li class=\"\"><a href=\"#frequently-asked-questions-faq\">Perguntas frequentes (FAQ)<\/a><\/li>\n<\/ol>\n\n\n\n<h3 class=\"wp-block-heading\">O que \u00e9 um gerador de v\u00eddeo com IA?<\/h3>\n\n\n\n<p class=\"\">Um gerador de v\u00eddeo com IA \u00e9 uma aplica\u00e7\u00e3o de software sofisticada que utiliza intelig\u00eancia artificial para criar v\u00eddeos automaticamente. Estas ferramentas podem transformar mensagens de texto, imagens ou mesmo filmagens em bruto em v\u00eddeos de qualidade profissional. Incorporam v\u00e1rias tecnologias de IA, como o processamento de linguagem natural (PNL), a vis\u00e3o por computador e a aprendizagem autom\u00e1tica, para analisar e interpretar os dados de entrada, gerando conte\u00fados envolventes e visualmente apelativos.<\/p>\n\n\n\n<h3 class=\"wp-block-heading\">Porqu\u00ea utilizar um gerador de v\u00eddeo com IA?<\/h3>\n\n\n\n<p class=\"\">Os geradores de v\u00eddeo com IA oferecem in\u00fameras vantagens que os tornam indispens\u00e1veis no dom\u00ednio da produ\u00e7\u00e3o de v\u00eddeo:<\/p>\n\n\n\n<ul class=\"wp-block-list\">\n<li class=\"\"><strong>Efici\u00eancia<\/strong>: Estas ferramentas reduzem significativamente o tempo e o esfor\u00e7o necess\u00e1rios para criar v\u00eddeos, permitindo ciclos de produ\u00e7\u00e3o r\u00e1pidos.<\/li>\n\n\n\n<li class=\"\"><strong>Rent\u00e1vel<\/strong>: Ao automatizar muitos aspectos da cria\u00e7\u00e3o de v\u00eddeo, os geradores de v\u00eddeo com IA podem reduzir os custos de produ\u00e7\u00e3o, tornando os conte\u00fados de v\u00eddeo de alta qualidade acess\u00edveis a empresas e indiv\u00edduos com or\u00e7amentos limitados.<\/li>\n\n\n\n<li class=\"\"><strong>Consist\u00eancia<\/strong>: A IA assegura a uniformidade do estilo e da qualidade, mantendo a consist\u00eancia da marca em todos os conte\u00fados de v\u00eddeo.<\/li>\n\n\n\n<li class=\"\"><strong>Acessibilidade<\/strong>: Mesmo as pessoas com pouca ou nenhuma experi\u00eancia em edi\u00e7\u00e3o de v\u00eddeo podem produzir v\u00eddeos de n\u00edvel profissional, democratizando a cria\u00e7\u00e3o de conte\u00fados.<\/li>\n\n\n\n<li class=\"\"><strong>Personaliza\u00e7\u00e3o<\/strong>: Os geradores de v\u00eddeo com IA permitem uma personaliza\u00e7\u00e3o f\u00e1cil, permitindo que os criadores adaptem os v\u00eddeos a p\u00fablicos espec\u00edficos ou a campanhas de marketing.<\/li>\n<\/ul>\n\n\n\n<h3 class=\"wp-block-heading\">Ind\u00fastrias e pessoas adequadas<\/h3>\n\n\n\n<p class=\"\">Os geradores de v\u00eddeo com IA s\u00e3o ferramentas vers\u00e1teis que podem beneficiar uma vasta gama de utilizadores em v\u00e1rios sectores:<\/p>\n\n\n\n<ul class=\"wp-block-list\">\n<li class=\"\"><strong>Profissionais de marketing<\/strong>: Para criar v\u00eddeos promocionais, an\u00fancios e conte\u00fados para redes sociais interessantes.<\/li>\n\n\n\n<li class=\"\"><strong>Educadores e formadores<\/strong>: Para desenvolver v\u00eddeos instrutivos, tutoriais e conte\u00fados de e-learning.<\/li>\n\n\n\n<li class=\"\"><strong>Criadores de conte\u00fados e influenciadores<\/strong>: Para produzir v\u00eddeos de alta qualidade para o YouTube, vlogs e outros conte\u00fados para as redes sociais.<\/li>\n\n\n\n<li class=\"\"><strong>Empresas<\/strong>: Para comunica\u00e7\u00f5es empresariais, demonstra\u00e7\u00f5es de produtos e v\u00eddeos de forma\u00e7\u00e3o interna.<\/li>\n\n\n\n<li class=\"\"><strong>Produ\u00e7\u00e3o cinematogr\u00e1fica e medi\u00e1tica<\/strong>: Para simplificar o processo de p\u00f3s-produ\u00e7\u00e3o e gerar efeitos especiais ou sequ\u00eancias animadas.<\/li>\n<\/ul>\n\n\n\n<h3 class=\"wp-block-heading\">Ferramentas e informa\u00e7\u00f5es relacionadas<\/h3>\n\n\n\n<p class=\"\">Abaixo est\u00e1 uma tabela que resume 10 ferramentas de gera\u00e7\u00e3o de v\u00eddeo com IA relacionadas, fornecendo uma breve vis\u00e3o geral de cada uma, juntamente com seus pr\u00f3s, contras, vantagens, desafios e recomenda\u00e7\u00f5es.<\/p>\n\n\n\n<figure class=\"wp-block-table\"><table class=\"has-fixed-layout\"><thead><tr><th>Nome da ferramenta<\/th><th>URL<\/th><th>Resumo<\/th><th>Pr\u00f3s<\/th><th>Contras<\/th><th>Vantagens<\/th><th>Desafios<\/th><th>Recomenda\u00e7\u00f5es<\/th><\/tr><\/thead><tbody><tr><td><strong>Vit\u00f3ria<\/strong><\/td><td><a href=\"https:\/\/pictory.ai\" target=\"_blank\" rel=\"noopener\">Vit\u00f3ria<\/a><\/td><td>Cria\u00e7\u00e3o de v\u00eddeos a partir de texto com recurso a IA<\/td><td>F\u00e1cil de utilizar, r\u00e1pido<\/td><td>Personaliza\u00e7\u00e3o limitada<\/td><td>Gera\u00e7\u00e3o r\u00e1pida de v\u00eddeo<\/td><td>Curva de aprendizagem<\/td><td>Ideal para principiantes<\/td><\/tr><tr><td><strong>Animoto<\/strong><\/td><td><a href=\"https:\/\/animoto.com\" target=\"_blank\" rel=\"noopener\">Animoto<\/a><\/td><td>Criador de v\u00eddeo simples de arrastar e largar<\/td><td>F\u00e1cil de utilizar, Modelos<\/td><td>Menos controlo sobre os pormenores<\/td><td>Modelos que poupam tempo<\/td><td>Caracter\u00edsticas b\u00e1sicas<\/td><td>Excelente para projectos simples<\/td><\/tr><tr><td><strong>S\u00edntese<\/strong><\/td><td><a href=\"https:\/\/synthesia.io\" target=\"_blank\" rel=\"noopener\">S\u00edntese<\/a><\/td><td>Cria\u00e7\u00e3o de v\u00eddeos com IA e avatares<\/td><td>Avatares realistas, Multilingue<\/td><td>Custo mais elevado<\/td><td>Avatares personaliz\u00e1veis<\/td><td>Requer scripting<\/td><td>Ideal para v\u00eddeos empresariais<\/td><\/tr><tr><td><strong>Lumen5<\/strong><\/td><td><a href=\"https:\/\/lumen5.com\" target=\"_blank\" rel=\"noopener\">Lumen5<\/a><\/td><td>Cria\u00e7\u00e3o de v\u00eddeos com base em IA a partir de artigos<\/td><td>Integra-se com blogues, r\u00e1pido<\/td><td>Marca de \u00e1gua na vers\u00e3o gratuita<\/td><td>Cria\u00e7\u00e3o automatizada de conte\u00fados<\/td><td>Op\u00e7\u00f5es gratuitas limitadas<\/td><td>Ideal para bloguistas<\/td><\/tr><tr><td><strong>Magisto<\/strong><\/td><td><a href=\"https:\/\/magisto.com\" target=\"_blank\" rel=\"noopener\">Magisto<\/a><\/td><td>Editor de v\u00eddeo inteligente com IA<\/td><td>Edi\u00e7\u00e3o inteligente, Biblioteca de m\u00fasica<\/td><td>Assinatura obrigat\u00f3ria<\/td><td>Edi\u00e7\u00e3o automatizada<\/td><td>Controlo manual limitado<\/td><td>\u00d3timo para as redes sociais<\/td><\/tr><tr><td><strong>Wibbitz<\/strong><\/td><td><a href=\"https:\/\/wibbitz.com\" target=\"_blank\" rel=\"noopener\">Wibbitz<\/a><\/td><td>Plataforma de cria\u00e7\u00e3o de v\u00eddeo para equipas<\/td><td>Colaborativo, r\u00e1pido<\/td><td>Caro<\/td><td>Colabora\u00e7\u00e3o em equipa<\/td><td>Curva de aprendizagem acentuada<\/td><td>Ideal para equipas de marketing<\/td><\/tr><tr><td><strong>FlexClip<\/strong><\/td><td><a href=\"https:\/\/flexclip.com\" target=\"_blank\" rel=\"noopener\">FlexClip<\/a><\/td><td>Criador de v\u00eddeos online com modelos<\/td><td>F\u00e1cil de utilizar, Modelos<\/td><td>Caracter\u00edsticas avan\u00e7adas limitadas<\/td><td>F\u00e1cil de utilizar<\/td><td>Caracter\u00edsticas b\u00e1sicas<\/td><td>Bom para edi\u00e7\u00f5es r\u00e1pidas<\/td><\/tr><tr><td><strong>Em v\u00eddeo<\/strong><\/td><td><a href=\"https:\/\/invideo.io\" target=\"_blank\" rel=\"noopener\">Em v\u00eddeo<\/a><\/td><td>Editor de v\u00eddeo online com IA<\/td><td>Biblioteca multim\u00e9dia extensa, modelos<\/td><td>Marca de \u00e1gua na vers\u00e3o gratuita<\/td><td>Op\u00e7\u00f5es de rich media<\/td><td>Custos de subscri\u00e7\u00e3o<\/td><td>Ideal para profissionais de marketing<\/td><\/tr><tr><td><strong>Desenhos.ai<\/strong><\/td><td><a href=\"https:\/\/designs.ai\" target=\"_blank\" rel=\"noopener\">Desenhos.ai<\/a><\/td><td>Ferramentas criativas alimentadas por IA<\/td><td>Vers\u00e1til, r\u00e1pido<\/td><td>Assinatura obrigat\u00f3ria<\/td><td>M\u00faltiplas ferramentas criativas<\/td><td>Necessita de Internet<\/td><td>Ideal para criadores de conte\u00fados<\/td><\/tr><tr><td><strong>DeepBrain<\/strong><\/td><td><a href=\"https:\/\/deepbrain.io\" target=\"_blank\" rel=\"noopener\">DeepBrain<\/a><\/td><td>Gerador de v\u00eddeo com IA e aprendizagem profunda<\/td><td>Alta qualidade, personaliz\u00e1vel<\/td><td>Interface complexa<\/td><td>Sa\u00edda de alta qualidade<\/td><td>Necessita de forma\u00e7\u00e3o<\/td><td>Ideal para utilizadores avan\u00e7ados<\/td><\/tr><\/tbody><\/table><\/figure>\n\n\n\n<h3 class=\"wp-block-heading\">Perguntas frequentes (FAQ)<\/h3>\n\n\n\n<ol class=\"wp-block-list\">\n<li class=\"\"><strong>O que \u00e9 um gerador de v\u00eddeo com IA?<\/strong>\n<ul class=\"wp-block-list\">\n<li class=\"\">Um gerador de v\u00eddeo com IA \u00e9 uma ferramenta que utiliza a intelig\u00eancia artificial para criar v\u00eddeos automaticamente a partir de v\u00e1rias entradas, como texto, imagens ou filmagens em bruto.<\/li>\n<\/ul>\n<\/li>\n\n\n\n<li class=\"\"><strong>Como funciona um gerador de v\u00eddeo com IA?<\/strong>\n<ul class=\"wp-block-list\">\n<li class=\"\">Utiliza tecnologias de IA, como o processamento de linguagem natural e a vis\u00e3o por computador, para interpretar os dados de entrada e gerar conte\u00fados de v\u00eddeo.<\/li>\n<\/ul>\n<\/li>\n\n\n\n<li class=\"\"><strong>Quais s\u00e3o as vantagens de utilizar um gerador de v\u00eddeo com IA?<\/strong>\n<ul class=\"wp-block-list\">\n<li class=\"\">As vantagens incluem maior efici\u00eancia, poupan\u00e7a de custos, qualidade consistente, acessibilidade e f\u00e1cil personaliza\u00e7\u00e3o.<\/li>\n<\/ul>\n<\/li>\n\n\n\n<li class=\"\"><strong>Quem pode beneficiar dos geradores de v\u00eddeo com IA?<\/strong>\n<ul class=\"wp-block-list\">\n<li class=\"\">Todos os profissionais de marketing, educadores, criadores de conte\u00fados, empresas e equipas de produ\u00e7\u00e3o de media podem beneficiar.<\/li>\n<\/ul>\n<\/li>\n\n\n\n<li class=\"\"><strong>Os geradores de v\u00eddeo com IA s\u00e3o caros?<\/strong>\n<ul class=\"wp-block-list\">\n<li class=\"\">Os pre\u00e7os variam, mas muitas ferramentas oferecem op\u00e7\u00f5es econ\u00f3micas que s\u00e3o mais baratas do que os m\u00e9todos tradicionais de produ\u00e7\u00e3o de v\u00eddeo.<\/li>\n<\/ul>\n<\/li>\n\n\n\n<li class=\"\"><strong>Os principiantes podem utilizar geradores de v\u00eddeo com IA?<\/strong>\n<ul class=\"wp-block-list\">\n<li class=\"\">Sim, muitos geradores de v\u00eddeo com IA s\u00e3o concebidos para serem f\u00e1ceis de utilizar, tornando-os acess\u00edveis aos principiantes.<\/li>\n<\/ul>\n<\/li>\n\n\n\n<li class=\"\"><strong>Qual \u00e9 o melhor gerador de v\u00eddeos com IA?<\/strong>\n<ul class=\"wp-block-list\">\n<li class=\"\">A melhor ferramenta pode variar consoante as necessidades, mas <a href=\"https:\/\/aiartfree.online\/pt\/gerador-de-video-ai\/\">Arte AI Gr\u00e1tis<\/a> \u00e9 altamente recomendado pelas suas caracter\u00edsticas e facilidade de utiliza\u00e7\u00e3o.<\/li>\n<\/ul>\n<\/li>\n\n\n\n<li class=\"\"><strong>Os geradores de v\u00eddeo com IA requerem algumas compet\u00eancias especiais?<\/strong>\n<ul class=\"wp-block-list\">\n<li class=\"\">A maioria n\u00e3o requer compet\u00eancias especiais e foi concebida para ser intuitiva, embora a familiaridade com a edi\u00e7\u00e3o de v\u00eddeo possa ser \u00fatil.<\/li>\n<\/ul>\n<\/li>\n\n\n\n<li class=\"\"><strong>Como \u00e9 que escolho o gerador de v\u00eddeo com IA certo?<\/strong>\n<ul class=\"wp-block-list\">\n<li class=\"\">Considere factores como a facilidade de utiliza\u00e7\u00e3o, as op\u00e7\u00f5es de personaliza\u00e7\u00e3o, o custo e as necessidades espec\u00edficas do seu projeto.<\/li>\n<\/ul>\n<\/li>\n\n\n\n<li class=\"\"><strong>Os geradores de v\u00eddeo com IA conseguem criar v\u00eddeos de alta qualidade?<\/strong>\n<ul class=\"wp-block-list\">\n<li class=\"\">Sim, muitos geradores de v\u00eddeo com IA produzem v\u00eddeos de n\u00edvel profissional que s\u00e3o adequados para v\u00e1rias aplica\u00e7\u00f5es, desde o marketing \u00e0 educa\u00e7\u00e3o.<\/li>\n<\/ul>\n<\/li>\n<\/ol>\n\n\n\n<p class=\"\">Em conclus\u00e3o, os geradores de v\u00eddeo com IA est\u00e3o a transformar a forma como os v\u00eddeos s\u00e3o criados, oferecendo in\u00fameras vantagens e tornando a produ\u00e7\u00e3o de v\u00eddeo mais acess\u00edvel a todos. Para quem quiser explorar estas ferramentas, <a href=\"https:\/\/aiartfree.online\/pt\/gerador-de-video-ai\/\">Arte AI Gr\u00e1tis<\/a> destaca-se como uma escolha de topo, oferecendo um conjunto robusto de funcionalidades e facilidade de utiliza\u00e7\u00e3o.<\/p>","protected":false},"excerpt":{"rendered":"<p>What other users made with AI Video Generator Prompt: 1 girl, off-shoulder, light smile, shiny skin best quality, masterpiece, photorealistic, turn around 3 Steps to Use AI Video Generator *&nbsp;Depending on your internet speed, loading the model may take up to 10 seconds \u2193 Introduction of AI Video Generator In the modern digital landscape, AI &#8230; <a title=\"Gerador de v\u00eddeo de IA\" class=\"read-more\" href=\"https:\/\/aiartfree.online\/pt\/gerador-de-video-ai\/\" aria-label=\"Leia mais sobre AI Video Generator\">Ler mais<\/a><\/p>","protected":false},"author":1,"featured_media":3463,"parent":0,"menu_order":0,"comment_status":"open","ping_status":"closed","template":"","meta":{"nf_dc_page":"","footnotes":""},"class_list":["post-2993","page","type-page","status-publish","has-post-thumbnail"],"jetpack_sharing_enabled":true,"_links":{"self":[{"href":"https:\/\/aiartfree.online\/pt\/wp-json\/wp\/v2\/pages\/2993","targetHints":{"allow":["GET"]}}],"collection":[{"href":"https:\/\/aiartfree.online\/pt\/wp-json\/wp\/v2\/pages"}],"about":[{"href":"https:\/\/aiartfree.online\/pt\/wp-json\/wp\/v2\/types\/page"}],"author":[{"embeddable":true,"href":"https:\/\/aiartfree.online\/pt\/wp-json\/wp\/v2\/users\/1"}],"replies":[{"embeddable":true,"href":"https:\/\/aiartfree.online\/pt\/wp-json\/wp\/v2\/comments?post=2993"}],"version-history":[{"count":1,"href":"https:\/\/aiartfree.online\/pt\/wp-json\/wp\/v2\/pages\/2993\/revisions"}],"predecessor-version":[{"id":3601,"href":"https:\/\/aiartfree.online\/pt\/wp-json\/wp\/v2\/pages\/2993\/revisions\/3601"}],"wp:featuredmedia":[{"embeddable":true,"href":"https:\/\/aiartfree.online\/pt\/wp-json\/wp\/v2\/media\/3463"}],"wp:attachment":[{"href":"https:\/\/aiartfree.online\/pt\/wp-json\/wp\/v2\/media?parent=2993"}],"curies":[{"name":"wp","href":"https:\/\/api.w.org\/{rel}","templated":true}]}}