{"id":2986,"date":"2024-07-19T17:43:48","date_gmt":"2024-07-19T17:43:48","guid":{"rendered":"https:\/\/aiartfree.online\/?page_id=2986"},"modified":"2025-03-07T08:22:52","modified_gmt":"2025-03-07T08:22:52","slug":"video-to-gif","status":"publish","type":"page","link":"https:\/\/aiartfree.online\/pt\/video-para-gif\/","title":{"rendered":"V\u00eddeo gratuito para GIF"},"content":{"rendered":"<h2 class=\"wp-block-heading\">Como utilizar o Video to GIF<\/h2>\n\n\n\n<ol class=\"wp-block-list\">\n<li class=\"\">Largue ou carregue o seu v\u00eddeo favorito<\/li>\n\n\n\n<li class=\"\">Desloque-se para baixo e clique em \"Generate Animated GIF\" (Gerar GIF animado)<\/li>\n\n\n\n<li class=\"\">Esperar cerca de 9-14 segundos, \u00e9 isso mesmo!<\/li>\n\n\n\n<li class=\"\">Descarregue-o para partilhar com os amigos<\/li>\n<\/ol>\n\n\n\n<figure class=\"gb-block-image gb-block-image-4dfafe81\"><a href=\"https:\/\/fas.st\/t\/XmtmoHSk\" target=\"_blank\" rel=\"noopener noreferrer\"><img data-recalc-dims=\"1\" decoding=\"async\" loading=\"lazy\" width=\"1200\" height=\"368\" class=\"gb-image gb-image-4dfafe81\" src=\"https:\/\/i0.wp.com\/aiartfree.online\/wp-content\/uploads\/2025\/03\/WX20250307-114300%402x.webp?resize=1200%2C368&#038;ssl=1\" alt=\"\" title=\"WX20250307-114300@2x\" srcset=\"https:\/\/i0.wp.com\/aiartfree.online\/wp-content\/uploads\/2025\/03\/WX20250307-114300%402x.webp?w=1900&amp;ssl=1 1900w, https:\/\/i0.wp.com\/aiartfree.online\/wp-content\/uploads\/2025\/03\/WX20250307-114300%402x.webp?resize=300%2C92&amp;ssl=1 300w, https:\/\/i0.wp.com\/aiartfree.online\/wp-content\/uploads\/2025\/03\/WX20250307-114300%402x.webp?resize=1024%2C314&amp;ssl=1 1024w, https:\/\/i0.wp.com\/aiartfree.online\/wp-content\/uploads\/2025\/03\/WX20250307-114300%402x.webp?resize=768%2C235&amp;ssl=1 768w, https:\/\/i0.wp.com\/aiartfree.online\/wp-content\/uploads\/2025\/03\/WX20250307-114300%402x.webp?resize=1536%2C471&amp;ssl=1 1536w, https:\/\/i0.wp.com\/aiartfree.online\/wp-content\/uploads\/2025\/03\/WX20250307-114300%402x.webp?resize=18%2C6&amp;ssl=1 18w, https:\/\/i0.wp.com\/aiartfree.online\/wp-content\/uploads\/2025\/03\/WX20250307-114300%402x.webp?resize=600%2C184&amp;ssl=1 600w\" sizes=\"auto, (max-width: 1200px) 100vw, 1200px\" \/><\/a><\/figure>\n\n\n\n<p class=\"\"><em>* Dependendo da velocidade da sua Internet, o carregamento do modelo pode demorar alguns segundos.<br>* Durante a gera\u00e7\u00e3o cont\u00ednua, haver\u00e1 armazenamento em cache e a nova imagem aparecer\u00e1 ap\u00f3s cerca de 3 segundos.<\/em><\/p>\n\n\n\n<div style=\"text-align: center;\">\n  <iframe loading=\"lazy\"\n    src=\"https:\/\/fariyan-gif-studio.hf.space\"\n    frameborder=\"0\"\n    width=\"1200\"\n    height=\"2500\"\n    style=\"display: inline-block; margin: 0 auto;\"\n  ><\/iframe>\n<\/div>\n\n\n\n<div style=\"height:50px\" aria-hidden=\"true\" class=\"wp-block-spacer\"><\/div>\n\n\n\n<h2 class=\"wp-block-heading\">Introdu\u00e7\u00e3o de v\u00eddeo para GIF<\/h2>\n\n\n\n<p class=\"\">Na era da cria\u00e7\u00e3o de conte\u00fados digitais, a transforma\u00e7\u00e3o de v\u00eddeos em GIFs tornou-se uma forma popular de partilhar momentos num formato din\u00e2mico e compacto. Este guia ir\u00e1 explorar o conceito de convers\u00e3o de v\u00eddeos em GIFs, a import\u00e2ncia deste processo, as melhores ferramentas dispon\u00edveis e responder a algumas perguntas frequentes.<\/p>\n\n\n\n<h3 class=\"wp-block-heading\">\u00cdndice<\/h3>\n\n\n\n<ol class=\"wp-block-list\">\n<li class=\"\">O que \u00e9 Video to GIF?<\/li>\n\n\n\n<li class=\"\">Porqu\u00ea utilizar v\u00eddeo para GIF?<\/li>\n\n\n\n<li class=\"\">Utilizadores ou sectores adequados<\/li>\n\n\n\n<li class=\"\">As 10 principais ferramentas e informa\u00e7\u00f5es<\/li>\n\n\n\n<li class=\"\">Perguntas frequentes<\/li>\n<\/ol>\n\n\n\n<h3 class=\"wp-block-heading\">O que \u00e9 Video to GIF?<\/h3>\n\n\n\n<p class=\"\">A convers\u00e3o de v\u00eddeo para GIF envolve a transforma\u00e7\u00e3o de um ficheiro de v\u00eddeo numa imagem GIF. Os GIFs, ou imagens Graphics Interchange Format, s\u00e3o amplamente utilizados nas redes sociais e nos s\u00edtios Web devido \u00e0 sua capacidade de anima\u00e7\u00e3o em loop e ao seu tamanho de ficheiro relativamente pequeno. Este processo permite aos utilizadores pegar num segmento de um v\u00eddeo e convert\u00ea-lo numa imagem animada, que pode ser facilmente partilhada e visualizada em v\u00e1rias plataformas.<\/p>\n\n\n\n<h3 class=\"wp-block-heading\">Porqu\u00ea utilizar v\u00eddeo para GIF?<\/h3>\n\n\n\n<p class=\"\">A convers\u00e3o de v\u00eddeo para GIF oferece v\u00e1rias vantagens:<\/p>\n\n\n\n<ul class=\"wp-block-list\">\n<li class=\"\"><strong>Compromisso<\/strong>: Os GIFs s\u00e3o apelativos e podem rapidamente captar a aten\u00e7\u00e3o dos espectadores.<\/li>\n\n\n\n<li class=\"\"><strong>Compatibilidade<\/strong>: Os GIFs s\u00e3o suportados pela maioria das plataformas de redes sociais e aplica\u00e7\u00f5es de mensagens.<\/li>\n\n\n\n<li class=\"\"><strong>Tamanho do ficheiro<\/strong>: Em compara\u00e7\u00e3o com os v\u00eddeos, os GIFs s\u00e3o mais pequenos, o que os torna mais f\u00e1ceis de carregar e partilhar.<\/li>\n\n\n\n<li class=\"\"><strong>Criatividade<\/strong>: Os GIFs permitem a express\u00e3o criativa, real\u00e7ando momentos espec\u00edficos ou acrescentando humor atrav\u00e9s de anima\u00e7\u00f5es em loop.<\/li>\n<\/ul>\n\n\n\n<h3 class=\"wp-block-heading\">Utilizadores ou sectores adequados<\/h3>\n\n\n\n<p class=\"\">A convers\u00e3o de v\u00eddeo para GIF \u00e9 ben\u00e9fica para v\u00e1rios utilizadores e ind\u00fastrias, incluindo:<\/p>\n\n\n\n<ul class=\"wp-block-list\">\n<li class=\"\"><strong>Influenciadores dos meios de comunica\u00e7\u00e3o social<\/strong>: Para criar conte\u00fados cativantes que se destaquem.<\/li>\n\n\n\n<li class=\"\"><strong>Profissionais de marketing<\/strong>: Para melhorar os an\u00fancios e os materiais promocionais.<\/li>\n\n\n\n<li class=\"\"><strong>Educadores<\/strong>: Para criar anima\u00e7\u00f5es de instru\u00e7\u00e3o simples e em loop.<\/li>\n\n\n\n<li class=\"\"><strong>Criadores de conte\u00fados<\/strong>: Para partilhar destaques ou momentos engra\u00e7ados de v\u00eddeos mais longos.<\/li>\n\n\n\n<li class=\"\"><strong>Empresas<\/strong>: Criar imagens apelativas para s\u00edtios Web e apresenta\u00e7\u00f5es.<\/li>\n<\/ul>\n\n\n\n<h3 class=\"wp-block-heading\">As 10 principais ferramentas e informa\u00e7\u00f5es<\/h3>\n\n\n\n<p class=\"\">Abaixo est\u00e1 uma tabela que resume as 10 principais ferramentas para converter v\u00eddeos em GIFs, incluindo seus URLs, pr\u00f3s, contras, vantagens, desafios e recomenda\u00e7\u00f5es.<\/p>\n\n\n\n<figure class=\"wp-block-table\"><table class=\"has-fixed-layout\"><thead><tr><th>Nome da ferramenta<\/th><th>URL<\/th><th>Pr\u00f3s<\/th><th>Contras<\/th><th>Vantagens<\/th><th>Desafios<\/th><th>Recomenda\u00e7\u00f5es<\/th><\/tr><\/thead><tbody><tr><td><strong>V\u00eddeo gratuito para GIF<\/strong><\/td><td><a href=\"https:\/\/aiartfree.online\/pt\/video-para-gif\/\" data-type=\"link\" data-id=\"https:\/\/aiartfree.online\/video-to-gif\/\">aiartfree.online<\/a><\/td><td>F\u00e1cil de utilizar, sa\u00edda de alta qualidade<\/td><td>Caracter\u00edsticas avan\u00e7adas limitadas<\/td><td>Ideal para convers\u00f5es r\u00e1pidas<\/td><td>Pode n\u00e3o ser adequado para editores profissionais<\/td><td>A melhor ferramenta para utilizadores gerais<\/td><\/tr><tr><td><strong>Giphy<\/strong><\/td><td><a href=\"https:\/\/giphy.com\" rel=\"nofollow noopener\" target=\"_blank\">giphy.com<\/a><\/td><td>Biblioteca extensa, partilha f\u00e1cil<\/td><td>Marca de \u00e1gua na vers\u00e3o gratuita<\/td><td>\u00d3timo para as redes sociais<\/td><td>Requer inscri\u00e7\u00e3o<\/td><td>Ideal para utiliza\u00e7\u00e3o nas redes sociais<\/td><\/tr><tr><td><strong>Imgur<\/strong><\/td><td><a href=\"https:\/\/imgur.com\" rel=\"nofollow noopener\" target=\"_blank\">imgur.com<\/a><\/td><td>Interface simples e gratuita<\/td><td>Op\u00e7\u00f5es de edi\u00e7\u00e3o limitadas<\/td><td>Bom para edi\u00e7\u00f5es r\u00e1pidas<\/td><td>Sem funcionalidades avan\u00e7adas<\/td><td>Bom para utilizadores casuais<\/td><\/tr><tr><td><strong>EZGIF<\/strong><\/td><td><a href=\"https:\/\/ezgif.com\" rel=\"nofollow noopener\" target=\"_blank\">ezgif.com<\/a><\/td><td>Caracter\u00edsticas abrangentes, gr\u00e1tis<\/td><td>A interface pode ser esmagadora<\/td><td>Adequado para edi\u00e7\u00f5es pormenorizadas<\/td><td>Pode ser complexo para principiantes<\/td><td>Recomendado para edi\u00e7\u00e3o detalhada<\/td><\/tr><tr><td><strong>Convers\u00e3o<\/strong><\/td><td><a href=\"https:\/\/convertio.co\" rel=\"nofollow noopener\" target=\"_blank\">convertio.c<\/a><a href=\"https:\/\/convertio.co\" target=\"_blank\" rel=\"noopener\">o<\/a><\/td><td>Suporta v\u00e1rios formatos<\/td><td>A vers\u00e3o gratuita tem limita\u00e7\u00f5es<\/td><td>Vers\u00e1til e flex\u00edvel<\/td><td>Limites de tamanho na vers\u00e3o gratuita<\/td><td>Bom para v\u00e1rios tipos de ficheiros<\/td><\/tr><tr><td><strong>Convers\u00e3o online<\/strong><\/td><td><a href=\"https:\/\/online-convert.com\" rel=\"nofollow noopener\" target=\"_blank\">online-convert.com<\/a><\/td><td>Sem instala\u00e7\u00e3o de software<\/td><td>An\u00fancios na vers\u00e3o gratuita<\/td><td>C\u00f3modo e r\u00e1pido<\/td><td>Liga\u00e7\u00e3o \u00e0 Internet necess\u00e1ria<\/td><td>Melhor para convers\u00e3o r\u00e1pida online<\/td><\/tr><tr><td><strong>FazerAGIF<\/strong><\/td><td><a href=\"https:\/\/makeagif.com\" rel=\"nofollow noopener\" target=\"_blank\">makeagif.com<\/a><\/td><td>F\u00e1cil de utilizar, integra\u00e7\u00e3o social<\/td><td>Marca de \u00e1gua na vers\u00e3o gratuita<\/td><td>Interface de f\u00e1cil utiliza\u00e7\u00e3o<\/td><td>Op\u00e7\u00f5es de edi\u00e7\u00e3o limitadas<\/td><td>\u00d3timo para publica\u00e7\u00f5es r\u00e1pidas nas redes sociais<\/td><\/tr><tr><td><strong>GIFMaker<\/strong><\/td><td><a href=\"https:\/\/gifmaker.me\" rel=\"nofollow noopener\" target=\"_blank\">gifmaker.me<\/a><\/td><td>N\u00e3o \u00e9 necess\u00e1rio registar-se, \u00e9 gratuito<\/td><td>Caracter\u00edsticas limitadas<\/td><td>R\u00e1pido e f\u00e1cil<\/td><td>N\u00e3o \u00e9 adequado para edi\u00e7\u00f5es complexas<\/td><td>Ideal para utiliza\u00e7\u00e3o casual<\/td><\/tr><tr><td><strong>CloudConvert<\/strong><\/td><td><a href=\"https:\/\/cloudconvert.com\" rel=\"nofollow noopener\" target=\"_blank\">cloudconvert.com<\/a><\/td><td>Convers\u00f5es de alta qualidade<\/td><td>Limites da vers\u00e3o gratuita<\/td><td>Elevada personaliza\u00e7\u00e3o<\/td><td>Requer registo para todas as funcionalidades<\/td><td>Ideal para resultados de alta qualidade<\/td><\/tr><tr><td><strong>Kapwing<\/strong><\/td><td><a href=\"https:\/\/kapwing.com\" rel=\"nofollow noopener\" target=\"_blank\">kapwing.com<\/a><\/td><td>Interface moderna, colaborativa<\/td><td>Necessita de uma conta<\/td><td>Bom para o trabalho em equipa<\/td><td>Algumas funcionalidades est\u00e3o protegidas por um acesso pago<\/td><td>Excelente para projectos de equipa<\/td><\/tr><\/tbody><\/table><\/figure>\n\n\n\n<h3 class=\"wp-block-heading\">Perguntas frequentes<\/h3>\n\n\n\n<ol class=\"wp-block-list\">\n<li class=\"\"><strong>Qual \u00e9 a melhor ferramenta para converter v\u00eddeo em GIF?<\/strong>\n<ul class=\"wp-block-list\">\n<li class=\"\">A melhor ferramenta \u00e9 o Free Online Auto Draft. \u00c9 de f\u00e1cil utiliza\u00e7\u00e3o e produz GIFs de alta qualidade.<\/li>\n<\/ul>\n<\/li>\n\n\n\n<li class=\"\"><strong>Como \u00e9 que converto MP4 para GIF?<\/strong>\n<ul class=\"wp-block-list\">\n<li class=\"\">Pode utilizar conversores online como o EZGIF ou o Giphy. Basta carregar o ficheiro MP4 e seguir as instru\u00e7\u00f5es para o converter em GIF.<\/li>\n<\/ul>\n<\/li>\n\n\n\n<li class=\"\"><strong>Posso criar GIFs de alta qualidade a partir de v\u00eddeos?<\/strong>\n<ul class=\"wp-block-list\">\n<li class=\"\">Sim, ferramentas como o Free Online Auto Draft e o CloudConvert oferecem convers\u00f5es de alta qualidade.<\/li>\n<\/ul>\n<\/li>\n\n\n\n<li class=\"\"><strong>O que s\u00e3o criadores de GIFs animados?<\/strong>\n<ul class=\"wp-block-list\">\n<li class=\"\">S\u00e3o ferramentas que permitem criar GIFs a partir de v\u00eddeos ou de uma s\u00e9rie de imagens, muitas vezes com funcionalidades de edi\u00e7\u00e3o adicionais.<\/li>\n<\/ul>\n<\/li>\n\n\n\n<li class=\"\"><strong>Existe um criador de GIFs gratuito para criar GIFs de alta qualidade?<\/strong>\n<ul class=\"wp-block-list\">\n<li class=\"\">Sim, ferramentas como o Giphy e o EZGIF oferecem vers\u00f5es gratuitas que podem criar GIFs de alta qualidade.<\/li>\n<\/ul>\n<\/li>\n\n\n\n<li class=\"\"><strong>Como posso criar um GIF a partir de um clip de v\u00eddeo?<\/strong>\n<ul class=\"wp-block-list\">\n<li class=\"\">Utilize uma ferramenta como o Free Online Auto Draft, carregue o seu clip de v\u00eddeo, seleccione o segmento pretendido e converta-o em GIF.<\/li>\n<\/ul>\n<\/li>\n\n\n\n<li class=\"\"><strong>Que formatos de ficheiro de v\u00eddeo podem ser convertidos em GIF?<\/strong>\n<ul class=\"wp-block-list\">\n<li class=\"\">A maioria das ferramentas suporta formatos como MP4, AVI e MOV para convers\u00e3o em GIF.<\/li>\n<\/ul>\n<\/li>\n\n\n\n<li class=\"\"><strong>Posso editar o GIF ap\u00f3s a convers\u00e3o?<\/strong>\n<ul class=\"wp-block-list\">\n<li class=\"\">Sim, muitas ferramentas como o EZGIF oferecem funcionalidades de edi\u00e7\u00e3o para ajustar o GIF ap\u00f3s a convers\u00e3o.<\/li>\n<\/ul>\n<\/li>\n\n\n\n<li class=\"\"><strong>Qual \u00e9 a dura\u00e7\u00e3o m\u00e1xima do v\u00eddeo que posso converter em GIF?<\/strong>\n<ul class=\"wp-block-list\">\n<li class=\"\">Isto depende da ferramenta. O Rascunho Autom\u00e1tico Online Gratuito suporta comprimentos de v\u00eddeo padr\u00e3o adequados para a maioria das utiliza\u00e7\u00f5es.<\/li>\n<\/ul>\n<\/li>\n\n\n\n<li class=\"\"><strong>Preciso de uma conta para converter v\u00eddeos em GIFs?<\/strong>\n<ul class=\"wp-block-list\">\n<li class=\"\">Algumas ferramentas requerem uma conta para todas as funcionalidades, mas muitas, como o Free Online Auto Draft e o GIFMaker, n\u00e3o requerem uma conta para uma utiliza\u00e7\u00e3o b\u00e1sica.<\/li>\n<\/ul>\n<\/li>\n<\/ol>\n\n\n\n<p class=\"\">Ao utilizar as informa\u00e7\u00f5es fornecidas, pode converter eficazmente v\u00eddeos em GIFs, melhorando o seu conte\u00fado e o envolvimento em v\u00e1rias plataformas.<\/p>\n\n\n\n<p class=\"\"><\/p>","protected":false},"excerpt":{"rendered":"<p>How to use Video to GIF *&nbsp;Depending on your internet speed, loading the model may take a few seconds.* There will be caching during continuous generation, and the new image will appear after about 3 seconds. Introduction of Video to GIF In the age of digital content creation, transforming videos into GIFs has become a &#8230; <a title=\"V\u00eddeo gratuito para GIF\" class=\"read-more\" href=\"https:\/\/aiartfree.online\/pt\/video-para-gif\/\" aria-label=\"Leia mais sobre Free Video to GIF\">Ler mais<\/a><\/p>","protected":false},"author":1,"featured_media":0,"parent":0,"menu_order":0,"comment_status":"open","ping_status":"closed","template":"","meta":{"nf_dc_page":"","footnotes":""},"class_list":["post-2986","page","type-page","status-publish"],"jetpack_sharing_enabled":true,"_links":{"self":[{"href":"https:\/\/aiartfree.online\/pt\/wp-json\/wp\/v2\/pages\/2986","targetHints":{"allow":["GET"]}}],"collection":[{"href":"https:\/\/aiartfree.online\/pt\/wp-json\/wp\/v2\/pages"}],"about":[{"href":"https:\/\/aiartfree.online\/pt\/wp-json\/wp\/v2\/types\/page"}],"author":[{"embeddable":true,"href":"https:\/\/aiartfree.online\/pt\/wp-json\/wp\/v2\/users\/1"}],"replies":[{"embeddable":true,"href":"https:\/\/aiartfree.online\/pt\/wp-json\/wp\/v2\/comments?post=2986"}],"version-history":[{"count":1,"href":"https:\/\/aiartfree.online\/pt\/wp-json\/wp\/v2\/pages\/2986\/revisions"}],"predecessor-version":[{"id":3600,"href":"https:\/\/aiartfree.online\/pt\/wp-json\/wp\/v2\/pages\/2986\/revisions\/3600"}],"wp:attachment":[{"href":"https:\/\/aiartfree.online\/pt\/wp-json\/wp\/v2\/media?parent=2986"}],"curies":[{"name":"wp","href":"https:\/\/api.w.org\/{rel}","templated":true}]}}