{"id":2983,"date":"2024-07-19T13:17:41","date_gmt":"2024-07-19T13:17:41","guid":{"rendered":"https:\/\/aiartfree.online\/?page_id=2983"},"modified":"2025-03-07T08:28:23","modified_gmt":"2025-03-07T08:28:23","slug":"free-ai-logo-generator","status":"publish","type":"page","link":"https:\/\/aiartfree.online\/pt\/gerador-de-logotipo-ai-gratuito\/","title":{"rendered":"Gerador de log\u00f3tipo de IA gratuito"},"content":{"rendered":"<h2 class=\"wp-block-heading\">Como utilizar o Free AI Logo Generator<\/h2>\n\n\n\n<ol class=\"wp-block-list\">\n<li class=\"\">Largue ou carregue a sua imagem<\/li>\n\n\n\n<li class=\"\">Clique em \"Submeter\"<\/li>\n\n\n\n<li class=\"\">Espera, \u00e9 isso mesmo! <\/li>\n<\/ol>\n\n\n\n<figure class=\"gb-block-image gb-block-image-032aac41\"><a href=\"https:\/\/fas.st\/t\/9U4PYbm7\" target=\"_blank\" rel=\"noopener noreferrer\"><img data-recalc-dims=\"1\" decoding=\"async\" loading=\"lazy\" width=\"1200\" height=\"365\" class=\"gb-image gb-image-032aac41\" src=\"https:\/\/i0.wp.com\/aiartfree.online\/wp-content\/uploads\/2025\/03\/WX20250307-115412%402x.webp?resize=1200%2C365&#038;ssl=1\" alt=\"\" title=\"WX20250307-115412@2x\" srcset=\"https:\/\/i0.wp.com\/aiartfree.online\/wp-content\/uploads\/2025\/03\/WX20250307-115412%402x.webp?w=1942&amp;ssl=1 1942w, https:\/\/i0.wp.com\/aiartfree.online\/wp-content\/uploads\/2025\/03\/WX20250307-115412%402x.webp?resize=300%2C91&amp;ssl=1 300w, https:\/\/i0.wp.com\/aiartfree.online\/wp-content\/uploads\/2025\/03\/WX20250307-115412%402x.webp?resize=1024%2C312&amp;ssl=1 1024w, https:\/\/i0.wp.com\/aiartfree.online\/wp-content\/uploads\/2025\/03\/WX20250307-115412%402x.webp?resize=768%2C234&amp;ssl=1 768w, https:\/\/i0.wp.com\/aiartfree.online\/wp-content\/uploads\/2025\/03\/WX20250307-115412%402x.webp?resize=1536%2C467&amp;ssl=1 1536w, https:\/\/i0.wp.com\/aiartfree.online\/wp-content\/uploads\/2025\/03\/WX20250307-115412%402x.webp?resize=18%2C5&amp;ssl=1 18w, https:\/\/i0.wp.com\/aiartfree.online\/wp-content\/uploads\/2025\/03\/WX20250307-115412%402x.webp?resize=600%2C183&amp;ssl=1 600w\" sizes=\"auto, (max-width: 1200px) 100vw, 1200px\" \/><\/a><\/figure>\n\n\n\n<p class=\"\"><em>* Dependendo da velocidade da sua Internet, o carregamento do modelo pode demorar alguns segundos.<br>* Durante a gera\u00e7\u00e3o cont\u00ednua, haver\u00e1 armazenamento em cache e a nova imagem aparecer\u00e1 ap\u00f3s cerca de 3 segundos.<\/em><\/p>\n\n\n\n<div style=\"text-align: center; border: 2px solid; border-image-source: linear-gradient(to right, #16b86c, #912899); border-image-slice: 1; box-shadow: 0 0 10px rgba(0, 0, 0, 0.1); border-radius: 15px;\">\n  <iframe loading=\"lazy\"\n    src=\"https:\/\/artificialguybr-logo-sdxl-lora-free-demo.hf.space\"\n    frameborder=\"0\"\n    width=\"1100\"\n    height=\"800\"\n    style=\"display: inline-block; margin: 0 auto;\"\n  ><\/iframe>\n<\/div>\n\n\n\n<div style=\"height:49px\" aria-hidden=\"true\" class=\"wp-block-spacer\"><\/div>\n\n\n\n<h2 class=\"wp-block-heading\" id=\"introduction-of-free-ai-logo-generator\">Introdu\u00e7\u00e3o do Free AI Logo Generator<\/h2>\n\n\n\n<p class=\"\">Como propriet\u00e1rio de uma empresa, criar um log\u00f3tipo profissional \u00e9 essencial para estabelecer a identidade da sua marca. Com o aumento da intelig\u00eancia artificial, a cria\u00e7\u00e3o de um log\u00f3tipo tornou-se mais acess\u00edvel e eficiente. Neste artigo, vamos explorar as maravilhas de um gerador de log\u00f3tipo de IA gratuito e como pode beneficiar a sua empresa.<\/p>\n\n\n\n<figure class=\"wp-block-image size-large is-resized\"><img data-recalc-dims=\"1\" decoding=\"async\" width=\"1024\" height=\"562\"   loading=\"lazy\" src=\"https:\/\/i0.wp.com\/aiartfree.online\/wp-content\/uploads\/2024\/07\/1_mL5ZQFtjfXkQdHh6qz_13w.jpg?resize=1024%2C562&#038;ssl=1\" alt=\"Gerador de log\u00f3tipo de IA gratuito\" class=\"wp-image-2987\" style=\"width:585px;height:auto\" srcset=\"https:\/\/i0.wp.com\/aiartfree.online\/wp-content\/uploads\/2024\/07\/1_mL5ZQFtjfXkQdHh6qz_13w.jpg?resize=1024%2C562&amp;ssl=1 1024w, https:\/\/i0.wp.com\/aiartfree.online\/wp-content\/uploads\/2024\/07\/1_mL5ZQFtjfXkQdHh6qz_13w.jpg?resize=300%2C165&amp;ssl=1 300w, https:\/\/i0.wp.com\/aiartfree.online\/wp-content\/uploads\/2024\/07\/1_mL5ZQFtjfXkQdHh6qz_13w.jpg?resize=768%2C421&amp;ssl=1 768w, https:\/\/i0.wp.com\/aiartfree.online\/wp-content\/uploads\/2024\/07\/1_mL5ZQFtjfXkQdHh6qz_13w.jpg?resize=18%2C10&amp;ssl=1 18w, https:\/\/i0.wp.com\/aiartfree.online\/wp-content\/uploads\/2024\/07\/1_mL5ZQFtjfXkQdHh6qz_13w.jpg?resize=600%2C329&amp;ssl=1 600w, https:\/\/i0.wp.com\/aiartfree.online\/wp-content\/uploads\/2024\/07\/1_mL5ZQFtjfXkQdHh6qz_13w.jpg?w=1400&amp;ssl=1 1400w\" sizes=\"auto, (max-width: 1024px) 100vw, 1024px\" \/><\/figure>\n\n\n\n<p class=\"\"><strong>\u00cdndice<\/strong><\/p>\n\n\n\n<ul class=\"wp-block-list\">\n<li class=\"\">Introdu\u00e7\u00e3o do Free AI Logo Generator<\/li>\n\n\n\n<li class=\"\">Porqu\u00ea utilizar um gerador de log\u00f3tipos de IA gratuito?<\/li>\n\n\n\n<li class=\"\">Benef\u00edcios da utiliza\u00e7\u00e3o de um gerador de log\u00f3tipos de IA gratuito<\/li>\n\n\n\n<li class=\"\">Quando utilizar um gerador de log\u00f3tipo de IA gratuito<\/li>\n\n\n\n<li class=\"\">Quem pode utilizar um gerador de log\u00f3tipo de IA gratuito?<\/li>\n\n\n\n<li class=\"\">Compara\u00e7\u00e3o de geradores de log\u00f3tipos de IA gratuitos<\/li>\n\n\n\n<li class=\"\">FAQ<\/li>\n<\/ul>\n\n\n\n<h3 class=\"wp-block-heading\" id=\"what-is-a-free-ai-logo-generator\"><a href=\"https:\/\/dromerosm-groq-llama3.hf.space\/#what-is-a-free-ai-logo-generator\" target=\"_blank\" rel=\"noopener\"><\/a>O que \u00e9 um gerador de log\u00f3tipo de IA gratuito?<\/h3>\n\n\n\n<p class=\"\">Um gerador de log\u00f3tipo de IA gratuito \u00e9 uma ferramenta online que utiliza intelig\u00eancia artificial para criar um log\u00f3tipo personalizado para a sua empresa. Estas ferramentas utilizam algoritmos de aprendizagem autom\u00e1tica para gerar log\u00f3tipos exclusivos com base nos seus dados, como o nome da empresa, o slogan e as cores e tipos de letra preferidos. Com apenas alguns cliques, pode criar um log\u00f3tipo de aspeto profissional em minutos.<\/p>\n\n\n\n<h3 class=\"wp-block-heading\" id=\"why-use-a-free-ai-logo-generator\"><a href=\"https:\/\/dromerosm-groq-llama3.hf.space\/#why-use-a-free-ai-logo-generator\" target=\"_blank\" rel=\"noopener\"><\/a>Porqu\u00ea utilizar um gerador de log\u00f3tipos de IA gratuito?<\/h3>\n\n\n\n<p class=\"\">Usar um gerador de log\u00f3tipo de IA gratuito pode poupar tempo e dinheiro em compara\u00e7\u00e3o com a contrata\u00e7\u00e3o de um designer de log\u00f3tipo profissional. Com o design de log\u00f3tipo com tecnologia de IA, basta introduzir as informa\u00e7\u00f5es e prefer\u00eancias da sua empresa e a ferramenta ir\u00e1 gerar um log\u00f3tipo que satisfa\u00e7a as suas necessidades.<\/p>\n\n\n\n<h3 class=\"wp-block-heading\" id=\"benefits-of-using-a-free-ai-logo-generator\"><a href=\"https:\/\/dromerosm-groq-llama3.hf.space\/#benefits-of-using-a-free-ai-logo-generator\" target=\"_blank\" rel=\"noopener\"><\/a>Benef\u00edcios da utiliza\u00e7\u00e3o de um gerador de log\u00f3tipos de IA gratuito<\/h3>\n\n\n\n<p class=\"\">Eis algumas vantagens de utilizar um gerador de log\u00f3tipos de IA gratuito:<\/p>\n\n\n\n<p class=\"\">R\u00e1pido e eficiente Crie um log\u00f3tipo em minutos com o nosso gerador de log\u00f3tipos de IA.<\/p>\n\n\n\n<p class=\"\">Custo-eficaz Poupe dinheiro ao n\u00e3o contratar um designer de log\u00f3tipos profissional.<\/p>\n\n\n\n<p class=\"\">Designs \u00fanicos Obtenha log\u00f3tipos \u00fanicos gerados por intelig\u00eancia artificial.<\/p>\n\n\n\n<p class=\"\">Alta resolu\u00e7\u00e3o Descarregue ficheiros de log\u00f3tipo de alta resolu\u00e7\u00e3o para v\u00e1rias utiliza\u00e7\u00f5es.<\/p>\n\n\n\n<p class=\"\">F\u00e1cil de utilizar Basta introduzir as informa\u00e7\u00f5es e prefer\u00eancias da sua empresa e a ferramenta far\u00e1 o resto.<\/p>\n\n\n\n<h3 class=\"wp-block-heading\" id=\"when-to-use-a-free-ai-logo-generator\"><a href=\"https:\/\/dromerosm-groq-llama3.hf.space\/#when-to-use-a-free-ai-logo-generator\" target=\"_blank\" rel=\"noopener\"><\/a>Quando utilizar um gerador de log\u00f3tipo de IA gratuito<\/h3>\n\n\n\n<p class=\"\">Um gerador de log\u00f3tipos de IA gratuito \u00e9 perfeito para:<\/p>\n\n\n\n<p class=\"\">Empresas em fase de arranque ou pequenas empresas com um or\u00e7amento apertado Empres\u00e1rios que pretendem criar rapidamente um log\u00f3tipo profissional Empresas que pretendem alterar a sua marca ou atualizar o seu log\u00f3tipo<\/p>\n\n\n\n<h3 class=\"wp-block-heading\" id=\"who-can-use-a-free-ai-logo-generator\"><a href=\"https:\/\/dromerosm-groq-llama3.hf.space\/#who-can-use-a-free-ai-logo-generator\" target=\"_blank\" rel=\"noopener\"><\/a>Quem pode utilizar um gerador de log\u00f3tipo de IA gratuito?<\/h3>\n\n\n\n<p class=\"\">Qualquer pessoa pode utilizar um gerador de log\u00f3tipos de IA gratuito, incluindo:<\/p>\n\n\n\n<p class=\"\">Empres\u00e1rios Propriet\u00e1rios de pequenas empresas Profissionais de marketing Designers gr\u00e1ficos<\/p>\n\n\n\n<h3 class=\"wp-block-heading\" id=\"comparison-of-free-ai-logo-generators\"><a href=\"https:\/\/dromerosm-groq-llama3.hf.space\/#comparison-of-free-ai-logo-generators\" target=\"_blank\" rel=\"noopener\"><\/a>Compara\u00e7\u00e3o de geradores de log\u00f3tipos de IA gratuitos<\/h3>\n\n\n\n<p class=\"\">Eis alguns dos geradores de log\u00f3tipos de IA gratuitos mais populares, juntamente com as suas caracter\u00edsticas e vantagens:<\/p>\n\n\n\n<figure class=\"wp-block-table\"><table class=\"has-fixed-layout\"><thead><tr><th>Ferramenta<\/th><th>Caracter\u00edsticas<\/th><th>Benef\u00edcios<\/th><th>S\u00edtio Web<\/th><\/tr><\/thead><tbody><tr><td>AI Art gr\u00e1tis online<\/td><td>Design de log\u00f3tipo com tecnologia de IA, mais de 100 modelos, cores vibrantes<\/td><td>R\u00e1pido e eficiente, com boa rela\u00e7\u00e3o custo-benef\u00edcio<\/td><td><a href=\"https:\/\/aiartfree.online\/pt\/gerador-de-logotipo-ai-gratuito\/\" target=\"_blank\" rel=\"noreferrer noopener\">https:\/\/aiartfree.online\/free-ai-logo-generator<\/a><\/td><\/tr><tr><td>Logojoy<\/td><td>Design de log\u00f3tipo com tecnologia de IA, mais de 10 000 modelos, gerador de paleta de cores<\/td><td>Desenhos \u00fanicos, ficheiros de alta resolu\u00e7\u00e3o<\/td><td><a href=\"https:\/\/logojoy.com\/\" target=\"_blank\" rel=\"noreferrer noopener\">https:\/\/logojoy.com<\/a><\/td><\/tr><tr><td>Marcas de alfaiate<\/td><td>Design de log\u00f3tipo com tecnologia de IA, mais de 10 000 modelos, kit para redes sociais<\/td><td>Desenhos profissionais, f\u00e1ceis de utilizar<\/td><td><a href=\"https:\/\/tailorbrands.com\/\" target=\"_blank\" rel=\"noreferrer noopener\">https:\/\/tailorbrands.com<\/a><\/td><\/tr><\/tbody><\/table><\/figure>\n\n\n\n<h3 class=\"wp-block-heading\" id=\"advantages-and-disadvantages-of-free-ai-logo-generators\"><a href=\"https:\/\/dromerosm-groq-llama3.hf.space\/#advantages-and-disadvantages-of-free-ai-logo-generators\" target=\"_blank\" rel=\"noopener\"><\/a>Vantagens e desvantagens dos geradores de log\u00f3tipos de IA gratuitos<\/h3>\n\n\n\n<p class=\"\">Eis algumas vantagens e desvantagens da utiliza\u00e7\u00e3o de geradores de log\u00f3tipos de IA gratuitos:<\/p>\n\n\n\n<p class=\"\"><strong>Vantagens<\/strong>:<\/p>\n\n\n\n<p class=\"\">R\u00e1pido e eficiente Econ\u00f3mico Desenhos \u00fanicos Ficheiros de alta resolu\u00e7\u00e3o<\/p>\n\n\n\n<p class=\"\"><strong>Desvantagens<\/strong>:<\/p>\n\n\n\n<p class=\"\">Op\u00e7\u00f5es de personaliza\u00e7\u00e3o limitadas Modelos de design limitados Pode n\u00e3o satisfazer requisitos de design complexos<\/p>\n\n\n\n<h3 class=\"wp-block-heading\" id=\"best-free-ai-logo-generator\"><a href=\"https:\/\/dromerosm-groq-llama3.hf.space\/#best-free-ai-logo-generator\" target=\"_blank\" rel=\"noopener\"><\/a>Melhor gerador de log\u00f3tipo de IA gratuito<\/h3>\n\n\n\n<p class=\"\">Depois de pesquisar e comparar v\u00e1rios geradores de log\u00f3tipos em IA gratuitos, recomendamos vivamente o AI Art Free Online. Com o seu design de log\u00f3tipo alimentado por IA, mais de 100 modelos e cores vibrantes, \u00e9 a ferramenta perfeita para criar um log\u00f3tipo profissional de forma r\u00e1pida e eficiente.<\/p>\n\n\n\n<h3 class=\"wp-block-heading\" id=\"faq\"><a href=\"https:\/\/dromerosm-groq-llama3.hf.space\/#faq\" target=\"_blank\" rel=\"noopener\"><\/a>FAQ<\/h3>\n\n\n<div id=\"rank-math-faq\" class=\"rank-math-block\">\n<div class=\"rank-math-list\">\n<div id=\"faq-question-1721394932020\" class=\"rank-math-list-item\">\n<h3 class=\"rank-math-question\">Posso utilizar um gerador de log\u00f3tipos de IA gratuito para fins comerciais?<\/h3>\n<div class=\"rank-math-answer\">\n\n<p>Sim, a maioria dos geradores de log\u00f3tipos de IA gratuitos permite a utiliza\u00e7\u00e3o comercial dos log\u00f3tipos gerados.<\/p>\n\n<\/div>\n<\/div>\n<div id=\"faq-question-1721394940919\" class=\"rank-math-list-item\">\n<h3 class=\"rank-math-question\">Os log\u00f3tipos gerados pela IA s\u00e3o \u00fanicos?<\/h3>\n<div class=\"rank-math-answer\">\n\n<p>Sim, os log\u00f3tipos gerados pela IA s\u00e3o \u00fanicos e personalizados com base nos seus dados.<\/p>\n\n<\/div>\n<\/div>\n<div id=\"faq-question-1721394949679\" class=\"rank-math-list-item\">\n<h3 class=\"rank-math-question\">Posso editar o log\u00f3tipo gerado?<\/h3>\n<div class=\"rank-math-answer\">\n\n<p>Sim, a maioria dos geradores de log\u00f3tipos de IA gratuitos permite-lhe editar o log\u00f3tipo gerado.<\/p>\n\n<\/div>\n<\/div>\n<div id=\"faq-question-1721394962503\" class=\"rank-math-list-item\">\n<h3 class=\"rank-math-question\">Os ficheiros do log\u00f3tipo s\u00e3o de alta resolu\u00e7\u00e3o?<\/h3>\n<div class=\"rank-math-answer\">\n\n<p>Sim, a maioria dos geradores de log\u00f3tipos de IA gratuitos fornecem ficheiros de log\u00f3tipos de alta resolu\u00e7\u00e3o para v\u00e1rias utiliza\u00e7\u00f5es.<\/p>\n\n<\/div>\n<\/div>\n<\/div>\n<\/div>","protected":false},"excerpt":{"rendered":"<p>How to use Free AI Logo Generator *&nbsp;Depending on your internet speed, loading the model may take a few seconds.* There will be caching during continuous generation, and the new image will appear after about 3 seconds. Introduction of Free AI Logo Generator As a business owner, creating a professional logo is essential to establish &#8230; <a title=\"Gerador de log\u00f3tipo de IA gratuito\" class=\"read-more\" href=\"https:\/\/aiartfree.online\/pt\/gerador-de-logotipo-ai-gratuito\/\" aria-label=\"Leia mais sobre Free AI Logo Generator\">Ler mais<\/a><\/p>","protected":false},"author":1,"featured_media":0,"parent":0,"menu_order":0,"comment_status":"open","ping_status":"closed","template":"","meta":{"nf_dc_page":"","footnotes":""},"class_list":["post-2983","page","type-page","status-publish"],"jetpack_sharing_enabled":true,"_links":{"self":[{"href":"https:\/\/aiartfree.online\/pt\/wp-json\/wp\/v2\/pages\/2983","targetHints":{"allow":["GET"]}}],"collection":[{"href":"https:\/\/aiartfree.online\/pt\/wp-json\/wp\/v2\/pages"}],"about":[{"href":"https:\/\/aiartfree.online\/pt\/wp-json\/wp\/v2\/types\/page"}],"author":[{"embeddable":true,"href":"https:\/\/aiartfree.online\/pt\/wp-json\/wp\/v2\/users\/1"}],"replies":[{"embeddable":true,"href":"https:\/\/aiartfree.online\/pt\/wp-json\/wp\/v2\/comments?post=2983"}],"version-history":[{"count":1,"href":"https:\/\/aiartfree.online\/pt\/wp-json\/wp\/v2\/pages\/2983\/revisions"}],"predecessor-version":[{"id":3605,"href":"https:\/\/aiartfree.online\/pt\/wp-json\/wp\/v2\/pages\/2983\/revisions\/3605"}],"wp:attachment":[{"href":"https:\/\/aiartfree.online\/pt\/wp-json\/wp\/v2\/media?parent=2983"}],"curies":[{"name":"wp","href":"https:\/\/api.w.org\/{rel}","templated":true}]}}