{"id":2974,"date":"2024-07-19T12:49:16","date_gmt":"2024-07-19T12:49:16","guid":{"rendered":"https:\/\/aiartfree.online\/?page_id=2974"},"modified":"2025-03-07T08:02:23","modified_gmt":"2025-03-07T08:02:23","slug":"bing-ai-image-generator","status":"publish","type":"page","link":"https:\/\/aiartfree.online\/pt\/gerador-de-imagens-bing-ai\/","title":{"rendered":"Gerador de imagens de IA do Bing"},"content":{"rendered":"<h2 class=\"wp-block-heading\">Como utilizar o Gerador de Imagens Bing AI<\/h2>\n\n\n\n<ol class=\"wp-block-list\">\n<li class=\"\">Introduza o seu pedido<\/li>\n\n\n\n<li class=\"\">Clique em \"Executar\"<\/li>\n\n\n\n<li class=\"\">Espera, \u00e9 isso mesmo! <\/li>\n<\/ol>\n\n\n\n<figure class=\"gb-block-image gb-block-image-032aac41\"><a href=\"https:\/\/fas.st\/t\/9U4PYbm7\" target=\"_blank\" rel=\"noopener noreferrer\"><img data-recalc-dims=\"1\" decoding=\"async\" loading=\"lazy\" width=\"1200\" height=\"365\" class=\"gb-image gb-image-032aac41\" src=\"https:\/\/i0.wp.com\/aiartfree.online\/wp-content\/uploads\/2025\/03\/WX20250307-115412%402x.webp?resize=1200%2C365&#038;ssl=1\" alt=\"\" title=\"WX20250307-115412@2x\" srcset=\"https:\/\/i0.wp.com\/aiartfree.online\/wp-content\/uploads\/2025\/03\/WX20250307-115412%402x.webp?w=1942&amp;ssl=1 1942w, https:\/\/i0.wp.com\/aiartfree.online\/wp-content\/uploads\/2025\/03\/WX20250307-115412%402x.webp?resize=300%2C91&amp;ssl=1 300w, https:\/\/i0.wp.com\/aiartfree.online\/wp-content\/uploads\/2025\/03\/WX20250307-115412%402x.webp?resize=1024%2C312&amp;ssl=1 1024w, https:\/\/i0.wp.com\/aiartfree.online\/wp-content\/uploads\/2025\/03\/WX20250307-115412%402x.webp?resize=768%2C234&amp;ssl=1 768w, https:\/\/i0.wp.com\/aiartfree.online\/wp-content\/uploads\/2025\/03\/WX20250307-115412%402x.webp?resize=1536%2C467&amp;ssl=1 1536w, https:\/\/i0.wp.com\/aiartfree.online\/wp-content\/uploads\/2025\/03\/WX20250307-115412%402x.webp?resize=18%2C5&amp;ssl=1 18w, https:\/\/i0.wp.com\/aiartfree.online\/wp-content\/uploads\/2025\/03\/WX20250307-115412%402x.webp?resize=600%2C183&amp;ssl=1 600w\" sizes=\"auto, (max-width: 1200px) 100vw, 1200px\" \/><\/a><\/figure>\n\n\n\n<p class=\"\"><em>* Dependendo da velocidade da sua Internet, o carregamento do modelo pode demorar alguns segundos.<br>* Durante a gera\u00e7\u00e3o cont\u00ednua, haver\u00e1 armazenamento em cache e a nova imagem aparecer\u00e1 ap\u00f3s cerca de 3 segundos.<\/em><\/p>\n\n\n\n<div style=\"text-align: center; border: 2px solid; border-image-source: linear-gradient(to right, #16b86c, #912899); border-image-slice: 1; box-shadow: 0 0 10px rgba(0, 0, 0, 0.1); border-radius: 15px;\">\n  <iframe loading=\"lazy\"\n    src=\"https:\/\/mexicanamerican-dalle-3-xl-lora-v2.hf.space\"\n    frameborder=\"0\"\n    width=\"800\"\n    height=\"1050\"\n    style=\"display: inline-block; margin: 0 auto;\"\n  ><\/iframe>\n<\/div>\n\n\n\n<div style=\"height:50px\" aria-hidden=\"true\" class=\"wp-block-spacer\"><\/div>\n\n\n\n<h1 class=\"wp-block-heading\">Introdu\u00e7\u00e3o ao Gerador de imagens de IA do Bing<\/h1>\n\n\n\n<p class=\"\">Na era digital atual, criar imagens visualmente deslumbrantes \u00e9 mais importante do que nunca. Quer seja um criador de conte\u00fados, um profissional de marketing ou apenas algu\u00e9m que adora arte, o Gerador de Imagens de IA do Bing pode ajud\u00e1-lo a produzir imagens de alta qualidade sem esfor\u00e7o. Este artigo apresenta o Gerador de Imagens com IA do Bing, explora as suas vantagens e orienta-o sobre como tirar o m\u00e1ximo partido desta poderosa ferramenta.<\/p>\n\n\n\n<figure class=\"wp-block-image size-full is-resized\"><img data-recalc-dims=\"1\" decoding=\"async\" width=\"1024\" height=\"1024\"   loading=\"lazy\" src=\"https:\/\/i0.wp.com\/aiartfree.online\/wp-content\/uploads\/2024\/07\/b9cb406d-bffd-446e-9f65-c20776dc6cda.jpg?resize=1024%2C1024&#038;ssl=1\" alt=\"Gerador de imagens de IA do Bing\" class=\"wp-image-2980\" style=\"width:359px;height:auto\" srcset=\"https:\/\/i0.wp.com\/aiartfree.online\/wp-content\/uploads\/2024\/07\/b9cb406d-bffd-446e-9f65-c20776dc6cda.jpg?w=1024&amp;ssl=1 1024w, https:\/\/i0.wp.com\/aiartfree.online\/wp-content\/uploads\/2024\/07\/b9cb406d-bffd-446e-9f65-c20776dc6cda.jpg?resize=300%2C300&amp;ssl=1 300w, https:\/\/i0.wp.com\/aiartfree.online\/wp-content\/uploads\/2024\/07\/b9cb406d-bffd-446e-9f65-c20776dc6cda.jpg?resize=150%2C150&amp;ssl=1 150w, https:\/\/i0.wp.com\/aiartfree.online\/wp-content\/uploads\/2024\/07\/b9cb406d-bffd-446e-9f65-c20776dc6cda.jpg?resize=768%2C768&amp;ssl=1 768w, https:\/\/i0.wp.com\/aiartfree.online\/wp-content\/uploads\/2024\/07\/b9cb406d-bffd-446e-9f65-c20776dc6cda.jpg?resize=12%2C12&amp;ssl=1 12w, https:\/\/i0.wp.com\/aiartfree.online\/wp-content\/uploads\/2024\/07\/b9cb406d-bffd-446e-9f65-c20776dc6cda.jpg?resize=600%2C600&amp;ssl=1 600w, https:\/\/i0.wp.com\/aiartfree.online\/wp-content\/uploads\/2024\/07\/b9cb406d-bffd-446e-9f65-c20776dc6cda.jpg?resize=100%2C100&amp;ssl=1 100w\" sizes=\"auto, (max-width: 1024px) 100vw, 1024px\" \/><\/figure>\n\n\n\n<h2 class=\"wp-block-heading\">\u00cdndice<\/h2>\n\n\n\n<ol class=\"wp-block-list\">\n<li class=\"\"><a href=\"#what-is-bing-ai-image-generator\">O que \u00e9 o Gerador de Imagens de IA do Bing?<\/a><\/li>\n\n\n\n<li class=\"\"><a href=\"#why-use-bing-ai-image-generator\">Porqu\u00ea utilizar o Gerador de Imagens de IA do Bing?<\/a><\/li>\n\n\n\n<li class=\"\"><a href=\"#benefits-of-using-bing-ai-image-generator\">Vantagens da utiliza\u00e7\u00e3o do gerador de imagens de IA do Bing<\/a><\/li>\n\n\n\n<li class=\"\"><a href=\"#when-to-use-bing-ai-image-generator\">Quando utilizar o gerador de imagens de IA do Bing<\/a><\/li>\n\n\n\n<li class=\"\"><a href=\"#who-should-use-bing-ai-image-generator\">Quem deve utilizar o gerador de imagens com IA do Bing?<\/a><\/li>\n\n\n\n<li class=\"\"><a href=\"#comparison-of-bing-ai-image-generator-with-other-tools\">Compara\u00e7\u00e3o do Bing AI Image Generator com outras ferramentas<\/a><\/li>\n\n\n\n<li class=\"\"><a href=\"#frequently-asked-questions\">Perguntas frequentes<\/a><\/li>\n<\/ol>\n\n\n\n<h2 class=\"wp-block-heading\">O que \u00e9 o Gerador de Imagens de IA do Bing?<\/h2>\n\n\n\n<p class=\"\">O Gerador de Imagens de IA do Bing \u00e9 uma ferramenta inovadora desenvolvida pela Microsoft que utiliza a tecnologia de IA generativa para criar imagens a partir de pedidos de texto. Este gerador de imagens de IA permite aos utilizadores introduzir texto descritivo e receber imagens \u00fanicas e de alta qualidade em troca. A tecnologia subjacente utiliza algoritmos avan\u00e7ados de IA para compreender e visualizar o texto introduzido, produzindo imagens que correspondem \u00e0 descri\u00e7\u00e3o do utilizador com precis\u00e3o.<\/p>\n\n\n\n<h2 class=\"wp-block-heading\">Porqu\u00ea<\/h2>\n\n\n\n<p class=\"\">A utiliza\u00e7\u00e3o do Bing AI Image Generator pode melhorar significativamente os seus projectos criativos. Quer esteja a conceber uma campanha de marketing, a criar conte\u00fado para as redes sociais ou a desenvolver um Web site, ter acesso a uma ferramenta que pode gerar imagens com base nas suas necessidades espec\u00edficas \u00e9 inestim\u00e1vel. A capacidade de criar imagens rapidamente sem necessitar de grandes compet\u00eancias de design gr\u00e1fico poupa tempo e recursos, permitindo-lhe concentrar-se noutros aspectos importantes do seu projeto.<\/p>\n\n\n\n<h2 class=\"wp-block-heading\">Benef\u00edcios<\/h2>\n\n\n\n<ol class=\"wp-block-list\">\n<li class=\"\"><strong>Imagens de alta qualidade<\/strong>: O Bing AI Image Generator produz imagens de alta resolu\u00e7\u00e3o que podem ser utilizadas para v\u00e1rios fins profissionais.<\/li>\n\n\n\n<li class=\"\"><strong>Personaliza\u00e7\u00e3o<\/strong>: Ao fornecer instru\u00e7\u00f5es de texto detalhadas, pode gerar imagens adaptadas \u00e0s suas necessidades espec\u00edficas.<\/li>\n\n\n\n<li class=\"\"><strong>Efici\u00eancia de tempo<\/strong>: Gerar rapidamente imagens sem necessidade de trabalho manual de desenho gr\u00e1fico.<\/li>\n\n\n\n<li class=\"\"><strong>Rent\u00e1vel<\/strong>: Reduzir a necessidade de software de design gr\u00e1fico dispendioso ou de contratar designers profissionais.<\/li>\n\n\n\n<li class=\"\"><strong>Acessibilidade<\/strong>: F\u00e1cil de utilizar, mesmo para quem n\u00e3o tem conhecimentos t\u00e9cnicos.<\/li>\n<\/ol>\n\n\n\n<h2 class=\"wp-block-heading\">Quando utilizar<\/h2>\n\n\n\n<p class=\"\">O Bing AI Image Generator \u00e9 ideal para ser utilizado numa variedade de cen\u00e1rios, incluindo:<\/p>\n\n\n\n<ul class=\"wp-block-list\">\n<li class=\"\"><strong>Campanhas de marketing<\/strong>: Criar imagens visualmente apelativas para an\u00fancios e publica\u00e7\u00f5es nas redes sociais.<\/li>\n\n\n\n<li class=\"\"><strong>Cria\u00e7\u00e3o de conte\u00fados<\/strong>: Crie imagens \u00fanicas para melhorar as publica\u00e7\u00f5es de blogues, artigos e conte\u00fados de s\u00edtios Web.<\/li>\n\n\n\n<li class=\"\"><strong>Materiais did\u00e1cticos<\/strong>: Produzir imagens ilustrativas para apresenta\u00e7\u00f5es, relat\u00f3rios e materiais did\u00e1cticos.<\/li>\n\n\n\n<li class=\"\"><strong>Projectos de arte e design<\/strong>: Experimentar conceitos criativos e estilos visuais.<\/li>\n<\/ul>\n\n\n\n<h2 class=\"wp-block-heading\">Quem deve utilizar?<\/h2>\n\n\n\n<p class=\"\">O Bing AI Image Generator \u00e9 adequado para uma vasta gama de utilizadores, incluindo:<\/p>\n\n\n\n<ul class=\"wp-block-list\">\n<li class=\"\"><strong>Criadores de conte\u00fados<\/strong>: Bloggers, vloggers e influenciadores de redes sociais.<\/li>\n\n\n\n<li class=\"\"><strong>Profissionais de marketing<\/strong>: Profissionais de marketing digital, publicit\u00e1rios e gestores de marcas.<\/li>\n\n\n\n<li class=\"\"><strong>Educadores<\/strong>: Professores, formadores e designers instrucionais.<\/li>\n\n\n\n<li class=\"\"><strong>Artistas e Designers<\/strong>: Designers gr\u00e1ficos, ilustradores e artistas pl\u00e1sticos.<\/li>\n\n\n\n<li class=\"\"><strong>Empresas<\/strong>: Pequenos empres\u00e1rios, empresas em fase de arranque e grandes empresas.<\/li>\n<\/ul>\n\n\n\n<h2 class=\"wp-block-heading\">Compara\u00e7\u00e3o do Bing AI Image Generator com outras ferramentas<\/h2>\n\n\n\n<p class=\"\">No que diz respeito \u00e0 gera\u00e7\u00e3o de imagens de IA, existem v\u00e1rias ferramentas dispon\u00edveis no mercado. Aqui, comparamos o Bing AI Image Generator com outras op\u00e7\u00f5es populares:<\/p>\n\n\n\n<figure class=\"wp-block-table\"><table class=\"has-fixed-layout\"><thead><tr><th>Ferramenta<\/th><th>Pr\u00f3s<\/th><th>Contras<\/th><th>Vantagens<\/th><th>Desafios<\/th><th>Recomenda\u00e7\u00e3o<\/th><\/tr><\/thead><tbody><tr><td><a href=\"https:\/\/aiartfree.online\/pt\/\" data-type=\"link\" data-id=\"https:\/\/aiartfree.online\/\">Gerador de arte AI gratuito<\/a><\/td><td>F\u00e1cil de utilizar, de utiliza\u00e7\u00e3o gratuita<\/td><td>Caracter\u00edsticas avan\u00e7adas limitadas<\/td><td>F\u00e1cil para principiantes<\/td><td>Produ\u00e7\u00e3o b\u00e1sica<\/td><td>\u00d3timo para uma utiliza\u00e7\u00e3o casual<\/td><\/tr><tr><td><a href=\"https:\/\/midjourney.com\" rel=\"nofollow noopener\" target=\"_blank\">Meio da viagem<\/a><\/td><td>Resultados de alta qualidade, estilos criativos<\/td><td>Assinatura obrigat\u00f3ria<\/td><td>Imagens de n\u00edvel profissional<\/td><td>Caro<\/td><td>Ideal para utiliza\u00e7\u00e3o profissional<\/td><\/tr><tr><td><a href=\"https:\/\/stablediffusion.com\" rel=\"nofollow noopener\" target=\"_blank\">Difus\u00e3o est\u00e1vel<\/a><\/td><td>Imagens pormenorizadas, personaliz\u00e1veis<\/td><td>Requer conhecimentos t\u00e9cnicos<\/td><td>Sa\u00eddas vers\u00e1teis<\/td><td>Curva de aprendizagem acentuada<\/td><td>Ideal para utilizadores experientes em tecnologia<\/td><\/tr><tr><td><a href=\"https:\/\/aiartfree.online\/pt\/free-online-dall\u00b7e-3\/\" data-type=\"link\" data-id=\"https:\/\/aiartfree.online\/free-online-dall%c2%b7e-3\/\">DALL-E 3<\/a><\/td><td>Inovador, de vanguarda<\/td><td>Acesso limitado<\/td><td>IA de \u00faltima gera\u00e7\u00e3o<\/td><td>Disponibilidade limitada<\/td><td>Perfeito para os primeiros utilizadores<\/td><\/tr><tr><td><a href=\"https:\/\/deepart.io\" rel=\"nofollow noopener\" target=\"_blank\">DeepArt.io<\/a><\/td><td>Estilos art\u00edsticos, f\u00e1ceis de utilizar<\/td><td>O tempo de processamento pode ser longo<\/td><td>Produ\u00e7\u00f5es art\u00edsticas \u00fanicas<\/td><td>Tempo de gera\u00e7\u00e3o lento<\/td><td>Adequado para projectos art\u00edsticos<\/td><\/tr><tr><td><a href=\"https:\/\/artbreeder.com\" rel=\"nofollow noopener\" target=\"_blank\">Artbreeder<\/a><\/td><td>Estilos colaborativos e diversificados<\/td><td>Algumas funcionalidades est\u00e3o protegidas por um acesso pago<\/td><td>Liberdade criativa<\/td><td>Pode ser complexo<\/td><td>Excelente para projectos de colabora\u00e7\u00e3o<\/td><\/tr><tr><td><a href=\"https:\/\/runwayml.com\" rel=\"nofollow noopener\" target=\"_blank\">Pista ML<\/a><\/td><td>Vasta gama de ferramentas de IA<\/td><td>Caro para acesso total<\/td><td>Multifuncional<\/td><td>Custo elevado<\/td><td>Excelente para uma utiliza\u00e7\u00e3o abrangente da IA<\/td><\/tr><tr><td><a href=\"https:\/\/deepdreamgenerator.com\" rel=\"nofollow noopener\" target=\"_blank\">Gerador de sonhos profundos<\/a><\/td><td>Realiza\u00e7\u00f5es surreais e \u00fanicas<\/td><td>Menor controlo sobre os resultados<\/td><td>Divertido e experimental<\/td><td>Resultados imprevis\u00edveis<\/td><td>Ideal para arte experimental<\/td><\/tr><tr><td><a href=\"https:\/\/nightcafe.studio\" rel=\"nofollow noopener\" target=\"_blank\">NightCafe<\/a><\/td><td>Variedade de estilos, orientados para a comunidade<\/td><td>Utiliza\u00e7\u00e3o gratuita limitada<\/td><td>Caracter\u00edsticas da comunidade<\/td><td>Limites de utiliza\u00e7\u00e3o<\/td><td>Bom para a intera\u00e7\u00e3o comunit\u00e1ria<\/td><\/tr><tr><td><a href=\"https:\/\/artisto.com\" rel=\"nofollow noopener\" target=\"_blank\">Artisto<\/a><\/td><td>Amig\u00e1vel para telem\u00f3veis, f\u00e1cil de utilizar<\/td><td>Limitado \u00e0 plataforma m\u00f3vel<\/td><td>Conveniente<\/td><td>Restri\u00e7\u00f5es da plataforma<\/td><td>Melhor para utilizadores m\u00f3veis<\/td><\/tr><\/tbody><\/table><\/figure>\n\n\n\n<p class=\"\">Depois de comparar estas ferramentas, recomendamos a <a href=\"https:\/\/aiartfree.online\/pt\/gerador-de-imagens-bing-ai\/\"><strong>Gerador de imagens de IA do Bing<\/strong><\/a> como a melhor op\u00e7\u00e3o pelo seu equil\u00edbrio entre qualidade, facilidade de utiliza\u00e7\u00e3o e acessibilidade. Para mais informa\u00e7\u00f5es, visite <a href=\"https:\/\/aiartfree.online\/pt\/gerador-de-imagens-bing-ai\/\">Gerador de imagens de IA do Bing<\/a>.<\/p>\n\n\n\n<h2 class=\"wp-block-heading\">Perguntas frequentes<\/h2>\n\n\n\n<ol class=\"wp-block-list\">\n<li class=\"\"><strong>O que \u00e9 o Gerador de Imagens de IA do Bing?<\/strong> O Bing AI Image Generator \u00e9 uma ferramenta que utiliza a IA para criar imagens com base em descri\u00e7\u00f5es de texto.<\/li>\n\n\n\n<li class=\"\"><strong>Como \u00e9 que o Gerador de Imagens de IA do Bing funciona?<\/strong> Utiliza algoritmos de IA generativos para interpretar as instru\u00e7\u00f5es de texto e gerar as imagens correspondentes.<\/li>\n\n\n\n<li class=\"\"><strong>A utiliza\u00e7\u00e3o do Bing AI Image Generator \u00e9 gratuita?<\/strong> Sim, est\u00e1 dispon\u00edvel gratuitamente com algumas limita\u00e7\u00f5es.<\/li>\n\n\n\n<li class=\"\"><strong>Posso utilizar o Bing AI Image Generator para fins comerciais?<\/strong> Sim, as imagens geradas podem ser utilizadas para projectos comerciais.<\/li>\n\n\n\n<li class=\"\"><strong>Quais s\u00e3o as vantagens de utilizar o Bing AI Image Generator?<\/strong> Fornece imagens de alta qualidade, \u00e9 personaliz\u00e1vel, eficiente em termos de tempo, econ\u00f3mico e acess\u00edvel.<\/li>\n\n\n\n<li class=\"\"><strong>Preciso de conhecimentos t\u00e9cnicos para utilizar o Bing AI Image Generator?<\/strong> N\u00e3o, foi concebido para ser de f\u00e1cil utiliza\u00e7\u00e3o, mesmo para quem n\u00e3o tem conhecimentos t\u00e9cnicos.<\/li>\n\n\n\n<li class=\"\"><strong>Que tipos de projectos podem beneficiar do Bing AI Image Generator?<\/strong> Campanhas de marketing, cria\u00e7\u00e3o de conte\u00fados, materiais educativos, arte e projectos de design.<\/li>\n\n\n\n<li class=\"\"><strong>Como \u00e9 que posso dar feedback sobre as imagens geradas?<\/strong> Normalmente, pode encontrar uma op\u00e7\u00e3o de feedback na interface da ferramenta.<\/li>\n\n\n\n<li class=\"\"><strong>Existem limita\u00e7\u00f5es para o Gerador de imagens de IA do Bing?<\/strong> Embora seja potente, pode ainda n\u00e3o corresponder \u00e0 criatividade de um designer profissional.<\/li>\n\n\n\n<li class=\"\"><strong>Onde posso aceder ao Gerador de Imagens de IA do Bing?<\/strong> Pode aceder a ele em <a href=\"https:\/\/aiartfree.online\/pt\/gerador-de-imagens-bing-ai\/\">Gerador de imagens de IA do Bing<\/a>.<\/li>\n<\/ol>\n\n\n\n<p class=\"\">Em conclus\u00e3o, o Bing AI Image Generator \u00e9 uma ferramenta vers\u00e1til e poderosa que pode melhorar os seus projectos criativos, fornecendo imagens de alta qualidade geradas a partir de descri\u00e7\u00f5es de texto. Quer seja um criador de conte\u00fados, um profissional de marketing, um educador ou um artista, esta ferramenta pode poupar-lhe tempo e recursos, ao mesmo tempo que apresenta resultados impressionantes.<\/p>","protected":false},"excerpt":{"rendered":"<p>How to use Bing AI Image Generator *&nbsp;Depending on your internet speed, loading the model may take a few seconds.* There will be caching during continuous generation, and the new image will appear after about 3 seconds. Introduction of Bing AI Image Generator In today&#8217;s digital age, creating visually stunning images is more important than &#8230; <a title=\"Gerador de imagens de IA do Bing\" class=\"read-more\" href=\"https:\/\/aiartfree.online\/pt\/gerador-de-imagens-bing-ai\/\" aria-label=\"Leia mais sobre Bing AI Image Generator\">Ler mais<\/a><\/p>","protected":false},"author":1,"featured_media":0,"parent":0,"menu_order":0,"comment_status":"open","ping_status":"closed","template":"","meta":{"nf_dc_page":"","footnotes":""},"class_list":["post-2974","page","type-page","status-publish"],"jetpack_sharing_enabled":true,"_links":{"self":[{"href":"https:\/\/aiartfree.online\/pt\/wp-json\/wp\/v2\/pages\/2974","targetHints":{"allow":["GET"]}}],"collection":[{"href":"https:\/\/aiartfree.online\/pt\/wp-json\/wp\/v2\/pages"}],"about":[{"href":"https:\/\/aiartfree.online\/pt\/wp-json\/wp\/v2\/types\/page"}],"author":[{"embeddable":true,"href":"https:\/\/aiartfree.online\/pt\/wp-json\/wp\/v2\/users\/1"}],"replies":[{"embeddable":true,"href":"https:\/\/aiartfree.online\/pt\/wp-json\/wp\/v2\/comments?post=2974"}],"version-history":[{"count":1,"href":"https:\/\/aiartfree.online\/pt\/wp-json\/wp\/v2\/pages\/2974\/revisions"}],"predecessor-version":[{"id":3593,"href":"https:\/\/aiartfree.online\/pt\/wp-json\/wp\/v2\/pages\/2974\/revisions\/3593"}],"wp:attachment":[{"href":"https:\/\/aiartfree.online\/pt\/wp-json\/wp\/v2\/media?parent=2974"}],"curies":[{"name":"wp","href":"https:\/\/api.w.org\/{rel}","templated":true}]}}