{"id":2968,"date":"2024-07-19T12:42:38","date_gmt":"2024-07-19T12:42:38","guid":{"rendered":"https:\/\/aiartfree.online\/?page_id=2968"},"modified":"2024-08-02T12:10:12","modified_gmt":"2024-08-02T12:10:12","slug":"ai-3d-model-generator","status":"publish","type":"page","link":"https:\/\/aiartfree.online\/pt\/gerador-de-modelos-ai-3d\/","title":{"rendered":"Gerador de modelos AI 3d"},"content":{"rendered":"<h2 class=\"wp-block-heading has-text-align-center\" id=\"what-our-users-made\">O que os nossos utilizadores fizeram<\/h2>\n\n\n\n<figure class=\"gb-block-image gb-block-image-1822da1f\"><img data-recalc-dims=\"1\" decoding=\"async\" loading=\"lazy\" width=\"1024\" height=\"672\" class=\"gb-image gb-image-1822da1f\" src=\"https:\/\/i0.wp.com\/aiartfree.online\/wp-content\/uploads\/2024\/07\/WX20240719-153337%402x-1-1.jpg?resize=1024%2C672&#038;ssl=1\" alt=\"Gerador de modelos AI 3D\" title=\"WX20240719-153337@2x (1) (1)\" srcset=\"https:\/\/i0.wp.com\/aiartfree.online\/wp-content\/uploads\/2024\/07\/WX20240719-153337%402x-1-1.jpg?resize=1024%2C672&amp;ssl=1 1024w, https:\/\/i0.wp.com\/aiartfree.online\/wp-content\/uploads\/2024\/07\/WX20240719-153337%402x-1-1.jpg?resize=300%2C197&amp;ssl=1 300w, https:\/\/i0.wp.com\/aiartfree.online\/wp-content\/uploads\/2024\/07\/WX20240719-153337%402x-1-1.jpg?resize=768%2C504&amp;ssl=1 768w, https:\/\/i0.wp.com\/aiartfree.online\/wp-content\/uploads\/2024\/07\/WX20240719-153337%402x-1-1.jpg?resize=1536%2C1008&amp;ssl=1 1536w, https:\/\/i0.wp.com\/aiartfree.online\/wp-content\/uploads\/2024\/07\/WX20240719-153337%402x-1-1.jpg?resize=18%2C12&amp;ssl=1 18w, https:\/\/i0.wp.com\/aiartfree.online\/wp-content\/uploads\/2024\/07\/WX20240719-153337%402x-1-1.jpg?resize=600%2C394&amp;ssl=1 600w, https:\/\/i0.wp.com\/aiartfree.online\/wp-content\/uploads\/2024\/07\/WX20240719-153337%402x-1-1.jpg?w=1768&amp;ssl=1 1768w\" sizes=\"auto, (max-width: 1024px) 100vw, 1024px\" \/><\/figure>\n\n\n\n<h2 class=\"wp-block-heading\" id=\"how-to-use-ai-3-d-model-generator\">Como utilizar o AI 3d Model Generator<\/h2>\n\n\n\n<ol class=\"wp-block-list\">\n<li class=\"\">Largar \/ Carregar a sua imagem ou selecionar uma das imagens de exemplo<\/li>\n\n\n\n<li class=\"\">Clique em \"Gerar 4 visualiza\u00e7\u00f5es\"<\/li>\n\n\n\n<li class=\"\">Clique em \"Gerar malha 3D\" abaixo<\/li>\n\n\n\n<li class=\"\">Espera, \u00e9 isso mesmo! O seu modelo 3D est\u00e1 quase pronto!<\/li>\n<\/ol>\n\n\n\n<p class=\"\"><em>* Dependendo da velocidade da sua Internet, o carregamento do modelo pode demorar alguns segundos.<br>* Durante a gera\u00e7\u00e3o cont\u00ednua, haver\u00e1 armazenamento em cache e a nova imagem aparecer\u00e1 ap\u00f3s cerca de 3 segundos.<\/em><\/p>\n\n\n\n<div class=\"iframe-wrapper\" style=\"position: relative; width: 100%; height: 2050px;\">\n  <div class=\"loading\" style=\"position: absolute; top: 50px; left: 50%; transform: translate(-50%, -50%); width: 40px; height: 40px; border: 3px solid #f0f0f0; border-top: 3px solid #db7093; border-radius: 50%; animation: spin 1s linear infinite;\"><\/div>\n  <iframe loading=\"lazy\" src=\"https:\/\/vast-ai-charactergen.hf.space\" frameborder=\"0\" width=\"100%\" height=\"100%\" style=\"position: absolute; top: 0; left: 0; opacity: 0; transition: opacity 0.3s;\" onload=\"this.style.opacity=1;this.previousElementSibling.style.display='none';\"><\/iframe>\n<\/div>\n\n<style>\n@keyframes spin {\n  0% { transform: translate(-50%, -50%) rotate(0deg); }\n  100% { transform: translate(-50%, -50%) rotate(360deg); }\n}\n<\/style>\n\n\n\n<div style=\"height:50px\" aria-hidden=\"true\" class=\"wp-block-spacer\"><\/div>\n\n\n\n<h2 class=\"wp-block-heading\" id=\"introduction-of-ai-3-d-model-generator\">Introdu\u00e7\u00e3o do gerador de modelos 3D AI<\/h2>\n\n\n\n<p class=\"\">Criar modelos 3D nunca foi t\u00e3o f\u00e1cil com o advento dos geradores de modelos AI 3D. Este artigo fornecer\u00e1 um guia completo sobre os geradores de modelos AI 3D, as suas utiliza\u00e7\u00f5es, vantagens e as melhores ferramentas dispon\u00edveis no mercado. Quer esteja a converter imagens 2D em modelos 3D ou a gerar modelos 3D a partir de instru\u00e7\u00f5es de texto, temos tudo o que precisa.<\/p>\n\n\n\n<div class=\"wp-block-rank-math-toc-block\" id=\"rank-math-toc\"><h3>\u00cdndice<\/h3><nav><ul><li><a href=\"#what-is-an-ai-3-d-model-generator\">O que \u00e9 um gerador de modelos 3D com IA?<\/a><\/li><li><a href=\"#why-use-an-ai-3-d-model-generator\">Porqu\u00ea utilizar um gerador de modelos 3D com IA?<\/a><\/li><li><a href=\"#benefits-of-using-an-ai-3-d-model-generator\">Vantagens da utiliza\u00e7\u00e3o de um gerador de modelos 3D com IA<\/a><\/li><li><a href=\"#when-to-use-an-ai-3-d-model-generator\">Quando utilizar um gerador de modelos 3D AI<\/a><\/li><li><a href=\"#who-should-use-an-ai-3-d-model-generator\">Quem deve utilizar um gerador de modelos 3D com IA?<\/a><\/li><li><a href=\"#comparison-of-ai-3-d-model-generators\">Compara\u00e7\u00e3o de geradores de modelos 3D de IA<\/a><\/li><li><a href=\"#faq\">FAQ<\/a><\/li><\/ul><\/nav><\/div>\n\n\n\n<h3 class=\"wp-block-heading\" id=\"what-is-an-ai-3-d-model-generator\">O que \u00e9 um gerador de modelos 3D com IA?<\/h3>\n\n\n\n<p class=\"\">Um gerador de modelos 3D com intelig\u00eancia artificial \u00e9 uma ferramenta de software que utiliza algoritmos de intelig\u00eancia artificial para criar modelos tridimensionais a partir de v\u00e1rios dados, como imagens 2D, mensagens de texto ou fotografias. Estas ferramentas utilizam t\u00e9cnicas avan\u00e7adas de aprendizagem autom\u00e1tica para produzir representa\u00e7\u00f5es 3D detalhadas e exactas.<\/p>\n\n\n\n<h3 class=\"wp-block-heading\" id=\"why-use-an-ai-3-d-model-generator\">Porqu\u00ea utilizar um gerador de modelos 3D com IA?<\/h3>\n\n\n\n<p class=\"\">A utiliza\u00e7\u00e3o de um gerador de modelos 3D com IA pode simplificar significativamente o processo de cria\u00e7\u00e3o de modelos 3D. Estas ferramentas podem:<\/p>\n\n\n\n<ul class=\"wp-block-list\">\n<li class=\"\">Poupa tempo e esfor\u00e7o em compara\u00e7\u00e3o com as t\u00e9cnicas tradicionais de modela\u00e7\u00e3o 3D.<\/li>\n\n\n\n<li class=\"\">Fornecer modelos precisos e de alta qualidade.<\/li>\n\n\n\n<li class=\"\">Permitir que utilizadores com pouca ou nenhuma experi\u00eancia em modela\u00e7\u00e3o 3D criem modelos complexos.<\/li>\n<\/ul>\n\n\n\n<h3 class=\"wp-block-heading\" id=\"benefits-of-using-an-ai-3-d-model-generator\">Vantagens da utiliza\u00e7\u00e3o de um gerador de modelos 3D com IA<\/h3>\n\n\n\n<ul class=\"wp-block-list\">\n<li class=\"\"><strong>Efici\u00eancia<\/strong>: Converta rapidamente imagens 2D em modelos 3D ou gere modelos 3D a partir de descri\u00e7\u00f5es de texto.<\/li>\n\n\n\n<li class=\"\"><strong>Acessibilidade<\/strong>: Tornar a modela\u00e7\u00e3o 3D acess\u00edvel a n\u00e3o especialistas.<\/li>\n\n\n\n<li class=\"\"><strong>Rent\u00e1vel<\/strong>: Reduzir a necessidade de software de modela\u00e7\u00e3o 3D dispendioso e de m\u00e3o de obra especializada.<\/li>\n\n\n\n<li class=\"\"><strong>Versatilidade<\/strong>: Criar modelos para v\u00e1rias aplica\u00e7\u00f5es, desde jogos de v\u00eddeo a projectos de arquitetura.<\/li>\n<\/ul>\n\n\n\n<h3 class=\"wp-block-heading\" id=\"when-to-use-an-ai-3-d-model-generator\">Quando utilizar um gerador de modelos 3D AI<\/h3>\n\n\n\n<p class=\"\">Os geradores de modelos AI 3D s\u00e3o ideais para:<\/p>\n\n\n\n<ul class=\"wp-block-list\">\n<li class=\"\">Prototipagem r\u00e1pida na conce\u00e7\u00e3o e fabrico.<\/li>\n\n\n\n<li class=\"\">Cria\u00e7\u00e3o de activos para jogos de v\u00eddeo e experi\u00eancias de realidade virtual.<\/li>\n\n\n\n<li class=\"\">Melhorar o conte\u00fado visual para marketing e redes sociais.<\/li>\n\n\n\n<li class=\"\">Fins educativos, como a visualiza\u00e7\u00e3o de conceitos complexos.<\/li>\n<\/ul>\n\n\n\n<h3 class=\"wp-block-heading\" id=\"who-should-use-an-ai-3-d-model-generator\">Quem deve utilizar um gerador de modelos 3D com IA?<\/h3>\n\n\n\n<p class=\"\">Estas ferramentas s\u00e3o \u00fateis para:<\/p>\n\n\n\n<ul class=\"wp-block-list\">\n<li class=\"\">Designers e artistas que procuram otimizar o seu fluxo de trabalho.<\/li>\n\n\n\n<li class=\"\">Educadores e estudantes de \u00e1reas como a engenharia e a arquitetura.<\/li>\n\n\n\n<li class=\"\">Profissionais de marketing que procuram criar conte\u00fados visuais atractivos.<\/li>\n\n\n\n<li class=\"\">Hobbyists e entusiastas que exploram a modela\u00e7\u00e3o 3D.<\/li>\n<\/ul>\n\n\n\n<h3 class=\"wp-block-heading\" id=\"comparison-of-ai-3-d-model-generators\">Compara\u00e7\u00e3o de geradores de modelos 3D de IA<\/h3>\n\n\n\n<p class=\"\">Segue-se uma compara\u00e7\u00e3o de geradores de modelos 3D de IA populares com base em descobertas recentes de v\u00e1rias fontes:<\/p>\n\n\n\n<figure class=\"wp-block-table\"><table class=\"has-fixed-layout\"><thead><tr><th>Ferramenta<\/th><th>Pr\u00f3s<\/th><th>Contras<\/th><th>Vantagens<\/th><th>Desafios<\/th><th>Recomenda\u00e7\u00f5es<\/th><\/tr><\/thead><tbody><tr><td><a href=\"https:\/\/aiartfree.online\/pt\/gerador-de-modelos-ai-3d\/\">Gerador de modelos 3D AI por Free AI Art Generator<\/a><\/td><td>Modelos de alta qualidade<\/td><td>Personaliza\u00e7\u00e3o limitada<\/td><td>F\u00e1cil de utilizar<\/td><td>Requer liga\u00e7\u00e3o \u00e0 Internet<\/td><td>Ideal para principiantes<\/td><\/tr><tr><td><a href=\"https:\/\/www.openai.com\/dall-e-3\" target=\"_blank\" rel=\"noopener\">DALL-E 3<\/a><\/td><td>Modelos de alta qualidade<\/td><td>Personaliza\u00e7\u00e3o limitada<\/td><td>F\u00e1cil de utilizar<\/td><td>Requer liga\u00e7\u00e3o \u00e0 Internet<\/td><td>Ideal para principiantes<\/td><\/tr><tr><td><a href=\"https:\/\/www.nvidia.com\/en-us\/research\/ai-playground\/\" target=\"_blank\" rel=\"noopener\">NVIDIA GauGAN<\/a><\/td><td>Processamento r\u00e1pido<\/td><td>Caro<\/td><td>Funcionalidades avan\u00e7adas<\/td><td>Curva de aprendizagem acentuada<\/td><td>Ideal para profissionais<\/td><\/tr><tr><td><a href=\"https:\/\/deepart.io\/\" target=\"_blank\" rel=\"noopener\">DeepArt.io<\/a><\/td><td>Vers\u00e3o gratuita dispon\u00edvel<\/td><td>An\u00fancios na vers\u00e3o gratuita<\/td><td>Grande apoio da comunidade<\/td><td>Op\u00e7\u00f5es de exporta\u00e7\u00e3o limitadas<\/td><td>Bom para amadores<\/td><\/tr><tr><td><a href=\"https:\/\/www.artbreeder.com\/\" target=\"_blank\" rel=\"noopener\">Artbreeder<\/a><\/td><td>Modelos exactos<\/td><td>Assinatura necess\u00e1ria<\/td><td>Interface de f\u00e1cil utiliza\u00e7\u00e3o<\/td><td>Limitado a casos de utiliza\u00e7\u00e3o espec\u00edficos<\/td><td>Adequado para ind\u00fastrias espec\u00edficas<\/td><\/tr><tr><td><a href=\"https:\/\/spline.design\/\" target=\"_blank\" rel=\"noopener\">Estrias<\/a><\/td><td>Caracter\u00edsticas robustas<\/td><td>Custo elevado<\/td><td>Biblioteca extensa<\/td><td>Requer hardware potente<\/td><td>Ideal para grandes projectos<\/td><\/tr><tr><td><a href=\"https:\/\/www.blender.org\/\" target=\"_blank\" rel=\"noopener\">Liquidificador<\/a><\/td><td>Livre e de c\u00f3digo aberto<\/td><td>Curva de aprendizagem acentuada<\/td><td>Altamente vers\u00e1til<\/td><td>Complexo para principiantes<\/td><td>Ideal para utilizadores avan\u00e7ados<\/td><\/tr><tr><td><a>Sala de malha<\/a><\/td><td>Livre e de c\u00f3digo aberto<\/td><td>Requer hardware potente<\/td><td>Baseado em fotogrametria<\/td><td>Pode ser lento<\/td><td>Ideal para projectos de fotogrametria<\/td><\/tr><tr><td><a href=\"https:\/\/pixologic.com\/\" target=\"_blank\" rel=\"noopener\">ZBrush<\/a><\/td><td>Norma da ind\u00fastria<\/td><td>Custo elevado<\/td><td>Ferramentas de n\u00edvel profissional<\/td><td>Necessita de forma\u00e7\u00e3o<\/td><td>Ideal para profissionais<\/td><\/tr><tr><td><a href=\"https:\/\/www.tinkercad.com\/\" target=\"_blank\" rel=\"noopener\">Tinkercad<\/a><\/td><td>F\u00e1cil de utilizar<\/td><td>Caracter\u00edsticas avan\u00e7adas limitadas<\/td><td>Baseado na Web<\/td><td>Funcionalidade b\u00e1sica<\/td><td>\u00d3timo para principiantes e educadores<\/td><\/tr><\/tbody><\/table><\/figure>\n\n\n\n<p class=\"\"><strong>Recomenda\u00e7\u00e3o da melhor ferramenta<\/strong>: A melhor ferramenta para a gera\u00e7\u00e3o de modelos 3D de IA \u00e9 <a href=\"https:\/\/aiartfree.online\/pt\/gerador-de-modelos-ai-3d\/\">Gerador de modelos 3D AI por Free AI Art Generator<\/a>. Oferece um equil\u00edbrio entre facilidade de utiliza\u00e7\u00e3o, resultados de alta qualidade e funcionalidades robustas, tornando-o adequado tanto para principiantes como para profissionais.<\/p>\n\n\n\n<h3 class=\"wp-block-heading\" id=\"faq\">FAQ<\/h3>\n\n\n\n<ol class=\"wp-block-list\">\n<li class=\"\"><strong>Qual \u00e9 o melhor gerador de modelos 3D de IA?<\/strong> O melhor gerador de modelos AI 3D \u00e9 o oferecido pelo Free AI Art Generator, dispon\u00edvel <a href=\"https:\/\/aiartfree.online\/pt\/gerador-de-modelos-ai-3d\/\">aqui<\/a>.<\/li>\n\n\n\n<li class=\"\"><strong>Como \u00e9 que os geradores de modelos 3D com IA funcionam?<\/strong> Utilizam algoritmos de IA para processar dados de entrada (como imagens 2D ou texto) e criar modelos 3D com base em padr\u00f5es aprendidos.<\/li>\n\n\n\n<li class=\"\"><strong>Posso converter uma imagem 2D num modelo 3D?<\/strong> Sim, muitos geradores de modelos 3D de IA podem converter imagens 2D em modelos 3D.<\/li>\n\n\n\n<li class=\"\"><strong>Existe um gerador de modelos 3D de IA gratuito?<\/strong> Sim, algumas ferramentas oferecem vers\u00f5es gratuitas com funcionalidades limitadas.<\/li>\n\n\n\n<li class=\"\"><strong>Quais s\u00e3o as vantagens de utilizar um gerador de modelos 3D com IA?<\/strong> As vantagens incluem a efici\u00eancia, a acessibilidade, a rela\u00e7\u00e3o custo-efic\u00e1cia e a versatilidade.<\/li>\n\n\n\n<li class=\"\"><strong>A IA pode gerar modelos 3D a partir de descri\u00e7\u00f5es de texto?<\/strong> Sim, algumas ferramentas avan\u00e7adas de IA podem gerar modelos 3D a partir de mensagens de texto.<\/li>\n\n\n\n<li class=\"\"><strong>Que sectores utilizam geradores de modelos 3D com IA?<\/strong> As ind\u00fastrias incluem o jogo, a arquitetura, a ind\u00fastria transformadora e a educa\u00e7\u00e3o.<\/li>\n\n\n\n<li class=\"\"><strong>Os geradores de modelos 3D de IA s\u00e3o exactos?<\/strong> Podem produzir modelos altamente precisos, embora a qualidade possa variar consoante a ferramenta.<\/li>\n\n\n\n<li class=\"\"><strong>S\u00e3o necess\u00e1rias compet\u00eancias avan\u00e7adas para utilizar os geradores de modelos 3D com IA?<\/strong> N\u00e3o, muitas ferramentas s\u00e3o concebidas para serem f\u00e1ceis de utilizar, mesmo por n\u00e3o especialistas.<\/li>\n\n\n\n<li class=\"\"><strong>Onde posso obter mais informa\u00e7\u00f5es sobre os geradores de modelos 3D com IA?<\/strong> Pode encontrar mais informa\u00e7\u00f5es e as melhores ferramentas em <a href=\"https:\/\/aiartfree.online\/pt\/gerador-de-modelos-ai-3d\/\">Arte AI Gr\u00e1tis<\/a>.<\/li>\n<\/ol>","protected":false},"excerpt":{"rendered":"<p>What our users made How to use AI 3d Model Generator *&nbsp;Depending on your internet speed, loading the model may take a few seconds.* There will be caching during continuous generation, and the new image will appear after about 3 seconds. Introduction of AI 3D Model Generator Creating 3D models has never been easier with &#8230; <a title=\"Gerador de modelos AI 3d\" class=\"read-more\" href=\"https:\/\/aiartfree.online\/pt\/gerador-de-modelos-ai-3d\/\" aria-label=\"Leia mais sobre AI 3d Model Generator\">Ler mais<\/a><\/p>","protected":false},"author":1,"featured_media":0,"parent":0,"menu_order":0,"comment_status":"open","ping_status":"closed","template":"","meta":{"nf_dc_page":"","footnotes":""},"class_list":["post-2968","page","type-page","status-publish"],"jetpack_sharing_enabled":true,"_links":{"self":[{"href":"https:\/\/aiartfree.online\/pt\/wp-json\/wp\/v2\/pages\/2968","targetHints":{"allow":["GET"]}}],"collection":[{"href":"https:\/\/aiartfree.online\/pt\/wp-json\/wp\/v2\/pages"}],"about":[{"href":"https:\/\/aiartfree.online\/pt\/wp-json\/wp\/v2\/types\/page"}],"author":[{"embeddable":true,"href":"https:\/\/aiartfree.online\/pt\/wp-json\/wp\/v2\/users\/1"}],"replies":[{"embeddable":true,"href":"https:\/\/aiartfree.online\/pt\/wp-json\/wp\/v2\/comments?post=2968"}],"version-history":[{"count":0,"href":"https:\/\/aiartfree.online\/pt\/wp-json\/wp\/v2\/pages\/2968\/revisions"}],"wp:attachment":[{"href":"https:\/\/aiartfree.online\/pt\/wp-json\/wp\/v2\/media?parent=2968"}],"curies":[{"name":"wp","href":"https:\/\/api.w.org\/{rel}","templated":true}]}}