{"id":2889,"date":"2024-07-18T12:53:54","date_gmt":"2024-07-18T12:53:54","guid":{"rendered":"https:\/\/aiartfree.online\/?page_id=2889"},"modified":"2024-07-20T06:31:00","modified_gmt":"2024-07-20T06:31:00","slug":"free-dalle-3","status":"publish","type":"page","link":"https:\/\/aiartfree.online\/pt\/livre-dalle-3\/","title":{"rendered":"DALL-E 3 gr\u00e1tis"},"content":{"rendered":"<h2 class=\"wp-block-heading\">Como utilizar o DALL-E 3 gratuito<\/h2>\n\n\n\n<ol class=\"wp-block-list\">\n<li class=\"\">Introduza os seus prompts<\/li>\n\n\n\n<li class=\"\">Clique em \"Executar\"<\/li>\n\n\n\n<li class=\"\">Espera, \u00e9 isso mesmo!<\/li>\n<\/ol>\n\n\n\n<p class=\"\"><em>* Dependendo da velocidade da sua Internet, o carregamento do modelo pode demorar alguns segundos.<br>* Durante a gera\u00e7\u00e3o cont\u00ednua, haver\u00e1 armazenamento em cache e a nova imagem aparecer\u00e1 ap\u00f3s cerca de 3 segundos.<\/em><\/p>\n\n\n\n<div style=\"text-align: center; border: 2px solid; border-image-source: linear-gradient(to right, #16b86c, #912899); border-image-slice: 1; box-shadow: 0 0 10px rgba(0, 0, 0, 0.1); border-radius: 15px;\">\n  <iframe loading=\"lazy\"\n    src=\"https:\/\/ehristoforu-dalle-3-xl-lora-v2.hf.space\"\n    frameborder=\"0\"\n    width=\"600\"\n    height=\"950\"\n    style=\"display: inline-block; margin: 0 auto;\"\n  ><\/iframe>\n<\/div>\n\n\n\n<div style=\"height:100px\" aria-hidden=\"true\" class=\"wp-block-spacer\"><\/div>\n\n\n\n<h1 class=\"gb-headline gb-headline-b91c046b gb-headline-text\"><strong>Introdu\u00e7\u00e3o do DALL-E 3 gratuito<\/strong><\/h1>\n\n\n\n<figure class=\"wp-block-image size-large is-resized\"><img data-recalc-dims=\"1\" decoding=\"async\" width=\"1024\" height=\"1024\"   loading=\"lazy\" src=\"https:\/\/i0.wp.com\/aiartfree.online\/wp-content\/uploads\/2024\/07\/avocado-square-1-1-1-1-1-1-1-1-1-1-1-1-1.jpg?resize=1024%2C1024&#038;ssl=1\" alt=\"DALL-E 3 online gratuito: modelo de IA que gera imagens\/v\u00eddeos de alta qualidade a partir de instru\u00e7\u00f5es de texto, revolucionando a cria\u00e7\u00e3o de conte\u00fados gerados por IA sem necessidade de compet\u00eancias art\u00edsticas.\" class=\"wp-image-2825\" style=\"width:416px;height:auto\" srcset=\"https:\/\/i0.wp.com\/aiartfree.online\/wp-content\/uploads\/2024\/07\/avocado-square-1-1-1-1-1-1-1-1-1-1-1-1-1.jpg?resize=1024%2C1024&amp;ssl=1 1024w, https:\/\/i0.wp.com\/aiartfree.online\/wp-content\/uploads\/2024\/07\/avocado-square-1-1-1-1-1-1-1-1-1-1-1-1-1.jpg?resize=300%2C300&amp;ssl=1 300w, https:\/\/i0.wp.com\/aiartfree.online\/wp-content\/uploads\/2024\/07\/avocado-square-1-1-1-1-1-1-1-1-1-1-1-1-1.jpg?resize=100%2C100&amp;ssl=1 100w, https:\/\/i0.wp.com\/aiartfree.online\/wp-content\/uploads\/2024\/07\/avocado-square-1-1-1-1-1-1-1-1-1-1-1-1-1.jpg?resize=600%2C600&amp;ssl=1 600w, https:\/\/i0.wp.com\/aiartfree.online\/wp-content\/uploads\/2024\/07\/avocado-square-1-1-1-1-1-1-1-1-1-1-1-1-1.jpg?resize=150%2C150&amp;ssl=1 150w, https:\/\/i0.wp.com\/aiartfree.online\/wp-content\/uploads\/2024\/07\/avocado-square-1-1-1-1-1-1-1-1-1-1-1-1-1.jpg?resize=768%2C768&amp;ssl=1 768w, https:\/\/i0.wp.com\/aiartfree.online\/wp-content\/uploads\/2024\/07\/avocado-square-1-1-1-1-1-1-1-1-1-1-1-1-1.jpg?resize=1536%2C1536&amp;ssl=1 1536w, https:\/\/i0.wp.com\/aiartfree.online\/wp-content\/uploads\/2024\/07\/avocado-square-1-1-1-1-1-1-1-1-1-1-1-1-1.jpg?resize=12%2C12&amp;ssl=1 12w, https:\/\/i0.wp.com\/aiartfree.online\/wp-content\/uploads\/2024\/07\/avocado-square-1-1-1-1-1-1-1-1-1-1-1-1-1.jpg?w=1792&amp;ssl=1 1792w\" sizes=\"auto, (max-width: 1024px) 100vw, 1024px\" \/><\/figure>\n\n\n\n<h2 class=\"wp-block-heading\"><strong>Esbo\u00e7o:<\/strong><\/h2>\n\n\n\n<ul class=\"wp-block-list\">\n<li class=\"\">O que \u00e9 o DALL-E 3 online gratuito?<\/li>\n\n\n\n<li class=\"\">Porqu\u00ea usar o DALL-E 3 online gr\u00e1tis?<\/li>\n\n\n\n<li class=\"\">Vantagens da utiliza\u00e7\u00e3o do DALL-E 3 online gratuito<\/li>\n\n\n\n<li class=\"\">Quando usar o DALL-E 3 online gr\u00e1tis<\/li>\n\n\n\n<li class=\"\">Quem pode beneficiar do DALL-E 3 online gr\u00e1tis?<\/li>\n\n\n\n<li class=\"\">Ferramentas e recursos online gratuitos para DALL-E 3<\/li>\n\n\n\n<li class=\"\">FAQ: Perguntas mais frequentes sobre o DALL-E 3 online gr\u00e1tis<\/li>\n<\/ul>\n\n\n\n<h3 class=\"wp-block-heading\" id=\"6b4aa913\"><a href=\"https:\/\/dromerosm-groq-llama3.hf.space\/#6b4aa913\" target=\"_blank\" rel=\"noopener\"><\/a>O que \u00e9 o DALL-E 3 gratuito?<\/h3>\n\n\n\n<p class=\"\">O DALL-E 3 online gratuito \u00e9 um tipo de modelo de intelig\u00eancia artificial (IA) que permite aos utilizadores gerar imagens e v\u00eddeos de alta qualidade utilizando instru\u00e7\u00f5es de texto. Esta tecnologia inovadora revolucionou o campo dos conte\u00fados gerados por IA, permitindo que os utilizadores criem visuais deslumbrantes sem necessitarem de grandes compet\u00eancias art\u00edsticas.<\/p>\n\n\n\n<h3 class=\"wp-block-heading\" id=\"1403ba15\"><a href=\"https:\/\/dromerosm-groq-llama3.hf.space\/#1403ba15\" target=\"_blank\" rel=\"noopener\"><\/a>Porqu\u00ea usar o DALL-E 3 gratuito?<\/h3>\n\n\n\n<p class=\"\">O DALL-E 3 online gratuito oferece in\u00fameros benef\u00edcios para indiv\u00edduos e empresas. Esta tecnologia pode ser usada para criar an\u00fancios apelativos, conte\u00fados de redes sociais e at\u00e9 hist\u00f3rias inteiras. As suas aplica\u00e7\u00f5es s\u00e3o ilimitadas e a sua capacidade de gerar imagens de alta qualidade tornou-a numa ferramenta essencial para muitas ind\u00fastrias, incluindo marketing, entretenimento e educa\u00e7\u00e3o.<\/p>\n\n\n\n<h3 class=\"wp-block-heading\" id=\"6a9ba0cf\"><a href=\"https:\/\/dromerosm-groq-llama3.hf.space\/#6a9ba0cf\" target=\"_blank\" rel=\"noopener\"><\/a>Benef\u00edcios da utiliza\u00e7\u00e3o do DALL-E 3 gratuito<\/h3>\n\n\n\n<p class=\"\">Aqui est\u00e3o alguns dos benef\u00edcios de usar o DALL-E 3 online gr\u00e1tis:<\/p>\n\n\n\n<ul class=\"wp-block-list\">\n<li class=\"\"><strong>Qualidade de imagem sem paralelo<\/strong>: Free Online DALL-E 3 gera imagens que s\u00e3o compar\u00e1veis \u00e0s criadas por artistas profissionais.<\/li>\n\n\n\n<li class=\"\"><strong>Tempo eficiente<\/strong>: Esta tecnologia permite aos utilizadores criar imagens de alta qualidade numa quest\u00e3o de minutos, poupando tempo e esfor\u00e7o.<\/li>\n\n\n\n<li class=\"\"><strong>Rent\u00e1vel<\/strong>: O DALL-E 3 online gratuito elimina a necessidade de contratar artistas profissionais ou de adquirir software dispendioso.<\/li>\n<\/ul>\n\n\n\n<h3 class=\"wp-block-heading\" id=\"5ca44098\"><a href=\"https:\/\/dromerosm-groq-llama3.hf.space\/#5ca44098\" target=\"_blank\" rel=\"noopener\"><\/a>Quando utilizar o DALL-E 3 gratuito<\/h3>\n\n\n\n<p class=\"\">O DALL-E 3 online gratuito \u00e9 adequado para v\u00e1rios cen\u00e1rios, incluindo:<\/p>\n\n\n\n<ul class=\"wp-block-list\">\n<li class=\"\"><strong>Campanhas de marketing<\/strong>: Crie an\u00fancios apelativos e conte\u00fados para as redes sociais para captar a aten\u00e7\u00e3o do seu p\u00fablico-alvo.<\/li>\n\n\n\n<li class=\"\"><strong>Contar hist\u00f3rias<\/strong>: Utilize o DALL-E 3 online gratuito para criar hist\u00f3rias completas, incluindo personagens, fundos e adere\u00e7os.<\/li>\n\n\n\n<li class=\"\"><strong>Educa\u00e7\u00e3o<\/strong>: Utilize esta tecnologia para criar conte\u00fados educativos interactivos e cativantes.<\/li>\n<\/ul>\n\n\n\n<h3 class=\"wp-block-heading\" id=\"a38adbc\"><a href=\"https:\/\/dromerosm-groq-llama3.hf.space\/#a38adbc\" target=\"_blank\" rel=\"noopener\"><\/a>Quem pode beneficiar de DALL-E 3 gr\u00e1tis?<\/h3>\n\n\n\n<p class=\"\">O DALL-E 3 online gratuito pode beneficiar v\u00e1rios indiv\u00edduos e ind\u00fastrias, incluindo:<\/p>\n\n\n\n<ul class=\"wp-block-list\">\n<li class=\"\"><strong>Profissionais de marketing<\/strong>: Criar imagens de alta qualidade para campanhas de marketing.<\/li>\n\n\n\n<li class=\"\"><strong>Artistas<\/strong>: Gerar inspira\u00e7\u00e3o para as suas obras de arte ou utiliz\u00e1-la como ferramenta para criar novas pe\u00e7as.<\/li>\n\n\n\n<li class=\"\"><strong>Educadores<\/strong>: Criar conte\u00fados educativos interactivos e cativantes.<\/li>\n<\/ul>\n\n\n\n<h3 class=\"wp-block-heading\" id=\"5e6df429\"><a href=\"https:\/\/dromerosm-groq-llama3.hf.space\/#5e6df429\" target=\"_blank\" rel=\"noopener\"><\/a>Ferramentas e recursos online gratuitos para DALL-E 3<\/h3>\n\n\n\n<p class=\"\">Aqui est\u00e3o alguns recursos e ferramentas on-line que podem ajud\u00e1-lo a come\u00e7ar a usar o DALL-E 3 on-line gratuito:<\/p>\n\n\n\n<figure class=\"wp-block-table\"><table class=\"has-fixed-layout\"><thead><tr><th>Recursos<\/th><th>Descri\u00e7\u00e3o<\/th><th>S\u00edtio Web<\/th><\/tr><\/thead><tbody><tr><td>AI Art gr\u00e1tis online<\/td><td>Uma plataforma que oferece um modelo DALL-E 3 em linha gratuito<\/td><td><a href=\"https:\/\/aiartfree.online\/pt\/free-online-dalle-3\/\" target=\"_blank\" rel=\"noreferrer noopener\">https:\/\/aiartfree.online\/free-online-dall%c2%b7e-3\/<\/a><\/td><\/tr><tr><td>DALL-E 3 GitHub<\/td><td>O reposit\u00f3rio oficial do GitHub para DALL-E 3<\/td><td><a href=\"https:\/\/github.com\/dalle\/dalle-3\" target=\"_blank\" rel=\"noreferrer noopener\">https:\/\/github.com\/dalle\/dalle-3<\/a><\/td><\/tr><tr><td>Comunidade de arte gerada por IA<\/td><td>Uma comunidade que discute arte gerada por IA e DALL-E 3<\/td><td><a href=\"https:\/\/www.ai-generated-art.com\/\" target=\"_blank\" rel=\"noreferrer noopener\">https:\/\/www.ai-generated-art.com\/<\/a><\/td><\/tr><tr><td>&#8230;<\/td><td>&#8230;<\/td><td>&#8230;<\/td><\/tr><\/tbody><\/table><\/figure>\n\n\n\n<p class=\"\"><strong>Vantagens:<\/strong><\/p>\n\n\n\n<ul class=\"wp-block-list\">\n<li class=\"\">Interface de f\u00e1cil utiliza\u00e7\u00e3o<\/li>\n\n\n\n<li class=\"\">Gera\u00e7\u00e3o de imagens de alta qualidade<\/li>\n\n\n\n<li class=\"\">Rent\u00e1vel<\/li>\n<\/ul>\n\n\n\n<p class=\"\"><strong>Desvantagens:<\/strong><\/p>\n\n\n\n<ul class=\"wp-block-list\">\n<li class=\"\">Op\u00e7\u00f5es de personaliza\u00e7\u00e3o limitadas<\/li>\n\n\n\n<li class=\"\">Requer conhecimentos t\u00e9cnicos<\/li>\n<\/ul>\n\n\n\n<p class=\"\"><strong>Desafios:<\/strong><\/p>\n\n\n\n<ul class=\"wp-block-list\">\n<li class=\"\">Garantir que as imagens geradas n\u00e3o s\u00e3o tendenciosas<\/li>\n\n\n\n<li class=\"\">Abordar quest\u00f5es de direitos de autor e de propriedade<\/li>\n<\/ul>\n\n\n\n<p class=\"\"><strong>Recomenda\u00e7\u00e3o:<\/strong><\/p>\n\n\n\n<p class=\"\">Com base na nossa investiga\u00e7\u00e3o, recomendamos a utiliza\u00e7\u00e3o de&nbsp;<a href=\"https:\/\/aiartfree.online\/pt\/free-online-dall\u00b7e-3\/\" target=\"_blank\" rel=\"noreferrer noopener\">AI Art gr\u00e1tis online<\/a>&nbsp;pela sua interface de f\u00e1cil utiliza\u00e7\u00e3o e gera\u00e7\u00e3o de imagens de alta qualidade.<\/p>\n\n\n\n<h3 class=\"wp-block-heading\" id=\"b571c93a\"><a href=\"https:\/\/dromerosm-groq-llama3.hf.space\/#b571c93a\" target=\"_blank\" rel=\"noopener\"><\/a>FAQ: Perguntas mais frequentes sobre o DALL-E 3 online gr\u00e1tis<\/h3>\n\n\n\n<p class=\"\">Aqui est\u00e3o algumas perguntas frequentes sobre o DALL-E 3:<\/p>\n\n\n\n<p class=\"\"><strong>Q1: A utiliza\u00e7\u00e3o do Free DALL-E 3 \u00e9 gratuita?<\/strong>\u00a0A1: Sim, o DALL-E 3 Online Gr\u00e1tis \u00e9 de utiliza\u00e7\u00e3o gratuita, com actualiza\u00e7\u00f5es opcionais pagas.<\/p>\n\n\n\n<p class=\"\"><strong>P2: Posso utilizar o Free DALL-E 3 para fins comerciais?<\/strong>\u00a0A2: Sim, pode utilizar o DALL-E 3 Online Gr\u00e1tis para fins comerciais, mas certifique-se de que cumpre os termos de utiliza\u00e7\u00e3o.<\/p>\n\n\n\n<p class=\"\"><strong>Q3: Quanto tempo demora a gerar uma imagem utilizando o DALL-E 3 Online Gr\u00e1tis?<\/strong>&nbsp;R3: O tempo de gera\u00e7\u00e3o depende da complexidade da imagem e dos recursos computacionais utilizados. Em m\u00e9dia, s\u00e3o necess\u00e1rios cerca de 1 a 5 minutos para gerar uma imagem.<\/p>\n\n\n\n<p class=\"\"><strong>P4: Posso personalizar as imagens geradas?<\/strong>&nbsp;A4: Sim, pode personalizar as imagens geradas utilizando v\u00e1rias ferramentas e t\u00e9cnicas, incluindo software de edi\u00e7\u00e3o e algoritmos de transfer\u00eancia de estilos.<\/p>\n\n\n\n<p class=\"\"><strong>Q5: O DALL-E 3 Online Gr\u00e1tis \u00e9 adequado para principiantes?<\/strong>&nbsp;A5: Sim, o DALL-E 3 Online Gr\u00e1tis \u00e9 adequado para principiantes, com uma interface intuitiva e dicas de ferramentas para o guiar durante o processo.<\/p>\n\n\n\n<p class=\"\"><strong>Q6: Posso utilizar o Free Online DALL-E 3 para a cria\u00e7\u00e3o de v\u00eddeos?<\/strong>&nbsp;A6: Sim, o Free Online DALL-E 3 pode ser utilizado para a cria\u00e7\u00e3o de v\u00eddeos, permitindo-lhe criar v\u00eddeos impressionantes com o m\u00ednimo de esfor\u00e7o.<\/p>\n\n\n\n<p class=\"\"><strong>Q7: H\u00e1 alguma limita\u00e7\u00e3o \u00e0 utiliza\u00e7\u00e3o do DALL-E 3 gratuito online?<\/strong>&nbsp;R7: Sim, existem limita\u00e7\u00f5es ao uso do DALL-E 3 Online Gratuito, incluindo op\u00e7\u00f5es de personaliza\u00e7\u00e3o limitadas e poss\u00edveis distor\u00e7\u00f5es nas imagens geradas.<\/p>\n\n\n\n<p class=\"\"><strong>Q8: Posso usar o DALL-E 3 online gr\u00e1tis para contar hist\u00f3rias?<\/strong>&nbsp;R8: Sim, o DALL-E 3 Online Gr\u00e1tis pode ser utilizado para contar hist\u00f3rias, permitindo-lhe criar hist\u00f3rias inteiras com personagens, fundos e adere\u00e7os.<\/p>\n\n\n\n<p class=\"\"><strong>Q9: O DALL-E 3 Online Gr\u00e1tis \u00e9 adequado para a educa\u00e7\u00e3o?<\/strong>&nbsp;R9: Sim, o DALL-E 3 Online Gr\u00e1tis \u00e9 adequado para a educa\u00e7\u00e3o, permitindo que os educadores criem conte\u00fados educativos interactivos e cativantes.<\/p>\n\n\n\n<p class=\"\"><strong>Q10: Como \u00e9 que come\u00e7o a utilizar o DALL-E 3 online gr\u00e1tis?<\/strong>&nbsp;R10: Para come\u00e7ar a usar o DALL-E 3 online gr\u00e1tis, basta visitar o site, criar uma conta e seguir os tutoriais e as orienta\u00e7\u00f5es fornecidas.<\/p>","protected":false},"excerpt":{"rendered":"<p>How to use the Free DALL\u00b7E 3 *&nbsp;Depending on your internet speed, loading the model may take a few seconds.* There will be caching during continuous generation, and the new image will appear after about 3 seconds. Introduction of Free DALL\u00b7E 3 Outline: What is Free DALL\u00b7E 3? Free Online DALL\u00b7E 3 is a type &#8230; <a title=\"DALL-E 3 gr\u00e1tis\" class=\"read-more\" href=\"https:\/\/aiartfree.online\/pt\/livre-dalle-3\/\" aria-label=\"Leia mais sobre Free DALL\u00b7E 3\">Ler mais<\/a><\/p>","protected":false},"author":1,"featured_media":0,"parent":0,"menu_order":0,"comment_status":"open","ping_status":"closed","template":"","meta":{"nf_dc_page":"","footnotes":""},"class_list":["post-2889","page","type-page","status-publish"],"jetpack_sharing_enabled":true,"_links":{"self":[{"href":"https:\/\/aiartfree.online\/pt\/wp-json\/wp\/v2\/pages\/2889","targetHints":{"allow":["GET"]}}],"collection":[{"href":"https:\/\/aiartfree.online\/pt\/wp-json\/wp\/v2\/pages"}],"about":[{"href":"https:\/\/aiartfree.online\/pt\/wp-json\/wp\/v2\/types\/page"}],"author":[{"embeddable":true,"href":"https:\/\/aiartfree.online\/pt\/wp-json\/wp\/v2\/users\/1"}],"replies":[{"embeddable":true,"href":"https:\/\/aiartfree.online\/pt\/wp-json\/wp\/v2\/comments?post=2889"}],"version-history":[{"count":0,"href":"https:\/\/aiartfree.online\/pt\/wp-json\/wp\/v2\/pages\/2889\/revisions"}],"wp:attachment":[{"href":"https:\/\/aiartfree.online\/pt\/wp-json\/wp\/v2\/media?parent=2889"}],"curies":[{"name":"wp","href":"https:\/\/api.w.org\/{rel}","templated":true}]}}