{"id":2888,"date":"2024-07-18T11:45:49","date_gmt":"2024-07-18T11:45:49","guid":{"rendered":"https:\/\/aiartfree.online\/?page_id=2888"},"modified":"2025-03-07T08:01:42","modified_gmt":"2025-03-07T08:01:42","slug":"free-online-stable-diffusion-3","status":"publish","type":"page","link":"https:\/\/aiartfree.online\/pt\/difusao-estavel-online-gratis-3\/","title":{"rendered":"Difus\u00e3o Est\u00e1vel Online Gr\u00e1tis 3"},"content":{"rendered":"<h2 class=\"wp-block-heading has-text-align-center\" id=\"what-our-users-made\">O que os nossos utilizadores fizeram<\/h2>\n\n\n\n<figure class=\"gb-block-image gb-block-image-1822da1f\"><img data-recalc-dims=\"1\" decoding=\"async\" loading=\"lazy\" width=\"1200\" height=\"199\" class=\"gb-image gb-image-1822da1f\" src=\"https:\/\/i0.wp.com\/aiartfree.online\/wp-content\/uploads\/2024\/08\/WX20240802-163255%402x-scaled.webp?resize=1200%2C199&#038;ssl=1\" alt=\"O Stable Diffusion 3 \u00e9 um modelo de IA que permite aos utilizadores gerar imagens de alta qualidade utilizando instru\u00e7\u00f5es de texto, permitindo-lhes criar imagens sem compet\u00eancias art\u00edsticas.\" title=\"WX20240802-163255@2x\" srcset=\"https:\/\/i0.wp.com\/aiartfree.online\/wp-content\/uploads\/2024\/08\/WX20240802-163255%402x-scaled.webp?w=2560&amp;ssl=1 2560w, https:\/\/i0.wp.com\/aiartfree.online\/wp-content\/uploads\/2024\/08\/WX20240802-163255%402x-scaled.webp?resize=300%2C50&amp;ssl=1 300w, https:\/\/i0.wp.com\/aiartfree.online\/wp-content\/uploads\/2024\/08\/WX20240802-163255%402x-scaled.webp?resize=1024%2C170&amp;ssl=1 1024w, https:\/\/i0.wp.com\/aiartfree.online\/wp-content\/uploads\/2024\/08\/WX20240802-163255%402x-scaled.webp?resize=768%2C127&amp;ssl=1 768w, https:\/\/i0.wp.com\/aiartfree.online\/wp-content\/uploads\/2024\/08\/WX20240802-163255%402x-scaled.webp?resize=1536%2C254&amp;ssl=1 1536w, https:\/\/i0.wp.com\/aiartfree.online\/wp-content\/uploads\/2024\/08\/WX20240802-163255%402x-scaled.webp?resize=2048%2C339&amp;ssl=1 2048w, https:\/\/i0.wp.com\/aiartfree.online\/wp-content\/uploads\/2024\/08\/WX20240802-163255%402x-scaled.webp?resize=18%2C3&amp;ssl=1 18w, https:\/\/i0.wp.com\/aiartfree.online\/wp-content\/uploads\/2024\/08\/WX20240802-163255%402x-scaled.webp?resize=600%2C99&amp;ssl=1 600w, https:\/\/i0.wp.com\/aiartfree.online\/wp-content\/uploads\/2024\/08\/WX20240802-163255%402x-scaled.webp?w=2400&amp;ssl=1 2400w\" sizes=\"auto, (max-width: 1200px) 100vw, 1200px\" \/><\/figure>\n\n\n\n<h2 class=\"wp-block-heading\" id=\"how-to-use-the-free-free-online-stable-diffusion-3\">Como utilizar a Difus\u00e3o Est\u00e1vel Online Gratuita 3<\/h2>\n\n\n\n<ol class=\"wp-block-list\">\n<li class=\"\">Introduza os seus prompts<\/li>\n\n\n\n<li class=\"\">Clique em \"Executar\"<\/li>\n\n\n\n<li class=\"\">Espera, \u00e9 isso mesmo!<\/li>\n\n\n\n<li class=\"\">N\u00e3o est\u00e1 satisfeito com o resultado? <br>N\u00e3o h\u00e1 problema! Use o gerador de prompts abaixo para obter prompts revolucionados \uff5e<\/li>\n\n\n\n<li class=\"\">N\u00e3o tem nenhum pensamento na sua mente?<br>N\u00e3o h\u00e1 problema! <a href=\"#maodian\" data-type=\"internal\" data-id=\"#maodian\">Clique para ver a nossa Galeria de Sugest\u00f5es<\/a><\/li>\n<\/ol>\n\n\n\n<p class=\"\">* Se n\u00e3o tiver nenhuma ideia, n\u00e3o hesite em experimentar os nossos exemplos abaixo<\/p>\n\n\n\n<h3 class=\"wp-block-heading\" id=\"prompt-examples\">Exemplos de avisos<\/h3>\n\n\n\n<ol style=\"font-size:16px\" class=\"wp-block-list\">\n<li class=\"\">ilustra\u00e7\u00e3o de banda desenhada de cortar a respira\u00e7\u00e3o, altamente detalhada, de morgan freeman a conduzir uma mota harley davidson, sombria e corajosa<\/li>\n\n\n\n<li class=\"\">ilustra\u00e7\u00e3o de novela gr\u00e1fica de cortar a respira\u00e7\u00e3o No meio da vasta extens\u00e3o de uma nebulosa, um astronauta solit\u00e1rio flutua, amarrado a uma nave estelar luminosa. Os gases radiantes da nebulosa dan\u00e7am \u00e0 sua volta, reflectindo cores vibrantes no fato, criando um ballet de luz e movimento.<\/li>\n\n\n\n<li class=\"\">Ilustra\u00e7\u00e3o de uma novela gr\u00e1fica de cortar a respira\u00e7\u00e3o Numa encruzilhada de um deserto p\u00f3s-apocal\u00edtico, um vagabundo com uma guitarra feita de sucata canta contos do velho mundo. Criaturas mutantes re\u00fanem-se \u00e0 volta da fogueira, com os olhos cheios de saudade.<\/li>\n\n\n\n<li class=\"\">Ilustra\u00e7\u00e3o de uma novela gr\u00e1fica de cortar a respira\u00e7\u00e3o de uma crian\u00e7a que persegue borboletas coloridas num prado vibrante.<\/li>\n\n\n\n<li class=\"\">ilustra\u00e7\u00e3o de novela gr\u00e1fica de tirar o f\u00f4lego Numa praia onde as ondas s\u00e3o tecidas com hist\u00f3rias, um contador de hist\u00f3rias com um tear de luar cria contos a partir das mar\u00e9s. As conchas sussurram lendas, e o horizonte \u00e9 uma tape\u00e7aria de aventuras ainda por contar.<\/li>\n\n\n\n<li class=\"\">Ilustra\u00e7\u00e3o de banda desenhada de cortar a respira\u00e7\u00e3o de um falc\u00e3o a voar sobre um deserto, \u00e0 procura de uma presa.<\/li>\n\n\n\n<li class=\"\">ilustra\u00e7\u00e3o de novela gr\u00e1fica de tirar o f\u00f4lego Nas profundezas do c\u00edrculo \u00e1rtico, uma aurora pinta o c\u00e9u com tons vibrantes de verde, rosa e roxo. A neve reflecte esta dan\u00e7a de luzes e o mundo \u00e9 envolvido por uma hipnotizante sinfonia de cores.<\/li>\n\n\n\n<li class=\"\">Ilustra\u00e7\u00e3o de uma novela gr\u00e1fica de cortar a respira\u00e7\u00e3o de um tatuador a fazer um desenho intrincado nas costas de um cliente.<\/li>\n\n\n\n<li class=\"\">Ilustra\u00e7\u00e3o de uma novela gr\u00e1fica de cortar a respira\u00e7\u00e3o de uma mulher, envolta em sedas coloridas, a ler cartas de tarot numa tenda iluminada por velas.<\/li>\n\n\n\n<li class=\"\">Ilustra\u00e7\u00e3o de banda desenhada de cortar a respira\u00e7\u00e3o de dois espele\u00f3logos que mapeiam uma caverna profunda, com tochas a iluminar o caminho.<\/li>\n<\/ol>\n\n\n\n<figure class=\"gb-block-image gb-block-image-032aac41\"><a href=\"https:\/\/fas.st\/t\/9U4PYbm7\" target=\"_blank\" rel=\"noopener noreferrer\"><img data-recalc-dims=\"1\" decoding=\"async\" loading=\"lazy\" width=\"1200\" height=\"365\" class=\"gb-image gb-image-032aac41\" src=\"https:\/\/i0.wp.com\/aiartfree.online\/wp-content\/uploads\/2025\/03\/WX20250307-115412%402x.webp?resize=1200%2C365&#038;ssl=1\" alt=\"\" title=\"WX20250307-115412@2x\" srcset=\"https:\/\/i0.wp.com\/aiartfree.online\/wp-content\/uploads\/2025\/03\/WX20250307-115412%402x.webp?w=1942&amp;ssl=1 1942w, https:\/\/i0.wp.com\/aiartfree.online\/wp-content\/uploads\/2025\/03\/WX20250307-115412%402x.webp?resize=300%2C91&amp;ssl=1 300w, https:\/\/i0.wp.com\/aiartfree.online\/wp-content\/uploads\/2025\/03\/WX20250307-115412%402x.webp?resize=1024%2C312&amp;ssl=1 1024w, https:\/\/i0.wp.com\/aiartfree.online\/wp-content\/uploads\/2025\/03\/WX20250307-115412%402x.webp?resize=768%2C234&amp;ssl=1 768w, https:\/\/i0.wp.com\/aiartfree.online\/wp-content\/uploads\/2025\/03\/WX20250307-115412%402x.webp?resize=1536%2C467&amp;ssl=1 1536w, https:\/\/i0.wp.com\/aiartfree.online\/wp-content\/uploads\/2025\/03\/WX20250307-115412%402x.webp?resize=18%2C5&amp;ssl=1 18w, https:\/\/i0.wp.com\/aiartfree.online\/wp-content\/uploads\/2025\/03\/WX20250307-115412%402x.webp?resize=600%2C183&amp;ssl=1 600w\" sizes=\"auto, (max-width: 1200px) 100vw, 1200px\" \/><\/a><\/figure>\n\n\n\n<p class=\"\"><em>* Dependendo da velocidade da sua Internet, o carregamento do modelo pode demorar alguns segundos.<br>* Durante a gera\u00e7\u00e3o cont\u00ednua, haver\u00e1 armazenamento em cache e a nova imagem aparecer\u00e1 ap\u00f3s cerca de 3 segundos.<\/em><\/p>\n\n\n\n<div class=\"iframe-wrapper\" style=\"position: relative; width: 100%; height: 1260px;\">\n  <div class=\"loading\" style=\"position: absolute; top: 50px; left: 50%; transform: translate(-50%, -50%); width: 40px; height: 40px; border: 3px solid #f0f0f0; border-top: 3px solid #db7093; border-radius: 50%; animation: spin 1s linear infinite;\"><\/div>\n  <iframe loading=\"lazy\" src=\"https:\/\/prodia-fast-stable-diffusion.hf.space\" frameborder=\"0\" width=\"100%\" height=\"100%\" style=\"position: absolute; top: 0; left: 0; opacity: 0; transition: opacity 0.3s;\" onload=\"this.style.opacity=1;this.previousElementSibling.style.display='none';\"><\/iframe>\n<\/div>\n\n<style>\n@keyframes spin {\n  0% { transform: translate(-50%, -50%) rotate(0deg); }\n  100% { transform: translate(-50%, -50%) rotate(360deg); }\n}\n<\/style>\n\n\n\n<div style=\"text-align: center; border: 2px solid; border-image-source: linear-gradient(to right, #16b86c, #912899); border-image-slice: 1; box-shadow: 0 0 10px rgba(0, 0, 0, 0.1); border-radius: 15px;\">\n  <iframe loading=\"lazy\"\n    src=\"https:\/\/doevent-stable-diffusion-prompt-generator.hf.space\"\n    frameborder=\"0\"\n    width=\"100%\"\n    height=\"900\"\n    style=\"display: inline-block; margin: 0 auto;\"\n  ><\/iframe>\n<\/div>\n\n\n\n<div style=\"height:50px\" aria-hidden=\"true\" class=\"wp-block-spacer\"><\/div>\n\n\n\n<h2 class=\"wp-block-heading has-text-align-center\" id=\"drawing-prompts-gallery-of-stable-diffusion\">Galeria de sugest\u00f5es de desenhos sobre difus\u00e3o est\u00e1vel<\/h2>\n\n\n\n<h3 class=\"wp-block-heading\" id=\"how-to-use-it\">Como o utilizar?<\/h3>\n\n\n\n<ol class=\"wp-block-list\">\n<li class=\"\">Clique no \u00edcone superior direito da imagem para duplicar o aviso<\/li>\n\n\n\n<li class=\"\">Desloque-se para cima e cole a sua mensagem revolucion\u00e1ria para a gera\u00e7\u00e3o<\/li>\n<\/ol>\n\n\n\n<div style=\"text-align: center; border: 2px solid; border-image-source: linear-gradient(to right, #16b86c, #912899); border-image-slice: 1; box-shadow: 0 0 10px rgba(0, 0, 0, 0.1); border-radius: 15px; position: relative;\">\n  <div id=\"loading\" style=\"position: absolute; top: 100px; left: 50%; transform: translate(-50%, -50%); z-index: 1000;\">\n    <div style=\"width: 50px; height: 50px; border: 5px solid #f3f3f3; border-top: 5px solid #16b86c; border-radius: 50%; animation: spin 1s linear infinite;\"><\/div>\n  <\/div>\n  <iframe loading=\"lazy\"\n    src=\"https:\/\/prithivmlmods-top-prompt-collection.static.hf.space\"\n    frameborder=\"0\"\n    width=\"100%\"\n    height=\"2600\"\n    style=\"display: inline-block; margin: 0 auto;\"\n    onload=\"document.getElementById('loading').style.display='none';\"\n  ><\/iframe>\n<\/div>\n\n<style>\n  @keyframes spin {\n    0% { transform: rotate(0deg); }\n    100% { transform: rotate(360deg); }\n  }\n<\/style>\n\n\n\n<div style=\"height:50px\" aria-hidden=\"true\" class=\"wp-block-spacer\"><\/div>\n\n\n\n<h2 class=\"wp-block-heading\" id=\"introduction-of-free-online-stable-diffusion-3\">Introdu\u00e7\u00e3o da difus\u00e3o est\u00e1vel em linha livre 3<\/h2>\n\n\n\n<p class=\"\">Descubra como o Free Online Stable Diffusion 3 est\u00e1 a revolucionar o mundo da arte gerada por IA. Este guia abordar\u00e1 tudo o que precisa de saber sobre esta poderosa ferramenta, desde a sua defini\u00e7\u00e3o e benef\u00edcios at\u00e9 aos seus utilizadores ideais e perguntas frequentes.<\/p>\n\n\n\n<div class=\"wp-block-rank-math-toc-block\" id=\"rank-math-toc\"><h3>\u00cdndice<\/h3><nav><ul><li><a href=\"#how-to-use-it\">Como o utilizar?<\/a><\/li><li><a href=\"#\ufffc-what-is-free-online-stable-diffusion-3\">O que \u00e9 a Difus\u00e3o Est\u00e1vel Online Gratuita 3?<\/a><\/li><li><a href=\"#\ufffc-why-use-free-online-stable-diffusion-3\">Porqu\u00ea utilizar a Difus\u00e3o Est\u00e1vel 3 em linha gratuita?<\/a><\/li><li><a href=\"#\ufffc-benefits-of-using-free-online-stable-diffusion-3\">Vantagens da utiliza\u00e7\u00e3o da difus\u00e3o est\u00e1vel em linha gratuita 3<\/a><\/li><li><a href=\"#\ufffc-when-to-use-free-online-stable-diffusion-3\">\ufffcQuando utilizar a difus\u00e3o est\u00e1vel em linha gratuita 3<\/a><\/li><li><a href=\"#\ufffc-who-can-benefit-from-free-online-stable-diffusion-3\">Quem pode beneficiar da difus\u00e3o est\u00e1vel em linha gratuita 3<\/a><\/li><li><a href=\"#\ufffc-free-online-stable-diffusion-3-tools-and-resources\">Ferramentas e recursos online gratuitos para a difus\u00e3o est\u00e1vel 3<\/a><\/li><li><a href=\"#\ufffcfaq-frequently-asked-questions-about-free-online-stable-diffusion-3\">\ufffcFAQ: Perguntas frequentes sobre a difus\u00e3o est\u00e1vel em linha gratuita 3<\/a><\/li><\/ul><\/nav><\/div>\n\n\n\n<h3 class=\"wp-block-heading\" id=\"\ufffc-what-is-free-online-stable-diffusion-3\"><a href=\"https:\/\/dromerosm-groq-llama3.hf.space\/#57aaf246\" target=\"_blank\" rel=\"noopener\"><\/a>O que \u00e9 o Free Online Stable Diffusion 3?<\/h3>\n\n\n\n<p class=\"\">O Stable Diffusion 3 online gratuito \u00e9 um tipo de modelo de intelig\u00eancia artificial (IA) que permite aos utilizadores gerar imagens e v\u00eddeos de alta qualidade utilizando instru\u00e7\u00f5es de texto. Esta tecnologia inovadora revolucionou o campo dos conte\u00fados gerados por IA, permitindo que os utilizadores criem visuais deslumbrantes sem necessitarem de grandes compet\u00eancias art\u00edsticas.<\/p>\n\n\n\n<h3 class=\"wp-block-heading\" id=\"\ufffc-why-use-free-online-stable-diffusion-3\"><a href=\"https:\/\/dromerosm-groq-llama3.hf.space\/#1b6e5ba1\" target=\"_blank\" rel=\"noopener\"><\/a>Porqu\u00ea utilizar o Stable Diffusion 3 online gratuito?<\/h3>\n\n\n\n<p class=\"\">O Stable Diffusion 3 online gratuito oferece in\u00fameros benef\u00edcios para indiv\u00edduos e empresas. Esta tecnologia pode ser utilizada para criar an\u00fancios apelativos, conte\u00fados para redes sociais e at\u00e9 hist\u00f3rias completas. As suas aplica\u00e7\u00f5es s\u00e3o ilimitadas e a sua capacidade de gerar imagens de alta qualidade tornou-a uma ferramenta essencial para muitas ind\u00fastrias, incluindo marketing, entretenimento e educa\u00e7\u00e3o.<\/p>\n\n\n\n<h3 class=\"wp-block-heading\" id=\"\ufffc-benefits-of-using-free-online-stable-diffusion-3\"><a href=\"https:\/\/dromerosm-groq-llama3.hf.space\/#10ad74a\" target=\"_blank\" rel=\"noopener\"><\/a>Vantagens da utiliza\u00e7\u00e3o da difus\u00e3o est\u00e1vel em linha gratuita 3<\/h3>\n\n\n\n<p class=\"\">Eis algumas das vantagens de utilizar o Stable Diffusion 3 online gratuito:<\/p>\n\n\n\n<ul class=\"wp-block-list\">\n<li class=\"\"><strong>Qualidade de imagem sem paralelo<\/strong>: Free Online Stable Diffusion 3 gera imagens que s\u00e3o compar\u00e1veis \u00e0s criadas por artistas profissionais.<\/li>\n\n\n\n<li class=\"\"><strong>Tempo eficiente<\/strong>: Esta tecnologia permite aos utilizadores criar imagens de alta qualidade numa quest\u00e3o de minutos, poupando tempo e esfor\u00e7o.<\/li>\n\n\n\n<li class=\"\"><strong>Rent\u00e1vel<\/strong>: Free Online Stable Diffusion 3 elimina a necessidade de contratar artistas profissionais ou de comprar software dispendioso.<\/li>\n<\/ul>\n\n\n\n<h3 class=\"wp-block-heading\" id=\"\ufffc-when-to-use-free-online-stable-diffusion-3\"><a href=\"https:\/\/dromerosm-groq-llama3.hf.space\/#fa570b08\" target=\"_blank\" rel=\"noopener\"><\/a>Quando utilizar a Difus\u00e3o Est\u00e1vel Online Gratuita 3<\/h3>\n\n\n\n<p class=\"\">Free Online Stable Diffusion 3 \u00e9 adequado para v\u00e1rios cen\u00e1rios, incluindo:<\/p>\n\n\n\n<ul class=\"wp-block-list\">\n<li class=\"\"><strong>Campanhas de marketing<\/strong>: Crie an\u00fancios apelativos e conte\u00fados para as redes sociais para captar a aten\u00e7\u00e3o do seu p\u00fablico-alvo.<\/li>\n\n\n\n<li class=\"\"><strong>Contar hist\u00f3rias<\/strong>: Utilize o Stable Diffusion 3 online gratuito para criar hist\u00f3rias completas, incluindo personagens, fundos e adere\u00e7os.<\/li>\n\n\n\n<li class=\"\"><strong>Educa\u00e7\u00e3o<\/strong>: Utilize esta tecnologia para criar conte\u00fados educativos interactivos e cativantes.<\/li>\n<\/ul>\n\n\n\n<h3 class=\"wp-block-heading\" id=\"\ufffc-who-can-benefit-from-free-online-stable-diffusion-3\"><a href=\"https:\/\/dromerosm-groq-llama3.hf.space\/#8a0a08f4\" target=\"_blank\" rel=\"noopener\"><\/a>Quem pode beneficiar da difus\u00e3o est\u00e1vel em linha gratuita 3<\/h3>\n\n\n\n<p class=\"\">O Stable Diffusion 3 online gratuito pode beneficiar v\u00e1rios indiv\u00edduos e ind\u00fastrias, incluindo:<\/p>\n\n\n\n<ul class=\"wp-block-list\">\n<li class=\"\"><strong>Profissionais de marketing<\/strong>: Criar imagens de alta qualidade para campanhas de marketing.<\/li>\n\n\n\n<li class=\"\"><strong>Artistas<\/strong>: Gerar inspira\u00e7\u00e3o para as suas obras de arte ou utiliz\u00e1-la como ferramenta para criar novas pe\u00e7as.<\/li>\n\n\n\n<li class=\"\"><strong>Educadores<\/strong>: Criar conte\u00fados educativos interactivos e cativantes.<\/li>\n<\/ul>\n\n\n\n<h3 class=\"wp-block-heading\" id=\"\ufffc-free-online-stable-diffusion-3-tools-and-resources\"><a href=\"https:\/\/dromerosm-groq-llama3.hf.space\/#d1f9532f\" target=\"_blank\" rel=\"noopener\"><\/a>Ferramentas e recursos online gratuitos para a difus\u00e3o est\u00e1vel 3<\/h3>\n\n\n\n<p class=\"\">Eis alguns recursos e ferramentas online que o podem ajudar a come\u00e7ar a trabalhar com a Difus\u00e3o Est\u00e1vel Online Gr\u00e1tis 3:<\/p>\n\n\n\n<figure class=\"wp-block-table\"><table class=\"has-fixed-layout\"><thead><tr><th>Recursos<\/th><th>Descri\u00e7\u00e3o<\/th><th>S\u00edtio Web<\/th><\/tr><\/thead><tbody><tr><td>AI Art gr\u00e1tis online<\/td><td>Uma plataforma que oferece um modelo de difus\u00e3o est\u00e1vel em linha gratuito 3<\/td><td><a href=\"https:\/\/aiartfree.online\/pt\/difusao-estavel-online-gratis-3\/\" target=\"_blank\" rel=\"noreferrer noopener\">https:\/\/aiartfree.online\/free-online-stable-diffusion-3<\/a><\/td><\/tr><tr><td>Difus\u00e3o est\u00e1vel 3 GitHub<\/td><td>O reposit\u00f3rio oficial do GitHub para o Stable Diffusion 3<\/td><td><a href=\"https:\/\/github.com\/stablediffusion\/stablediffusion-3\" target=\"_blank\" rel=\"noreferrer noopener\">https:\/\/github.com\/stablediffusion\/stablediffusion-3<\/a><\/td><\/tr><tr><td>Comunidade de arte gerada por IA<\/td><td>Uma comunidade que discute a arte gerada por IA e a Difus\u00e3o Est\u00e1vel 3<\/td><td><a href=\"https:\/\/www.ai-generated-art.com\/\" target=\"_blank\" rel=\"noreferrer noopener\">https:\/\/www.ai-generated-art.com\/<\/a><\/td><\/tr><tr><td>&#8230;<\/td><td>&#8230;<\/td><td>&#8230;<\/td><\/tr><\/tbody><\/table><\/figure>\n\n\n\n<p class=\"\"><strong>Vantagens:<\/strong><\/p>\n\n\n\n<ul class=\"wp-block-list\">\n<li class=\"\">Interface de f\u00e1cil utiliza\u00e7\u00e3o<\/li>\n\n\n\n<li class=\"\">Gera\u00e7\u00e3o de imagens de alta qualidade<\/li>\n\n\n\n<li class=\"\">Rent\u00e1vel<\/li>\n<\/ul>\n\n\n\n<p class=\"\"><strong>Desvantagens:<\/strong><\/p>\n\n\n\n<ul class=\"wp-block-list\">\n<li class=\"\">Op\u00e7\u00f5es de personaliza\u00e7\u00e3o limitadas<\/li>\n\n\n\n<li class=\"\">Requer conhecimentos t\u00e9cnicos<\/li>\n<\/ul>\n\n\n\n<p class=\"\"><strong>Desafios:<\/strong><\/p>\n\n\n\n<ul class=\"wp-block-list\">\n<li class=\"\">Garantir que as imagens geradas n\u00e3o s\u00e3o tendenciosas<\/li>\n\n\n\n<li class=\"\">Abordar quest\u00f5es de direitos de autor e de propriedade<\/li>\n<\/ul>\n\n\n\n<p class=\"\"><strong>Recomenda\u00e7\u00e3o:<\/strong><\/p>\n\n\n\n<p class=\"\">Com base na nossa investiga\u00e7\u00e3o, recomendamos a utiliza\u00e7\u00e3o de&nbsp;<a href=\"https:\/\/aiartfree.online\/pt\/difusao-estavel-online-gratis-3\/\" target=\"_blank\" rel=\"noreferrer noopener\">AI Art gr\u00e1tis online<\/a>&nbsp;pela sua interface de f\u00e1cil utiliza\u00e7\u00e3o e gera\u00e7\u00e3o de imagens de alta qualidade.<\/p>\n\n\n\n<h3 class=\"wp-block-heading\" id=\"\ufffcfaq-frequently-asked-questions-about-free-online-stable-diffusion-3\"><a href=\"https:\/\/dromerosm-groq-llama3.hf.space\/#5a006b1f\" target=\"_blank\" rel=\"noopener\"><\/a>FAQ: Perguntas frequentes sobre a difus\u00e3o est\u00e1vel em linha livre 3<\/h3>\n\n\n\n<p class=\"\">Eis algumas perguntas frequentes sobre a Difus\u00e3o Est\u00e1vel Online Gr\u00e1tis 3:<\/p>\n\n\n\n<p class=\"\"><strong>Q1: A utiliza\u00e7\u00e3o do Free Online Stable Diffusion 3 \u00e9 gratuita?<\/strong>&nbsp;A1: Sim, a utiliza\u00e7\u00e3o do Free Online Stable Diffusion 3 \u00e9 gratuita, com actualiza\u00e7\u00f5es opcionais pagas.<\/p>\n\n\n\n<p class=\"\"><strong>Q2: Posso utilizar o Free Online Stable Diffusion 3 para fins comerciais?<\/strong>&nbsp;A2: Sim, pode utilizar o Free Online Stable Diffusion 3 para fins comerciais, mas certifique-se de que cumpre os termos de utiliza\u00e7\u00e3o.<\/p>\n\n\n\n<p class=\"\"><strong>Q3: Quanto tempo \u00e9 necess\u00e1rio para gerar uma imagem utilizando a difus\u00e3o est\u00e1vel em linha gratuita 3?<\/strong>&nbsp;R3: O tempo de gera\u00e7\u00e3o depende da complexidade da imagem e dos recursos computacionais utilizados. Em m\u00e9dia, s\u00e3o necess\u00e1rios cerca de 1 a 5 minutos para gerar uma imagem.<\/p>\n\n\n\n<p class=\"\"><strong>P4: Posso personalizar as imagens geradas?<\/strong>&nbsp;A4: Sim, pode personalizar as imagens geradas utilizando v\u00e1rias ferramentas e t\u00e9cnicas, incluindo software de edi\u00e7\u00e3o e algoritmos de transfer\u00eancia de estilos.<\/p>\n\n\n\n<p class=\"\"><strong>Q5: O Free Online Stable Diffusion 3 \u00e9 adequado para principiantes?<\/strong>&nbsp;A5: Sim, o Free Online Stable Diffusion 3 \u00e9 adequado para principiantes, com uma interface intuitiva e dicas de ferramentas para o guiar atrav\u00e9s do processo.<\/p>\n\n\n\n<p class=\"\"><strong>Q6: Posso utilizar a difus\u00e3o est\u00e1vel em linha gratuita 3 para a cria\u00e7\u00e3o de v\u00eddeos?<\/strong>&nbsp;A6: Sim, o Free Online Stable Diffusion 3 pode ser utilizado para a cria\u00e7\u00e3o de v\u00eddeos, permitindo-lhe criar v\u00eddeos impressionantes com o m\u00ednimo de esfor\u00e7o.<\/p>\n\n\n\n<p class=\"\"><strong>Q7: Existem limita\u00e7\u00f5es \u00e0 utiliza\u00e7\u00e3o da Difus\u00e3o Est\u00e1vel em Linha Gratuita 3?<\/strong>&nbsp;R7: Sim, existem limita\u00e7\u00f5es \u00e0 utiliza\u00e7\u00e3o da Difus\u00e3o Est\u00e1vel Online Gratuita 3, incluindo op\u00e7\u00f5es de personaliza\u00e7\u00e3o limitadas e potenciais distor\u00e7\u00f5es nas imagens geradas.<\/p>\n\n\n\n<p class=\"\"><strong>Q8: Posso utilizar o Free Online Stable Diffusion 3 para contar hist\u00f3rias?<\/strong>&nbsp;R8: Sim, o Free Online Stable Diffusion 3 pode ser utilizado para contar hist\u00f3rias, permitindo criar hist\u00f3rias inteiras com personagens, fundos e adere\u00e7os.<\/p>\n\n\n\n<p class=\"\"><strong>Q9: O Free Online Stable Diffusion 3 \u00e9 adequado para o ensino?<\/strong>&nbsp;R9: Sim, o Free Online Stable Diffusion 3 \u00e9 adequado para a educa\u00e7\u00e3o, permitindo aos educadores criar conte\u00fados educativos interactivos e interessantes.<\/p>\n\n\n\n<p class=\"\"><strong>Q10: Como \u00e9 que come\u00e7o a utilizar o Stable Diffusion 3 online gratuito?<\/strong>&nbsp;R10: Para come\u00e7ar a utilizar o Stable Diffusion 3 online gratuito, basta visitar o s\u00edtio Web, registar uma conta e seguir os tutoriais e as orienta\u00e7\u00f5es fornecidas.<\/p>","protected":false},"excerpt":{"rendered":"<p>What our users made How to use the Free Free Online Stable Diffusion 3 * Feel free to try our examples below if you don&#8217;t have any thoughts in your mind Prompt Examples *&nbsp;Depending on your internet speed, loading the model may take a few seconds.* There will be caching during continuous generation, and the &#8230; <a title=\"Difus\u00e3o Est\u00e1vel Online Gr\u00e1tis 3\" class=\"read-more\" href=\"https:\/\/aiartfree.online\/pt\/difusao-estavel-online-gratis-3\/\" aria-label=\"Leia mais sobre Free Online Stable Diffusion 3\">Ler mais<\/a><\/p>","protected":false},"author":1,"featured_media":0,"parent":0,"menu_order":0,"comment_status":"open","ping_status":"closed","template":"","meta":{"nf_dc_page":"","footnotes":""},"class_list":["post-2888","page","type-page","status-publish"],"jetpack_sharing_enabled":true,"_links":{"self":[{"href":"https:\/\/aiartfree.online\/pt\/wp-json\/wp\/v2\/pages\/2888","targetHints":{"allow":["GET"]}}],"collection":[{"href":"https:\/\/aiartfree.online\/pt\/wp-json\/wp\/v2\/pages"}],"about":[{"href":"https:\/\/aiartfree.online\/pt\/wp-json\/wp\/v2\/types\/page"}],"author":[{"embeddable":true,"href":"https:\/\/aiartfree.online\/pt\/wp-json\/wp\/v2\/users\/1"}],"replies":[{"embeddable":true,"href":"https:\/\/aiartfree.online\/pt\/wp-json\/wp\/v2\/comments?post=2888"}],"version-history":[{"count":1,"href":"https:\/\/aiartfree.online\/pt\/wp-json\/wp\/v2\/pages\/2888\/revisions"}],"predecessor-version":[{"id":3592,"href":"https:\/\/aiartfree.online\/pt\/wp-json\/wp\/v2\/pages\/2888\/revisions\/3592"}],"wp:attachment":[{"href":"https:\/\/aiartfree.online\/pt\/wp-json\/wp\/v2\/media?parent=2888"}],"curies":[{"name":"wp","href":"https:\/\/api.w.org\/{rel}","templated":true}]}}