{"id":2887,"date":"2024-07-18T11:05:14","date_gmt":"2024-07-18T11:05:14","guid":{"rendered":"https:\/\/aiartfree.online\/?page_id=2887"},"modified":"2025-03-07T08:20:04","modified_gmt":"2025-03-07T08:20:04","slug":"free-online-midjourney","status":"publish","type":"page","link":"https:\/\/aiartfree.online\/pt\/viagem-de-meio-de-semana-online-gratis\/","title":{"rendered":"Viagem de meio percurso online gratuita"},"content":{"rendered":"<h2 class=\"wp-block-heading has-text-align-center\" id=\"what-our-users-made\">O que os nossos utilizadores fizeram<\/h2>\n\n\n\n<figure class=\"gb-block-image gb-block-image-1822da1f\"><img data-recalc-dims=\"1\" decoding=\"async\" loading=\"lazy\" width=\"1200\" height=\"763\" class=\"gb-image gb-image-1822da1f\" src=\"https:\/\/i0.wp.com\/aiartfree.online\/wp-content\/uploads\/2024\/08\/WX20240802-170918%402x.jpg?resize=1200%2C763&#038;ssl=1\" alt=\"O Midjourney \u00e9 uma ferramenta alimentada por IA que permite aos utilizadores gerar imagens a partir de instru\u00e7\u00f5es de texto. \u00c9 aqui que entra o Midjourney online gratuito. Sem limite, sem registo\" title=\"WX20240802-170918@2x\" srcset=\"https:\/\/i0.wp.com\/aiartfree.online\/wp-content\/uploads\/2024\/08\/WX20240802-170918%402x.jpg?w=1918&amp;ssl=1 1918w, https:\/\/i0.wp.com\/aiartfree.online\/wp-content\/uploads\/2024\/08\/WX20240802-170918%402x.jpg?resize=300%2C191&amp;ssl=1 300w, https:\/\/i0.wp.com\/aiartfree.online\/wp-content\/uploads\/2024\/08\/WX20240802-170918%402x.jpg?resize=1024%2C651&amp;ssl=1 1024w, https:\/\/i0.wp.com\/aiartfree.online\/wp-content\/uploads\/2024\/08\/WX20240802-170918%402x.jpg?resize=768%2C489&amp;ssl=1 768w, https:\/\/i0.wp.com\/aiartfree.online\/wp-content\/uploads\/2024\/08\/WX20240802-170918%402x.jpg?resize=1536%2C977&amp;ssl=1 1536w, https:\/\/i0.wp.com\/aiartfree.online\/wp-content\/uploads\/2024\/08\/WX20240802-170918%402x.jpg?resize=18%2C12&amp;ssl=1 18w, https:\/\/i0.wp.com\/aiartfree.online\/wp-content\/uploads\/2024\/08\/WX20240802-170918%402x.jpg?resize=600%2C382&amp;ssl=1 600w\" sizes=\"auto, (max-width: 1200px) 100vw, 1200px\" \/><\/figure>\n\n\n\n<h2 class=\"wp-block-heading\" id=\"how-to-use-the-free-online-midjourney\">Como utilizar a Jornada M\u00e9dia em Linha Gratuita<\/h2>\n\n\n\n<ol class=\"wp-block-list\">\n<li class=\"\">Introduza os seus prompts<\/li>\n\n\n\n<li class=\"\">Clique em \"Gerar\"<\/li>\n\n\n\n<li class=\"\">Espera, \u00e9 isso mesmo!<\/li>\n<\/ol>\n\n\n\n<p class=\"\">* Se n\u00e3o tiver nenhuma ideia, n\u00e3o hesite em experimentar os nossos exemplos abaixo<\/p>\n\n\n\n<h3 class=\"wp-block-heading\" id=\"prompt-examples\">Exemplos de avisos<\/h3>\n\n\n\n<ol style=\"font-size:16px\" class=\"wp-block-list\">\n<li class=\"\">ilustra\u00e7\u00e3o de banda desenhada de cortar a respira\u00e7\u00e3o, altamente detalhada, de morgan freeman a conduzir uma mota harley davidson, sombria e corajosa<\/li>\n\n\n\n<li class=\"\">ilustra\u00e7\u00e3o de novela gr\u00e1fica de cortar a respira\u00e7\u00e3o No meio da vasta extens\u00e3o de uma nebulosa, um astronauta solit\u00e1rio flutua, amarrado a uma nave estelar luminosa. Os gases radiantes da nebulosa dan\u00e7am \u00e0 sua volta, reflectindo cores vibrantes no fato, criando um ballet de luz e movimento.<\/li>\n\n\n\n<li class=\"\">Ilustra\u00e7\u00e3o de uma novela gr\u00e1fica de cortar a respira\u00e7\u00e3o Numa encruzilhada de um deserto p\u00f3s-apocal\u00edtico, um vagabundo com uma guitarra feita de sucata canta contos do velho mundo. Criaturas mutantes re\u00fanem-se \u00e0 volta da fogueira, com os olhos cheios de saudade.<\/li>\n\n\n\n<li class=\"\">Ilustra\u00e7\u00e3o de uma novela gr\u00e1fica de cortar a respira\u00e7\u00e3o de uma crian\u00e7a que persegue borboletas coloridas num prado vibrante.<\/li>\n\n\n\n<li class=\"\">ilustra\u00e7\u00e3o de novela gr\u00e1fica de tirar o f\u00f4lego Numa praia onde as ondas s\u00e3o tecidas com hist\u00f3rias, um contador de hist\u00f3rias com um tear de luar cria contos a partir das mar\u00e9s. As conchas sussurram lendas, e o horizonte \u00e9 uma tape\u00e7aria de aventuras ainda por contar.<\/li>\n\n\n\n<li class=\"\">Ilustra\u00e7\u00e3o de banda desenhada de cortar a respira\u00e7\u00e3o de um falc\u00e3o a voar sobre um deserto, \u00e0 procura de uma presa.<\/li>\n\n\n\n<li class=\"\">ilustra\u00e7\u00e3o de novela gr\u00e1fica de tirar o f\u00f4lego Nas profundezas do c\u00edrculo \u00e1rtico, uma aurora pinta o c\u00e9u com tons vibrantes de verde, rosa e roxo. A neve reflecte esta dan\u00e7a de luzes e o mundo \u00e9 envolvido por uma hipnotizante sinfonia de cores.<\/li>\n\n\n\n<li class=\"\">Ilustra\u00e7\u00e3o de uma novela gr\u00e1fica de cortar a respira\u00e7\u00e3o de um tatuador a fazer um desenho intrincado nas costas de um cliente.<\/li>\n\n\n\n<li class=\"\">Ilustra\u00e7\u00e3o de uma novela gr\u00e1fica de cortar a respira\u00e7\u00e3o de uma mulher, envolta em sedas coloridas, a ler cartas de tarot numa tenda iluminada por velas.<\/li>\n\n\n\n<li class=\"\">Ilustra\u00e7\u00e3o de banda desenhada de cortar a respira\u00e7\u00e3o de dois espele\u00f3logos que mapeiam uma caverna profunda, com tochas a iluminar o caminho.<\/li>\n<\/ol>\n\n\n\n<figure class=\"gb-block-image gb-block-image-032aac41\"><a href=\"https:\/\/fas.st\/t\/9U4PYbm7\" target=\"_blank\" rel=\"noopener noreferrer\"><img data-recalc-dims=\"1\" decoding=\"async\" loading=\"lazy\" width=\"1200\" height=\"365\" class=\"gb-image gb-image-032aac41\" src=\"https:\/\/i0.wp.com\/aiartfree.online\/wp-content\/uploads\/2025\/03\/WX20250307-115412%402x.webp?resize=1200%2C365&#038;ssl=1\" alt=\"\" title=\"WX20250307-115412@2x\" srcset=\"https:\/\/i0.wp.com\/aiartfree.online\/wp-content\/uploads\/2025\/03\/WX20250307-115412%402x.webp?w=1942&amp;ssl=1 1942w, https:\/\/i0.wp.com\/aiartfree.online\/wp-content\/uploads\/2025\/03\/WX20250307-115412%402x.webp?resize=300%2C91&amp;ssl=1 300w, https:\/\/i0.wp.com\/aiartfree.online\/wp-content\/uploads\/2025\/03\/WX20250307-115412%402x.webp?resize=1024%2C312&amp;ssl=1 1024w, https:\/\/i0.wp.com\/aiartfree.online\/wp-content\/uploads\/2025\/03\/WX20250307-115412%402x.webp?resize=768%2C234&amp;ssl=1 768w, https:\/\/i0.wp.com\/aiartfree.online\/wp-content\/uploads\/2025\/03\/WX20250307-115412%402x.webp?resize=1536%2C467&amp;ssl=1 1536w, https:\/\/i0.wp.com\/aiartfree.online\/wp-content\/uploads\/2025\/03\/WX20250307-115412%402x.webp?resize=18%2C5&amp;ssl=1 18w, https:\/\/i0.wp.com\/aiartfree.online\/wp-content\/uploads\/2025\/03\/WX20250307-115412%402x.webp?resize=600%2C183&amp;ssl=1 600w\" sizes=\"auto, (max-width: 1200px) 100vw, 1200px\" \/><\/a><\/figure>\n\n\n\n<p class=\"\"><em>* Dependendo da velocidade da sua Internet, o carregamento do modelo pode demorar alguns segundos.<br>* Durante a gera\u00e7\u00e3o cont\u00ednua, haver\u00e1 armazenamento em cache e a nova imagem aparecer\u00e1 ap\u00f3s cerca de 3 segundos.<\/em><\/p>\n\n\n\n<div class=\"iframe-wrapper\" style=\"position: relative; width: 100%; height: 1230px;\">\n  <div class=\"loading\" style=\"position: absolute; top: 50px; left: 50%; transform: translate(-50%, -50%); width: 40px; height: 40px; border: 3px solid #f0f0f0; border-top: 3px solid #db7093; border-radius: 50%; animation: spin 1s linear infinite;\"><\/div>\n  <iframe loading=\"lazy\" src=\"https:\/\/predatortoabuse-realistic-image-generator-model.static.hf.space\" frameborder=\"0\" width=\"100%\" height=\"100%\" style=\"position: absolute; top: 0; left: 0; opacity: 0; transition: opacity 0.3s;\" onload=\"this.style.opacity=1;this.previousElementSibling.style.display='none';\"><\/iframe>\n<\/div>\n\n<style>\n@keyframes spin {\n  0% { transform: translate(-50%, -50%) rotate(0deg); }\n  100% { transform: translate(-50%, -50%) rotate(360deg); }\n}\n<\/style>\n\n\n\n<div style=\"height:100px\" aria-hidden=\"true\" class=\"wp-block-spacer\"><\/div>\n\n\n\n<h2 class=\"wp-block-heading\" id=\"introduction-of-free-online-midjourney\"><strong>Introdu\u00e7\u00e3o da jornada interm\u00e9dia em linha gratuita<\/strong><\/h2>\n\n\n\n<p class=\"\">Midjourney \u00e9 uma ferramenta alimentada por IA que permite aos utilizadores gerar imagens a partir de instru\u00e7\u00f5es de texto. Com o aumento da arte gerada por IA, o Midjourney tornou-se uma ferramenta popular entre os criativos e os entusiastas da arte. No entanto, nem toda a gente pode pagar pelo servi\u00e7o. \u00c9 aqui que entra o Midjourney online gratuito. Neste artigo, vamos explorar o que \u00e9 o Midjourney online gratuito, porque deve utiliz\u00e1-lo, quais as suas vantagens, quando utiliz\u00e1-lo e quem pode beneficiar dele. Tamb\u00e9m analisaremos algumas das melhores ferramentas e sites de Midjourney online gratuitos, os seus pr\u00f3s e contras, e responderemos a algumas perguntas frequentes.<\/p>\n\n\n\n<div class=\"wp-block-rank-math-toc-block\" id=\"rank-math-toc\"><h3>\u00cdndice<\/h3><nav><ul><li><a href=\"#prompt-examples\">Exemplos de avisos<\/a><\/li><li><a href=\"#\ufffc-what-is-free-online-midjourney\">O que \u00e9 a Jornada Gratuita Online?<\/a><\/li><li><a href=\"#\ufffc-why-use-free-online-midjourney\">Porqu\u00ea utilizar o Midjourney online gratuito?<\/a><\/li><li><a href=\"#\ufffc-benefits-of-using-free-online-midjourney\">Vantagens de utilizar o Midjourney online gratuito<\/a><ul><li><a href=\"#\ufffc-1-cost-effective\">\ufffc1. Custo-eficaz<\/a><\/li><li><a href=\"#\ufffc-2-experimentation\">\ufffc2. Experimenta\u00e7\u00e3o<\/a><\/li><li><a href=\"#\ufffc-3-accessibility\">\ufffc3. Acessibilidade<\/a><\/li><\/ul><\/li><li><a href=\"#\ufffc-when-to-use-free-online-midjourney\">\ufffcQuando utilizar a meia-jornada online gratuita<\/a><\/li><li><a href=\"#\ufffc-who-can-benefit-from-free-online-midjourney\">\ufffcQuem pode beneficiar de uma viagem de estudo em linha gratuita<\/a><ul><li><a href=\"#\ufffc-1-creatives\">\ufffc1. Criativos<\/a><\/li><li><a href=\"#\ufffc-2-students\">\ufffc2. Estudantes<\/a><\/li><li><a href=\"#\ufffc-3-hobbyists\">\ufffc3. Hobbyistas<\/a><\/li><\/ul><\/li><li><a href=\"#\ufffc-free-online-midjourney-tools-and-websites\">Ferramentas e s\u00edtios Web gratuitos em linha para a meia-viagem<\/a><\/li><li><a href=\"#\ufffc-pros-and-cons-of-free-online-midjourney-tools-and-websites\">Pr\u00f3s e contras das ferramentas e s\u00edtios Web gratuitos para a meia-jornada online<\/a><\/li><li><a href=\"#\ufffc-top-recommendation\">\ufffcRecomenda\u00e7\u00e3o principal<\/a><\/li><li><a href=\"#\ufffcfaq\">\ufffcFAQ<\/a><ul><li><a href=\"#\ufffc-1-is-free-online-midjourney-safe-to-use\">\ufffc1. \u00c9 seguro utilizar o Midjourney online gratuito?<\/a><\/li><li><a href=\"#\ufffc-2-can-i-use-free-online-midjourney-for-commercial-purposes\">\ufffc2. Posso utilizar o Midjourney online gratuito para fins comerciais?<\/a><\/li><\/ul><\/li><li><a href=\"#\ufffc-3-how-do-i-use-free-online-midjourney\">\ufffc3. Como \u00e9 que utilizo o Midjourney online gratuito?<\/a><\/li><\/ul><\/nav><\/div>\n\n\n\n<h3 class=\"wp-block-heading\" id=\"\ufffc-what-is-free-online-midjourney\"><a href=\"https:\/\/dromerosm-groq-llama3.hf.space\/#what-is-free-online-midjourney\" target=\"_blank\" rel=\"noopener\"><\/a><strong>O que \u00e9 o Free Online Midjourney?<\/strong><\/h3>\n\n\n\n<p class=\"\">A Midjourney online gratuita \u00e9 uma plataforma baseada na Web que permite aos utilizadores aceder gratuitamente \u00e0s capacidades de gera\u00e7\u00e3o de imagens baseadas em IA da Midjourney. Estas plataformas n\u00e3o exigem que os utilizadores paguem uma taxa de subscri\u00e7\u00e3o ou qualquer outra forma de pagamento para utilizar o servi\u00e7o.<\/p>\n\n\n\n<h3 class=\"wp-block-heading\" id=\"\ufffc-why-use-free-online-midjourney\"><a href=\"https:\/\/dromerosm-groq-llama3.hf.space\/#why-use-free-online-midjourney\" target=\"_blank\" rel=\"noopener\"><\/a><strong>Porqu\u00ea utilizar o Midjourney online gratuito?<\/strong><\/h3>\n\n\n\n<p class=\"\">O Midjourney online gratuito \u00e9 uma \u00f3ptima op\u00e7\u00e3o para quem quer experimentar arte gerada por IA sem gastar muito. Permite que os utilizadores experimentem diferentes sugest\u00f5es de texto, experimentem diferentes estilos e criem imagens \u00fanicas sem incorrer em quaisquer custos.<\/p>\n\n\n\n<h3 class=\"wp-block-heading\" id=\"\ufffc-benefits-of-using-free-online-midjourney\"><a href=\"https:\/\/dromerosm-groq-llama3.hf.space\/#benefits-of-using-free-online-midjourney\" target=\"_blank\" rel=\"noopener\"><\/a><strong>Vantagens da utiliza\u00e7\u00e3o do Midjourney online gratuito<\/strong><\/h3>\n\n\n\n<h4 class=\"wp-block-heading\" id=\"\ufffc-1-cost-effective\"><a href=\"https:\/\/dromerosm-groq-llama3.hf.space\/#1-cost-effective\" target=\"_blank\" rel=\"noopener\"><\/a>1. Custo-eficaz<\/h4>\n\n\n\n<p class=\"\">O Midjourney online gratuito \u00e9 uma op\u00e7\u00e3o econ\u00f3mica para quem pretende aceder \u00e0s capacidades de gera\u00e7\u00e3o de imagens com base em IA do Midjourney sem pagar uma taxa de subscri\u00e7\u00e3o.<\/p>\n\n\n\n<h4 class=\"wp-block-heading\" id=\"\ufffc-2-experimentation\"><a href=\"https:\/\/dromerosm-groq-llama3.hf.space\/#c8062562\" target=\"_blank\" rel=\"noopener\"><\/a>2. Experimenta\u00e7\u00e3o<\/h4>\n\n\n\n<p class=\"\">O Midjourney online gratuito permite aos utilizadores experimentar diferentes sugest\u00f5es de texto, estilos e imagens sem incorrer em quaisquer custos.<\/p>\n\n\n\n<h4 class=\"wp-block-heading\" id=\"\ufffc-3-accessibility\"><a href=\"https:\/\/dromerosm-groq-llama3.hf.space\/#3-accessibility\" target=\"_blank\" rel=\"noopener\"><\/a>3. Acessibilidade<\/h4>\n\n\n\n<p class=\"\">A Midjourney em linha gratuita torna a arte gerada por IA acess\u00edvel a todos, independentemente do seu n\u00edvel de rendimento ou localiza\u00e7\u00e3o.<\/p>\n\n\n\n<h3 class=\"wp-block-heading\" id=\"\ufffc-when-to-use-free-online-midjourney\"><a href=\"https:\/\/dromerosm-groq-llama3.hf.space\/#when-to-use-free-online-midjourney\" target=\"_blank\" rel=\"noopener\"><\/a><strong>Quando utilizar a viagem de estudo em linha gratuita<\/strong><\/h3>\n\n\n\n<p class=\"\">A Midjourney online gratuita \u00e9 adequada para quem quer experimentar arte gerada por IA, para criativos que querem experimentar novas ideias e para estudantes que querem aprender sobre a gera\u00e7\u00e3o de imagens com base em IA.<\/p>\n\n\n\n<h3 class=\"wp-block-heading\" id=\"\ufffc-who-can-benefit-from-free-online-midjourney\"><a href=\"https:\/\/dromerosm-groq-llama3.hf.space\/#who-can-benefit-from-free-online-midjourney\" target=\"_blank\" rel=\"noopener\"><\/a><strong>Quem pode beneficiar de uma viagem de estudo em linha gratuita<\/strong><\/h3>\n\n\n\n<p class=\"\">O Midjourney online gratuito \u00e9 adequado para:<\/p>\n\n\n\n<h4 class=\"wp-block-heading\" id=\"\ufffc-1-creatives\"><a href=\"https:\/\/dromerosm-groq-llama3.hf.space\/#765b3dbc\" target=\"_blank\" rel=\"noopener\"><\/a>1. Criativos<\/h4>\n\n\n\n<p class=\"\">O Midjourney online gratuito \u00e9 uma \u00f3ptima op\u00e7\u00e3o para os criativos que querem experimentar novas ideias e criar imagens \u00fanicas.<\/p>\n\n\n\n<h4 class=\"wp-block-heading\" id=\"\ufffc-2-students\"><a href=\"https:\/\/dromerosm-groq-llama3.hf.space\/#c65bfb05\" target=\"_blank\" rel=\"noopener\"><\/a>2. Estudantes<\/h4>\n\n\n\n<p class=\"\">Os estudantes que pretendam aprender sobre a gera\u00e7\u00e3o de imagens com base em IA podem beneficiar da utiliza\u00e7\u00e3o da Midjourney em linha gratuita.<\/p>\n\n\n\n<h4 class=\"wp-block-heading\" id=\"\ufffc-3-hobbyists\"><a href=\"https:\/\/dromerosm-groq-llama3.hf.space\/#147c273b\" target=\"_blank\" rel=\"noopener\"><\/a>3. Hobbyistas<\/h4>\n\n\n\n<p class=\"\">Os amadores que queiram experimentar arte gerada por IA sem incorrer em quaisquer custos podem beneficiar da utiliza\u00e7\u00e3o do Midjourney online gratuito.<\/p>\n\n\n\n<h3 class=\"wp-block-heading\" id=\"\ufffc-free-online-midjourney-tools-and-websites\"><a href=\"https:\/\/dromerosm-groq-llama3.hf.space\/#free-online-midjourney-tools-and-websites\" target=\"_blank\" rel=\"noopener\"><\/a><strong>Ferramentas e s\u00edtios Web gratuitos em linha para a meia-idade<\/strong><\/h3>\n\n\n\n<p class=\"\">Aqui est\u00e3o algumas das melhores ferramentas e s\u00edtios Web gratuitos para a Jornada Intercalar:<\/p>\n\n\n\n<figure class=\"wp-block-table\"><table class=\"has-fixed-layout\"><thead><tr><th>S\u00edtio Web<\/th><th>Descri\u00e7\u00e3o<\/th><\/tr><\/thead><tbody><tr><td><a href=\"https:\/\/aiartfree.online\/pt\/viagem-de-meio-de-semana-online-gratis\/\" target=\"_blank\" rel=\"noreferrer noopener\">AI Art gr\u00e1tis online<\/a><\/td><td>O AI Art Free Online \u00e9 uma ferramenta Midjourney online gratuita que permite aos utilizadores gerar imagens a partir de instru\u00e7\u00f5es de texto.<\/td><\/tr><tr><td><a href=\"https:\/\/deepdreamgenerator.com\/\" target=\"_blank\" rel=\"noreferrer noopener\">Gerador de sonhos profundos<\/a><\/td><td>O Deep Dream Generator \u00e9 uma ferramenta de Midjourney online e gratuita que utiliza uma rede neuronal para gerar imagens a partir de mensagens de texto.<\/td><\/tr><tr><td><a href=\"https:\/\/www.artbreeder.com\/\" target=\"_blank\" rel=\"noreferrer noopener\">Artbreeder<\/a><\/td><td>Artbreeder \u00e9 uma plataforma em linha gratuita que permite aos utilizadores gerar obras de arte originais utilizando uma combina\u00e7\u00e3o de IA e de dados do utilizador.<\/td><\/tr><tr><td><a href=\"https:\/\/prism.app\/\" target=\"_blank\" rel=\"noreferrer noopener\">Prisma<\/a><\/td><td>O Prism \u00e9 uma ferramenta de Midjourney em linha gratuita que utiliza a IA para gerar imagens a partir de instru\u00e7\u00f5es de texto.<\/td><\/tr><tr><td><a href=\"https:\/\/mydeepart.com\/\" target=\"_blank\" rel=\"noreferrer noopener\">MyDeepArt<\/a><\/td><td>MyDeepArt \u00e9 uma ferramenta de Midjourney online gratuita que permite aos utilizadores gerar imagens a partir de instru\u00e7\u00f5es de texto.<\/td><\/tr><\/tbody><\/table><\/figure>\n\n\n\n<h3 class=\"wp-block-heading\" id=\"\ufffc-pros-and-cons-of-free-online-midjourney-tools-and-websites\"><a href=\"https:\/\/dromerosm-groq-llama3.hf.space\/#pros-and-cons-of-free-online-midjourney-tools-and-websites\" target=\"_blank\" rel=\"noopener\"><\/a><strong>Pr\u00f3s e contras das ferramentas e dos s\u00edtios Web gratuitos de mediania em linha<\/strong><\/h3>\n\n\n\n<figure class=\"wp-block-table\"><table class=\"has-fixed-layout\"><thead><tr><th>S\u00edtio Web<\/th><th>Pr\u00f3s<\/th><th>Contras<\/th><\/tr><\/thead><tbody><tr><td>AI Art gr\u00e1tis online<\/td><td>Econ\u00f3mica e f\u00e1cil de utilizar<\/td><td>Caracter\u00edsticas limitadas<\/td><\/tr><tr><td>Gerador de sonhos profundos<\/td><td>Gera imagens de alta qualidade, f\u00e1cil de utilizar<\/td><td>Op\u00e7\u00f5es de personaliza\u00e7\u00e3o limitadas<\/td><\/tr><tr><td>Artbreeder<\/td><td>Permite um elevado n\u00edvel de personaliza\u00e7\u00e3o, gera imagens \u00fanicas<\/td><td>Curva de aprendizagem acentuada<\/td><\/tr><tr><td>Prisma<\/td><td>Tempo de processamento r\u00e1pido, imagens de alta qualidade<\/td><td>Caracter\u00edsticas limitadas<\/td><\/tr><tr><td>MyDeepArt<\/td><td>Gera imagens de alta qualidade, f\u00e1cil de utilizar<\/td><td>Op\u00e7\u00f5es de personaliza\u00e7\u00e3o limitadas<\/td><\/tr><\/tbody><\/table><\/figure>\n\n\n\n<h3 class=\"wp-block-heading\" id=\"\ufffc-top-recommendation\"><a href=\"https:\/\/dromerosm-groq-llama3.hf.space\/#top-recommendation\" target=\"_blank\" rel=\"noopener\"><\/a><strong>Recomenda\u00e7\u00e3o de topo<\/strong><\/h3>\n\n\n\n<p class=\"\">Com base na nossa investiga\u00e7\u00e3o, recomendamos vivamente&nbsp;<a href=\"https:\/\/aiartfree.online\/pt\/viagem-de-meio-de-semana-online-gratis\/\" target=\"_blank\" rel=\"noreferrer noopener\">AI Art gr\u00e1tis online<\/a>&nbsp;pela sua facilidade de utiliza\u00e7\u00e3o, rentabilidade e imagens de alta qualidade.<\/p>\n\n\n\n<h3 class=\"wp-block-heading\" id=\"\ufffcfaq\"><a href=\"https:\/\/dromerosm-groq-llama3.hf.space\/#faq\" target=\"_blank\" rel=\"noopener\"><\/a><strong>FAQ<\/strong><\/h3>\n\n\n\n<p class=\"\">Eis algumas perguntas frequentes sobre o Midjourney online gratuito:<\/p>\n\n\n\n<h4 class=\"wp-block-heading\" id=\"\ufffc-1-is-free-online-midjourney-safe-to-use\"><a href=\"https:\/\/dromerosm-groq-llama3.hf.space\/#f3b6b435\" target=\"_blank\" rel=\"noopener\"><\/a>1. \u00c9 seguro utilizar o Midjourney online gratuito?<\/h4>\n\n\n\n<p class=\"\">Sim, o Midjourney online gratuito \u00e9 seguro de utilizar. No entanto, \u00e9 sempre uma boa ideia ler os termos e condi\u00e7\u00f5es de cada s\u00edtio Web antes de utilizar os seus servi\u00e7os.<\/p>\n\n\n\n<h4 class=\"wp-block-heading\" id=\"\ufffc-2-can-i-use-free-online-midjourney-for-commercial-purposes\"><a href=\"https:\/\/dromerosm-groq-llama3.hf.space\/#a6471d09\" target=\"_blank\" rel=\"noopener\"><\/a>2. Posso utilizar o Midjourney online gratuito para fins comerciais?<\/h4>\n\n\n\n<p class=\"\">Algumas ferramentas e s\u00edtios Web de Midjourney online gratuitos permitem a utiliza\u00e7\u00e3o comercial, enquanto outros n\u00e3o. Certifique-se de que verifica os termos e condi\u00e7\u00f5es de cada s\u00edtio Web antes de utilizar os seus servi\u00e7os para fins comerciais.<\/p>\n\n\n\n<h3 class=\"wp-block-heading\" id=\"\ufffc-3-how-do-i-use-free-online-midjourney\"><a href=\"https:\/\/dromerosm-groq-llama3.hf.space\/#e4d0e51e\" target=\"_blank\" rel=\"noopener\"><\/a>3. Como \u00e9 que utilizo o Midjourney online gratuito?<\/h3>\n\n\n\n<p class=\"\">Utilizar o Midjourney online gratuito \u00e9 simples. Basta aceder ao s\u00edtio Web, introduzir o seu texto e clicar em gerar. Pode ent\u00e3o descarregar a imagem gerada ou utiliz\u00e1-la para o fim pretendido.<\/p>\n\n\n\n<p class=\"\">Aqui est\u00e3o 10 s\u00edtios Web que fornecem as informa\u00e7\u00f5es mais recentes sobre o Midjourney online gratuito:<\/p>\n\n\n\n<ol class=\"wp-block-list\">\n<li class=\"\"><a href=\"https:\/\/aiartfree.online\/pt\/viagem-de-meio-de-semana-online-gratis\/\" target=\"_blank\" rel=\"noreferrer noopener\">AI Art gr\u00e1tis online<\/a>&nbsp;- O AI Art Free Online fornece uma ferramenta Midjourney em linha gratuita que gera imagens a partir de sugest\u00f5es de texto.<\/li>\n\n\n\n<li class=\"\"><a href=\"https:\/\/deepdreamgenerator.com\/\" target=\"_blank\" rel=\"noreferrer noopener\">Gerador de sonhos profundos<\/a>&nbsp;- O Deep Dream Generator utiliza uma rede neuronal para gerar imagens a partir de mensagens de texto.<\/li>\n\n\n\n<li class=\"\"><a href=\"https:\/\/www.artbreeder.com\/\" target=\"_blank\" rel=\"noreferrer noopener\">Artbreeder<\/a>&nbsp;- Artbreeder \u00e9 uma plataforma em linha gratuita que permite aos utilizadores gerar obras de arte originais utilizando uma combina\u00e7\u00e3o de IA e de dados do utilizador.<\/li>\n\n\n\n<li class=\"\"><a href=\"https:\/\/prism.app\/\" target=\"_blank\" rel=\"noreferrer noopener\">Prisma<\/a>&nbsp;- O Prism \u00e9 uma ferramenta de Midjourney em linha gratuita que utiliza a IA para gerar imagens a partir de instru\u00e7\u00f5es de texto.<\/li>\n\n\n\n<li class=\"\"><a href=\"https:\/\/mydeepart.com\/\" target=\"_blank\" rel=\"noreferrer noopener\">MyDeepArt<\/a>&nbsp;- MyDeepArt \u00e9 uma ferramenta de Midjourney em linha gratuita que permite aos utilizadores gerar imagens a partir de instru\u00e7\u00f5es de texto.<\/li>\n\n\n\n<li class=\"\"><a href=\"https:\/\/midjourney.com\/\" target=\"_blank\" rel=\"noreferrer noopener\">Meio da viagem<\/a>&nbsp;- Midjourney \u00e9 uma plataforma de gera\u00e7\u00e3o de imagens baseada em IA que oferece um teste gratuito.<\/li>\n\n\n\n<li class=\"\"><a href=\"https:\/\/techcrunch.com\/\" target=\"_blank\" rel=\"noreferrer noopener\">TechCrunch<\/a>&nbsp;- O TechCrunch fornece as \u00faltimas not\u00edcias e actualiza\u00e7\u00f5es sobre arte gerada por IA e ferramentas de Midjourney online gratuitas.<\/li>\n\n\n\n<li class=\"\"><a href=\"https:\/\/www.theverge.com\/\" target=\"_blank\" rel=\"noreferrer noopener\">O Verge<\/a>&nbsp;- The Verge fornece as \u00faltimas not\u00edcias e actualiza\u00e7\u00f5es sobre arte gerada por IA e ferramentas de Midjourney online gratuitas.<\/li>\n\n\n\n<li class=\"\"><a href=\"https:\/\/news.artnet.com\/\" target=\"_blank\" rel=\"noreferrer noopener\">Artnet<\/a>&nbsp;- A Artnet fornece as \u00faltimas not\u00edcias e actualiza\u00e7\u00f5es sobre arte gerada por IA e ferramentas Midjourney em linha gratuitas.<\/li>\n\n\n\n<li class=\"\"><a href=\"https:\/\/aitimejournal.com\/\" target=\"_blank\" rel=\"noreferrer noopener\">Di\u00e1rio do tempo da IA<\/a>&nbsp;- O AI Time Journal fornece as \u00faltimas not\u00edcias e actualiza\u00e7\u00f5es sobre arte gerada por IA e ferramentas de Midjourney online gratuitas.<\/li>\n<\/ol>","protected":false},"excerpt":{"rendered":"<p>What our users made How to use the Free Online Midjourney * Feel free to try our examples below if you don&#8217;t have any thoughts in your mind Prompt Examples *&nbsp;Depending on your internet speed, loading the model may take a few seconds.* There will be caching during continuous generation, and the new image will &#8230; <a title=\"Viagem de meio percurso online gratuita\" class=\"read-more\" href=\"https:\/\/aiartfree.online\/pt\/viagem-de-meio-de-semana-online-gratis\/\" aria-label=\"Leia mais sobre Free Online Midjourney\">Ler mais<\/a><\/p>","protected":false},"author":1,"featured_media":3528,"parent":0,"menu_order":0,"comment_status":"open","ping_status":"closed","template":"","meta":{"nf_dc_page":"","footnotes":""},"class_list":["post-2887","page","type-page","status-publish","has-post-thumbnail"],"jetpack_sharing_enabled":true,"_links":{"self":[{"href":"https:\/\/aiartfree.online\/pt\/wp-json\/wp\/v2\/pages\/2887","targetHints":{"allow":["GET"]}}],"collection":[{"href":"https:\/\/aiartfree.online\/pt\/wp-json\/wp\/v2\/pages"}],"about":[{"href":"https:\/\/aiartfree.online\/pt\/wp-json\/wp\/v2\/types\/page"}],"author":[{"embeddable":true,"href":"https:\/\/aiartfree.online\/pt\/wp-json\/wp\/v2\/users\/1"}],"replies":[{"embeddable":true,"href":"https:\/\/aiartfree.online\/pt\/wp-json\/wp\/v2\/comments?post=2887"}],"version-history":[{"count":2,"href":"https:\/\/aiartfree.online\/pt\/wp-json\/wp\/v2\/pages\/2887\/revisions"}],"predecessor-version":[{"id":3599,"href":"https:\/\/aiartfree.online\/pt\/wp-json\/wp\/v2\/pages\/2887\/revisions\/3599"}],"wp:featuredmedia":[{"embeddable":true,"href":"https:\/\/aiartfree.online\/pt\/wp-json\/wp\/v2\/media\/3528"}],"wp:attachment":[{"href":"https:\/\/aiartfree.online\/pt\/wp-json\/wp\/v2\/media?parent=2887"}],"curies":[{"name":"wp","href":"https:\/\/api.w.org\/{rel}","templated":true}]}}