{"id":2876,"date":"2024-07-17T14:02:17","date_gmt":"2024-07-17T14:02:17","guid":{"rendered":"https:\/\/aiartfree.online\/?page_id=2876"},"modified":"2025-03-07T08:07:03","modified_gmt":"2025-03-07T08:07:03","slug":"anime-ai-generator","status":"publish","type":"page","link":"https:\/\/aiartfree.online\/pt\/gerador-de-anime-ai\/","title":{"rendered":"Gerador de IA de anime"},"content":{"rendered":"<h2 class=\"wp-block-heading has-text-align-center\">Antes e depois<\/h2>\n\n\n\n<figure class=\"gb-block-image gb-block-image-1822da1f\"><img data-recalc-dims=\"1\" decoding=\"async\" loading=\"lazy\" width=\"300\" height=\"179\" class=\"gb-image gb-image-1822da1f\" src=\"https:\/\/i0.wp.com\/aiartfree.online\/wp-content\/uploads\/2024\/07\/WX20240719-123748%402x.jpg?resize=300%2C179&#038;ssl=1\" alt=\"anime-ai-generator\/\" title=\"WX20240719-123748@2x\" srcset=\"https:\/\/i0.wp.com\/aiartfree.online\/wp-content\/uploads\/2024\/07\/WX20240719-123748%402x.jpg?resize=300%2C179&amp;ssl=1 300w, https:\/\/i0.wp.com\/aiartfree.online\/wp-content\/uploads\/2024\/07\/WX20240719-123748%402x.jpg?resize=1024%2C613&amp;ssl=1 1024w, https:\/\/i0.wp.com\/aiartfree.online\/wp-content\/uploads\/2024\/07\/WX20240719-123748%402x.jpg?resize=768%2C459&amp;ssl=1 768w, https:\/\/i0.wp.com\/aiartfree.online\/wp-content\/uploads\/2024\/07\/WX20240719-123748%402x.jpg?resize=18%2C12&amp;ssl=1 18w, https:\/\/i0.wp.com\/aiartfree.online\/wp-content\/uploads\/2024\/07\/WX20240719-123748%402x.jpg?resize=600%2C359&amp;ssl=1 600w, https:\/\/i0.wp.com\/aiartfree.online\/wp-content\/uploads\/2024\/07\/WX20240719-123748%402x.jpg?w=1314&amp;ssl=1 1314w\" sizes=\"auto, (max-width: 300px) 100vw, 300px\" \/><\/figure>\n\n\n\n<h2 class=\"wp-block-heading\">Como utilizar o Anime AI Generator<\/h2>\n\n\n\n<ol class=\"wp-block-list\">\n<li class=\"\">Introduza a sua pergunta ou seleccione um dos Exemplos de perguntas<\/li>\n\n\n\n<li class=\"\">Clique em \"Gerar\"<\/li>\n\n\n\n<li class=\"\">Espera, \u00e9 isso mesmo!<\/li>\n<\/ol>\n\n\n\n<h3 class=\"wp-block-heading\">Exemplos de avisos<\/h3>\n\n\n\n<ul class=\"wp-block-list has-small-font-size\">\n<li class=\"\">mulher bonita, noite, com estrelas, intrincado, elegante, altamente detalhado, pintura digital, artstation, concept art, suave, foco n\u00edtido, ilustra\u00e7\u00e3o, arte por ( ( ( artgerm ) ) ) e greg rutkowski! e ( ( ( alphonse mucha ) ), fortemente influenciado por frank frazetta e boris vallejo, sword and<\/li>\n\n\n\n<li class=\"\">mulher bonita, noite, fic\u00e7\u00e3o cient\u00edfica, fantasia, intrincado, elegante, takato yamamoto, vestido azul, m\u00e1gico, altamente detalhado, pintura digital, esta\u00e7\u00e3o de arte, arte concetual, suave, foco n\u00edtido, ilustra\u00e7\u00e3o, arte de artgerm e greg rutkowski e alphonse mucha<\/li>\n\n\n\n<li class=\"\">mulher bonita, grandes mamas na praia, relaxante, et\u00e9rea, sonhadora, retroiluminada, altamente detalhada, ilumina\u00e7\u00e3o realista, foco n\u00edtido, regra dos ter\u00e7os, artgerm, wlop, arney freytag, rossdraws, frank frazetta, andrei riabovitchev, hd, octano, 4 k,<\/li>\n\n\n\n<li class=\"\">mulher bonita\uff0cbig boobs, domme mistress, steampunk, t\u00edmido sorrindo, 4k, impressionante arte inspirada em renderiza\u00e7\u00e3o 3d de Prenz Cushart e WLOP\uff0cPintura mate, obra-prima | Alphonse Mucha\uff0ctend\u00eancia em artstation e pixiv\uff0cPequeno detalhe<\/li>\n\n\n\n<li class=\"\">mulher bonita, noite, com estrelas, intrincado, elegante, altamente detalhado, pintura digital, artstation, arte concetual, suave, foco n\u00edtido, ilustra\u00e7\u00e3o, arte por ( ( ( artgerm ) ) ) e greg rutkowski! e ( ( ( alphonse mucha ) ), fortemente influenciado por frank frazetta e boris vallejo, espada<\/li>\n<\/ul>\n\n\n\n<figure class=\"gb-block-image gb-block-image-032aac41\"><a href=\"https:\/\/fas.st\/t\/9U4PYbm7\" target=\"_blank\" rel=\"noopener noreferrer\"><img data-recalc-dims=\"1\" decoding=\"async\" loading=\"lazy\" width=\"1200\" height=\"365\" class=\"gb-image gb-image-032aac41\" src=\"https:\/\/i0.wp.com\/aiartfree.online\/wp-content\/uploads\/2025\/03\/WX20250307-115412%402x.webp?resize=1200%2C365&#038;ssl=1\" alt=\"\" title=\"WX20250307-115412@2x\" srcset=\"https:\/\/i0.wp.com\/aiartfree.online\/wp-content\/uploads\/2025\/03\/WX20250307-115412%402x.webp?w=1942&amp;ssl=1 1942w, https:\/\/i0.wp.com\/aiartfree.online\/wp-content\/uploads\/2025\/03\/WX20250307-115412%402x.webp?resize=300%2C91&amp;ssl=1 300w, https:\/\/i0.wp.com\/aiartfree.online\/wp-content\/uploads\/2025\/03\/WX20250307-115412%402x.webp?resize=1024%2C312&amp;ssl=1 1024w, https:\/\/i0.wp.com\/aiartfree.online\/wp-content\/uploads\/2025\/03\/WX20250307-115412%402x.webp?resize=768%2C234&amp;ssl=1 768w, https:\/\/i0.wp.com\/aiartfree.online\/wp-content\/uploads\/2025\/03\/WX20250307-115412%402x.webp?resize=1536%2C467&amp;ssl=1 1536w, https:\/\/i0.wp.com\/aiartfree.online\/wp-content\/uploads\/2025\/03\/WX20250307-115412%402x.webp?resize=18%2C5&amp;ssl=1 18w, https:\/\/i0.wp.com\/aiartfree.online\/wp-content\/uploads\/2025\/03\/WX20250307-115412%402x.webp?resize=600%2C183&amp;ssl=1 600w\" sizes=\"auto, (max-width: 1200px) 100vw, 1200px\" \/><\/a><\/figure>\n\n\n\n<p class=\"\"><em>* Dependendo da velocidade da sua Internet, o carregamento do modelo pode demorar alguns segundos.<br>* Durante a gera\u00e7\u00e3o cont\u00ednua, haver\u00e1 armazenamento em cache e a nova imagem aparecer\u00e1 ap\u00f3s cerca de 3 segundos.<\/em><\/p>\n\n\n\n<div class=\"iframe-wrapper\" style=\"position: relative; width: 100%; height: 1600px;\">\n  <div class=\"loading\" style=\"position: absolute; top: 50px; left: 50%; transform: translate(-50%, -50%); width: 40px; height: 40px; border: 3px solid #f0f0f0; border-top: 3px solid #db7093; border-radius: 50%; animation: spin 1s linear infinite;\"><\/div>\n  <iframe loading=\"lazy\" src=\"https:\/\/cagliostrolab-animagine-xl-3-1.hf.space\" frameborder=\"0\" width=\"100%\" height=\"100%\" style=\"position: absolute; top: 0; left: 0; opacity: 0; transition: opacity 0.3s;\" onload=\"this.style.opacity=1;this.previousElementSibling.style.display='none';\"><\/iframe>\n<\/div>\n\n<style>\n@keyframes spin {\n  0% { transform: translate(-50%, -50%) rotate(0deg); }\n  100% { transform: translate(-50%, -50%) rotate(360deg); }\n}\n<\/style>\n\n\n\n<div style=\"height:50px\" aria-hidden=\"true\" class=\"wp-block-spacer\"><\/div>\n\n\n\n<h2 class=\"wp-block-heading\">Introdu\u00e7\u00e3o do Gerador de IA de Anime<\/h2>\n\n\n\n<p class=\"\">Os geradores de IA de anime est\u00e3o a revolucionar a forma como criamos arte ao estilo de anime, utilizando algoritmos sofisticados de intelig\u00eancia artificial. Estas ferramentas podem transformar fotografias em imagens de anime, gerar personagens de anime \u00fanicas e muito mais. Este artigo ir\u00e1 aprofundar o que s\u00e3o os Geradores de Anime AI, os seus benef\u00edcios e como utiliz\u00e1-los eficazmente.<\/p>\n\n\n\n<figure class=\"wp-block-image size-large is-resized\"><img data-recalc-dims=\"1\" decoding=\"async\" width=\"1024\" height=\"829\"   loading=\"lazy\" src=\"https:\/\/i0.wp.com\/aiartfree.online\/wp-content\/uploads\/2024\/07\/WX120240719-122659%402x-1-1-1.jpg?resize=1024%2C829&#038;ssl=1\" alt=\"Gerador de IA de anime\" class=\"wp-image-2952\" style=\"width:630px;height:auto\" srcset=\"https:\/\/i0.wp.com\/aiartfree.online\/wp-content\/uploads\/2024\/07\/WX120240719-122659%402x-1-1-1.jpg?resize=1024%2C829&amp;ssl=1 1024w, https:\/\/i0.wp.com\/aiartfree.online\/wp-content\/uploads\/2024\/07\/WX120240719-122659%402x-1-1-1.jpg?resize=300%2C243&amp;ssl=1 300w, https:\/\/i0.wp.com\/aiartfree.online\/wp-content\/uploads\/2024\/07\/WX120240719-122659%402x-1-1-1.jpg?resize=768%2C622&amp;ssl=1 768w, https:\/\/i0.wp.com\/aiartfree.online\/wp-content\/uploads\/2024\/07\/WX120240719-122659%402x-1-1-1.jpg?resize=1536%2C1244&amp;ssl=1 1536w, https:\/\/i0.wp.com\/aiartfree.online\/wp-content\/uploads\/2024\/07\/WX120240719-122659%402x-1-1-1.jpg?resize=2048%2C1659&amp;ssl=1 2048w, https:\/\/i0.wp.com\/aiartfree.online\/wp-content\/uploads\/2024\/07\/WX120240719-122659%402x-1-1-1.jpg?resize=15%2C12&amp;ssl=1 15w, https:\/\/i0.wp.com\/aiartfree.online\/wp-content\/uploads\/2024\/07\/WX120240719-122659%402x-1-1-1.jpg?resize=600%2C486&amp;ssl=1 600w\" sizes=\"auto, (max-width: 1024px) 100vw, 1024px\" \/><\/figure>\n\n\n\n<h3 class=\"wp-block-heading\">\u00cdndice<\/h3>\n\n\n\n<ol class=\"wp-block-list\">\n<li class=\"\"><a href=\"#what-is-an-anime-ai-generator\">O que \u00e9 um gerador de IA de anime?<\/a><\/li>\n\n\n\n<li class=\"\"><a href=\"#why-use-an-anime-ai-generator\">Porqu\u00ea utilizar um gerador de IA de anime?<\/a><\/li>\n\n\n\n<li class=\"\"><a href=\"#benefits-of-using-an-anime-ai-generator\">Benef\u00edcios da utiliza\u00e7\u00e3o de um gerador de IA de anime<\/a><\/li>\n\n\n\n<li class=\"\"><a href=\"#when-to-use-an-anime-ai-generator\">Quando utilizar um gerador de IA de anime<\/a><\/li>\n\n\n\n<li class=\"\"><a href=\"#who-should-use-an-anime-ai-generator\">Quem deve utilizar um gerador de IA de anime?<\/a><\/li>\n\n\n\n<li class=\"\"><a href=\"#anime-ai-generator-tools-and-information\">Ferramentas e informa\u00e7\u00f5es do gerador de IA de anime<\/a><\/li>\n\n\n\n<li class=\"\"><a href=\"#frequently-asked-questions\">Perguntas frequentes<\/a><\/li>\n\n\n\n<li class=\"\"><a href=\"#conclusion\">Conclus\u00e3o<\/a><\/li>\n<\/ol>\n\n\n\n<h3 class=\"wp-block-heading\">O que \u00e9 um gerador de IA de anime?<\/h3>\n\n\n\n<p class=\"\">Um gerador de IA de anime \u00e9 uma ferramenta que utiliza algoritmos de IA avan\u00e7ados para criar imagens de estilo anime a partir de v\u00e1rias entradas, como fotografias ou mensagens de texto. Ao tirar partido de t\u00e9cnicas de aprendizagem autom\u00e1tica, estes geradores podem produzir arte de anime estilizada e de alta qualidade de forma r\u00e1pida e eficiente.<\/p>\n\n\n\n<h3 class=\"wp-block-heading\">Porqu\u00ea utilizar um gerador de IA de anime?<\/h3>\n\n\n\n<p class=\"\">Os geradores de IA de anime s\u00e3o essenciais para quem pretende criar obras de arte com estilo de anime sem necessitar de compet\u00eancias art\u00edsticas avan\u00e7adas. Estas ferramentas podem ser utilizadas para projectos pessoais de IA, gerando arte de IA para as redes sociais, ou mesmo para fins profissionais em design de jogos e anima\u00e7\u00e3o.<\/p>\n\n\n\n<h3 class=\"wp-block-heading\">Benef\u00edcios da utiliza\u00e7\u00e3o de um gerador de IA de anime<\/h3>\n\n\n\n<ul class=\"wp-block-list\">\n<li class=\"\"><strong>Efici\u00eancia<\/strong>: Cria rapidamente imagens de anime de alta qualidade.<\/li>\n\n\n\n<li class=\"\"><strong>Criatividade<\/strong>: Permite a cria\u00e7\u00e3o de arte de anime \u00fanica e personalizada.<\/li>\n\n\n\n<li class=\"\"><strong>Acessibilidade<\/strong>: Torna a cria\u00e7\u00e3o de arte de anime acess\u00edvel a n\u00e3o artistas.<\/li>\n\n\n\n<li class=\"\"><strong>Rent\u00e1vel<\/strong>: Reduz a necessidade de software art\u00edstico dispendioso ou de contratar artistas.<\/li>\n\n\n\n<li class=\"\"><strong>Versatilidade<\/strong>: Pode ser utilizado para v\u00e1rios fins, desde projectos pessoais a utiliza\u00e7\u00e3o profissional.<\/li>\n<\/ul>\n\n\n\n<h3 class=\"wp-block-heading\">Quando utilizar um gerador de IA de anime<\/h3>\n\n\n\n<p class=\"\">Os geradores de IA de anime s\u00e3o ideais em v\u00e1rios cen\u00e1rios:<\/p>\n\n\n\n<ul class=\"wp-block-list\">\n<li class=\"\"><strong>Criar arte pessoal<\/strong>: Por divers\u00e3o ou como passatempo.<\/li>\n\n\n\n<li class=\"\"><strong>Conte\u00fado das redes sociais<\/strong>: Gera\u00e7\u00e3o de conte\u00fados exclusivos para plataformas de redes sociais.<\/li>\n\n\n\n<li class=\"\"><strong>Conce\u00e7\u00e3o de jogos<\/strong>: Cria\u00e7\u00e3o de personagens e cenas para jogos de v\u00eddeo.<\/li>\n\n\n\n<li class=\"\"><strong>Projectos de anima\u00e7\u00e3o<\/strong>: Produ\u00e7\u00e3o de elementos para projectos de anima\u00e7\u00e3o.<\/li>\n\n\n\n<li class=\"\"><strong>Marketing<\/strong>: Cria\u00e7\u00e3o de materiais promocionais e de imagens atractivas.<\/li>\n<\/ul>\n\n\n\n<h3 class=\"wp-block-heading\">Quem deve utiliz\u00e1-lo?<\/h3>\n\n\n\n<p class=\"\">Adequado para:<\/p>\n\n\n\n<ul class=\"wp-block-list\">\n<li class=\"\"><strong>Artistas<\/strong>: Procura alargar o seu conjunto de ferramentas.<\/li>\n\n\n\n<li class=\"\"><strong>N\u00e3o artistas<\/strong>: Desejo de criar arte de anime sem forma\u00e7\u00e3o extensiva.<\/li>\n\n\n\n<li class=\"\"><strong>Programadores de jogos<\/strong>: Necessidade de activos para jogos.<\/li>\n\n\n\n<li class=\"\"><strong>Criadores de conte\u00fados<\/strong>: Procura de visuais atractivos para as suas plataformas.<\/li>\n\n\n\n<li class=\"\"><strong>Profissionais de marketing<\/strong>: Cria\u00e7\u00e3o de conte\u00fados promocionais apelativos.<\/li>\n<\/ul>\n\n\n\n<h3 class=\"wp-block-heading\">Ferramentas e informa\u00e7\u00f5es do gerador de IA de anime<\/h3>\n\n\n\n<p class=\"\">Abaixo est\u00e1 uma tabela que resume as principais ferramentas do Anime AI Generator, seus pr\u00f3s, contras e muito mais:<\/p>\n\n\n\n<figure class=\"wp-block-table\"><table class=\"has-fixed-layout\"><thead><tr><th>Ferramenta\/Website<\/th><th>Pr\u00f3s<\/th><th>Contras<\/th><th>Vantagens<\/th><th>Desafios<\/th><th>Recomenda\u00e7\u00f5es<\/th><\/tr><\/thead><tbody><tr><td><a href=\"https:\/\/aiartfree.online\/pt\/gerador-de-anime-ai\/\" target=\"_blank\" rel=\"noreferrer noopener\">AIArtFree<\/a><\/td><td>Gratuito, f\u00e1cil de utilizar<\/td><td>Caracter\u00edsticas limitadas<\/td><td>\u00d3timo para principiantes<\/td><td>Necessita de Internet<\/td><td>Ideal para projectos r\u00e1pidos<\/td><\/tr><tr><td><a href=\"https:\/\/deepart.io\" rel=\"nofollow noopener\" target=\"_blank\">DeepArt<\/a><\/td><td>Sa\u00edda de alta qualidade<\/td><td>Requer subscri\u00e7\u00e3o<\/td><td>Resultados profissionais<\/td><td>Caro<\/td><td>Ideal para projectos s\u00e9rios<\/td><\/tr><tr><td><a href=\"https:\/\/artbreeder.com\" rel=\"nofollow noopener\" target=\"_blank\">Artbreeder<\/a><\/td><td>Colaborativo, vers\u00e1til<\/td><td>Curva de aprendizagem<\/td><td>Flexibilidade criativa<\/td><td>Interface complexa<\/td><td>Melhor para arte colaborativa<\/td><\/tr><tr><td><a href=\"https:\/\/toonme.com\" rel=\"nofollow noopener\" target=\"_blank\">ToonMe<\/a><\/td><td>Simples, divertido<\/td><td>An\u00fancios na vers\u00e3o gratuita<\/td><td>\u00d3timo para as redes sociais<\/td><td>Estilos limitados<\/td><td>Ideal para utiliza\u00e7\u00e3o casual<\/td><\/tr><tr><td><a href=\"https:\/\/nudeai.beauty\/en\/nude-anime\/\" data-type=\"link\" data-id=\"https:\/\/nudeai.beauty\/en\/nude-anime\/\" target=\"_blank\" rel=\"noreferrer noopener\">Laborat\u00f3rios de anime<\/a><\/td><td>Personagens personaliz\u00e1veis<\/td><td>Limitado a raparigas de anime<\/td><td>Muito pormenorizado<\/td><td>Foco no nicho<\/td><td>Melhor para a cria\u00e7\u00e3o de personagens<\/td><\/tr><tr><td><a>PaintsChainer<\/a><\/td><td>Livre, vers\u00e1til<\/td><td>Interface japonesa<\/td><td>Colora\u00e7\u00e3o autom\u00e1tica<\/td><td>Barreira lingu\u00edstica<\/td><td>Melhor para colora\u00e7\u00e3o autom\u00e1tica<\/td><\/tr><tr><td><a href=\"https:\/\/crypko.ai\" rel=\"nofollow noopener\" target=\"_blank\">Crypko<\/a><\/td><td>Rostos profissionais de anime<\/td><td>Requer fichas<\/td><td>Resultados pormenorizados<\/td><td>Sistema de fichas<\/td><td>Melhor para as caracter\u00edsticas faciais<\/td><\/tr><tr><td><a href=\"https:\/\/pixiv.net\" rel=\"nofollow noopener\" target=\"_blank\">Pixiv<\/a><\/td><td>Grande comunidade<\/td><td>Requer ades\u00e3o<\/td><td>Recursos alargados<\/td><td>Esmagadora<\/td><td>Melhor para arte comunit\u00e1ria<\/td><\/tr><tr><td><a href=\"https:\/\/www.thiswaifudoesnotexist.net\" rel=\"nofollow noopener\" target=\"_blank\">Esta Waifu n\u00e3o existe<\/a><\/td><td>Waifus \u00fanicos<\/td><td>Personaliza\u00e7\u00e3o limitada<\/td><td>Variedade sem fim<\/td><td>Foco espec\u00edfico<\/td><td>Ideal para rostos \u00fanicos<\/td><\/tr><tr><td><a href=\"https:\/\/gansketch.com\" rel=\"nofollow noopener\" target=\"_blank\">GanSketch<\/a><\/td><td>Gera\u00e7\u00e3o em tempo real<\/td><td>Vers\u00e3o beta<\/td><td>Resultados r\u00e1pidos<\/td><td>Fase de desenvolvimento<\/td><td>O melhor para a experimenta\u00e7\u00e3o<\/td><\/tr><\/tbody><\/table><\/figure>\n\n\n\n<p class=\"\"><strong>A melhor ferramenta: <a href=\"https:\/\/aiartfree.online\/pt\/gerador-de-anime-ai\/\">AIArtFree<\/a><\/strong><\/p>\n\n\n\n<h3 class=\"wp-block-heading\">Perguntas frequentes<\/h3>\n\n\n\n<p class=\"\"><strong>P: Qual \u00e9 o melhor Gerador de IA de Anime para iniciantes?<\/strong> R: O AIArtFree \u00e9 recomendado para principiantes devido \u00e0 sua facilidade de utiliza\u00e7\u00e3o e acesso gratuito.<\/p>\n\n\n\n<p class=\"\"><strong>P: Posso utilizar um Anime AI Generator para fins comerciais?<\/strong> R: Sim, muitos Geradores de IA do Anime podem ser utilizados para projectos comerciais, mas \u00e9 essencial verificar as condi\u00e7\u00f5es de servi\u00e7o espec\u00edficas de cada ferramenta.<\/p>\n\n\n\n<p class=\"\"><strong>P: Como \u00e9 que os Geradores de IA de Anime funcionam?<\/strong> R: Utilizam algoritmos de aprendizagem autom\u00e1tica treinados em grandes conjuntos de dados de arte de anime para gerar novas imagens com base nos contributos dos utilizadores.<\/p>\n\n\n\n<p class=\"\"><strong>P: A utiliza\u00e7\u00e3o dos Anime AI Generators \u00e9 gratuita?<\/strong> R: Algumas ferramentas s\u00e3o gratuitas, como o AIArtFree, enquanto outras podem exigir uma subscri\u00e7\u00e3o ou compra.<\/p>\n\n\n\n<p class=\"\"><strong>P: Que tipos de entradas posso utilizar com um Gerador de IA de Anime?<\/strong> R: As entradas mais comuns incluem fotografias, esbo\u00e7os e sugest\u00f5es de texto.<\/p>\n\n\n\n<p class=\"\"><strong>P: Posso personalizar as imagens de anime geradas?<\/strong> R: Sim, a maioria dos geradores oferece op\u00e7\u00f5es de personaliza\u00e7\u00e3o para ajustar o estilo e as caracter\u00edsticas da arte gerada.<\/p>\n\n\n\n<p class=\"\"><strong>P: Qual \u00e9 a diferen\u00e7a entre um gerador de imagens de IA e um gerador de IA de anime?<\/strong> R: Um gerador de AI de anime foi concebido especificamente para criar imagens de estilo anime, enquanto um gerador de imagens AI geral pode produzir v\u00e1rios estilos.<\/p>\n\n\n\n<p class=\"\"><strong>P: Preciso de algum conhecimento especial para usar um Gerador de IA de Anime?<\/strong> R: N\u00e3o, estas ferramentas foram concebidas para serem f\u00e1ceis de utilizar e acess\u00edveis a todos.<\/p>\n\n\n\n<p class=\"\"><strong>P: Quanto tempo \u00e9 necess\u00e1rio para gerar uma imagem de anime?<\/strong> R: O tempo de gera\u00e7\u00e3o varia consoante a ferramenta, mas geralmente varia entre alguns segundos e alguns minutos.<\/p>\n\n\n\n<p class=\"\"><strong>P: Posso gerar personagens de anime para o meu jogo utilizando um Gerador de IA de Anime?<\/strong> R: Sim, estas ferramentas s\u00e3o excelentes para criar personagens e outros recursos para jogos de v\u00eddeo.<\/p>\n\n\n\n<h3 class=\"wp-block-heading\">Conclus\u00e3o<\/h3>\n\n\n\n<p class=\"\">Os geradores de IA de anime s\u00e3o ferramentas poderosas para criar arte de estilo anime sem esfor\u00e7o. Quer seja um artista profissional ou um amador, estes geradores podem ajud\u00e1-lo a dar vida \u00e0s suas vis\u00f5es criativas. Para obter a melhor experi\u00eancia, tente usar <a href=\"https:\/\/aiartfree.online\/pt\/gerador-de-anime-ai\/\">AIArtFree<\/a> para explorar o mundo da arte de anime gerada por IA.<\/p>","protected":false},"excerpt":{"rendered":"<p>Before vs After How to use Anime AI Generator Prompt Examples *&nbsp;Depending on your internet speed, loading the model may take a few seconds.* There will be caching during continuous generation, and the new image will appear after about 3 seconds. Introduction of Anime AI Generator Anime AI Generators are revolutionizing the way we create &#8230; <a title=\"Gerador de IA de anime\" class=\"read-more\" href=\"https:\/\/aiartfree.online\/pt\/gerador-de-anime-ai\/\" aria-label=\"Leia mais sobre Anime AI Generator\">Ler mais<\/a><\/p>","protected":false},"author":1,"featured_media":0,"parent":0,"menu_order":0,"comment_status":"open","ping_status":"closed","template":"","meta":{"nf_dc_page":"","footnotes":""},"class_list":["post-2876","page","type-page","status-publish"],"jetpack_sharing_enabled":true,"_links":{"self":[{"href":"https:\/\/aiartfree.online\/pt\/wp-json\/wp\/v2\/pages\/2876","targetHints":{"allow":["GET"]}}],"collection":[{"href":"https:\/\/aiartfree.online\/pt\/wp-json\/wp\/v2\/pages"}],"about":[{"href":"https:\/\/aiartfree.online\/pt\/wp-json\/wp\/v2\/types\/page"}],"author":[{"embeddable":true,"href":"https:\/\/aiartfree.online\/pt\/wp-json\/wp\/v2\/users\/1"}],"replies":[{"embeddable":true,"href":"https:\/\/aiartfree.online\/pt\/wp-json\/wp\/v2\/comments?post=2876"}],"version-history":[{"count":1,"href":"https:\/\/aiartfree.online\/pt\/wp-json\/wp\/v2\/pages\/2876\/revisions"}],"predecessor-version":[{"id":3595,"href":"https:\/\/aiartfree.online\/pt\/wp-json\/wp\/v2\/pages\/2876\/revisions\/3595"}],"wp:attachment":[{"href":"https:\/\/aiartfree.online\/pt\/wp-json\/wp\/v2\/media?parent=2876"}],"curies":[{"name":"wp","href":"https:\/\/api.w.org\/{rel}","templated":true}]}}