{"id":2853,"date":"2024-07-17T13:47:43","date_gmt":"2024-07-17T13:47:43","guid":{"rendered":"https:\/\/aiartfree.online\/?page_id=2853"},"modified":"2024-07-20T09:39:23","modified_gmt":"2024-07-20T09:39:23","slug":"free-pixar-ai-generator","status":"publish","type":"page","link":"https:\/\/aiartfree.online\/pt\/gerador-pixar-ai-gratuito\/","title":{"rendered":"Gerador de IA Pixar gratuito"},"content":{"rendered":"<h2 class=\"wp-block-heading\">Como utilizar o Gerador de IA Pixar gratuito<\/h2>\n\n\n\n<ol class=\"wp-block-list\">\n<li class=\"\">Introduza os seus prompts<\/li>\n\n\n\n<li class=\"\">Clique em \"Executar\"<\/li>\n\n\n\n<li class=\"\">Espera, \u00e9 isso mesmo!<\/li>\n<\/ol>\n\n\n\n<p class=\"\"><em>* Dependendo da velocidade da sua Internet, o carregamento do modelo pode demorar alguns segundos.<br>* Durante a gera\u00e7\u00e3o cont\u00ednua, haver\u00e1 armazenamento em cache e a nova imagem aparecer\u00e1 ap\u00f3s cerca de 3 segundos.<\/em><\/p>\n\n\n\n<h3 class=\"wp-block-heading\">Exemplo de entrada<\/h3>\n\n\n\n<ul class=\"wp-block-list\">\n<li class=\"\">Um jovem com cabelo castanho claro ondulado e olhos castanhos claros sentado num cadeir\u00e3o e olhando diretamente para a c\u00e2mara, estilo pixar, disney pixar, fundo de escrit\u00f3rio, ultra detalhado, 1 homem<\/li>\n\n\n\n<li class=\"\">Desenho animado 3D imagem brilhante ao estilo Pixar: super-her\u00f3i: fato completo: cinematogr\u00e1fico -ar 68:128 -stylize 750 -v 5.2<\/li>\n\n\n\n<li class=\"\">Imagem 3d, rapariga gira, ao estilo da Pixar, -ar 1:2 ,-stylize 750.<\/li>\n<\/ul>\n\n\n\n<div style=\"text-align: center; border: 2px solid; border-image-source: linear-gradient(to right, #16b86c, #912899); border-image-slice: 1; box-shadow: 0 0 10px rgba(0, 0, 0, 0.1); border-radius: 15px;\">\n  <iframe loading=\"lazy\"\n    src=\"https:\/\/ucanbaklava-stablediffusionapi-disney-pixar-cartoon.hf.space\"\n    frameborder=\"0\"\n    width=\"800\"\n    height=\"500\"\n    style=\"display: inline-block; margin: 0 auto;\"\n  ><\/iframe>\n<\/div>\n\n\n\n<div style=\"height:50px\" aria-hidden=\"true\" class=\"wp-block-spacer\"><\/div>\n\n\n\n<h2 class=\"wp-block-heading\" id=\"introduction-of-free-online-pixar-ai-generator\"><strong>Introdu\u00e7\u00e3o ao Gerador de IA Pixar gratuito<\/strong><\/h2>\n\n\n\n<figure class=\"wp-block-image size-full is-resized\"><img data-recalc-dims=\"1\" decoding=\"async\" width=\"938\" height=\"626\"   loading=\"lazy\" src=\"https:\/\/i0.wp.com\/aiartfree.online\/wp-content\/uploads\/2024\/07\/WX20240717-174206%402x.jpg?resize=938%2C626&#038;ssl=1\" alt=\"Gerador de IA Pixar online gratuito\" class=\"wp-image-2852\" style=\"width:530px;height:auto\" srcset=\"https:\/\/i0.wp.com\/aiartfree.online\/wp-content\/uploads\/2024\/07\/WX20240717-174206%402x.jpg?w=938&amp;ssl=1 938w, https:\/\/i0.wp.com\/aiartfree.online\/wp-content\/uploads\/2024\/07\/WX20240717-174206%402x.jpg?resize=300%2C200&amp;ssl=1 300w, https:\/\/i0.wp.com\/aiartfree.online\/wp-content\/uploads\/2024\/07\/WX20240717-174206%402x.jpg?resize=768%2C513&amp;ssl=1 768w, https:\/\/i0.wp.com\/aiartfree.online\/wp-content\/uploads\/2024\/07\/WX20240717-174206%402x.jpg?resize=18%2C12&amp;ssl=1 18w, https:\/\/i0.wp.com\/aiartfree.online\/wp-content\/uploads\/2024\/07\/WX20240717-174206%402x.jpg?resize=600%2C400&amp;ssl=1 600w\" sizes=\"auto, (max-width: 938px) 100vw, 938px\" \/><\/figure>\n\n\n\n<h3 class=\"wp-block-heading\" id=\"what-is-a-free-online-pixar-ai-generator\"><a href=\"https:\/\/dromerosm-groq-llama3.hf.space\/#what-is-a-free-online-pixar-ai-generator\" target=\"_blank\" rel=\"noopener\"><\/a><strong>O que \u00e9 um gerador de IA Pixar gratuito?<\/strong><\/h3>\n\n\n\n<p class=\"\">O Free Online Pixar AI Generator \u00e9 uma ferramenta que permite aos utilizadores gerar trabalhos art\u00edsticos ao estilo da Pixar utilizando intelig\u00eancia artificial (IA) sem quaisquer custos financeiros. Esta tecnologia inovadora utiliza algoritmos de aprendizagem autom\u00e1tica para criar anima\u00e7\u00f5es e imagens espectaculares que fazem lembrar os filmes adorados da Pixar.<\/p>\n\n\n\n<p class=\"\"><strong>\u00cdndice<\/strong><\/p>\n\n\n\n<ol class=\"wp-block-list\">\n<li class=\"\"><a href=\"https:\/\/dromerosm-groq-llama3.hf.space\/#what-is-a-free-online-pixar-ai-generator\" target=\"_blank\" rel=\"noopener\">O que \u00e9 um gerador de IA Pixar online gratuito?<\/a><\/li>\n\n\n\n<li class=\"\"><a href=\"https:\/\/dromerosm-groq-llama3.hf.space\/#why-use-a-free-online-pixar-ai-generator\" target=\"_blank\" rel=\"noopener\">Porqu\u00ea utilizar um gerador de IA Pixar online gratuito?<\/a><\/li>\n\n\n\n<li class=\"\"><a href=\"https:\/\/dromerosm-groq-llama3.hf.space\/#benefits-of-using-a-free-online-pixar-ai-generator\" target=\"_blank\" rel=\"noopener\">Benef\u00edcios da utiliza\u00e7\u00e3o de um gerador de IA Pixar online gratuito<\/a><\/li>\n\n\n\n<li class=\"\"><a href=\"https:\/\/dromerosm-groq-llama3.hf.space\/#when-to-use-a-free-online-pixar-ai-generator\" target=\"_blank\" rel=\"noopener\">Quando utilizar um gerador de IA Pixar online gratuito<\/a><\/li>\n\n\n\n<li class=\"\"><a href=\"https:\/\/dromerosm-groq-llama3.hf.space\/#who-can-benefit-from-a-free-online-pixar-ai-generator\" target=\"_blank\" rel=\"noopener\">Quem pode beneficiar de um gerador de IA Pixar online gratuito?<\/a><\/li>\n\n\n\n<li class=\"\"><a href=\"https:\/\/dromerosm-groq-llama3.hf.space\/#related-information-and-tools\" target=\"_blank\" rel=\"noopener\">Informa\u00e7\u00f5es e ferramentas relacionadas<\/a><\/li>\n\n\n\n<li class=\"\"><a href=\"https:\/\/dromerosm-groq-llama3.hf.space\/#faqs\" target=\"_blank\" rel=\"noopener\">FAQs<\/a><\/li>\n<\/ol>\n\n\n\n<h3 class=\"wp-block-heading\" id=\"why-use-a-free-online-pixar-ai-generator\"><a href=\"https:\/\/dromerosm-groq-llama3.hf.space\/#why-use-a-free-online-pixar-ai-generator\" target=\"_blank\" rel=\"noopener\"><\/a><strong>Porqu\u00ea utilizar um gerador de IA Pixar gratuito?<\/strong><\/h3>\n\n\n\n<p class=\"\">Com a crescente procura de imagens de alta qualidade em v\u00e1rios sectores, um Gerador de IA Pixar Online Gratuito pode ser um fator de mudan\u00e7a. Esta ferramenta permite criar anima\u00e7\u00f5es e imagens espectaculares sem necessitar de uma vasta experi\u00eancia em design gr\u00e1fico. Al\u00e9m disso, poupa tempo e recursos, tornando-a uma op\u00e7\u00e3o atractiva para profissionais e empres\u00e1rios ocupados.<\/p>\n\n\n\n<h3 class=\"wp-block-heading\" id=\"benefits-of-using-a-free-online-pixar-ai-generator\"><a href=\"https:\/\/dromerosm-groq-llama3.hf.space\/#benefits-of-using-a-free-online-pixar-ai-generator\" target=\"_blank\" rel=\"noopener\"><\/a><strong>Benef\u00edcios da utiliza\u00e7\u00e3o de um gerador de IA Pixar gratuito<\/strong><\/h3>\n\n\n\n<p class=\"\">Algumas das vantagens de utilizar um Gerador de IA Pixar Online Gr\u00e1tis incluem:<\/p>\n\n\n\n<ul class=\"wp-block-list\">\n<li class=\"\"><strong>Rent\u00e1vel<\/strong>: N\u00e3o \u00e9 necess\u00e1rio gastar dinheiro em software de design gr\u00e1fico dispendioso ou contratar um designer profissional.<\/li>\n\n\n\n<li class=\"\"><strong>Poupan\u00e7a de tempo<\/strong>: Crie rapidamente imagens de alta qualidade com o m\u00ednimo de esfor\u00e7o.<\/li>\n\n\n\n<li class=\"\"><strong>Acessibilidade<\/strong>: N\u00e3o \u00e9 necess\u00e1ria qualquer experi\u00eancia pr\u00e9via em design gr\u00e1fico para utilizar a ferramenta.<\/li>\n\n\n\n<li class=\"\"><strong>Flexibilidade<\/strong>: Pode ser utilizado para v\u00e1rios fins, tais como redes sociais, publicidade e educa\u00e7\u00e3o.<\/li>\n<\/ul>\n\n\n\n<h3 class=\"wp-block-heading\" id=\"when-to-use-a-free-online-pixar-ai-generator\"><a href=\"https:\/\/dromerosm-groq-llama3.hf.space\/#when-to-use-a-free-online-pixar-ai-generator\" target=\"_blank\" rel=\"noopener\"><\/a><strong>Quando utilizar um gerador de IA Pixar gratuito<\/strong><\/h3>\n\n\n\n<p class=\"\">O Free Online Pixar AI Generator pode ser utilizado em v\u00e1rios cen\u00e1rios, incluindo:<\/p>\n\n\n\n<ul class=\"wp-block-list\">\n<li class=\"\"><strong>Marketing nas redes sociais<\/strong>: Criar imagens apelativas para campanhas nas redes sociais.<\/li>\n\n\n\n<li class=\"\"><strong>Publicidade<\/strong>: Desenvolver an\u00fancios apelativos para promo\u00e7\u00f5es em linha e fora de linha.<\/li>\n\n\n\n<li class=\"\"><strong>Educa\u00e7\u00e3o<\/strong>: Utilize a ferramenta para criar materiais did\u00e1cticos, como v\u00eddeos e infografias.<\/li>\n\n\n\n<li class=\"\"><strong>Cria\u00e7\u00e3o de conte\u00fados<\/strong>: Crie imagens para publica\u00e7\u00f5es em blogues, v\u00eddeos e outros conte\u00fados online.<\/li>\n<\/ul>\n\n\n\n<h3 class=\"wp-block-heading\" id=\"who-can-benefit-from-a-free-online-pixar-ai-generator\"><a href=\"https:\/\/dromerosm-groq-llama3.hf.space\/#who-can-benefit-from-a-free-online-pixar-ai-generator\" target=\"_blank\" rel=\"noopener\"><\/a><strong>Quem pode beneficiar de um gerador de IA Pixar gratuito?<\/strong><\/h3>\n\n\n\n<p class=\"\">Indiv\u00edduos de v\u00e1rios sectores e profiss\u00f5es podem beneficiar da utiliza\u00e7\u00e3o de um Gerador de IA Pixar Online Gratuito, incluindo:<\/p>\n\n\n\n<ul class=\"wp-block-list\">\n<li class=\"\"><strong>Profissionais de marketing<\/strong>: Criar imagens apelativas para as redes sociais e campanhas publicit\u00e1rias.<\/li>\n\n\n\n<li class=\"\"><strong>Educadores<\/strong>: Desenvolver materiais did\u00e1cticos interactivos e interessantes.<\/li>\n\n\n\n<li class=\"\"><strong>Criadores de conte\u00fados<\/strong>: Crie imagens de alta qualidade para publica\u00e7\u00f5es em blogues, v\u00eddeos e outros conte\u00fados online.<\/li>\n\n\n\n<li class=\"\"><strong>Empres\u00e1rios<\/strong>: Utilize a ferramenta para criar imagens espectaculares para promo\u00e7\u00f5es comerciais e publicidade.<\/li>\n<\/ul>\n\n\n\n<h3 class=\"wp-block-heading\" id=\"related-information-and-tools\"><a href=\"https:\/\/dromerosm-groq-llama3.hf.space\/#related-information-and-tools\" target=\"_blank\" rel=\"noopener\"><\/a><strong>Informa\u00e7\u00f5es e ferramentas relacionadas<\/strong><\/h3>\n\n\n\n<p class=\"\">Aqui est\u00e3o 10 sites que fornecem informa\u00e7\u00f5es e ferramentas relacionadas com Free Online Pixar AI Generators:<\/p>\n\n\n\n<figure class=\"wp-block-table\"><table class=\"has-fixed-layout\"><thead><tr><th>S\u00edtio Web<\/th><th>Descri\u00e7\u00e3o<\/th><\/tr><\/thead><tbody><tr><td><a href=\"https:\/\/aiartfree.online\/pt\/free-online-pixar-ai-generator\/\" target=\"_blank\" rel=\"noreferrer noopener\">aiartfree.online<\/a><\/td><td>Oferece um gerador de IA Pixar online gratuito com v\u00e1rios modelos e desenhos.<\/td><\/tr><tr><td><a href=\"https:\/\/pix2pix.io\/\" target=\"_blank\" rel=\"noreferrer noopener nofollow\">pix2pix.io<\/a><\/td><td>Uma plataforma que utiliza a IA para gerar imagens a partir de esbo\u00e7os.<\/td><\/tr><tr><td><a href=\"https:\/\/deepdreamgenerator.com\/\" target=\"_blank\" rel=\"noreferrer noopener nofollow\">deepdreamgenerator.com<\/a><\/td><td>Uma ferramenta baseada na Web que utiliza a IA para gerar imagens surreais.<\/td><\/tr><tr><td><a href=\"https:\/\/www.artbreeder.com\/\" target=\"_blank\" rel=\"noreferrer noopener nofollow\">artbreeder.com<\/a><\/td><td>Uma plataforma que permite aos utilizadores criar e desenvolver obras de arte originais utilizando a IA.<\/td><\/tr><tr><td><a href=\"https:\/\/ganbreeder.app\/\" target=\"_blank\" rel=\"noreferrer noopener nofollow\">ganbreeder.app<\/a><\/td><td>Uma ferramenta baseada na Web que utiliza a IA para gerar trabalhos art\u00edsticos.<\/td><\/tr><tr><td><a href=\"https:\/\/prism.app\/\" target=\"_blank\" rel=\"noreferrer noopener nofollow\">prism.app<\/a><\/td><td>Uma plataforma que oferece ferramentas de design baseadas em IA, incluindo um gerador ao estilo da Pixar.<\/td><\/tr><tr><td><a href=\"https:\/\/adicraft.org\/\" target=\"_blank\" rel=\"noreferrer noopener nofollow\">adicraft.org<\/a><\/td><td>Uma organiza\u00e7\u00e3o sem fins lucrativos que fornece ferramentas de design baseadas em IA, incluindo um gerador ao estilo da Pixar.<\/td><\/tr><tr><td><a href=\"https:\/\/aiartist.io\/\" target=\"_blank\" rel=\"noreferrer noopener nofollow\">aiartist.io<\/a><\/td><td>Uma plataforma que oferece ferramentas de design baseadas em IA, incluindo um gerador ao estilo da Pixar.<\/td><\/tr><tr><td><a href=\"https:\/\/ai-generated-art.org\/\" target=\"_blank\" rel=\"noreferrer noopener nofollow\">_AI-generated-art.org<\/a><\/td><td>Um s\u00edtio Web que fornece informa\u00e7\u00f5es e recursos sobre arte gerada por IA.<\/td><\/tr><tr><td><a href=\"https:\/\/generative-art.org\/\" target=\"_blank\" rel=\"noreferrer noopener nofollow\">generative-art.org<\/a><\/td><td>Um s\u00edtio Web que fornece informa\u00e7\u00f5es e recursos sobre arte generativa.<\/td><\/tr><\/tbody><\/table><\/figure>\n\n\n\n<p class=\"\"><strong>Vantagens, desvantagens, pontos fortes, pontos fracos e recomenda\u00e7\u00f5es<\/strong><\/p>\n\n\n\n<ul class=\"wp-block-list\">\n<li class=\"\"><strong>Vantagens<\/strong>: Econ\u00f3mica, r\u00e1pida, acess\u00edvel e flex\u00edvel.<\/li>\n\n\n\n<li class=\"\"><strong>Desvantagens<\/strong>: Op\u00e7\u00f5es de personaliza\u00e7\u00e3o limitadas, depend\u00eancia de algoritmos de IA e potenciais problemas de qualidade.<\/li>\n\n\n\n<li class=\"\"><strong>Pontos fortes<\/strong>: Pode gerar imagens de alta qualidade, ideais para profissionais e empres\u00e1rios ocupados.<\/li>\n\n\n\n<li class=\"\"><strong>Pontos fracos<\/strong>: Pode exigir alguns conhecimentos de design gr\u00e1fico, controlo limitado da produ\u00e7\u00e3o.<\/li>\n\n\n\n<li class=\"\"><strong>Recomenda\u00e7\u00e3o<\/strong>: Utilize uma plataforma online de renome como aiartfree.online para obter imagens de alta qualidade ao estilo da Pixar.<\/li>\n<\/ul>\n\n\n\n<h3 class=\"wp-block-heading\" id=\"faqs\"><a href=\"https:\/\/dromerosm-groq-llama3.hf.space\/#faqs\" target=\"_blank\" rel=\"noopener\"><\/a><strong>FAQs<\/strong><\/h3>\n\n\n\n<ol class=\"wp-block-list\">\n<li class=\"\"><strong>P: O Free Pixar AI Generator \u00e9 f\u00e1cil de utilizar?<\/strong>&nbsp;R: Sim, a maioria das plataformas em linha oferece interfaces de f\u00e1cil utiliza\u00e7\u00e3o que requerem uma experi\u00eancia m\u00ednima em design gr\u00e1fico.<\/li>\n\n\n\n<li class=\"\"><strong>P: Posso personalizar o resultado de um Gerador de IA Pixar gratuito?<\/strong>&nbsp;R: Sim, a maioria das plataformas oferece op\u00e7\u00f5es de personaliza\u00e7\u00e3o, como esquemas de cores e modelos.<\/li>\n\n\n\n<li class=\"\"><strong>P: Os geradores de IA Pixar gratuitos destinam-se apenas a profissionais?<\/strong>&nbsp;R: N\u00e3o, qualquer pessoa pode utilizar estas ferramentas, incluindo indiv\u00edduos, empres\u00e1rios e educadores.<\/li>\n\n\n\n<li class=\"\"><strong>P: Posso utilizar um Gerador de IA Pixar gratuito para fins comerciais?<\/strong>&nbsp;R: Sim, a maioria das plataformas permite a utiliza\u00e7\u00e3o comercial, mas certifique-se de que verifica os termos e condi\u00e7\u00f5es.<\/li>\n\n\n\n<li class=\"\"><strong>P: Quanto tempo demora a gerar uma imagem utilizando um Gerador de IA Pixar gratuito?<\/strong>&nbsp;R: O tempo de processamento varia consoante a plataforma e a complexidade do desenho.<\/li>\n\n\n\n<li class=\"\"><strong>P: Posso carregar as minhas pr\u00f3prias imagens para um Gerador de IA Pixar gratuito?<\/strong>&nbsp;R: Sim, algumas plataformas permitem aos utilizadores carregar as suas pr\u00f3prias imagens para edi\u00e7\u00e3o e melhoramento.<\/li>\n\n\n\n<li class=\"\"><strong>P: Os geradores de IA Pixar online gratuitos s\u00e3o caros?<\/strong>&nbsp;R: N\u00e3o, a maioria das plataformas oferece servi\u00e7os gratuitos ou de baixo custo, sendo que algumas oferecem funcionalidades premium mediante o pagamento de uma taxa.<\/li>\n\n\n\n<li class=\"\"><strong>P: Posso utilizar um gerador de IA Pixar online gratuito para fins educativos?<\/strong>&nbsp;R: Sim, muitas plataformas oferecem recursos e ferramentas educativas para alunos e professores.<\/li>\n\n\n\n<li class=\"\"><strong>P: Como funciona um gerador de IA Pixar online gratuito?<\/strong>&nbsp;R: Estas ferramentas utilizam algoritmos de aprendizagem autom\u00e1tica para gerar imagens com base nos dados introduzidos pelo utilizador e em modelos de design.<\/li>\n\n\n\n<li class=\"\"><strong>P: Um gerador de IA Pixar online gratuito \u00e9 adequado para o marketing das redes sociais?<\/strong>&nbsp;R: Sim, estas ferramentas podem ser utilizadas para criar imagens apelativas para campanhas nas redes sociais.<\/li>\n<\/ol>","protected":false},"excerpt":{"rendered":"<p>How to use the Free Pixar AI Generator *&nbsp;Depending on your internet speed, loading the model may take a few seconds.* There will be caching during continuous generation, and the new image will appear after about 3 seconds. Example Input Introduction of Free Pixar AI Generator What is a Free Pixar AI Generator? A Free &#8230; <a title=\"Gerador de IA Pixar gratuito\" class=\"read-more\" href=\"https:\/\/aiartfree.online\/pt\/gerador-pixar-ai-gratuito\/\" aria-label=\"Leia mais sobre Free Pixar AI Generator\">Ler mais<\/a><\/p>","protected":false},"author":1,"featured_media":0,"parent":0,"menu_order":0,"comment_status":"open","ping_status":"closed","template":"","meta":{"nf_dc_page":"","footnotes":""},"class_list":["post-2853","page","type-page","status-publish"],"jetpack_sharing_enabled":true,"_links":{"self":[{"href":"https:\/\/aiartfree.online\/pt\/wp-json\/wp\/v2\/pages\/2853","targetHints":{"allow":["GET"]}}],"collection":[{"href":"https:\/\/aiartfree.online\/pt\/wp-json\/wp\/v2\/pages"}],"about":[{"href":"https:\/\/aiartfree.online\/pt\/wp-json\/wp\/v2\/types\/page"}],"author":[{"embeddable":true,"href":"https:\/\/aiartfree.online\/pt\/wp-json\/wp\/v2\/users\/1"}],"replies":[{"embeddable":true,"href":"https:\/\/aiartfree.online\/pt\/wp-json\/wp\/v2\/comments?post=2853"}],"version-history":[{"count":0,"href":"https:\/\/aiartfree.online\/pt\/wp-json\/wp\/v2\/pages\/2853\/revisions"}],"wp:attachment":[{"href":"https:\/\/aiartfree.online\/pt\/wp-json\/wp\/v2\/media?parent=2853"}],"curies":[{"name":"wp","href":"https:\/\/api.w.org\/{rel}","templated":true}]}}