{"id":78,"date":"2022-05-10T20:33:06","date_gmt":"2022-05-10T19:33:06","guid":{"rendered":"https:\/\/gp-inbound.wordifysites.com\/?page_id=78"},"modified":"2024-07-20T16:28:52","modified_gmt":"2024-07-20T16:28:52","slug":"about-us","status":"publish","type":"page","link":"https:\/\/aiartfree.online\/pl\/o-nas\/","title":{"rendered":"O nas"},"content":{"rendered":"<section class=\"gb-container gb-container-8cf8b04f\">\n<div class=\"gb-container gb-container-dfac1555\">\n\n<h2 class=\"gb-headline gb-headline-608020c5 gb-headline-text\">Uwolnij kreatywno\u015b\u0107 dzi\u0119ki najnowocze\u015bniejszym narz\u0119dziom artystycznym AI<\/h2>\n\n\n\n<p class=\"gb-headline gb-headline-7330c428 gb-headline-text\">Witamy w Free AI Art Generator, gdzie kreatywno\u015b\u0107 spotyka si\u0119 z najnowocze\u015bniejsz\u0105 technologi\u0105. Nasza platforma wykorzystuje moc najnowocze\u015bniejszych algorytm\u00f3w sztucznej inteligencji i generatywnej sztucznej inteligencji, aby przekszta\u0142ci\u0107 podpowiedzi tekstowe w osza\u0142amiaj\u0105ce, \u017cywe dzie\u0142a sztuki. <\/p>\n\n\n\n<p class=\"\">Nasz\u0105 misj\u0105 jest demokratyzacja tworzenia sztuki poprzez oferowanie zestawu bezp\u0142atnych narz\u0119dzi opartych na sztucznej inteligencji, kt\u00f3re pozwalaj\u0105 u\u017cytkownikom bez wysi\u0142ku tworzy\u0107 obrazy generowane przez sztuczn\u0105 inteligencj\u0119 i odkrywa\u0107 potencja\u0142 sztucznej inteligencji w sztuce. Niezale\u017cnie od tego, czy jeste\u015b do\u015bwiadczonym artyst\u0105, czy ciekawskim pocz\u0105tkuj\u0105cym, nasze narz\u0119dzia zosta\u0142y zaprojektowane w celu usprawnienia procesu tw\u00f3rczego, zapewniaj\u0105c wysokiej jako\u015bci rezultaty i p\u0142ynn\u0105 obs\u0142ug\u0119. <\/p>\n\n\n\n<p class=\"\">Do\u0142\u0105cz do naszej spo\u0142eczno\u015bci i odkryj przysz\u0142o\u015b\u0107 sztuki dzi\u0119ki Free AI Art Generator - gdzie wyobra\u017ania i technologia \u0142\u0105cz\u0105 si\u0119 ze sob\u0105.<\/p>\n\n<\/div>\n\n<div class=\"gb-container gb-container-49e56edb\">\n\n<figure class=\"gb-block-image gb-block-image-ad6d2ba8\"><img data-recalc-dims=\"1\" decoding=\"async\" loading=\"lazy\" width=\"600\" height=\"430\" class=\"gb-image gb-image-ad6d2ba8\" src=\"https:\/\/i0.wp.com\/aiartfree.online\/wp-content\/uploads\/2024\/07\/work-stay-at-home-illustration-man-with-computer-6VFUTBK-1.png?resize=600%2C430&#038;ssl=1\" alt=\"Darmowy generator grafiki AI\" title=\"work-stay-at-home-illustration-man-with-computer-6VFUTBK-1.png\" srcset=\"https:\/\/i0.wp.com\/aiartfree.online\/wp-content\/uploads\/2024\/07\/work-stay-at-home-illustration-man-with-computer-6VFUTBK-1.png?w=600&amp;ssl=1 600w, https:\/\/i0.wp.com\/aiartfree.online\/wp-content\/uploads\/2024\/07\/work-stay-at-home-illustration-man-with-computer-6VFUTBK-1.png?resize=300%2C215&amp;ssl=1 300w, https:\/\/i0.wp.com\/aiartfree.online\/wp-content\/uploads\/2024\/07\/work-stay-at-home-illustration-man-with-computer-6VFUTBK-1.png?resize=18%2C12&amp;ssl=1 18w\" sizes=\"auto, (max-width: 600px) 100vw, 600px\" \/><\/figure>\n\n<\/div>\n<\/section>\n\n<section class=\"gb-container gb-container-e4cc5e2c\">\n<div class=\"gb-container gb-container-3ceba49d\">\n<div class=\"gb-container gb-container-c05d1bd2\">\n\n<p class=\"\"> <\/p>\n\n<\/div>\n\n<div class=\"gb-container gb-container-e687e67e\">\n\n<h2 class=\"gb-headline gb-headline-c10d1bd9 gb-headline-text\">Dlaczego warto nas wybra\u0107<\/h2>\n\n\n\n<p class=\"gb-headline gb-headline-3ace5b05 gb-headline-text\">W Free AI Art Generator zapewniamy wyj\u0105tkow\u0105 platform\u0119 kreatywn\u0105 do generowania wysokiej jako\u015bci grafiki AI. Oto dlaczego nasza us\u0142uga si\u0119 wyr\u00f3\u017cnia:<\/p>\n\n\n<div class=\"gb-container gb-container-2d10fbab\">\n<div class=\"gb-container gb-container-e7e2767f\">\n\n<div class=\"gb-headline gb-headline-4a6740d2\"><span class=\"gb-icon\"><svg xmlns=\"http:\/\/www.w3.org\/2000\/svg\" viewbox=\"0 0 512 512\" width=\"1em\" height=\"1em\" aria-hidden=\"true\"><path d=\"M173.898 439.404l-166.4-166.4c-9.997-9.997-9.997-26.206 0-36.204l36.203-36.204c9.997-9.998 26.207-9.998 36.204 0L192 312.69 432.095 72.596c9.997-9.997 26.207-9.997 36.204 0l36.203 36.204c9.997 9.997 9.997 26.206 0 36.204l-294.4 294.401c-9.998 9.997-26.207 9.997-36.204-.001z\" fill=\"currentColor\"><\/path><\/svg><\/span><\/div>\n\n<\/div>\n\n<div class=\"gb-container gb-container-0304ef5f\">\n\n<p class=\"gb-headline gb-headline-624d17cc gb-headline-text\">Zaawansowana technologia AI<\/p>\n\n\n\n<p class=\"gb-headline gb-headline-6875360d gb-headline-text\">Nasze narz\u0119dzia wykorzystuj\u0105 najnowocze\u015bniejsze algorytmy sztucznej inteligencji i generatywn\u0105 sztuczn\u0105 inteligencj\u0119 do przekszta\u0142cania podpowiedzi tekstowych w \u017cywe obrazy generowane przez sztuczn\u0105 inteligencj\u0119. Dzi\u0119ki funkcjom takim jak dostrajanie i stabilna dyfuzja, mo\u017cesz z \u0142atwo\u015bci\u0105 tworzy\u0107 osza\u0142amiaj\u0105ce, szczeg\u00f3\u0142owe grafiki.<\/p>\n\n<\/div>\n<\/div>\n\n<div class=\"gb-container gb-container-42092c04\">\n<div class=\"gb-container gb-container-71ee177a\">\n\n<div class=\"gb-headline gb-headline-36fc3e3e\"><span class=\"gb-icon\"><svg xmlns=\"http:\/\/www.w3.org\/2000\/svg\" viewbox=\"0 0 512 512\" width=\"1em\" height=\"1em\" aria-hidden=\"true\"><path d=\"M173.898 439.404l-166.4-166.4c-9.997-9.997-9.997-26.206 0-36.204l36.203-36.204c9.997-9.998 26.207-9.998 36.204 0L192 312.69 432.095 72.596c9.997-9.997 26.207-9.997 36.204 0l36.203 36.204c9.997 9.997 9.997 26.206 0 36.204l-294.4 294.401c-9.998 9.997-26.207 9.997-36.204-.001z\" fill=\"currentColor\"><\/path><\/svg><\/span><\/div>\n\n<\/div>\n\n<div class=\"gb-container gb-container-bb23dd8a\">\n\n<p class=\"gb-headline gb-headline-11e332ea gb-headline-text\">Do\u015bwiadczenie przyjazne dla u\u017cytkownika<\/p>\n\n\n\n<p class=\"gb-headline gb-headline-1433451e gb-headline-text\">Zaprojektowana z my\u015bl\u0105 o wygodzie u\u017cytkownika, nasza platforma zapewnia p\u0142ynny proces od wej\u015bcia do ostatecznego obrazu. Niezale\u017cnie od tego, czy jeste\u015b profesjonalnym artyst\u0105, czy pocz\u0105tkuj\u0105cym, nasze narz\u0119dzia artystyczne oparte na sztucznej inteligencji s\u0105 intuicyjne i przyst\u0119pne.<\/p>\n\n<\/div>\n<\/div>\n\n<div class=\"gb-container gb-container-6a2056be\">\n<div class=\"gb-container gb-container-aade45e2\">\n\n<div class=\"gb-headline gb-headline-87d36e38\"><span class=\"gb-icon\"><svg xmlns=\"http:\/\/www.w3.org\/2000\/svg\" viewbox=\"0 0 512 512\" width=\"1em\" height=\"1em\" aria-hidden=\"true\"><path d=\"M173.898 439.404l-166.4-166.4c-9.997-9.997-9.997-26.206 0-36.204l36.203-36.204c9.997-9.998 26.207-9.998 36.204 0L192 312.69 432.095 72.596c9.997-9.997 26.207-9.997 36.204 0l36.203 36.204c9.997 9.997 9.997 26.206 0 36.204l-294.4 294.401c-9.998 9.997-26.207 9.997-36.204-.001z\" fill=\"currentColor\"><\/path><\/svg><\/span><\/div>\n\n<\/div>\n\n<div class=\"gb-container gb-container-07d4fbf6\">\n\n<p class=\"gb-headline gb-headline-d1c00e48 gb-headline-text\">Bezp\u0142atne i dost\u0119pne<\/p>\n\n\n\n<p class=\"gb-headline gb-headline-3a9ff30b gb-headline-text\">Oferujemy nasze najnowocze\u015bniejsze narz\u0119dzia artystyczne za darmo, umo\u017cliwiaj\u0105c odkrywanie potencja\u0142u sztucznej inteligencji w sztuce bez \u017cadnych koszt\u00f3w. Udost\u0119pniaj swoje dzie\u0142a wygenerowane przez SI w mediach spo\u0142eczno\u015bciowych i ciesz si\u0119 korzy\u015bciami p\u0142yn\u0105cymi z wysokiej jako\u015bci, darmowej sztuki SI.<\/p>\n\n<\/div>\n<\/div>\n<\/div>\n<\/div>\n<\/section>","protected":false},"excerpt":{"rendered":"<p>Unleashing Creativity with Cutting-Edge AI Art Tools Welcome to Free AI Art Generator, where creativity meets cutting-edge technology. Our platform harnesses the power of state-of-the-art AI algorithms and generative AI to transform your text prompts into stunning, vibrant artworks. Our mission is to democratize art creation by offering a suite of free, AI-powered tools that &#8230; <a title=\"O nas\" class=\"read-more\" href=\"https:\/\/aiartfree.online\/pl\/o-nas\/\" aria-label=\"Read more about About Us\">Dowiedz si\u0119 wi\u0119cej<\/a><\/p>","protected":false},"author":1,"featured_media":0,"parent":0,"menu_order":0,"comment_status":"open","ping_status":"closed","template":"","meta":{"nf_dc_page":"","footnotes":""},"class_list":["post-78","page","type-page","status-publish"],"jetpack_sharing_enabled":true,"_links":{"self":[{"href":"https:\/\/aiartfree.online\/pl\/wp-json\/wp\/v2\/pages\/78","targetHints":{"allow":["GET"]}}],"collection":[{"href":"https:\/\/aiartfree.online\/pl\/wp-json\/wp\/v2\/pages"}],"about":[{"href":"https:\/\/aiartfree.online\/pl\/wp-json\/wp\/v2\/types\/page"}],"author":[{"embeddable":true,"href":"https:\/\/aiartfree.online\/pl\/wp-json\/wp\/v2\/users\/1"}],"replies":[{"embeddable":true,"href":"https:\/\/aiartfree.online\/pl\/wp-json\/wp\/v2\/comments?post=78"}],"version-history":[{"count":0,"href":"https:\/\/aiartfree.online\/pl\/wp-json\/wp\/v2\/pages\/78\/revisions"}],"wp:attachment":[{"href":"https:\/\/aiartfree.online\/pl\/wp-json\/wp\/v2\/media?parent=78"}],"curies":[{"name":"wp","href":"https:\/\/api.w.org\/{rel}","templated":true}]}}