{"id":3445,"date":"2024-08-01T18:39:36","date_gmt":"2024-08-01T18:39:36","guid":{"rendered":"https:\/\/aiartfree.online\/?page_id=3445"},"modified":"2025-03-07T08:17:45","modified_gmt":"2025-03-07T08:17:45","slug":"unblur-image","status":"publish","type":"page","link":"https:\/\/aiartfree.online\/pl\/rozmycie-obrazu\/","title":{"rendered":"Rozmycie obrazu"},"content":{"rendered":"<h2 class=\"wp-block-heading has-text-align-center\" id=\"before-vs-after\">Przed i po<\/h2>\n\n\n\n<figure class=\"gb-block-image gb-block-image-1822da1f\"><img data-recalc-dims=\"1\" decoding=\"async\" loading=\"lazy\" width=\"1200\" height=\"704\" class=\"gb-image gb-image-1822da1f\" src=\"https:\/\/i0.wp.com\/aiartfree.online\/wp-content\/uploads\/2024\/08\/WX20240801-215741%402x-scaled.webp?resize=1200%2C704&#038;ssl=1\" alt=\"Rozmyj obraz online za pomoc\u0105 naszego narz\u0119dzia AI. 100% za darmo, bez konieczno\u015bci rejestracji i nieograniczonego u\u017cytkowania. Popraw jako\u015b\u0107 obrazu, usu\u0144 rozmycie i napraw rozmyte zdj\u0119cia dla mi\u0142o\u015bci.\" title=\"WX20240801-215741@2x\" srcset=\"https:\/\/i0.wp.com\/aiartfree.online\/wp-content\/uploads\/2024\/08\/WX20240801-215741%402x-scaled.webp?w=2560&amp;ssl=1 2560w, https:\/\/i0.wp.com\/aiartfree.online\/wp-content\/uploads\/2024\/08\/WX20240801-215741%402x-scaled.webp?resize=300%2C176&amp;ssl=1 300w, https:\/\/i0.wp.com\/aiartfree.online\/wp-content\/uploads\/2024\/08\/WX20240801-215741%402x-scaled.webp?resize=1024%2C601&amp;ssl=1 1024w, https:\/\/i0.wp.com\/aiartfree.online\/wp-content\/uploads\/2024\/08\/WX20240801-215741%402x-scaled.webp?resize=768%2C451&amp;ssl=1 768w, https:\/\/i0.wp.com\/aiartfree.online\/wp-content\/uploads\/2024\/08\/WX20240801-215741%402x-scaled.webp?resize=1536%2C901&amp;ssl=1 1536w, https:\/\/i0.wp.com\/aiartfree.online\/wp-content\/uploads\/2024\/08\/WX20240801-215741%402x-scaled.webp?resize=2048%2C1202&amp;ssl=1 2048w, https:\/\/i0.wp.com\/aiartfree.online\/wp-content\/uploads\/2024\/08\/WX20240801-215741%402x-scaled.webp?resize=18%2C12&amp;ssl=1 18w, https:\/\/i0.wp.com\/aiartfree.online\/wp-content\/uploads\/2024\/08\/WX20240801-215741%402x-scaled.webp?resize=600%2C352&amp;ssl=1 600w, https:\/\/i0.wp.com\/aiartfree.online\/wp-content\/uploads\/2024\/08\/WX20240801-215741%402x-scaled.webp?w=2400&amp;ssl=1 2400w\" sizes=\"auto, (max-width: 1200px) 100vw, 1200px\" \/><\/figure>\n\n\n\n<h2 class=\"wp-block-heading\" id=\"how-to-use-the-unblur-image\">Jak korzysta\u0107 z funkcji Rozmycie obrazu<\/h2>\n\n\n\n<ol class=\"wp-block-list\">\n<li class=\"\">Prze\u015blij sw\u00f3j obraz<\/li>\n\n\n\n<li class=\"\">Kliknij \"Prze\u015blij\"<\/li>\n\n\n\n<li class=\"\">Czekaj, to jest to!<\/li>\n<\/ol>\n\n\n\n<a class=\"gb-button gb-button-113f8659 gb-button-text\" href=\"https:\/\/www.basedlabs.ai\/apps\/ai-image-upscaler?via=rocnubi\" target=\"_blank\" rel=\"noopener noreferrer\">Try Latest Upscaler AI Now <\/a>\n\n\n\n<p class=\"\"><em>* W zale\u017cno\u015bci od szybko\u015bci \u0142\u0105cza internetowego, za\u0142adowanie modelu mo\u017ce zaj\u0105\u0107 <\/em>do 10 sekund \u2193<\/p>\n\n\n\n<div class=\"iframe-wrapper\" style=\"position: relative; width: 100%; height: 1700px;\">\n  <div class=\"loading\" style=\"position: absolute; top: 50px; left: 50%; transform: translate(-50%, -50%); width: 40px; height: 40px; border: 3px solid #f0f0f0; border-top: 3px solid #db7093; border-radius: 50%; animation: spin 1s linear infinite;\"><\/div>\n  <iframe loading=\"lazy\" src=\"https:\/\/algoworks-image-face-upscale-restoration-gfpgan-pub.hf.space\" frameborder=\"0\" width=\"100%\" height=\"100%\" style=\"position: absolute; top: 0; left: 0; opacity: 0; transition: opacity 0.3s;\" onload=\"this.style.opacity=1;this.previousElementSibling.style.display='none';\"><\/iframe>\n<\/div>\n\n<style>\n@keyframes spin {\n  0% { transform: translate(-50%, -50%) rotate(0deg); }\n  100% { transform: translate(-50%, -50%) rotate(360deg); }\n}\n<\/style>\n\n\n\n<div style=\"height:60px\" aria-hidden=\"true\" class=\"wp-block-spacer\"><\/div>\n\n\n\n<h2 class=\"wp-block-heading\" id=\"unblur-image-the-ultimate-guide-to-ai-powered-photo-blur-removal\">Unblur Image: Kompletny przewodnik po usuwaniu rozmycia zdj\u0119\u0107 za pomoc\u0105 sztucznej inteligencji<\/h2>\n\n\n\n<div class=\"wp-block-rank-math-toc-block\" id=\"rank-math-toc\"><h3>Spis tre\u015bci<\/h3><nav><ul><li><a href=\"#outline\">Zarys<\/a><\/li><li><a href=\"#what-is-unblur-image\">Czym jest Unblur Image?<\/a><\/li><li><a href=\"#why-use-unblur-image\">Dlaczego warto u\u017cywa\u0107 Unblur Image?<\/a><\/li><li><a href=\"#main-features-of-unblur-image\">G\u0142\u00f3wne cechy Unblur Image<\/a><ul><li><a href=\"#ai-powered-unblur-tool\">Narz\u0119dzie Unblur oparte na sztucznej inteligencji<\/a><\/li><li><a href=\"#photo-sharpener\">Ostrza\u0142ka do zdj\u0119\u0107<\/a><\/li><li><a href=\"#remove-motion-blur\">Usu\u0144 rozmycie ruchu<\/a><\/li><li><a href=\"#unblur-text\">Rozmycie tekstu<\/a><\/li><li><a href=\"#online-accessibility\">Dost\u0119pno\u015b\u0107 online<\/a><\/li><\/ul><\/li><li><a href=\"#target-audience-and-uses\">Docelowi odbiorcy i zastosowania<\/a><\/li><li><a href=\"#industry-applications-and-uses\">Zastosowania i u\u017cytkowanie w przemy\u015ble<\/a><\/li><li><a href=\"#how-to-use-unblur-image\">Jak korzysta\u0107 z Unblur Image<\/a><\/li><li><a href=\"#unblur-image-usage-cases\">Przypadki u\u017cycia funkcji Unblur Image<\/a><ul><li><a href=\"#enhance-portraits\">Ulepszanie portret\u00f3w<\/a><\/li><li><a href=\"#restore-old-photos\">Przywracanie starych zdj\u0119\u0107<\/a><\/li><li><a href=\"#improve-product-photos\">Ulepsz zdj\u0119cia produkt\u00f3w<\/a><\/li><li><a href=\"#fix-blurry-text\">Napraw rozmyty tekst<\/a><\/li><li><a href=\"#correct-camera-shake\">Poprawianie drga\u0144 kamery<\/a><\/li><\/ul><\/li><li><a href=\"#comparison-table-of-unblur-image-tools\">Tabela por\u00f3wnawcza narz\u0119dzi do usuwania rozmycia obrazu<\/a><\/li><li><a href=\"#advantages-disadvantages-and-challenges-of-the-industry\">Zalety, wady i wyzwania stoj\u0105ce przed bran\u017c\u0105<\/a><ul><li><a href=\"#advantages\">Zalety<\/a><\/li><li><a href=\"#disadvantages\">Wady<\/a><\/li><li><a href=\"#challenges\">Wyzwania<\/a><\/li><\/ul><\/li><li><a href=\"#frequently-asked-questions\">Cz\u0119sto zadawane pytania<\/a><\/li><li><a href=\"#summary\">Podsumowanie<\/a><\/li><\/ul><\/nav><\/div>\n\n\n\n<h3 class=\"wp-block-heading\" id=\"outline\">Zarys<\/h3>\n\n\n\n<p class=\"\">W tym kompleksowym przewodniku poznamy \u015bwiat usuwania rozmycia obrazu, jego zalety, funkcje, grup\u0119 docelow\u0105 i praktyczne zastosowania. Zapewnimy r\u00f3wnie\u017c instrukcje krok po kroku, przypadki u\u017cycia i tabel\u0119 por\u00f3wnawcz\u0105 najlepszych dost\u0119pnych narz\u0119dzi. Na koniec odpowiemy na najcz\u0119\u015bciej zadawane pytania i przedstawimy podsumowanie z kluczowymi zaletami i wezwaniem do dzia\u0142ania.<\/p>\n\n\n\n<h3 class=\"wp-block-heading\" id=\"what-is-unblur-image\">Czym jest Unblur Image?<\/h3>\n\n\n\n<p class=\"\">Unblur Image odnosi si\u0119 do procesu korzystania z narz\u0119dzi opartych na sztucznej inteligencji w celu usuni\u0119cia rozmycia i zwi\u0119kszenia ostro\u015bci obraz\u00f3w. Niezale\u017cnie od tego, czy jest to spowodowane drganiami aparatu, rozmyciem w ruchu czy s\u0142ab\u0105 ostro\u015bci\u0105, narz\u0119dzia te mog\u0105 przywr\u00f3ci\u0107 jako\u015b\u0107 obrazu, sprawiaj\u0105c, \u017ce rozmazane zdj\u0119cia zn\u00f3w b\u0119d\u0105 wyra\u017ane.<\/p>\n\n\n\n<h3 class=\"wp-block-heading\" id=\"why-use-unblur-image\">Dlaczego warto u\u017cywa\u0107 Unblur Image?<\/h3>\n\n\n\n<p class=\"\">Korzystanie z narz\u0119dzia do usuwania rozmycia obrazu ma kilka zalet:<\/p>\n\n\n\n<ul class=\"wp-block-list\">\n<li class=\"\"><strong>Poprawa jako\u015bci obrazu:<\/strong> Zwi\u0119ksz wyrazisto\u015b\u0107 i szczeg\u00f3\u0142owo\u015b\u0107 zdj\u0119\u0107.<\/li>\n\n\n\n<li class=\"\"><strong>Przywracanie starych zdj\u0119\u0107:<\/strong> Tchnij nowe \u017cycie w stare, rozmazane obrazy.<\/li>\n\n\n\n<li class=\"\"><strong>Profesjonalne wyniki:<\/strong> Osi\u0105gaj wysokiej jako\u015bci rezultaty bez konieczno\u015bci posiadania zaawansowanych umiej\u0119tno\u015bci edycji zdj\u0119\u0107.<\/li>\n\n\n\n<li class=\"\"><strong>Wygoda:<\/strong> \u0141atwe usuwanie rozmycia obraz\u00f3w online bez konieczno\u015bci pobierania oprogramowania.<\/li>\n\n\n\n<li class=\"\"><strong>Wydajno\u015b\u0107:<\/strong> Szybkie naprawianie rozmazanych zdj\u0119\u0107 za pomoc\u0105 kilku klikni\u0119\u0107.<\/li>\n<\/ul>\n\n\n\n<p class=\"\">Ludzie cz\u0119sto szukaj\u0105 rozwi\u0105za\u0144, kt\u00f3re sprawi\u0105, \u017ce rozmazany obraz b\u0119dzie wyra\u017any, naprawi\u0105 rozmazane zdj\u0119cia i usun\u0105 rozmycie z obraz\u00f3w. Te narz\u0119dzia zapewniaj\u0105 odpowiedzi na te typowe problemy.<\/p>\n\n\n\n<h3 class=\"wp-block-heading\" id=\"main-features-of-unblur-image\">G\u0142\u00f3wne cechy Unblur Image<\/h3>\n\n\n\n<h4 class=\"wp-block-heading\" id=\"ai-powered-unblur-tool\">Narz\u0119dzie Unblur oparte na sztucznej inteligencji<\/h4>\n\n\n\n<p class=\"\">Wykorzystaj moc sztucznej inteligencji, aby dok\u0142adnie usun\u0105\u0107 rozmycie i poprawi\u0107 szczeg\u00f3\u0142y obrazu.<\/p>\n\n\n\n<h4 class=\"wp-block-heading\" id=\"photo-sharpener\">Ostrza\u0142ka do zdj\u0119\u0107<\/h4>\n\n\n\n<p class=\"\">Wyostrz obrazy, aby odzyska\u0107 drobne szczeg\u00f3\u0142y utracone z powodu rozmycia.<\/p>\n\n\n\n<h4 class=\"wp-block-heading\" id=\"remove-motion-blur\">Usu\u0144 rozmycie ruchu<\/h4>\n\n\n\n<p class=\"\">Specjalny cel i redukcja rozmycia spowodowanego drganiami lub ruchem kamery.<\/p>\n\n\n\n<h4 class=\"wp-block-heading\" id=\"unblur-text\">Rozmycie tekstu<\/h4>\n\n\n\n<p class=\"\">Popraw czytelno\u015b\u0107 rozmytego tekstu na obrazach.<\/p>\n\n\n\n<h4 class=\"wp-block-heading\" id=\"online-accessibility\">Dost\u0119pno\u015b\u0107 online<\/h4>\n\n\n\n<p class=\"\">Rozmywaj obrazy bezpo\u015brednio z przegl\u0105darki bez konieczno\u015bci rejestracji, oferuj\u0105c 100% bezp\u0142atny i nieograniczony dost\u0119p.<\/p>\n\n\n\n<h3 class=\"wp-block-heading\" id=\"target-audience-and-uses\">Docelowi odbiorcy i zastosowania<\/h3>\n\n\n\n<p class=\"\">Docelowi odbiorcy narz\u0119dzi do usuwania rozmycia obrazu obejmuj\u0105:<\/p>\n\n\n\n<ul class=\"wp-block-list\">\n<li class=\"\"><strong>Fotografowie:<\/strong> Poprawa jako\u015bci zdj\u0119\u0107 wykonanych w mniej ni\u017c idealnych warunkach.<\/li>\n\n\n\n<li class=\"\"><strong>Graficy:<\/strong> Ulepszanie obraz\u00f3w do wykorzystania w r\u00f3\u017cnych projektach.<\/li>\n\n\n\n<li class=\"\"><strong>U\u017cytkownicy medi\u00f3w spo\u0142eczno\u015bciowych:<\/strong> Upewnij si\u0119, \u017ce zdj\u0119cia udost\u0119pniane online s\u0105 wyra\u017ane i wysokiej jako\u015bci.<\/li>\n\n\n\n<li class=\"\"><strong>Rodziny:<\/strong> Przywr\u00f3\u0107 stare zdj\u0119cia rodzinne, kt\u00f3re z czasem sta\u0142y si\u0119 niewyra\u017ane.<\/li>\n\n\n\n<li class=\"\"><strong>Studenci i profesjonali\u015bci:<\/strong> Rozmycie tekstu na obrazach dla lepszej czytelno\u015bci w prezentacjach i dokumentach.<\/li>\n<\/ul>\n\n\n\n<h3 class=\"wp-block-heading\" id=\"industry-applications-and-uses\">Zastosowania i u\u017cytkowanie w przemy\u015ble<\/h3>\n\n\n\n<p class=\"\">Narz\u0119dzia do usuwania rozmycia obrazu s\u0105 szeroko stosowane w wielu bran\u017cach, w tym:<\/p>\n\n\n\n<ul class=\"wp-block-list\">\n<li class=\"\"><strong>Zdj\u0119cia:<\/strong> Zwi\u0119ksz wyrazisto\u015b\u0107 profesjonalnych zdj\u0119\u0107.<\/li>\n\n\n\n<li class=\"\"><strong>Handel elektroniczny:<\/strong> Popraw zdj\u0119cia produkt\u00f3w, aby przyci\u0105gn\u0105\u0107 klient\u00f3w.<\/li>\n\n\n\n<li class=\"\"><strong>Media i reklama:<\/strong> Zapewnienie wysokiej jako\u015bci obraz\u00f3w w materia\u0142ach marketingowych.<\/li>\n\n\n\n<li class=\"\"><strong>Opieka zdrowotna:<\/strong> Poprawa czytelno\u015bci zeskanowanych dokument\u00f3w i obraz\u00f3w medycznych.<\/li>\n\n\n\n<li class=\"\"><strong>Edukacja:<\/strong> Poprawa jako\u015bci materia\u0142\u00f3w edukacyjnych i prezentacji.<\/li>\n<\/ul>\n\n\n\n<h3 class=\"wp-block-heading\" id=\"how-to-use-unblur-image\">Jak korzysta\u0107 z Unblur Image<\/h3>\n\n\n\n<p class=\"\">Wykonaj poni\u017csze czynno\u015bci, aby usun\u0105\u0107 rozmycie obrazu za pomoc\u0105 zalecanego narz\u0119dzia:<\/p>\n\n\n\n<ol class=\"wp-block-list\">\n<li class=\"\"><strong>Otw\u00f3rz narz\u0119dzie:<\/strong> Przejd\u017a do <a href=\"https:\/\/aiartfree.online\/pl\/rozmycie-obrazu\/\">Narz\u0119dzie do usuwania rozmycia obrazu<\/a>.<\/li>\n\n\n\n<li class=\"\"><strong>Prze\u015blij sw\u00f3j obraz:<\/strong> Kliknij przycisk przesy\u0142ania i wybierz rozmyty obraz, kt\u00f3ry chcesz naprawi\u0107.<\/li>\n\n\n\n<li class=\"\"><strong>Dostosuj ustawienia:<\/strong> U\u017cyj dost\u0119pnych ustawie\u0144, aby dostosowa\u0107 proces usuwania rozmycia.<\/li>\n\n\n\n<li class=\"\"><strong>Zastosuj zmiany:<\/strong> Kliknij przycisk usuwania rozmycia, aby przetworzy\u0107 obraz.<\/li>\n\n\n\n<li class=\"\"><strong>Pobierz wynik:<\/strong> Po zako\u0144czeniu procesu pobierz ulepszony obraz.<\/li>\n<\/ol>\n\n\n\n<h3 class=\"wp-block-heading\" id=\"unblur-image-usage-cases\">Przypadki u\u017cycia funkcji Unblur Image<\/h3>\n\n\n\n<h4 class=\"wp-block-heading\" id=\"enhance-portraits\">Ulepszanie portret\u00f3w<\/h4>\n\n\n\n<p class=\"\">Rozmyj zdj\u0119cia portretowe, aby podkre\u015bli\u0107 rysy twarzy i poprawi\u0107 og\u00f3ln\u0105 jako\u015b\u0107 obrazu.<\/p>\n\n\n\n<h4 class=\"wp-block-heading\" id=\"restore-old-photos\">Przywracanie starych zdj\u0119\u0107<\/h4>\n\n\n\n<p class=\"\">U\u017cyj narz\u0119dzi do usuwania rozmycia, aby nada\u0107 wyrazisto\u015b\u0107 starym, rozmytym zdj\u0119ciom rodzinnym i zachowa\u0107 wspomnienia.<\/p>\n\n\n\n<h4 class=\"wp-block-heading\" id=\"improve-product-photos\">Ulepsz zdj\u0119cia produkt\u00f3w<\/h4>\n\n\n\n<p class=\"\">Popraw jako\u015b\u0107 zdj\u0119\u0107 produkt\u00f3w w witrynach e-commerce, czyni\u0105c je bardziej atrakcyjnymi dla klient\u00f3w.<\/p>\n\n\n\n<h4 class=\"wp-block-heading\" id=\"fix-blurry-text\">Napraw rozmyty tekst<\/h4>\n\n\n\n<p class=\"\">Rozmycie tekstu w zeskanowanych dokumentach lub obrazach w celu poprawy czytelno\u015bci.<\/p>\n\n\n\n<h4 class=\"wp-block-heading\" id=\"correct-camera-shake\">Poprawianie drga\u0144 kamery<\/h4>\n\n\n\n<p class=\"\">Usuni\u0119cie rozmycia spowodowanego drganiami aparatu na zdj\u0119ciach wykonanych w podr\u00f3\u017cy.<\/p>\n\n\n\n<h3 class=\"wp-block-heading\" id=\"comparison-table-of-unblur-image-tools\">Tabela por\u00f3wnawcza narz\u0119dzi do usuwania rozmycia obrazu<\/h3>\n\n\n\n<figure class=\"wp-block-table\"><table class=\"has-fixed-layout\"><thead><tr><th>Nazwa narz\u0119dzia<\/th><th>Adres URL witryny<\/th><th>Zalety<\/th><th>Wady<\/th><\/tr><\/thead><tbody><tr><td>AI Art - darmowe narz\u0119dzie do usuwania rozmycia obrazu<\/td><td><a href=\"https:\/\/aiartfree.online\/pl\/rozmycie-obrazu\/\">https:\/\/aiartfree.online\/Unblur-Image<\/a><\/td><td>100% Bezp\u0142atnie, bez rejestracji, bez ogranicze\u0144<\/td><td>Ograniczone funkcje zaawansowane<\/td><\/tr><tr><td>Fotor<\/td><td>https:\/\/www.fotor.com<\/td><td>\u0141atwa obs\u0142uga, wiele narz\u0119dzi do edycji<\/td><td>Wymaga konta dla pe\u0142nego dost\u0119pu<\/td><\/tr><tr><td>Enhance.Pho.to<\/td><td>https:\/\/enhance.pho.to<\/td><td>Darmowy, prosty interfejs<\/td><td>Ograniczone funkcje<\/td><\/tr><tr><td>LunaPic<\/td><td>https:\/\/www.lunapic.com<\/td><td>Darmowe narz\u0119dzie online<\/td><td>Reklamy na stronie<\/td><\/tr><tr><td>PineTools<\/td><td>https:\/\/www.pinetools.com<\/td><td>Bezp\u0142atne, r\u00f3\u017cnorodne narz\u0119dzia<\/td><td>Podstawowy interfejs<\/td><\/tr><tr><td>Photopea<\/td><td>https:\/\/www.photopea.com<\/td><td>Pot\u0119\u017cny, darmowy<\/td><td>Mo\u017ce by\u0107 skomplikowana dla pocz\u0105tkuj\u0105cych<\/td><\/tr><tr><td>Adobe Photoshop Express<\/td><td>https:\/\/www.photoshop.com\/tools<\/td><td>Zaufana marka, wysoka jako\u015b\u0107 wynik\u00f3w<\/td><td>Ograniczona wersja darmowa<\/td><\/tr><tr><td>Snapseed<\/td><td>https:\/\/snapseed.online<\/td><td>Przyjazny dla urz\u0105dze\u0144 mobilnych, \u0142atwy w u\u017cyciu<\/td><td>Wymaga pobrania<\/td><\/tr><tr><td>GIMP<\/td><td>https:\/\/www.gimp.org<\/td><td>Darmowy, Open-source<\/td><td>Stroma krzywa uczenia si\u0119<\/td><\/tr><tr><td>VanceAI<\/td><td><a href=\"https:\/\/vanceai.com\" target=\"_blank\" rel=\"noopener\">https:\/\/vanceai.com<\/a><\/td><td>Wysokiej jako\u015bci wyniki oparte na sztucznej inteligencji<\/td><td>Wymagana p\u0142atna subskrypcja<\/td><\/tr><\/tbody><\/table><\/figure>\n\n\n\n<h3 class=\"wp-block-heading\" id=\"advantages-disadvantages-and-challenges-of-the-industry\">Zalety, wady i wyzwania stoj\u0105ce przed bran\u017c\u0105<\/h3>\n\n\n\n<h4 class=\"wp-block-heading\" id=\"advantages\">Zalety<\/h4>\n\n\n\n<ul class=\"wp-block-list\">\n<li class=\"\"><strong>Dost\u0119pno\u015b\u0107:<\/strong> Wi\u0119kszo\u015b\u0107 narz\u0119dzi jest dost\u0119pna online, co zapewnia \u0142atwy dost\u0119p.<\/li>\n\n\n\n<li class=\"\"><strong>Op\u0142acalno\u015b\u0107:<\/strong> Wiele narz\u0119dzi oferuje darmowe wersje z zaawansowanymi funkcjami.<\/li>\n\n\n\n<li class=\"\"><strong>Przyjazny dla u\u017cytkownika:<\/strong> Zaprojektowany dla u\u017cytkownik\u00f3w o r\u00f3\u017cnym poziomie wiedzy.<\/li>\n<\/ul>\n\n\n\n<h4 class=\"wp-block-heading\" id=\"disadvantages\">Wady<\/h4>\n\n\n\n<ul class=\"wp-block-list\">\n<li class=\"\"><strong>Odchylenie jako\u015bciowe:<\/strong> Wyniki mog\u0105 si\u0119 r\u00f3\u017cni\u0107 w zale\u017cno\u015bci od u\u017cytego narz\u0119dzia.<\/li>\n\n\n\n<li class=\"\"><strong>Krzywa uczenia si\u0119:<\/strong> Niekt\u00f3re narz\u0119dzia mog\u0105 wymaga\u0107 czasu na nauk\u0119 i opanowanie.<\/li>\n\n\n\n<li class=\"\"><strong>Op\u0142aty abonamentowe:<\/strong> Zaawansowane funkcje mog\u0105 wymaga\u0107 p\u0142atnych subskrypcji.<\/li>\n<\/ul>\n\n\n\n<h4 class=\"wp-block-heading\" id=\"challenges\">Wyzwania<\/h4>\n\n\n\n<ul class=\"wp-block-list\">\n<li class=\"\"><strong>Utrzymanie jako\u015bci:<\/strong> Zapewnienie niezmiennie wysokiej jako\u015bci wynik\u00f3w na r\u00f3\u017cnych obrazach.<\/li>\n\n\n\n<li class=\"\"><strong>Ograniczenia technologiczne:<\/strong> Technologia AI mo\u017ce nie radzi\u0107 sobie doskonale ze wszystkimi rodzajami rozmycia.<\/li>\n\n\n\n<li class=\"\"><strong>Oczekiwania u\u017cytkownik\u00f3w:<\/strong> Spe\u0142nianie r\u00f3\u017cnorodnych oczekiwa\u0144 u\u017cytkownik\u00f3w w r\u00f3\u017cnych przypadkach u\u017cycia.<\/li>\n<\/ul>\n\n\n\n<h3 class=\"wp-block-heading\" id=\"frequently-asked-questions\">Cz\u0119sto zadawane pytania<\/h3>\n\n\n\n<ol class=\"wp-block-list\">\n<li class=\"\"><strong>Jak usun\u0105\u0107 rozmycie obrazu?<\/strong>\n<ul class=\"wp-block-list\">\n<li class=\"\">Skorzystaj z narz\u0119dzia online, takiego jak <a href=\"https:\/\/aiartfree.online\/pl\/rozmycie-obrazu\/\">AI Art - darmowe narz\u0119dzie do usuwania rozmycia obrazu<\/a> aby przes\u0142a\u0107 i przetworzy\u0107 obraz.<\/li>\n<\/ul>\n<\/li>\n\n\n\n<li class=\"\"><strong>Jak odblokowa\u0107 obrazy?<\/strong>\n<ul class=\"wp-block-list\">\n<li class=\"\">Wybierz niezawodne narz\u0119dzie, prze\u015blij obraz, dostosuj ustawienia i zastosuj efekt rozmycia.<\/li>\n<\/ul>\n<\/li>\n\n\n\n<li class=\"\"><strong>Jak usun\u0105\u0107 rozmycie obrazu?<\/strong>\n<ul class=\"wp-block-list\">\n<li class=\"\">Post\u0119puj zgodnie z powy\u017cszym przewodnikiem krok po kroku, korzystaj\u0105c z narz\u0119dzia opartego na sztucznej inteligencji.<\/li>\n<\/ul>\n<\/li>\n\n\n\n<li class=\"\"><strong>Jak usun\u0105\u0107 rozmycie obrazu na iPhonie?<\/strong>\n<ul class=\"wp-block-list\">\n<li class=\"\">Otw\u00f3rz przegl\u0105dark\u0119 i odwied\u017a stron\u0119 <a href=\"https:\/\/aiartfree.online\/pl\/rozmycie-obrazu\/\">AI Art - darmowe narz\u0119dzie do usuwania rozmycia obrazu<\/a> aby odblokowa\u0107 obraz.<\/li>\n<\/ul>\n<\/li>\n\n\n\n<li class=\"\"><strong>Jak usun\u0105\u0107 rozmycie obrazu w programie Photoshop?<\/strong>\n<ul class=\"wp-block-list\">\n<li class=\"\">Otw\u00f3rz przegl\u0105dark\u0119 i odwied\u017a stron\u0119 <a href=\"https:\/\/aiartfree.online\/pl\/rozmycie-obrazu\/\">AI Art - darmowe narz\u0119dzie do usuwania rozmycia obrazu<\/a> aby u\u017cy\u0107 \u0142atwiejszej alternatywy.<\/li>\n<\/ul>\n<\/li>\n\n\n\n<li class=\"\"><strong>Jak sprawi\u0107, by rozmazany obraz by\u0142 wyra\u017any?<\/strong>\n<ul class=\"wp-block-list\">\n<li class=\"\">U\u017cyj narz\u0119dzia do wyostrzania zdj\u0119\u0107, aby zwi\u0119kszy\u0107 wyrazisto\u015b\u0107 obrazu.<\/li>\n<\/ul>\n<\/li>\n\n\n\n<li class=\"\"><strong>Jak odblokowa\u0107 zdj\u0119cie?<\/strong>\n<ul class=\"wp-block-list\">\n<li class=\"\">Aby usun\u0105\u0107 rozmycie ze zdj\u0119cia, wykonaj czynno\u015bci opisane w sekcji \"Jak u\u017cy\u0107 funkcji Rozmycie obrazu\".<\/li>\n<\/ul>\n<\/li>\n\n\n\n<li class=\"\"><strong>Jak naprawi\u0107 rozmazane zdj\u0119cia?<\/strong>\n<ul class=\"wp-block-list\">\n<li class=\"\">Skorzystaj z internetowego narz\u0119dzia do usuwania rozmycia, aby przywr\u00f3ci\u0107 wyrazisto\u015b\u0107 rozmytych zdj\u0119\u0107.<\/li>\n<\/ul>\n<\/li>\n\n\n\n<li class=\"\"><strong>Jakie jest najlepsze narz\u0119dzie do usuwania rozmycia?<\/strong>\n<ul class=\"wp-block-list\">\n<li class=\"\">The <a href=\"https:\/\/aiartfree.online\/pl\/rozmycie-obrazu\/\">AI Art - darmowe narz\u0119dzie do usuwania rozmycia obrazu<\/a> jest wysoce zalecana ze wzgl\u0119du na \u0142atwo\u015b\u0107 obs\u0142ugi i zaawansowane funkcje.<\/li>\n<\/ul>\n<\/li>\n\n\n\n<li class=\"\"><strong>Jak usun\u0105\u0107 rozmycie tekstu na obrazie?<\/strong>\n<ul class=\"wp-block-list\">\n<li class=\"\">U\u017cyj narz\u0119dzia do usuwania rozmycia tekstu, aby poprawi\u0107 czytelno\u015b\u0107 rozmytego tekstu na obrazach.<\/li>\n<\/ul>\n<\/li>\n<\/ol>\n\n\n\n<h3 class=\"wp-block-heading\" id=\"summary\">Podsumowanie<\/h3>\n\n\n\n<p class=\"\">Usuwanie rozmy\u0107 z obraz\u00f3w nigdy nie by\u0142o \u0142atwiejsze dzi\u0119ki dost\u0119pno\u015bci pot\u0119\u017cnych narz\u0119dzi opartych na sztucznej inteligencji. Niezale\u017cnie od tego, czy chcesz poprawi\u0107 zdj\u0119cia portretowe, przywr\u00f3ci\u0107 stare obrazy, czy naprawi\u0107 rozmazany tekst, narz\u0119dzia te oferuj\u0105 wygodne i skuteczne rozwi\u0105zanie. Odwied\u017a <a href=\"https:\/\/aiartfree.online\/pl\/rozmycie-obrazu\/\">AI Art - darmowe narz\u0119dzie do usuwania rozmycia obrazu<\/a> aby do\u015bwiadczy\u0107 najlepszego dost\u0119pnego narz\u0119dzia do usuwania rozmycia, 100% za darmo i bez ogranicze\u0144, bez konieczno\u015bci rejestracji. Przekszta\u0142\u0107 swoje rozmazane obrazy w wyra\u017ane, wysokiej jako\u015bci zdj\u0119cia ju\u017c dzi\u015b!<\/p>","protected":false},"excerpt":{"rendered":"<p>Before vs After How to use the Unblur Image *&nbsp;Depending on your internet speed, loading the model may take up to 10 seconds \u2193 Unblur Image: The Ultimate Guide to AI-Powered Photo Blur Removal Outline In this comprehensive guide, we will explore the world of image unblurring, its advantages, functions, target audience, and practical uses. &#8230; <a title=\"Rozmycie obrazu\" class=\"read-more\" href=\"https:\/\/aiartfree.online\/pl\/rozmycie-obrazu\/\" aria-label=\"Read more about Unblur Image\">Dowiedz si\u0119 wi\u0119cej<\/a><\/p>","protected":false},"author":1,"featured_media":3450,"parent":0,"menu_order":0,"comment_status":"open","ping_status":"closed","template":"","meta":{"nf_dc_page":"","footnotes":""},"class_list":["post-3445","page","type-page","status-publish","has-post-thumbnail"],"jetpack_sharing_enabled":true,"_links":{"self":[{"href":"https:\/\/aiartfree.online\/pl\/wp-json\/wp\/v2\/pages\/3445","targetHints":{"allow":["GET"]}}],"collection":[{"href":"https:\/\/aiartfree.online\/pl\/wp-json\/wp\/v2\/pages"}],"about":[{"href":"https:\/\/aiartfree.online\/pl\/wp-json\/wp\/v2\/types\/page"}],"author":[{"embeddable":true,"href":"https:\/\/aiartfree.online\/pl\/wp-json\/wp\/v2\/users\/1"}],"replies":[{"embeddable":true,"href":"https:\/\/aiartfree.online\/pl\/wp-json\/wp\/v2\/comments?post=3445"}],"version-history":[{"count":1,"href":"https:\/\/aiartfree.online\/pl\/wp-json\/wp\/v2\/pages\/3445\/revisions"}],"predecessor-version":[{"id":3597,"href":"https:\/\/aiartfree.online\/pl\/wp-json\/wp\/v2\/pages\/3445\/revisions\/3597"}],"wp:featuredmedia":[{"embeddable":true,"href":"https:\/\/aiartfree.online\/pl\/wp-json\/wp\/v2\/media\/3450"}],"wp:attachment":[{"href":"https:\/\/aiartfree.online\/pl\/wp-json\/wp\/v2\/media?parent=3445"}],"curies":[{"name":"wp","href":"https:\/\/api.w.org\/{rel}","templated":true}]}}