{"id":3444,"date":"2024-08-02T05:54:16","date_gmt":"2024-08-02T05:54:16","guid":{"rendered":"https:\/\/aiartfree.online\/?page_id=3444"},"modified":"2025-03-07T08:03:21","modified_gmt":"2025-03-07T08:03:21","slug":"ai-picture-generator","status":"publish","type":"page","link":"https:\/\/aiartfree.online\/pl\/generator-obrazow-ai\/","title":{"rendered":"Generator obraz\u00f3w AI"},"content":{"rendered":"<h2 class=\"wp-block-heading has-text-align-center\">Co zrobili nasi u\u017cytkownicy<\/h2>\n\n\n\n<figure class=\"gb-block-image gb-block-image-1822da1f\"><img data-recalc-dims=\"1\" decoding=\"async\" loading=\"lazy\" width=\"1112\" height=\"576\" class=\"gb-image gb-image-1822da1f\" src=\"https:\/\/i0.wp.com\/aiartfree.online\/wp-content\/uploads\/2024\/08\/WX20240802-111707%402x.jpg?resize=1112%2C576&#038;ssl=1\" alt=\"Tw\u00f3rz wspania\u0142e i unikalne obrazy bez wysi\u0142ku dzi\u0119ki AI Art Free. Nasz darmowy generator obraz\u00f3w AI 100% oferuje nieograniczony dost\u0119p i wysokiej jako\u015bci wyniki, idealne do medi\u00f3w spo\u0142eczno\u015bciowych, marketingu i u\u017cytku osobistego. Nie jest wymagana rejestracja - wystarczy wprowadzi\u0107 tekst i pozwoli\u0107 naszej sztucznej inteligencji przekszta\u0142ci\u0107 swoje pomys\u0142y w pi\u0119kne wizualizacje. Odkryj nieograniczone mo\u017cliwo\u015bci dzi\u0119ki naszemu pot\u0119\u017cnemu i \u0142atwemu w u\u017cyciu narz\u0119dziu ju\u017c dzi\u015b!\" title=\"WX20240802-111707@2x\" srcset=\"https:\/\/i0.wp.com\/aiartfree.online\/wp-content\/uploads\/2024\/08\/WX20240802-111707%402x.jpg?w=1112&amp;ssl=1 1112w, https:\/\/i0.wp.com\/aiartfree.online\/wp-content\/uploads\/2024\/08\/WX20240802-111707%402x.jpg?resize=300%2C155&amp;ssl=1 300w, https:\/\/i0.wp.com\/aiartfree.online\/wp-content\/uploads\/2024\/08\/WX20240802-111707%402x.jpg?resize=1024%2C530&amp;ssl=1 1024w, https:\/\/i0.wp.com\/aiartfree.online\/wp-content\/uploads\/2024\/08\/WX20240802-111707%402x.jpg?resize=768%2C398&amp;ssl=1 768w, https:\/\/i0.wp.com\/aiartfree.online\/wp-content\/uploads\/2024\/08\/WX20240802-111707%402x.jpg?resize=18%2C9&amp;ssl=1 18w, https:\/\/i0.wp.com\/aiartfree.online\/wp-content\/uploads\/2024\/08\/WX20240802-111707%402x.jpg?resize=600%2C311&amp;ssl=1 600w\" sizes=\"auto, (max-width: 1112px) 100vw, 1112px\" \/><\/figure>\n\n\n\n<h2 class=\"wp-block-heading\">Jak korzysta\u0107 z generatora obraz\u00f3w AI<\/h2>\n\n\n\n<ol class=\"wp-block-list\">\n<li class=\"\">Prze\u015blij plik audio<\/li>\n\n\n\n<li class=\"\">Kliknij \"T\u0142umacz\"<\/li>\n\n\n\n<li class=\"\">Czekaj, to jest to!<\/li>\n<\/ol>\n\n\n\n<p class=\"\">* Zach\u0119camy do wypr\u00f3bowania poni\u017cszych przyk\u0142ad\u00f3w, je\u015bli nie masz jeszcze \u017cadnych pomys\u0142\u00f3w.<\/p>\n\n\n\n<h2 class=\"wp-block-heading\">Przyk\u0142ady podpowiedzi<\/h2>\n\n\n\n<ol style=\"font-size:16px\" class=\"wp-block-list\">\n<li class=\"\">zapieraj\u0105ca dech w piersiach, bardzo szczeg\u00f3\u0142owa ilustracja powie\u015bci graficznej morgana freemana jad\u0105cego na motocyklu harley davidson, mroczna i szorstka<\/li>\n\n\n\n<li class=\"\">Zapieraj\u0105ca dech w piersiach graficzna ilustracja powie\u015bciowa Po\u015br\u00f3d rozleg\u0142ej mg\u0142awicy unosi si\u0119 samotny astronauta, przywi\u0105zany do \u015bwietlistego statku kosmicznego. Promienne gazy mg\u0142awicy ta\u0144cz\u0105 wok\u00f3\u0142, odbijaj\u0105c \u017cywe kolory na skafandrze, tworz\u0105c balet \u015bwiat\u0142a i ruchu.<\/li>\n\n\n\n<li class=\"\">Zapieraj\u0105ca dech w piersiach ilustracja powie\u015bci graficznej Na rozdro\u017cu na postapokaliptycznym pustkowiu w\u0119drowiec z gitar\u0105 wykonan\u0105 ze z\u0142omu \u015bpiewa opowie\u015bci o starym \u015bwiecie. Zmutowane stworzenia gromadz\u0105 si\u0119 wok\u00f3\u0142 ogniska, a ich oczy wype\u0142nione s\u0105 t\u0119sknot\u0105.<\/li>\n\n\n\n<li class=\"\">Zapieraj\u0105ca dech w piersiach ilustracja przedstawiaj\u0105ca dziecko goni\u0105ce kolorowe motyle na t\u0119tni\u0105cej \u017cyciem \u0142\u0105ce.<\/li>\n\n\n\n<li class=\"\">zapieraj\u0105ca dech w piersiach graficzna ilustracja powie\u015bciowa Na pla\u017cy, gdzie fale s\u0105 utkane opowie\u015bciami, gaw\u0119dziarz z krosnem ksi\u0119\u017cycowego \u015bwiat\u0142a tworzy opowie\u015bci z przyp\u0142yw\u00f3w. Muszle szepcz\u0105 legendy, a horyzont jest gobelinem przyg\u00f3d, kt\u00f3re jeszcze nie zosta\u0142y opowiedziane.<\/li>\n\n\n\n<li class=\"\">Zapieraj\u0105ca dech w piersiach ilustracja powie\u015bci graficznej przedstawiaj\u0105ca soko\u0142a szybuj\u0105cego nad pustyni\u0105 w poszukiwaniu zdobyczy.<\/li>\n\n\n\n<li class=\"\">Zapieraj\u0105ca dech w piersiach ilustracja powie\u015bci graficznej G\u0142\u0119boko za ko\u0142em podbiegunowym zorza polarna maluje niebo \u017cywymi odcieniami zieleni, r\u00f3\u017cu i fioletu. \u015anieg poni\u017cej odbija ten taniec \u015bwiate\u0142, a \u015bwiat ogarnia hipnotyzuj\u0105ca symfonia kolor\u00f3w.<\/li>\n\n\n\n<li class=\"\">Zapieraj\u0105ca dech w piersiach ilustracja powie\u015bci graficznej przedstawiaj\u0105ca tatua\u017cyst\u0119 wykonuj\u0105cego skomplikowany wz\u00f3r na plecach klienta.<\/li>\n\n\n\n<li class=\"\">Zapieraj\u0105ca dech w piersiach ilustracja przedstawiaj\u0105ca kobiet\u0119 ubran\u0105 w kolorowe jedwabie, czytaj\u0105c\u0105 karty tarota w o\u015bwietlonym \u015bwiecami namiocie.<\/li>\n\n\n\n<li class=\"\">Zapieraj\u0105ca dech w piersiach ilustracja powie\u015bci graficznej przedstawiaj\u0105ca dw\u00f3ch spelunkowicz\u00f3w mapuj\u0105cych g\u0142\u0119bok\u0105 jaskini\u0119, z pochodniami o\u015bwietlaj\u0105cymi drog\u0119.<\/li>\n<\/ol>\n\n\n\n<figure class=\"gb-block-image gb-block-image-032aac41\"><a href=\"https:\/\/fas.st\/t\/9U4PYbm7\" target=\"_blank\" rel=\"noopener noreferrer\"><img data-recalc-dims=\"1\" decoding=\"async\" loading=\"lazy\" width=\"1200\" height=\"365\" class=\"gb-image gb-image-032aac41\" src=\"https:\/\/i0.wp.com\/aiartfree.online\/wp-content\/uploads\/2025\/03\/WX20250307-115412%402x.webp?resize=1200%2C365&#038;ssl=1\" alt=\"\" title=\"WX20250307-115412@2x\" srcset=\"https:\/\/i0.wp.com\/aiartfree.online\/wp-content\/uploads\/2025\/03\/WX20250307-115412%402x.webp?w=1942&amp;ssl=1 1942w, https:\/\/i0.wp.com\/aiartfree.online\/wp-content\/uploads\/2025\/03\/WX20250307-115412%402x.webp?resize=300%2C91&amp;ssl=1 300w, https:\/\/i0.wp.com\/aiartfree.online\/wp-content\/uploads\/2025\/03\/WX20250307-115412%402x.webp?resize=1024%2C312&amp;ssl=1 1024w, https:\/\/i0.wp.com\/aiartfree.online\/wp-content\/uploads\/2025\/03\/WX20250307-115412%402x.webp?resize=768%2C234&amp;ssl=1 768w, https:\/\/i0.wp.com\/aiartfree.online\/wp-content\/uploads\/2025\/03\/WX20250307-115412%402x.webp?resize=1536%2C467&amp;ssl=1 1536w, https:\/\/i0.wp.com\/aiartfree.online\/wp-content\/uploads\/2025\/03\/WX20250307-115412%402x.webp?resize=18%2C5&amp;ssl=1 18w, https:\/\/i0.wp.com\/aiartfree.online\/wp-content\/uploads\/2025\/03\/WX20250307-115412%402x.webp?resize=600%2C183&amp;ssl=1 600w\" sizes=\"auto, (max-width: 1200px) 100vw, 1200px\" \/><\/a><\/figure>\n\n\n\n<p class=\"\"><em>* W zale\u017cno\u015bci od szybko\u015bci \u0142\u0105cza internetowego, za\u0142adowanie modelu mo\u017ce zaj\u0105\u0107 <\/em>do 10 sekund \u2193<\/p>\n\n\n\n<div class=\"iframe-wrapper\" style=\"position: relative; width: 100%; height: 1000px;\">\n  <div class=\"loading\" style=\"position: absolute; top: 50px; left: 50%; transform: translate(-50%, -50%); width: 40px; height: 40px; border: 3px solid #f0f0f0; border-top: 3px solid #db7093; border-radius: 50%; animation: spin 1s linear infinite;\"><\/div>\n  <iframe loading=\"lazy\" src=\"https:\/\/ap123-sdxl-lightning.hf.space\" frameborder=\"0\" width=\"100%\" height=\"100%\" style=\"position: absolute; top: 0; left: 0; opacity: 0; transition: opacity 0.3s;\" onload=\"this.style.opacity=1;this.previousElementSibling.style.display='none';\"><\/iframe>\n<\/div>\n\n<style>\n@keyframes spin {\n  0% { transform: translate(-50%, -50%) rotate(0deg); }\n  100% { transform: translate(-50%, -50%) rotate(360deg); }\n}\n<\/style>\n\n\n\n<div style=\"height:80px\" aria-hidden=\"true\" class=\"wp-block-spacer\"><\/div>\n\n\n\n<h2 class=\"wp-block-heading\">Generator obraz\u00f3w AI: Kompletny przewodnik<\/h2>\n\n\n\n<h3 class=\"wp-block-heading\">Zarys<\/h3>\n\n\n\n<p class=\"\">Generatory obraz\u00f3w AI rewolucjonizuj\u0105 spos\u00f3b tworzenia obraz\u00f3w, oferuj\u0105c 100% bezp\u0142atnych, nieograniczonych, wysokiej jako\u015bci i unikalnych obraz\u00f3w. W tym przewodniku om\u00f3wiono definicj\u0119, zalety, funkcje, grup\u0119 docelow\u0105, przypadki u\u017cycia, korzy\u015bci bran\u017cowe i wyzwania. Dokonamy r\u00f3wnie\u017c przegl\u0105du najlepszych narz\u0119dzi i udost\u0119pnimy sekcj\u0119 FAQ, aby odpowiedzie\u0107 na najcz\u0119\u015bciej zadawane pytania.<\/p>\n\n\n\n<h3 class=\"wp-block-heading\">Spis tre\u015bci<\/h3>\n\n\n\n<ul class=\"wp-block-list\">\n<li class=\"\"><a href=\"#what-is-an-ai-picture-generator\">Czym jest generator obraz\u00f3w AI?<\/a><\/li>\n\n\n\n<li class=\"\"><a href=\"#why-use-an-ai-picture-generator\">Dlaczego warto korzysta\u0107 z generatora obraz\u00f3w AI?<\/a><\/li>\n\n\n\n<li class=\"\"><a href=\"#main-features-of-ai-picture-generators\">G\u0142\u00f3wne cechy generator\u00f3w obraz\u00f3w AI<\/a>\n<ul class=\"wp-block-list\">\n<li class=\"\"><a href=\"#100-free\">100% Free<\/a><\/li>\n\n\n\n<li class=\"\"><a href=\"#unlimited-usage\">Nieograniczone u\u017cycie<\/a><\/li>\n\n\n\n<li class=\"\"><a href=\"#high-quality-outputs\">Wysokiej jako\u015bci wyj\u015bcia<\/a><\/li>\n<\/ul>\n<\/li>\n\n\n\n<li class=\"\"><a href=\"#who-should-use-ai-picture-generators\">Kto powinien korzysta\u0107 z generator\u00f3w obraz\u00f3w AI?<\/a><\/li>\n\n\n\n<li class=\"\"><a href=\"#industry-applications-of-ai-picture-generators\">Bran\u017cowe zastosowania generator\u00f3w obraz\u00f3w AI<\/a><\/li>\n\n\n\n<li class=\"\"><a href=\"#how-to-use-an-ai-picture-generator\">Jak korzysta\u0107 z generatora obraz\u00f3w AI<\/a><\/li>\n\n\n\n<li class=\"\"><a href=\"#ai-picture-generator-use-cases\">Przypadki u\u017cycia generatora obraz\u00f3w AI<\/a>\n<ul class=\"wp-block-list\">\n<li class=\"\"><a href=\"#social-media-content-creation\">Tworzenie tre\u015bci w mediach spo\u0142eczno\u015bciowych<\/a><\/li>\n\n\n\n<li class=\"\"><a href=\"#marketing-and-advertising\">Marketing i reklama<\/a><\/li>\n\n\n\n<li class=\"\"><a href=\"#website-design\">Projektowanie stron internetowych<\/a><\/li>\n<\/ul>\n<\/li>\n\n\n\n<li class=\"\"><a href=\"#top-10-ai-picture-generators-and-their-pros-and-cons\">10 najlepszych generator\u00f3w obraz\u00f3w AI oraz ich wady i zalety<\/a><\/li>\n\n\n\n<li class=\"\"><a href=\"#pros-cons-and-challenges-in-the-ai-picture-generator-industry\">Plusy, minusy i wyzwania w bran\u017cy generator\u00f3w obraz\u00f3w AI<\/a><\/li>\n\n\n\n<li class=\"\"><a href=\"#faq\">FAQ<\/a><\/li>\n\n\n\n<li class=\"\"><a href=\"#summary-and-call-to-action\">Podsumowanie i wezwanie do dzia\u0142ania<\/a><\/li>\n<\/ul>\n\n\n\n<h3 class=\"wp-block-heading\">Czym jest generator obraz\u00f3w AI?<\/h3>\n\n\n\n<p class=\"\">Generator obraz\u00f3w AI to narz\u0119dzie wykorzystuj\u0105ce sztuczn\u0105 inteligencj\u0119 do tworzenia obraz\u00f3w na podstawie podpowiedzi tekstowych. Narz\u0119dzia te mog\u0105 generowa\u0107 unikalne, wysokiej jako\u015bci obrazy na podstawie opis\u00f3w dostarczonych przez u\u017cytkownika, umo\u017cliwiaj\u0105c kreatywno\u015b\u0107 i wydajno\u015b\u0107 w tworzeniu obraz\u00f3w.<\/p>\n\n\n\n<h3 class=\"wp-block-heading\">Dlaczego warto korzysta\u0107 z generatora obraz\u00f3w AI?<\/h3>\n\n\n\n<p class=\"\">Generatory obraz\u00f3w AI oferuj\u0105 liczne korzy\u015bci:<\/p>\n\n\n\n<ul class=\"wp-block-list\">\n<li class=\"\"><strong>100% Free:<\/strong> Wiele narz\u0119dzi, takich jak <a href=\"https:\/\/aiartfree.online\/pl\/generator-obrazow-ai\/\">AI Art Free<\/a>, zapewniaj\u0105 bezp\u0142atny dost\u0119p.<\/li>\n\n\n\n<li class=\"\"><strong>Nieograniczone u\u017cycie:<\/strong> Brak ogranicze\u0144 co do liczby generowanych obraz\u00f3w.<\/li>\n\n\n\n<li class=\"\"><strong>Wysokiej jako\u015bci wyj\u015bcia:<\/strong> Tworzy obrazy profesjonalnej jako\u015bci.<\/li>\n\n\n\n<li class=\"\"><strong>Rejestracja nie jest wymagana:<\/strong> \u0141atwy i szybki dost\u0119p.<\/li>\n\n\n\n<li class=\"\"><strong>Obrazy generowane przez sztuczn\u0105 inteligencj\u0119:<\/strong> Zapewnia oryginalno\u015b\u0107 i kreatywno\u015b\u0107.<\/li>\n<\/ul>\n\n\n\n<h3 class=\"wp-block-heading\">G\u0142\u00f3wne cechy generator\u00f3w obraz\u00f3w AI<\/h3>\n\n\n\n<h4 class=\"wp-block-heading\">100% Free<\/h4>\n\n\n\n<p class=\"\">Generatory obraz\u00f3w AI, takie jak <a href=\"https:\/\/aiartfree.online\/pl\/generator-obrazow-ai\/\">AI Art Free<\/a> oferuj\u0105 ca\u0142kowicie bezp\u0142atne us\u0142ugi, dzi\u0119ki czemu s\u0105 one dost\u0119pne dla ka\u017cdego.<\/p>\n\n\n\n<h4 class=\"wp-block-heading\">Nieograniczone u\u017cycie<\/h4>\n\n\n\n<p class=\"\">Narz\u0119dzia te pozwalaj\u0105 u\u017cytkownikom generowa\u0107 nieograniczon\u0105 liczb\u0119 obraz\u00f3w, wspieraj\u0105c szerok\u0105 kreatywno\u015b\u0107 bez ogranicze\u0144.<\/p>\n\n\n\n<h4 class=\"wp-block-heading\">Wysokiej jako\u015bci wyj\u015bcia<\/h4>\n\n\n\n<p class=\"\">Generatory obraz\u00f3w AI generuj\u0105 obrazy o wysokiej rozdzielczo\u015bci i profesjonalnej jako\u015bci, odpowiednie do r\u00f3\u017cnych zastosowa\u0144.<\/p>\n\n\n\n<h3 class=\"wp-block-heading\">Kto powinien korzysta\u0107 z generator\u00f3w obraz\u00f3w AI?<\/h3>\n\n\n\n<ul class=\"wp-block-list\">\n<li class=\"\"><strong>Tw\u00f3rcy tre\u015bci:<\/strong> Blogerzy, vlogerzy i influencerzy medi\u00f3w spo\u0142eczno\u015bciowych.<\/li>\n\n\n\n<li class=\"\"><strong>Marketerzy:<\/strong> Specjali\u015bci od reklamy potrzebuj\u0105cy unikalnych wizualizacji.<\/li>\n\n\n\n<li class=\"\"><strong>Projektanci stron internetowych:<\/strong> Deweloperzy poszukuj\u0105cy niestandardowych obraz\u00f3w dla stron internetowych.<\/li>\n\n\n\n<li class=\"\"><strong>Arty\u015bci:<\/strong> Osoby chc\u0105ce pozna\u0107 sztuk\u0119 generowan\u0105 przez SI.<\/li>\n<\/ul>\n\n\n\n<h3 class=\"wp-block-heading\">Bran\u017cowe zastosowania generator\u00f3w obraz\u00f3w AI<\/h3>\n\n\n\n<ul class=\"wp-block-list\">\n<li class=\"\"><strong>Reklama:<\/strong> Tworzenie przyci\u0105gaj\u0105cych wzrok wizualizacji na potrzeby kampanii marketingowych.<\/li>\n\n\n\n<li class=\"\"><strong>Handel elektroniczny:<\/strong> Projektowanie obraz\u00f3w produkt\u00f3w i ulepszanie ofert online.<\/li>\n\n\n\n<li class=\"\"><strong>Media i rozrywka:<\/strong> Generowanie wizualizacji do publikacji i projekt\u00f3w multimedialnych.<\/li>\n\n\n\n<li class=\"\"><strong>Edukacja:<\/strong> Tworzenie materia\u0142\u00f3w edukacyjnych i pomocy wizualnych.<\/li>\n<\/ul>\n\n\n\n<h3 class=\"wp-block-heading\">Jak korzysta\u0107 z generatora obraz\u00f3w AI<\/h3>\n\n\n\n<ol class=\"wp-block-list\">\n<li class=\"\"><strong>Wprowad\u017a monit tekstowy:<\/strong> Opisz obraz, kt\u00f3ry chcesz stworzy\u0107.<\/li>\n\n\n\n<li class=\"\"><strong>Wybierz Preferencje:<\/strong> Wybierz styl, rozdzielczo\u015b\u0107 i inne ustawienia.<\/li>\n\n\n\n<li class=\"\"><strong>Generuj obraz:<\/strong> Kliknij, aby utworzy\u0107 obraz.<\/li>\n\n\n\n<li class=\"\"><strong>Pobierz i u\u017cywaj:<\/strong> Zapisz i wykorzystaj wygenerowany obraz.<\/li>\n<\/ol>\n\n\n\n<h3 class=\"wp-block-heading\">Przypadki u\u017cycia generatora obraz\u00f3w AI<\/h3>\n\n\n\n<h4 class=\"wp-block-heading\">Tworzenie tre\u015bci w mediach spo\u0142eczno\u015bciowych<\/h4>\n\n\n\n<p class=\"\">Obrazy generowane przez sztuczn\u0105 inteligencj\u0119 mog\u0105 wzbogaca\u0107 posty, historie i reklamy w mediach spo\u0142eczno\u015bciowych o unikalne efekty wizualne.<\/p>\n\n\n\n<h4 class=\"wp-block-heading\">Marketing i reklama<\/h4>\n\n\n\n<p class=\"\">Firmy mog\u0105 wykorzystywa\u0107 obrazy generowane przez sztuczn\u0105 inteligencj\u0119 w materia\u0142ach promocyjnych, reklamach i banerach.<\/p>\n\n\n\n<h4 class=\"wp-block-heading\">Projektowanie stron internetowych<\/h4>\n\n\n\n<p class=\"\">Tw\u00f3rcy stron internetowych mog\u0105 tworzy\u0107 niestandardowe grafiki dla stron internetowych, zapewniaj\u0105c unikalny i profesjonalny wygl\u0105d.<\/p>\n\n\n\n<h3 class=\"wp-block-heading\">10 najlepszych generator\u00f3w obraz\u00f3w AI oraz ich wady i zalety<\/h3>\n\n\n\n<figure class=\"wp-block-table\"><table class=\"has-fixed-layout\"><thead><tr><th>Narz\u0119dzie<\/th><th>Strona internetowa<\/th><th>Plusy<\/th><th>Wady<\/th><\/tr><\/thead><tbody><tr><td>AI Art Free<\/td><td><a href=\"https:\/\/aiartfree.online\/pl\/generator-obrazow-ai\/\">aiartfree.online<\/a><\/td><td>100% Bezp\u0142atny, nieograniczony, wysokiej jako\u015bci<\/td><td>Brak<\/td><\/tr><tr><td>DALL-E 2<\/td><td><a href=\"https:\/\/www.openai.com\/dall-e-2\" target=\"_blank\" rel=\"noopener\">openai.com<\/a><\/td><td>Wysoka jako\u015b\u0107, kreatywno\u015b\u0107<\/td><td>Ograniczone bezp\u0142atne u\u017cytkowanie<\/td><\/tr><tr><td>DeepArt<\/td><td><a href=\"https:\/\/deepart.io\" target=\"_blank\" rel=\"noopener\">deepart.io<\/a><\/td><td>Artystyczne style, unikalne obrazy<\/td><td>P\u0142atne plany<\/td><\/tr><tr><td>Artbreeder<\/td><td><a href=\"https:\/\/artbreeder.com\" target=\"_blank\" rel=\"noopener\">artbreeder.com<\/a><\/td><td>Wsp\u00f3\u0142praca, mo\u017cliwo\u015b\u0107 dostosowania<\/td><td>Krzywa uczenia si\u0119<\/td><\/tr><tr><td>NightCafe<\/td><td><a>nightcafe.studio<\/a><\/td><td>\u0141atwy w u\u017cyciu, r\u00f3\u017cnorodne style<\/td><td>Niekt\u00f3re funkcje p\u0142atne<\/td><\/tr><tr><td>Runway ML<\/td><td><a href=\"https:\/\/runwayml.com\" target=\"_blank\" rel=\"noopener\">runwayml.com<\/a><\/td><td>Profesjonalne narz\u0119dzia, wszechstronno\u015b\u0107<\/td><td>Wymagana subskrypcja<\/td><\/tr><tr><td>Big Sleep<\/td><td><a href=\"https:\/\/bigsleep.dev\" target=\"_blank\" rel=\"noopener\">bigsleep.dev<\/a><\/td><td>Realistyczne obrazy, Open Source<\/td><td>Wymaga wiedzy technicznej<\/td><\/tr><tr><td>PaintsChainer<\/td><td><a>paintschainer.preferred.tech<\/a><\/td><td>Kolorowanie AI, przyjazne dla u\u017cytkownika<\/td><td>Ograniczone funkcje<\/td><\/tr><tr><td>Picas<\/td><td><a href=\"https:\/\/picas.tech\" target=\"_blank\" rel=\"noopener\">picas.tech<\/a><\/td><td>Szybkie, kreatywne filtry<\/td><td>Obrazy ze znakiem wodnym<\/td><\/tr><tr><td>GauGAN<\/td><td><a href=\"https:\/\/nvidia.com\/research\/ai\/augan\" target=\"_blank\" rel=\"noopener\">nvidia.com<\/a><\/td><td>Realistyczne krajobrazy, wysoka jako\u015b\u0107<\/td><td>Wymaga GPU<\/td><\/tr><\/tbody><\/table><\/figure>\n\n\n\n<h3 class=\"wp-block-heading\">Plusy, minusy i wyzwania w bran\u017cy generator\u00f3w obraz\u00f3w AI<\/h3>\n\n\n\n<h4 class=\"wp-block-heading\">Plusy<\/h4>\n\n\n\n<ul class=\"wp-block-list\">\n<li class=\"\"><strong>Dost\u0119pno\u015b\u0107:<\/strong> Narz\u0119dzia takie jak AI Art Free oferuj\u0105 bezp\u0142atny, nieograniczony dost\u0119p.<\/li>\n\n\n\n<li class=\"\"><strong>Kreatywno\u015b\u0107:<\/strong> Sztuczna inteligencja mo\u017ce tworzy\u0107 unikalne i kreatywne obrazy.<\/li>\n\n\n\n<li class=\"\"><strong>Wydajno\u015b\u0107:<\/strong> Oszcz\u0119dno\u015b\u0107 czasu przy generowaniu wizualizacji.<\/li>\n<\/ul>\n\n\n\n<h4 class=\"wp-block-heading\">Wady<\/h4>\n\n\n\n<ul class=\"wp-block-list\">\n<li class=\"\"><strong>Zmienno\u015b\u0107 jako\u015bci:<\/strong> Niekt\u00f3re narz\u0119dzia mog\u0105 dawa\u0107 niesp\u00f3jne wyniki.<\/li>\n\n\n\n<li class=\"\"><strong>Krzywa uczenia si\u0119:<\/strong> Wymaga pewnego zrozumienia, aby skutecznie z niej korzysta\u0107.<\/li>\n\n\n\n<li class=\"\"><strong>Zale\u017cno\u015b\u0107 od podpowiedzi tekstowych:<\/strong> Jako\u015b\u0107 obraz\u00f3w zale\u017cy od jako\u015bci opis\u00f3w.<\/li>\n<\/ul>\n\n\n\n<h4 class=\"wp-block-heading\">Wyzwania<\/h4>\n\n\n\n<ul class=\"wp-block-list\">\n<li class=\"\"><strong>Kwestie etyczne:<\/strong> Kwestie zwi\u0105zane z prawami autorskimi i oryginalno\u015bci\u0105.<\/li>\n\n\n\n<li class=\"\"><strong>Ograniczenia techniczne:<\/strong> Niekt\u00f3re narz\u0119dzia wymagaj\u0105 zaawansowanego sprz\u0119tu.<\/li>\n\n\n\n<li class=\"\"><strong>Nasycenie rynku:<\/strong> Dost\u0119pnych jest wiele narz\u0119dzi, co utrudnia wyb\u00f3r najlepszego.<\/li>\n<\/ul>\n\n\n\n<h3 class=\"wp-block-heading\">FAQ<\/h3>\n\n\n\n<ol class=\"wp-block-list\">\n<li class=\"\"><strong>Czy to zdj\u0119cie zosta\u0142o wygenerowane przez sztuczn\u0105 inteligencj\u0119?<\/strong>\n<ul class=\"wp-block-list\">\n<li class=\"\">Obrazy generowane przez sztuczn\u0105 inteligencj\u0119 s\u0105 tworzone przy u\u017cyciu algorytm\u00f3w opartych na podpowiedziach tekstowych.<\/li>\n<\/ul>\n<\/li>\n\n\n\n<li class=\"\"><strong>Jak rozpozna\u0107, \u017ce obraz jest generowany przez sztuczn\u0105 inteligencj\u0119?<\/strong>\n<ul class=\"wp-block-list\">\n<li class=\"\">Szukaj unikalnych, cz\u0119sto surrealistycznych element\u00f3w i braku niedoskona\u0142o\u015bci spotykanych w sztuce stworzonej przez cz\u0142owieka.<\/li>\n<\/ul>\n<\/li>\n\n\n\n<li class=\"\"><strong>Jak generowa\u0107 obrazy AI?<\/strong>\n<ul class=\"wp-block-list\">\n<li class=\"\">U\u017cyj narz\u0119dzi takich jak <a href=\"https:\/\/aiartfree.online\/pl\/generator-obrazow-ai\/\">AI Art Free<\/a> wprowadzaj\u0105c podpowiedzi tekstowe.<\/li>\n<\/ul>\n<\/li>\n\n\n\n<li class=\"\"><strong>Jak generowa\u0107 obrazy za pomoc\u0105 sztucznej inteligencji?<\/strong>\n<ul class=\"wp-block-list\">\n<li class=\"\">Wprowad\u017a opis tekstowy i pozw\u00f3l sztucznej inteligencji przetworzy\u0107 i utworzy\u0107 obraz.<\/li>\n<\/ul>\n<\/li>\n\n\n\n<li class=\"\"><strong>Jak tworzy\u0107 obrazy generowane przez SI?<\/strong>\n<ul class=\"wp-block-list\">\n<li class=\"\">U\u017cyj generator\u00f3w obraz\u00f3w AI, aby przekonwertowa\u0107 opisy tekstowe na obrazy.<\/li>\n<\/ul>\n<\/li>\n\n\n\n<li class=\"\"><strong>Jaki jest najlepszy generator obraz\u00f3w AI?<\/strong>\n<ul class=\"wp-block-list\">\n<li class=\"\"><a href=\"https:\/\/aiartfree.online\/pl\/generator-obrazow-ai\/\">AI Art Free<\/a> jest wysoce zalecana ze wzgl\u0119du na jej bezp\u0142atne i nieograniczone funkcje.<\/li>\n<\/ul>\n<\/li>\n\n\n\n<li class=\"\"><strong>Czy obrazy generowane przez SI mog\u0105 by\u0107 wykorzystywane komercyjnie?<\/strong>\n<ul class=\"wp-block-list\">\n<li class=\"\">Tak, wiele generator\u00f3w obraz\u00f3w AI pozwala na wykorzystanie komercyjne, ale nale\u017cy sprawdzi\u0107 warunki konkretnego narz\u0119dzia.<\/li>\n<\/ul>\n<\/li>\n\n\n\n<li class=\"\"><strong>Czy obrazy generowane przez SI s\u0105 wolne od praw autorskich?<\/strong>\n<ul class=\"wp-block-list\">\n<li class=\"\">Cz\u0119sto tak, ale nale\u017cy to zweryfikowa\u0107 z konkretnym narz\u0119dziem.<\/li>\n<\/ul>\n<\/li>\n\n\n\n<li class=\"\"><strong>Jakie style mog\u0105 mie\u0107 obrazy generowane przez SI?<\/strong>\n<ul class=\"wp-block-list\">\n<li class=\"\">Sztuczna inteligencja mo\u017ce generowa\u0107 r\u00f3\u017cne style, od realistycznych po abstrakcyjne.<\/li>\n<\/ul>\n<\/li>\n\n\n\n<li class=\"\"><strong>Jak ulepszy\u0107 obrazy generowane przez sztuczn\u0105 inteligencj\u0119?<\/strong>\n<ul class=\"wp-block-list\">\n<li class=\"\">U\u017cyj narz\u0119dzi do edycji zdj\u0119\u0107, aby udoskonali\u0107 i poprawi\u0107 obrazy.<\/li>\n<\/ul>\n<\/li>\n<\/ol>\n\n\n\n<h3 class=\"wp-block-heading\">Podsumowanie<\/h3>\n\n\n\n<p class=\"\">Generatory obraz\u00f3w AI, takie jak <a href=\"https:\/\/aiartfree.online\/pl\/generator-obrazow-ai\/\">AI Art Free<\/a> oferuje 100% bezp\u0142atnych, nieograniczonych, wysokiej jako\u015bci i unikalnych rozwi\u0105za\u0144 do tworzenia obraz\u00f3w. Narz\u0119dzia te s\u0105 przeznaczone dla szerokiego grona u\u017cytkownik\u00f3w, od tw\u00f3rc\u00f3w tre\u015bci po marketer\u00f3w, zapewniaj\u0105c wydajny i kreatywny spos\u00f3b generowania wizualizacji. Wykorzystaj przysz\u0142o\u015b\u0107 tworzenia obraz\u00f3w dzi\u0119ki sztucznej inteligencji i przekszta\u0142caj swoje tre\u015bci wizualne bez wysi\u0142ku.<\/p>\n\n\n\n<p class=\"\">Gotowy do tworzenia osza\u0142amiaj\u0105cych obraz\u00f3w? Odwied\u017a <a href=\"https:\/\/aiartfree.online\/pl\/generator-obrazow-ai\/\">AI Art Free<\/a> i zacznij generowa\u0107 ju\u017c dzi\u015b!<\/p>\n\n\n\n<p class=\"\"><\/p>","protected":false},"excerpt":{"rendered":"<p>What our users made How to use the AI Picture Generator * Feel free to try our examples below if you don&#8217;t have any thoughts in your mind Prompt Examples *&nbsp;Depending on your internet speed, loading the model may take up to 10 seconds \u2193 AI Picture Generator: The Ultimate Guide Outline AI picture generators &#8230; <a title=\"Generator obraz\u00f3w AI\" class=\"read-more\" href=\"https:\/\/aiartfree.online\/pl\/generator-obrazow-ai\/\" aria-label=\"Read more about AI Picture Generator\">Dowiedz si\u0119 wi\u0119cej<\/a><\/p>","protected":false},"author":1,"featured_media":3468,"parent":0,"menu_order":0,"comment_status":"open","ping_status":"closed","template":"","meta":{"nf_dc_page":"","footnotes":""},"class_list":["post-3444","page","type-page","status-publish","has-post-thumbnail"],"jetpack_sharing_enabled":true,"_links":{"self":[{"href":"https:\/\/aiartfree.online\/pl\/wp-json\/wp\/v2\/pages\/3444","targetHints":{"allow":["GET"]}}],"collection":[{"href":"https:\/\/aiartfree.online\/pl\/wp-json\/wp\/v2\/pages"}],"about":[{"href":"https:\/\/aiartfree.online\/pl\/wp-json\/wp\/v2\/types\/page"}],"author":[{"embeddable":true,"href":"https:\/\/aiartfree.online\/pl\/wp-json\/wp\/v2\/users\/1"}],"replies":[{"embeddable":true,"href":"https:\/\/aiartfree.online\/pl\/wp-json\/wp\/v2\/comments?post=3444"}],"version-history":[{"count":1,"href":"https:\/\/aiartfree.online\/pl\/wp-json\/wp\/v2\/pages\/3444\/revisions"}],"predecessor-version":[{"id":3594,"href":"https:\/\/aiartfree.online\/pl\/wp-json\/wp\/v2\/pages\/3444\/revisions\/3594"}],"wp:featuredmedia":[{"embeddable":true,"href":"https:\/\/aiartfree.online\/pl\/wp-json\/wp\/v2\/media\/3468"}],"wp:attachment":[{"href":"https:\/\/aiartfree.online\/pl\/wp-json\/wp\/v2\/media?parent=3444"}],"curies":[{"name":"wp","href":"https:\/\/api.w.org\/{rel}","templated":true}]}}