{"id":3435,"date":"2024-08-01T13:24:54","date_gmt":"2024-08-01T13:24:54","guid":{"rendered":"https:\/\/aiartfree.online\/?page_id=3435"},"modified":"2025-03-07T08:24:14","modified_gmt":"2025-03-07T08:24:14","slug":"audio-translator","status":"publish","type":"page","link":"https:\/\/aiartfree.online\/pl\/tlumacz-audio\/","title":{"rendered":"T\u0142umacz audio"},"content":{"rendered":"<h2 class=\"wp-block-heading\" id=\"how-to-use-the-audio-translator\">Jak korzysta\u0107 z t\u0142umacza audio<\/h2>\n\n\n\n<ol class=\"wp-block-list\">\n<li class=\"\">Wybierz j\u0119zyk docelowy<\/li>\n\n\n\n<li class=\"\">Prze\u015blij plik audio<\/li>\n\n\n\n<li class=\"\">Kliknij \"T\u0142umacz\"<\/li>\n\n\n\n<li class=\"\">Czekaj, to jest to!<\/li>\n<\/ol>\n\n\n\n<figure class=\"gb-block-image gb-block-image-4dfafe81\"><a href=\"https:\/\/fas.st\/t\/XmtmoHSk\" target=\"_blank\" rel=\"noopener noreferrer\"><img data-recalc-dims=\"1\" decoding=\"async\" loading=\"lazy\" width=\"1200\" height=\"368\" class=\"gb-image gb-image-4dfafe81\" src=\"https:\/\/i0.wp.com\/aiartfree.online\/wp-content\/uploads\/2025\/03\/WX20250307-114300%402x.webp?resize=1200%2C368&#038;ssl=1\" alt=\"\" title=\"WX20250307-114300@2x\" srcset=\"https:\/\/i0.wp.com\/aiartfree.online\/wp-content\/uploads\/2025\/03\/WX20250307-114300%402x.webp?w=1900&amp;ssl=1 1900w, https:\/\/i0.wp.com\/aiartfree.online\/wp-content\/uploads\/2025\/03\/WX20250307-114300%402x.webp?resize=300%2C92&amp;ssl=1 300w, https:\/\/i0.wp.com\/aiartfree.online\/wp-content\/uploads\/2025\/03\/WX20250307-114300%402x.webp?resize=1024%2C314&amp;ssl=1 1024w, https:\/\/i0.wp.com\/aiartfree.online\/wp-content\/uploads\/2025\/03\/WX20250307-114300%402x.webp?resize=768%2C235&amp;ssl=1 768w, https:\/\/i0.wp.com\/aiartfree.online\/wp-content\/uploads\/2025\/03\/WX20250307-114300%402x.webp?resize=1536%2C471&amp;ssl=1 1536w, https:\/\/i0.wp.com\/aiartfree.online\/wp-content\/uploads\/2025\/03\/WX20250307-114300%402x.webp?resize=18%2C6&amp;ssl=1 18w, https:\/\/i0.wp.com\/aiartfree.online\/wp-content\/uploads\/2025\/03\/WX20250307-114300%402x.webp?resize=600%2C184&amp;ssl=1 600w\" sizes=\"auto, (max-width: 1200px) 100vw, 1200px\" \/><\/a><\/figure>\n\n\n\n<p class=\"\"><em>* W zale\u017cno\u015bci od szybko\u015bci \u0142\u0105cza internetowego, za\u0142adowanie modelu mo\u017ce zaj\u0105\u0107 <\/em>do 10 sekund \u2193<\/p>\n\n\n\n<div class=\"iframe-wrapper\" style=\"position: relative; width: 100%; height: 1250px;\">\n  <div class=\"loading\" style=\"position: absolute; top: 50px; left: 50%; transform: translate(-50%, -50%); width: 40px; height: 40px; border: 3px solid #f0f0f0; border-top: 3px solid #db7093; border-radius: 50%; animation: spin 1s linear infinite;\"><\/div>\n  <iframe loading=\"lazy\" src=\"https:\/\/facebook-seamless-m4t.hf.space\" frameborder=\"0\" width=\"100%\" height=\"100%\" style=\"position: absolute; top: 0; left: 0; opacity: 0; transition: opacity 0.3s;\" onload=\"this.style.opacity=1;this.previousElementSibling.style.display='none';\"><\/iframe>\n<\/div>\n\n<style>\n@keyframes spin {\n  0% { transform: translate(-50%, -50%) rotate(0deg); }\n  100% { transform: translate(-50%, -50%) rotate(360deg); }\n}\n<\/style>\n\n\n\n<div style=\"height:80px\" aria-hidden=\"true\" class=\"wp-block-spacer\"><\/div>\n\n\n\n<h2 class=\"wp-block-heading\" id=\"audio-translator-the-ultimate-guide\">T\u0142umacz audio: Kompletny przewodnik<\/h2>\n\n\n\n<div class=\"wp-block-rank-math-toc-block\" id=\"rank-math-toc\"><h3>Spis tre\u015bci<\/h3><nav><ul><li><a href=\"#introduction\">Wprowadzenie<\/a><\/li><li><a href=\"#what-is-an-audio-translator\">Czym jest t\u0142umacz audio?<\/a><\/li><li><a href=\"#why-use-an-audio-translator\">Dlaczego warto korzysta\u0107 z t\u0142umacza audio?<\/a><ul><li><a href=\"#advantages\">Zalety<\/a><\/li><\/ul><\/li><li><a href=\"#main-features-of-audio-translators\">G\u0142\u00f3wne cechy t\u0142umaczy audio<\/a><ul><li><a href=\"#1-speech-recognition\">1. Rozpoznawanie mowy<\/a><\/li><li><a href=\"#2-multi-language-support\">2. Obs\u0142uga wielu j\u0119zyk\u00f3w<\/a><\/li><li><a href=\"#3-real-time-translation\">3. T\u0142umaczenie w czasie rzeczywistym<\/a><\/li><li><a href=\"#4-text-to-speech\">4. Zamiana tekstu na mow\u0119<\/a><\/li><li><a href=\"#5-file-upload-and-conversion\">5. Przesy\u0142anie i konwersja plik\u00f3w<\/a><\/li><\/ul><\/li><li><a href=\"#who-should-use-audio-translators\">Kto powinien korzysta\u0107 z t\u0142umaczy audio?<\/a><ul><li><a href=\"#target-audience\">Docelowi odbiorcy<\/a><\/li><\/ul><\/li><li><a href=\"#how-to-use-an-audio-translator\">Jak korzysta\u0107 z t\u0142umacza audio<\/a><ul><li><a href=\"#step-by-step-instructions\">Instrukcje krok po kroku<\/a><\/li><\/ul><\/li><li><a href=\"#usage-cases-of-audio-translators\">Przypadki u\u017cycia t\u0142umaczy audio<\/a><ul><li><a href=\"#business-meetings\">Spotkania biznesowe<\/a><\/li><li><a href=\"#educational-content\">Tre\u015bci edukacyjne<\/a><\/li><li><a href=\"#customer-support\">Obs\u0142uga klienta<\/a><\/li><\/ul><\/li><li><a href=\"#top-10-tools-and-information\">10 najlepszych narz\u0119dzi i informacji<\/a><\/li><li><a href=\"#industry-pros-and-cons\">Plusy i minusy bran\u017cy<\/a><ul><li><a href=\"#pros\">Plusy<\/a><\/li><li><a href=\"#cons\">Wady<\/a><\/li><\/ul><\/li><li><a href=\"#faq\">FAQ<\/a><\/li><li><a href=\"#summary\">Podsumowanie<\/a><\/li><\/ul><\/nav><\/div>\n\n\n\n<h3 class=\"wp-block-heading\" id=\"introduction\">Wprowadzenie<\/h3>\n\n\n\n<p class=\"\">W dzisiejszym zglobalizowanym \u015bwiecie pokonywanie barier j\u0119zykowych ma zasadnicze znaczenie dla skutecznej komunikacji. T\u0142umacze audio sta\u0142y si\u0119 pot\u0119\u017cnymi narz\u0119dziami, kt\u00f3re pomagaj\u0105 wype\u0142ni\u0107 te luki, umo\u017cliwiaj\u0105c t\u0142umaczenie w czasie rzeczywistym wypowiadanych s\u0142\u00f3w na r\u00f3\u017cne j\u0119zyki. W tym artykule zag\u0142\u0119bimy si\u0119 w zawi\u0142o\u015bci t\u0142umaczy audio, podkre\u015blaj\u0105c ich zalety, funkcje i zastosowania, koncentruj\u0105c si\u0119 na najlepszych dost\u0119pnych narz\u0119dziach, w tym wysoce zalecanych t\u0142umaczach audio. <a href=\"https:\/\/aiartfree.online\/pl\/tlumacz-audio\/\">Darmowy t\u0142umacz audio AI Art<\/a>.<\/p>\n\n\n<div class=\"wp-block-image\">\n<figure class=\"aligncenter size-large is-resized\"><img data-recalc-dims=\"1\" data-dominant-color=\"f5f5f6\" data-has-transparency=\"false\" decoding=\"async\" width=\"1024\" height=\"546\"    loading=\"lazy\" src=\"https:\/\/i0.wp.com\/aiartfree.online\/wp-content\/uploads\/2024\/08\/WX20240801-160930%402x-1-1024x546.webp?resize=1024%2C546&#038;ssl=1\" alt=\"T\u0142umacz audio to narz\u0119dzie lub oprogramowanie, kt\u00f3re konwertuje j\u0119zyk m\u00f3wiony na tekst lub inny j\u0119zyk m\u00f3wiony. Narz\u0119dzia te wykorzystuj\u0105 zaawansowane algorytmy i technologi\u0119 rozpoznawania mowy w celu zapewnienia dok\u0142adnych t\u0142umacze\u0144 w czasie rzeczywistym, co czyni je nieocenionymi w r\u00f3\u017cnych dziedzinach, takich jak biznes, edukacja, podr\u00f3\u017ce i inne.\" class=\"wp-image-3437 not-transparent\" style=\"--dominant-color: #f5f5f6; width:724px;height:auto\" srcset=\"https:\/\/i0.wp.com\/aiartfree.online\/wp-content\/uploads\/2024\/08\/WX20240801-160930%402x-1-jpg.webp?resize=1024%2C546&amp;ssl=1 1024w, https:\/\/i0.wp.com\/aiartfree.online\/wp-content\/uploads\/2024\/08\/WX20240801-160930%402x-1-jpg.webp?resize=300%2C160&amp;ssl=1 300w, https:\/\/i0.wp.com\/aiartfree.online\/wp-content\/uploads\/2024\/08\/WX20240801-160930%402x-1-jpg.webp?resize=768%2C409&amp;ssl=1 768w, https:\/\/i0.wp.com\/aiartfree.online\/wp-content\/uploads\/2024\/08\/WX20240801-160930%402x-1-jpg.webp?resize=18%2C10&amp;ssl=1 18w, https:\/\/i0.wp.com\/aiartfree.online\/wp-content\/uploads\/2024\/08\/WX20240801-160930%402x-1-jpg.webp?resize=600%2C320&amp;ssl=1 600w, https:\/\/i0.wp.com\/aiartfree.online\/wp-content\/uploads\/2024\/08\/WX20240801-160930%402x-1-jpg.webp?w=1460&amp;ssl=1 1460w\" sizes=\"(max-width: 724px) 100vw, 724px\" \/><\/figure>\n<\/div>\n\n\n<h3 class=\"wp-block-heading\" id=\"what-is-an-audio-translator\">Czym jest t\u0142umacz audio?<\/h3>\n\n\n\n<p class=\"\">T\u0142umacz audio to narz\u0119dzie lub oprogramowanie, kt\u00f3re konwertuje j\u0119zyk m\u00f3wiony na tekst lub inny j\u0119zyk m\u00f3wiony. Narz\u0119dzia te wykorzystuj\u0105 zaawansowane algorytmy i technologi\u0119 rozpoznawania mowy w celu zapewnienia dok\u0142adnych t\u0142umacze\u0144 w czasie rzeczywistym, co czyni je nieocenionymi w r\u00f3\u017cnych dziedzinach, takich jak biznes, edukacja, podr\u00f3\u017ce i inne.<\/p>\n\n\n\n<h3 class=\"wp-block-heading\" id=\"why-use-an-audio-translator\">Dlaczego warto korzysta\u0107 z t\u0142umacza audio?<\/h3>\n\n\n\n<h4 class=\"wp-block-heading\" id=\"advantages\">Zalety<\/h4>\n\n\n\n<ul class=\"wp-block-list\">\n<li class=\"\"><strong>Prze\u0142amywanie barier j\u0119zykowych:<\/strong> \u0141atwa komunikacja z osobami pos\u0142uguj\u0105cymi si\u0119 r\u00f3\u017cnymi j\u0119zykami.<\/li>\n\n\n\n<li class=\"\"><strong>T\u0142umaczenie w czasie rzeczywistym:<\/strong> Uzyskaj natychmiastowe t\u0142umaczenia, u\u0142atwiaj\u0105ce p\u0142ynne rozmowy.<\/li>\n\n\n\n<li class=\"\"><strong>Dost\u0119pno\u015b\u0107:<\/strong> Udost\u0119pnianie tre\u015bci szerszemu gronu odbiorc\u00f3w, w tym osobom niedos\u0142ysz\u0105cym.<\/li>\n\n\n\n<li class=\"\"><strong>Wydajno\u015b\u0107:<\/strong> Oszcz\u0119dno\u015b\u0107 czasu w por\u00f3wnaniu z tradycyjnymi metodami t\u0142umaczenia.<\/li>\n<\/ul>\n\n\n\n<h3 class=\"wp-block-heading\" id=\"main-features-of-audio-translators\">G\u0142\u00f3wne cechy t\u0142umaczy audio<\/h3>\n\n\n\n<h4 class=\"wp-block-heading\" id=\"1-speech-recognition\">1. <strong>Rozpoznawanie mowy<\/strong><\/h4>\n\n\n\n<ul class=\"wp-block-list\">\n<li class=\"\">T\u0142umaczy wypowiadane s\u0142owa na tekst.<\/li>\n\n\n\n<li class=\"\">Wysoka dok\u0142adno\u015b\u0107 nawet w ha\u0142a\u015bliwym otoczeniu.<\/li>\n<\/ul>\n\n\n\n<h4 class=\"wp-block-heading\" id=\"2-multi-language-support\">2. <strong>Obs\u0142uga wielu j\u0119zyk\u00f3w<\/strong><\/h4>\n\n\n\n<ul class=\"wp-block-list\">\n<li class=\"\">Obs\u0142uguje wiele j\u0119zyk\u00f3w do t\u0142umaczenia.<\/li>\n\n\n\n<li class=\"\">Przyk\u0142ad: Hiszpa\u0144ski na angielski, francuski na niemiecki.<\/li>\n<\/ul>\n\n\n\n<h4 class=\"wp-block-heading\" id=\"3-real-time-translation\">3. <strong>T\u0142umaczenie w czasie rzeczywistym<\/strong><\/h4>\n\n\n\n<ul class=\"wp-block-list\">\n<li class=\"\">Natychmiastowe t\u0142umaczenie dla p\u0142ynnych rozm\u00f3w.<\/li>\n<\/ul>\n\n\n\n<h4 class=\"wp-block-heading\" id=\"4-text-to-speech\">4. <strong>Zamiana tekstu na mow\u0119<\/strong><\/h4>\n\n\n\n<ul class=\"wp-block-list\">\n<li class=\"\">Konwertuje przet\u0142umaczony tekst z powrotem na s\u0142owa m\u00f3wione.<\/li>\n<\/ul>\n\n\n\n<h4 class=\"wp-block-heading\" id=\"5-file-upload-and-conversion\">5. <strong>Przesy\u0142anie i konwersja plik\u00f3w<\/strong><\/h4>\n\n\n\n<ul class=\"wp-block-list\">\n<li class=\"\">Obs\u0142uguje przesy\u0142anie plik\u00f3w audio do transkrypcji i t\u0142umaczenia.<\/li>\n<\/ul>\n\n\n\n<h3 class=\"wp-block-heading\" id=\"who-should-use-audio-translators\">Kto powinien korzysta\u0107 z t\u0142umaczy audio?<\/h3>\n\n\n\n<h4 class=\"wp-block-heading\" id=\"target-audience\">Docelowi odbiorcy<\/h4>\n\n\n\n<ul class=\"wp-block-list\">\n<li class=\"\"><strong>Podr\u00f3\u017cni:<\/strong> Pokonaj bariery j\u0119zykowe podczas podr\u00f3\u017cy.<\/li>\n\n\n\n<li class=\"\"><strong>Profesjonali\u015bci biznesowi:<\/strong> Komunikacja z mi\u0119dzynarodowymi klientami i partnerami.<\/li>\n\n\n\n<li class=\"\"><strong>Nauczyciele i uczniowie:<\/strong> Poprawa nauki j\u0119zyka i rozumienia tekstu.<\/li>\n\n\n\n<li class=\"\"><strong>Tw\u00f3rcy tre\u015bci:<\/strong> Udost\u0119pniaj tre\u015bci audio i wideo w wielu j\u0119zykach.<\/li>\n<\/ul>\n\n\n\n<h3 class=\"wp-block-heading\" id=\"how-to-use-an-audio-translator\">Jak korzysta\u0107 z t\u0142umacza audio<\/h3>\n\n\n\n<h4 class=\"wp-block-heading\" id=\"step-by-step-instructions\">Instrukcje krok po kroku<\/h4>\n\n\n\n<ol class=\"wp-block-list\">\n<li class=\"\"><strong>Otw\u00f3rz narz\u0119dzie:<\/strong> Dost\u0119p do narz\u0119dzia t\u0142umacza audio, takiego jak <a href=\"https:\/\/aiartfree.online\/pl\/tlumacz-audio\/\">Darmowy t\u0142umacz audio AI Art<\/a>.<\/li>\n\n\n\n<li class=\"\"><strong>Prze\u015blij sw\u00f3j d\u017awi\u0119k:<\/strong> Wybierz i prze\u015blij plik audio, kt\u00f3ry chcesz przet\u0142umaczy\u0107.<\/li>\n\n\n\n<li class=\"\"><strong>Wybierz j\u0119zyki:<\/strong> Wybierz j\u0119zyk \u017ar\u00f3d\u0142owy i docelowy t\u0142umaczenia.<\/li>\n\n\n\n<li class=\"\"><strong>Rozpocznij t\u0142umaczenie:<\/strong> Kliknij przycisk t\u0142umaczenia, aby rozpocz\u0105\u0107 proces.<\/li>\n\n\n\n<li class=\"\"><strong>Pobierz przet\u0142umaczony tekst\/audio:<\/strong> Zapisz przet\u0142umaczony tekst lub plik audio do p\u00f3\u017aniejszego wykorzystania.<\/li>\n<\/ol>\n\n\n\n<h3 class=\"wp-block-heading\" id=\"usage-cases-of-audio-translators\">Przypadki u\u017cycia t\u0142umaczy audio<\/h3>\n\n\n\n<h4 class=\"wp-block-heading\" id=\"business-meetings\">Spotkania biznesowe<\/h4>\n\n\n\n<ul class=\"wp-block-list\">\n<li class=\"\">T\u0142umaczenie rozm\u00f3w na \u017cywo podczas spotka\u0144 mi\u0119dzynarodowych.<\/li>\n<\/ul>\n\n\n\n<h4 class=\"wp-block-heading\" id=\"educational-content\">Tre\u015bci edukacyjne<\/h4>\n\n\n\n<ul class=\"wp-block-list\">\n<li class=\"\">Zapewnienie t\u0142umaczenia wyk\u0142ad\u00f3w dla student\u00f3w z r\u00f3\u017cnych \u015brodowisk j\u0119zykowych.<\/li>\n<\/ul>\n\n\n\n<h4 class=\"wp-block-heading\" id=\"customer-support\">Obs\u0142uga klienta<\/h4>\n\n\n\n<ul class=\"wp-block-list\">\n<li class=\"\">Obs\u0142uga klient\u00f3w w ich ojczystym j\u0119zyku poprzez t\u0142umaczenie g\u0142osowe.<\/li>\n<\/ul>\n\n\n\n<h3 class=\"wp-block-heading\" id=\"top-10-tools-and-information\">10 najlepszych narz\u0119dzi i informacji<\/h3>\n\n\n\n<figure class=\"wp-block-table\"><table class=\"has-fixed-layout\"><thead><tr><th>Nazwa narz\u0119dzia<\/th><th>URL<\/th><th>Kluczowe cechy<\/th><th>Plusy<\/th><th>Wady<\/th><\/tr><\/thead><tbody><tr><td>Darmowy t\u0142umacz audio AI Art<\/td><td><a href=\"https:\/\/aiartfree.online\/pl\/tlumacz-audio\/\">https:\/\/aiartfree.online\/audio-translator<\/a><\/td><td>T\u0142umaczenie w czasie rzeczywistym, wieloj\u0119zyczne<\/td><td>100% za darmo, nieograniczone u\u017cycie<\/td><td>Ograniczone wsparcie j\u0119zykowe<\/td><\/tr><tr><td>T\u0142umacz Google<\/td><td><a href=\"https:\/\/translate.google.com\" target=\"_blank\" rel=\"noreferrer noopener\">https:\/\/translate.google.com<\/a><\/td><td>T\u0142umaczenie tekstu, g\u0142osu i obraz\u00f3w<\/td><td>Szerokie wsparcie j\u0119zykowe<\/td><td>Wymaga dost\u0119pu do Internetu<\/td><\/tr><tr><td>iTranslate<\/td><td>https:\/\/www.itranslate.com\/<\/td><td>T\u0142umaczenie g\u0142osowe, tryb offline<\/td><td>Mo\u017cliwo\u015bci offline<\/td><td>Wymagana subskrypcja<\/td><\/tr><tr><td>Microsoft Translator<\/td><td>https:\/\/translator.microsoft.com\/<\/td><td>Rozpoznawanie mowy, synchronizacja z wieloma urz\u0105dzeniami<\/td><td>Integracja z aplikacjami MS<\/td><td>Ograniczona wersja darmowa<\/td><\/tr><tr><td>M\u00f3w i t\u0142umacz<\/td><td>https:\/\/speakandtranslate.app\/<\/td><td>T\u0142umaczenie g\u0142osowe w czasie rzeczywistym<\/td><td>Przyjazny dla u\u017cytkownika interfejs<\/td><td>Zakupy w aplikacji<\/td><\/tr><tr><td>SayHi Translate<\/td><td>https:\/\/www.sayhi.com\/<\/td><td>T\u0142umaczenie g\u0142osowe, wysoka dok\u0142adno\u015b\u0107<\/td><td>\u0141atwy w u\u017cyciu<\/td><td>Ograniczony tylko do g\u0142osu<\/td><\/tr><tr><td>Reverso<\/td><td>https:\/\/www.reverso.net\/<\/td><td>T\u0142umaczenie tekstu i g\u0142osu<\/td><td>T\u0142umaczenia kontekstowe<\/td><td>Ograniczona wersja darmowa<\/td><\/tr><tr><td>Papago<\/td><td>https:\/\/papago.naver.com\/<\/td><td>T\u0142umaczenie g\u0142osowe i tekstowe<\/td><td>Wysoka dok\u0142adno\u015b\u0107 dla j\u0119zyk\u00f3w azjatyckich<\/td><td>Mniej znane j\u0119zyki<\/td><\/tr><tr><td>VoiceTra<\/td><td>http:\/\/voicetra.nict.go.jp\/en\/<\/td><td>T\u0142umaczenie mowy, tryb offline<\/td><td>Wysoka dok\u0142adno\u015b\u0107<\/td><td>Interfejs mo\u017ce by\u0107 myl\u0105cy<\/td><\/tr><tr><td>Linguee<\/td><td>https:\/\/www.linguee.com\/<\/td><td>T\u0142umaczenie tekstu, s\u0142ownik<\/td><td>Szczeg\u00f3\u0142owe t\u0142umaczenia<\/td><td>Brak t\u0142umaczenia g\u0142osowego<\/td><\/tr><\/tbody><\/table><\/figure>\n\n\n\n<h3 class=\"wp-block-heading\" id=\"industry-pros-and-cons\">Plusy i minusy bran\u017cy<\/h3>\n\n\n\n<h4 class=\"wp-block-heading\" id=\"pros\">Plusy<\/h4>\n\n\n\n<ul class=\"wp-block-list\">\n<li class=\"\"><strong>Wydajno\u015b\u0107:<\/strong> Szybkie i \u0142atwe t\u0142umaczenia.<\/li>\n\n\n\n<li class=\"\"><strong>Op\u0142acalno\u015b\u0107:<\/strong> Zmniejsza zapotrzebowanie na profesjonalnych t\u0142umaczy.<\/li>\n\n\n\n<li class=\"\"><strong>Dost\u0119pno\u015b\u0107:<\/strong> Udost\u0119pnia tre\u015bci osobom nieb\u0119d\u0105cym rodzimymi u\u017cytkownikami j\u0119zyka.<\/li>\n<\/ul>\n\n\n\n<h4 class=\"wp-block-heading\" id=\"cons\">Wady<\/h4>\n\n\n\n<ul class=\"wp-block-list\">\n<li class=\"\"><strong>Problemy z dok\u0142adno\u015bci\u0105:<\/strong> Nie zawsze 100% dok\u0142adne, zw\u0142aszcza w przypadku z\u0142o\u017conych j\u0119zyk\u00f3w.<\/li>\n\n\n\n<li class=\"\"><strong>Zale\u017cno\u015b\u0107 od technologii:<\/strong> Wymaga niezawodnego internetu i urz\u0105dze\u0144.<\/li>\n\n\n\n<li class=\"\"><strong>Ograniczone rozumienie kontekstu:<\/strong> Mo\u017ce nie rozumie\u0107 niuans\u00f3w lub kontekstu kulturowego.<\/li>\n<\/ul>\n\n\n\n<h3 class=\"wp-block-heading\" id=\"faq\">FAQ<\/h3>\n\n\n\n<ol class=\"wp-block-list\">\n<li class=\"\"><strong>Jak przet\u0142umaczy\u0107 d\u017awi\u0119k na tekst?<\/strong>\n<ul class=\"wp-block-list\">\n<li class=\"\">U\u017cyj narz\u0119dzi takich jak <a href=\"https:\/\/aiartfree.online\/pl\/tlumacz-audio\/\">Darmowy t\u0142umacz audio AI Art<\/a> dla dok\u0142adnej konwersji d\u017awi\u0119ku na tekst.<\/li>\n<\/ul>\n<\/li>\n\n\n\n<li class=\"\"><strong>Jak przet\u0142umaczy\u0107 d\u017awi\u0119k z wideo?<\/strong>\n<ul class=\"wp-block-list\">\n<li class=\"\">Wyodr\u0119bnij d\u017awi\u0119k z wideo i prze\u015blij go do narz\u0119dzia do t\u0142umaczenia d\u017awi\u0119ku.<\/li>\n<\/ul>\n<\/li>\n\n\n\n<li class=\"\"><strong>Jak przet\u0142umaczy\u0107 d\u017awi\u0119k na tekst?<\/strong>\n<ul class=\"wp-block-list\">\n<li class=\"\">U\u017cyj oprogramowania do rozpoznawania mowy, aby przekonwertowa\u0107 wypowiadane s\u0142owa na tekst.<\/li>\n<\/ul>\n<\/li>\n\n\n\n<li class=\"\"><strong>Czy T\u0142umacz Google mo\u017ce t\u0142umaczy\u0107 d\u017awi\u0119k?<\/strong>\n<ul class=\"wp-block-list\">\n<li class=\"\">Tak, T\u0142umacz Google mo\u017ce t\u0142umaczy\u0107 wypowiadane s\u0142owa w czasie rzeczywistym.<\/li>\n<\/ul>\n<\/li>\n\n\n\n<li class=\"\"><strong>Jak przet\u0142umaczy\u0107 d\u017awi\u0119k?<\/strong>\n<ul class=\"wp-block-list\">\n<li class=\"\">Prze\u015blij plik audio do narz\u0119dzia do t\u0142umaczenia i wybierz j\u0119zyk docelowy.<\/li>\n<\/ul>\n<\/li>\n<\/ol>\n\n\n\n<h3 class=\"wp-block-heading\" id=\"summary\">Podsumowanie<\/h3>\n\n\n\n<p class=\"\">T\u0142umacze audio s\u0105 niezb\u0119dnymi narz\u0119dziami do prze\u0142amywania barier j\u0119zykowych i zapewniania dok\u0142adnych t\u0142umacze\u0144 wypowiadanych s\u0142\u00f3w w czasie rzeczywistym. Oferuj\u0105 one liczne korzy\u015bci, w tym dost\u0119pno\u015b\u0107, wydajno\u015b\u0107 i op\u0142acalno\u015b\u0107. Aby przekona\u0107 si\u0119 o zaletach t\u0142umacza audio z pierwszej r\u0119ki, wypr\u00f3buj <a href=\"https:\/\/aiartfree.online\/pl\/tlumacz-audio\/\">Darmowy t\u0142umacz audio AI Art<\/a> dzisiaj. Wykorzystaj przysz\u0142o\u015b\u0107 komunikacji i zwi\u0119ksz swoje mo\u017cliwo\u015bci \u0142\u0105czenia si\u0119 z lud\u017ami na ca\u0142ym \u015bwiecie.<\/p>","protected":false},"excerpt":{"rendered":"<p>How to use the Audio Translator *&nbsp;Depending on your internet speed, loading the model may take up to 10 seconds \u2193 Audio Translator: The Ultimate Guide Introduction In today&#8217;s globalized world, overcoming language barriers is essential for effective communication. Audio translators have emerged as powerful tools to help bridge these gaps, enabling real-time translation of &#8230; <a title=\"T\u0142umacz audio\" class=\"read-more\" href=\"https:\/\/aiartfree.online\/pl\/tlumacz-audio\/\" aria-label=\"Read more about Audio Translator\">Dowiedz si\u0119 wi\u0119cej<\/a><\/p>","protected":false},"author":1,"featured_media":3437,"parent":0,"menu_order":0,"comment_status":"open","ping_status":"closed","template":"","meta":{"nf_dc_page":"","footnotes":""},"class_list":["post-3435","page","type-page","status-publish","has-post-thumbnail"],"jetpack_sharing_enabled":true,"_links":{"self":[{"href":"https:\/\/aiartfree.online\/pl\/wp-json\/wp\/v2\/pages\/3435","targetHints":{"allow":["GET"]}}],"collection":[{"href":"https:\/\/aiartfree.online\/pl\/wp-json\/wp\/v2\/pages"}],"about":[{"href":"https:\/\/aiartfree.online\/pl\/wp-json\/wp\/v2\/types\/page"}],"author":[{"embeddable":true,"href":"https:\/\/aiartfree.online\/pl\/wp-json\/wp\/v2\/users\/1"}],"replies":[{"embeddable":true,"href":"https:\/\/aiartfree.online\/pl\/wp-json\/wp\/v2\/comments?post=3435"}],"version-history":[{"count":1,"href":"https:\/\/aiartfree.online\/pl\/wp-json\/wp\/v2\/pages\/3435\/revisions"}],"predecessor-version":[{"id":3602,"href":"https:\/\/aiartfree.online\/pl\/wp-json\/wp\/v2\/pages\/3435\/revisions\/3602"}],"wp:featuredmedia":[{"embeddable":true,"href":"https:\/\/aiartfree.online\/pl\/wp-json\/wp\/v2\/media\/3437"}],"wp:attachment":[{"href":"https:\/\/aiartfree.online\/pl\/wp-json\/wp\/v2\/media?parent=3435"}],"curies":[{"name":"wp","href":"https:\/\/api.w.org\/{rel}","templated":true}]}}