{"id":3416,"date":"2024-08-01T09:41:23","date_gmt":"2024-08-01T09:41:23","guid":{"rendered":"https:\/\/aiartfree.online\/?page_id=3416"},"modified":"2024-08-02T11:15:00","modified_gmt":"2024-08-02T11:15:00","slug":"html-code-generator","status":"publish","type":"page","link":"https:\/\/aiartfree.online\/pl\/generator-kodu-html\/","title":{"rendered":"Generator kodu HTML"},"content":{"rendered":"<h2 class=\"wp-block-heading has-text-align-center\">Przed i po<\/h2>\n\n\n\n<figure class=\"gb-block-image gb-block-image-1822da1f\"><img data-recalc-dims=\"1\" decoding=\"async\" loading=\"lazy\" width=\"1200\" height=\"707\" class=\"gb-image gb-image-1822da1f\" src=\"https:\/\/i0.wp.com\/aiartfree.online\/wp-content\/uploads\/2024\/08\/WX20240801-145150%402x-jpg.webp?resize=1200%2C707&#038;ssl=1\" alt=\"Generator kod\u00f3w HTML - Darmowe zrzuty ekranu online do kod\u00f3w HTML\" title=\"WX20240801-145150@2x\" srcset=\"https:\/\/i0.wp.com\/aiartfree.online\/wp-content\/uploads\/2024\/08\/WX20240801-145150%402x-jpg.webp?w=1904&amp;ssl=1 1904w, https:\/\/i0.wp.com\/aiartfree.online\/wp-content\/uploads\/2024\/08\/WX20240801-145150%402x-jpg.webp?resize=300%2C177&amp;ssl=1 300w, https:\/\/i0.wp.com\/aiartfree.online\/wp-content\/uploads\/2024\/08\/WX20240801-145150%402x-jpg.webp?resize=1024%2C603&amp;ssl=1 1024w, https:\/\/i0.wp.com\/aiartfree.online\/wp-content\/uploads\/2024\/08\/WX20240801-145150%402x-jpg.webp?resize=768%2C453&amp;ssl=1 768w, https:\/\/i0.wp.com\/aiartfree.online\/wp-content\/uploads\/2024\/08\/WX20240801-145150%402x-jpg.webp?resize=1536%2C905&amp;ssl=1 1536w, https:\/\/i0.wp.com\/aiartfree.online\/wp-content\/uploads\/2024\/08\/WX20240801-145150%402x-jpg.webp?resize=18%2C12&amp;ssl=1 18w, https:\/\/i0.wp.com\/aiartfree.online\/wp-content\/uploads\/2024\/08\/WX20240801-145150%402x-jpg.webp?resize=600%2C354&amp;ssl=1 600w\" sizes=\"auto, (max-width: 1200px) 100vw, 1200px\" \/><\/figure>\n\n\n\n<h2 class=\"wp-block-heading\">Jak korzysta\u0107 z generatora kodu HTML<\/h2>\n\n\n\n<ol class=\"wp-block-list\">\n<li class=\"\">Prze\u015blij zrzut ekranu swojej ulubionej witryny<\/li>\n\n\n\n<li class=\"\">Kliknij \"Prze\u015blij\"<\/li>\n\n\n\n<li class=\"\">Czekaj, to jest to!<\/li>\n<\/ol>\n\n\n\n<p class=\"\">* Zach\u0119camy do wypr\u00f3bowania poni\u017cszych przyk\u0142ad\u00f3w, je\u015bli nie masz jeszcze \u017cadnych pomys\u0142\u00f3w.<\/p>\n\n\n\n<p class=\"\"><em>* W zale\u017cno\u015bci od szybko\u015bci \u0142\u0105cza internetowego, za\u0142adowanie modelu mo\u017ce zaj\u0105\u0107 <\/em>do 10 sekund \u2193<\/p>\n\n\n\n<div class=\"iframe-wrapper\" style=\"position: relative; width: 100%; height: 1800px;\">\n  <div class=\"loading\" style=\"position: absolute; top: 50px; left: 50%; transform: translate(-50%, -50%); width: 40px; height: 40px; border: 3px solid #f0f0f0; border-top: 3px solid #db7093; border-radius: 50%; animation: spin 1s linear infinite;\"><\/div>\n  <iframe loading=\"lazy\" src=\"https:\/\/huggingfacem4-screenshot2html.hf.space\" frameborder=\"0\" width=\"100%\" height=\"100%\" style=\"position: absolute; top: 0; left: 0; opacity: 0; transition: opacity 0.3s;\" onload=\"this.style.opacity=1;this.previousElementSibling.style.display='none';\"><\/iframe>\n<\/div>\n\n<style>\n@keyframes spin {\n  0% { transform: translate(-50%, -50%) rotate(0deg); }\n  100% { transform: translate(-50%, -50%) rotate(360deg); }\n}\n<\/style>\n\n\n\n<div style=\"height:80px\" aria-hidden=\"true\" class=\"wp-block-spacer\"><\/div>\n\n\n\n<h2 class=\"wp-block-heading\">Wydajne i przyjazne dla u\u017cytkownika generatory kodu HTML: Najlepsze narz\u0119dzie do tworzenia stron internetowych<\/h2>\n\n\n\n<h3 class=\"wp-block-heading\">Czym jest generator kodu HTML?<\/h3>\n\n\n\n<p class=\"\">Generator kodu HTML to narz\u0119dzie zaprojektowane w celu uproszczenia procesu tworzenia kodu HTML. Umo\u017cliwia u\u017cytkownikom szybkie i wydajne generowanie kodu HTML bez konieczno\u015bci r\u0119cznego pisania kodu. Narz\u0119dzia te s\u0105 szczeg\u00f3lnie przydatne dla os\u00f3b, kt\u00f3re mog\u0105 nie mie\u0107 du\u017cego do\u015bwiadczenia w kodowaniu, ale musz\u0105 tworzy\u0107 kod HTML do r\u00f3\u017cnych cel\u00f3w, takich jak tworzenie stron internetowych, szablon\u00f3w wiadomo\u015bci e-mail lub osadzanie multimedi\u00f3w.<\/p>\n\n\n\n<h3 class=\"wp-block-heading\">Dlaczego warto korzysta\u0107 z generatora kodu HTML?<\/h3>\n\n\n\n<h4 class=\"wp-block-heading\">G\u0142\u00f3wne zalety<\/h4>\n\n\n\n<ul class=\"wp-block-list\">\n<li class=\"\"><strong>Wydajno\u015b\u0107<\/strong>: Znacznie przyspiesza proces kodowania.<\/li>\n\n\n\n<li class=\"\"><strong>Przyjazny dla u\u017cytkownika<\/strong>: Nie wymaga wcze\u015bniejszej wiedzy na temat kodowania.<\/li>\n\n\n\n<li class=\"\"><strong>Redukcja b\u0142\u0119d\u00f3w<\/strong>: Minimalizuje b\u0142\u0119dy kodowania i zapewnia czystszy kod.<\/li>\n\n\n\n<li class=\"\"><strong>Wszechstronno\u015b\u0107<\/strong>: Mo\u017ce generowa\u0107 r\u00f3\u017cne elementy HTML.<\/li>\n\n\n\n<li class=\"\"><strong>Personalizacja<\/strong>: Umo\u017cliwia u\u017cytkownikom dostosowanie wygenerowanego kodu zgodnie z potrzebami.<\/li>\n<\/ul>\n\n\n\n<h4 class=\"wp-block-heading\">Najcz\u0119\u015bciej zadawane pytania u\u017cytkownik\u00f3w<\/h4>\n\n\n\n<ol class=\"wp-block-list\">\n<li class=\"\"><strong>Jak wygenerowa\u0107 kod HTML ze zrzut\u00f3w ekranu?<\/strong>\n<ul class=\"wp-block-list\">\n<li class=\"\">Korzystaj\u0105c z naszego zalecanego narz\u0119dzia: <a href=\"https:\/\/aiartfree.online\/pl\/generator-kodu-html\/\">Generator kodu HTML<\/a><\/li>\n<\/ul>\n<\/li>\n\n\n\n<li class=\"\"><strong>Czy Adobe XD mo\u017ce generowa\u0107 kod HTML?<\/strong>\n<ul class=\"wp-block-list\">\n<li class=\"\">Adobe XD jest przede wszystkim narz\u0119dziem do projektowania i nie generuje bezpo\u015brednio kodu HTML.<\/li>\n<\/ul>\n<\/li>\n\n\n\n<li class=\"\"><strong>Jak automatycznie wygenerowa\u0107 kod HTML w VSCode?<\/strong>\n<ul class=\"wp-block-list\">\n<li class=\"\">U\u017cyj rozszerze\u0144 takich jak Emmet do automatycznego generowania kodu HTML w VSCode.<\/li>\n<\/ul>\n<\/li>\n<\/ol>\n\n\n\n<h3 class=\"wp-block-heading\">G\u0142\u00f3wne cechy generator\u00f3w kodu HTML<\/h3>\n\n\n\n<h4 class=\"wp-block-heading\">Generator tekstu HTML<\/h4>\n\n\n\n<p class=\"\">Umo\u017cliwia u\u017cytkownikom wprowadzanie tekstu i otrzymywanie odpowiadaj\u0105cego mu kodu HTML.<\/p>\n\n\n\n<h4 class=\"wp-block-heading\">Kreator tabel HTML<\/h4>\n\n\n\n<p class=\"\">Generuje kod HTML dla tabel, u\u0142atwiaj\u0105c tworzenie z\u0142o\u017conych struktur tabel.<\/p>\n\n\n\n<h4 class=\"wp-block-heading\">Generator AI HTML<\/h4>\n\n\n\n<p class=\"\">Wykorzystuje sztuczn\u0105 inteligencj\u0119 do generowania kodu HTML, dzi\u0119ki czemu proces ten jest szybszy i bardziej intuicyjny.<\/p>\n\n\n\n<h4 class=\"wp-block-heading\">Kreator tabel HTML<\/h4>\n\n\n\n<p class=\"\">Upraszcza tworzenie tabel HTML, zapewniaj\u0105c \u0142atwy w u\u017cyciu interfejs.<\/p>\n\n\n\n<h4 class=\"wp-block-heading\">Generowanie kodu HTML z tekstu<\/h4>\n\n\n\n<p class=\"\">Przekszta\u0142ca zwyk\u0142y tekst w sformatowany kod HTML.<\/p>\n\n\n\n<h4 class=\"wp-block-heading\">Generowanie kodu HTML z obrazu<\/h4>\n\n\n\n<p class=\"\">Konwertuje obrazy na kod HTML, przydatny do osadzania multimedi\u00f3w na stronach internetowych.<\/p>\n\n\n\n<h4 class=\"wp-block-heading\">Rejestracja nie jest wymagana<\/h4>\n\n\n\n<p class=\"\">U\u017cytkownicy mog\u0105 generowa\u0107 kod HTML bez konieczno\u015bci tworzenia konta.<\/p>\n\n\n\n<h4 class=\"wp-block-heading\">100% Bezp\u0142atne i nieograniczone u\u017cytkowanie<\/h4>\n\n\n\n<p class=\"\">Narz\u0119dzie jest ca\u0142kowicie darmowe i nie ma ogranicze\u0144 co do liczby generowanych kod\u00f3w.<\/p>\n\n\n\n<h3 class=\"wp-block-heading\">Docelowi odbiorcy i zastosowania<\/h3>\n\n\n\n<h4 class=\"wp-block-heading\">Odpowiedni dla:<\/h4>\n\n\n\n<ul class=\"wp-block-list\">\n<li class=\"\"><strong>Tw\u00f3rcy stron internetowych<\/strong>: Do szybkiego tworzenia i prototypowania stron internetowych.<\/li>\n\n\n\n<li class=\"\"><strong>Projektanci<\/strong>: Do osadzania element\u00f3w projektu w HTML.<\/li>\n\n\n\n<li class=\"\"><strong>Tw\u00f3rcy tre\u015bci<\/strong>: Do formatowania tre\u015bci blog\u00f3w, wiadomo\u015bci e-mail i stron internetowych.<\/li>\n\n\n\n<li class=\"\"><strong>Uczniowie i nauczyciele<\/strong>: Do nauki i nauczania HTML.<\/li>\n<\/ul>\n\n\n\n<h4 class=\"wp-block-heading\">Zastosowania przemys\u0142owe:<\/h4>\n\n\n\n<ul class=\"wp-block-list\">\n<li class=\"\"><strong>Handel elektroniczny<\/strong>: Tworzenie list produkt\u00f3w i opis\u00f3w.<\/li>\n\n\n\n<li class=\"\"><strong>Marketing cyfrowy<\/strong>: Projektowanie szablon\u00f3w wiadomo\u015bci e-mail i stron docelowych.<\/li>\n\n\n\n<li class=\"\"><strong>Edukacja<\/strong>: Nauczanie HTML i tworzenia stron internetowych.<\/li>\n\n\n\n<li class=\"\"><strong>Media i rozrywka<\/strong>: Osadzanie tre\u015bci multimedialnych na stronach internetowych.<\/li>\n<\/ul>\n\n\n\n<h3 class=\"wp-block-heading\">Jak korzysta\u0107 z generatora kodu HTML<\/h3>\n\n\n\n<ol class=\"wp-block-list\">\n<li class=\"\"><strong>Dost\u0119p do narz\u0119dzia<\/strong>\n<ul class=\"wp-block-list\">\n<li class=\"\">Odwied\u017a <a href=\"https:\/\/aiartfree.online\/pl\/generator-kodu-html\/\">Generator kodu HTML<\/a>.<\/li>\n<\/ul>\n<\/li>\n\n\n\n<li class=\"\"><strong>Wybierz typ kodu<\/strong>\n<ul class=\"wp-block-list\">\n<li class=\"\">Wybierz jedn\u0105 z opcji, takich jak tekst, tabela lub obraz do kodu.<\/li>\n<\/ul>\n<\/li>\n\n\n\n<li class=\"\"><strong>Wprowadzanie tre\u015bci<\/strong>\n<ul class=\"wp-block-list\">\n<li class=\"\">Wprowad\u017a tekst lub prze\u015blij obraz, kt\u00f3ry chcesz przekonwertowa\u0107.<\/li>\n<\/ul>\n<\/li>\n\n\n\n<li class=\"\"><strong>Generowanie kodu<\/strong>\n<ul class=\"wp-block-list\">\n<li class=\"\">Kliknij przycisk generowania, aby otrzyma\u0107 kod HTML.<\/li>\n<\/ul>\n<\/li>\n\n\n\n<li class=\"\"><strong>Kopiowanie i u\u017cywanie<\/strong>\n<ul class=\"wp-block-list\">\n<li class=\"\">Skopiuj wygenerowany kod i wklej go do swojego projektu.<\/li>\n<\/ul>\n<\/li>\n<\/ol>\n\n\n\n<h3 class=\"wp-block-heading\">Przypadki u\u017cycia generator\u00f3w kodu HTML<\/h3>\n\n\n\n<h4 class=\"wp-block-heading\">Tworzenie stron internetowych<\/h4>\n\n\n\n<p class=\"\">Tworzenie ustrukturyzowanych stron internetowych przy minimalnym wysi\u0142ku.<\/p>\n\n\n\n<h4 class=\"wp-block-heading\">Marketing e-mailowy<\/h4>\n\n\n\n<p class=\"\">Projektowanie responsywnych szablon\u00f3w wiadomo\u015bci e-mail.<\/p>\n\n\n\n<h4 class=\"wp-block-heading\">Blogowanie<\/h4>\n\n\n\n<p class=\"\">Formatowanie post\u00f3w na blogu za pomoc\u0105 HTML w celu lepszej prezentacji.<\/p>\n\n\n\n<h4 class=\"wp-block-heading\">Edukacja online<\/h4>\n\n\n\n<p class=\"\">Pomoc uczniom w \u0107wiczeniu i zrozumieniu kodowania HTML.<\/p>\n\n\n\n<h4 class=\"wp-block-heading\">Reklama cyfrowa<\/h4>\n\n\n\n<p class=\"\">Tworzenie baner\u00f3w reklamowych i stron docelowych.<\/p>\n\n\n\n<h3 class=\"wp-block-heading\">Informacje z 10 powi\u0105zanych stron internetowych<\/h3>\n\n\n\n<figure class=\"wp-block-table\"><table class=\"has-fixed-layout\"><thead><tr><th>Strona internetowa<\/th><th>Cechy<\/th><th>Zalety<\/th><th>Wyzwania<\/th><th>URL<\/th><\/tr><\/thead><tbody><tr><td><strong><a href=\"https:\/\/aiartfree.online\/pl\/generator-kodu-html\/\" data-type=\"link\" data-id=\"https:\/\/aiartfree.online\/html-code-generator\">Generator kodu HTML ze zrzut\u00f3w ekranu<\/a><\/strong><\/td><td>Przyk\u0142ady kodu HTML, samouczki<\/td><td>Kompleksowy, bezp\u0142atny<\/td><td>Podstawowe funkcje<\/td><td><a href=\"https:\/\/aiartfree.online\/pl\/generator-kodu-html\/\">https:\/\/aiartfree.online\/html-code-generator<\/a><\/td><\/tr><tr><td>Kod Beautify<\/td><td>Przegl\u0105darka HTML, Minifier<\/td><td>\u0141atwy w u\u017cyciu, szybki<\/td><td>Obecne reklamy<\/td><td>codebeautify.org<\/td><\/tr><tr><td>HTML Online<\/td><td>Edytor HTML, Cleaner<\/td><td>Przyjazny dla u\u017cytkownika, bezp\u0142atny<\/td><td>Ograniczona personalizacja<\/td><td>html-cleaner.com<\/td><\/tr><tr><td>Generator kodu HTML<\/td><td>Tekst do HTML, generator tabel<\/td><td>Wydajny, bez rejestracji<\/td><td>Projekt podstawowy<\/td><td>html-code-generator.com<\/td><\/tr><tr><td>Pinegrow<\/td><td>Wizualny edytor HTML<\/td><td>Funkcje profesjonalne<\/td><td>Drogie<\/td><td>pinegrow.com<\/td><\/tr><tr><td>Edytor HTML5<\/td><td>Edytor HTML online<\/td><td>Bezp\u0142atnie, bez rejestracji<\/td><td>Obecne reklamy<\/td><td>html5-editor.net<\/td><\/tr><tr><td>Quackit<\/td><td>Samouczki kodu HTML, przyk\u0142ady<\/td><td>Edukacyjne, Bezp\u0142atne<\/td><td>Podstawowe funkcje<\/td><td>quackit.com<\/td><\/tr><tr><td>FreeFormatter<\/td><td>HTML Formatter, Beautifier<\/td><td>Szybko, za darmo<\/td><td>Obecne reklamy<\/td><td>freeformatter.com<\/td><\/tr><tr><td>JSFiddle<\/td><td>Edytor online, HTML, CSS, JS<\/td><td>Wsp\u00f3\u0142praca, wszechstronno\u015b\u0107<\/td><td>Wymaga logowania<\/td><td>jsfiddle.net<\/td><\/tr><tr><td>Generator tabel HTML<\/td><td>Kreator tabel, dostosowywanie<\/td><td>\u0141atwy w u\u017cyciu, bezp\u0142atny<\/td><td>Ograniczone funkcje<\/td><td>rapidtables.com<\/td><\/tr><\/tbody><\/table><\/figure>\n\n\n\n<h3 class=\"wp-block-heading\">Plusy i minusy bran\u017cy generowania kodu HTML<\/h3>\n\n\n\n<h4 class=\"wp-block-heading\">Plusy:<\/h4>\n\n\n\n<ul class=\"wp-block-list\">\n<li class=\"\"><strong>Dost\u0119pno\u015b\u0107<\/strong>: Narz\u0119dzia s\u0105 dost\u0119pne online za darmo.<\/li>\n\n\n\n<li class=\"\"><strong>Oszcz\u0119dno\u015b\u0107 czasu<\/strong>: Przyspiesza proces kodowania.<\/li>\n\n\n\n<li class=\"\"><strong>Przyjazny dla u\u017cytkownika<\/strong>: Odpowiedni dla pocz\u0105tkuj\u0105cych i profesjonalist\u00f3w.<\/li>\n<\/ul>\n\n\n\n<h4 class=\"wp-block-heading\">Wady:<\/h4>\n\n\n\n<ul class=\"wp-block-list\">\n<li class=\"\"><strong>Limity dostosowywania<\/strong>: Niekt\u00f3re narz\u0119dzia oferuj\u0105 ograniczon\u0105 personalizacj\u0119.<\/li>\n\n\n\n<li class=\"\"><strong>Uzale\u017cnienie od Internetu<\/strong>: Wymaga po\u0142\u0105czenia z Internetem.<\/li>\n\n\n\n<li class=\"\"><strong>Krzywa uczenia si\u0119<\/strong>: Niekt\u00f3re zaawansowane funkcje mog\u0105 wymaga\u0107 nauki.<\/li>\n<\/ul>\n\n\n\n<h4 class=\"wp-block-heading\">Zalety i wyzwania:<\/h4>\n\n\n\n<ul class=\"wp-block-list\">\n<li class=\"\"><strong>Zalety<\/strong>: Wydajno\u015b\u0107, dok\u0142adno\u015b\u0107, wszechstronno\u015b\u0107.<\/li>\n\n\n\n<li class=\"\"><strong>Wyzwania<\/strong>: Dostosowanie, zale\u017cno\u015b\u0107 od Internetu, wymagania dotycz\u0105ce nauki.<\/li>\n<\/ul>\n\n\n\n<h4 class=\"wp-block-heading\">Zalecenia:<\/h4>\n\n\n\n<ul class=\"wp-block-list\">\n<li class=\"\">U\u017cywaj renomowanych narz\u0119dzi z silnym wsparciem.<\/li>\n\n\n\n<li class=\"\">W przypadku bardziej z\u0142o\u017conych zada\u0144 mo\u017cna po\u0142\u0105czy\u0107 z kodowaniem r\u0119cznym.<\/li>\n\n\n\n<li class=\"\">Regularnie aktualizuj swoj\u0105 wiedz\u0119 na temat nowych narz\u0119dzi i funkcji.<\/li>\n<\/ul>\n\n\n\n<h3 class=\"wp-block-heading\">FAQ<\/h3>\n\n\n\n<ol class=\"wp-block-list\">\n<li class=\"\"><strong>Jak wygenerowa\u0107 kod HTML ze zrzut\u00f3w ekranu?<\/strong>\n<ul class=\"wp-block-list\">\n<li class=\"\">Skorzystaj z naszego zalecanego narz\u0119dzia: <a href=\"https:\/\/aiartfree.online\/pl\/generator-kodu-html\/\">Generator kodu HTML<\/a><\/li>\n<\/ul>\n<\/li>\n\n\n\n<li class=\"\"><strong>Czy Adobe XD mo\u017ce generowa\u0107 kod HTML?<\/strong>\n<ul class=\"wp-block-list\">\n<li class=\"\">Adobe XD nie generuje bezpo\u015brednio kodu HTML.<\/li>\n<\/ul>\n<\/li>\n\n\n\n<li class=\"\"><strong>Jak automatycznie wygenerowa\u0107 kod HTML w VSCode?<\/strong>\n<ul class=\"wp-block-list\">\n<li class=\"\">U\u017cywaj rozszerze\u0144 takich jak Emmet.<\/li>\n<\/ul>\n<\/li>\n\n\n\n<li class=\"\"><strong>Jak wygenerowa\u0107 kod HTML?<\/strong>\n<ul class=\"wp-block-list\">\n<li class=\"\">Skorzystaj z naszego zalecanego narz\u0119dzia: <a href=\"https:\/\/aiartfree.online\/pl\/generator-kodu-html\/\">Generator kodu HTML<\/a><\/li>\n<\/ul>\n<\/li>\n\n\n\n<li class=\"\"><strong>Jak wygenerowa\u0107 kod HTML z obrazka?<\/strong>\n<ul class=\"wp-block-list\">\n<li class=\"\">Skorzystaj z naszego zalecanego narz\u0119dzia: <a href=\"https:\/\/aiartfree.online\/pl\/generator-kodu-html\/\">Generator kodu HTML<\/a><\/li>\n<\/ul>\n<\/li>\n\n\n\n<li class=\"\"><strong>Czy istnieje darmowy generator kodu HTML?<\/strong>\n<ul class=\"wp-block-list\">\n<li class=\"\">Tak, wiele narz\u0119dzi jest 100% darmowych i nieograniczonych.<\/li>\n<\/ul>\n<\/li>\n\n\n\n<li class=\"\"><strong>Czy mog\u0119 wygenerowa\u0107 kod HTML bez rejestracji?<\/strong>\n<ul class=\"wp-block-list\">\n<li class=\"\">Tak, nasze narz\u0119dzie nie wymaga rejestracji.<\/li>\n<\/ul>\n<\/li>\n\n\n\n<li class=\"\"><strong>Jaki jest najlepszy generator kodu HTML?<\/strong>\n<ul class=\"wp-block-list\">\n<li class=\"\">Nasze narz\u0119dzie jest wysoce zalecane ze wzgl\u0119du na jego funkcje i \u0142atwo\u015b\u0107 u\u017cycia.<\/li>\n<\/ul>\n<\/li>\n\n\n\n<li class=\"\"><strong>Jak \u0142atwo utworzy\u0107 tabel\u0119 w HTML?<\/strong>\n<ul class=\"wp-block-list\">\n<li class=\"\">U\u017cyj narz\u0119dzia do tworzenia tabel HTML.<\/li>\n<\/ul>\n<\/li>\n\n\n\n<li class=\"\"><strong>Czy mog\u0119 wygenerowa\u0107 kod HTML dla tekstu?<\/strong><\/li>\n<\/ol>\n\n\n\n<ul class=\"wp-block-list\">\n<li class=\"\">Tak, u\u017cyj naszego generatora tekstu HTML.<\/li>\n<\/ul>\n\n\n\n<h3 class=\"wp-block-heading\">Podsumowanie<\/h3>\n\n\n\n<h4 class=\"wp-block-heading\">G\u0142\u00f3wne zalety:<\/h4>\n\n\n\n<ul class=\"wp-block-list\">\n<li class=\"\"><strong>Wydajno\u015b\u0107<\/strong>: Przyspiesza proces kodowania.<\/li>\n\n\n\n<li class=\"\"><strong>Przyjazny dla u\u017cytkownika<\/strong>: Odpowiedni dla wszystkich poziom\u00f3w umiej\u0119tno\u015bci.<\/li>\n\n\n\n<li class=\"\"><strong>Wszechstronno\u015b\u0107<\/strong>: Generuje r\u00f3\u017cne elementy HTML.<\/li>\n<\/ul>\n\n\n\n<p class=\"\">Zacznij korzysta\u0107 z naszego <a href=\"https:\/\/aiartfree.online\/pl\/generator-kodu-html\/\">Generator kodu HTML<\/a> ju\u017c dzi\u015b, aby bez wysi\u0142ku tworzy\u0107 kod HTML i ulepsza\u0107 swoje projekty zwi\u0105zane z tworzeniem stron internetowych.<\/p>\n\n\n\n<p class=\"\">Je\u015bli masz dodatkowe pytania, mo\u017cesz je zada\u0107 tutaj <a href=\"https:\/\/chatgpt4o.space\/\" target=\"_blank\" data-type=\"link\" data-id=\"https:\/\/chatgpt4o.space\/\" rel=\"noreferrer noopener\">darmowy czat online GPT 4o<\/a>.<br><\/p>","protected":false},"excerpt":{"rendered":"<p>Before vs After How to use the HTML Code Generator * Feel free to try our examples below if you don&#8217;t have any thoughts in your mind *&nbsp;Depending on your internet speed, loading the model may take up to 10 seconds \u2193 Efficient and User-Friendly HTML Code Generators: The Ultimate Tool for Web Development What &#8230; <a title=\"Generator kodu HTML\" class=\"read-more\" href=\"https:\/\/aiartfree.online\/pl\/generator-kodu-html\/\" aria-label=\"Read more about HTML Code Generator\">Dowiedz si\u0119 wi\u0119cej<\/a><\/p>","protected":false},"author":1,"featured_media":3427,"parent":0,"menu_order":0,"comment_status":"open","ping_status":"closed","template":"","meta":{"nf_dc_page":"","footnotes":""},"class_list":["post-3416","page","type-page","status-publish","has-post-thumbnail"],"jetpack_sharing_enabled":true,"_links":{"self":[{"href":"https:\/\/aiartfree.online\/pl\/wp-json\/wp\/v2\/pages\/3416","targetHints":{"allow":["GET"]}}],"collection":[{"href":"https:\/\/aiartfree.online\/pl\/wp-json\/wp\/v2\/pages"}],"about":[{"href":"https:\/\/aiartfree.online\/pl\/wp-json\/wp\/v2\/types\/page"}],"author":[{"embeddable":true,"href":"https:\/\/aiartfree.online\/pl\/wp-json\/wp\/v2\/users\/1"}],"replies":[{"embeddable":true,"href":"https:\/\/aiartfree.online\/pl\/wp-json\/wp\/v2\/comments?post=3416"}],"version-history":[{"count":0,"href":"https:\/\/aiartfree.online\/pl\/wp-json\/wp\/v2\/pages\/3416\/revisions"}],"wp:featuredmedia":[{"embeddable":true,"href":"https:\/\/aiartfree.online\/pl\/wp-json\/wp\/v2\/media\/3427"}],"wp:attachment":[{"href":"https:\/\/aiartfree.online\/pl\/wp-json\/wp\/v2\/media?parent=3416"}],"curies":[{"name":"wp","href":"https:\/\/api.w.org\/{rel}","templated":true}]}}