{"id":3412,"date":"2024-08-01T08:56:22","date_gmt":"2024-08-01T08:56:22","guid":{"rendered":"https:\/\/aiartfree.online\/?page_id=3412"},"modified":"2024-08-01T09:11:21","modified_gmt":"2024-08-01T09:11:21","slug":"speech-to-text","status":"publish","type":"page","link":"https:\/\/aiartfree.online\/pl\/zamiana-mowy-na-tekst\/","title":{"rendered":"Zamiana mowy na tekst"},"content":{"rendered":"<h2 class=\"wp-block-heading\">Jak korzysta\u0107 z funkcji zamiany mowy na tekst<\/h2>\n\n\n\n<ol class=\"wp-block-list\">\n<li class=\"\">Prze\u015blij plik audio i poczekaj chwil\u0119<\/li>\n\n\n\n<li class=\"\">Kliknij \"Transkrybuj d\u017awi\u0119k\"<\/li>\n\n\n\n<li class=\"\">Czekaj, to jest to!<\/li>\n<\/ol>\n\n\n\n<p class=\"\">* Rekord jest obecnie niedost\u0119pny<\/p>\n\n\n\n<p class=\"\"><em>* W zale\u017cno\u015bci od szybko\u015bci \u0142\u0105cza internetowego, za\u0142adowanie modelu mo\u017ce zaj\u0105\u0107 <\/em>do 10 sekund \u2193<\/p>\n\n\n\n<div style=\"text-align: center; border: 2px solid; border-image-source: linear-gradient(to right, #16b86c, #912899); border-image-slice: 1; box-shadow: 0 0 10px rgba(0, 0, 0, 0.1); border-radius: 15px; position: relative;\">\n  <div class=\"loading\" style=\"position: absolute; top: 100px; left: 50%; transform: translate(-50%, -50%); width: 40px; height: 40px; border: 3px solid #f0f0f0; border-top: 3px solid #16b86c; border-radius: 50%; animation: spin 1s linear infinite;\"><\/div>\n  <iframe loading=\"lazy\"\n    src=\"https:\/\/xenova-whisper-web.static.hf.space\"\n    frameborder=\"0\"\n    width=\"100%\"\n    height=\"900\"\n    style=\"display: inline-block; margin: 0 auto; opacity: 0; transition: opacity 0.3s;\"\n    onload=\"this.style.opacity=1;this.previousElementSibling.style.display='none';\"\n  ><\/iframe>\n<\/div>\n<style>\n@keyframes spin {\n  0% { transform: translate(-50%, -50%) rotate(0deg); }\n  100% { transform: translate(-50%, -50%) rotate(360deg); }\n}\n<\/style>\n\n\n\n<div style=\"height:80px\" aria-hidden=\"true\" class=\"wp-block-spacer\"><\/div>\n\n\n\n<h2 class=\"wp-block-heading\">Kompletny przewodnik po zamianie mowy na tekst<\/h2>\n\n\n\n<h3 class=\"wp-block-heading\">Podsumowanie<\/h3>\n\n\n\n<p class=\"\">Ten artyku\u0142 zawiera kompleksowy przegl\u0105d technologii zamiany mowy na tekst, w tym jej definicj\u0119, zalety, g\u0142\u00f3wne cechy, grup\u0119 docelow\u0105 i instrukcje u\u017cytkowania. Podkre\u015bla r\u00f3\u017cne przypadki u\u017cycia i oferuje szczeg\u00f3\u0142owe por\u00f3wnanie najlepszych narz\u0119dzi i informacji z 10 powi\u0105zanych stron internetowych. Artyku\u0142 ko\u0144czy si\u0119 om\u00f3wieniem zalet i wad bran\u017cy oraz odpowiedziami na najcz\u0119\u015bciej zadawane pytania.<\/p>\n\n\n\n<figure class=\"wp-block-image size-large is-resized\"><img data-recalc-dims=\"1\" data-dominant-color=\"f3f5f6\" data-has-transparency=\"false\" decoding=\"async\" width=\"1024\" height=\"616\"   loading=\"lazy\" src=\"https:\/\/i0.wp.com\/aiartfree.online\/wp-content\/uploads\/2024\/08\/WX20240801-130434%402x-1-1024x616.webp?resize=1024%2C616&#038;ssl=1\" alt=\"Zamiana mowy na tekst, znana r\u00f3wnie\u017c jako rozpoznawanie g\u0142osu lub rozpoznawanie mowy, to technologia, kt\u00f3ra konwertuje wypowiadane s\u0142owa na tekst pisany. Wykorzystuje ona zaawansowane algorytmy i sztuczn\u0105 inteligencj\u0119 do rozumienia i transkrypcji ludzkiej mowy w czasie rzeczywistym lub z nagranych plik\u00f3w audio.\" class=\"wp-image-3418 not-transparent\" style=\"--dominant-color: #f3f5f6; width:691px;height:auto\" srcset=\"https:\/\/i0.wp.com\/aiartfree.online\/wp-content\/uploads\/2024\/08\/WX20240801-130434%402x-1-jpg.webp?resize=1024%2C616&amp;ssl=1 1024w, https:\/\/i0.wp.com\/aiartfree.online\/wp-content\/uploads\/2024\/08\/WX20240801-130434%402x-1-jpg.webp?resize=300%2C180&amp;ssl=1 300w, https:\/\/i0.wp.com\/aiartfree.online\/wp-content\/uploads\/2024\/08\/WX20240801-130434%402x-1-jpg.webp?resize=768%2C462&amp;ssl=1 768w, https:\/\/i0.wp.com\/aiartfree.online\/wp-content\/uploads\/2024\/08\/WX20240801-130434%402x-1-jpg.webp?resize=1536%2C923&amp;ssl=1 1536w, https:\/\/i0.wp.com\/aiartfree.online\/wp-content\/uploads\/2024\/08\/WX20240801-130434%402x-1-jpg.webp?resize=18%2C12&amp;ssl=1 18w, https:\/\/i0.wp.com\/aiartfree.online\/wp-content\/uploads\/2024\/08\/WX20240801-130434%402x-1-jpg.webp?resize=600%2C361&amp;ssl=1 600w, https:\/\/i0.wp.com\/aiartfree.online\/wp-content\/uploads\/2024\/08\/WX20240801-130434%402x-1-jpg.webp?w=1898&amp;ssl=1 1898w\" sizes=\"auto, (max-width: 1024px) 100vw, 1024px\" \/><\/figure>\n\n\n\n<h3 class=\"wp-block-heading\">Spis tre\u015bci<\/h3>\n\n\n\n<ol class=\"wp-block-list\">\n<li class=\"\"><a href=\"#what-is-speech-to-text\">Czym jest zamiana mowy na tekst?<\/a><\/li>\n\n\n\n<li class=\"\"><a href=\"#why-use-speech-to-text\">Dlaczego warto u\u017cywa\u0107 zamiany mowy na tekst?<\/a><\/li>\n\n\n\n<li class=\"\"><a href=\"#main-features-of-speech-to-text\">G\u0142\u00f3wne cechy zamiany mowy na tekst<\/a><\/li>\n\n\n\n<li class=\"\"><a href=\"#who-should-use-speech-to-text\">Kto powinien korzysta\u0107 z zamiany mowy na tekst?<\/a><\/li>\n\n\n\n<li class=\"\"><a href=\"#how-to-use-speech-to-text\">Jak korzysta\u0107 z zamiany mowy na tekst<\/a><\/li>\n\n\n\n<li class=\"\"><a href=\"#speech-to-text-use-cases\">Przypadki u\u017cycia zamiany mowy na tekst<\/a><\/li>\n\n\n\n<li class=\"\"><a href=\"#top-10-tools-and-information\">10 najlepszych narz\u0119dzi i informacji<\/a><\/li>\n\n\n\n<li class=\"\"><a href=\"#industry-pros-and-cons\">Plusy i minusy bran\u017cy<\/a><\/li>\n\n\n\n<li class=\"\"><a href=\"#faq\">FAQ<\/a><\/li>\n\n\n\n<li class=\"\"><a href=\"#summary\">Podsumowanie<\/a><\/li>\n<\/ol>\n\n\n\n<h2 class=\"wp-block-heading\">Czym jest zamiana mowy na tekst?<\/h2>\n\n\n\n<p class=\"\">Zamiana mowy na tekst, znana r\u00f3wnie\u017c jako rozpoznawanie g\u0142osu lub rozpoznawanie mowy, to technologia, kt\u00f3ra konwertuje wypowiadane s\u0142owa na tekst pisany. Wykorzystuje ona zaawansowane algorytmy i sztuczn\u0105 inteligencj\u0119 do rozumienia i transkrypcji ludzkiej mowy w czasie rzeczywistym lub z nagranych plik\u00f3w audio.<\/p>\n\n\n\n<h2 class=\"wp-block-heading\">Dlaczego warto u\u017cywa\u0107 zamiany mowy na tekst?<\/h2>\n\n\n\n<p class=\"\">Technologia zamiany mowy na tekst oferuje wiele korzy\u015bci, dzi\u0119ki czemu jest niezb\u0119dnym narz\u0119dziem dla r\u00f3\u017cnych u\u017cytkownik\u00f3w i bran\u017c. Kluczowe korzy\u015bci obejmuj\u0105:<\/p>\n\n\n\n<ul class=\"wp-block-list\">\n<li class=\"\"><strong>Wydajno\u015b\u0107<\/strong>: Przyspiesza proces tworzenia tre\u015bci.<\/li>\n\n\n\n<li class=\"\"><strong>Dost\u0119pno\u015b\u0107<\/strong>: Pomaga osobom niepe\u0142nosprawnym lub preferuj\u0105cym wprowadzanie g\u0142osowe.<\/li>\n\n\n\n<li class=\"\"><strong>Wygoda<\/strong>: Umo\u017cliwia prac\u0119 bez u\u017cycia r\u0105k i wielozadaniowo\u015b\u0107.<\/li>\n\n\n\n<li class=\"\"><strong>Dok\u0142adno\u015b\u0107<\/strong>: Zaawansowane algorytmy redukuj\u0105 b\u0142\u0119dy i poprawiaj\u0105 jako\u015b\u0107 transkrypcji.<\/li>\n\n\n\n<li class=\"\"><strong>Wszechstronno\u015b\u0107<\/strong>: Obs\u0142uguje wiele j\u0119zyk\u00f3w i mo\u017ce by\u0107 zintegrowany z innymi narz\u0119dziami, takimi jak Dokumenty Google i Dysk Google.<\/li>\n<\/ul>\n\n\n\n<h2 class=\"wp-block-heading\">G\u0142\u00f3wne cechy zamiany mowy na tekst<\/h2>\n\n\n\n<h3 class=\"wp-block-heading\">Transkrypcja w czasie rzeczywistym<\/h3>\n\n\n\n<p class=\"\">Natychmiast konwertuje wypowiadane s\u0142owa na tekst, zapewniaj\u0105c natychmiastow\u0105 informacj\u0119 zwrotn\u0105 i umo\u017cliwiaj\u0105c p\u0142ynn\u0105 komunikacj\u0119 i dokumentacj\u0119.<\/p>\n\n\n\n<h3 class=\"wp-block-heading\">Transkrypcja pliku audio<\/h3>\n\n\n\n<p class=\"\">Przetwarza nagrane wcze\u015bniej pliki audio, u\u0142atwiaj\u0105c transkrypcj\u0119 spotka\u0144, wyk\u0142ad\u00f3w i wywiad\u00f3w.<\/p>\n\n\n\n<h3 class=\"wp-block-heading\">Obs\u0142uga wielu j\u0119zyk\u00f3w<\/h3>\n\n\n\n<p class=\"\">Rozpoznaje i transkrybuje mow\u0119 w r\u00f3\u017cnych j\u0119zykach, obs\u0142uguj\u0105c odbiorc\u00f3w na ca\u0142ym \u015bwiecie.<\/p>\n\n\n\n<h3 class=\"wp-block-heading\">Pisanie i sterowanie g\u0142osowe<\/h3>\n\n\n\n<p class=\"\">Umo\u017cliwia u\u017cytkownikom pisanie i sterowanie urz\u0105dzeniami za pomoc\u0105 polece\u0144 g\u0142osowych, zwi\u0119kszaj\u0105c produktywno\u015b\u0107 i dost\u0119pno\u015b\u0107.<\/p>\n\n\n\n<h3 class=\"wp-block-heading\">Obs\u0142uga szum\u00f3w t\u0142a<\/h3>\n\n\n\n<p class=\"\">Odfiltrowuje szumy t\u0142a, aby poprawi\u0107 dok\u0142adno\u015b\u0107 transkrypcji, zapewniaj\u0105c wyra\u017any i precyzyjny tekst wyj\u015bciowy.<\/p>\n\n\n\n<h2 class=\"wp-block-heading\">Kto powinien korzysta\u0107 z zamiany mowy na tekst?<\/h2>\n\n\n\n<h3 class=\"wp-block-heading\">Osoby niepe\u0142nosprawne<\/h3>\n\n\n\n<p class=\"\">Zapewnia cenne narz\u0119dzie dla os\u00f3b z ograniczeniami fizycznymi, umo\u017cliwiaj\u0105c im interakcj\u0119 z technologi\u0105 za pomoc\u0105 polece\u0144 g\u0142osowych.<\/p>\n\n\n\n<h3 class=\"wp-block-heading\">Profesjonali\u015bci i studenci<\/h3>\n\n\n\n<p class=\"\">Idealny do tworzenia dokument\u00f3w, robienia notatek i transkrypcji spotka\u0144 lub wyk\u0142ad\u00f3w szybko i dok\u0142adnie.<\/p>\n\n\n\n<h3 class=\"wp-block-heading\">Tw\u00f3rcy tre\u015bci<\/h3>\n\n\n\n<p class=\"\">Zwi\u0119ksza wydajno\u015b\u0107 tworzenia tre\u015bci poprzez konwersj\u0119 wypowiadanych pomys\u0142\u00f3w na tekst, oszcz\u0119dzaj\u0105c czas i wysi\u0142ek.<\/p>\n\n\n\n<h3 class=\"wp-block-heading\">Wieloj\u0119zyczni u\u017cytkownicy<\/h3>\n\n\n\n<p class=\"\">Pomaga u\u017cytkownikom, kt\u00f3rzy musz\u0105 transkrybowa\u0107 mow\u0119 w r\u00f3\u017cnych j\u0119zykach, u\u0142atwiaj\u0105c komunikacj\u0119 i dokumentacj\u0119 ponad barierami j\u0119zykowymi.<\/p>\n\n\n\n<h2 class=\"wp-block-heading\">Jak korzysta\u0107 z zamiany mowy na tekst<\/h2>\n\n\n\n<h3 class=\"wp-block-heading\">Instrukcje krok po kroku<\/h3>\n\n\n\n<ol class=\"wp-block-list\">\n<li class=\"\"><strong>Wybierz narz\u0119dzie<\/strong>: Wybierz niezawodne narz\u0119dzie do zamiany mowy na tekst, takie jak <a href=\"https:\/\/aiartfree.online\/pl\/zamiana-mowy-na-tekst\/\">aiartfree.online<\/a>.<\/li>\n\n\n\n<li class=\"\"><strong>Otw\u00f3rz aplikacj\u0119<\/strong>: Dost\u0119p do aplikacji internetowej na urz\u0105dzeniu.<\/li>\n\n\n\n<li class=\"\"><strong>Stuknij mikrofon<\/strong>: W\u0142\u0105cz mikrofon, aby rozpocz\u0105\u0107 nagrywanie.<\/li>\n\n\n\n<li class=\"\"><strong>M\u00f3w wyra\u017anie<\/strong>: M\u00f3w wyra\u017anie i unikaj ha\u0142asu w tle.<\/li>\n\n\n\n<li class=\"\"><strong>Edytuj i zapisz<\/strong>: Przejrzyj transkrypcj\u0119 pod k\u0105tem dok\u0142adno\u015bci, wprowad\u017a niezb\u0119dne zmiany i zapisz dokument.<\/li>\n<\/ol>\n\n\n\n<h2 class=\"wp-block-heading\">Przypadki u\u017cycia zamiany mowy na tekst<\/h2>\n\n\n\n<h3 class=\"wp-block-heading\">Transkrypcja akademicka<\/h3>\n\n\n\n<p class=\"\">Studenci i nauczyciele mog\u0105 transkrybowa\u0107 wyk\u0142ady i wywiady badawcze w celu \u0142atwego odniesienia i studiowania.<\/p>\n\n\n\n<h3 class=\"wp-block-heading\">Spotkania biznesowe<\/h3>\n\n\n\n<p class=\"\">Profesjonali\u015bci mog\u0105 transkrybowa\u0107 spotkania, sesje burzy m\u00f3zg\u00f3w i konferencje w celu dok\u0142adnego prowadzenia i udost\u0119pniania dokumentacji.<\/p>\n\n\n\n<h3 class=\"wp-block-heading\">Tworzenie tre\u015bci<\/h3>\n\n\n\n<p class=\"\">Pisarze i blogerzy mog\u0105 dyktowa\u0107 swoje pomys\u0142y i tre\u015bci, przyspieszaj\u0105c proces pisania.<\/p>\n\n\n\n<h3 class=\"wp-block-heading\">Dost\u0119pno\u015b\u0107<\/h3>\n\n\n\n<p class=\"\">Osoby niepe\u0142nosprawne mog\u0105 korzysta\u0107 z funkcji zamiany mowy na tekst w celu \u0142atwiejszej interakcji z technologi\u0105 i tworzenia dokument\u00f3w bez konieczno\u015bci pisania na klawiaturze.<\/p>\n\n\n\n<h3 class=\"wp-block-heading\">Obs\u0142uga klienta<\/h3>\n\n\n\n<p class=\"\">Firmy mog\u0105 transkrybowa\u0107 rozmowy z klientami na potrzeby kontroli jako\u015bci i szkole\u0144.<\/p>\n\n\n\n<h2 class=\"wp-block-heading\">10 najlepszych narz\u0119dzi i informacji<\/h2>\n\n\n\n<figure class=\"wp-block-table\"><table class=\"has-fixed-layout\"><thead><tr><th>Narz\u0119dzie\/strona internetowa<\/th><th>Cechy<\/th><th>Zalety<\/th><th>Wyzwania<\/th><th>Zalecenia<\/th><\/tr><\/thead><tbody><tr><td><a>Pisanie g\u0142osowe w Dokumentach Google<\/a><\/td><td>Integracja z Dokumentami Google, transkrypcja w czasie rzeczywistym<\/td><td>\u0141atwy w u\u017cyciu, nie wymaga rejestracji<\/td><td>Wymaga po\u0142\u0105czenia z Internetem<\/td><td>Idealny dla u\u017cytkownik\u00f3w Dysku Google<\/td><\/tr><tr><td><a href=\"https:\/\/otter.ai\/\" target=\"_blank\" rel=\"noopener\">Otter.ai<\/a><\/td><td>Zaawansowana sztuczna inteligencja, transkrypcja w czasie rzeczywistym<\/td><td>Obs\u0142uga wielu j\u0119zyk\u00f3w, funkcje wsp\u00f3\u0142pracy<\/td><td>Ograniczona wersja darmowa<\/td><td>Najlepsze do wsp\u00f3\u0142pracy zespo\u0142owej<\/td><\/tr><tr><td><a href=\"https:\/\/www.rev.com\/\" target=\"_blank\" rel=\"noopener\">Rev.com<\/a><\/td><td>Us\u0142ugi transkrypcji<\/td><td>Wysoka dok\u0142adno\u015b\u0107, szybka realizacja<\/td><td>Us\u0142uga p\u0142atna<\/td><td>Nadaje si\u0119 do transkrypcji wysokiej jako\u015bci<\/td><\/tr><tr><td><a href=\"https:\/\/www.temi.com\/\" target=\"_blank\" rel=\"noopener\">Temi.com<\/a><\/td><td>Automatyczna transkrypcja<\/td><td>Niedrogo i szybko<\/td><td>Ni\u017csza dok\u0142adno\u015b\u0107 ni\u017c w przypadku us\u0142ug dla ludzi<\/td><td>Dobry do szybkich i tanich transkrypcji<\/td><\/tr><tr><td><a href=\"https:\/\/www.descript.com\/\" target=\"_blank\" rel=\"noopener\">Opis<\/a><\/td><td>Transkrypcja audio i wideo, funkcje edycji<\/td><td>Integracja z oprogramowaniem do edycji, dok\u0142adno\u015b\u0107<\/td><td>Wymaga subskrypcji<\/td><td>\u015awietne rozwi\u0105zanie dla tw\u00f3rc\u00f3w podcast\u00f3w i monta\u017cyst\u00f3w wideo<\/td><\/tr><tr><td><a href=\"https:\/\/www.trint.com\/\" target=\"_blank\" rel=\"noopener\">Trint<\/a><\/td><td>Transkrypcja AI, narz\u0119dzia do edycji<\/td><td>Wysoka dok\u0142adno\u015b\u0107, \u0142atwa obs\u0142uga<\/td><td>Ograniczona wersja darmowa<\/td><td>Najlepsze dla dziennikarzy i badaczy<\/td><\/tr><tr><td><a href=\"https:\/\/sonix.ai\/\" target=\"_blank\" rel=\"noopener\">Sonix.ai<\/a><\/td><td>Automatyczna transkrypcja, obs\u0142uga wielu j\u0119zyk\u00f3w<\/td><td>Dok\u0142adny, szybki<\/td><td>Wymagana subskrypcja<\/td><td>Idealny dla u\u017cytkownik\u00f3w wieloj\u0119zycznych<\/td><\/tr><tr><td><a href=\"https:\/\/www.speechtexter.com\/\" target=\"_blank\" rel=\"noopener\">SpeechTexter<\/a><\/td><td>Transkrypcja w czasie rzeczywistym, obs\u0142uga wielu j\u0119zyk\u00f3w<\/td><td>Bezp\u0142atnie, bez konieczno\u015bci rejestracji<\/td><td>Wymagane po\u0142\u0105czenie z Internetem<\/td><td>Najlepsze dla zwyk\u0142ych u\u017cytkownik\u00f3w<\/td><\/tr><tr><td><a>Nuance Dragon<\/a><\/td><td>Profesjonalne oprogramowanie do transkrypcji<\/td><td>Wysoka dok\u0142adno\u015b\u0107, mo\u017cliwo\u015b\u0107 dostosowania<\/td><td>Drogie<\/td><td>Nadaje si\u0119 do u\u017cytku profesjonalnego<\/td><\/tr><tr><td><a href=\"https:\/\/azure.microsoft.com\/en-us\/services\/cognitive-services\/speech-to-text\/\" target=\"_blank\" rel=\"noopener\">Microsoft Azure Speech<\/a><\/td><td>Oparte na chmurze, skalowalne<\/td><td>Wysoka dok\u0142adno\u015b\u0107, integracja z innymi us\u0142ugami Microsoft<\/td><td>Wymaga wiedzy technicznej<\/td><td>Najlepsze dla rozwi\u0105za\u0144 korporacyjnych<\/td><\/tr><\/tbody><\/table><\/figure>\n\n\n\n<h2 class=\"wp-block-heading\">Plusy i minusy bran\u017cy<\/h2>\n\n\n\n<h3 class=\"wp-block-heading\">Plusy<\/h3>\n\n\n\n<ul class=\"wp-block-list\">\n<li class=\"\"><strong>Wydajno\u015b\u0107<\/strong>: Przyspiesza proces transkrypcji.<\/li>\n\n\n\n<li class=\"\"><strong>Dost\u0119pno\u015b\u0107<\/strong>: Sprawia, \u017ce technologia jest bardziej dost\u0119pna dla os\u00f3b niepe\u0142nosprawnych.<\/li>\n\n\n\n<li class=\"\"><strong>Obs\u0142uga wielu j\u0119zyk\u00f3w<\/strong>: U\u0142atwia komunikacj\u0119 w wielu j\u0119zykach.<\/li>\n<\/ul>\n\n\n\n<h3 class=\"wp-block-heading\">Wady<\/h3>\n\n\n\n<ul class=\"wp-block-list\">\n<li class=\"\"><strong>Dok\u0142adno\u015b\u0107<\/strong>: Mo\u017ce mie\u0107 trudno\u015bci z akcentami i ha\u0142asem w tle.<\/li>\n\n\n\n<li class=\"\"><strong>Prywatno\u015b\u0107<\/strong>: Obawy o bezpiecze\u0144stwo transkrybowanych danych.<\/li>\n\n\n\n<li class=\"\"><strong>Koszt<\/strong>: Niekt\u00f3re wysokiej jako\u015bci narz\u0119dzia wymagaj\u0105 subskrypcji lub op\u0142at.<\/li>\n<\/ul>\n\n\n\n<h2 class=\"wp-block-heading\">FAQ<\/h2>\n\n\n\n<h3 class=\"wp-block-heading\">Jakie jest najlepsze darmowe narz\u0119dzie do zamiany mowy na tekst?<\/h3>\n\n\n\n<p class=\"\">Najlepszym darmowym narz\u0119dziem jest <a>Pisanie g\u0142osowe w Dokumentach Google<\/a>kt\u00f3ra oferuje \u0142atw\u0105 integracj\u0119 i nie wymaga rejestracji.<\/p>\n\n\n\n<h3 class=\"wp-block-heading\">Jak dok\u0142adne jest oprogramowanie do zamiany mowy na tekst?<\/h3>\n\n\n\n<p class=\"\">Dok\u0142adno\u015b\u0107 r\u00f3\u017cni si\u0119 w zale\u017cno\u015bci od narz\u0119dzia, ale zaawansowane modele AI, takie jak te u\u017cywane przez Otter.ai i Rev.com, oferuj\u0105 wysok\u0105 dok\u0142adno\u015b\u0107.<\/p>\n\n\n\n<h3 class=\"wp-block-heading\">Czy zamiana mowy na tekst mo\u017ce obs\u0142ugiwa\u0107 wiele j\u0119zyk\u00f3w?<\/h3>\n\n\n\n<p class=\"\">Tak, wiele narz\u0119dzi obs\u0142uguje wiele j\u0119zyk\u00f3w, w tym Otter.ai i Sonix.ai.<\/p>\n\n\n\n<h3 class=\"wp-block-heading\">Czy zamiana mowy na tekst jest bezpieczna?<\/h3>\n\n\n\n<p class=\"\">Wi\u0119kszo\u015b\u0107 renomowanych narz\u0119dzi ma silne \u015brodki bezpiecze\u0144stwa, ale zawsze nale\u017cy zapozna\u0107 si\u0119 z ich polityk\u0105 prywatno\u015bci.<\/p>\n\n\n\n<h3 class=\"wp-block-heading\">Czy mog\u0119 korzysta\u0107 z funkcji zamiany mowy na tekst w trybie offline?<\/h3>\n\n\n\n<p class=\"\">Niekt\u00f3re narz\u0119dzia oferuj\u0105 funkcje offline, ale wi\u0119kszo\u015b\u0107 z nich wymaga po\u0142\u0105czenia z Internetem w celu przetwarzania w czasie rzeczywistym.<\/p>\n\n\n\n<h3 class=\"wp-block-heading\">Jak poprawi\u0107 dok\u0142adno\u015b\u0107 transkrypcji?<\/h3>\n\n\n\n<p class=\"\">M\u00f3w wyra\u017anie, minimalizuj ha\u0142as w tle i u\u017cywaj mikrofonu wysokiej jako\u015bci.<\/p>\n\n\n\n<h3 class=\"wp-block-heading\">Czy istniej\u0105 aplikacje do zamiany mowy na tekst na urz\u0105dzenia mobilne?<\/h3>\n\n\n\n<p class=\"\">Tak, wiele narz\u0119dzi, takich jak Google Docs Voice Typing i Otter.ai, oferuje aplikacje mobilne.<\/p>\n\n\n\n<h3 class=\"wp-block-heading\">Czy mog\u0119 edytowa\u0107 transkrybowany tekst?<\/h3>\n\n\n\n<p class=\"\">Tak, wi\u0119kszo\u015b\u0107 narz\u0119dzi umo\u017cliwia edycj\u0119 transkrypcji pod k\u0105tem dok\u0142adno\u015bci.<\/p>\n\n\n\n<h3 class=\"wp-block-heading\">Jakie s\u0105 g\u0142\u00f3wne zastosowania zamiany mowy na tekst?<\/h3>\n\n\n\n<p class=\"\">Typowe zastosowania obejmuj\u0105 transkrypcj\u0119 akademick\u0105, spotkania biznesowe, tworzenie tre\u015bci, dost\u0119pno\u015b\u0107 i obs\u0142ug\u0119 klienta.<\/p>\n\n\n\n<h3 class=\"wp-block-heading\">Jak zintegrowa\u0107 zamian\u0119 mowy na tekst z innymi narz\u0119dziami?<\/h3>\n\n\n\n<p class=\"\">Wiele narz\u0119dzi oferuje integracj\u0119 z platformami takimi jak Google Drive, Microsoft Office i r\u00f3\u017cnymi programami do edycji.<\/p>\n\n\n\n<h2 class=\"wp-block-heading\">Podsumowanie<\/h2>\n\n\n\n<p class=\"\">Technologia zamiany mowy na tekst oferuje liczne korzy\u015bci, w tym zwi\u0119kszon\u0105 wydajno\u015b\u0107, lepsz\u0105 dost\u0119pno\u015b\u0107 i wszechstronne wsparcie j\u0119zykowe. Narz\u0119dzia takie jak <a href=\"https:\/\/aiartfree.online\/pl\/zamiana-mowy-na-tekst\/\">aiartfree.online<\/a> i Google Docs Voice Typing zapewniaj\u0105 niezawodne i przyjazne dla u\u017cytkownika opcje. Niezale\u017cnie od tego, czy chodzi o u\u017cytek profesjonalny, akademicki czy osobisty, zastosowanie zamiany mowy na tekst mo\u017ce usprawni\u0107 zadania i zwi\u0119kszy\u0107 produktywno\u015b\u0107. Wypr\u00f3buj te narz\u0119dzia ju\u017c dzi\u015b i przekonaj si\u0119, jak \u0142atwo przekszta\u0142ci\u0107 wypowiadane s\u0142owa w tekst pisany!<\/p>","protected":false},"excerpt":{"rendered":"<p>How to use the Speech to Text * Record is currently not available *\u00a0Depending on your internet speed, loading the model may take up to 10 seconds \u2193 The Ultimate Guide to Speech to Text Summary Outline This article provides a comprehensive overview of speech-to-text technology, including its definition, advantages, main features, target audience, and &#8230; <a title=\"Zamiana mowy na tekst\" class=\"read-more\" href=\"https:\/\/aiartfree.online\/pl\/zamiana-mowy-na-tekst\/\" aria-label=\"Read more about Speech to Text\">Dowiedz si\u0119 wi\u0119cej<\/a><\/p>","protected":false},"author":1,"featured_media":3418,"parent":0,"menu_order":0,"comment_status":"closed","ping_status":"closed","template":"","meta":{"nf_dc_page":"","footnotes":""},"class_list":["post-3412","page","type-page","status-publish","has-post-thumbnail"],"jetpack_sharing_enabled":true,"_links":{"self":[{"href":"https:\/\/aiartfree.online\/pl\/wp-json\/wp\/v2\/pages\/3412","targetHints":{"allow":["GET"]}}],"collection":[{"href":"https:\/\/aiartfree.online\/pl\/wp-json\/wp\/v2\/pages"}],"about":[{"href":"https:\/\/aiartfree.online\/pl\/wp-json\/wp\/v2\/types\/page"}],"author":[{"embeddable":true,"href":"https:\/\/aiartfree.online\/pl\/wp-json\/wp\/v2\/users\/1"}],"replies":[{"embeddable":true,"href":"https:\/\/aiartfree.online\/pl\/wp-json\/wp\/v2\/comments?post=3412"}],"version-history":[{"count":0,"href":"https:\/\/aiartfree.online\/pl\/wp-json\/wp\/v2\/pages\/3412\/revisions"}],"wp:featuredmedia":[{"embeddable":true,"href":"https:\/\/aiartfree.online\/pl\/wp-json\/wp\/v2\/media\/3418"}],"wp:attachment":[{"href":"https:\/\/aiartfree.online\/pl\/wp-json\/wp\/v2\/media?parent=3412"}],"curies":[{"name":"wp","href":"https:\/\/api.w.org\/{rel}","templated":true}]}}