{"id":3382,"date":"2024-07-31T11:37:49","date_gmt":"2024-07-31T11:37:49","guid":{"rendered":"https:\/\/aiartfree.online\/?page_id=3382"},"modified":"2024-08-02T09:24:10","modified_gmt":"2024-08-02T09:24:10","slug":"ai-clothes-changer","status":"publish","type":"page","link":"https:\/\/aiartfree.online\/pl\/zmieniacz-ubran-ai\/","title":{"rendered":"AI Clothes Changer"},"content":{"rendered":"<h2 class=\"wp-block-heading has-text-align-center\" id=\"before-vs-after\">Przed i po<\/h2>\n\n\n\n<figure class=\"gb-block-image gb-block-image-1822da1f\"><img data-recalc-dims=\"1\" decoding=\"async\" loading=\"lazy\" width=\"1200\" height=\"388\" class=\"gb-image gb-image-1822da1f\" src=\"https:\/\/i0.wp.com\/aiartfree.online\/wp-content\/uploads\/2024\/07\/WX20240731-151956%402x-scaled.webp?resize=1200%2C388&#038;ssl=1\" alt=\"AI Clothes Changer - Zmieniaj ubrania za pomoc\u0105 AI [za darmo, bez limitu]\" title=\"WX20240731-151956@2x\" srcset=\"https:\/\/i0.wp.com\/aiartfree.online\/wp-content\/uploads\/2024\/07\/WX20240731-151956%402x-scaled.webp?w=2560&amp;ssl=1 2560w, https:\/\/i0.wp.com\/aiartfree.online\/wp-content\/uploads\/2024\/07\/WX20240731-151956%402x-scaled.webp?resize=300%2C97&amp;ssl=1 300w, https:\/\/i0.wp.com\/aiartfree.online\/wp-content\/uploads\/2024\/07\/WX20240731-151956%402x-scaled.webp?resize=1024%2C331&amp;ssl=1 1024w, https:\/\/i0.wp.com\/aiartfree.online\/wp-content\/uploads\/2024\/07\/WX20240731-151956%402x-scaled.webp?resize=768%2C249&amp;ssl=1 768w, https:\/\/i0.wp.com\/aiartfree.online\/wp-content\/uploads\/2024\/07\/WX20240731-151956%402x-scaled.webp?resize=1536%2C497&amp;ssl=1 1536w, https:\/\/i0.wp.com\/aiartfree.online\/wp-content\/uploads\/2024\/07\/WX20240731-151956%402x-scaled.webp?resize=2048%2C663&amp;ssl=1 2048w, https:\/\/i0.wp.com\/aiartfree.online\/wp-content\/uploads\/2024\/07\/WX20240731-151956%402x-scaled.webp?resize=18%2C6&amp;ssl=1 18w, https:\/\/i0.wp.com\/aiartfree.online\/wp-content\/uploads\/2024\/07\/WX20240731-151956%402x-scaled.webp?resize=600%2C194&amp;ssl=1 600w, https:\/\/i0.wp.com\/aiartfree.online\/wp-content\/uploads\/2024\/07\/WX20240731-151956%402x-scaled.webp?w=2400&amp;ssl=1 2400w\" sizes=\"auto, (max-width: 1200px) 100vw, 1200px\" \/><\/figure>\n\n\n\n<h2 class=\"wp-block-heading\" id=\"how-to-use-the-ai-clothes-changer\">Jak korzysta\u0107 ze zmieniarki ubra\u0144 AI?<\/h2>\n\n\n\n<ol class=\"wp-block-list\">\n<li class=\"\">Upu\u015b\u0107 lub prze\u015blij obraz<\/li>\n\n\n\n<li class=\"\">Upu\u015b\u0107 lub prze\u015blij zdj\u0119cie ubrania<\/li>\n\n\n\n<li class=\"\">Kliknij \"Przymierz\"<\/li>\n\n\n\n<li class=\"\">Czekaj, to jest to!<\/li>\n<\/ol>\n\n\n\n<p class=\"\">* Zach\u0119camy do wypr\u00f3bowania poni\u017cszych przyk\u0142ad\u00f3w, je\u015bli nie masz jeszcze \u017cadnych pomys\u0142\u00f3w.<\/p>\n\n\n\n<p class=\"\"><em>* W zale\u017cno\u015bci od szybko\u015bci \u0142\u0105cza internetowego, za\u0142adowanie modelu mo\u017ce zaj\u0105\u0107 <\/em>do 10 sekund \u2193<\/p>\n\n\n\n<div class=\"iframe-wrapper\" style=\"position: relative; width: 100%; height: 1600px;\">\n  <div class=\"loading\" style=\"position: absolute; top: 50px; left: 50%; transform: translate(-50%, -50%); width: 40px; height: 40px; border: 3px solid #f0f0f0; border-top: 3px solid #db7093; border-radius: 50%; animation: spin 1s linear infinite;\"><\/div>\n  <iframe loading=\"lazy\" src=\"https:\/\/yisol-idm-vton.hf.space\" frameborder=\"0\" width=\"100%\" height=\"100%\" style=\"position: absolute; top: 0; left: 0; opacity: 0; transition: opacity 0.3s;\" onload=\"this.style.opacity=1;this.previousElementSibling.style.display='none';\"><\/iframe>\n<\/div>\n\n<style>\n@keyframes spin {\n  0% { transform: translate(-50%, -50%) rotate(0deg); }\n  100% { transform: translate(-50%, -50%) rotate(360deg); }\n}\n<\/style>\n\n\n\n<div style=\"height:80px\" aria-hidden=\"true\" class=\"wp-block-spacer\"><\/div>\n\n\n\n<h2 class=\"wp-block-heading\" id=\"ai-clothes-changer-the-ultimate-guide-to-virtual-fashion-transformation\">AI Clothes Changer: Najlepszy przewodnik po wirtualnej transformacji mody<\/h2>\n\n\n\n<p class=\"\">Ten kompleksowy przewodnik bada \u015bwiat technologii AI Clothes Changer, jej zastosowania i spos\u00f3b, w jaki rewolucjonizuje ona bran\u017c\u0119 modow\u0105. Om\u00f3wimy wszystko, od definicji po praktyczne przypadki u\u017cycia i najlepsze dost\u0119pne narz\u0119dzia.<\/p>\n\n\n\n<div class=\"wp-block-rank-math-toc-block\" id=\"rank-math-toc\"><h2>Spis tre\u015bci<\/h2><nav><ul><li><a href=\"#what-is-ai-clothes-changer\">Czym jest zmieniarka ubra\u0144 AI?<\/a><\/li><li><a href=\"#why-use-ai-clothes-changer\">Dlaczego warto u\u017cywa\u0107 zmieniarki ubra\u0144 AI?<\/a><\/li><li><a href=\"#main-features-of-ai-clothes-changer\">G\u0142\u00f3wne cechy zmieniarki ubra\u0144 AI<\/a><ul><li><a href=\"#h-3-virtual-outfit-swapping\">H3: Wirtualna zamiana stroj\u00f3w<\/a><\/li><li><a href=\"#h-3-color-modification\">H3: Modyfikacja kolor\u00f3w<\/a><\/li><li><a href=\"#h-3-style-transfer\">H3: Transfer stylu<\/a><\/li><li><a href=\"#h-3-text-to-image-generation\">H3: Generowanie tekstu na obraz<\/a><\/li><\/ul><\/li><li><a href=\"#who-can-benefit-from-ai-clothes-changer\">Kto mo\u017ce skorzysta\u0107 ze zmieniarki ubra\u0144 AI?<\/a><\/li><li><a href=\"#industries-utilizing-ai-clothes-changer\">Bran\u017ce wykorzystuj\u0105ce zmieniacz ubra\u0144 AI<\/a><\/li><li><a href=\"#how-to-use-ai-clothes-changer\">Jak korzysta\u0107 ze zmieniarki ubra\u0144 AI<\/a><\/li><li><a href=\"#ai-clothes-changer-use-cases\">Przypadki u\u017cycia zmieniacza ubra\u0144 AI<\/a><ul><li><a href=\"#h-3-virtual-try-on-for-online-shopping\">H3: Wirtualne przymierzanie do zakup\u00f3w online<\/a><\/li><li><a href=\"#h-3-fashion-design-prototyping\">H3: Prototypowanie projekt\u00f3w mody<\/a><\/li><li><a href=\"#h-3-social-media-content-creation\">H3: Tworzenie tre\u015bci w mediach spo\u0142eczno\u015bciowych<\/a><\/li><li><a href=\"#h-3-virtual-makeovers\">H3: Wirtualna metamorfoza<\/a><\/li><\/ul><\/li><li><a href=\"#top-10-ai-clothes-changer-tools-and-information\">10 najlepszych narz\u0119dzi i informacji AI do zmiany ubra\u0144<\/a><\/li><li><a href=\"#pros-cons-advantages-challenges-and-recommendations-for-the-ai-clothes-changer-industry\">Plusy, minusy, zalety, wyzwania i zalecenia dla bran\u017cy zmieniaczy ubra\u0144 AI<\/a><\/li><li><a href=\"#pros\">Plusy<\/a><ul><li><a href=\"#cons\">Wady<\/a><\/li><li><a href=\"#advantages\">Zalety<\/a><\/li><li><a href=\"#challenges\">Wyzwania<\/a><\/li><li><a href=\"#recommendations\">Zalecenia<\/a><\/li><\/ul><\/li><li><a href=\"#frequently-asked-questions-faq\">Cz\u0119sto zadawane pytania (FAQ)<\/a><\/li><li><a href=\"#conclusion\">Wnioski<\/a><\/li><\/ul><\/nav><\/div>\n\n\n\n<h3 class=\"wp-block-heading\" id=\"what-is-ai-clothes-changer\">Czym jest zmieniarka ubra\u0144 AI?<\/h3>\n\n\n\n<p class=\"\">AI Clothes Changer to innowacyjna technologia wykorzystuj\u0105ca sztuczn\u0105 inteligencj\u0119 do cyfrowego modyfikowania lub zast\u0119powania odzie\u017cy na zdj\u0119ciach. To narz\u0119dzie pozwala u\u017cytkownikom wirtualnie przymierza\u0107 r\u00f3\u017cne stroje, zmienia\u0107 kolory ubra\u0144 i eksperymentowa\u0107 z r\u00f3\u017cnymi stylami bez fizycznej zmiany stroju.<\/p>\n\n\n\n<h3 class=\"wp-block-heading\" id=\"why-use-ai-clothes-changer\">Dlaczego warto u\u017cywa\u0107 zmieniarki ubra\u0144 AI?<\/h3>\n\n\n\n<p class=\"\">Korzystanie ze zmieniarki ubra\u0144 AI oferuje liczne korzy\u015bci:<\/p>\n\n\n\n<ul class=\"wp-block-list\">\n<li class=\"\">Oszcz\u0119dno\u015b\u0107 czasu: Szybka wizualizacja zmian stroju bez konieczno\u015bci fizycznego przymierzania.<\/li>\n\n\n\n<li class=\"\">Op\u0142acalno\u015b\u0107: Eksperymentuj ze stylami przed zakupem<\/li>\n\n\n\n<li class=\"\">Wzrost kreatywno\u015bci: Odkrywaj nowe kombinacje modowe bez wysi\u0142ku<\/li>\n\n\n\n<li class=\"\">Personalizacja: Dopasowanie stroju do indywidualnych preferencji<\/li>\n\n\n\n<li class=\"\">Zr\u00f3wnowa\u017cony rozw\u00f3j: Ograniczenie fizycznych odpad\u00f3w odzie\u017cowych dzi\u0119ki wirtualnym przymierzalniom<\/li>\n<\/ul>\n\n\n\n<h3 class=\"wp-block-heading\" id=\"main-features-of-ai-clothes-changer\">G\u0142\u00f3wne cechy zmieniarki ubra\u0144 AI<\/h3>\n\n\n\n<h4 class=\"wp-block-heading\" id=\"h-3-virtual-outfit-swapping\">H3: Wirtualna zamiana stroj\u00f3w<\/h4>\n\n\n\n<p class=\"\">AI Clothes Changer pozwala u\u017cytkownikom po prostu przes\u0142a\u0107 obraz i zamieni\u0107 ca\u0142e stroje za pomoc\u0105 kilku klikni\u0119\u0107.<\/p>\n\n\n\n<h4 class=\"wp-block-heading\" id=\"h-3-color-modification\">H3: Modyfikacja kolor\u00f3w<\/h4>\n\n\n\n<p class=\"\">Natychmiastowa zmiana koloru odzie\u017cy w celu wizualizacji r\u00f3\u017cnych wariant\u00f3w tego samego ubrania.<\/p>\n\n\n\n<h4 class=\"wp-block-heading\" id=\"h-3-style-transfer\">H3: Transfer stylu<\/h4>\n\n\n\n<p class=\"\">Zastosuj styl jednego stroju do drugiego, tworz\u0105c unikalne kombinacje modowe.<\/p>\n\n\n\n<h4 class=\"wp-block-heading\" id=\"h-3-text-to-image-generation\">H3: Generowanie tekstu na obraz<\/h4>\n\n\n\n<p class=\"\">Niekt\u00f3re zaawansowane AI Clothes Changers wykorzystuj\u0105 podpowiedzi tekstowe do generowania zupe\u0142nie nowych stroj\u00f3w.<\/p>\n\n\n\n<h3 class=\"wp-block-heading\" id=\"who-can-benefit-from-ai-clothes-changer\">Kto mo\u017ce skorzysta\u0107 ze zmieniarki ubra\u0144 AI?<\/h3>\n\n\n\n<ul class=\"wp-block-list\">\n<li class=\"\">Entuzja\u015bci mody<\/li>\n\n\n\n<li class=\"\">Kupuj\u0105cy online<\/li>\n\n\n\n<li class=\"\">Projektanci mody<\/li>\n\n\n\n<li class=\"\">Firmy zajmuj\u0105ce si\u0119 handlem elektronicznym<\/li>\n\n\n\n<li class=\"\">Osoby maj\u0105ce wp\u0142yw na media spo\u0142eczno\u015bciowe<\/li>\n\n\n\n<li class=\"\">Fotografowie i modele<\/li>\n<\/ul>\n\n\n\n<h3 class=\"wp-block-heading\" id=\"industries-utilizing-ai-clothes-changer\">Bran\u017ce wykorzystuj\u0105ce zmieniacz ubra\u0144 AI<\/h3>\n\n\n\n<ul class=\"wp-block-list\">\n<li class=\"\">Sprzeda\u017c detaliczna mody<\/li>\n\n\n\n<li class=\"\">Handel elektroniczny<\/li>\n\n\n\n<li class=\"\">Reklama i marketing<\/li>\n\n\n\n<li class=\"\">Rozrywka i media<\/li>\n\n\n\n<li class=\"\">Us\u0142ugi indywidualnej stylizacji<\/li>\n\n\n\n<li class=\"\">Edukacja w zakresie mody<\/li>\n<\/ul>\n\n\n\n<h3 class=\"wp-block-heading\" id=\"how-to-use-ai-clothes-changer\">Jak korzysta\u0107 ze zmieniarki ubra\u0144 AI<\/h3>\n\n\n\n<ol class=\"wp-block-list\">\n<li class=\"\">Wybierz narz\u0119dzie AI Clothes Changer (np. https:\/\/aiartfree.online\/ai-clothes-changer\/).<\/li>\n\n\n\n<li class=\"\">Prze\u015blij swoje zdj\u0119cie lub wybierz zdj\u0119cie modelu<\/li>\n\n\n\n<li class=\"\">Wybierz \u017c\u0105dany str\u00f3j lub styl<\/li>\n\n\n\n<li class=\"\">U\u017cywaj podpowiedzi tekstowych lub opcji wizualnych do okre\u015blania zmian.<\/li>\n\n\n\n<li class=\"\">Zastosuj zmiany wygenerowane przez sztuczn\u0105 inteligencj\u0119<\/li>\n\n\n\n<li class=\"\">Precyzyjne dostrojenie i dostosowanie w razie potrzeby<\/li>\n\n\n\n<li class=\"\">Zapisywanie i udost\u0119pnianie przekszta\u0142conego obrazu<\/li>\n<\/ol>\n\n\n\n<h3 class=\"wp-block-heading\" id=\"ai-clothes-changer-use-cases\">Przypadki u\u017cycia zmieniacza ubra\u0144 AI<\/h3>\n\n\n\n<h4 class=\"wp-block-heading\" id=\"h-3-virtual-try-on-for-online-shopping\">H3: Wirtualne przymierzanie do zakup\u00f3w online<\/h4>\n\n\n\n<p class=\"\">Klienci mog\u0105 wizualizowa\u0107, jak ubrania b\u0119d\u0105 na nich wygl\u0105da\u0107 przed dokonaniem zakupu.<\/p>\n\n\n\n<h4 class=\"wp-block-heading\" id=\"h-3-fashion-design-prototyping\">H3: Prototypowanie projekt\u00f3w mody<\/h4>\n\n\n\n<p class=\"\">Projektanci mog\u0105 szybko iterowa\u0107 i wizualizowa\u0107 nowe projekty odzie\u017cy.<\/p>\n\n\n\n<h4 class=\"wp-block-heading\" id=\"h-3-social-media-content-creation\">H3: Tworzenie tre\u015bci w mediach spo\u0142eczno\u015bciowych<\/h4>\n\n\n\n<p class=\"\">Influencerzy mog\u0105 tworzy\u0107 r\u00f3\u017cnorodne tre\u015bci modowe bez konieczno\u015bci licznych zmian stroju.<\/p>\n\n\n\n<h4 class=\"wp-block-heading\" id=\"h-3-virtual-makeovers\">H3: Wirtualna metamorfoza<\/h4>\n\n\n\n<p class=\"\">U\u017cytkownicy mog\u0105 eksperymentowa\u0107 z r\u00f3\u017cnymi stylami i wygl\u0105dami do cel\u00f3w osobistych lub zawodowych.<\/p>\n\n\n\n<h3 class=\"wp-block-heading\" id=\"top-10-ai-clothes-changer-tools-and-information\">10 najlepszych narz\u0119dzi i informacji AI do zmiany ubra\u0144<\/h3>\n\n\n\n<figure class=\"wp-block-table\"><table class=\"has-fixed-layout\"><thead><tr><th>Narz\u0119dzie\/strona internetowa<\/th><th>Plusy<\/th><th>Wady<\/th><th>Cechy<\/th><th>URL<\/th><\/tr><\/thead><tbody><tr><td>Zmieniarka ubra\u0144 AIArtFree AI<\/td><td>100% Bezp\u0142atne, nieograniczone korzystanie, bez konieczno\u015bci rejestracji<\/td><td>Mo\u017ce mie\u0107 ograniczone funkcje zaawansowane<\/td><td>\u0141atwy w u\u017cyciu interfejs, szeroki zakres opcji odzie\u017cy<\/td><td><a href=\"https:\/\/aiartfree.online\/pl\/zmieniacz-ubran-ai\/\">https:\/\/aiartfree.online\/ai-clothes-changer\/<\/a><\/td><\/tr><tr><td>DALL-E 2<\/td><td>Pot\u0119\u017cne obrazy generowane przez sztuczn\u0105 inteligencj\u0119<\/td><td>Wymaga konta OpenAI<\/td><td>Generowanie tekstu na obraz, przenoszenie styl\u00f3w<\/td><td><a href=\"https:\/\/openai.com\/dall-e-2\" target=\"_blank\" rel=\"noopener\">https:\/\/openai.com\/dall-e-2<\/a><\/td><\/tr><tr><td>Midjourney<\/td><td>Wysokiej jako\u015bci moda generowana przez SI<\/td><td>P\u0142atna us\u0142uga, krzywa uczenia si\u0119<\/td><td>Zaawansowane podpowiedzi tekstowe, unikalny styl<\/td><td>https:\/\/www.midjourney.com<\/td><\/tr><tr><td>Stabilna dyfuzja<\/td><td>Otwarte oprogramowanie, mo\u017cliwo\u015b\u0107 dostosowania<\/td><td>Wymaga wiedzy technicznej<\/td><td>Wysoce elastyczny, oparty na spo\u0142eczno\u015bci<\/td><td>https:\/\/stability.ai<\/td><\/tr><tr><td>Dress Up AI<\/td><td>Specjalizuje si\u0119 w wirtualnym przymierzaniu<\/td><td>Ograniczone bezp\u0142atne opcje<\/td><td>Realistyczna symulacja odzie\u017cy<\/td><td>https:\/\/dressupaionline.com<\/td><\/tr><tr><td>Vue.ai<\/td><td>Rozwi\u0105zanie klasy korporacyjnej<\/td><td>Drogie dla os\u00f3b fizycznych<\/td><td>Zaawansowane funkcje AI, integracja z e-commerce<\/td><td>https:\/\/vue.ai<\/td><\/tr><tr><td>Pixlr<\/td><td>Bezp\u0142atne funkcje podstawowe<\/td><td>Funkcje premium wymagaj\u0105 subskrypcji<\/td><td>Przyjazny dla u\u017cytkownika interfejs, narz\u0119dzia do edycji zdj\u0119\u0107<\/td><td>https:\/\/pixlr.com<\/td><\/tr><tr><td>Canva<\/td><td>Wszechstronna platforma projektowa<\/td><td>Ograniczone funkcje zmiany ubra\u0144 AI<\/td><td>\u0141atwe w u\u017cyciu, dost\u0119pne szablony<\/td><td>https:\/\/www.canva.com<\/td><\/tr><tr><td>Adobe Firefly<\/td><td>Pot\u0119\u017cne generowanie obraz\u00f3w AI<\/td><td>Wymaga subskrypcji Creative Cloud<\/td><td>Wysokiej jako\u015bci wydruki, integracja z pakietem Adobe<\/td><td>https:\/\/www.adobe.com\/sensei\/generative-ai\/firefly.html<\/td><\/tr><tr><td>Runway ML<\/td><td>Zaawansowane narz\u0119dzia AI dla tw\u00f3rc\u00f3w<\/td><td>Stroma krzywa uczenia si\u0119<\/td><td>Edycja wideo, generowanie obraz\u00f3w<\/td><td>https:\/\/runwayml.com<\/td><\/tr><\/tbody><\/table><\/figure>\n\n\n\n<h3 class=\"wp-block-heading\" id=\"pros-cons-advantages-challenges-and-recommendations-for-the-ai-clothes-changer-industry\">Plusy, minusy, zalety, wyzwania i zalecenia dla bran\u017cy zmieniaczy ubra\u0144 AI<\/h3>\n\n\n\n<h3 class=\"wp-block-heading\" id=\"pros\">Plusy<\/h3>\n\n\n\n<ul class=\"wp-block-list\">\n<li class=\"\">Zwi\u0119ksza komfort zakup\u00f3w online<\/li>\n\n\n\n<li class=\"\">Zmniejsza liczb\u0119 zwrot\u00f3w w handlu elektronicznym<\/li>\n\n\n\n<li class=\"\">Wspiera kreatywno\u015b\u0107 w projektowaniu mody<\/li>\n<\/ul>\n\n\n\n<h4 class=\"wp-block-heading\" id=\"cons\">Wady<\/h4>\n\n\n\n<ul class=\"wp-block-list\">\n<li class=\"\">Potencjalne obawy o prywatno\u015b\u0107 zwi\u0105zane z obrazami u\u017cytkownik\u00f3w<\/li>\n\n\n\n<li class=\"\">Nie zawsze mo\u017ce dok\u0142adnie odzwierciedla\u0107 rzeczywiste dopasowanie.<\/li>\n<\/ul>\n\n\n\n<h4 class=\"wp-block-heading\" id=\"advantages\">Zalety<\/h4>\n\n\n\n<ul class=\"wp-block-list\">\n<li class=\"\">Zr\u00f3wnowa\u017cona alternatywa dla fizycznych odpad\u00f3w modowych<\/li>\n\n\n\n<li class=\"\">Demokratyzuje eksperymentowanie z mod\u0105<\/li>\n<\/ul>\n\n\n\n<h4 class=\"wp-block-heading\" id=\"challenges\">Wyzwania<\/h4>\n\n\n\n<ul class=\"wp-block-list\">\n<li class=\"\">Zapewnienie fotorealistycznych rezultat\u00f3w<\/li>\n\n\n\n<li class=\"\">R\u00f3wnowa\u017cenie \u0142atwo\u015bci u\u017cytkowania z zaawansowanymi funkcjami<\/li>\n<\/ul>\n\n\n\n<h4 class=\"wp-block-heading\" id=\"recommendations\">Zalecenia<\/h4>\n\n\n\n<ul class=\"wp-block-list\">\n<li class=\"\">Zainwestuj w popraw\u0119 dok\u0142adno\u015bci i realizmu sztucznej inteligencji<\/li>\n\n\n\n<li class=\"\">Priorytet prywatno\u015bci u\u017cytkownik\u00f3w i ochrony danych<\/li>\n\n\n\n<li class=\"\">Wsp\u00f3\u0142praca z markami modowymi przy tworzeniu autentycznych katalog\u00f3w cyfrowych<\/li>\n<\/ul>\n\n\n\n<h3 class=\"wp-block-heading\" id=\"frequently-asked-questions-faq\">Cz\u0119sto zadawane pytania (FAQ)<\/h3>\n\n\n\n<ol class=\"wp-block-list\">\n<li class=\"\">P: Czy korzystanie z AI Clothes Changer jest darmowe?<br>O: Niekt\u00f3re narz\u0119dzia, takie jak AIArtFree, oferuj\u0105 100% za darmo i bez ogranicze\u0144, podczas gdy inne mog\u0105 mie\u0107 p\u0142atne funkcje.<\/li>\n\n\n\n<li class=\"\">P: Czy musz\u0119 si\u0119 zarejestrowa\u0107, aby korzysta\u0107 z AI Clothes Changer?<br>O: Nie zawsze. Narz\u0119dzia takie jak AIArtFree (https:\/\/aiartfree.online\/ai-clothes-changer\/) oferuj\u0105 us\u0142ugi niewymagaj\u0105ce rejestracji.<\/li>\n\n\n\n<li class=\"\">P: Czy AI Clothes Changer mo\u017ce wsp\u00f3\u0142pracowa\u0107 z dowolnym zdj\u0119ciem?<br>O: Wi\u0119kszo\u015b\u0107 narz\u0119dzi dzia\u0142a najlepiej z wyra\u017anymi zdj\u0119ciami skierowanymi do przodu. Zaawansowana sztuczna inteligencja mo\u017ce jednak obs\u0142ugiwa\u0107 r\u00f3\u017cne pozy i t\u0142a.<\/li>\n\n\n\n<li class=\"\">P: Jak dok\u0142adne s\u0105 AI Clothes Changers w reprezentowaniu prawdziwych ubra\u0144?<br>O: Dok\u0142adno\u015b\u0107 r\u00f3\u017cni si\u0119 w zale\u017cno\u015bci od narz\u0119dzia, ale wiod\u0105ce technologie sztucznej inteligencji s\u0105 coraz bardziej realistyczne w swoich reprezentacjach.<\/li>\n\n\n\n<li class=\"\">P: Czy AI Clothes Changer mo\u017ce tworzy\u0107 niestandardowe projekty?<br>O: Tak, niekt\u00f3re zaawansowane narz\u0119dzia pozwalaj\u0105 u\u017cytkownikom generowa\u0107 unikalne projekty za pomoc\u0105 podpowiedzi tekstowych lub wzor\u00f3w generowanych przez sztuczn\u0105 inteligencj\u0119.<\/li>\n\n\n\n<li class=\"\">P: Czy za pomoc\u0105 tych narz\u0119dzi mo\u017cna zmieni\u0107 tylko kolor ubra\u0144?<br>O: Oczywi\u015bcie! Wiele zmieniarek ubra\u0144 AI oferuje opcj\u0119 modyfikacji tylko koloru istniej\u0105cej odzie\u017cy.<\/li>\n\n\n\n<li class=\"\">P: Czy istniej\u0105 AI Clothes Changers przeznaczone specjalnie dla projektant\u00f3w mody?<br>O: Tak, narz\u0119dzia takie jak Vue.ai i Adobe Firefly s\u0105 przeznaczone dla profesjonalnych projektant\u00f3w z zaawansowanymi funkcjami.<\/li>\n\n\n\n<li class=\"\">P: Czy AI Clothes Changer mo\u017ce by\u0107 u\u017cywany do tre\u015bci wideo?<br>O: Niekt\u00f3re zaawansowane narz\u0119dzia, takie jak Runway ML, oferuj\u0105 mo\u017cliwo\u015bci edycji wideo z funkcjami zmiany ubra\u0144 AI.<\/li>\n\n\n\n<li class=\"\">P: Jak AI Clothes Changers radzi sobie z akcesoriami i ubraniami warstwowymi?<br>O: Bardziej zaawansowane narz\u0119dzia AI mog\u0105 zarz\u0105dza\u0107 z\u0142o\u017conymi strojami, w tym akcesoriami i warstwami, ale prostsze narz\u0119dzia mog\u0105 mie\u0107 ograniczenia.<\/li>\n\n\n\n<li class=\"\">P: Czy istniej\u0105 jakie\u015b obawy etyczne zwi\u0105zane z korzystaniem z AI Clothes Changer?<br>O: G\u0142\u00f3wne obawy dotycz\u0105 prywatno\u015bci danych u\u017cytkownik\u00f3w i potencjalnego niew\u0142a\u015bciwego wykorzystania do tworzenia wprowadzaj\u0105cych w b\u0142\u0105d obraz\u00f3w. Wa\u017cne jest, aby korzysta\u0107 z tych narz\u0119dzi w spos\u00f3b odpowiedzialny.<\/li>\n<\/ol>\n\n\n\n<h3 class=\"wp-block-heading\" id=\"conclusion\">Wnioski<\/h3>\n\n\n\n<p class=\"\">Technologia AI Clothes Changer rewolucjonizuje bran\u017c\u0119 modow\u0105, oferuj\u0105c bezprecedensowe mo\u017cliwo\u015bci w zakresie kreatywno\u015bci, zr\u00f3wnowa\u017conego rozwoju i personalizacji. Pocz\u0105wszy od indywidualnych u\u017cytkownik\u00f3w, a sko\u0144czywszy na g\u0142\u00f3wnych markach modowych, zastosowania s\u0105 szerokie i maj\u0105 ogromny wp\u0142yw. Jako wyb\u00f3r nr 1 dla wielu, narz\u0119dzia takie jak AIArtFree's AI Clothes Changer (https:\/\/aiartfree.online\/ai-clothes-changer\/) zapewniaj\u0105 dost\u0119pne, bezp\u0142atne i przyjazne dla u\u017cytkownika opcje odkrywania tej ekscytuj\u0105cej technologii. Niezale\u017cnie od tego, czy jeste\u015b entuzjast\u0105 mody, projektantem, czy profesjonalist\u0105 w dziedzinie handlu elektronicznego, korzystanie z AI Clothes Changer mo\u017ce znacznie poprawi\u0107 twoje wra\u017cenia z mody i przep\u0142yw pracy. Zacznij eksperymentowa\u0107 z tym innowacyjnym edytorem zdj\u0119\u0107 ai ju\u017c dzi\u015b i zmie\u0144 swoje podej\u015bcie do mody!<\/p>\n\n\n\n<p class=\"\"><\/p>","protected":false},"excerpt":{"rendered":"<p>Before vs After How to use the AI Clothes Changer * Feel free to try our examples below if you don&#8217;t have any thoughts in your mind *&nbsp;Depending on your internet speed, loading the model may take up to 10 seconds \u2193 AI Clothes Changer: The Ultimate Guide to Virtual Fashion Transformation This comprehensive guide &#8230; <a title=\"AI Clothes Changer\" class=\"read-more\" href=\"https:\/\/aiartfree.online\/pl\/zmieniacz-ubran-ai\/\" aria-label=\"Read more about AI Clothes Changer\">Dowiedz si\u0119 wi\u0119cej<\/a><\/p>","protected":false},"author":1,"featured_media":3386,"parent":0,"menu_order":0,"comment_status":"open","ping_status":"closed","template":"","meta":{"nf_dc_page":"","footnotes":""},"class_list":["post-3382","page","type-page","status-publish","has-post-thumbnail"],"jetpack_sharing_enabled":true,"_links":{"self":[{"href":"https:\/\/aiartfree.online\/pl\/wp-json\/wp\/v2\/pages\/3382","targetHints":{"allow":["GET"]}}],"collection":[{"href":"https:\/\/aiartfree.online\/pl\/wp-json\/wp\/v2\/pages"}],"about":[{"href":"https:\/\/aiartfree.online\/pl\/wp-json\/wp\/v2\/types\/page"}],"author":[{"embeddable":true,"href":"https:\/\/aiartfree.online\/pl\/wp-json\/wp\/v2\/users\/1"}],"replies":[{"embeddable":true,"href":"https:\/\/aiartfree.online\/pl\/wp-json\/wp\/v2\/comments?post=3382"}],"version-history":[{"count":0,"href":"https:\/\/aiartfree.online\/pl\/wp-json\/wp\/v2\/pages\/3382\/revisions"}],"wp:featuredmedia":[{"embeddable":true,"href":"https:\/\/aiartfree.online\/pl\/wp-json\/wp\/v2\/media\/3386"}],"wp:attachment":[{"href":"https:\/\/aiartfree.online\/pl\/wp-json\/wp\/v2\/media?parent=3382"}],"curies":[{"name":"wp","href":"https:\/\/api.w.org\/{rel}","templated":true}]}}