{"id":3366,"date":"2024-07-31T07:54:51","date_gmt":"2024-07-31T07:54:51","guid":{"rendered":"https:\/\/aiartfree.online\/?page_id=3366"},"modified":"2024-08-02T10:41:37","modified_gmt":"2024-08-02T10:41:37","slug":"ai-background-generator","status":"publish","type":"page","link":"https:\/\/aiartfree.online\/pl\/generator-tla-ai\/","title":{"rendered":"Generator t\u0142a AI"},"content":{"rendered":"<h2 class=\"wp-block-heading has-text-align-center\" id=\"before-vs-after\">Przed i po<\/h2>\n\n\n\n<figure class=\"gb-block-image gb-block-image-1822da1f\"><img data-recalc-dims=\"1\" decoding=\"async\" loading=\"lazy\" width=\"1200\" height=\"423\" class=\"gb-image gb-image-1822da1f\" src=\"https:\/\/i0.wp.com\/aiartfree.online\/wp-content\/uploads\/2024\/07\/WX20240731-145349%402x-scaled.webp?resize=1200%2C423&#038;ssl=1\" alt=\"Generator t\u0142a AI | Bezp\u0142atna zmiana t\u0142a, bez ogranicze\u0144\" title=\"WX20240731-145349@2x\" srcset=\"https:\/\/i0.wp.com\/aiartfree.online\/wp-content\/uploads\/2024\/07\/WX20240731-145349%402x-scaled.webp?w=2560&amp;ssl=1 2560w, https:\/\/i0.wp.com\/aiartfree.online\/wp-content\/uploads\/2024\/07\/WX20240731-145349%402x-scaled.webp?resize=300%2C106&amp;ssl=1 300w, https:\/\/i0.wp.com\/aiartfree.online\/wp-content\/uploads\/2024\/07\/WX20240731-145349%402x-scaled.webp?resize=1024%2C361&amp;ssl=1 1024w, https:\/\/i0.wp.com\/aiartfree.online\/wp-content\/uploads\/2024\/07\/WX20240731-145349%402x-scaled.webp?resize=768%2C271&amp;ssl=1 768w, https:\/\/i0.wp.com\/aiartfree.online\/wp-content\/uploads\/2024\/07\/WX20240731-145349%402x-scaled.webp?resize=1536%2C541&amp;ssl=1 1536w, https:\/\/i0.wp.com\/aiartfree.online\/wp-content\/uploads\/2024\/07\/WX20240731-145349%402x-scaled.webp?resize=2048%2C721&amp;ssl=1 2048w, https:\/\/i0.wp.com\/aiartfree.online\/wp-content\/uploads\/2024\/07\/WX20240731-145349%402x-scaled.webp?resize=18%2C6&amp;ssl=1 18w, https:\/\/i0.wp.com\/aiartfree.online\/wp-content\/uploads\/2024\/07\/WX20240731-145349%402x-scaled.webp?resize=600%2C211&amp;ssl=1 600w, https:\/\/i0.wp.com\/aiartfree.online\/wp-content\/uploads\/2024\/07\/WX20240731-145349%402x-scaled.webp?w=2400&amp;ssl=1 2400w\" sizes=\"auto, (max-width: 1200px) 100vw, 1200px\" \/><\/figure>\n\n\n\n<h2 class=\"wp-block-heading\" id=\"how-to-use-the-ai-background-generator\">Jak korzysta\u0107 z generatora t\u0142a AI?<\/h2>\n\n\n\n<ol class=\"wp-block-list\">\n<li class=\"\">Upu\u015b\u0107 lub prze\u015blij obraz<\/li>\n\n\n\n<li class=\"\">Wprowad\u017a sw\u00f3j monit (wybierz <strong>Usu\u0144 t\u0142o<\/strong> je\u015bli obraz jest z t\u0142em, aby uzyska\u0107 lepszy wynik)<\/li>\n\n\n\n<li class=\"\">Kliknij \"Generuj\"<\/li>\n\n\n\n<li class=\"\">Czekaj, to jest to!<\/li>\n<\/ol>\n\n\n\n<p class=\"\">* Zach\u0119camy do wypr\u00f3bowania poni\u017cszych przyk\u0142ad\u00f3w, je\u015bli nie masz jeszcze \u017cadnych pomys\u0142\u00f3w.<\/p>\n\n\n\n<p class=\"\"><em>* W zale\u017cno\u015bci od szybko\u015bci \u0142\u0105cza internetowego \u0142adowanie modelu mo\u017ce potrwa\u0107 kilka sekund.<br>* Podczas ci\u0105g\u0142ego generowania nast\u0105pi buforowanie, a nowy obraz pojawi si\u0119 po oko\u0142o 3 sekundach.<\/em><\/p>\n\n\n<div class=\"gb-container gb-container-968be51b\">\n\n<div class=\"iframe-wrapper\" style=\"position: relative; width: 100%; height: 2650px;\">\n  <div class=\"loading\" style=\"position: absolute; top: 100px; left: 50%; transform: translate(-50%, -50%); width: 40px; height: 40px; border: 3px solid #f0f0f0; border-top: 3px solid #db7093; border-radius: 50%; animation: spin 1s linear infinite;\"><\/div>\n  <iframe loading=\"lazy\" src=\"https:\/\/fotographerai-fai-fuzer.hf.space\" frameborder=\"0\" width=\"100%\" height=\"100%\" style=\"position: absolute; top: 0; left: 0; opacity: 0; transition: opacity 0.3s;\" onload=\"this.style.opacity=1;this.previousElementSibling.style.display='none';\"><\/iframe>\n<\/div>\n\n<style>\n@keyframes spin {\n  0% { transform: translate(-50%, -50%) rotate(0deg); }\n  100% { transform: translate(-50%, -50%) rotate(360deg); }\n}\n<\/style>\n\n<\/div>\n\n\n<div style=\"height:100px\" aria-hidden=\"true\" class=\"wp-block-spacer\"><\/div>\n\n\n\n<h2 class=\"wp-block-heading\" id=\"ai-background-generator-revolutionizing-image-creation\">Generator t\u0142a AI: Rewolucja w tworzeniu obraz\u00f3w<\/h2>\n\n\n\n<p class=\"\">Ten artyku\u0142 przedstawia \u015bwiat generator\u00f3w t\u0142a AI, ich zalety i spos\u00f3b, w jaki przekszta\u0142caj\u0105 one obrazy cyfrowe. Om\u00f3wimy wszystko, od podstawowych poj\u0119\u0107 po zaawansowane aplikacje, pomagaj\u0105c zrozumie\u0107, dlaczego to narz\u0119dzie staje si\u0119 niezb\u0119dne zar\u00f3wno dla tw\u00f3rc\u00f3w, jak i firm.<\/p>\n\n\n\n<div class=\"wp-block-rank-math-toc-block\" id=\"rank-math-toc\"><h3>Spis tre\u015bci<\/h3><nav><ul><li><a href=\"#what-is-an-ai-background-generator\">Czym jest generator t\u0142a AI?<\/a><\/li><li><a href=\"#why-use-an-ai-background-generator\">Dlaczego warto korzysta\u0107 z generatora t\u0142a AI?<\/a><\/li><li><a href=\"#main-features-of-ai-background-generators\">G\u0142\u00f3wne cechy generator\u00f3w t\u0142a AI<\/a><ul><li><a href=\"#1-image-generation-from-text\">1. Generowanie obrazu z tekstu<\/a><\/li><li><a href=\"#2-style-transfer\">2. Transfer stylu<\/a><\/li><li><a href=\"#3-background-removal-and-replacement\">3. Usuwanie i zast\u0119powanie t\u0142a<\/a><\/li><li><a href=\"#4-resolution-enhancement\">4. Poprawa rozdzielczo\u015bci<\/a><\/li><\/ul><\/li><li><a href=\"#who-should-use-ai-background-generators\">Kto powinien korzysta\u0107 z generator\u00f3w t\u0142a AI?<\/a><\/li><li><a href=\"#industries-benefiting-from-ai-background-generators\">Bran\u017ce korzystaj\u0105ce z generator\u00f3w t\u0142a AI<\/a><\/li><li><a href=\"#how-to-use-an-ai-background-generator\">Jak korzysta\u0107 z generatora t\u0142a AI?<\/a><\/li><li><a href=\"#use-cases-for-ai-background-generators\">Przypadki u\u017cycia dla generator\u00f3w t\u0142a AI<\/a><ul><li><a href=\"#e-commerce-product-images\">Obrazy produkt\u00f3w w handlu elektronicznym<\/a><\/li><li><a href=\"#social-media-content\">Tre\u015bci w mediach spo\u0142eczno\u015bciowych<\/a><\/li><li><a href=\"#video-production\">Produkcja wideo<\/a><\/li><li><a href=\"#website-design\">Projektowanie stron internetowych<\/a><\/li><\/ul><\/li><li><a href=\"#10-ai-background-generator-tools-pros-cons-and-features\">10 narz\u0119dzi do generowania t\u0142a AI: Plusy, minusy i funkcje<\/a><\/li><li><a href=\"#advantages-challenges-and-recommendations-for-the-ai-background-generation-industry\">Zalety, wyzwania i zalecenia dla bran\u017cy generowania zaplecza AI<\/a><ul><li><a href=\"#advantages\">Zalety<\/a><\/li><li><a href=\"#challenges\">Wyzwania<\/a><\/li><li><a href=\"#recommendations\">Zalecenia<\/a><\/li><\/ul><\/li><li><a href=\"#faq\">FAQ<\/a><\/li><li><a href=\"#conclusion\">Wnioski<\/a><\/li><\/ul><\/nav><\/div>\n\n\n\n<h3 class=\"wp-block-heading\" id=\"what-is-an-ai-background-generator\">Czym jest generator t\u0142a AI?<\/h3>\n\n\n\n<p class=\"\">Generator t\u0142a AI to najnowocze\u015bniejsze narz\u0119dzie, kt\u00f3re wykorzystuje sztuczn\u0105 inteligencj\u0119 do tworzenia osza\u0142amiaj\u0105cych, unikalnych te\u0142 dla r\u00f3\u017cnych projekt\u00f3w cyfrowych. Ta technologia nr 1 pozwala u\u017cytkownikom tworzy\u0107 wysokiej jako\u015bci obrazy bez konieczno\u015bci posiadania rozleg\u0142ych umiej\u0119tno\u015bci projektowania graficznego lub drogiego oprogramowania.<\/p>\n\n\n\n<h3 class=\"wp-block-heading\" id=\"why-use-an-ai-background-generator\">Dlaczego warto korzysta\u0107 z generatora t\u0142a AI?<\/h3>\n\n\n\n<p class=\"\">Korzystanie z generatora t\u0142a AI oferuje wiele korzy\u015bci:<\/p>\n\n\n\n<ol class=\"wp-block-list\">\n<li class=\"\">Oszcz\u0119dno\u015b\u0107 czasu: Generowanie t\u0142a w kilka sekund<\/li>\n\n\n\n<li class=\"\">Op\u0142acalno\u015b\u0107: Wiele opcji jest 100% bezp\u0142atnych i nieograniczonych<\/li>\n\n\n\n<li class=\"\">Wszechstronno\u015b\u0107: Tw\u00f3rz t\u0142a do r\u00f3\u017cnych cel\u00f3w<\/li>\n\n\n\n<li class=\"\">Umiej\u0119tno\u015bci projektowania nie s\u0105 wymagane: Sztuczna inteligencja zrobi wszystko<\/li>\n\n\n\n<li class=\"\">Mo\u017cliwo\u015b\u0107 dostosowania: Dostosuj wyj\u015bcia do swoich konkretnych potrzeb<\/li>\n<\/ol>\n\n\n\n<h3 class=\"wp-block-heading\" id=\"main-features-of-ai-background-generators\">G\u0142\u00f3wne cechy generator\u00f3w t\u0142a AI<\/h3>\n\n\n\n<h4 class=\"wp-block-heading\" id=\"1-image-generation-from-text\">1. Generowanie obrazu z tekstu<\/h4>\n\n\n\n<p class=\"\">Generatory t\u0142a AI mog\u0105 tworzy\u0107 obrazy na podstawie opis\u00f3w tekstowych, pozwalaj\u0105c na niezwykle specyficzne i spersonalizowane wyniki.<\/p>\n\n\n\n<h4 class=\"wp-block-heading\" id=\"2-style-transfer\">2. Transfer stylu<\/h4>\n\n\n\n<p class=\"\">Zastosuj style artystyczne do istniej\u0105cych obraz\u00f3w lub wygeneruj nowe w okre\u015blonych stylach, od fotorealistycznych po abstrakcyjne.<\/p>\n\n\n\n<h4 class=\"wp-block-heading\" id=\"3-background-removal-and-replacement\">3. Usuwanie i zast\u0119powanie t\u0142a<\/h4>\n\n\n\n<p class=\"\">\u0141atwo usuwaj i zmieniaj t\u0142o zdj\u0119\u0107, idealne do zdj\u0119\u0107 produkt\u00f3w lub portret\u00f3w.<\/p>\n\n\n\n<h4 class=\"wp-block-heading\" id=\"4-resolution-enhancement\">4. Poprawa rozdzielczo\u015bci<\/h4>\n\n\n\n<p class=\"\">Skaluj i poprawiaj jako\u015b\u0107 istniej\u0105cych obraz\u00f3w lub generuj t\u0142a w wysokiej rozdzielczo\u015bci od podstaw.<\/p>\n\n\n\n<h3 class=\"wp-block-heading\" id=\"who-should-use-ai-background-generators\">Kto powinien korzysta\u0107 z generator\u00f3w t\u0142a AI?<\/h3>\n\n\n\n<ul class=\"wp-block-list\">\n<li class=\"\">Projektanci graficzni<\/li>\n\n\n\n<li class=\"\">Marketerzy medi\u00f3w spo\u0142eczno\u015bciowych<\/li>\n\n\n\n<li class=\"\">Firmy zajmuj\u0105ce si\u0119 handlem elektronicznym<\/li>\n\n\n\n<li class=\"\">Tw\u00f3rcy gier (np. dla generatora t\u0142a dnd ai)<\/li>\n\n\n\n<li class=\"\">Tw\u00f3rcy tre\u015bci<\/li>\n\n\n\n<li class=\"\">Fotografowie<\/li>\n<\/ul>\n\n\n\n<h3 class=\"wp-block-heading\" id=\"industries-benefiting-from-ai-background-generators\">Bran\u017ce korzystaj\u0105ce z generator\u00f3w t\u0142a AI<\/h3>\n\n\n\n<ul class=\"wp-block-list\">\n<li class=\"\">Reklama i marketing<\/li>\n\n\n\n<li class=\"\">E-commerce i fotografia produktowa<\/li>\n\n\n\n<li class=\"\">Gry i rozrywka<\/li>\n\n\n\n<li class=\"\">Nieruchomo\u015bci<\/li>\n\n\n\n<li class=\"\">Moda i styl \u017cycia<\/li>\n\n\n\n<li class=\"\">Edukacja i e-learning<\/li>\n<\/ul>\n\n\n\n<h3 class=\"wp-block-heading\" id=\"how-to-use-an-ai-background-generator\">Jak korzysta\u0107 z generatora t\u0142a AI?<\/h3>\n\n\n\n<ol class=\"wp-block-list\">\n<li class=\"\">Wybierz niezawodne narz\u0119dzie do generowania t\u0142a AI<\/li>\n\n\n\n<li class=\"\">Wybierz \u017c\u0105dan\u0105 funkcj\u0119 (np. wygeneruj nowy obraz, usu\u0144 t\u0142o).<\/li>\n\n\n\n<li class=\"\">Wprowad\u017a opis tekstowy lub prze\u015blij obraz<\/li>\n\n\n\n<li class=\"\">Dostosuj ustawienia wed\u0142ug potrzeb<\/li>\n\n\n\n<li class=\"\">Generowanie t\u0142a<\/li>\n\n\n\n<li class=\"\">Pobierz i u\u017cywaj nowego t\u0142a<\/li>\n<\/ol>\n\n\n\n<h3 class=\"wp-block-heading\" id=\"use-cases-for-ai-background-generators\">Przypadki u\u017cycia dla generator\u00f3w t\u0142a AI<\/h3>\n\n\n\n<h4 class=\"wp-block-heading\" id=\"e-commerce-product-images\">Obrazy produkt\u00f3w w handlu elektronicznym<\/h4>\n\n\n\n<p class=\"\">Tw\u00f3rz profesjonalnie wygl\u0105daj\u0105ce obrazy produkt\u00f3w za pomoc\u0105 generowanych przez ai pi\u0119knych obraz\u00f3w kwiat\u00f3w z rozmytym t\u0142em lub w innych odpowiednich kontekstach.<\/p>\n\n\n\n<h4 class=\"wp-block-heading\" id=\"social-media-content\">Tre\u015bci w mediach spo\u0142eczno\u015bciowych<\/h4>\n\n\n\n<p class=\"\">Generuj przyci\u0105gaj\u0105ce wzrok t\u0142a dla post\u00f3w, relacji i reklam.<\/p>\n\n\n\n<h4 class=\"wp-block-heading\" id=\"video-production\">Produkcja wideo<\/h4>\n\n\n\n<p class=\"\">Tw\u00f3rz unikalne t\u0142a dla projekt\u00f3w wideo, wirtualnych plan\u00f3w lub zamiennik\u00f3w zielonego ekranu.<\/p>\n\n\n\n<h4 class=\"wp-block-heading\" id=\"website-design\">Projektowanie stron internetowych<\/h4>\n\n\n\n<p class=\"\">Tworzenie niestandardowych te\u0142 dla stron internetowych, nag\u0142\u00f3wk\u00f3w i baner\u00f3w.<\/p>\n\n\n\n<h3 class=\"wp-block-heading\" id=\"10-ai-background-generator-tools-pros-cons-and-features\">10 narz\u0119dzi do generowania t\u0142a AI: Plusy, minusy i funkcje<\/h3>\n\n\n\n<figure class=\"wp-block-table\"><table class=\"has-fixed-layout\"><thead><tr><th>Narz\u0119dzie<\/th><th>Plusy<\/th><th>Wady<\/th><th>Cechy<\/th><th>URL<\/th><\/tr><\/thead><tbody><tr><td>AIArtFree<\/td><td>100% Bezp\u0142atnie, bez rejestracji, nieograniczone u\u017cycie<\/td><td>Ograniczone funkcje zaawansowane<\/td><td>Generator t\u0142a AI, usuwanie t\u0142a<\/td><td><a href=\"https:\/\/aiartfree.online\/pl\/generator-tla-ai\/\">https:\/\/aiartfree.online\/ai-background-generator\/<\/a><\/td><\/tr><tr><td>DALL-E 2<\/td><td>Wysokiej jako\u015bci wyj\u015bcia, wszechstronno\u015b\u0107<\/td><td>Us\u0142uga p\u0142atna, wymaga konta OpenAI<\/td><td>Generowanie tekstu na obraz, edycja obrazu<\/td><td><a href=\"https:\/\/openai.com\/dall-e-2\" target=\"_blank\" rel=\"noreferrer noopener\">https:\/\/openai.com\/dall-e-2<\/a><\/td><\/tr><tr><td>Midjourney<\/td><td>Wyniki artystyczne, oparte na spo\u0142eczno\u015bci<\/td><td>P\u0142atna us\u0142uga, interfejs oparty na Discordzie<\/td><td>Generowanie tekstu na obraz, dostosowywanie stylu<\/td><td>https:\/\/www.midjourney.com<\/td><\/tr><tr><td>Stabilna dyfuzja<\/td><td>Otwarte oprogramowanie, mo\u017cliwo\u015b\u0107 dostosowania<\/td><td>Wymaga wiedzy technicznej do konfiguracji<\/td><td>Generowanie tekstu na obraz, t\u0142umaczenie obrazu na obraz<\/td><td>https:\/\/stability.ai<\/td><\/tr><tr><td>Canva<\/td><td>Przyjazny dla u\u017cytkownika interfejs, zintegrowane narz\u0119dzia projektowe<\/td><td>Ograniczone funkcje AI w wersji darmowej<\/td><td>Usuwanie t\u0142a, generowanie obrazu (z Magic Studio)<\/td><td>https:\/\/www.canva.com<\/td><\/tr><tr><td>Remove.bg<\/td><td>Specjalizuje si\u0119 w usuwaniu t\u0142a, dost\u0119pne API<\/td><td>Ograniczone tylko do usuwania t\u0142a<\/td><td>Automatyczne usuwanie t\u0142a, wykrywanie os\u00f3b<\/td><td>https:\/\/www.remove.bg<\/td><\/tr><tr><td>Pixlr<\/td><td>Darmowa wersja podstawowa, oparta na sieci Web<\/td><td>Zaawansowane funkcje wymagaj\u0105 subskrypcji<\/td><td>Usuwanie t\u0142a AI, Narz\u0119dzia do edycji obrazu<\/td><td>https:\/\/pixlr.com<\/td><\/tr><tr><td>PhotoRoom<\/td><td>Przyjazny dla urz\u0105dze\u0144 mobilnych, dobry do zdj\u0119\u0107 produkt\u00f3w<\/td><td>Pe\u0142ne funkcje wymagaj\u0105 subskrypcji<\/td><td>Usuwanie t\u0142a, usuwanie obiekt\u00f3w, generowanie obraz\u00f3w AI<\/td><td>https:\/\/www.photoroom.com<\/td><\/tr><tr><td>Artbreeder<\/td><td>Unikalne mo\u017cliwo\u015bci mieszania obraz\u00f3w<\/td><td>Krzywa uczenia si\u0119 dla najlepszych wynik\u00f3w<\/td><td>Miksowanie obrazu, Transfer stylu<\/td><td>https:\/\/www.artbreeder.com<\/td><\/tr><tr><td>Fotor<\/td><td>\u0141atwy w u\u017cyciu, wiele narz\u0119dzi AI<\/td><td>Niekt\u00f3re funkcje s\u0105 zablokowane za paywallem<\/td><td>Usuwanie t\u0142a, Generator grafiki AI, Efekty fotograficzne<\/td><td>https:\/\/www.fotor.com<\/td><\/tr><\/tbody><\/table><figcaption class=\"wp-element-caption\">Ta tabela zawiera bardziej kompleksowy przegl\u0105d r\u00f3\u017cnych narz\u0119dzi do generowania t\u0142a AI, w tym ich zalety, wady, kluczowe funkcje i adresy URL.<\/figcaption><\/figure>\n\n\n\n<h3 class=\"wp-block-heading\" id=\"advantages-challenges-and-recommendations-for-the-ai-background-generation-industry\">Zalety, wyzwania i zalecenia dla bran\u017cy generowania zaplecza AI<\/h3>\n\n\n\n<h4 class=\"wp-block-heading\" id=\"advantages\">Zalety<\/h4>\n\n\n\n<ul class=\"wp-block-list\">\n<li class=\"\">Szybkie innowacje w technologii AI<\/li>\n\n\n\n<li class=\"\">Rosn\u0105cy popyt w r\u00f3\u017cnych sektorach<\/li>\n\n\n\n<li class=\"\">Potencja\u0142 integracji z innymi narz\u0119dziami AI<\/li>\n<\/ul>\n\n\n\n<h4 class=\"wp-block-heading\" id=\"challenges\">Wyzwania<\/h4>\n\n\n\n<ul class=\"wp-block-list\">\n<li class=\"\">Prawa autorskie i kwestie etyczne<\/li>\n\n\n\n<li class=\"\">Zapewnienie jako\u015bci i sp\u00f3jno\u015bci obrazu<\/li>\n\n\n\n<li class=\"\">R\u00f3wnowa\u017cenie automatyzacji z ludzk\u0105 kreatywno\u015bci\u0105<\/li>\n<\/ul>\n\n\n\n<h4 class=\"wp-block-heading\" id=\"recommendations\">Zalecenia<\/h4>\n\n\n\n<ul class=\"wp-block-list\">\n<li class=\"\">Koncentracja na przyjaznych dla u\u017cytkownika interfejsach<\/li>\n\n\n\n<li class=\"\">Opracowanie funkcji specyficznych dla bran\u017cy<\/li>\n\n\n\n<li class=\"\">Priorytetem s\u0105 etyczne praktyki AI i przejrzysto\u015b\u0107<\/li>\n<\/ul>\n\n\n\n<h3 class=\"wp-block-heading\" id=\"faq\">FAQ<\/h3>\n\n\n\n<ol class=\"wp-block-list\">\n<li class=\"\">Jak wygenerowa\u0107 t\u0142o AI w Photoshopie?<br>Chocia\u017c Photoshop oferuje pewne funkcje sztucznej inteligencji, korzystanie z dedykowanego narz\u0119dzia, takiego jak https:\/\/aiartfree.online\/ai-background-generator\/, jest szybsze, \u0142atwiejsze i bezp\u0142atne.<\/li>\n\n\n\n<li class=\"\">Jak sztuczna inteligencja generuje t\u0142o w Photoshopie?<br>Zamiast korzysta\u0107 z Photoshopa, wypr\u00f3buj nasz darmowy generator t\u0142a AI, aby uzyska\u0107 szybsze i prostsze rezultaty.<\/li>\n\n\n\n<li class=\"\">Jak AI generuje t\u0142o?<br>Odwied\u017a stron\u0119 https:\/\/aiartfree.online\/ai-background-generator\/, wprowad\u017a \u017c\u0105dany opis lub prze\u015blij obraz i pozw\u00f3l sztucznej inteligencji stworzy\u0107 dla Ciebie t\u0142o.<\/li>\n\n\n\n<li class=\"\">Czy mog\u0119 u\u017cywa\u0107 t\u0142a wygenerowanego przez SI do cel\u00f3w komercyjnych?<br>Zale\u017cy to od narz\u0119dzia i jego warunk\u00f3w \u015bwiadczenia us\u0142ug. Przed u\u017cyciem komercyjnym nale\u017cy zawsze sprawdzi\u0107 umow\u0119 licencyjn\u0105.<\/li>\n\n\n\n<li class=\"\">Czy generatory t\u0142a AI s\u0105 darmowe?<br>Wiele narz\u0119dzi oferuje darmowe opcje, takie jak nasz darmowy i nieograniczony generator 100% na stronie https:\/\/aiartfree.online\/ai-background-generator\/.<\/li>\n\n\n\n<li class=\"\">Czy generatory t\u0142a AI mog\u0105 tworzy\u0107 realistyczne obrazy?<br>Tak, wiele narz\u0119dzi AI mo\u017ce tworzy\u0107 bardzo realistyczne t\u0142a i obrazy.<\/li>\n\n\n\n<li class=\"\">Jak usun\u0105\u0107 t\u0142o z istniej\u0105cego obrazu?<br>Wi\u0119kszo\u015b\u0107 generator\u00f3w t\u0142a AI oferuje funkcje usuwania t\u0142a. Wystarczy przes\u0142a\u0107 obraz i wybra\u0107 opcj\u0119 usuwania t\u0142a.<\/li>\n\n\n\n<li class=\"\">Czy mog\u0119 generowa\u0107 t\u0142a dla okre\u015blonych motyw\u00f3w, takich jak fantasy lub sci-fi?<br>Absolutnie! Generatory AI mog\u0105 tworzy\u0107 t\u0142a dla r\u00f3\u017cnych motyw\u00f3w na podstawie opis\u00f3w tekstowych.<\/li>\n\n\n\n<li class=\"\">Czy t\u0142a generowane przez SI maj\u0105 jakie\u015b ograniczenia?<br>Generatory AI, cho\u0107 pot\u0119\u017cne, mog\u0105 czasami generowa\u0107 niesp\u00f3jno\u015bci lub nierealistyczne elementy. Zawsze sprawdzaj i ewentualnie edytuj wyniki.<\/li>\n\n\n\n<li class=\"\">Jak mog\u0119 zapewni\u0107 wyj\u0105tkowo\u015b\u0107 t\u0142a generowanego przez sztuczn\u0105 inteligencj\u0119?<br>Korzystaj z okre\u015blonych podpowiedzi, \u0142\u0105cz wiele pokole\u0144 lub dodawaj osobiste akcenty, aby Twoje t\u0142a by\u0142y naprawd\u0119 wyj\u0105tkowe.<\/li>\n<\/ol>\n\n\n\n<h3 class=\"wp-block-heading\" id=\"conclusion\">Wnioski<\/h3>\n\n\n\n<p class=\"\">Generatory t\u0142a AI rewolucjonizuj\u0105 spos\u00f3b, w jaki tworzymy i manipulujemy cyfrowymi obrazami. Dzi\u0119ki narz\u0119dziom takim jak https:\/\/aiartfree.online\/ai-background-generator\/ oferuj\u0105cym 100% bezp\u0142atnych, nieograniczonych i niewymagaj\u0105cych rejestracji opcji, tworzenie osza\u0142amiaj\u0105cych wizualizacji dla dowolnego projektu jest \u0142atwiejsze ni\u017c kiedykolwiek. Niezale\u017cnie od tego, czy jeste\u015b profesjonalnym projektantem, czy zwyk\u0142ym tw\u00f3rc\u0105, generatory t\u0142a AI zapewniaj\u0105 przyst\u0119pne, wydajne i wydajne rozwi\u0105zanie dla Twoich potrzeb zwi\u0105zanych z obrazami. Wypr\u00f3buj jeden z nich ju\u017c dzi\u015b i poznaj przysz\u0142o\u015b\u0107 cyfrowej kreatywno\u015bci!<\/p>","protected":false},"excerpt":{"rendered":"<p>Before vs After How to use the AI Background Generator * Feel free to try our examples below if you don&#8217;t have any thoughts in your mind *&nbsp;Depending on your internet speed, loading the model may take a few seconds.* There will be caching during continuous generation, and the new image will appear after about &#8230; <a title=\"Generator t\u0142a AI\" class=\"read-more\" href=\"https:\/\/aiartfree.online\/pl\/generator-tla-ai\/\" aria-label=\"Read more about AI Background Generator\">Dowiedz si\u0119 wi\u0119cej<\/a><\/p>","protected":false},"author":1,"featured_media":3377,"parent":0,"menu_order":0,"comment_status":"open","ping_status":"closed","template":"","meta":{"nf_dc_page":"","footnotes":""},"class_list":["post-3366","page","type-page","status-publish","has-post-thumbnail"],"jetpack_sharing_enabled":true,"_links":{"self":[{"href":"https:\/\/aiartfree.online\/pl\/wp-json\/wp\/v2\/pages\/3366","targetHints":{"allow":["GET"]}}],"collection":[{"href":"https:\/\/aiartfree.online\/pl\/wp-json\/wp\/v2\/pages"}],"about":[{"href":"https:\/\/aiartfree.online\/pl\/wp-json\/wp\/v2\/types\/page"}],"author":[{"embeddable":true,"href":"https:\/\/aiartfree.online\/pl\/wp-json\/wp\/v2\/users\/1"}],"replies":[{"embeddable":true,"href":"https:\/\/aiartfree.online\/pl\/wp-json\/wp\/v2\/comments?post=3366"}],"version-history":[{"count":0,"href":"https:\/\/aiartfree.online\/pl\/wp-json\/wp\/v2\/pages\/3366\/revisions"}],"wp:featuredmedia":[{"embeddable":true,"href":"https:\/\/aiartfree.online\/pl\/wp-json\/wp\/v2\/media\/3377"}],"wp:attachment":[{"href":"https:\/\/aiartfree.online\/pl\/wp-json\/wp\/v2\/media?parent=3366"}],"curies":[{"name":"wp","href":"https:\/\/api.w.org\/{rel}","templated":true}]}}