{"id":3351,"date":"2024-07-30T17:07:44","date_gmt":"2024-07-30T17:07:44","guid":{"rendered":"https:\/\/aiartfree.online\/?page_id=3351"},"modified":"2024-08-16T10:09:07","modified_gmt":"2024-08-16T10:09:07","slug":"ai-voice-generator","status":"publish","type":"page","link":"https:\/\/aiartfree.online\/pl\/generator-glosu-ai\/","title":{"rendered":"Generator g\u0142osu AI"},"content":{"rendered":"<h2 class=\"wp-block-heading\" id=\"how-to-use-the-ai-voice-generator\">Jak korzysta\u0107 z generatora g\u0142osu AI<\/h2>\n\n\n\n<ol class=\"wp-block-list\">\n<li class=\"\">Wprowad\u017a tekst<\/li>\n\n\n\n<li class=\"\">Wyb\u00f3r g\u0142osu<\/li>\n\n\n\n<li class=\"\">Kliknij \"Prze\u015blij\"<\/li>\n\n\n\n<li class=\"\">Czekaj, to jest to!<\/li>\n<\/ol>\n\n\n\n<p class=\"\">* Zach\u0119camy do wypr\u00f3bowania poni\u017cszych przyk\u0142ad\u00f3w, je\u015bli nie masz jeszcze \u017cadnych pomys\u0142\u00f3w.<\/p>\n\n\n\n<p class=\"\"><em>* W zale\u017cno\u015bci od szybko\u015bci \u0142\u0105cza internetowego, za\u0142adowanie modelu mo\u017ce zaj\u0105\u0107 <\/em>do 10 sekund \u2193<\/p>\n\n\n\n<div class=\"iframe-wrapper\" style=\"position: relative; width: 100%; height: 1000px;\">\n  <div class=\"loading\" style=\"position: absolute; top: 50px; left: 50%; transform: translate(-50%, -50%); width: 40px; height: 40px; border: 3px solid #f0f0f0; border-top: 3px solid #db7093; border-radius: 50%; animation: spin 1s linear infinite;\"><\/div>\n  <iframe loading=\"lazy\" src=\"https:\/\/innoai-edge-tts-text-to-speech.hf.space\" frameborder=\"0\" width=\"100%\" height=\"100%\" style=\"position: absolute; top: 0; left: 0; opacity: 0; transition: opacity 0.3s;\" onload=\"this.style.opacity=1;this.previousElementSibling.style.display='none';\"><\/iframe>\n<\/div>\n\n<style>\n@keyframes spin {\n  0% { transform: translate(-50%, -50%) rotate(0deg); }\n  100% { transform: translate(-50%, -50%) rotate(360deg); }\n}\n<\/style>\n\n\n\n<div style=\"height:80px\" aria-hidden=\"true\" class=\"wp-block-spacer\"><\/div>\n\n\n\n<h2 class=\"wp-block-heading\" id=\"the-ultimate-guide-to-ai-voice-generators\">Kompletny przewodnik po generatorach g\u0142osu AI<\/h2>\n\n\n\n<h3 class=\"wp-block-heading\" id=\"outline\">Zarys<\/h3>\n\n\n\n<p class=\"\">Generatory g\u0142osu AI zrewolucjonizowa\u0142y spos\u00f3b tworzenia tre\u015bci audio, oferuj\u0105c wysokiej jako\u015bci, ultra-realistyczne g\u0142osy, kt\u00f3re brzmi\u0105 jak ludzka mowa. W niniejszym przewodniku przedstawiono definicj\u0119, zalety, funkcje, grup\u0119 docelow\u0105, zastosowania bran\u017cowe, instrukcje krok po kroku, przypadki u\u017cycia, narz\u0119dzia, zalety i wady bran\u017cy oraz cz\u0119sto zadawane pytania dotycz\u0105ce generator\u00f3w g\u0142osu AI.<\/p>\n\n\n\n<figure class=\"wp-block-image size-large is-resized\"><img data-recalc-dims=\"1\" data-dominant-color=\"52455b\" data-has-transparency=\"false\" decoding=\"async\" width=\"1024\" height=\"585\"   loading=\"lazy\" src=\"https:\/\/i0.wp.com\/aiartfree.online\/wp-content\/uploads\/2024\/08\/out-0-1.webp?resize=1024%2C585&#038;ssl=1\" alt=\"Odkryj najlepszy generator g\u0142os\u00f3w AI w AIArtFree. Bez wysi\u0142ku generuj wysokiej jako\u015bci, ultra-realistyczne g\u0142osy do tworzenia tre\u015bci i podk\u0142adania g\u0142osu. Bez ogranicze\u0144. Najlepszy generator g\u0142osu AI - 100% za darmo, bez ogranicze\u0144, bez rejestracji\" class=\"wp-image-3458 not-transparent\" style=\"--dominant-color: #52455b; width:598px;height:auto\" srcset=\"https:\/\/i0.wp.com\/aiartfree.online\/wp-content\/uploads\/2024\/08\/out-0-1.webp?resize=1024%2C585&amp;ssl=1 1024w, https:\/\/i0.wp.com\/aiartfree.online\/wp-content\/uploads\/2024\/08\/out-0-1.webp?resize=300%2C171&amp;ssl=1 300w, https:\/\/i0.wp.com\/aiartfree.online\/wp-content\/uploads\/2024\/08\/out-0-1.webp?resize=768%2C439&amp;ssl=1 768w, https:\/\/i0.wp.com\/aiartfree.online\/wp-content\/uploads\/2024\/08\/out-0-1.webp?resize=18%2C10&amp;ssl=1 18w, https:\/\/i0.wp.com\/aiartfree.online\/wp-content\/uploads\/2024\/08\/out-0-1.webp?resize=600%2C343&amp;ssl=1 600w, https:\/\/i0.wp.com\/aiartfree.online\/wp-content\/uploads\/2024\/08\/out-0-1.webp?w=1344&amp;ssl=1 1344w\" sizes=\"auto, (max-width: 1024px) 100vw, 1024px\" \/><\/figure>\n\n\n\n<div class=\"wp-block-rank-math-toc-block\" id=\"rank-math-toc\"><h3>Spis tre\u015bci<\/h3><nav><ul><li><a href=\"#outline\">Zarys<\/a><\/li><li><a href=\"#what-is-an-ai-voice-generator\">Czym jest generator g\u0142osu AI?<\/a><\/li><li><a href=\"#why-use-an-ai-voice-generator\">Dlaczego warto korzysta\u0107 z generatora g\u0142osu AI?<\/a><\/li><li><a href=\"#main-features-of-ai-voice-generators\">G\u0142\u00f3wne cechy generator\u00f3w g\u0142osu AI<\/a><ul><li><a href=\"#text-to-speech-ai\">Sztuczna inteligencja przetwarzaj\u0105ca tekst na mow\u0119<\/a><\/li><li><a href=\"#ultra-realistic-voices\">Ultra realistyczne g\u0142osy<\/a><\/li><li><a href=\"#generative-ai\">Generatywna sztuczna inteligencja<\/a><\/li><li><a href=\"#multiple-languages-and-accents\">Wiele j\u0119zyk\u00f3w i akcent\u00f3w<\/a><\/li><li><a href=\"#high-quality-voiceovers\">Wysokiej jako\u015bci lektorzy<\/a><\/li><\/ul><\/li><li><a href=\"#who-should-use-ai-voice-generators\">Kto powinien korzysta\u0107 z generator\u00f3w g\u0142osu AI?<\/a><\/li><li><a href=\"#industry-uses-of-ai-voice-generators\">Bran\u017cowe zastosowania generator\u00f3w g\u0142osu AI<\/a><ul><li><a href=\"#media-and-entertainment\">Media i rozrywka<\/a><\/li><li><a href=\"#education\">Edukacja<\/a><\/li><li><a href=\"#customer-service\">Obs\u0142uga klienta<\/a><\/li><li><a href=\"#marketing\">Marketing<\/a><\/li><\/ul><\/li><li><a href=\"#how-to-use-an-ai-voice-generator\">Jak korzysta\u0107 z generatora g\u0142osu AI<\/a><\/li><li><a href=\"#ai-voice-generator-usage-cases\">Przypadki u\u017cycia generatora g\u0142osu AI<\/a><ul><li><a href=\"#content-creation\">Tworzenie tre\u015bci<\/a><\/li><li><a href=\"#education-1\">Edukacja<\/a><\/li><li><a href=\"#business-communication\">Komunikacja biznesowa<\/a><\/li><li><a href=\"#marketing-2\">Marketing<\/a><\/li><\/ul><\/li><li><a href=\"#top-10-ai-voice-generator-tools\">10 najlepszych narz\u0119dzi do generowania g\u0142osu AI<\/a><\/li><li><a href=\"#industry-pros-and-cons\">Plusy i minusy bran\u017cy<\/a><ul><li><a href=\"#pros\">Plusy<\/a><\/li><li><a href=\"#cons\">Wady<\/a><\/li><li><a href=\"#advantages\">Zalety<\/a><\/li><li><a href=\"#challenges\">Wyzwania<\/a><\/li><li><a href=\"#suggestions\">Sugestie<\/a><\/li><\/ul><\/li><li><a href=\"#frequently-asked-questions\">Cz\u0119sto zadawane pytania<\/a><\/li><\/ul><\/nav><\/div>\n\n\n\n<h3 class=\"wp-block-heading\" id=\"what-is-an-ai-voice-generator\">Czym jest generator g\u0142osu AI?<\/h3>\n\n\n\n<p class=\"\">AI Voice Generator to aplikacja wykorzystuj\u0105ca sztuczn\u0105 inteligencj\u0119 do przekszta\u0142cania tekstu w realistyczn\u0105 mow\u0119 ludzk\u0105. Wykorzystuje zaawansowane sieci neuronowe i generatywn\u0105 sztuczn\u0105 inteligencj\u0119 do tworzenia wysokiej jako\u015bci d\u017awi\u0119ku, kt\u00f3ry mo\u017ce by\u0107 u\u017cywany w r\u00f3\u017cnych aplikacjach, od tworzenia tre\u015bci po lektor\u00f3w i nie tylko.<\/p>\n\n\n\n<h3 class=\"wp-block-heading\" id=\"why-use-an-ai-voice-generator\">Dlaczego warto korzysta\u0107 z generatora g\u0142osu AI?<\/h3>\n\n\n\n<p class=\"\">Korzystanie z generatora g\u0142osu AI oferuje liczne korzy\u015bci:<\/p>\n\n\n\n<ul class=\"wp-block-list\">\n<li class=\"\"><strong>100% Free<\/strong>: Wiele platform oferuje darmowe wersje dla u\u017cytkownik\u00f3w.<\/li>\n\n\n\n<li class=\"\"><strong>Nieograniczone u\u017cycie<\/strong>: Tworzenie dowolnej liczby lektor\u00f3w bez ogranicze\u0144.<\/li>\n\n\n\n<li class=\"\"><strong>Rejestracja nie jest wymagana<\/strong>: \u0141atwy dost\u0119p bez konieczno\u015bci posiadania konta.<\/li>\n\n\n\n<li class=\"\"><strong>Wysokiej jako\u015bci wyj\u015bcie<\/strong>: Tworzy g\u0142osy, kt\u00f3re brzmi\u0105 niemal identycznie jak ludzka mowa.<\/li>\n\n\n\n<li class=\"\"><strong>Szeroka obs\u0142uga j\u0119zyk\u00f3w i akcent\u00f3w<\/strong>: Mo\u017cliwo\u015b\u0107 generowania g\u0142os\u00f3w w wielu j\u0119zykach i z r\u00f3\u017cnymi akcentami.<\/li>\n\n\n\n<li class=\"\"><strong>Wydajno\u015b\u0107 i szybko\u015b\u0107<\/strong>: Szybko generuje d\u017awi\u0119k z tekstu, oszcz\u0119dzaj\u0105c czas i wysi\u0142ek.<\/li>\n\n\n\n<li class=\"\"><strong>Globalny zasi\u0119g odbiorc\u00f3w<\/strong>: Sprawia, \u017ce tre\u015b\u0107 jest dost\u0119pna dla szerszego grona odbiorc\u00f3w dzi\u0119ki obs\u0142udze r\u00f3\u017cnych j\u0119zyk\u00f3w.<\/li>\n<\/ul>\n\n\n\n<h3 class=\"wp-block-heading\" id=\"main-features-of-ai-voice-generators\">G\u0142\u00f3wne cechy generator\u00f3w g\u0142osu AI<\/h3>\n\n\n\n<h4 class=\"wp-block-heading\" id=\"text-to-speech-ai\">Sztuczna inteligencja przetwarzaj\u0105ca tekst na mow\u0119<\/h4>\n\n\n\n<p class=\"\">Konwertuje tekst pisany na s\u0142owa m\u00f3wione z naturalnie brzmi\u0105cymi g\u0142osami.<\/p>\n\n\n\n<h4 class=\"wp-block-heading\" id=\"ultra-realistic-voices\">Ultra realistyczne g\u0142osy<\/h4>\n\n\n\n<p class=\"\">Generuje g\u0142osy, kt\u00f3re s\u0105 nie do odr\u00f3\u017cnienia od prawdziwych ludzkich g\u0142os\u00f3w, zwi\u0119kszaj\u0105c wra\u017cenia s\u0142uchacza.<\/p>\n\n\n\n<h4 class=\"wp-block-heading\" id=\"generative-ai\">Generatywna sztuczna inteligencja<\/h4>\n\n\n\n<p class=\"\">Wykorzystuje zaawansowane modele sztucznej inteligencji do generowania zr\u00f3\u017cnicowanych i wysokiej jako\u015bci d\u017awi\u0119k\u00f3w.<\/p>\n\n\n\n<h4 class=\"wp-block-heading\" id=\"multiple-languages-and-accents\">Wiele j\u0119zyk\u00f3w i akcent\u00f3w<\/h4>\n\n\n\n<p class=\"\">Obs\u0142uguje szerok\u0105 gam\u0119 j\u0119zyk\u00f3w i akcent\u00f3w, zaspokajaj\u0105c potrzeby globalnej publiczno\u015bci.<\/p>\n\n\n\n<h4 class=\"wp-block-heading\" id=\"high-quality-voiceovers\">Wysokiej jako\u015bci lektorzy<\/h4>\n\n\n\n<p class=\"\">Tworzy profesjonalne podk\u0142ady g\u0142osowe odpowiednie do r\u00f3\u017cnych zastosowa\u0144, w tym film\u00f3w i prezentacji.<\/p>\n\n\n\n<h3 class=\"wp-block-heading\" id=\"who-should-use-ai-voice-generators\">Kto powinien korzysta\u0107 z generator\u00f3w g\u0142osu AI?<\/h3>\n\n\n\n<ul class=\"wp-block-list\">\n<li class=\"\"><strong>Tw\u00f3rcy tre\u015bci<\/strong>: Ulepsza wideo, podcasty i inne tre\u015bci multimedialne dzi\u0119ki realistycznym lektorom.<\/li>\n\n\n\n<li class=\"\"><strong>Nauczyciele<\/strong>: Konwertuje materia\u0142y edukacyjne do formatu audio, dzi\u0119ki czemu nauka staje si\u0119 bardziej dost\u0119pna.<\/li>\n\n\n\n<li class=\"\"><strong>Firmy<\/strong>: Poprawia obs\u0142ug\u0119 klienta dzi\u0119ki zautomatyzowanym, ale ludzkim odpowiedziom.<\/li>\n\n\n\n<li class=\"\"><strong>Marketerzy<\/strong>: Tworzy anga\u017cuj\u0105ce tre\u015bci audio na potrzeby reklam i medi\u00f3w spo\u0142eczno\u015bciowych.<\/li>\n<\/ul>\n\n\n\n<h3 class=\"wp-block-heading\" id=\"industry-uses-of-ai-voice-generators\">Bran\u017cowe zastosowania generator\u00f3w g\u0142osu AI<\/h3>\n\n\n\n<h4 class=\"wp-block-heading\" id=\"media-and-entertainment\">Media i rozrywka<\/h4>\n\n\n\n<p class=\"\">U\u017cywany do podk\u0142adania g\u0142osu w nagraniach wideo, filmach i animacjach.<\/p>\n\n\n\n<h4 class=\"wp-block-heading\" id=\"education\">Edukacja<\/h4>\n\n\n\n<p class=\"\">Pomaga w tworzeniu audiobook\u00f3w i tre\u015bci e-learningowych.<\/p>\n\n\n\n<h4 class=\"wp-block-heading\" id=\"customer-service\">Obs\u0142uga klienta<\/h4>\n\n\n\n<p class=\"\">Zasilaj\u0105 asystent\u00f3w g\u0142osowych i zautomatyzowane systemy obs\u0142ugi klienta.<\/p>\n\n\n\n<h4 class=\"wp-block-heading\" id=\"marketing\">Marketing<\/h4>\n\n\n\n<p class=\"\">Generuje reklamy audio i tre\u015bci promocyjne.<\/p>\n\n\n\n<h3 class=\"wp-block-heading\" id=\"how-to-use-an-ai-voice-generator\">Jak korzysta\u0107 z generatora g\u0142osu AI<\/h3>\n\n\n\n<ol class=\"wp-block-list\">\n<li class=\"\"><strong>Wybierz narz\u0119dzie<\/strong>: Wybierz narz\u0119dzie takie jak&nbsp;<a href=\"https:\/\/aiartfree.online\/pl\/generator-glosu-ai\/\">Generator g\u0142osu AI<\/a>.<\/li>\n\n\n\n<li class=\"\"><strong>Tekst wej\u015bciowy<\/strong>: Wprowad\u017a tekst, kt\u00f3ry chcesz przekonwertowa\u0107 na mow\u0119.<\/li>\n\n\n\n<li class=\"\"><strong>Wyb\u00f3r g\u0142osu i j\u0119zyka<\/strong>: Wybierz \u017c\u0105dane ustawienia g\u0142osu i j\u0119zyka.<\/li>\n\n\n\n<li class=\"\"><strong>Generowanie d\u017awi\u0119ku<\/strong>: Kliknij przycisk generowania, aby utworzy\u0107 lektora.<\/li>\n\n\n\n<li class=\"\"><strong>Pobieranie i u\u017cytkowanie<\/strong>: Pobierz wygenerowany plik audio dla swojego projektu.<\/li>\n<\/ol>\n\n\n\n<h3 class=\"wp-block-heading\" id=\"ai-voice-generator-usage-cases\">Przypadki u\u017cycia generatora g\u0142osu AI<\/h3>\n\n\n\n<h4 class=\"wp-block-heading\" id=\"content-creation\">Tworzenie tre\u015bci<\/h4>\n\n\n\n<p class=\"\">Tworzenie podk\u0142ad\u00f3w g\u0142osowych do film\u00f3w na YouTube, podcast\u00f3w i innych tre\u015bci multimedialnych.<\/p>\n\n\n\n<h4 class=\"wp-block-heading\" id=\"education-1\">Edukacja<\/h4>\n\n\n\n<p class=\"\">Generowanie wersji audio podr\u0119cznik\u00f3w i materia\u0142\u00f3w edukacyjnych.<\/p>\n\n\n\n<h4 class=\"wp-block-heading\" id=\"business-communication\">Komunikacja biznesowa<\/h4>\n\n\n\n<p class=\"\">Ulepszanie interaktywnych system\u00f3w odpowiedzi g\u0142osowych (IVR) za pomoc\u0105 realistycznych g\u0142os\u00f3w.<\/p>\n\n\n\n<h4 class=\"wp-block-heading\" id=\"marketing-2\">Marketing<\/h4>\n\n\n\n<p class=\"\">Produkcja reklam audio dla r\u00f3\u017cnych platform.<\/p>\n\n\n\n<h3 class=\"wp-block-heading\" id=\"top-10-ai-voice-generator-tools\">10 najlepszych narz\u0119dzi do generowania g\u0142osu AI<\/h3>\n\n\n\n<figure class=\"wp-block-table\"><table class=\"has-fixed-layout\"><thead><tr><th>Narz\u0119dzie<\/th><th>Cechy<\/th><th>Zalety<\/th><th>Wyzwania<\/th><th>URL<\/th><\/tr><\/thead><tbody><tr><td><strong>Generator g\u0142osu AI<\/strong><\/td><td>100% Darmowa, bez rejestracji, wysokiej jako\u015bci g\u0142osy<\/td><td>Nieograniczone u\u017cytkowanie, \u0142atwa obs\u0142uga<\/td><td>Ograniczone funkcje zaawansowane<\/td><td><a href=\"https:\/\/aiartfree.online\/pl\/generator-glosu-ai\/\">aiartfree.online\/ai-voice-generator<\/a><\/td><\/tr><tr><td><strong>Google zamiana tekstu na mow\u0119<\/strong><\/td><td>Obs\u0142uga wielu j\u0119zyk\u00f3w i akcent\u00f3w<\/td><td>Wyj\u015bcie wysokiej jako\u015bci<\/td><td>Wymaga konta Google<\/td><td>cloud.google.com\/text-to-speech<\/td><\/tr><tr><td><strong>Amazon Polly<\/strong><\/td><td>Szeroki zakres g\u0142os\u00f3w, przetwarzanie w czasie rzeczywistym<\/td><td>Skalowalno\u015b\u0107<\/td><td>Koszty mog\u0105 si\u0119 sumowa\u0107<\/td><td>aws.amazon.com\/polly<\/td><\/tr><tr><td><strong>IBM Watson - zamiana tekstu na mow\u0119<\/strong><\/td><td>Konfigurowalne g\u0142osy, wysoka jako\u015b\u0107<\/td><td>Zaawansowane funkcje<\/td><td>Struktura cenowa<\/td><td>ibm.com\/cloud\/watson-text-to-speech<\/td><\/tr><tr><td><strong>Microsoft Azure TTS<\/strong><\/td><td>G\u0142osy neuronowe, rozbudowane wsparcie j\u0119zykowe<\/td><td>Integracja z us\u0142ugami Azure<\/td><td>Wycena<\/td><td>azure.microsoft.com\/services\/cognitive-services\/text-to-speech<\/td><\/tr><tr><td><strong>iSpeech<\/strong><\/td><td>\u0141atwy w u\u017cyciu, wiele j\u0119zyk\u00f3w<\/td><td>Ograniczona wersja darmowa<\/td><td>&#8211;<\/td><td>ispeech.org<\/td><\/tr><tr><td><strong>ResponsiveVoice<\/strong><\/td><td>\u0141atwa integracja przez Internet<\/td><td>Podstawowe g\u0142osy<\/td><td>Ograniczone funkcje w wersji darmowej<\/td><td>responsivevoice.org<\/td><\/tr><tr><td><strong>NaturalReader<\/strong><\/td><td>Prosty interfejs, wysokiej jako\u015bci g\u0142osy<\/td><td>Dost\u0119p offline<\/td><td>Ograniczona personalizacja<\/td><td>naturalreaders.com<\/td><\/tr><tr><td><strong>Balabolka<\/strong><\/td><td>Darmowy, obs\u0142uguje r\u00f3\u017cne formaty<\/td><td>Podstawowy interfejs<\/td><td>&#8211;<\/td><td>balabolka.site<\/td><\/tr><tr><td><strong>ReadSpeaker<\/strong><\/td><td>Konfigurowalne, wysokiej jako\u015bci g\u0142osy<\/td><td>Zaawansowane funkcje<\/td><td>Koszt<\/td><td><a href=\"https:\/\/readspeaker.com\/\" target=\"_blank\" rel=\"noopener\">readspeaker.com<\/a><\/td><\/tr><\/tbody><\/table><\/figure>\n\n\n\n<h3 class=\"wp-block-heading\" id=\"industry-pros-and-cons\">Plusy i minusy bran\u017cy<\/h3>\n\n\n\n<h4 class=\"wp-block-heading\" id=\"pros\">Plusy<\/h4>\n\n\n\n<ul class=\"wp-block-list\">\n<li class=\"\"><strong>Dost\u0119pno\u015b\u0107<\/strong>: Udost\u0119pnia tre\u015bci u\u017cytkownikom niedowidz\u0105cym.<\/li>\n\n\n\n<li class=\"\"><strong>Wydajno\u015b\u0107<\/strong>: Oszcz\u0119dno\u015b\u0107 czasu przy tworzeniu tre\u015bci.<\/li>\n\n\n\n<li class=\"\"><strong>Op\u0142acalno\u015b\u0107<\/strong>: Zmniejsza zapotrzebowanie na ludzkich aktor\u00f3w g\u0142osowych.<\/li>\n\n\n\n<li class=\"\"><strong>Skalowalno\u015b\u0107<\/strong>: \u0141atwe skalowanie dla du\u017cych projekt\u00f3w.<\/li>\n<\/ul>\n\n\n\n<h4 class=\"wp-block-heading\" id=\"cons\">Wady<\/h4>\n\n\n\n<ul class=\"wp-block-list\">\n<li class=\"\"><strong>R\u00f3\u017cnice w jako\u015bci<\/strong>: Jako\u015b\u0107 mo\u017ce si\u0119 r\u00f3\u017cni\u0107 w zale\u017cno\u015bci od narz\u0119dzia.<\/li>\n\n\n\n<li class=\"\"><strong>Akcent i ograniczenia j\u0119zykowe<\/strong>: Nie wszystkie akcenty i j\u0119zyki s\u0105 jednakowo obs\u0142ugiwane.<\/li>\n\n\n\n<li class=\"\"><strong>Konfiguracja pocz\u0105tkowa<\/strong>: Niekt\u00f3re narz\u0119dzia wymagaj\u0105 nauki.<\/li>\n<\/ul>\n\n\n\n<h4 class=\"wp-block-heading\" id=\"advantages\">Zalety<\/h4>\n\n\n\n<ul class=\"wp-block-list\">\n<li class=\"\"><strong>Wysokiej jako\u015bci wyj\u015bcie<\/strong>: Zapewnia profesjonaln\u0105 jako\u015b\u0107 d\u017awi\u0119ku.<\/li>\n\n\n\n<li class=\"\"><strong>Personalizacja<\/strong>: Umo\u017cliwia dostosowanie g\u0142osu i j\u0119zyka.<\/li>\n\n\n\n<li class=\"\"><strong>Integracja<\/strong>: Mo\u017cliwo\u015b\u0107 integracji z r\u00f3\u017cnymi aplikacjami.<\/li>\n<\/ul>\n\n\n\n<h4 class=\"wp-block-heading\" id=\"challenges\">Wyzwania<\/h4>\n\n\n\n<ul class=\"wp-block-list\">\n<li class=\"\"><strong>Koszt<\/strong>: Zaawansowane funkcje mog\u0105 mie\u0107 swoj\u0105 cen\u0119.<\/li>\n\n\n\n<li class=\"\"><strong>Wymagania techniczne<\/strong>: Niekt\u00f3re narz\u0119dzia mog\u0105 wymaga\u0107 wiedzy technicznej.<\/li>\n\n\n\n<li class=\"\"><strong>Naturalno\u015b\u0107 g\u0142osu<\/strong>: Osi\u0105gni\u0119cie idealnej naturalno\u015bci mo\u017ce by\u0107 wyzwaniem.<\/li>\n<\/ul>\n\n\n\n<h4 class=\"wp-block-heading\" id=\"suggestions\">Sugestie<\/h4>\n\n\n\n<ul class=\"wp-block-list\">\n<li class=\"\"><strong>Wybierz odpowiednie narz\u0119dzie<\/strong>: Wybierz narz\u0119dzie, kt\u00f3re odpowiada Twoim potrzebom i bud\u017cetowi.<\/li>\n\n\n\n<li class=\"\"><strong>Eksperyment<\/strong>: Przetestuj r\u00f3\u017cne ustawienia, aby uzyska\u0107 najlepsze wyniki.<\/li>\n\n\n\n<li class=\"\"><strong>B\u0105d\u017a na bie\u017c\u0105co<\/strong>: B\u0105d\u017a na bie\u017c\u0105co z najnowszymi osi\u0105gni\u0119ciami w technologii g\u0142osowej AI.<\/li>\n<\/ul>\n\n\n\n<h3 class=\"wp-block-heading\" id=\"frequently-asked-questions\">Cz\u0119sto zadawane pytania<\/h3>\n\n\n\n<ol class=\"wp-block-list\">\n<li class=\"\"><strong>Jakiego generatora g\u0142osu AI u\u017cywaj\u0105 wszyscy?<\/strong><br>Wi\u0119kszo\u015b\u0107 os\u00f3b korzysta z narz\u0119dzi takich jak Google Text-to-Speech i Amazon Polly ze wzgl\u0119du na ich wysok\u0105 jako\u015b\u0107 i niezawodno\u015b\u0107.<\/li>\n\n\n\n<li class=\"\"><strong>Jak korzysta\u0107 z generatora g\u0142osu AI?<\/strong><br>Wybierz narz\u0119dzie, wprowad\u017a tekst, wybierz ustawienia g\u0142osu i j\u0119zyka, wygeneruj d\u017awi\u0119k i pobierz go.<\/li>\n\n\n\n<li class=\"\"><strong>Jaki jest najlepszy generator g\u0142osu AI?<\/strong><br>Najlepszy generator g\u0142osu AI zale\u017cy od potrzeb u\u017cytkownika, ale najlepsze opcje obejmuj\u0105 AI Voice Generator, Google Text-to-Speech i Amazon Polly.<\/li>\n\n\n\n<li class=\"\"><strong>Jak wygenerowa\u0107 g\u0142os AI?<\/strong><br>U\u017cyj narz\u0119dzia do generowania g\u0142osu AI, wprowad\u017a tekst, wybierz ustawienia i wygeneruj g\u0142os.<\/li>\n\n\n\n<li class=\"\"><strong>Jak stworzy\u0107 generator g\u0142osu AI?<\/strong><br>Stworzenie generatora g\u0142osu AI wymaga zaawansowanych umiej\u0119tno\u015bci programistycznych oraz wiedzy z zakresu uczenia maszynowego i sieci neuronowych.<\/li>\n\n\n\n<li class=\"\"><strong>Jakie s\u0105 najlepsze darmowe generatory g\u0142osu AI?<\/strong><br>AI Voice Generator i iSpeech to popularne darmowe opcje.<\/li>\n\n\n\n<li class=\"\"><strong>Czy generatory g\u0142osu AI mog\u0105 czyta\u0107 tekst na g\u0142os?<\/strong><br>Tak, generatory g\u0142osu AI mog\u0105 konwertowa\u0107 tekst na mow\u0119 i odczytywa\u0107 go na g\u0142os.<\/li>\n<\/ol>","protected":false},"excerpt":{"rendered":"<p>How to use the AI Voice Generator * Feel free to try our examples below if you don&#8217;t have any thoughts in your mind *&nbsp;Depending on your internet speed, loading the model may take up to 10 seconds \u2193 The Ultimate Guide to AI Voice Generators Outline AI Voice Generators have revolutionized the way we &#8230; <a title=\"Generator g\u0142osu AI\" class=\"read-more\" href=\"https:\/\/aiartfree.online\/pl\/generator-glosu-ai\/\" aria-label=\"Read more about AI Voice Generator\">Dowiedz si\u0119 wi\u0119cej<\/a><\/p>","protected":false},"author":1,"featured_media":3458,"parent":0,"menu_order":0,"comment_status":"open","ping_status":"closed","template":"","meta":{"nf_dc_page":"","footnotes":""},"class_list":["post-3351","page","type-page","status-publish","has-post-thumbnail"],"jetpack_sharing_enabled":true,"_links":{"self":[{"href":"https:\/\/aiartfree.online\/pl\/wp-json\/wp\/v2\/pages\/3351","targetHints":{"allow":["GET"]}}],"collection":[{"href":"https:\/\/aiartfree.online\/pl\/wp-json\/wp\/v2\/pages"}],"about":[{"href":"https:\/\/aiartfree.online\/pl\/wp-json\/wp\/v2\/types\/page"}],"author":[{"embeddable":true,"href":"https:\/\/aiartfree.online\/pl\/wp-json\/wp\/v2\/users\/1"}],"replies":[{"embeddable":true,"href":"https:\/\/aiartfree.online\/pl\/wp-json\/wp\/v2\/comments?post=3351"}],"version-history":[{"count":0,"href":"https:\/\/aiartfree.online\/pl\/wp-json\/wp\/v2\/pages\/3351\/revisions"}],"wp:featuredmedia":[{"embeddable":true,"href":"https:\/\/aiartfree.online\/pl\/wp-json\/wp\/v2\/media\/3458"}],"wp:attachment":[{"href":"https:\/\/aiartfree.online\/pl\/wp-json\/wp\/v2\/media?parent=3351"}],"curies":[{"name":"wp","href":"https:\/\/api.w.org\/{rel}","templated":true}]}}