{"id":3340,"date":"2024-07-30T15:52:48","date_gmt":"2024-07-30T15:52:48","guid":{"rendered":"https:\/\/aiartfree.online\/?page_id=3340"},"modified":"2024-08-02T10:02:12","modified_gmt":"2024-08-02T10:02:12","slug":"transcript","status":"publish","type":"page","link":"https:\/\/aiartfree.online\/pl\/transkrypcja\/","title":{"rendered":"Transkrypcja"},"content":{"rendered":"<h2 class=\"wp-block-heading\" id=\"how-to-use-transcript\" style=\"font-size:23px\">Jak korzysta\u0107 z Transcript<\/h2>\n\n\n\n<ol class=\"wp-block-list\">\n<li class=\"\">Wybierz <strong>Mikrofon<\/strong> lub <strong>Plik audio<\/strong> lub <strong>YouTube<\/strong> z g\u00f3rnej zak\u0142adki<\/li>\n\n\n\n<li class=\"\">Prze\u015blij swoj\u0105 zawarto\u015b\u0107<\/li>\n\n\n\n<li class=\"\">Wybierz opcj\u0119 \"Zwr\u00f3\u0107 znaczniki czasu\"<\/li>\n\n\n\n<li class=\"\">Kliknij \"Prze\u015blij\"<\/li>\n\n\n\n<li class=\"\">Czekaj, to jest to!<\/li>\n<\/ol>\n\n\n\n<p class=\"\">* <em>W zale\u017cno\u015bci od szybko\u015bci \u0142\u0105cza internetowego za\u0142adowanie modelu mo\u017ce potrwa\u0107 kilka sekund.<\/em> \u2193<\/p>\n\n\n\n<div class=\"iframe-wrapper\" style=\"position: relative; width: 100%; height: 1400px;\">\n  <div class=\"loading\" style=\"position: absolute; top: 50px; left: 50%; transform: translate(-50%, -50%); width: 40px; height: 40px; border: 3px solid #f0f0f0; border-top: 3px solid #db7093; border-radius: 50%; animation: spin 1s linear infinite;\"><\/div>\n  <iframe loading=\"lazy\" src=\"https:\/\/sanchit-gandhi-whisper-jax.hf.space\" frameborder=\"0\" width=\"100%\" height=\"100%\" style=\"position: absolute; top: 0; left: 0; opacity: 0; transition: opacity 0.3s;\" onload=\"this.style.opacity=1;this.previousElementSibling.style.display='none';\"><\/iframe>\n<\/div>\n\n<style>\n@keyframes spin {\n  0% { transform: translate(-50%, -50%) rotate(0deg); }\n  100% { transform: translate(-50%, -50%) rotate(360deg); }\n}\n<\/style>\n\n\n\n<div style=\"height:60px\" aria-hidden=\"true\" class=\"wp-block-spacer\"><\/div>\n\n\n\n<h2 class=\"wp-block-heading\" id=\"how-to-use-transcript-services-your-ultimate-guide\">Jak korzysta\u0107 z us\u0142ug transkrypcji: Tw\u00f3j najlepszy przewodnik<\/h2>\n\n\n\n<h3 class=\"wp-block-heading\" id=\"introduction\">Wprowadzenie<\/h3>\n\n\n\n<p class=\"\">Us\u0142ugi transkrypcji zrewolucjonizowa\u0142y spos\u00f3b, w jaki obs\u0142ugujemy tre\u015bci audio i wideo, konwertuj\u0105c wypowiadane s\u0142owa na tekst pisany. Niezale\u017cnie od tego, czy jeste\u015b studentem, profesjonalist\u0105 czy tw\u00f3rc\u0105 tre\u015bci, zrozumienie tajnik\u00f3w transkrypcji mo\u017ce znacznie zwi\u0119kszy\u0107 Twoj\u0105 produktywno\u015b\u0107 i dost\u0119pno\u015b\u0107.<\/p>\n\n\n\n<figure class=\"wp-block-image size-large is-resized\"><img data-recalc-dims=\"1\" data-dominant-color=\"b7aaa7\" data-has-transparency=\"false\" decoding=\"async\" width=\"1024\" height=\"640\"   loading=\"lazy\" src=\"https:\/\/i0.wp.com\/aiartfree.online\/wp-content\/uploads\/2024\/07\/WX20240730-200353%402x-1024x640.webp?resize=1024%2C640&#038;ssl=1\" alt=\"Nr 1 bezp\u0142atna i nieograniczona us\u0142uga transkrypcji. Bez rejestracji. Konwersja audio na tekst, transkrypcja film\u00f3w z YouTube, Uzyskaj transkrypcje ze szko\u0142y \u015bredniej i college&#039;u online\" class=\"wp-image-3345 not-transparent\" style=\"--dominant-color: #b7aaa7; width:578px;height:auto\" srcset=\"https:\/\/i0.wp.com\/aiartfree.online\/wp-content\/uploads\/2024\/07\/WX20240730-200353%402x.jpg?resize=1024%2C640&amp;ssl=1 1024w, https:\/\/i0.wp.com\/aiartfree.online\/wp-content\/uploads\/2024\/07\/WX20240730-200353%402x.jpg?resize=300%2C188&amp;ssl=1 300w, https:\/\/i0.wp.com\/aiartfree.online\/wp-content\/uploads\/2024\/07\/WX20240730-200353%402x.jpg?resize=768%2C480&amp;ssl=1 768w, https:\/\/i0.wp.com\/aiartfree.online\/wp-content\/uploads\/2024\/07\/WX20240730-200353%402x.jpg?resize=1536%2C960&amp;ssl=1 1536w, https:\/\/i0.wp.com\/aiartfree.online\/wp-content\/uploads\/2024\/07\/WX20240730-200353%402x.jpg?resize=18%2C12&amp;ssl=1 18w, https:\/\/i0.wp.com\/aiartfree.online\/wp-content\/uploads\/2024\/07\/WX20240730-200353%402x.jpg?resize=600%2C375&amp;ssl=1 600w, https:\/\/i0.wp.com\/aiartfree.online\/wp-content\/uploads\/2024\/07\/WX20240730-200353%402x.jpg?w=1808&amp;ssl=1 1808w\" sizes=\"auto, (max-width: 1024px) 100vw, 1024px\" \/><\/figure>\n\n\n\n<div class=\"wp-block-rank-math-toc-block\" id=\"rank-math-toc\"><h3>Spis tre\u015bci<\/h3><nav><ul><li><a href=\"#introduction\">Wprowadzenie<\/a><\/li><li><a href=\"#what-is-transcript\">Co to jest transkrypcja?<\/a><\/li><li><a href=\"#why-use-transcript-services\">Dlaczego warto korzysta\u0107 z us\u0142ug transkrypcji?<\/a><\/li><li><a href=\"#main-features-of-transcript-services\">G\u0142\u00f3wne cechy us\u0142ug transkrypcji<\/a><ul><li><a href=\"#100-free\">100% Free<\/a><\/li><li><a href=\"#unlimited-transcription\">Nieograniczona transkrypcja<\/a><\/li><li><a href=\"#no-1-choice\">Wyb\u00f3r nr 1<\/a><\/li><li><a href=\"#no-sign-up-required\">Rejestracja nie jest wymagana<\/a><\/li><\/ul><\/li><li><a href=\"#who-should-use-transcription-services\">Kto powinien korzysta\u0107 z us\u0142ug transkrypcji?<\/a><\/li><li><a href=\"#industries-benefiting-from-transcription-services\">Bran\u017ce korzystaj\u0105ce z us\u0142ug transkrypcji<\/a><\/li><li><a href=\"#how-to-use-transcription-services-step-by-step\">Jak korzysta\u0107 z us\u0142ug transkrypcji: Krok po kroku<\/a><\/li><li><a href=\"#use-cases-of-transcription-services\">Przypadki u\u017cycia us\u0142ug transkrypcji<\/a><\/li><li><a href=\"#top-10-transcription-tools-and-resources\">10 najlepszych narz\u0119dzi i zasob\u00f3w do transkrypcji<\/a><\/li><li><a href=\"#advantages-disadvantages-and-challenges-in-the-transcription-industry\">Zalety, wady i wyzwania w bran\u017cy transkrypcji<\/a><ul><li><a href=\"#advantages\">Zalety<\/a><\/li><li><a href=\"#disadvantages\">Wady<\/a><\/li><li><a href=\"#challenges\">Wyzwania<\/a><\/li><\/ul><\/li><li><a href=\"#frequently-asked-questions-faq\">Cz\u0119sto zadawane pytania (FAQ)<\/a><\/li><li><a href=\"#conclusion\">Wnioski<\/a><\/li><\/ul><\/nav><\/div>\n\n\n\n<h3 class=\"wp-block-heading\" id=\"what-is-transcript\">Co to jest transkrypcja?<\/h3>\n\n\n\n<p class=\"\">Transkrypcja to proces przekszta\u0142cania j\u0119zyka m\u00f3wionego w tekst pisany. Us\u0142uga ta mo\u017ce by\u0107 wykorzystywana do transkrypcji r\u00f3\u017cnych form audio, w tym wywiad\u00f3w, wyk\u0142ad\u00f3w, podcast\u00f3w i film\u00f3w, na czytelne dokumenty.<\/p>\n\n\n\n<h3 class=\"wp-block-heading\" id=\"why-use-transcript-services\">Dlaczego warto korzysta\u0107 z us\u0142ug transkrypcji?<\/h3>\n\n\n\n<p class=\"\">Us\u0142ugi transkrypcji oferuj\u0105 liczne korzy\u015bci:<\/p>\n\n\n\n<ul class=\"wp-block-list\">\n<li class=\"\"><strong>Dost\u0119pno\u015b\u0107:<\/strong> Transkrypcje sprawiaj\u0105, \u017ce tre\u015bci s\u0105 dost\u0119pne dla os\u00f3b niedos\u0142ysz\u0105cych.<\/li>\n\n\n\n<li class=\"\"><strong>Mo\u017cliwo\u015b\u0107 wyszukiwania:<\/strong> Dokumenty tekstowe mo\u017cna \u0142atwo przeszukiwa\u0107, indeksowa\u0107 i odwo\u0142ywa\u0107 si\u0119 do nich.<\/li>\n\n\n\n<li class=\"\"><strong>Dok\u0142adno\u015b\u0107:<\/strong> Profesjonalne us\u0142ugi transkrypcji zapewniaj\u0105 wysok\u0105 dok\u0142adno\u015b\u0107 transkrybowanych tre\u015bci.<\/li>\n\n\n\n<li class=\"\"><strong>Wydajno\u015b\u0107:<\/strong> Oszcz\u0119dno\u015b\u0107 czasu w por\u00f3wnaniu z r\u0119cznym przepisywaniem.<\/li>\n<\/ul>\n\n\n\n<h3 class=\"wp-block-heading\" id=\"main-features-of-transcript-services\">G\u0142\u00f3wne cechy us\u0142ug transkrypcji<\/h3>\n\n\n\n<h4 class=\"wp-block-heading\" id=\"100-free\">100% Free<\/h4>\n\n\n\n<p class=\"\">Wiele us\u0142ug transkrypcji oferuje bezp\u0142atne plany, dzi\u0119ki czemu s\u0105 one dost\u0119pne dla wszystkich bez ogranicze\u0144 finansowych.<\/p>\n\n\n\n<h4 class=\"wp-block-heading\" id=\"unlimited-transcription\">Nieograniczona transkrypcja<\/h4>\n\n\n\n<p class=\"\">Niekt\u00f3re us\u0142ugi zapewniaj\u0105 nieograniczone mo\u017cliwo\u015bci transkrypcji, umo\u017cliwiaj\u0105c u\u017cytkownikom transkrypcj\u0119 dowolnej liczby plik\u00f3w.<\/p>\n\n\n\n<h4 class=\"wp-block-heading\" id=\"no-1-choice\">Wyb\u00f3r nr 1<\/h4>\n\n\n\n<p class=\"\">Wiod\u0105ce us\u0142ugi transkrypcji s\u0105 cz\u0119sto oceniane jako najlepszy wyb\u00f3r ze wzgl\u0119du na ich niezawodno\u015b\u0107, dok\u0142adno\u015b\u0107 i \u0142atwo\u015b\u0107 u\u017cytkowania.<\/p>\n\n\n\n<h4 class=\"wp-block-heading\" id=\"no-sign-up-required\">Rejestracja nie jest wymagana<\/h4>\n\n\n\n<p class=\"\">Wygoda jest kluczow\u0105 cech\u0105, a niekt\u00f3re platformy oferuj\u0105 us\u0142ugi transkrypcji bez konieczno\u015bci rejestracji.<\/p>\n\n\n\n<h3 class=\"wp-block-heading\" id=\"who-should-use-transcription-services\">Kto powinien korzysta\u0107 z us\u0142ug transkrypcji?<\/h3>\n\n\n\n<p class=\"\">Us\u0142ugi transkrypcji s\u0105 idealne dla:<\/p>\n\n\n\n<ul class=\"wp-block-list\">\n<li class=\"\"><strong>Studenci:<\/strong> Przekszta\u0142canie wyk\u0142ad\u00f3w i dyskusji w notatki.<\/li>\n\n\n\n<li class=\"\"><strong>Profesjonali\u015bci:<\/strong> Do tworzenia protoko\u0142\u00f3w ze spotka\u0144 i transkrypcji wywiad\u00f3w.<\/li>\n\n\n\n<li class=\"\"><strong>Tw\u00f3rcy tre\u015bci:<\/strong> Generowanie tre\u015bci tekstowych z podcast\u00f3w i film\u00f3w.<\/li>\n\n\n\n<li class=\"\"><strong>Badacze:<\/strong> Do dokumentowania historii m\u00f3wionych i wywiad\u00f3w.<\/li>\n<\/ul>\n\n\n\n<h3 class=\"wp-block-heading\" id=\"industries-benefiting-from-transcription-services\">Bran\u017ce korzystaj\u0105ce z us\u0142ug transkrypcji<\/h3>\n\n\n\n<p class=\"\">Us\u0142ugi transkrypcji s\u0105 korzystne w r\u00f3\u017cnych bran\u017cach, takich jak:<\/p>\n\n\n\n<ul class=\"wp-block-list\">\n<li class=\"\"><strong>Edukacja:<\/strong> Do transkrypcji wyk\u0142ad\u00f3w i dokumentacji badawczej.<\/li>\n\n\n\n<li class=\"\"><strong>Media:<\/strong> Transkrypcja wywiad\u00f3w i tworzenie napis\u00f3w.<\/li>\n\n\n\n<li class=\"\"><strong>Prawne:<\/strong> Stenogramy s\u0105dowe i dokumentacja prawna.<\/li>\n\n\n\n<li class=\"\"><strong>Opieka zdrowotna:<\/strong> Do przepisywania dyktand medycznych i dokumentacji pacjent\u00f3w.<\/li>\n<\/ul>\n\n\n\n<h3 class=\"wp-block-heading\" id=\"how-to-use-transcription-services-step-by-step\">Jak korzysta\u0107 z us\u0142ug transkrypcji: Krok po kroku<\/h3>\n\n\n\n<ol class=\"wp-block-list\">\n<li class=\"\"><strong>Wybierz us\u0142ug\u0119:<\/strong> Wybierz us\u0142ug\u0119 transkrypcji, kt\u00f3ra odpowiada Twoim potrzebom. Zalecane narz\u0119dzie: <a href=\"https:\/\/aiartfree.online\/pl\/transkrypcja\/\">https:\/\/aiartfree.online\/transcript<\/a>.<\/li>\n\n\n\n<li class=\"\"><strong>Prze\u015blij plik audio\/wideo:<\/strong> Prze\u015blij plik, kt\u00f3ry chcesz transkrybowa\u0107.<\/li>\n\n\n\n<li class=\"\"><strong>Ustaw preferencje:<\/strong> Wybierz \u017c\u0105dane ustawienia, takie jak j\u0119zyk, format i wszelkie specjalne wymagania.<\/li>\n\n\n\n<li class=\"\"><strong>Rozpocznij transkrypcj\u0119:<\/strong> Rozpocz\u0119cie procesu transkrypcji.<\/li>\n\n\n\n<li class=\"\"><strong>Przegl\u0105d i edycja:<\/strong> Po zako\u0144czeniu transkrypcji przejrzyj j\u0105 i dokonaj niezb\u0119dnych zmian.<\/li>\n\n\n\n<li class=\"\"><strong>Pobierz i u\u017cywaj:<\/strong> Pobierz ostateczn\u0105 transkrypcj\u0119 do w\u0142asnego u\u017cytku.<\/li>\n<\/ol>\n\n\n\n<h3 class=\"wp-block-heading\" id=\"use-cases-of-transcription-services\">Przypadki u\u017cycia us\u0142ug transkrypcji<\/h3>\n\n\n\n<ul class=\"wp-block-list\">\n<li class=\"\"><strong>Badania naukowe:<\/strong> Transkrypcja wywiad\u00f3w do bada\u0144 jako\u015bciowych.<\/li>\n\n\n\n<li class=\"\"><strong>Tworzenie tre\u015bci:<\/strong> Generowanie wpis\u00f3w na blogu i artyku\u0142\u00f3w z podcast\u00f3w.<\/li>\n\n\n\n<li class=\"\"><strong>Dokumentacja prawna:<\/strong> Transkrypcja zezna\u0144 i post\u0119powa\u0144 s\u0105dowych.<\/li>\n\n\n\n<li class=\"\"><strong>Spotkania biznesowe:<\/strong> Tworzenie szczeg\u00f3\u0142owych protoko\u0142\u00f3w ze spotka\u0144.<\/li>\n<\/ul>\n\n\n\n<h3 class=\"wp-block-heading\" id=\"top-10-transcription-tools-and-resources\">10 najlepszych narz\u0119dzi i zasob\u00f3w do transkrypcji<\/h3>\n\n\n\n<p class=\"\">Oto tabela podsumowuj\u0105ca 10 najlepszych narz\u0119dzi do transkrypcji i ich funkcje:<\/p>\n\n\n\n<figure class=\"wp-block-table\"><table class=\"has-fixed-layout\"><thead><tr><th>Narz\u0119dzie\/strona internetowa<\/th><th>Cechy<\/th><th>Plusy<\/th><th>Wady<\/th><th>URL<\/th><\/tr><\/thead><tbody><tr><td><strong>AI Art Free<\/strong><\/td><td>Transkrypcja audio na tekst, transkrypcja wideo<\/td><td>Bezp\u0142atnie, bez rejestracji, bez ogranicze\u0144<\/td><td>Ograniczona personalizacja<\/td><td><a href=\"https:\/\/aiartfree.online\/pl\/transkrypcja\/\">Link<\/a><\/td><\/tr><tr><td><strong>TranscribeMe<\/strong><\/td><td>Wysoka dok\u0142adno\u015b\u0107, transkrypcja przez cz\u0142owieka i sztuczn\u0105 inteligencj\u0119<\/td><td>Niezawodno\u015b\u0107, wiele format\u00f3w<\/td><td>Us\u0142uga p\u0142atna<\/td><td><a href=\"https:\/\/www.transcribeme.com\" target=\"_blank\" rel=\"noopener\">Link<\/a><\/td><\/tr><tr><td><strong>Otter.ai<\/strong><\/td><td>Transkrypcja w czasie rzeczywistym, narz\u0119dzia do wsp\u00f3\u0142pracy<\/td><td>\u0141atwa w u\u017cyciu aplikacja mobilna<\/td><td>Ograniczony bezp\u0142atny plan<\/td><td><a href=\"https:\/\/otter.ai\" target=\"_blank\" rel=\"noopener\">Link<\/a><\/td><\/tr><tr><td><strong>Sonix<\/strong><\/td><td>Automatyczna transkrypcja, obs\u0142uga wielu j\u0119zyk\u00f3w<\/td><td>Szybki, dok\u0142adny<\/td><td>Wymagana subskrypcja<\/td><td><a href=\"https:\/\/sonix.ai\" target=\"_blank\" rel=\"noopener\">Link<\/a><\/td><\/tr><tr><td><strong>ks<\/strong><\/td><td>Transkrypcja ludzka, napisy<\/td><td>Wysoka jako\u015b\u0107, szybka realizacja<\/td><td>Drogie<\/td><td><a href=\"https:\/\/www.rev.com\" target=\"_blank\" rel=\"noopener\">Link<\/a><\/td><\/tr><tr><td><strong>Temi<\/strong><\/td><td>Przyst\u0119pna cenowo automatyczna transkrypcja<\/td><td>Szybki, przyjazny dla u\u017cytkownika<\/td><td>Nie zawsze dok\u0142adne<\/td><td><a href=\"https:\/\/www.temi.com\" target=\"_blank\" rel=\"noopener\">Link<\/a><\/td><\/tr><tr><td><strong>Opis<\/strong><\/td><td>Edycja audio i wideo, transkrypcja<\/td><td>Wszechstronny, wydajny<\/td><td>Krzywa uczenia si\u0119<\/td><td><a href=\"https:\/\/www.descript.com\" target=\"_blank\" rel=\"noopener\">Link<\/a><\/td><\/tr><tr><td><strong>Trint<\/strong><\/td><td>Narz\u0119dzia do transkrypcji i edycji oparte na sztucznej inteligencji<\/td><td>Dok\u0142adno\u015b\u0107, elastyczno\u015b\u0107<\/td><td>Drogie<\/td><td><a href=\"https:\/\/trint.com\" target=\"_blank\" rel=\"noopener\">Link<\/a><\/td><\/tr><tr><td><strong>Szcz\u0119\u015bliwy skryba<\/strong><\/td><td>Wieloj\u0119zyczne narz\u0119dzia do wsp\u00f3\u0142pracy<\/td><td>Dok\u0142adne, dobre wsparcie<\/td><td>Wymagana subskrypcja<\/td><td><a href=\"https:\/\/www.happyscribe.com\" target=\"_blank\" rel=\"noopener\">Link<\/a><\/td><\/tr><tr><td><strong>Scribie<\/strong><\/td><td>Transkrypcja r\u0119czna i automatyczna<\/td><td>Przyst\u0119pny cenowo, dok\u0142adny<\/td><td>Ograniczony bezp\u0142atny plan<\/td><td><a href=\"https:\/\/www.scribie.com\" target=\"_blank\" rel=\"noopener\">Link<\/a><\/td><\/tr><\/tbody><\/table><\/figure>\n\n\n\n<h3 class=\"wp-block-heading\" id=\"advantages-disadvantages-and-challenges-in-the-transcription-industry\">Zalety, wady i wyzwania w bran\u017cy transkrypcji<\/h3>\n\n\n\n<h4 class=\"wp-block-heading\" id=\"advantages\">Zalety<\/h4>\n\n\n\n<ul class=\"wp-block-list\">\n<li class=\"\"><strong>Ulepszona dost\u0119pno\u015b\u0107:<\/strong> Sprawia, \u017ce tre\u015b\u0107 jest dost\u0119pna dla ka\u017cdego.<\/li>\n\n\n\n<li class=\"\"><strong>Zwi\u0119kszona produktywno\u015b\u0107:<\/strong> Oszcz\u0119dza czas i wysi\u0142ek zwi\u0105zany z konwersj\u0105 mowy na tekst.<\/li>\n\n\n\n<li class=\"\"><strong>Lepsza dokumentacja:<\/strong> Dok\u0142adne zapisy spotka\u0144, rozm\u00f3w i nie tylko.<\/li>\n<\/ul>\n\n\n\n<h4 class=\"wp-block-heading\" id=\"disadvantages\">Wady<\/h4>\n\n\n\n<ul class=\"wp-block-list\">\n<li class=\"\"><strong>Koszt:<\/strong> Niekt\u00f3re us\u0142ugi mog\u0105 by\u0107 drogie.<\/li>\n\n\n\n<li class=\"\"><strong>Problemy z dok\u0142adno\u015bci\u0105:<\/strong> Zautomatyzowane us\u0142ugi mog\u0105 nie zawsze by\u0107 dok\u0142adne.<\/li>\n\n\n\n<li class=\"\"><strong>Obawy dotycz\u0105ce prywatno\u015bci:<\/strong> Obchodzenie si\u0119 z poufnymi informacjami mo\u017ce stanowi\u0107 problem.<\/li>\n<\/ul>\n\n\n\n<h4 class=\"wp-block-heading\" id=\"challenges\">Wyzwania<\/h4>\n\n\n\n<ul class=\"wp-block-list\">\n<li class=\"\"><strong>Zmienno\u015b\u0107 mowy:<\/strong> Akcenty, dialekty i niska jako\u015b\u0107 d\u017awi\u0119ku mog\u0105 wp\u0142ywa\u0107 na dok\u0142adno\u015b\u0107.<\/li>\n\n\n\n<li class=\"\"><strong>Ograniczenia techniczne:<\/strong> Transkrypcja AI wci\u0105\u017c zmaga si\u0119 z kontekstem i homofonami.<\/li>\n<\/ul>\n\n\n\n<h3 class=\"wp-block-heading\" id=\"frequently-asked-questions-faq\">Cz\u0119sto zadawane pytania (FAQ)<\/h3>\n\n\n\n<ol class=\"wp-block-list\">\n<li class=\"\"><strong>Gdzie odbywa si\u0119 transkrypcja?<\/strong> Transkrypcja wyst\u0119puje wsz\u0119dzie tam, gdzie istnieje potrzeba konwersji j\u0119zyka m\u00f3wionego na tekst, cz\u0119sto wykonywana za pomoc\u0105 us\u0142ug transkrypcji i oprogramowania.<\/li>\n\n\n\n<li class=\"\"><strong>Jak uzyska\u0107 transkrypcje ze szko\u0142y \u015bredniej?<\/strong> Mo\u017cesz uzyska\u0107 transkrypcje ze szko\u0142y \u015bredniej, kontaktuj\u0105c si\u0119 z biurem administracyjnym swojej szko\u0142y lub uzyskuj\u0105c dost\u0119p do ich portalu internetowego.<\/li>\n\n\n\n<li class=\"\"><strong>Czym jest transkrypcja?<\/strong> Transkrypcja to proces przekszta\u0142cania j\u0119zyka m\u00f3wionego w tekst pisany.<\/li>\n\n\n\n<li class=\"\"><strong>Gdzie odbywa si\u0119 transkrypcja?<\/strong> Transkrypcja odbywa si\u0119 w r\u00f3\u017cnych \u015brodowiskach, w tym w szko\u0142ach, biurach i u dostawc\u00f3w us\u0142ug transkrypcji.<\/li>\n\n\n\n<li class=\"\"><strong>Jak uzyska\u0107 transkrypcj\u0119 z Aeries?<\/strong> Aby uzyska\u0107 transkrypcj\u0119 z Aeries, zaloguj si\u0119 na swoje konto Aeries, przejd\u017a do sekcji transkrypcji i post\u0119puj zgodnie z instrukcjami, aby poprosi\u0107 o transkrypcj\u0119.<\/li>\n\n\n\n<li class=\"\"><strong>Jakie s\u0105 rodzaje transkrypcji?<\/strong> Rodzaje transkrypcji obejmuj\u0105 transkrypcje akademickie, medyczne, prawne i medialne.<\/li>\n\n\n\n<li class=\"\"><strong>Jak transkrybowa\u0107 filmy z YouTube?<\/strong> U\u017cyj narz\u0119dzi takich jak <a href=\"https:\/\/aiartfree.online\/pl\/transkrypcja\/\">https:\/\/aiartfree.online\/transcript<\/a> do przesy\u0142ania film\u00f3w z YouTube i uzyskiwania transkrypcji.<\/li>\n\n\n\n<li class=\"\"><strong>Czym jest transkrypcja IRS?<\/strong> Transkrypcja IRS to podsumowanie informacji o zeznaniu podatkowym dostarczone przez Internal Revenue Service.<\/li>\n\n\n\n<li class=\"\"><strong>Jak uzyska\u0107 transkrypcje ze studi\u00f3w?<\/strong> Popro\u015b o transkrypcje z uczelni w biurze rejestracyjnym swojej instytucji lub w ich us\u0142ugach online.<\/li>\n\n\n\n<li class=\"\"><strong>Czym s\u0105 zadania zwi\u0105zane z transkrypcj\u0105?<\/strong> Prace zwi\u0105zane z transkrypcj\u0105 obejmuj\u0105 s\u0142uchanie nagra\u0144 audio i wpisywanie tego, co zosta\u0142o us\u0142yszane, do formatu pisemnego.<\/li>\n<\/ol>\n\n\n\n<h3 class=\"wp-block-heading\" id=\"conclusion\">Wnioski<\/h3>\n\n\n\n<p class=\"\">Us\u0142ugi transkrypcji oferuj\u0105 niezliczone korzy\u015bci, od poprawy dost\u0119pno\u015bci po zwi\u0119kszenie produktywno\u015bci. Dzi\u0119ki narz\u0119dziom takim jak <a href=\"https:\/\/aiartfree.online\/pl\/transkrypcja\/\">https:\/\/aiartfree.online\/transcript<\/a>, mo\u017cesz bez wysi\u0142ku konwertowa\u0107 pliki audio i wideo na tekst. Zapoznaj si\u0119 z najlepszymi narz\u0119dziami, poznaj ich funkcje i wybierz odpowiedni\u0105 us\u0142ug\u0119 dla swoich potrzeb. Zacznij transkrybowa\u0107 ju\u017c dzi\u015b i uwolnij pe\u0142ny potencja\u0142 swoich tre\u015bci!<\/p>\n\n\n\n<p class=\"\">Odwied\u017a <a href=\"https:\/\/aiartfree.online\/pl\/transkrypcja\/\">https:\/\/aiartfree.online\/transcript<\/a> teraz, aby do\u015bwiadczy\u0107 najlepszej bezp\u0142atnej i nieograniczonej us\u0142ugi transkrypcji bez konieczno\u015bci rejestracji!<\/p>","protected":false},"excerpt":{"rendered":"<p>How to use Transcript * Depending on your internet speed, loading the model may take a few seconds. \u2193 How to Use Transcript Services: Your Ultimate Guide Introduction Transcription services have revolutionized the way we handle audio and video content by converting spoken words into written text. Whether you&#8217;re a student, professional, or content creator, &#8230; <a title=\"Transkrypcja\" class=\"read-more\" href=\"https:\/\/aiartfree.online\/pl\/transkrypcja\/\" aria-label=\"Read more about Transcript\">Dowiedz si\u0119 wi\u0119cej<\/a><\/p>","protected":false},"author":1,"featured_media":3345,"parent":0,"menu_order":0,"comment_status":"open","ping_status":"closed","template":"","meta":{"nf_dc_page":"","footnotes":""},"class_list":["post-3340","page","type-page","status-publish","has-post-thumbnail"],"jetpack_sharing_enabled":true,"_links":{"self":[{"href":"https:\/\/aiartfree.online\/pl\/wp-json\/wp\/v2\/pages\/3340","targetHints":{"allow":["GET"]}}],"collection":[{"href":"https:\/\/aiartfree.online\/pl\/wp-json\/wp\/v2\/pages"}],"about":[{"href":"https:\/\/aiartfree.online\/pl\/wp-json\/wp\/v2\/types\/page"}],"author":[{"embeddable":true,"href":"https:\/\/aiartfree.online\/pl\/wp-json\/wp\/v2\/users\/1"}],"replies":[{"embeddable":true,"href":"https:\/\/aiartfree.online\/pl\/wp-json\/wp\/v2\/comments?post=3340"}],"version-history":[{"count":0,"href":"https:\/\/aiartfree.online\/pl\/wp-json\/wp\/v2\/pages\/3340\/revisions"}],"wp:featuredmedia":[{"embeddable":true,"href":"https:\/\/aiartfree.online\/pl\/wp-json\/wp\/v2\/media\/3345"}],"wp:attachment":[{"href":"https:\/\/aiartfree.online\/pl\/wp-json\/wp\/v2\/media?parent=3340"}],"curies":[{"name":"wp","href":"https:\/\/api.w.org\/{rel}","templated":true}]}}