{"id":3319,"date":"2024-07-30T11:47:20","date_gmt":"2024-07-30T11:47:20","guid":{"rendered":"https:\/\/aiartfree.online\/?page_id=3319"},"modified":"2025-03-07T08:27:06","modified_gmt":"2025-03-07T08:27:06","slug":"youtube-transcript","status":"publish","type":"page","link":"https:\/\/aiartfree.online\/pl\/transkrypcja-youtube\/","title":{"rendered":"Transkrypcja YouTube"},"content":{"rendered":"<h2 class=\"wp-block-heading\" style=\"font-size:23px\">Jak korzysta\u0107 z transkrypcji YouTube<\/h2>\n\n\n\n<ol class=\"wp-block-list\">\n<li class=\"\">Wybierz <strong>YouTube<\/strong> z g\u00f3rnej zak\u0142adki<\/li>\n\n\n\n<li class=\"\">Wklej sw\u00f3j adres URL YouTube<\/li>\n\n\n\n<li class=\"\">Wybierz opcj\u0119 \"Zwr\u00f3\u0107 znaczniki czasu\"<\/li>\n\n\n\n<li class=\"\">Kliknij \"Prze\u015blij\"<\/li>\n\n\n\n<li class=\"\">Czekaj, to jest to!<\/li>\n<\/ol>\n\n\n\n<figure class=\"gb-block-image gb-block-image-4dfafe81\"><a href=\"https:\/\/fas.st\/t\/XmtmoHSk\" target=\"_blank\" rel=\"noopener noreferrer\"><img data-recalc-dims=\"1\" decoding=\"async\" loading=\"lazy\" width=\"1200\" height=\"368\" class=\"gb-image gb-image-4dfafe81\" src=\"https:\/\/i0.wp.com\/aiartfree.online\/wp-content\/uploads\/2025\/03\/WX20250307-114300%402x.webp?resize=1200%2C368&#038;ssl=1\" alt=\"\" title=\"WX20250307-114300@2x\" srcset=\"https:\/\/i0.wp.com\/aiartfree.online\/wp-content\/uploads\/2025\/03\/WX20250307-114300%402x.webp?w=1900&amp;ssl=1 1900w, https:\/\/i0.wp.com\/aiartfree.online\/wp-content\/uploads\/2025\/03\/WX20250307-114300%402x.webp?resize=300%2C92&amp;ssl=1 300w, https:\/\/i0.wp.com\/aiartfree.online\/wp-content\/uploads\/2025\/03\/WX20250307-114300%402x.webp?resize=1024%2C314&amp;ssl=1 1024w, https:\/\/i0.wp.com\/aiartfree.online\/wp-content\/uploads\/2025\/03\/WX20250307-114300%402x.webp?resize=768%2C235&amp;ssl=1 768w, https:\/\/i0.wp.com\/aiartfree.online\/wp-content\/uploads\/2025\/03\/WX20250307-114300%402x.webp?resize=1536%2C471&amp;ssl=1 1536w, https:\/\/i0.wp.com\/aiartfree.online\/wp-content\/uploads\/2025\/03\/WX20250307-114300%402x.webp?resize=18%2C6&amp;ssl=1 18w, https:\/\/i0.wp.com\/aiartfree.online\/wp-content\/uploads\/2025\/03\/WX20250307-114300%402x.webp?resize=600%2C184&amp;ssl=1 600w\" sizes=\"auto, (max-width: 1200px) 100vw, 1200px\" \/><\/a><\/figure>\n\n\n\n<p class=\"\">* <em>W zale\u017cno\u015bci od szybko\u015bci \u0142\u0105cza internetowego za\u0142adowanie modelu mo\u017ce potrwa\u0107 kilka sekund.<\/em> \u2193<\/p>\n\n\n\n<style>\n  .iframe-container {\n    text-align: center;\n    border: 2px solid;\n    border-image-source: linear-gradient(to right, #16b86c, #912899);\n    border-image-slice: 1;\n    box-shadow: 0 0 10px rgba(0, 0, 0, 0.1);\n    border-radius: 15px;\n    position: relative; \/* \u4f7f loader \u7edd\u5bf9\u5b9a\u4f4d\u6709\u6548 *\/\n  }\n  .loader {\n    position: absolute;\n    top: 100px;\n    left: 50%;\n    transform: translate(-50%, -50%);\n    width: 40px;\n    height: 40px;\n    border: 4px solid #f3f3f3;\n    border-top: 4px solid #9834db;\n    border-radius: 50%;\n    animation: spin 1s linear infinite;\n  }\n  @keyframes spin {\n    0% { transform: translate(-50%, -50%) rotate(0deg); }\n    100% { transform: translate(-50%, -50%) rotate(360deg); }\n  }\n  iframe {\n    width: 100%;\n    height: 1550px;\n    border: none;\n    display: inline-block;\n    margin: 0 auto;\n    opacity: 0;\n    transition: opacity 0.3s ease;\n  }\n<\/style>\n\n<div class=\"iframe-container\">\n  <div id=\"loader\" class=\"loader\"><\/div>\n  <iframe\n    src=\"https:\/\/sanchit-gandhi-whisper-jax.hf.space\"\n    frameborder=\"0\"\n    onload=\"this.style.opacity=1;document.getElementById('loader').style.display='none';\"\n  ><\/iframe>\n<\/div>\n\n\n\n<div style=\"height:60px\" aria-hidden=\"true\" class=\"wp-block-spacer\"><\/div>\n\n\n\n<h2 class=\"wp-block-heading\">Kompletny przewodnik po transkrypcjach YouTube<\/h2>\n\n\n\n<h3 class=\"wp-block-heading\">Spis tre\u015bci<\/h3>\n\n\n\n<ol class=\"wp-block-list\">\n<li class=\"\"><a href=\"#introduction\">Wprowadzenie<\/a><\/li>\n\n\n\n<li class=\"\"><a href=\"#what-is-a-youtube-transcript\">Czym jest transkrypcja YouTube?<\/a><\/li>\n\n\n\n<li class=\"\"><a href=\"#why-use-youtube-transcripts\">Dlaczego warto korzysta\u0107 z transkrypcji YouTube?<\/a><\/li>\n\n\n\n<li class=\"\"><a href=\"#main-features-of-youtube-transcripts\">G\u0142\u00f3wne cechy transkrypcji YouTube<\/a>\n<ul class=\"wp-block-list\">\n<li class=\"\"><a href=\"#transcription-accuracy\">Dok\u0142adno\u015b\u0107 transkrypcji<\/a><\/li>\n\n\n\n<li class=\"\"><a href=\"#time-stamped-transcripts\">Transkrypcje ze znacznikiem czasu<\/a><\/li>\n\n\n\n<li class=\"\"><a href=\"#download-options\">Opcje pobierania<\/a><\/li>\n\n\n\n<li class=\"\"><a href=\"#editing-and-customization\">Edycja i dostosowywanie<\/a><\/li>\n<\/ul>\n<\/li>\n\n\n\n<li class=\"\"><a href=\"#who-should-use-youtube-transcripts\">Kto powinien korzysta\u0107 z transkrypcji YouTube?<\/a><\/li>\n\n\n\n<li class=\"\"><a href=\"#industries-benefiting-from-youtube-transcripts\">Bran\u017ce korzystaj\u0105ce z transkrypcji YouTube<\/a><\/li>\n\n\n\n<li class=\"\"><a href=\"#how-to-use-youtube-transcripts\">Jak korzysta\u0107 z transkrypcji YouTube<\/a><\/li>\n\n\n\n<li class=\"\"><a href=\"#use-cases-of-youtube-transcripts\">Przypadki u\u017cycia transkrypcji YouTube<\/a>\n<ul class=\"wp-block-list\">\n<li class=\"\"><a href=\"#content-creators\">Tw\u00f3rcy tre\u015bci<\/a><\/li>\n\n\n\n<li class=\"\"><a href=\"#educators\">Nauczyciele<\/a><\/li>\n\n\n\n<li class=\"\"><a href=\"#marketers\">Marketerzy<\/a><\/li>\n<\/ul>\n<\/li>\n\n\n\n<li class=\"\"><a href=\"#top-10-youtube-transcript-tools-and-information\">10 najlepszych narz\u0119dzi i informacji do transkrypcji YouTube<\/a><\/li>\n\n\n\n<li class=\"\"><a href=\"#advantages-disadvantages-and-challenges-in-the-industry\">Zalety, wady i wyzwania w bran\u017cy<\/a><\/li>\n\n\n\n<li class=\"\"><a href=\"#faq\">FAQ<\/a><\/li>\n\n\n\n<li class=\"\"><a href=\"#conclusion\">Wnioski<\/a><\/li>\n<\/ol>\n\n\n\n<h3 class=\"wp-block-heading\">Wprowadzenie<\/h3>\n\n\n\n<p class=\"\">W erze cyfrowej dost\u0119pno\u015b\u0107 tre\u015bci ma ogromne znaczenie. Jednym z najbardziej przydatnych narz\u0119dzi zwi\u0119kszaj\u0105cych dost\u0119pno\u015b\u0107 i zaanga\u017cowanie jest transkrypcja YouTube. W tym przewodniku om\u00f3wimy, czym jest transkrypcja YouTube, dlaczego jest niezb\u0119dna i jak j\u0105 skutecznie wykorzysta\u0107. Om\u00f3wimy r\u00f3wnie\u017c najlepsze dost\u0119pne narz\u0119dzia, w tym nasz\u0105 najlepsz\u0105 rekomendacj\u0119, <a href=\"https:\/\/aiartfree.online\/pl\/transkrypcja-youtube\/\">https:\/\/aiartfree.online\/youtube-transcript\/<\/a>i udost\u0119pni\u0107 obszern\u0105 sekcj\u0119 FAQ, aby odpowiedzie\u0107 na najcz\u0119\u015bciej zadawane pytania.<\/p>\n\n\n\n<figure class=\"wp-block-image size-full is-resized\"><img data-recalc-dims=\"1\" data-dominant-color=\"987d7b\" data-has-transparency=\"false\" decoding=\"async\" width=\"1024\" height=\"710\"   loading=\"lazy\" src=\"https:\/\/i0.wp.com\/aiartfree.online\/wp-content\/uploads\/2024\/07\/image-28-jpg.webp?resize=1024%2C710&#038;ssl=1\" alt=\"Transkrypcja YouTube\" class=\"wp-image-3337 not-transparent\" style=\"--dominant-color: #987d7b; width:561px;height:auto\" srcset=\"https:\/\/i0.wp.com\/aiartfree.online\/wp-content\/uploads\/2024\/07\/image-28-jpg.webp?w=1024&amp;ssl=1 1024w, https:\/\/i0.wp.com\/aiartfree.online\/wp-content\/uploads\/2024\/07\/image-28-jpg.webp?resize=300%2C208&amp;ssl=1 300w, https:\/\/i0.wp.com\/aiartfree.online\/wp-content\/uploads\/2024\/07\/image-28-jpg.webp?resize=768%2C533&amp;ssl=1 768w, https:\/\/i0.wp.com\/aiartfree.online\/wp-content\/uploads\/2024\/07\/image-28-jpg.webp?resize=18%2C12&amp;ssl=1 18w, https:\/\/i0.wp.com\/aiartfree.online\/wp-content\/uploads\/2024\/07\/image-28-jpg.webp?resize=600%2C416&amp;ssl=1 600w\" sizes=\"auto, (max-width: 1024px) 100vw, 1024px\" \/><\/figure>\n\n\n\n<h3 class=\"wp-block-heading\">Czym jest transkrypcja YouTube?<\/h3>\n\n\n\n<p class=\"\">Transkrypcja YouTube to tekstowa reprezentacja tre\u015bci m\u00f3wionej w filmie na YouTube. Zapisuje ka\u017cde wypowiedziane s\u0142owo, cz\u0119sto ze znacznikami czasu, u\u0142atwiaj\u0105c widzom \u015bledzenie, wyszukiwanie okre\u015blonych tre\u015bci i wykorzystywanie informacji na r\u00f3\u017cne sposoby.<\/p>\n\n\n\n<h3 class=\"wp-block-heading\">Dlaczego warto korzysta\u0107 z transkrypcji YouTube?<\/h3>\n\n\n\n<p class=\"\">Korzystanie z transkrypcji YouTube oferuje wiele korzy\u015bci:<\/p>\n\n\n\n<ol class=\"wp-block-list\">\n<li class=\"\"><strong>Dost\u0119pno\u015b\u0107<\/strong>: Transkrypcje sprawiaj\u0105, \u017ce tre\u015bci s\u0105 dost\u0119pne dla os\u00f3b z upo\u015bledzeniem s\u0142uchu.<\/li>\n\n\n\n<li class=\"\"><strong>Mo\u017cliwo\u015b\u0107 wyszukiwania<\/strong>: Transkrypcje tekstowe poprawiaj\u0105 optymalizacj\u0119 pod k\u0105tem wyszukiwarek (SEO), umo\u017cliwiaj\u0105c wyszukiwanie tre\u015bci wideo wed\u0142ug s\u0142\u00f3w kluczowych.<\/li>\n\n\n\n<li class=\"\"><strong>Zmiana przeznaczenia tre\u015bci<\/strong>: Transkrypcje mo\u017cna przekszta\u0142ci\u0107 w posty na blogu, artyku\u0142y lub tre\u015bci w mediach spo\u0142eczno\u015bciowych.<\/li>\n\n\n\n<li class=\"\"><strong>Zrozumienie<\/strong>: Osoby nieb\u0119d\u0105ce rodzimymi u\u017cytkownikami j\u0119zyka mog\u0105 lepiej zrozumie\u0107 tre\u015bci wideo, czytaj\u0105c je.<\/li>\n\n\n\n<li class=\"\"><strong>Zaanga\u017cowanie<\/strong>: Transkrypcje utrzymuj\u0105 zaanga\u017cowanie widz\u00f3w, umo\u017cliwiaj\u0105c im \u015bledzenie wideo w formie tekstowej.<\/li>\n<\/ol>\n\n\n\n<h3 class=\"wp-block-heading\">G\u0142\u00f3wne cechy transkrypcji YouTube<\/h3>\n\n\n\n<h4 class=\"wp-block-heading\">Dok\u0142adno\u015b\u0107 transkrypcji<\/h4>\n\n\n\n<p class=\"\">Dok\u0142adna transkrypcja ma kluczowe znaczenie dla u\u017cyteczno\u015bci transkrypcji. Najlepsze narz\u0119dzia oferuj\u0105 wysokie wska\u017aniki dok\u0142adno\u015bci, zmniejszaj\u0105c potrzeb\u0119 obszernych r\u0119cznych poprawek.<\/p>\n\n\n\n<h4 class=\"wp-block-heading\">Transkrypcje ze znacznikiem czasu<\/h4>\n\n\n\n<p class=\"\">Znaczniki czasu pozwalaj\u0105 u\u017cytkownikom \u0142atwo porusza\u0107 si\u0119 po filmie, przeskakuj\u0105c do okre\u015blonych cz\u0119\u015bci tre\u015bci w razie potrzeby.<\/p>\n\n\n\n<h4 class=\"wp-block-heading\">Opcje pobierania<\/h4>\n\n\n\n<p class=\"\">Najlepsze narz\u0119dzia zapewniaj\u0105 r\u00f3\u017cne formaty pobierania (np. SRT, TXT), aby zapewni\u0107 kompatybilno\u015b\u0107 z r\u00f3\u017cnymi platformami i oprogramowaniem.<\/p>\n\n\n\n<h4 class=\"wp-block-heading\">Edycja i dostosowywanie<\/h4>\n\n\n\n<p class=\"\">Mo\u017cliwo\u015b\u0107 edycji i dostosowywania transkrypcji zapewnia, \u017ce spe\u0142niaj\u0105 one okre\u015blone potrzeby u\u017cytkownik\u00f3w, takie jak dodawanie notatek lub poprawianie nie\u015bcis\u0142o\u015bci.<\/p>\n\n\n\n<h3 class=\"wp-block-heading\">Kto powinien korzysta\u0107 z transkrypcji YouTube?<\/h3>\n\n\n\n<ul class=\"wp-block-list\">\n<li class=\"\"><strong>Tw\u00f3rcy tre\u015bci<\/strong>: Aby zwi\u0119kszy\u0107 SEO i zaanga\u017cowanie.<\/li>\n\n\n\n<li class=\"\"><strong>Nauczyciele<\/strong>: Zapewnienie dost\u0119pnych materia\u0142\u00f3w edukacyjnych.<\/li>\n\n\n\n<li class=\"\"><strong>Marketerzy<\/strong>: Wyodr\u0119bnianie tre\u015bci na potrzeby kampanii i analiz.<\/li>\n\n\n\n<li class=\"\"><strong>Badacze<\/strong>: Transkrypcja wywiad\u00f3w i prezentacji w celu analizy danych.<\/li>\n\n\n\n<li class=\"\"><strong>Widzowie<\/strong>: Aby \u015bledzi\u0107 filmy i poprawi\u0107 rozumienie.<\/li>\n<\/ul>\n\n\n\n<h3 class=\"wp-block-heading\">Bran\u017ce korzystaj\u0105ce z transkrypcji YouTube<\/h3>\n\n\n\n<ul class=\"wp-block-list\">\n<li class=\"\"><strong>Edukacja<\/strong>: Ulepszanie zasob\u00f3w edukacyjnych.<\/li>\n\n\n\n<li class=\"\"><strong>Marketing<\/strong>: Poprawa zasi\u0119gu i zaanga\u017cowania tre\u015bci.<\/li>\n\n\n\n<li class=\"\"><strong>Rozrywka<\/strong>: Udost\u0119pnianie tre\u015bci szerszemu gronu odbiorc\u00f3w.<\/li>\n\n\n\n<li class=\"\"><strong>Badania<\/strong>: U\u0142atwianie analizy danych i dokumentacji.<\/li>\n\n\n\n<li class=\"\"><strong>Opieka zdrowotna<\/strong>: Transkrypcja wyk\u0142ad\u00f3w medycznych i seminari\u00f3w w celu rozwoju zawodowego.<\/li>\n<\/ul>\n\n\n\n<h3 class=\"wp-block-heading\">Jak korzysta\u0107 z transkrypcji YouTube<\/h3>\n\n\n\n<ol class=\"wp-block-list\">\n<li class=\"\"><strong>Narz\u0119dzie Znajd\u017a transkrypcj\u0119<\/strong>: U\u017cyj niezawodnego narz\u0119dzia, takiego jak <a href=\"https:\/\/aiartfree.online\/pl\/transkrypcja-youtube\/\">https:\/\/aiartfree.online\/youtube-transcript\/<\/a>.<\/li>\n\n\n\n<li class=\"\"><strong>Prze\u015blij lub po\u0142\u0105cz wideo<\/strong>: Podaj link do filmu na YouTube.<\/li>\n\n\n\n<li class=\"\"><strong>Generowanie transkrypcji<\/strong>: Zezw\u00f3l narz\u0119dziu na przetworzenie wideo i wygenerowanie transkrypcji.<\/li>\n\n\n\n<li class=\"\"><strong>Edytuj i dostosuj<\/strong>: Dokonaj wszelkich niezb\u0119dnych zmian w transkrypcji.<\/li>\n\n\n\n<li class=\"\"><strong>Pobierz<\/strong>: Zapisz transkrypcj\u0119 w preferowanym formacie.<\/li>\n<\/ol>\n\n\n\n<h3 class=\"wp-block-heading\">Przypadki u\u017cycia transkrypcji YouTube<\/h3>\n\n\n\n<h4 class=\"wp-block-heading\">Tw\u00f3rcy tre\u015bci<\/h4>\n\n\n\n<p class=\"\">Tw\u00f3rcy tre\u015bci mog\u0105 wykorzystywa\u0107 transkrypcje do poprawy SEO, dzi\u0119ki czemu ich filmy s\u0105 \u0142atwiejsze do znalezienia. Transkrypcje mo\u017cna r\u00f3wnie\u017c wykorzysta\u0107 w postach na blogu lub tre\u015bciach w mediach spo\u0142eczno\u015bciowych.<\/p>\n\n\n\n<h4 class=\"wp-block-heading\">Nauczyciele<\/h4>\n\n\n\n<p class=\"\">Nauczyciele mog\u0105 udost\u0119pnia\u0107 transkrypcje uczniom w celu poprawy nauki i dost\u0119pno\u015bci. Transkrypcje s\u0105 r\u00f3wnie\u017c przydatne do tworzenia materia\u0142\u00f3w do nauki i dokument\u00f3w referencyjnych.<\/p>\n\n\n\n<h4 class=\"wp-block-heading\">Marketerzy<\/h4>\n\n\n\n<p class=\"\">Marketerzy mog\u0105 wykorzystywa\u0107 transkrypcje do wydobywania kluczowych informacji na potrzeby kampanii, tworzenia post\u00f3w na blogach oraz analizowania zachowa\u0144 i preferencji konsument\u00f3w.<\/p>\n\n\n\n<h3 class=\"wp-block-heading\">10 najlepszych narz\u0119dzi i informacji do transkrypcji YouTube<\/h3>\n\n\n\n<figure class=\"wp-block-table\"><table class=\"has-fixed-layout\"><thead><tr><th>Strona internetowa<\/th><th>Zalety<\/th><th>Wady<\/th><th>Wyzwania<\/th><th>Sugestie<\/th><\/tr><\/thead><tbody><tr><td><a href=\"https:\/\/aiartfree.online\/pl\/transkrypcja-youtube\/\">Transkrypcja YouTube<\/a><\/td><td>100% Bezp\u0142atny, nieograniczony, bez rejestracji, wysoka dok\u0142adno\u015b\u0107<\/td><td>Ograniczone wsparcie j\u0119zykowe<\/td><td>Zapewnienie wysokiej dok\u0142adno\u015bci wszystkich film\u00f3w<\/td><td>Rozszerzenie obs\u0142ugi j\u0119zyk\u00f3w<\/td><\/tr><tr><td>wydra.ai<\/td><td>Dok\u0142adne funkcje wsp\u00f3\u0142pracy<\/td><td>Wymagana subskrypcja<\/td><td>Zarz\u0105dzanie kosztami dla du\u017cych zespo\u0142\u00f3w<\/td><td>Oferowanie bardziej przyst\u0119pnych cenowo plan\u00f3w<\/td><\/tr><tr><td>rev.com<\/td><td>Profesjonalna dok\u0142adno\u015b\u0107, szybka realizacja<\/td><td>Kosztowne w przypadku d\u0142ugich film\u00f3w<\/td><td>Utrzymanie przyst\u0119pno\u015bci cenowej<\/td><td>Wprowadzenie cen warstwowych<\/td><\/tr><tr><td>temi.com<\/td><td>Przyst\u0119pny cenowo, przyjazny dla u\u017cytkownika<\/td><td>Dok\u0142adno\u015b\u0107 mo\u017ce si\u0119 r\u00f3\u017cni\u0107<\/td><td>R\u00f3wnowa\u017cenie koszt\u00f3w i jako\u015bci<\/td><td>Poprawa dok\u0142adno\u015bci<\/td><\/tr><tr><td>transcribeme.com<\/td><td>Wysoka dok\u0142adno\u015b\u0107, dost\u0119pna transkrypcja przez cz\u0142owieka<\/td><td>Drogie<\/td><td>Zarz\u0105dzanie kosztami transkrypcji<\/td><td>Oferuj zni\u017cki dla zam\u00f3wie\u0144 hurtowych<\/td><\/tr><tr><td>sonix.ai<\/td><td>Szybko\u015b\u0107, integracja z oprogramowaniem do edycji<\/td><td>Wymagana subskrypcja<\/td><td>Uzasadnienie koszt\u00f3w subskrypcji<\/td><td>Wi\u0119cej opcji pr\u00f3bnych<\/td><\/tr><tr><td>scribie.com<\/td><td>Przyst\u0119pna cenowo, dost\u0119pna r\u0119czna transkrypcja<\/td><td>Ograniczone funkcje<\/td><td>Rozszerzenie zestawu funkcji<\/td><td>Rozszerz funkcje<\/td><\/tr><tr><td>happyscribe.com<\/td><td>Obs\u0142uga wielu j\u0119zyk\u00f3w, przyjazny dla u\u017cytkownika<\/td><td>Wymagana subskrypcja<\/td><td>Zarz\u0105dzanie kosztami<\/td><td>Wprowadzenie bardziej elastycznych cen<\/td><\/tr><tr><td>descript.com<\/td><td>Funkcje edycji, wysoka dok\u0142adno\u015b\u0107<\/td><td>Wy\u017csza krzywa uczenia si\u0119<\/td><td>Przyjazny dla u\u017cytkownika interfejs<\/td><td>Uproszczenie interfejsu<\/td><\/tr><tr><td><a href=\"https:\/\/trint.com\" target=\"_blank\" rel=\"noopener\">trint.com<\/a><\/td><td>Szybkie narz\u0119dzia do wsp\u00f3\u0142pracy<\/td><td>Drogie dla u\u017cytkownik\u00f3w indywidualnych<\/td><td>Efektywno\u015b\u0107 kosztowa<\/td><td>Oferowanie wi\u0119kszej liczby indywidualnych plan\u00f3w u\u017cytkownika<\/td><\/tr><\/tbody><\/table><\/figure>\n\n\n\n<h3 class=\"wp-block-heading\">Zalety, wady i wyzwania w bran\u017cy<\/h3>\n\n\n\n<h4 class=\"wp-block-heading\">Zalety<\/h4>\n\n\n\n<ul class=\"wp-block-list\">\n<li class=\"\">Lepsza dost\u0119pno\u015b\u0107 i zaanga\u017cowanie.<\/li>\n\n\n\n<li class=\"\">Ulepszone pozycjonowanie i wykrywalno\u015b\u0107.<\/li>\n\n\n\n<li class=\"\">Wszechstronna zmiana przeznaczenia tre\u015bci.<\/li>\n<\/ul>\n\n\n\n<h4 class=\"wp-block-heading\">Wady<\/h4>\n\n\n\n<ul class=\"wp-block-list\">\n<li class=\"\">Zmienna dok\u0142adno\u015b\u0107 w r\u00f3\u017cnych narz\u0119dziach.<\/li>\n\n\n\n<li class=\"\">Koszty zwi\u0105zane z wysokiej jako\u015bci us\u0142ugami transkrypcji.<\/li>\n<\/ul>\n\n\n\n<h4 class=\"wp-block-heading\">Wyzwania<\/h4>\n\n\n\n<ul class=\"wp-block-list\">\n<li class=\"\">R\u00f3wnowa\u017cenie koszt\u00f3w i dok\u0142adno\u015bci.<\/li>\n\n\n\n<li class=\"\">Zapewnienie wieloj\u0119zycznego wsparcia i opcji dostosowywania.<\/li>\n<\/ul>\n\n\n\n<h4 class=\"wp-block-heading\">Sugestie<\/h4>\n\n\n\n<ul class=\"wp-block-list\">\n<li class=\"\">Rozszerzenie obs\u0142ugi j\u0119zyk\u00f3w.<\/li>\n\n\n\n<li class=\"\">Oferowanie bardziej elastycznych i przyst\u0119pnych plan\u00f3w cenowych.<\/li>\n\n\n\n<li class=\"\">Ulepszenie interfejsu u\u017cytkownika w celu zwi\u0119kszenia u\u017cyteczno\u015bci.<\/li>\n<\/ul>\n\n\n\n<h3 class=\"wp-block-heading\">FAQ<\/h3>\n\n\n\n<ol class=\"wp-block-list\">\n<li class=\"\"><strong>Jak uzyska\u0107 transkrypcj\u0119 filmu z YouTube?<\/strong>\n<ul class=\"wp-block-list\">\n<li class=\"\">U\u017cyj narz\u0119dzia takiego jak <a href=\"https:\/\/aiartfree.online\/pl\/transkrypcja-youtube\/\">https:\/\/aiartfree.online\/youtube-transcript\/<\/a> do \u0142atwego generowania transkrypcji.<\/li>\n<\/ul>\n<\/li>\n\n\n\n<li class=\"\"><strong>Jak pobra\u0107 transkrypcj\u0119 z YouTube?<\/strong>\n<ul class=\"wp-block-list\">\n<li class=\"\">U\u017cyj wbudowanej funkcji transkrypcji YouTube lub narz\u0119dzia innej firmy, aby pobra\u0107 transkrypcj\u0119.<\/li>\n<\/ul>\n<\/li>\n\n\n\n<li class=\"\"><strong>Jak uzyska\u0107 transkrypcj\u0119 filmu z YouTube?<\/strong>\n<ul class=\"wp-block-list\">\n<li class=\"\">Skopiuj \u0142\u0105cze wideo i u\u017cyj narz\u0119dzia do transkrypcji, aby wygenerowa\u0107 i pobra\u0107 transkrypcj\u0119.<\/li>\n<\/ul>\n<\/li>\n\n\n\n<li class=\"\"><strong>Jak uzyska\u0107 transkrypcj\u0119 filmu z YouTube?<\/strong>\n<ul class=\"wp-block-list\">\n<li class=\"\">Wykorzystaj narz\u0119dzia online, takie jak <a href=\"https:\/\/aiartfree.online\/pl\/\">aiartfree.online<\/a> dla \u0142atwego generowania transkrypcji.<\/li>\n<\/ul>\n<\/li>\n\n\n\n<li class=\"\"><strong>Jak pobra\u0107 transkrypcj\u0119 z filmu na YouTube?<\/strong>\n<ul class=\"wp-block-list\">\n<li class=\"\">Wklej \u0142\u0105cze wideo do narz\u0119dzia do generowania transkrypcji i pobierz dane wyj\u015bciowe.<\/li>\n<\/ul>\n<\/li>\n\n\n\n<li class=\"\"><strong>Jak pobra\u0107 transkrypcj\u0119 z YouTube?<\/strong>\n<ul class=\"wp-block-list\">\n<li class=\"\">Skorzystaj z us\u0142ug innych firm, aby pobra\u0107 transkrypcj\u0119 w r\u00f3\u017cnych formatach.<\/li>\n<\/ul>\n<\/li>\n\n\n\n<li class=\"\"><strong>Jak uzyska\u0107 transkrypcj\u0119 YouTube?<\/strong>\n<ul class=\"wp-block-list\">\n<li class=\"\">Uzyskaj dost\u0119p do transkrypcji wideo za po\u015brednictwem YouTube lub u\u017cyj zewn\u0119trznych narz\u0119dzi, aby uzyska\u0107 rozszerzone funkcje.<\/li>\n<\/ul>\n<\/li>\n\n\n\n<li class=\"\"><strong>Jak wygenerowa\u0107 transkrypcj\u0119 dla film\u00f3w na YouTube?<\/strong>\n<ul class=\"wp-block-list\">\n<li class=\"\">Korzystaj z automatycznych us\u0142ug transkrypcji, aby uzyska\u0107 szybkie i dok\u0142adne wyniki.<\/li>\n<\/ul>\n<\/li>\n\n\n\n<li class=\"\"><strong>Jak edytowa\u0107 transkrypcj\u0119 YouTube?<\/strong>\n<ul class=\"wp-block-list\">\n<li class=\"\">Pobierz transkrypcj\u0119 i u\u017cyj oprogramowania do edycji tekstu, aby wprowadzi\u0107 zmiany.<\/li>\n<\/ul>\n<\/li>\n\n\n\n<li class=\"\"><strong>Jak korzysta\u0107 z transkrypcji YouTube?<\/strong>\n<ul class=\"wp-block-list\">\n<li class=\"\">\u015aled\u017a wideo, wyszukuj okre\u015blone terminy lub zmieniaj przeznaczenie tre\u015bci do innych cel\u00f3w.<\/li>\n<\/ul>\n<\/li>\n<\/ol>\n\n\n\n<figure class=\"wp-block-image size-large is-resized\"><img data-recalc-dims=\"1\" data-dominant-color=\"888685\" data-has-transparency=\"false\" decoding=\"async\" width=\"1024\" height=\"490\"   loading=\"lazy\" src=\"https:\/\/i0.wp.com\/aiartfree.online\/wp-content\/uploads\/2024\/07\/WX20240730-201649%402x-1024x490.webp?resize=1024%2C490&#038;ssl=1\" alt=\"\" class=\"wp-image-3349 not-transparent\" style=\"--dominant-color: #888685; width:700px;height:auto\" srcset=\"https:\/\/i0.wp.com\/aiartfree.online\/wp-content\/uploads\/2024\/07\/WX20240730-201649%402x.jpg?resize=1024%2C490&amp;ssl=1 1024w, https:\/\/i0.wp.com\/aiartfree.online\/wp-content\/uploads\/2024\/07\/WX20240730-201649%402x.jpg?resize=300%2C144&amp;ssl=1 300w, https:\/\/i0.wp.com\/aiartfree.online\/wp-content\/uploads\/2024\/07\/WX20240730-201649%402x.jpg?resize=768%2C367&amp;ssl=1 768w, https:\/\/i0.wp.com\/aiartfree.online\/wp-content\/uploads\/2024\/07\/WX20240730-201649%402x.jpg?resize=1536%2C735&amp;ssl=1 1536w, https:\/\/i0.wp.com\/aiartfree.online\/wp-content\/uploads\/2024\/07\/WX20240730-201649%402x.jpg?resize=18%2C9&amp;ssl=1 18w, https:\/\/i0.wp.com\/aiartfree.online\/wp-content\/uploads\/2024\/07\/WX20240730-201649%402x.jpg?resize=600%2C287&amp;ssl=1 600w, https:\/\/i0.wp.com\/aiartfree.online\/wp-content\/uploads\/2024\/07\/WX20240730-201649%402x.jpg?w=1944&amp;ssl=1 1944w\" sizes=\"auto, (max-width: 1024px) 100vw, 1024px\" \/><\/figure>\n\n\n\n<h3 class=\"wp-block-heading\">Wnioski<\/h3>\n\n\n\n<p class=\"\">Transkrypcje YouTube s\u0105 nieocenione dla poprawy dost\u0119pno\u015bci, SEO i zmiany przeznaczenia tre\u015bci. Korzystaj\u0105c z niezawodnych narz\u0119dzi, takich jak <a href=\"https:\/\/aiartfree.online\/pl\/transkrypcja-youtube\/\">https:\/\/aiartfree.online\/youtube-transcript\/<\/a>mo\u017cna \u0142atwo generowa\u0107, edytowa\u0107 i pobiera\u0107 transkrypcje. Wykorzystaj moc transkrypcji, aby wzbogaci\u0107 swoje materia\u0142y wideo i dotrze\u0107 do szerszego grona odbiorc\u00f3w.<\/p>\n\n\n\n<p class=\"\"><\/p>","protected":false},"excerpt":{"rendered":"<p>How to use YouTube Transcript * Depending on your internet speed, loading the model may take a few seconds. \u2193 The Ultimate Guide For YouTube Transcript Table of Contents Introduction In the digital age, content accessibility is paramount. One of the most useful tools for enhancing accessibility and engagement is the YouTube transcript. This guide &#8230; <a title=\"Transkrypcja YouTube\" class=\"read-more\" href=\"https:\/\/aiartfree.online\/pl\/transkrypcja-youtube\/\" aria-label=\"Read more about YouTube Transcript\">Dowiedz si\u0119 wi\u0119cej<\/a><\/p>","protected":false},"author":1,"featured_media":3349,"parent":0,"menu_order":0,"comment_status":"open","ping_status":"closed","template":"","meta":{"nf_dc_page":"","footnotes":""},"class_list":["post-3319","page","type-page","status-publish","has-post-thumbnail"],"jetpack_sharing_enabled":true,"_links":{"self":[{"href":"https:\/\/aiartfree.online\/pl\/wp-json\/wp\/v2\/pages\/3319","targetHints":{"allow":["GET"]}}],"collection":[{"href":"https:\/\/aiartfree.online\/pl\/wp-json\/wp\/v2\/pages"}],"about":[{"href":"https:\/\/aiartfree.online\/pl\/wp-json\/wp\/v2\/types\/page"}],"author":[{"embeddable":true,"href":"https:\/\/aiartfree.online\/pl\/wp-json\/wp\/v2\/users\/1"}],"replies":[{"embeddable":true,"href":"https:\/\/aiartfree.online\/pl\/wp-json\/wp\/v2\/comments?post=3319"}],"version-history":[{"count":1,"href":"https:\/\/aiartfree.online\/pl\/wp-json\/wp\/v2\/pages\/3319\/revisions"}],"predecessor-version":[{"id":3604,"href":"https:\/\/aiartfree.online\/pl\/wp-json\/wp\/v2\/pages\/3319\/revisions\/3604"}],"wp:featuredmedia":[{"embeddable":true,"href":"https:\/\/aiartfree.online\/pl\/wp-json\/wp\/v2\/media\/3349"}],"wp:attachment":[{"href":"https:\/\/aiartfree.online\/pl\/wp-json\/wp\/v2\/media?parent=3319"}],"curies":[{"name":"wp","href":"https:\/\/api.w.org\/{rel}","templated":true}]}}