{"id":3318,"date":"2024-07-30T11:01:36","date_gmt":"2024-07-30T11:01:36","guid":{"rendered":"https:\/\/aiartfree.online\/?page_id=3318"},"modified":"2024-07-30T11:21:20","modified_gmt":"2024-07-30T11:21:20","slug":"image-to-prompt","status":"publish","type":"page","link":"https:\/\/aiartfree.online\/pl\/obraz-do-wyswietlenia\/","title":{"rendered":"Obraz do zach\u0119ty"},"content":{"rendered":"<h2 class=\"wp-block-heading\" style=\"font-size:1.3rem\"><strong>Jak korzysta\u0107 z funkcji Image to Prompt<\/strong><\/h2>\n\n\n\n<ol class=\"wp-block-list\">\n<li class=\"\">Upu\u015b\u0107 lub prze\u015blij<strong> Obraz<\/strong><\/li>\n\n\n\n<li class=\"\">Kliknij \"Prze\u015blij\"<\/li>\n\n\n\n<li class=\"\">Czekaj, to jest to!<\/li>\n<\/ol>\n\n\n\n<p class=\"\">* <em>W zale\u017cno\u015bci od szybko\u015bci \u0142\u0105cza internetowego za\u0142adowanie modelu mo\u017ce potrwa\u0107 kilka sekund.<\/em> \u2193<\/p>\n\n\n\n<style>\n  .iframe-container {\n    text-align: center;\n    border: 2px solid;\n    border-image-source: linear-gradient(to right, #16b86c, #912899);\n    border-image-slice: 1;\n    box-shadow: 0 0 10px rgba(0, 0, 0, 0.1);\n    border-radius: 15px;\n    position: relative; \/* \u4f7f loader \u7edd\u5bf9\u5b9a\u4f4d\u6709\u6548 *\/\n  }\n  .loader {\n    position: absolute;\n    top: 100px;\n    left: 50%;\n    transform: translate(-50%, -50%);\n    width: 40px;\n    height: 40px;\n    border: 4px solid #f3f3f3;\n    border-top: 4px solid #9834db;\n    border-radius: 50%;\n    animation: spin 1s linear infinite;\n  }\n  @keyframes spin {\n    0% { transform: translate(-50%, -50%) rotate(0deg); }\n    100% { transform: translate(-50%, -50%) rotate(360deg); }\n  }\n  iframe {\n    width: 100%;\n    height: 1150px;\n    border: none;\n    display: inline-block;\n    margin: 0 auto;\n    opacity: 0;\n    transition: opacity 0.3s ease;\n  }\n<\/style>\n\n<div class=\"iframe-container\">\n  <div id=\"loader\" class=\"loader\"><\/div>\n  <iframe\n    src=\"https:\/\/pharmapsychotic-clip-interrogator.hf.space\"\n    frameborder=\"0\"\n    onload=\"this.style.opacity=1;document.getElementById('loader').style.display='none';\"\n  ><\/iframe>\n<\/div>\n\n\n\n<div style=\"height:60px\" aria-hidden=\"true\" class=\"wp-block-spacer\"><\/div>\n\n\n\n<h2 class=\"wp-block-heading\">Obraz do zach\u0119ty: Uwolnienie mocy sztuki generowanej przez sztuczn\u0105 inteligencj\u0119<\/h2>\n\n\n\n<p class=\"\">Ten artyku\u0142 bada fascynuj\u0105cy \u015bwiat technologii image-to-prompt, koncentruj\u0105c si\u0119 na tym, jak rewolucjonizuje ona tworzenie sztuki generowanej przez sztuczn\u0105 inteligencj\u0119. Zag\u0142\u0119bimy si\u0119 w jej definicj\u0119, znaczenie i zastosowania, a tak\u017ce dostarczymy cennych spostrze\u017ce\u0144 zar\u00f3wno pocz\u0105tkuj\u0105cym, jak i do\u015bwiadczonym u\u017cytkownikom.<\/p>\n\n\n\n<figure class=\"wp-block-image size-full is-resized\"><img data-recalc-dims=\"1\" decoding=\"async\" width=\"800\" height=\"800\"   loading=\"lazy\" src=\"https:\/\/i0.wp.com\/aiartfree.online\/wp-content\/uploads\/2024\/07\/05-diverse-3d-avatars-six-pack-toy-faces-7QFYBYH.jpg?resize=800%2C800&#038;ssl=1\" alt=\"## Image to Prompt: Unlocking the Power of AI-Generated ArtTen artyku\u0142 bada fascynuj\u0105cy \u015bwiat technologii image-to-prompt, koncentruj\u0105c si\u0119 na tym, jak rewolucjonizuje ona tworzenie sztuki generowanej przez sztuczn\u0105 inteligencj\u0119. Zag\u0142\u0119bimy si\u0119 w jej definicj\u0119, znaczenie, zastosowania i dostarczymy cennych spostrze\u017ce\u0144 zar\u00f3wno pocz\u0105tkuj\u0105cym, jak i do\u015bwiadczonym u\u017cytkownikom.Spis tre\u015bci:1. Co to jest Image to Prompt?2. Dlaczego warto korzysta\u0107 z technologii Image to Prompt? 3. Kto mo\u017ce skorzysta\u0107 z Image to Prompt? 4. Bran\u017ce wykorzystuj\u0105ce Image to Prompt5. Jak korzysta\u0107 z Image to Prompt: 10 przypadk\u00f3w u\u017cycia6. 10 najlepszych narz\u0119dzi Image to Prompt: Plusy, minusy i spostrze\u017cenia7. Zalety i wyzwania w bran\u017cy Image to Prompt8. Cz\u0119sto zadawane pytania (FAQ)### Czym jest Image to Prompt? Image to Prompt to najnowocze\u015bniejsza technologia sztucznej inteligencji, kt\u00f3ra konwertuje wizualne dane wej\u015bciowe na opisy tekstowe lub podpowiedzi. Ten innowacyjny proces pozwala u\u017cytkownikom generowa\u0107 dok\u0142adne podpowiedzi tekstowe z obraz\u00f3w, kt\u00f3re mo\u017cna nast\u0119pnie wykorzysta\u0107 do tworzenia nowych dzie\u0142 sztuki generowanych przez sztuczn\u0105 inteligencj\u0119 lub manipulowania istniej\u0105cymi. Technologia Image to Prompt opiera si\u0119 na zaawansowanych algorytmach uczenia maszynowego i sieciach neuronowych do analizy i interpretacji danych wizualnych.### Dlaczego warto korzysta\u0107 z technologii Image to Prompt? Technologia Image to Prompt oferuje wiele korzy\u015bci dla artyst\u00f3w, projektant\u00f3w i tw\u00f3rc\u00f3w tre\u015bci:1. Wzrost inspiracji: Zapewnia \u015bwie\u017ce pomys\u0142y i unikalne perspektywy dla kreatywnych projekt\u00f3w.2. Oszcz\u0119dno\u015b\u0107 czasu: Automatyzuje proces generowania szczeg\u00f3\u0142owych podpowiedzi tekstowych na podstawie odniesie\u0144 wizualnych.3. Dok\u0142adno\u015b\u0107: Zapewnia precyzyjne opisy z\u0142o\u017conych element\u00f3w wizualnych.4. Wszechstronno\u015b\u0107: Mo\u017cliwo\u015b\u0107 zastosowania na r\u00f3\u017cnych platformach do generowania grafiki AI, takich jak Midjourney i Stable Diffusion.5. Dost\u0119pno\u015b\u0107: Sprawia, \u017ce tworzenie sztuki AI jest bardziej dost\u0119pne dla tych, kt\u00f3rzy zmagaj\u0105 si\u0119 z pisaniem podpowiedzi.### Kto mo\u017ce skorzysta\u0107 z technologii Image to Prompt? Technologia Image to prompt jest przeznaczona dla szerokiego grona u\u017cytkownik\u00f3w:1. Arty\u015bci cyfrowi i graficy2. Tw\u00f3rcy tre\u015bci i mened\u017cerowie medi\u00f3w spo\u0142eczno\u015bciowych3. Specjali\u015bci ds. marketingu4. Tw\u00f3rcy gier5. Badacze i nauczyciele6. Hobby\u015bci i entuzja\u015bci sztuki7. Projektanci stron internetowych i specjali\u015bci UX\/UI### Bran\u017ce wykorzystuj\u0105ce obraz do promowaniaWiele bran\u017c wykorzystuje moc obrazu do promowania technologii:1. Reklama i marketing2. Rozrywka i produkcja medialna3. Handel elektroniczny i projektowanie produkt\u00f3w4. Edukacja i e-learning5. Gry i rzeczywisto\u015b\u0107 wirtualna6. Moda i projektowanie wn\u0119trz7. Publikowanie i tworzenie tre\u015bci### Jak wykorzysta\u0107 obraz do podpowiedzi: 10 przypadk\u00f3w u\u017cycia1. Generowanie sztuki AI na podstawie istniej\u0105cych obraz\u00f3w2. Tworzenie odmian oryginalnych dzie\u0142 sztuki3. Opracowywanie moodboard\u00f3w dla projekt\u00f3w projektowych4. Tworzenie niestandardowych ilustracji do ksi\u0105\u017cek lub artyku\u0142\u00f3w5. Projektowanie unikalnych tre\u015bci w mediach spo\u0142eczno\u015bciowych6. Konceptualizacja nowych projekt\u00f3w produkt\u00f3w7. Tworzenie storyboard\u00f3w do film\u00f3w lub animacji8. Tworzenie spersonalizowanych awatar\u00f3w lub postaci9. Generowanie realistycznych tekstur do modelowania 3D10. Tworzenie niestandardowych te\u0142 do prezentacji lub stron internetowych### Top 10 Image to Prompt Tools: Plusy, minusy i spostrze\u017cenia| Narz\u0119dzie | Plusy | Minusy | Strona internetowa ||------|------|------|---------||| AIArtFree.online | 100% Darmowe, nieograniczone u\u017cycie, nie wymaga rejestracji | Mo\u017ce mie\u0107 ograniczenia dotycz\u0105ce zaawansowanych funkcji | https:\/\/aiartfree.online\/image-to-prompt\/ || Midjourney | Wysokiej jako\u015bci wydruki, du\u017ca spo\u0142eczno\u015b\u0107 u\u017cytkownik\u00f3w | Wymagana p\u0142atna subskrypcja | https:\/\/www.midjourney.com\/ || DALL-E 2 | Wszechstronny, tworzy wysokiej jako\u015bci obrazy | Ograniczone darmowe kredyty, p\u0142atny plan wymagany do szerokiego wykorzystania | https:\/\/openai.com\/dall-e-2\/ || Stable Diffusion | Open-source, wysoce konfigurowalny | Wymaga wiedzy technicznej do konfiguracji | https:\/\/stability.ai\/ || Artbreeder | Przyjazny dla u\u017cytkownika interfejs, dobry dla pocz\u0105tkuj\u0105cych | Ograniczona kontrola nad konkretnymi szczeg\u00f3\u0142ami | https:\/\/www.artbreeder.com\/ || NightCafe | Wiele styl\u00f3w sztuki AI, intuicyjny interfejs | System oparty na kredytach, mo\u017ce by\u0107 drogi | https:\/\/nightcafe.studio\/ || Runway ML | Zaawansowane funkcje, odpowiednie dla profesjonalist\u00f3w | Stroma krzywa uczenia si\u0119, oparta na subskrypcji | https:\/\/runwayml.com\/ || Pixray | Open-source, wysoce konfigurowalny | Wymaga znajomo\u015bci kodowania | https:\/\/pixray.gob.io\/ || Craiyon (dawniej DALL-E mini) | Darmowy w u\u017cyciu, nie wymaga konta | Ni\u017csza jako\u015b\u0107 wynik\u00f3w w por\u00f3wnaniu do p\u0142atnych alternatyw | https:\/\/www.craiyon.com\/ || Dream by WOMBO | Przyjazny dla urz\u0105dze\u0144 mobilnych, \u0142atwy w u\u017cyciu | Ograniczone opcje dostosowywania | https:\/\/www.wombo.art\/ |### Zalety i wyzwania w bran\u017cy Image to Prompt Zalety:1. Szybki post\u0119p technologiczny2. Rosn\u0105ce zapotrzebowanie rynku3. Integracja z innymi technologiami AI4. Potencja\u0142 dla zastosowa\u0144 mi\u0119dzybran\u017cowych5. Demokratyzacja tworzenia sztukiWyzwania:1. Kwestie etyczne dotycz\u0105ce praw autorskich i oryginalno\u015bci2. R\u00f3wnowa\u017cenie automatyzacji z ludzk\u0105 kreatywno\u015bci\u01053. Zapewnienie dok\u0142adno\u015bci i trafno\u015bci generowanych podpowiedzi4. Kwestie prywatno\u015bci zwi\u0105zane z analiz\u0105 obrazu5. Nad\u0105\u017canie za ewoluuj\u0105cymi algorytmami i modelami AI### Cz\u0119sto zadawane pytania (FAQ)1. P: Jaki jest najlepszy darmowy generator podpowiedzi AI?   A: AIArtFree.online (https:\/\/aiartfree.online\/image-to-prompt\/) to jeden z najlepszych darmowych generator\u00f3w podpowiedzi AI, oferuj\u0105cy nieograniczone korzystanie bez rejestracji.2. P: Jak przekonwertowa\u0107 obraz na podpowied\u017a?   O: Prze\u015blij sw\u00f3j obraz do narz\u0119dzia image-to-prompt, a sztuczna inteligencja wygeneruje podpowied\u017a tekstow\u0105 na podstawie tre\u015bci wizualnej.3. P: Czy mog\u0119 u\u017cy\u0107 obrazu do podpowiedzi w Midjourney?   O: Tak, mo\u017cesz u\u017cywa\u0107 narz\u0119dzi typu &quot;obraz do podpowiedzi&quot; do generowania podpowiedzi tekstowych do u\u017cytku z Midjourney.4. P: Jak uzyska\u0107 podpowied\u017a z obrazu w Stable Diffusion?   O: U\u017cyj narz\u0119dzia do zamiany obrazu na podpowied\u017a, aby wygenerowa\u0107 opis tekstowy, a nast\u0119pnie wprowad\u017a t\u0119 podpowied\u017a do Stable Diffusion.5. P: Czy istniej\u0105 darmowe generatory zamiany obrazu na podpowied\u017a?   O: Tak, AIArtFree.online oferuje bezp\u0142atn\u0105, nieograniczon\u0105 us\u0142ug\u0119 zamiany obrazu na podpowied\u017a bez konieczno\u015bci rejestracji.6. P: Jak dok\u0142adne s\u0105 narz\u0119dzia zamiany obrazu na podpowied\u017a?   O: Dok\u0142adno\u015b\u0107 r\u00f3\u017cni si\u0119 w zale\u017cno\u015bci od narz\u0119dzia i z\u0142o\u017cono\u015bci obrazu, ale wi\u0119kszo\u015b\u0107 z nich zapewnia do\u015b\u0107 dok\u0142adne opisy.7. P: Czy mog\u0119 u\u017cywa\u0107 funkcji image-to-prompt w projektach komercyjnych?   O: Tak, ale sprawd\u017a warunki korzystania z us\u0142ugi dla konkretnego narz\u0119dzia, kt\u00f3rego u\u017cywasz, w odniesieniu do praw do u\u017cytku komercyjnego.8. P: Jak sprawi\u0107, by grafika generowana przez sztuczn\u0105 inteligencj\u0119 wygl\u0105da\u0142a bardziej realistycznie?   O: U\u017cywaj szczeg\u00f3\u0142owych podpowiedzi, eksperymentuj z r\u00f3\u017cnymi stylami i rozwa\u017c postprocessing wygenerowanych obraz\u00f3w.9. P: Czy mo\u017cliwe jest generowanie podpowiedzi z wielu obraz\u00f3w?   O: Niekt\u00f3re zaawansowane narz\u0119dzia pozwalaj\u0105 na wprowadzanie wielu obraz\u00f3w, ale wi\u0119kszo\u015b\u0107 z nich koncentruje si\u0119 na analizie pojedynczego obrazu.10. P: Jak mog\u0119 poprawi\u0107 jako\u015b\u0107 generowanych podpowiedzi?    O: U\u017cywaj wysokiej jako\u015bci, wyra\u017anych obraz\u00f3w i eksperymentuj z r\u00f3\u017cnymi narz\u0119dziami do przetwarzania obraz\u00f3w na podpowiedzi, aby znale\u017a\u0107 najlepsze wyniki dla swoich potrzeb.\" class=\"wp-image-2671\" style=\"width:419px;height:auto\" srcset=\"https:\/\/i0.wp.com\/aiartfree.online\/wp-content\/uploads\/2024\/07\/05-diverse-3d-avatars-six-pack-toy-faces-7QFYBYH.jpg?w=800&amp;ssl=1 800w, https:\/\/i0.wp.com\/aiartfree.online\/wp-content\/uploads\/2024\/07\/05-diverse-3d-avatars-six-pack-toy-faces-7QFYBYH.jpg?resize=300%2C300&amp;ssl=1 300w, https:\/\/i0.wp.com\/aiartfree.online\/wp-content\/uploads\/2024\/07\/05-diverse-3d-avatars-six-pack-toy-faces-7QFYBYH.jpg?resize=100%2C100&amp;ssl=1 100w, https:\/\/i0.wp.com\/aiartfree.online\/wp-content\/uploads\/2024\/07\/05-diverse-3d-avatars-six-pack-toy-faces-7QFYBYH.jpg?resize=600%2C600&amp;ssl=1 600w, https:\/\/i0.wp.com\/aiartfree.online\/wp-content\/uploads\/2024\/07\/05-diverse-3d-avatars-six-pack-toy-faces-7QFYBYH.jpg?resize=150%2C150&amp;ssl=1 150w, https:\/\/i0.wp.com\/aiartfree.online\/wp-content\/uploads\/2024\/07\/05-diverse-3d-avatars-six-pack-toy-faces-7QFYBYH.jpg?resize=768%2C768&amp;ssl=1 768w, https:\/\/i0.wp.com\/aiartfree.online\/wp-content\/uploads\/2024\/07\/05-diverse-3d-avatars-six-pack-toy-faces-7QFYBYH.jpg?resize=12%2C12&amp;ssl=1 12w\" sizes=\"auto, (max-width: 800px) 100vw, 800px\" \/><\/figure>\n\n\n\n<h3 class=\"wp-block-heading\">Spis tre\u015bci<\/h3>\n\n\n\n<ol class=\"wp-block-list\">\n<li class=\"\">Czym jest Image to Prompt?<\/li>\n\n\n\n<li class=\"\">Dlaczego warto u\u017cywa\u0107 obrazu do promowania technologii?<\/li>\n\n\n\n<li class=\"\">Kto mo\u017ce skorzysta\u0107 z Image to Prompt?<\/li>\n\n\n\n<li class=\"\">Bran\u017ce wykorzystuj\u0105ce wizerunek do promowania<\/li>\n\n\n\n<li class=\"\">Jak wykorzysta\u0107 obraz do zach\u0119ty: 10 przypadk\u00f3w u\u017cycia<\/li>\n\n\n\n<li class=\"\">10 najlepszych narz\u0119dzi do promowania obraz\u00f3w: Plusy, minusy i spostrze\u017cenia<\/li>\n\n\n\n<li class=\"\">Zalety i wyzwania w bran\u017cy Image to Prompt<\/li>\n\n\n\n<li class=\"\">Cz\u0119sto zadawane pytania (FAQ)<\/li>\n<\/ol>\n\n\n\n<h3 class=\"wp-block-heading\">Czym jest Image to Prompt?<\/h3>\n\n\n\n<p class=\"\">Image to prompt to najnowocze\u015bniejsza technologia sztucznej inteligencji, kt\u00f3ra przekszta\u0142ca dane wizualne w opisy tekstowe lub podpowiedzi. Ten innowacyjny proces pozwala u\u017cytkownikom generowa\u0107 dok\u0142adne podpowiedzi tekstowe z obraz\u00f3w, kt\u00f3re mo\u017cna nast\u0119pnie wykorzysta\u0107 do tworzenia nowych dzie\u0142 sztuki generowanych przez sztuczn\u0105 inteligencj\u0119 lub manipulowania istniej\u0105cymi. Technologia przekszta\u0142cania obraz\u00f3w w podpowiedzi opiera si\u0119 na zaawansowanych algorytmach uczenia maszynowego i sieciach neuronowych do analizy i interpretacji danych wizualnych.<\/p>\n\n\n\n<h3 class=\"wp-block-heading\">Dlaczego warto u\u017cywa\u0107 obrazu do promowania technologii?<\/h3>\n\n\n\n<p class=\"\">Technologia zamiany obrazu na podpowied\u017a oferuje wiele korzy\u015bci artystom, projektantom i tw\u00f3rcom tre\u015bci:<\/p>\n\n\n\n<ol class=\"wp-block-list\">\n<li class=\"\">Inspiration Boost: Zapewnia \u015bwie\u017ce pomys\u0142y i unikalne perspektywy dla kreatywnych projekt\u00f3w.<\/li>\n\n\n\n<li class=\"\">Oszcz\u0119dno\u015b\u0107 czasu: Automatyzuje proces generowania szczeg\u00f3\u0142owych podpowiedzi tekstowych na podstawie odniesie\u0144 wizualnych.<\/li>\n\n\n\n<li class=\"\">Dok\u0142adno\u015b\u0107: Zapewnia precyzyjne opisy z\u0142o\u017conych element\u00f3w wizualnych.<\/li>\n\n\n\n<li class=\"\">Wszechstronno\u015b\u0107: Mo\u017cliwo\u015b\u0107 zastosowania na r\u00f3\u017cnych platformach generowania grafiki AI, takich jak Midjourney i Stable Diffusion.<\/li>\n\n\n\n<li class=\"\">Dost\u0119pno\u015b\u0107: Sprawia to, \u017ce tworzenie sztuki AI jest bardziej dost\u0119pne dla tych, kt\u00f3rzy maj\u0105 trudno\u015bci z pisaniem podpowiedzi.<\/li>\n<\/ol>\n\n\n\n<h3 class=\"wp-block-heading\">Kto mo\u017ce skorzysta\u0107 z Image to Prompt?<\/h3>\n\n\n\n<p class=\"\">Technologia Image to prompt jest przeznaczona dla szerokiego grona u\u017cytkownik\u00f3w:<\/p>\n\n\n\n<ol class=\"wp-block-list\">\n<li class=\"\">Arty\u015bci cyfrowi i graficy<\/li>\n\n\n\n<li class=\"\">Tw\u00f3rcy tre\u015bci i mened\u017cerowie medi\u00f3w spo\u0142eczno\u015bciowych<\/li>\n\n\n\n<li class=\"\">Specjali\u015bci ds. marketingu<\/li>\n\n\n\n<li class=\"\">Tw\u00f3rcy gier<\/li>\n\n\n\n<li class=\"\">Naukowcy i nauczyciele<\/li>\n\n\n\n<li class=\"\">Hobby\u015bci i entuzja\u015bci sztuki<\/li>\n\n\n\n<li class=\"\">Projektanci stron internetowych i specjali\u015bci UX\/UI<\/li>\n<\/ol>\n\n\n\n<h3 class=\"wp-block-heading\">Bran\u017ce wykorzystuj\u0105ce wizerunek do promowania<\/h3>\n\n\n\n<p class=\"\">Kilka bran\u017c wykorzystuje moc obrazu do podpowiadania technologii:<\/p>\n\n\n\n<ol class=\"wp-block-list\">\n<li class=\"\">Reklama i marketing<\/li>\n\n\n\n<li class=\"\">Rozrywka i produkcja medialna<\/li>\n\n\n\n<li class=\"\">E-commerce i projektowanie produkt\u00f3w<\/li>\n\n\n\n<li class=\"\">Edukacja i e-learning<\/li>\n\n\n\n<li class=\"\">Gry i rzeczywisto\u015b\u0107 wirtualna<\/li>\n\n\n\n<li class=\"\">Moda i projektowanie wn\u0119trz<\/li>\n\n\n\n<li class=\"\">Publikowanie i tworzenie tre\u015bci<\/li>\n<\/ol>\n\n\n\n<h3 class=\"wp-block-heading\">Jak wykorzysta\u0107 obraz do zach\u0119ty: 10 przypadk\u00f3w u\u017cycia<\/h3>\n\n\n\n<ol class=\"wp-block-list\">\n<li class=\"\">Generowanie grafiki AI na podstawie istniej\u0105cych obraz\u00f3w<\/li>\n\n\n\n<li class=\"\">Tworzenie wariant\u00f3w oryginalnych dzie\u0142 sztuki<\/li>\n\n\n\n<li class=\"\">Opracowywanie moodboard\u00f3w dla projekt\u00f3w<\/li>\n\n\n\n<li class=\"\">Tworzenie niestandardowych ilustracji do ksi\u0105\u017cek lub artyku\u0142\u00f3w<\/li>\n\n\n\n<li class=\"\">Projektowanie unikalnych tre\u015bci w mediach spo\u0142eczno\u015bciowych<\/li>\n\n\n\n<li class=\"\">Konceptualizacja nowych projekt\u00f3w produkt\u00f3w<\/li>\n\n\n\n<li class=\"\">Tworzenie scenorys\u00f3w do film\u00f3w lub animacji<\/li>\n\n\n\n<li class=\"\">Tworzenie spersonalizowanych awatar\u00f3w lub postaci<\/li>\n\n\n\n<li class=\"\">Generowanie realistycznych tekstur do modelowania 3D<\/li>\n\n\n\n<li class=\"\">Tworzenie niestandardowych te\u0142 dla prezentacji lub stron internetowych<\/li>\n<\/ol>\n\n\n\n<h3 class=\"wp-block-heading\">10 najlepszych narz\u0119dzi do promowania obraz\u00f3w: Plusy, minusy i spostrze\u017cenia<\/h3>\n\n\n\n<figure class=\"wp-block-table\"><table class=\"has-fixed-layout\"><thead><tr><th>Narz\u0119dzie<\/th><th>Plusy<\/th><th>Wady<\/th><th>Strona internetowa<\/th><\/tr><\/thead><tbody><tr><td>AIArtFree.online<\/td><td>100% Bezp\u0142atne, nieograniczone korzystanie, bez konieczno\u015bci rejestracji<\/td><td>Mo\u017ce mie\u0107 ograniczenia dotycz\u0105ce zaawansowanych funkcji<\/td><td>https:\/\/aiartfree.online\/image-to-prompt\/<\/td><\/tr><tr><td>Midjourney<\/td><td>Wysokiej jako\u015bci wyniki, du\u017ca spo\u0142eczno\u015b\u0107 u\u017cytkownik\u00f3w<\/td><td>Wymagana p\u0142atna subskrypcja<\/td><td><a href=\"https:\/\/www.midjourney.com\/\" target=\"_blank\" rel=\"noreferrer noopener\">https:\/\/www.midjourney.com\/<\/a><\/td><\/tr><tr><td>DALL-E 3<\/td><td>Wszechstronno\u015b\u0107 i wysoka jako\u015b\u0107 obrazu<\/td><td>Ograniczona liczba darmowych kredyt\u00f3w, p\u0142atny plan wymagany do intensywnego u\u017cytkowania<\/td><td><a href=\"https:\/\/aiartfree.online\/pl\/free-dalle-3\/\" target=\"_blank\" rel=\"noreferrer noopener\">DALL-E 3<\/a><\/td><\/tr><tr><td>Stabilna dyfuzja<\/td><td>Otwarte oprogramowanie, wysoce konfigurowalne<\/td><td>Wymaga wiedzy technicznej do konfiguracji<\/td><td>https:\/\/stability.ai\/<\/td><\/tr><tr><td>Artbreeder<\/td><td>Przyjazny dla u\u017cytkownika interfejs, dobry dla pocz\u0105tkuj\u0105cych<\/td><td>Ograniczona kontrola nad szczeg\u00f3\u0142ami<\/td><td>https:\/\/www.artbreeder.com\/<\/td><\/tr><tr><td>NightCafe<\/td><td>Wiele styl\u00f3w graficznych AI, intuicyjny interfejs<\/td><td>System oparty na kredytach, mo\u017ce by\u0107 kosztowny<\/td><td>https:\/\/nightcafe.studio\/<\/td><\/tr><tr><td>Runway ML<\/td><td>Zaawansowane funkcje, odpowiednie dla profesjonalist\u00f3w<\/td><td>Stroma krzywa uczenia si\u0119, oparta na subskrypcji<\/td><td>https:\/\/runwayml.com\/<\/td><\/tr><tr><td>Pixray<\/td><td>Otwarte oprogramowanie, wysoce konfigurowalne<\/td><td>Wymaga znajomo\u015bci kodowania<\/td><td>https:\/\/pixray.gob.io\/<\/td><\/tr><tr><td>Craiyon (wcze\u015bniej DALL-E mini)<\/td><td>Darmowe u\u017cytkowanie, konto nie jest wymagane<\/td><td>Ni\u017csza jako\u015b\u0107 wynik\u00f3w w por\u00f3wnaniu do p\u0142atnych alternatyw<\/td><td>https:\/\/www.craiyon.com\/<\/td><\/tr><tr><td>Dream by WOMBO<\/td><td>Przyjazny dla urz\u0105dze\u0144 mobilnych, \u0142atwy w u\u017cyciu<\/td><td>Ograniczone opcje dostosowywania<\/td><td>https:\/\/www.wombo.art\/<\/td><\/tr><\/tbody><\/table><\/figure>\n\n\n\n<h3 class=\"wp-block-heading\">Zalety i wyzwania w bran\u017cy Image to Prompt<\/h3>\n\n\n\n<p class=\"\">Zalety:<\/p>\n\n\n\n<ol class=\"wp-block-list\">\n<li class=\"\">Szybki post\u0119p technologiczny<\/li>\n\n\n\n<li class=\"\">Rosn\u0105cy popyt na rynku<\/li>\n\n\n\n<li class=\"\">Integracja z innymi technologiami AI<\/li>\n\n\n\n<li class=\"\">Potencja\u0142 dla zastosowa\u0144 mi\u0119dzybran\u017cowych<\/li>\n\n\n\n<li class=\"\">Demokratyzacja tworzenia sztuki<\/li>\n<\/ol>\n\n\n\n<p class=\"\">Wyzwania:<\/p>\n\n\n\n<ol class=\"wp-block-list\">\n<li class=\"\">Kwestie etyczne dotycz\u0105ce praw autorskich i oryginalno\u015bci<\/li>\n\n\n\n<li class=\"\">R\u00f3wnowa\u017cenie automatyzacji z ludzk\u0105 kreatywno\u015bci\u0105<\/li>\n\n\n\n<li class=\"\">Zapewnienie dok\u0142adno\u015bci i trafno\u015bci generowanych podpowiedzi<\/li>\n\n\n\n<li class=\"\">Kwestie prywatno\u015bci zwi\u0105zane z analiz\u0105 obrazu<\/li>\n\n\n\n<li class=\"\">Nad\u0105\u017canie za ewoluuj\u0105cymi algorytmami i modelami AI<\/li>\n<\/ol>\n\n\n\n<h3 class=\"wp-block-heading\">Cz\u0119sto zadawane pytania (FAQ)<\/h3>\n\n\n\n<ol class=\"wp-block-list\">\n<li class=\"\">P: Jaki jest najlepszy darmowy generator podpowiedzi AI?<br>O: AIArtFree.online (https:\/\/aiartfree.online\/image-to-prompt\/) to jeden z najlepszych darmowych generator\u00f3w podpowiedzi AI, oferuj\u0105cy nieograniczone korzystanie bez rejestracji.<\/li>\n\n\n\n<li class=\"\">P: Jak przekonwertowa\u0107 obraz na monit?<br>O: Prze\u015blij sw\u00f3j obraz do narz\u0119dzia do zamiany obrazu na podpowied\u017a, a sztuczna inteligencja wygeneruje podpowied\u017a tekstow\u0105 na podstawie tre\u015bci wizualnej.<\/li>\n\n\n\n<li class=\"\">P: Czy mog\u0119 u\u017cy\u0107 obrazu do podpowiedzi w Midjourney?<br>O: Tak, mo\u017cesz u\u017cy\u0107 narz\u0119dzi do zamiany obrazu na podpowied\u017a, aby wygenerowa\u0107 podpowiedzi tekstowe do u\u017cytku z Midjourney.<\/li>\n\n\n\n<li class=\"\">P: Jak uzyska\u0107 podpowied\u017a z obrazu w aplikacji Stable Diffusion?<br>O: U\u017cyj narz\u0119dzia do zamiany obrazu na podpowied\u017a, aby wygenerowa\u0107 opis tekstowy, a nast\u0119pnie wprowad\u017a t\u0119 podpowied\u017a do Stable Diffusion.<\/li>\n\n\n\n<li class=\"\">P: Czy istniej\u0105 darmowe generatory obrazk\u00f3w do wy\u015bwietlania?<br>O: Tak, witryna AIArtFree.online oferuje bezp\u0142atn\u0105, nieograniczon\u0105 us\u0142ug\u0119 zamiany obrazu na has\u0142o bez konieczno\u015bci rejestracji.<\/li>\n\n\n\n<li class=\"\">P: Jak dok\u0142adne s\u0105 narz\u0119dzia do zamiany obraz\u00f3w na znaki?<br>O: Dok\u0142adno\u015b\u0107 r\u00f3\u017cni si\u0119 w zale\u017cno\u015bci od narz\u0119dzia i z\u0142o\u017cono\u015bci obrazu, ale wi\u0119kszo\u015b\u0107 zapewnia do\u015b\u0107 dok\u0142adne opisy.<\/li>\n\n\n\n<li class=\"\">P: Czy mog\u0119 u\u017cywa\u0107 funkcji image-to-prompt w projektach komercyjnych?<br>O: Tak, ale sprawd\u017a warunki korzystania z us\u0142ugi dla konkretnego narz\u0119dzia, z kt\u00f3rego korzystasz, dotycz\u0105ce praw do komercyjnego wykorzystania.<\/li>\n\n\n\n<li class=\"\">P: Jak sprawi\u0107, by grafika generowana przez SI wygl\u0105da\u0142a bardziej realistycznie?<br>O: Korzystaj ze szczeg\u00f3\u0142owych podpowiedzi, eksperymentuj z r\u00f3\u017cnymi stylami i rozwa\u017c postprocessing wygenerowanych obraz\u00f3w.<\/li>\n\n\n\n<li class=\"\">P: Czy mo\u017cliwe jest generowanie podpowiedzi z wielu obraz\u00f3w?<br>O: Niekt\u00f3re zaawansowane narz\u0119dzia pozwalaj\u0105 na wprowadzanie wielu obraz\u00f3w, ale wi\u0119kszo\u015b\u0107 z nich koncentruje si\u0119 na analizie pojedynczego obrazu.<\/li>\n\n\n\n<li class=\"\">P: Jak mog\u0119 poprawi\u0107 jako\u015b\u0107 generowanych podpowiedzi?<br>O: U\u017cywaj wysokiej jako\u015bci, wyra\u017anych obraz\u00f3w i eksperymentuj z r\u00f3\u017cnymi narz\u0119dziami do zamiany obraz\u00f3w na komunikaty, aby znale\u017a\u0107 najlepsze wyniki dla swoich potrzeb.<\/li>\n<\/ol>","protected":false},"excerpt":{"rendered":"<p>How to use Image to Prompt * Depending on your internet speed, loading the model may take a few seconds. \u2193 Image to Prompt: Unlocking the Power of AI-Generated Art This article explores the fascinating world of image-to-prompt technology, focusing on how it revolutionizes AI-generated art creation. We&#8217;ll delve into its definition, importance, and applications, &#8230; <a title=\"Obraz do zach\u0119ty\" class=\"read-more\" href=\"https:\/\/aiartfree.online\/pl\/obraz-do-wyswietlenia\/\" aria-label=\"Read more about Image to Prompt\">Dowiedz si\u0119 wi\u0119cej<\/a><\/p>","protected":false},"author":1,"featured_media":2671,"parent":0,"menu_order":0,"comment_status":"open","ping_status":"closed","template":"","meta":{"nf_dc_page":"","footnotes":""},"class_list":["post-3318","page","type-page","status-publish","has-post-thumbnail"],"jetpack_sharing_enabled":true,"_links":{"self":[{"href":"https:\/\/aiartfree.online\/pl\/wp-json\/wp\/v2\/pages\/3318","targetHints":{"allow":["GET"]}}],"collection":[{"href":"https:\/\/aiartfree.online\/pl\/wp-json\/wp\/v2\/pages"}],"about":[{"href":"https:\/\/aiartfree.online\/pl\/wp-json\/wp\/v2\/types\/page"}],"author":[{"embeddable":true,"href":"https:\/\/aiartfree.online\/pl\/wp-json\/wp\/v2\/users\/1"}],"replies":[{"embeddable":true,"href":"https:\/\/aiartfree.online\/pl\/wp-json\/wp\/v2\/comments?post=3318"}],"version-history":[{"count":0,"href":"https:\/\/aiartfree.online\/pl\/wp-json\/wp\/v2\/pages\/3318\/revisions"}],"wp:featuredmedia":[{"embeddable":true,"href":"https:\/\/aiartfree.online\/pl\/wp-json\/wp\/v2\/media\/2671"}],"wp:attachment":[{"href":"https:\/\/aiartfree.online\/pl\/wp-json\/wp\/v2\/media?parent=3318"}],"curies":[{"name":"wp","href":"https:\/\/api.w.org\/{rel}","templated":true}]}}