{"id":3307,"date":"2024-07-29T14:15:31","date_gmt":"2024-07-29T14:15:31","guid":{"rendered":"https:\/\/aiartfree.online\/?page_id=3307"},"modified":"2024-08-02T10:02:58","modified_gmt":"2024-08-02T10:02:58","slug":"face-swap","status":"publish","type":"page","link":"https:\/\/aiartfree.online\/pl\/zamiana-twarzy\/","title":{"rendered":"Zamiana twarzy"},"content":{"rendered":"<h2 class=\"wp-block-heading\" id=\"how-to-use-face-swap\">Jak korzysta\u0107 z Face Swap<\/h2>\n\n\n\n<ol class=\"wp-block-list\">\n<li class=\"\">Upu\u015b\u0107 lub prze\u015blij <strong>Obraz docelowy<\/strong><\/li>\n\n\n\n<li class=\"\">Upu\u015b\u0107 lub prze\u015blij <strong>\u0179r\u00f3d\u0142o Obraz<\/strong><\/li>\n\n\n\n<li class=\"\">Kliknij \"Zamiana twarzy\"<\/li>\n\n\n\n<li class=\"\">Czekaj, to jest to!<\/li>\n<\/ol>\n\n\n\n<p class=\"\"><em>* W zale\u017cno\u015bci od szybko\u015bci \u0142\u0105cza internetowego \u0142adowanie modelu mo\u017ce potrwa\u0107 kilka sekund.<br>* Podczas ci\u0105g\u0142ego generowania nast\u0105pi buforowanie, a nowy obraz pojawi si\u0119 po oko\u0142o 3 sekundach.<\/em><\/p>\n\n\n\n<div class=\"iframe-wrapper\" style=\"position: relative; width: 100%; height: 1500px;\">\n  <div class=\"loading\" style=\"position: absolute; top: 50px; left: 50%; transform: translate(-50%, -50%); width: 40px; height: 40px; border: 3px solid #f0f0f0; border-top: 3px solid #db7093; border-radius: 50%; animation: spin 1s linear infinite;\"><\/div>\n  <iframe loading=\"lazy\" src=\"https:\/\/felixrosberg-face-swap.hf.space\" frameborder=\"0\" width=\"100%\" height=\"100%\" style=\"position: absolute; top: 0; left: 0; opacity: 0; transition: opacity 0.3s;\" onload=\"this.style.opacity=1;this.previousElementSibling.style.display='none';\"><\/iframe>\n<\/div>\n\n<style>\n@keyframes spin {\n  0% { transform: translate(-50%, -50%) rotate(0deg); }\n  100% { transform: translate(-50%, -50%) rotate(360deg); }\n}\n<\/style>\n\n\n\n<div style=\"height:50px\" aria-hidden=\"true\" class=\"wp-block-spacer\"><\/div>\n\n\n\n<h2 class=\"wp-block-heading\" id=\"face-swap-the-ultimate-guide\">Zamiana twarzy: najlepszy przewodnik<\/h2>\n\n\n\n<div class=\"wp-block-rank-math-toc-block\" id=\"rank-math-toc\"><h3>Spis tre\u015bci<\/h3><nav><ul><li><a href=\"#introduction\">Wprowadzenie<\/a><\/li><li><a href=\"#what-is-face-swap\">Czym jest Face Swap?<\/a><\/li><li><a href=\"#why-use-face-swap\">Dlaczego warto korzysta\u0107 z Face Swap?<\/a><\/li><li><a href=\"#who-should-use-face-swap\">Kto powinien korzysta\u0107 z Face Swap?<\/a><\/li><li><a href=\"#top-10-face-swap-tools\">10 najlepszych narz\u0119dzi do zamiany twarzy<\/a><\/li><li><a href=\"#faq\">FAQ<\/a><ul><li><a href=\"#1-what-is-face-swapping\">1. Co to jest zamiana twarzy?<\/a><\/li><li><a href=\"#2-is-face-swapping-safe\">2. Czy zamiana twarzy jest bezpieczna?<\/a><\/li><li><a href=\"#3-can-i-use-face-swap-for-free\">3. Czy mog\u0119 skorzysta\u0107 z wymiany twarzy za darmo?<\/a><\/li><li><a href=\"#4-do-i-need-to-sign-up-to-use-face-swap-tools\">4. Czy musz\u0119 si\u0119 zarejestrowa\u0107, aby korzysta\u0107 z narz\u0119dzi do wymiany twarzy?<\/a><\/li><li><a href=\"#5-can-i-swap-faces-in-videos\">5. Czy mog\u0119 zamienia\u0107 twarze w filmach?<\/a><\/li><li><a href=\"#6-what-are-the-best-free-face-swap-tools\">6. Jakie s\u0105 najlepsze darmowe narz\u0119dzia do zamiany twarzy?<\/a><\/li><li><a href=\"#7-how-accurate-are-face-swap-tools\">7. Jak dok\u0142adne s\u0105 narz\u0119dzia do zamiany twarzy?<\/a><\/li><li><a href=\"#8-can-i-use-face-swap-for-commercial-purposes\">8. Czy mog\u0119 u\u017cywa\u0107 face swap do cel\u00f3w komercyjnych?<\/a><\/li><li><a href=\"#9-are-there-any-privacy-concerns-with-face-swap\">9. Czy istniej\u0105 jakiekolwiek obawy dotycz\u0105ce prywatno\u015bci zwi\u0105zane z wymian\u0105 twarzy?<\/a><\/li><li><a href=\"#10-what-are-the-limitations-of-face-swap-technology\">10. Jakie s\u0105 ograniczenia technologii face swap?<\/a><\/li><\/ul><\/li><li><a href=\"#conclusion\">Wnioski<\/a><\/li><\/ul><\/nav><\/div>\n\n\n\n<h3 class=\"wp-block-heading\" id=\"introduction\">Wprowadzenie<\/h3>\n\n\n\n<p class=\"\">Technologia zamiany twarzy zrewolucjonizowa\u0142a spos\u00f3b interakcji z mediami cyfrowymi, zapewniaj\u0105c nieko\u0144cz\u0105c\u0105 si\u0119 rozrywk\u0119 i praktyczne zastosowania. W tym przewodniku zbadamy, czym jest zamiana twarzy, dlaczego jest przydatna, kto mo\u017ce z niej skorzysta\u0107 i przejrzymy najlepsze dost\u0119pne obecnie narz\u0119dzia. Nasz\u0105 g\u0142\u00f3wn\u0105 rekomendacj\u0105 jest <strong>Narz\u0119dzie Face Swap na stronie <a href=\"https:\/\/aiartfree.online\/pl\/zamiana-twarzy\/\">aiartfree.online\/face-swap<\/a><\/strong>.<\/p>\n\n\n\n<figure class=\"wp-block-image size-large is-resized\"><img data-recalc-dims=\"1\" data-dominant-color=\"8d7d78\" data-has-transparency=\"false\" decoding=\"async\" width=\"1024\" height=\"452\"   loading=\"lazy\" src=\"https:\/\/i0.wp.com\/aiartfree.online\/wp-content\/uploads\/2024\/07\/WX20240729-174607%402x-1024x452.webp?resize=1024%2C452&#038;ssl=1\" alt=\"Odkryj najlepsze darmowe, nieograniczone narz\u0119dzia do zamiany twarzy do p\u0142ynnej zamiany zdj\u0119\u0107 i film\u00f3w, w tym opcje zamiany twarzy AI i zamiany twarzy online.\" class=\"wp-image-3309 not-transparent\" style=\"--dominant-color: #8d7d78; width:744px;height:auto\" srcset=\"https:\/\/i0.wp.com\/aiartfree.online\/wp-content\/uploads\/2024\/07\/WX20240729-174607%402x-scaled.webp?resize=1024%2C452&amp;ssl=1 1024w, https:\/\/i0.wp.com\/aiartfree.online\/wp-content\/uploads\/2024\/07\/WX20240729-174607%402x-scaled.webp?resize=300%2C133&amp;ssl=1 300w, https:\/\/i0.wp.com\/aiartfree.online\/wp-content\/uploads\/2024\/07\/WX20240729-174607%402x-scaled.webp?resize=768%2C339&amp;ssl=1 768w, https:\/\/i0.wp.com\/aiartfree.online\/wp-content\/uploads\/2024\/07\/WX20240729-174607%402x-scaled.webp?resize=1536%2C679&amp;ssl=1 1536w, https:\/\/i0.wp.com\/aiartfree.online\/wp-content\/uploads\/2024\/07\/WX20240729-174607%402x-scaled.webp?resize=2048%2C905&amp;ssl=1 2048w, https:\/\/i0.wp.com\/aiartfree.online\/wp-content\/uploads\/2024\/07\/WX20240729-174607%402x-scaled.webp?resize=18%2C8&amp;ssl=1 18w, https:\/\/i0.wp.com\/aiartfree.online\/wp-content\/uploads\/2024\/07\/WX20240729-174607%402x-scaled.webp?resize=600%2C265&amp;ssl=1 600w, https:\/\/i0.wp.com\/aiartfree.online\/wp-content\/uploads\/2024\/07\/WX20240729-174607%402x-scaled.webp?w=2400&amp;ssl=1 2400w\" sizes=\"auto, (max-width: 1024px) 100vw, 1024px\" \/><\/figure>\n\n\n\n<h3 class=\"wp-block-heading\" id=\"what-is-face-swap\">Czym jest Face Swap?<\/h3>\n\n\n\n<p class=\"\">Face swap to technologia, kt\u00f3ra pozwala u\u017cytkownikom cyfrowo zast\u0105pi\u0107 jedn\u0105 twarz inn\u0105 na zdj\u0119ciach lub filmach. Wykorzystuje zaawansowan\u0105 sztuczn\u0105 inteligencj\u0119 i algorytmy uczenia maszynowego, aby p\u0142ynnie zintegrowa\u0107 zamienion\u0105 twarz, dzi\u0119ki czemu wygl\u0105da ona naturalnie i realistycznie.<\/p>\n\n\n\n<h3 class=\"wp-block-heading\" id=\"why-use-face-swap\">Dlaczego warto korzysta\u0107 z Face Swap?<\/h3>\n\n\n\n<p class=\"\">Technologia Face Swap jest niezb\u0119dna z kilku powod\u00f3w:<\/p>\n\n\n\n<ul class=\"wp-block-list\">\n<li class=\"\"><strong>Rozrywka<\/strong>: Tw\u00f3rz zabawne zdj\u0119cia i filmy do medi\u00f3w spo\u0142eczno\u015bciowych.<\/li>\n\n\n\n<li class=\"\"><strong>Marketing<\/strong>: Dostosowanie tre\u015bci promocyjnych do r\u00f3\u017cnych grup demograficznych.<\/li>\n\n\n\n<li class=\"\"><strong>Edukacja<\/strong>: Wykorzystanie w symulacjach szkoleniowych i filmach edukacyjnych.<\/li>\n\n\n\n<li class=\"\"><strong>Prywatno\u015b\u0107<\/strong>: Maskowanie to\u017csamo\u015bci w tre\u015bciach wra\u017cliwych.<\/li>\n\n\n\n<li class=\"\"><strong>Sztuka i kreatywno\u015b\u0107<\/strong>: Eksperymentuj z cyfrowymi projektami artystycznymi.<\/li>\n<\/ul>\n\n\n\n<h3 class=\"wp-block-heading\" id=\"who-should-use-face-swap\">Kto powinien korzysta\u0107 z Face Swap?<\/h3>\n\n\n\n<p class=\"\">Technologia Face Swap mo\u017ce by\u0107 korzystna dla r\u00f3\u017cnych os\u00f3b i bran\u017c:<\/p>\n\n\n\n<ul class=\"wp-block-list\">\n<li class=\"\"><strong>Entuzja\u015bci medi\u00f3w spo\u0142eczno\u015bciowych<\/strong>: Tworzenie anga\u017cuj\u0105cych i zabawnych tre\u015bci.<\/li>\n\n\n\n<li class=\"\"><strong>Marketerzy cyfrowi<\/strong>: Aby dostosowa\u0107 kampanie marketingowe.<\/li>\n\n\n\n<li class=\"\"><strong>Edukatorzy i trenerzy<\/strong>: Do tworzenia materia\u0142\u00f3w instrukta\u017cowych.<\/li>\n\n\n\n<li class=\"\"><strong>Tw\u00f3rcy tre\u015bci<\/strong>: Aby doda\u0107 unikalny akcent do swoich projekt\u00f3w.<\/li>\n\n\n\n<li class=\"\"><strong>Osoby poszukuj\u0105ce prywatno\u015bci<\/strong>: Aby anonimizowa\u0107 twarze w udost\u0119pnianych mediach.<\/li>\n<\/ul>\n\n\n\n<h3 class=\"wp-block-heading\" id=\"top-10-face-swap-tools\">10 najlepszych narz\u0119dzi do zamiany twarzy<\/h3>\n\n\n\n<p class=\"\">Oto por\u00f3wnanie najlepszych dost\u0119pnych obecnie narz\u0119dzi do zamiany twarzy:<\/p>\n\n\n\n<figure class=\"wp-block-table\"><table class=\"has-fixed-layout\"><thead><tr><th>Nazwa narz\u0119dzia<\/th><th>URL<\/th><th>Zalety<\/th><th>Wady<\/th><th>Mocne strony<\/th><th>Wyzwania<\/th><th>Zalecenia<\/th><\/tr><\/thead><tbody><tr><td>Face Swap AI<\/td><td><a href=\"https:\/\/aiartfree.online\/pl\/zamiana-twarzy\/\">aiartfree.online\/face-swap<\/a><\/td><td>Bezp\u0142atnie, bez rejestracji, bez ogranicze\u0144<\/td><td>Wymaga dost\u0119pu do Internetu<\/td><td>Wysokiej jako\u015bci swapy<\/td><td>Mog\u0105 wyst\u0119powa\u0107 sporadyczne op\u00f3\u017anienia<\/td><td>Najlepsza og\u00f3lnie do darmowego u\u017cytku<\/td><\/tr><tr><td>FaceApp<\/td><td>faceapp.com<\/td><td>\u0141atwy w u\u017cyciu, wiele funkcji<\/td><td>Obrazy ze znakiem wodnym<\/td><td>Popularny, wszechstronny<\/td><td>Ograniczona wersja darmowa<\/td><td>\u015awietny do codziennego u\u017cytku<\/td><\/tr><tr><td>Reface<\/td><td>reface.app<\/td><td>Wysokiej jako\u015bci filmy wideo<\/td><td>Do korzystania z wszystkich funkcji wymagana jest subskrypcja<\/td><td>Realistyczne zamiany<\/td><td>Ograniczone bezp\u0142atne u\u017cytkowanie<\/td><td>Idealny do wymiany wideo<\/td><\/tr><tr><td>Snapchat<\/td><td>snapchat.com<\/td><td>Zabawne filtry, Udost\u0119pnianie spo\u0142eczno\u015bciowe<\/td><td>Wymaga konta Snapchat<\/td><td>Popularny w\u015br\u00f3d m\u0142odzie\u017cy<\/td><td>Ograniczona do aplikacji<\/td><td>Najlepsze dla medi\u00f3w spo\u0142eczno\u015bciowych<\/td><\/tr><tr><td>DeepFaceLab<\/td><td><a href=\"https:\/\/github.com\/iperov\/DeepFaceLab\" target=\"_blank\" rel=\"noopener\">github.com\/iperov\/DeepFaceLab<\/a><\/td><td>Zaawansowane, konfigurowalne<\/td><td>Stroma krzywa uczenia si\u0119<\/td><td>Wysoce konfigurowalny<\/td><td>Wymaga umiej\u0119tno\u015bci technicznych<\/td><td>Najlepsze dla zaawansowanych u\u017cytkownik\u00f3w<\/td><\/tr><tr><td>ZAO<\/td><td>zaomakeup.com<\/td><td>Swapy w czasie rzeczywistym<\/td><td>Obawy dotycz\u0105ce prywatno\u015bci<\/td><td>Realistyczne wyniki<\/td><td>Kwestie prywatno\u015bci danych<\/td><td>Dobry do u\u017cytku w czasie rzeczywistym<\/td><\/tr><tr><td>B612<\/td><td>b612.snow.me<\/td><td>Przyjazne dla u\u017cytkownika, zabawne filtry<\/td><td>Ograniczone funkcje<\/td><td>\u0141atwy w u\u017cyciu<\/td><td>Wymaga pobrania aplikacji<\/td><td>\u015awietne dla pocz\u0105tkuj\u0105cych<\/td><\/tr><tr><td>Zamiana twarzy na \u017cywo<\/td><td>faceswaplive.com<\/td><td>Wymiana w czasie rzeczywistym<\/td><td>P\u0142atna aplikacja<\/td><td>Wyniki w czasie rzeczywistym<\/td><td>Ograniczone bezp\u0142atne funkcje<\/td><td>Idealny do u\u017cytku na \u017cywo<\/td><\/tr><tr><td>MSQRD<\/td><td>msqrd.me<\/td><td>R\u00f3\u017cnorodno\u015b\u0107 masek<\/td><td>Zaprzestano produkcji<\/td><td>Zabawne i wci\u0105gaj\u0105ce<\/td><td>Nie jest ju\u017c aktualizowana<\/td><td>Dobry do u\u017cytku offline<\/td><\/tr><tr><td>Stoisko wymiany twarzy<\/td><td>faceswapbooth.com<\/td><td>Konfigurowalne zamiany<\/td><td>Reklamy w wersji darmowej<\/td><td>Wszechstronno\u015b\u0107<\/td><td>Pe\u0142ny dost\u0119p wymaga zakupu<\/td><td>Najlepsze do personalizacji<\/td><\/tr><\/tbody><\/table><\/figure>\n\n\n\n<h3 class=\"wp-block-heading\" id=\"faq\">FAQ<\/h3>\n\n\n\n<h4 class=\"wp-block-heading\" id=\"1-what-is-face-swapping\">1. Co to jest zamiana twarzy?<\/h4>\n\n\n\n<p class=\"\">Zamiana twarzy to technologia, kt\u00f3ra cyfrowo zast\u0119puje jedn\u0105 twarz inn\u0105 na zdj\u0119ciach lub filmach przy u\u017cyciu sztucznej inteligencji i uczenia maszynowego.<\/p>\n\n\n\n<h4 class=\"wp-block-heading\" id=\"2-is-face-swapping-safe\">2. Czy zamiana twarzy jest bezpieczna?<\/h4>\n\n\n\n<p class=\"\">Tak, wymiana twarzy jest og\u00f3lnie bezpieczna, je\u015bli korzystasz z renomowanych narz\u0119dzi i chronisz swoje dane osobowe.<\/p>\n\n\n\n<h4 class=\"wp-block-heading\" id=\"3-can-i-use-face-swap-for-free\">3. Czy mog\u0119 skorzysta\u0107 z wymiany twarzy za darmo?<\/h4>\n\n\n\n<p class=\"\">Tak, wiele narz\u0119dzi oferuje darmowe wersje, w tym <a href=\"https:\/\/aiartfree.online\/pl\/zamiana-twarzy\/\">aiartfree.online\/face-swap<\/a>.<\/p>\n\n\n\n<h4 class=\"wp-block-heading\" id=\"4-do-i-need-to-sign-up-to-use-face-swap-tools\">4. Czy musz\u0119 si\u0119 zarejestrowa\u0107, aby korzysta\u0107 z narz\u0119dzi do wymiany twarzy?<\/h4>\n\n\n\n<p class=\"\">Nie, niekt\u00f3re narz\u0119dzia, takie jak <a href=\"https:\/\/aiartfree.online\/pl\/zamiana-twarzy\/\">aiartfree.online\/face-swap<\/a> nie wymagaj\u0105 rejestracji.<\/p>\n\n\n\n<h4 class=\"wp-block-heading\" id=\"5-can-i-swap-faces-in-videos\">5. Czy mog\u0119 zamienia\u0107 twarze w filmach?<\/h4>\n\n\n\n<p class=\"\">Tak, niekt\u00f3re zaawansowane narz\u0119dzia, takie jak Reface, umo\u017cliwiaj\u0105 zamian\u0119 twarzy w filmach.<\/p>\n\n\n\n<h4 class=\"wp-block-heading\" id=\"6-what-are-the-best-free-face-swap-tools\">6. Jakie s\u0105 najlepsze darmowe narz\u0119dzia do zamiany twarzy?<\/h4>\n\n\n\n<p class=\"\">Najlepsze darmowe narz\u0119dzia to <a href=\"https:\/\/aiartfree.online\/pl\/zamiana-twarzy\/\">aiartfree.online\/face-swap<\/a> i Snapchat.<\/p>\n\n\n\n<h4 class=\"wp-block-heading\" id=\"7-how-accurate-are-face-swap-tools\">7. Jak dok\u0142adne s\u0105 narz\u0119dzia do zamiany twarzy?<\/h4>\n\n\n\n<p class=\"\">Dok\u0142adno\u015b\u0107 jest r\u00f3\u017cna, ale zaawansowane narz\u0119dzia, takie jak DeepFaceLab, oferuj\u0105 wysok\u0105 precyzj\u0119.<\/p>\n\n\n\n<h4 class=\"wp-block-heading\" id=\"8-can-i-use-face-swap-for-commercial-purposes\">8. Czy mog\u0119 u\u017cywa\u0107 face swap do cel\u00f3w komercyjnych?<\/h4>\n\n\n\n<p class=\"\">Tak, ale upewnij si\u0119, \u017ce masz odpowiednie uprawnienia do wszystkich u\u017cywanych twarzy.<\/p>\n\n\n\n<h4 class=\"wp-block-heading\" id=\"9-are-there-any-privacy-concerns-with-face-swap\">9. Czy istniej\u0105 jakiekolwiek obawy dotycz\u0105ce prywatno\u015bci zwi\u0105zane z wymian\u0105 twarzy?<\/h4>\n\n\n\n<p class=\"\">Niekt\u00f3re narz\u0119dzia mog\u0105 mie\u0107 problemy z prywatno\u015bci\u0105, wi\u0119c wybierz narz\u0119dzia, kt\u00f3re priorytetowo traktuj\u0105 bezpiecze\u0144stwo danych.<\/p>\n\n\n\n<h4 class=\"wp-block-heading\" id=\"10-what-are-the-limitations-of-face-swap-technology\">10. Jakie s\u0105 ograniczenia technologii face swap?<\/h4>\n\n\n\n<p class=\"\">Ograniczenia obejmuj\u0105 potencjalne op\u00f3\u017anienia, krzyw\u0105 uczenia si\u0119 i r\u00f3\u017cn\u0105 jako\u015b\u0107 swap\u00f3w.<\/p>\n\n\n\n<h3 class=\"wp-block-heading\" id=\"conclusion\">Wnioski<\/h3>\n\n\n\n<p class=\"\">Zamiana twarzy to wszechstronna i zabawna technologia o szerokim zakresie zastosowa\u0144. Niezale\u017cnie od tego, czy chodzi o zabaw\u0119, czy praktyczne zastosowanie, ka\u017cdy znajdzie narz\u0119dzie dla siebie. Pami\u0119taj, aby wypr\u00f3bowa\u0107 zalecane <a href=\"https:\/\/aiartfree.online\/pl\/zamiana-twarzy\/\">aiartfree.online\/face-swap<\/a> dla najwy\u017cszej klasy, bez rejestracji, nieograniczone do\u015bwiadczenie.<\/p>","protected":false},"excerpt":{"rendered":"<p>How to use Face Swap *&nbsp;Depending on your internet speed, loading the model may take a few seconds.* There will be caching during continuous generation, and the new image will appear after about 3 seconds. Face Swap: The Ultimate Guide Introduction Face swapping technology has revolutionized how we interact with digital media, providing endless entertainment &#8230; <a title=\"Zamiana twarzy\" class=\"read-more\" href=\"https:\/\/aiartfree.online\/pl\/zamiana-twarzy\/\" aria-label=\"Read more about Face Swap\">Dowiedz si\u0119 wi\u0119cej<\/a><\/p>","protected":false},"author":1,"featured_media":3309,"parent":0,"menu_order":0,"comment_status":"open","ping_status":"closed","template":"","meta":{"nf_dc_page":"","footnotes":""},"class_list":["post-3307","page","type-page","status-publish","has-post-thumbnail"],"jetpack_sharing_enabled":true,"_links":{"self":[{"href":"https:\/\/aiartfree.online\/pl\/wp-json\/wp\/v2\/pages\/3307","targetHints":{"allow":["GET"]}}],"collection":[{"href":"https:\/\/aiartfree.online\/pl\/wp-json\/wp\/v2\/pages"}],"about":[{"href":"https:\/\/aiartfree.online\/pl\/wp-json\/wp\/v2\/types\/page"}],"author":[{"embeddable":true,"href":"https:\/\/aiartfree.online\/pl\/wp-json\/wp\/v2\/users\/1"}],"replies":[{"embeddable":true,"href":"https:\/\/aiartfree.online\/pl\/wp-json\/wp\/v2\/comments?post=3307"}],"version-history":[{"count":0,"href":"https:\/\/aiartfree.online\/pl\/wp-json\/wp\/v2\/pages\/3307\/revisions"}],"wp:featuredmedia":[{"embeddable":true,"href":"https:\/\/aiartfree.online\/pl\/wp-json\/wp\/v2\/media\/3309"}],"wp:attachment":[{"href":"https:\/\/aiartfree.online\/pl\/wp-json\/wp\/v2\/media?parent=3307"}],"curies":[{"name":"wp","href":"https:\/\/api.w.org\/{rel}","templated":true}]}}