{"id":3302,"date":"2024-07-29T14:27:33","date_gmt":"2024-07-29T14:27:33","guid":{"rendered":"https:\/\/aiartfree.online\/?page_id=3302"},"modified":"2024-07-31T13:42:45","modified_gmt":"2024-07-31T13:42:45","slug":"deepfake","status":"publish","type":"page","link":"https:\/\/aiartfree.online\/pl\/deepfake\/","title":{"rendered":"Deepfake"},"content":{"rendered":"<h2 class=\"wp-block-heading has-text-align-center\">Przed i po<\/h2>\n\n\n\n<figure class=\"gb-block-image gb-block-image-1822da1f\"><img data-recalc-dims=\"1\" decoding=\"async\" loading=\"lazy\" width=\"1200\" height=\"638\" class=\"gb-image gb-image-1822da1f\" src=\"https:\/\/i0.wp.com\/aiartfree.online\/wp-content\/uploads\/2024\/07\/421722273567_.pic_hd-copy-jpg.webp?resize=1200%2C638&#038;ssl=1\" alt=\"Odkryj, jak technologia deepfake rewolucjonizuje media cyfrowe. Najlepsze darmowe narz\u0119dzie do tworzenia deepfake&#039;\u00f3w, odkrywania zamienionych twarzy i nieograniczonych zastosowa\u0144 sztucznej inteligencji.\" title=\"421722273567_.pic_hd copy\" srcset=\"https:\/\/i0.wp.com\/aiartfree.online\/wp-content\/uploads\/2024\/07\/421722273567_.pic_hd-copy-jpg.webp?w=1652&amp;ssl=1 1652w, https:\/\/i0.wp.com\/aiartfree.online\/wp-content\/uploads\/2024\/07\/421722273567_.pic_hd-copy-jpg.webp?resize=300%2C159&amp;ssl=1 300w, https:\/\/i0.wp.com\/aiartfree.online\/wp-content\/uploads\/2024\/07\/421722273567_.pic_hd-copy-jpg.webp?resize=1024%2C544&amp;ssl=1 1024w, https:\/\/i0.wp.com\/aiartfree.online\/wp-content\/uploads\/2024\/07\/421722273567_.pic_hd-copy-jpg.webp?resize=768%2C408&amp;ssl=1 768w, https:\/\/i0.wp.com\/aiartfree.online\/wp-content\/uploads\/2024\/07\/421722273567_.pic_hd-copy-jpg.webp?resize=1536%2C816&amp;ssl=1 1536w, https:\/\/i0.wp.com\/aiartfree.online\/wp-content\/uploads\/2024\/07\/421722273567_.pic_hd-copy-jpg.webp?resize=18%2C10&amp;ssl=1 18w, https:\/\/i0.wp.com\/aiartfree.online\/wp-content\/uploads\/2024\/07\/421722273567_.pic_hd-copy-jpg.webp?resize=600%2C319&amp;ssl=1 600w\" sizes=\"auto, (max-width: 1200px) 100vw, 1200px\" \/><\/figure>\n\n\n\n<h2 class=\"wp-block-heading\">Jak korzysta\u0107 z Deepfake<\/h2>\n\n\n\n<ol class=\"wp-block-list\">\n<li class=\"\">Upu\u015b\u0107 lub prze\u015blij<strong> Obraz docelowy<\/strong><\/li>\n\n\n\n<li class=\"\">Upu\u015b\u0107 lub prze\u015blij<strong> \u0179r\u00f3d\u0142o Obraz<\/strong><\/li>\n\n\n\n<li class=\"\">Kliknij \"Prze\u015blij\"<\/li>\n\n\n\n<li class=\"\">Czekaj, to jest to!<\/li>\n<\/ol>\n\n\n\n<p class=\"\"><em>* W zale\u017cno\u015bci od szybko\u015bci \u0142\u0105cza internetowego \u0142adowanie modelu mo\u017ce potrwa\u0107 kilka sekund. \u2193<\/em><\/p>\n\n\n\n<div style=\"text-align: center; border: 2px solid; border-image-source: linear-gradient(to right, #16b86c, #912899); border-image-slice: 1; box-shadow: 0 0 10px rgba(0, 0, 0, 0.1); border-radius: 15px;\">\n  <iframe loading=\"lazy\"\n    src=\"https:\/\/bingbing520-Swap-Face-Model.hf.space\"\n    frameborder=\"0\"\n    width=\"100%\"\n    height=\"1000\"\n    style=\"display: inline-block; margin: 0 auto;\"\n  ><\/iframe>\n<\/div>\n\n\n\n<div style=\"height:50px\" aria-hidden=\"true\" class=\"wp-block-spacer\"><\/div>\n\n\n\n<h2 class=\"wp-block-heading\">Odkrywanie \u015bwiata Deepfakes: Definicja, zastosowania i najlepsze narz\u0119dzia<\/h2>\n\n\n\n<p class=\"\">Technologia deepfake zrewolucjonizowa\u0142a spos\u00f3b, w jaki wchodzimy w interakcj\u0119 z mediami cyfrowymi, oferuj\u0105c bezprecedensowe mo\u017cliwo\u015bci i wyzwania. W tym artykule zag\u0142\u0119bimy si\u0119 w definicj\u0119, zastosowania i najlepsze narz\u0119dzia do tworzenia i wykrywania deepfake'\u00f3w.<\/p>\n\n\n\n<figure class=\"wp-block-image size-large is-resized\"><img data-recalc-dims=\"1\" data-dominant-color=\"75716f\" data-has-transparency=\"false\" decoding=\"async\" width=\"1024\" height=\"544\"   loading=\"lazy\" src=\"https:\/\/i0.wp.com\/aiartfree.online\/wp-content\/uploads\/2024\/07\/421722273567_.pic_hd-copy-1024x544.webp?resize=1024%2C544&#038;ssl=1\" alt=\"Odkryj, jak technologia deepfake rewolucjonizuje media cyfrowe. Najlepsze darmowe narz\u0119dzie do tworzenia deepfake&#039;\u00f3w, odkrywania zamienionych twarzy i nieograniczonych zastosowa\u0144 sztucznej inteligencji.\" class=\"wp-image-3313 not-transparent\" style=\"--dominant-color: #75716f; width:990px;height:auto\" srcset=\"https:\/\/i0.wp.com\/aiartfree.online\/wp-content\/uploads\/2024\/07\/421722273567_.pic_hd-copy-jpg.webp?resize=1024%2C544&amp;ssl=1 1024w, https:\/\/i0.wp.com\/aiartfree.online\/wp-content\/uploads\/2024\/07\/421722273567_.pic_hd-copy-jpg.webp?resize=300%2C159&amp;ssl=1 300w, https:\/\/i0.wp.com\/aiartfree.online\/wp-content\/uploads\/2024\/07\/421722273567_.pic_hd-copy-jpg.webp?resize=768%2C408&amp;ssl=1 768w, https:\/\/i0.wp.com\/aiartfree.online\/wp-content\/uploads\/2024\/07\/421722273567_.pic_hd-copy-jpg.webp?resize=1536%2C816&amp;ssl=1 1536w, https:\/\/i0.wp.com\/aiartfree.online\/wp-content\/uploads\/2024\/07\/421722273567_.pic_hd-copy-jpg.webp?resize=18%2C10&amp;ssl=1 18w, https:\/\/i0.wp.com\/aiartfree.online\/wp-content\/uploads\/2024\/07\/421722273567_.pic_hd-copy-jpg.webp?resize=600%2C319&amp;ssl=1 600w, https:\/\/i0.wp.com\/aiartfree.online\/wp-content\/uploads\/2024\/07\/421722273567_.pic_hd-copy-jpg.webp?w=1652&amp;ssl=1 1652w\" sizes=\"auto, (max-width: 1024px) 100vw, 1024px\" \/><\/figure>\n\n\n\n<h3 class=\"wp-block-heading\">Spis tre\u015bci<\/h3>\n\n\n\n<ol class=\"wp-block-list\">\n<li class=\"\"><a href=\"#what-is-deepfake\">Czym jest Deepfake?<\/a><\/li>\n\n\n\n<li class=\"\"><a href=\"#why-use-deepfake\">Dlaczego warto korzysta\u0107 z Deepfake?<\/a><\/li>\n\n\n\n<li class=\"\"><a href=\"#who-can-benefit-from-deepfake-technology\">Kto mo\u017ce skorzysta\u0107 z technologii Deepfake?<\/a><\/li>\n\n\n\n<li class=\"\"><a href=\"#top-10-deepfake-tools\">10 najlepszych narz\u0119dzi Deepfake<\/a><\/li>\n\n\n\n<li class=\"\"><a href=\"#faq\">FAQ<\/a><\/li>\n\n\n\n<li class=\"\"><a href=\"#other-relevant-information\">Inne istotne informacje<\/a><\/li>\n<\/ol>\n\n\n\n<h3 class=\"wp-block-heading\">Czym jest Deepfake?<\/h3>\n\n\n\n<p class=\"\">Technologia Deepfake odnosi si\u0119 do medi\u00f3w syntetycznych, w kt\u00f3rych osoba na istniej\u0105cym obrazie lub filmie jest zast\u0119powana podobizn\u0105 innej osoby. Osi\u0105ga si\u0119 to za pomoc\u0105 sztucznej inteligencji (AI), w szczeg\u00f3lno\u015bci generatywnych sieci adwersarzy (GAN) i sieci neuronowych. Termin \"deepfake\" \u0142\u0105czy w sobie \"deep learning\" i \"fake\", aby opisa\u0107 proces i wynik tej technologii.<\/p>\n\n\n\n<h3 class=\"wp-block-heading\">Dlaczego warto korzysta\u0107 z Deepfake?<\/h3>\n\n\n\n<p class=\"\">Technologia Deepfake oferuje wiele zastosowa\u0144:<\/p>\n\n\n\n<ul class=\"wp-block-list\">\n<li class=\"\"><strong>Rozrywka<\/strong>: Tworzenie realistycznych efekt\u00f3w specjalnych i o\u017cywianie postaci historycznych w filmach.<\/li>\n\n\n\n<li class=\"\"><strong>Edukacja<\/strong>: Symulowanie scenariuszy do cel\u00f3w szkoleniowych lub tworzenie anga\u017cuj\u0105cych tre\u015bci edukacyjnych.<\/li>\n\n\n\n<li class=\"\"><strong>Marketing<\/strong>: Spersonalizowane reklamy, w kt\u00f3rych widz widzi siebie lub celebryt\u0119 promuj\u0105cego produkt.<\/li>\n\n\n\n<li class=\"\"><strong>Media spo\u0142eczno\u015bciowe<\/strong>: Tworzenie anga\u017cuj\u0105cych i wirusowych tre\u015bci.<\/li>\n<\/ul>\n\n\n\n<p class=\"\">Wa\u017cne jest jednak, aby zdawa\u0107 sobie spraw\u0119 z mo\u017cliwo\u015bci niew\u0142a\u015bciwego wykorzystania, takiego jak rozpowszechnianie dezinformacji lub tworzenie deepfake porn, co budzi w\u0105tpliwo\u015bci etyczne i prawne.<\/p>\n\n\n\n<h3 class=\"wp-block-heading\">Kto mo\u017ce skorzysta\u0107 z technologii Deepfake?<\/h3>\n\n\n\n<ul class=\"wp-block-list\">\n<li class=\"\"><strong>Przemys\u0142 filmowy i telewizyjny<\/strong>: Do tworzenia realistycznych efekt\u00f3w i po\u015bmiertnych wyst\u0119p\u00f3w.<\/li>\n\n\n\n<li class=\"\"><strong>Instytucje edukacyjne<\/strong>: Do opracowywania interaktywnych materia\u0142\u00f3w edukacyjnych.<\/li>\n\n\n\n<li class=\"\"><strong>Agencje marketingowe<\/strong>: Tworzenie spersonalizowanych kampanii reklamowych.<\/li>\n\n\n\n<li class=\"\"><strong>Influencerzy medi\u00f3w spo\u0142eczno\u015bciowych<\/strong>: Tworzenie wci\u0105gaj\u0105cych tre\u015bci.<\/li>\n\n\n\n<li class=\"\"><strong>Agencje ochrony<\/strong>: Do cel\u00f3w szkoleniowych i opracowywania mechanizm\u00f3w wykrywania.<\/li>\n<\/ul>\n\n\n\n<h3 class=\"wp-block-heading\">10 najlepszych narz\u0119dzi Deepfake<\/h3>\n\n\n\n<figure class=\"wp-block-table\"><table class=\"has-fixed-layout\"><thead><tr><th>Narz\u0119dzie<\/th><th>Strona internetowa<\/th><th>Zalety<\/th><th>Wady<\/th><th>Wyzwania<\/th><th>Zalecenia<\/th><\/tr><\/thead><tbody><tr><td>DeepFaceLab<\/td><td><a href=\"https:\/\/github.com\/iperov\/DeepFaceLab\" target=\"_blank\" rel=\"noopener\">https:\/\/github.com\/iperov\/DeepFaceLab<\/a><\/td><td>Otwarte oprogramowanie, wysoce konfigurowalne<\/td><td>Stroma krzywa uczenia si\u0119<\/td><td>Wymaga wydajnego sprz\u0119tu<\/td><td>Najlepsze dla do\u015bwiadczonych u\u017cytkownik\u00f3w<\/td><\/tr><tr><td>Deepfake | Za darmo online<\/td><td><a href=\"https:\/\/aiartfree.online\/pl\/deepfake\/\" target=\"_blank\" rel=\"noreferrer noopener\">https:\/\/faceswap.dev\/<\/a><\/td><td>\u0141atwy w u\u017cyciu, szybkie rezultaty<\/td><td>Brak aplikacji mobilnej<\/td><td>Ograniczona personalizacja<\/td><td>Dobry dla pocz\u0105tkuj\u0105cych z zainteresowaniami technicznymi<\/td><\/tr><tr><td>Zao<\/td><td><a href=\"https:\/\/apps.apple.com\/cn\/app\/zao\/id1465199127\" target=\"_blank\" rel=\"noopener\">https:\/\/apps.apple.com\/cn\/app\/zao\/id1465199127<\/a><\/td><td>\u0141atwy w u\u017cyciu, szybkie rezultaty<\/td><td>Obawy dotycz\u0105ce prywatno\u015bci<\/td><td>Ograniczona personalizacja<\/td><td>Idealny dla zwyk\u0142ych u\u017cytkownik\u00f3w<\/td><\/tr><tr><td>Reface<\/td><td><a href=\"https:\/\/reface.app\/\" target=\"_blank\" rel=\"noopener\">https:\/\/reface.app\/<\/a><\/td><td>Przyjazna dla u\u017cytkownika aplikacja mobilna<\/td><td>Wyniki ze znakiem wodnym<\/td><td>Ograniczone do kr\u00f3tkich klip\u00f3w<\/td><td>\u015awietne dla u\u017cytkownik\u00f3w medi\u00f3w spo\u0142eczno\u015bciowych<\/td><\/tr><tr><td>MyHeritage G\u0142\u0119boka nostalgia<\/td><td><a>https:\/\/www.myheritage.com\/deep-nostalgia<\/a><\/td><td>Animuje zdj\u0119cia, \u0142atwy w u\u017cyciu<\/td><td>Ograniczone do zdj\u0119\u0107 historycznych<\/td><td>Oparte na subskrypcji<\/td><td>Idealny dla entuzjast\u00f3w genealogii<\/td><\/tr><tr><td>AvengeThem<\/td><td><a href=\"https:\/\/aveng-them.com\/\" target=\"_blank\" rel=\"noopener\">https:\/\/aveng-them.com\/<\/a><\/td><td>Zabawa i rozrywka, motywy superbohater\u00f3w<\/td><td>Ograniczone zastosowanie<\/td><td>Nierealistyczne<\/td><td>Dobre dla rozrywki<\/td><\/tr><tr><td>Efekty g\u0142\u0119bokiej sztuki<\/td><td><a href=\"https:\/\/www.deeparteffects.com\/\" target=\"_blank\" rel=\"noopener\">https:\/\/www.deeparteffects.com\/<\/a><\/td><td>Artystyczne transformacje<\/td><td>Nie dla realistycznych deepfake'\u00f3w<\/td><td>Oparte na subskrypcji<\/td><td>Idealny dla artyst\u00f3w<\/td><\/tr><tr><td>Deepfakes Web<\/td><td><a href=\"https:\/\/deepfakesweb.com\/\" target=\"_blank\" rel=\"noopener\">https:\/\/deepfakesweb.com\/<\/a><\/td><td>Oparty na sieci, nie wymaga instalacji<\/td><td>Wymagana subskrypcja<\/td><td>Powolne przetwarzanie<\/td><td>Wygodny do okazjonalnego u\u017cytku<\/td><\/tr><tr><td>Morphin<\/td><td><a href=\"https:\/\/morphinapp.com\/\" target=\"_blank\" rel=\"noopener\">https:\/\/morphinapp.com\/<\/a><\/td><td>Zabawny, \u0142atwy w u\u017cyciu<\/td><td>Ograniczenie do GIF-\u00f3w<\/td><td>Nie nadaje si\u0119 do powa\u017cnych zastosowa\u0144<\/td><td>Najlepsze do codziennego u\u017cytku<\/td><\/tr><\/tbody><\/table><\/figure>\n\n\n\n<h3 class=\"wp-block-heading\">FAQ<\/h3>\n\n\n\n<ol class=\"wp-block-list\">\n<li class=\"\"><strong>Czym jest deepfake?<\/strong>\n<ul class=\"wp-block-list\">\n<li class=\"\">Deepfake to syntetyczne medium, w kt\u00f3rym podobie\u0144stwo osoby jest zast\u0119powane podobie\u0144stwem innej osoby przy u\u017cyciu sztucznej inteligencji.<\/li>\n<\/ul>\n<\/li>\n\n\n\n<li class=\"\"><strong>Jak dzia\u0142a technologia deepfake?<\/strong>\n<ul class=\"wp-block-list\">\n<li class=\"\">Wykorzystuje algorytmy g\u0142\u0119bokiego uczenia i GAN do tworzenia realistycznych zmian w filmach lub obrazach.<\/li>\n<\/ul>\n<\/li>\n\n\n\n<li class=\"\"><strong>Czy deepfakes s\u0105 legalne?<\/strong>\n<ul class=\"wp-block-list\">\n<li class=\"\">Legalno\u015b\u0107 deepfake'\u00f3w r\u00f3\u017cni si\u0119 w zale\u017cno\u015bci od jurysdykcji i kontekstu, szczeg\u00f3lnie w kwestiach takich jak zgoda i znies\u0142awienie.<\/li>\n<\/ul>\n<\/li>\n\n\n\n<li class=\"\"><strong>Jak mog\u0119 stworzy\u0107 deepfake?<\/strong>\n<ul class=\"wp-block-list\">\n<li class=\"\">Korzystanie z narz\u0119dzi takich jak DeepFaceLab lub FaceSwap, ale nale\u017cy pami\u0119ta\u0107 o konsekwencjach etycznych i prawnych.<\/li>\n<\/ul>\n<\/li>\n\n\n\n<li class=\"\"><strong>Jakie s\u0105 zagro\u017cenia zwi\u0105zane z deepfake'ami?<\/strong>\n<ul class=\"wp-block-list\">\n<li class=\"\">Mog\u0105 by\u0107 wykorzystywane do rozpowszechniania dezinformacji, tworzenia tre\u015bci o charakterze jednoznacznie seksualnym i niszczenia reputacji.<\/li>\n<\/ul>\n<\/li>\n\n\n\n<li class=\"\"><strong>Czy deepfakes mo\u017cna wykry\u0107?<\/strong>\n<ul class=\"wp-block-list\">\n<li class=\"\">Tak, dzi\u0119ki r\u00f3\u017cnym technikom wykrywania i narz\u0119dziom opracowanym w celu rozpoznawania no\u015bnik\u00f3w syntetycznych.<\/li>\n<\/ul>\n<\/li>\n\n\n\n<li class=\"\"><strong>Jaka jest przysz\u0142o\u015b\u0107 technologii deepfake?<\/strong>\n<ul class=\"wp-block-list\">\n<li class=\"\">B\u0119dzie on nadal ewoluowa\u0142, wraz z post\u0119pem zar\u00f3wno w technologiach tworzenia, jak i wykrywania.<\/li>\n<\/ul>\n<\/li>\n\n\n\n<li class=\"\"><strong>Czy deepfakes mo\u017cna wykorzysta\u0107 na dobre?<\/strong>\n<ul class=\"wp-block-list\">\n<li class=\"\">Tak, mi\u0119dzy innymi w rozrywce, edukacji i marketingu.<\/li>\n<\/ul>\n<\/li>\n\n\n\n<li class=\"\"><strong>Jak dok\u0142adne s\u0105 deepfakes?<\/strong>\n<ul class=\"wp-block-list\">\n<li class=\"\">Dok\u0142adno\u015b\u0107 zale\u017cy od jako\u015bci danych wej\u015bciowych i zaawansowania wykorzystywanych narz\u0119dzi.<\/li>\n<\/ul>\n<\/li>\n\n\n\n<li class=\"\"><strong>Jakie jest najlepsze narz\u0119dzie do deepfake?<\/strong>\n<ul class=\"wp-block-list\">\n<li class=\"\">Zale\u017cy to od potrzeb; dla zaawansowanych u\u017cytkownik\u00f3w zaleca si\u0119 DeepFaceLab, podczas gdy Reface jest \u015bwietny dla zwyk\u0142ych u\u017cytkownik\u00f3w.<\/li>\n<\/ul>\n<\/li>\n<\/ol>\n\n\n\n<h3 class=\"wp-block-heading\">Inne istotne informacje<\/h3>\n\n\n\n<p class=\"\">Technologia deepfake, oparta na sztucznej inteligencji i uczeniu maszynowym, nadal przesuwa granice tego, co jest mo\u017cliwe w mediach cyfrowych. Od imponuj\u0105cych efekt\u00f3w wizualnych widocznych w filmach po etyczne wyzwania zwi\u0105zane z dezinformacj\u0105, deepfakes to miecz obosieczny, kt\u00f3rym spo\u0142ecze\u0144stwo musi ostro\u017cnie si\u0119 pos\u0142ugiwa\u0107. Kluczowe postacie, takie jak za\u0142o\u017cyciel Facebooka Mark Zuckerberg, oraz incydenty zwi\u0105zane z fa\u0142szywymi wiadomo\u015bciami i filmami politycznymi, takimi jak Donald Trump, podkre\u015blaj\u0105 ci\u0105g\u0142e znaczenie i wp\u0142yw tej technologii.<\/p>\n\n\n\n<p class=\"\">Podsumowuj\u0105c, podczas gdy technologia deepfake oferuje ekscytuj\u0105ce mo\u017cliwo\u015bci, wi\u0105\u017ce si\u0119 ona r\u00f3wnie\u017c z powa\u017cnymi obowi\u0105zkami i wyzwaniami. Wraz z ewolucj\u0105 tej technologii, ewoluowa\u0107 musi r\u00f3wnie\u017c nasze podej\u015bcie do jej wykorzystywania i regulowania.<\/p>","protected":false},"excerpt":{"rendered":"<p>Before vs After How to use Deepfake *&nbsp;Depending on your internet speed, loading the model may take a few seconds. \u2193 Exploring the World of Deepfakes: Definition, Uses, and Top Tools Deepfake technology has revolutionized the way we interact with digital media, offering unprecedented possibilities and challenges. This article will delve into the definition, applications, &#8230; <a title=\"Deepfake\" class=\"read-more\" href=\"https:\/\/aiartfree.online\/pl\/deepfake\/\" aria-label=\"Read more about Deepfake\">Dowiedz si\u0119 wi\u0119cej<\/a><\/p>","protected":false},"author":1,"featured_media":3313,"parent":0,"menu_order":0,"comment_status":"open","ping_status":"closed","template":"","meta":{"nf_dc_page":"","footnotes":""},"class_list":["post-3302","page","type-page","status-publish","has-post-thumbnail"],"jetpack_sharing_enabled":true,"_links":{"self":[{"href":"https:\/\/aiartfree.online\/pl\/wp-json\/wp\/v2\/pages\/3302","targetHints":{"allow":["GET"]}}],"collection":[{"href":"https:\/\/aiartfree.online\/pl\/wp-json\/wp\/v2\/pages"}],"about":[{"href":"https:\/\/aiartfree.online\/pl\/wp-json\/wp\/v2\/types\/page"}],"author":[{"embeddable":true,"href":"https:\/\/aiartfree.online\/pl\/wp-json\/wp\/v2\/users\/1"}],"replies":[{"embeddable":true,"href":"https:\/\/aiartfree.online\/pl\/wp-json\/wp\/v2\/comments?post=3302"}],"version-history":[{"count":0,"href":"https:\/\/aiartfree.online\/pl\/wp-json\/wp\/v2\/pages\/3302\/revisions"}],"wp:featuredmedia":[{"embeddable":true,"href":"https:\/\/aiartfree.online\/pl\/wp-json\/wp\/v2\/media\/3313"}],"wp:attachment":[{"href":"https:\/\/aiartfree.online\/pl\/wp-json\/wp\/v2\/media?parent=3302"}],"curies":[{"name":"wp","href":"https:\/\/api.w.org\/{rel}","templated":true}]}}