{"id":3292,"date":"2024-07-29T12:48:46","date_gmt":"2024-07-29T12:48:46","guid":{"rendered":"https:\/\/aiartfree.online\/?page_id=3292"},"modified":"2024-08-02T10:03:15","modified_gmt":"2024-08-02T10:03:15","slug":"vocal-remover","status":"publish","type":"page","link":"https:\/\/aiartfree.online\/pl\/srodek-do-usuwania-wokalu\/","title":{"rendered":"Vocal Remover"},"content":{"rendered":"<h2 class=\"wp-block-heading\" id=\"how-to-use-vocal-remover\">Jak u\u017cywa\u0107 Vocal Remover<\/h2>\n\n\n\n<ol class=\"wp-block-list\">\n<li class=\"\">Wybierz metod\u0119 przetwarzania<\/li>\n\n\n\n<li class=\"\">Wybierz model VR<\/li>\n\n\n\n<li class=\"\">Wyb\u00f3r rozmiaru okna<\/li>\n\n\n\n<li class=\"\">Prze\u015blij lub upu\u015b\u0107 plik audio<\/li>\n\n\n\n<li class=\"\">Kliknij \"Rozpocznij przetwarzanie\"<\/li>\n\n\n\n<li class=\"\">Czekaj, to jest to!<\/li>\n<\/ol>\n\n\n\n<p class=\"\"><em>* W zale\u017cno\u015bci od szybko\u015bci \u0142\u0105cza internetowego \u0142adowanie modelu mo\u017ce potrwa\u0107 kilka sekund.<br>* Podczas ci\u0105g\u0142ego generowania nast\u0105pi buforowanie, a nowy obraz pojawi si\u0119 po oko\u0142o 3 sekundach.<\/em><\/p>\n\n\n\n<div class=\"iframe-wrapper\" style=\"position: relative; width: 100%; height: 1300px;\">\n  <div class=\"loading\" style=\"position: absolute; top: 50px; left: 50%; transform: translate(-50%, -50%); width: 40px; height: 40px; border: 3px solid #f0f0f0; border-top: 3px solid #db7093; border-radius: 50%; animation: spin 1s linear infinite;\"><\/div>\n  <iframe loading=\"lazy\" src=\"https:\/\/r3gm-ultimate-vocal-remover-webui.hf.space\" frameborder=\"0\" width=\"100%\" height=\"100%\" style=\"position: absolute; top: 0; left: 0; opacity: 0; transition: opacity 0.3s;\" onload=\"this.style.opacity=1;this.previousElementSibling.style.display='none';\"><\/iframe>\n<\/div>\n\n<style>\n@keyframes spin {\n  0% { transform: translate(-50%, -50%) rotate(0deg); }\n  100% { transform: translate(-50%, -50%) rotate(360deg); }\n}\n<\/style>\n\n\n\n<div style=\"height:50px\" aria-hidden=\"true\" class=\"wp-block-spacer\"><\/div>\n\n\n\n<h2 class=\"wp-block-heading\" id=\"vocal-remover-the-ultimate-guide-to-removing-vocals-from-songs\">Vocal Remover: Kompletny przewodnik po usuwaniu wokali z piosenek<\/h2>\n\n\n\n<div class=\"wp-block-rank-math-toc-block\" id=\"rank-math-toc\"><h3>Spis tre\u015bci<\/h3><nav><ul><li><a href=\"#introduction\">Wprowadzenie<\/a><\/li><li><a href=\"#what-is-a-vocal-remover\">Co to jest Vocal Remover?<\/a><\/li><li><a href=\"#why-use-a-vocal-remover\">Dlaczego warto u\u017cywa\u0107 Vocal Remover?<\/a><\/li><li><a href=\"#who-can-benefit-from-using-a-vocal-remover\">Kto mo\u017ce skorzysta\u0107 na stosowaniu Vocal Remover?<\/a><\/li><li><a href=\"#top-10-vocal-remover-tools-pros-cons-advantages-challenges-and-recommendations\">10 najlepszych narz\u0119dzi do usuwania wokalu: Plusy, minusy, zalety, wyzwania i rekomendacje<\/a><\/li><li><a href=\"#faq-frequently-asked-questions-about-vocal-removers\">FAQ: Najcz\u0119\u015bciej zadawane pytania dotycz\u0105ce zmywaczy wokalnych<\/a><\/li><li><a href=\"#conclusion\">Wnioski<\/a><\/li><\/ul><\/nav><\/div>\n\n\n\n<h3 class=\"wp-block-heading\" id=\"introduction\">Wprowadzenie<\/h3>\n\n\n\n<p class=\"\">Usuwanie wokali z utwor\u00f3w mo\u017ce by\u0107 prze\u0142omem dla muzyk\u00f3w, producent\u00f3w i hobbyst\u00f3w. Niezale\u017cnie od tego, czy tworzysz utwory karaoke, remiksujesz utwory, czy te\u017c wyodr\u0119bniasz wokale do cel\u00f3w edukacyjnych, narz\u0119dzia do usuwania wokali mog\u0105 sprawi\u0107, \u017ce proces ten b\u0119dzie prosty i skuteczny. W tym artykule om\u00f3wimy tajniki usuwania wokali, om\u00f3wimy najlepsze dost\u0119pne narz\u0119dzia i udost\u0119pnimy szczeg\u00f3\u0142ow\u0105 sekcj\u0119 FAQ, aby odpowiedzie\u0107 na najcz\u0119\u015bciej zadawane pytania.<\/p>\n\n\n\n<figure class=\"wp-block-image size-full is-resized\"><img data-recalc-dims=\"1\" data-dominant-color=\"58514d\" data-has-transparency=\"false\" decoding=\"async\" width=\"1024\" height=\"1024\"   loading=\"lazy\" src=\"https:\/\/i0.wp.com\/aiartfree.online\/wp-content\/uploads\/2024\/07\/image-31-2.webp?resize=1024%2C1024&#038;ssl=1\" alt=\"Odkryj najlepsze narz\u0119dzia do usuwania wokali z utwor\u00f3w. Korzystaj z bezp\u0142atnych, nieograniczonych opcji bez rejestracji i opartego na sztucznej inteligencji narz\u0119dzia AI Vocal Remover.\" class=\"wp-image-3297 not-transparent\" style=\"--dominant-color: #58514d; width:536px;height:auto\" srcset=\"https:\/\/i0.wp.com\/aiartfree.online\/wp-content\/uploads\/2024\/07\/image-31-2.webp?w=1024&amp;ssl=1 1024w, https:\/\/i0.wp.com\/aiartfree.online\/wp-content\/uploads\/2024\/07\/image-31-2.webp?resize=300%2C300&amp;ssl=1 300w, https:\/\/i0.wp.com\/aiartfree.online\/wp-content\/uploads\/2024\/07\/image-31-2.webp?resize=150%2C150&amp;ssl=1 150w, https:\/\/i0.wp.com\/aiartfree.online\/wp-content\/uploads\/2024\/07\/image-31-2.webp?resize=768%2C768&amp;ssl=1 768w, https:\/\/i0.wp.com\/aiartfree.online\/wp-content\/uploads\/2024\/07\/image-31-2.webp?resize=12%2C12&amp;ssl=1 12w, https:\/\/i0.wp.com\/aiartfree.online\/wp-content\/uploads\/2024\/07\/image-31-2.webp?resize=600%2C600&amp;ssl=1 600w, https:\/\/i0.wp.com\/aiartfree.online\/wp-content\/uploads\/2024\/07\/image-31-2.webp?resize=100%2C100&amp;ssl=1 100w\" sizes=\"auto, (max-width: 1024px) 100vw, 1024px\" \/><\/figure>\n\n\n\n<h3 class=\"wp-block-heading\" id=\"what-is-a-vocal-remover\">Co to jest Vocal Remover?<\/h3>\n\n\n\n<p class=\"\">Narz\u0119dzie do usuwania wokali to oprogramowanie lub narz\u0119dzie, kt\u00f3re wykorzystuje algorytmy przetwarzania d\u017awi\u0119ku do izolowania i usuwania wokali ze \u015bcie\u017cki muzycznej. Proces ten zazwyczaj obejmuje anulowanie fazy i techniki filtrowania cz\u0119stotliwo\u015bci w celu rozr\u00f3\u017cnienia mi\u0119dzy wokalnymi i instrumentalnymi komponentami utworu.<\/p>\n\n\n\n<h3 class=\"wp-block-heading\" id=\"why-use-a-vocal-remover\">Dlaczego warto u\u017cywa\u0107 Vocal Remover?<\/h3>\n\n\n\n<p class=\"\">Korzystanie z urz\u0105dzenia do usuwania wokalu ma kilka zalet:<\/p>\n\n\n\n<ul class=\"wp-block-list\">\n<li class=\"\"><strong>Kreatywna wolno\u015b\u0107:<\/strong> Umo\u017cliwia muzykom i producentom tworzenie instrumentalnych wersji lub remiks\u00f3w utwor\u00f3w.<\/li>\n\n\n\n<li class=\"\"><strong>Utwory karaoke:<\/strong> Umo\u017cliwia tworzenie utwor\u00f3w karaoke poprzez usuni\u0119cie oryginalnego wokalu.<\/li>\n\n\n\n<li class=\"\"><strong>Narz\u0119dzie edukacyjne:<\/strong> Pomaga studentom muzyki i wokalistom \u0107wiczy\u0107 poprzez \u015bpiewanie wraz z utworami instrumentalnymi.<\/li>\n\n\n\n<li class=\"\"><strong>Tworzenie tre\u015bci:<\/strong> Przydatne dla tw\u00f3rc\u00f3w tre\u015bci, kt\u00f3rzy potrzebuj\u0105 muzyki w tle bez wokalu.<\/li>\n<\/ul>\n\n\n\n<h3 class=\"wp-block-heading\" id=\"who-can-benefit-from-using-a-vocal-remover\">Kto mo\u017ce skorzysta\u0107 na stosowaniu Vocal Remover?<\/h3>\n\n\n\n<p class=\"\">Usuwacze g\u0142osu s\u0105 korzystne dla r\u00f3\u017cnych grup, w tym:<\/p>\n\n\n\n<ul class=\"wp-block-list\">\n<li class=\"\"><strong>Muzycy i producenci:<\/strong> Do tworzenia remiks\u00f3w i instrumentali.<\/li>\n\n\n\n<li class=\"\"><strong>Mi\u0142o\u015bnicy karaoke:<\/strong> Tworzenie utwor\u00f3w karaoke do \u015bpiewania.<\/li>\n\n\n\n<li class=\"\"><strong>Uczniowie i nauczyciele muzyki:<\/strong> Do cel\u00f3w edukacyjnych.<\/li>\n\n\n\n<li class=\"\"><strong>Tw\u00f3rcy tre\u015bci:<\/strong> U\u017cywanie muzyki w tle w filmach lub prezentacjach.<\/li>\n\n\n\n<li class=\"\"><strong>DJ-e:<\/strong> Tworzenie unikalnych miks\u00f3w i mashup\u00f3w.<\/li>\n<\/ul>\n\n\n\n<h3 class=\"wp-block-heading\" id=\"top-10-vocal-remover-tools-pros-cons-advantages-challenges-and-recommendations\">10 najlepszych narz\u0119dzi do usuwania wokalu: Plusy, minusy, zalety, wyzwania i rekomendacje<\/h3>\n\n\n\n<figure class=\"wp-block-table\"><table class=\"has-fixed-layout\"><thead><tr><th>Narz\u0119dzie\/strona internetowa<\/th><th>Plusy<\/th><th>Wady<\/th><th>Zalety<\/th><th>Wyzwania<\/th><th>Zalecenia<\/th><\/tr><\/thead><tbody><tr><td><a href=\"https:\/\/aiartfree.online\/pl\/srodek-do-usuwania-wokalu\/\">AI Art Free Vocal Remover<\/a><\/td><td>Bezp\u0142atnie, bez ogranicze\u0144, bez rejestracji, wysoka jako\u015b\u0107 d\u017awi\u0119ku<\/td><td>Ograniczone opcje dostosowywania<\/td><td>\u0141atwy w u\u017cyciu, oparty na sztucznej inteligencji<\/td><td>Mo\u017ce nie obs\u0142ugiwa\u0107 wszystkich format\u00f3w audio<\/td><td>Doskona\u0142y do szybkiego i wysokiej jako\u015bci usuwania wokalu<\/td><\/tr><tr><td>Noteburner AI Vocal Remover<\/td><td>Wysokiej jako\u015bci ekstrakcja wokalu, przyjazny dla u\u017cytkownika interfejs<\/td><td>Wymaga zakupu po okresie pr\u00f3bnym<\/td><td>Zaawansowane algorytmy AI, dobra obs\u0142uga klienta<\/td><td>Wy\u017cszy koszt w por\u00f3wnaniu do innych narz\u0119dzi<\/td><td>Idealny dla profesjonalist\u00f3w poszukuj\u0105cych precyzyjnego usuwania wokalu<\/td><\/tr><tr><td>PhonicMind<\/td><td>Obs\u0142uga r\u00f3\u017cnych format\u00f3w, mo\u017cliwo\u015b\u0107 przetwarzania wsadowego<\/td><td>Us\u0142uga p\u0142atna<\/td><td>Dok\u0142adna separacja wokali i instrument\u00f3w<\/td><td>Wymaga silnego po\u0142\u0105czenia internetowego<\/td><td>Najlepsze do przetwarzania wsadowego i wysokiej dok\u0142adno\u015bci<\/td><\/tr><tr><td>Lalal.ai<\/td><td>Proste kroki, nie wymaga instalacji oprogramowania<\/td><td>Ograniczone bezp\u0142atne u\u017cytkowanie<\/td><td>Szybkie przetwarzanie, obs\u0142uga plik\u00f3w audio i wideo<\/td><td>Ograniczenie do kr\u00f3tkich utwor\u00f3w w wersji darmowej<\/td><td>Odpowiedni dla u\u017cytkownik\u00f3w potrzebuj\u0105cych szybkiego i prostego usuwania g\u0142osu<\/td><\/tr><tr><td>Audacity<\/td><td>Darmowe i otwarte oprogramowanie, rozbudowane mo\u017cliwo\u015bci edycji d\u017awi\u0119ku<\/td><td>Wi\u0119ksza krzywa uczenia si\u0119, proces r\u0119czny<\/td><td>Mo\u017cliwo\u015b\u0107 dostosowania, obs\u0142uga wielu format\u00f3w<\/td><td>Wymaga pewnej wiedzy technicznej<\/td><td>Doskona\u0142y dla u\u017cytkownik\u00f3w, kt\u00f3rzy potrzebuj\u0105 zaawansowanych funkcji edycji d\u017awi\u0119ku<\/td><\/tr><tr><td>Spleeter<\/td><td>Open-source, oparty na Pythonie, wysoce konfigurowalny<\/td><td>Wymaga wiedzy technicznej, narz\u0119dzie wiersza polece\u0144<\/td><td>Pot\u0119\u017cne algorytmy sztucznej inteligencji, bezp\u0142atne<\/td><td>Instalacja i konfiguracja mog\u0105 by\u0107 skomplikowane<\/td><td>Najlepsza dla zaawansowanych u\u017cytkownik\u00f3w i deweloper\u00f3w<\/td><\/tr><tr><td>VocalRemover.org<\/td><td>Darmowe narz\u0119dzie online, przyjazny dla u\u017cytkownika interfejs<\/td><td>Ograniczone do korzystania online, reklamy mog\u0105 by\u0107 natr\u0119tne<\/td><td>Szybka i \u0142atwa obs\u0142uga, nie wymaga pobierania oprogramowania<\/td><td>Jako\u015b\u0107 d\u017awi\u0119ku mo\u017ce si\u0119 r\u00f3\u017cni\u0107 w zale\u017cno\u015bci od utworu<\/td><td>Idealny dla zwyk\u0142ych u\u017cytkownik\u00f3w i szybkich zada\u0144<\/td><\/tr><tr><td><a href=\"http:\/\/X-Minus.pro\" target=\"_blank\" data-type=\"link\" data-id=\"X-Minus.pro\" rel=\"noreferrer noopener\">X-Minus.pro<\/a><\/td><td>Wysoka jako\u015b\u0107 wydruku, obs\u0142uga wielu j\u0119zyk\u00f3w<\/td><td>Oparte na subskrypcji<\/td><td>Wysoka dok\u0142adno\u015b\u0107, przetwarzanie wsadowe<\/td><td>Pe\u0142ne funkcje wymagaj\u0105 subskrypcji<\/td><td>Idealny dla cz\u0119stych u\u017cytkownik\u00f3w, kt\u00f3rzy potrzebuj\u0105 sta\u0142ej jako\u015bci<\/td><\/tr><tr><td>Karaoke Anything<\/td><td>Darmowe oprogramowanie, prosty interfejs<\/td><td>Ograniczone funkcje, tylko Windows<\/td><td>\u0141atwy w u\u017cyciu, skuteczny do podstawowego usuwania wokalu<\/td><td>Dost\u0119pne tylko w systemie Windows<\/td><td>Dobry dla pocz\u0105tkuj\u0105cych<\/td><\/tr><tr><td>WavePad Audio Editor<\/td><td>Wszechstronny pakiet do edycji d\u017awi\u0119ku, obs\u0142uga wielu format\u00f3w<\/td><td>P\u0142atne oprogramowanie<\/td><td>Wszechstronny, zawiera wiele efekt\u00f3w d\u017awi\u0119kowych<\/td><td>Mo\u017ce by\u0107 przyt\u0142aczaj\u0105ca dla nowych u\u017cytkownik\u00f3w<\/td><td>Doskona\u0142y dla u\u017cytkownik\u00f3w potrzebuj\u0105cych w pe\u0142ni funkcjonalnego pakietu do edycji d\u017awi\u0119ku<\/td><\/tr><\/tbody><\/table><\/figure>\n\n\n\n<h3 class=\"wp-block-heading\" id=\"faq-frequently-asked-questions-about-vocal-removers\">FAQ: Najcz\u0119\u015bciej zadawane pytania dotycz\u0105ce zmywaczy wokalnych<\/h3>\n\n\n\n<ol class=\"wp-block-list\">\n<li class=\"\"><strong>Jak usun\u0105\u0107 wokal z utworu?<\/strong>\n<ul class=\"wp-block-list\">\n<li class=\"\">Mo\u017cesz u\u017cy\u0107 narz\u0119dzi do usuwania wokalu, takich jak AI Art Free Vocal Remover lub Audacity, aby wyizolowa\u0107 i usun\u0105\u0107 wokal ze \u015bcie\u017cki.<\/li>\n<\/ul>\n<\/li>\n\n\n\n<li class=\"\"><strong>Jak usun\u0105\u0107 wokal z utworu?<\/strong>\n<ul class=\"wp-block-list\">\n<li class=\"\">Wi\u0119kszo\u015b\u0107 narz\u0119dzi wykorzystuje techniki anulowania fazy i filtrowania cz\u0119stotliwo\u015bci do usuwania wokali. Wystarczy przes\u0142a\u0107 sw\u00f3j utw\u00f3r i post\u0119powa\u0107 zgodnie z instrukcjami narz\u0119dzia.<\/li>\n<\/ul>\n<\/li>\n\n\n\n<li class=\"\"><strong>Jak usun\u0105\u0107 wokal z utworu?<\/strong>\n<ul class=\"wp-block-list\">\n<li class=\"\">Wybierz narz\u0119dzie do usuwania wokalu, prze\u015blij plik audio i pozw\u00f3l mu przetworzy\u0107 plik w celu usuni\u0119cia wokalu.<\/li>\n<\/ul>\n<\/li>\n\n\n\n<li class=\"\"><strong>Jak usun\u0105\u0107 wokal z utworu?<\/strong>\n<ul class=\"wp-block-list\">\n<li class=\"\">U\u017cyj oprogramowania takiego jak Noteburner AI Vocal Remover lub narz\u0119dzi online, takich jak Lalal.ai, aby przetworzy\u0107 i usun\u0105\u0107 wokale ze \u015bcie\u017cki.<\/li>\n<\/ul>\n<\/li>\n\n\n\n<li class=\"\"><strong>Jak usun\u0105\u0107 wokal z muzyki?<\/strong>\n<ul class=\"wp-block-list\">\n<li class=\"\">Narz\u0119dzia takie jak PhonicMind i VocalRemover.org oferuj\u0105 \u0142atwe sposoby usuwania wokali z utwor\u00f3w muzycznych online.<\/li>\n<\/ul>\n<\/li>\n\n\n\n<li class=\"\"><strong>Czy mo\u017cliwe jest ca\u0142kowite usuni\u0119cie wokalu z utworu?<\/strong>\n<ul class=\"wp-block-list\">\n<li class=\"\">Chocia\u017c ca\u0142kowite usuni\u0119cie wokalu bez wp\u0142ywu na jako\u015b\u0107 d\u017awi\u0119ku jest trudne, zaawansowane narz\u0119dzia mog\u0105 osi\u0105gn\u0105\u0107 wysok\u0105 dok\u0142adno\u015b\u0107.<\/li>\n<\/ul>\n<\/li>\n\n\n\n<li class=\"\"><strong>Jaki jest najlepszy \u015brodek do usuwania wokalu?<\/strong>\n<ul class=\"wp-block-list\">\n<li class=\"\">Wyb\u00f3r najlepszego narz\u0119dzia do usuwania wokalu zale\u017cy od potrzeb u\u017cytkownika. AI Art Free Vocal Remover jest \u015bwietny do szybkiego u\u017cycia, podczas gdy Noteburner AI Vocal Remover jest doskona\u0142y dla profesjonalist\u00f3w.<\/li>\n<\/ul>\n<\/li>\n\n\n\n<li class=\"\"><strong>Czy urz\u0105dzenia do usuwania wokalu potrafi\u0105 dok\u0142adnie oddzieli\u0107 wokal od muzyki w tle?<\/strong>\n<ul class=\"wp-block-list\">\n<li class=\"\">Tak, wiele program\u00f3w do usuwania wokalu, zw\u0142aszcza tych wykorzystuj\u0105cych algorytmy sztucznej inteligencji, potrafi dok\u0142adnie oddzieli\u0107 wokal od muzyki w tle.<\/li>\n<\/ul>\n<\/li>\n\n\n\n<li class=\"\"><strong>Czy istniej\u0105 darmowe narz\u0119dzia do usuwania wokalu?<\/strong>\n<ul class=\"wp-block-list\">\n<li class=\"\">Tak, narz\u0119dzia takie jak VocalRemover.org i Audacity oferuj\u0105 bezp\u0142atne opcje usuwania wokali z utwor\u00f3w.<\/li>\n<\/ul>\n<\/li>\n\n\n\n<li class=\"\"><strong>Czy programy do usuwania wokalu dzia\u0142aj\u0105 na wszystkich plikach audio?<\/strong>\n<ul class=\"wp-block-list\">\n<li class=\"\">Wi\u0119kszo\u015b\u0107 program\u00f3w do usuwania wokalu obs\u0142uguje popularne formaty audio, ale ich skuteczno\u015b\u0107 mo\u017ce si\u0119 r\u00f3\u017cni\u0107 w zale\u017cno\u015bci od jako\u015bci i z\u0142o\u017cono\u015bci \u015bcie\u017cki.<\/li>\n<\/ul>\n<\/li>\n<\/ol>\n\n\n\n<h3 class=\"wp-block-heading\" id=\"conclusion\">Wnioski<\/h3>\n\n\n\n<p class=\"\">Usuwacze wokali to nieocenione narz\u0119dzia dla muzyk\u00f3w, producent\u00f3w i tw\u00f3rc\u00f3w tre\u015bci. Dzi\u0119ki odpowiedniemu narz\u0119dziu mo\u017cna \u0142atwo tworzy\u0107 wersje instrumentalne, remiksy i utwory karaoke. Niniejszy przewodnik zawiera przegl\u0105d najlepszych dost\u0119pnych narz\u0119dzi do usuwania wokalu, wraz z ich zaletami, wadami i zaleceniami, kt\u00f3re pomog\u0105 ci dokona\u0107 \u015bwiadomego wyboru.<\/p>","protected":false},"excerpt":{"rendered":"<p>How to use Vocal Remover *&nbsp;Depending on your internet speed, loading the model may take a few seconds.* There will be caching during continuous generation, and the new image will appear after about 3 seconds. Vocal Remover: The Ultimate Guide to Removing Vocals from Songs Introduction Removing vocals from songs can be a game-changer for &#8230; <a title=\"Vocal Remover\" class=\"read-more\" href=\"https:\/\/aiartfree.online\/pl\/srodek-do-usuwania-wokalu\/\" aria-label=\"Read more about Vocal Remover\">Dowiedz si\u0119 wi\u0119cej<\/a><\/p>","protected":false},"author":1,"featured_media":3297,"parent":0,"menu_order":0,"comment_status":"closed","ping_status":"closed","template":"","meta":{"nf_dc_page":"","footnotes":""},"class_list":["post-3292","page","type-page","status-publish","has-post-thumbnail"],"jetpack_sharing_enabled":true,"_links":{"self":[{"href":"https:\/\/aiartfree.online\/pl\/wp-json\/wp\/v2\/pages\/3292","targetHints":{"allow":["GET"]}}],"collection":[{"href":"https:\/\/aiartfree.online\/pl\/wp-json\/wp\/v2\/pages"}],"about":[{"href":"https:\/\/aiartfree.online\/pl\/wp-json\/wp\/v2\/types\/page"}],"author":[{"embeddable":true,"href":"https:\/\/aiartfree.online\/pl\/wp-json\/wp\/v2\/users\/1"}],"replies":[{"embeddable":true,"href":"https:\/\/aiartfree.online\/pl\/wp-json\/wp\/v2\/comments?post=3292"}],"version-history":[{"count":0,"href":"https:\/\/aiartfree.online\/pl\/wp-json\/wp\/v2\/pages\/3292\/revisions"}],"wp:featuredmedia":[{"embeddable":true,"href":"https:\/\/aiartfree.online\/pl\/wp-json\/wp\/v2\/media\/3297"}],"wp:attachment":[{"href":"https:\/\/aiartfree.online\/pl\/wp-json\/wp\/v2\/media?parent=3292"}],"curies":[{"name":"wp","href":"https:\/\/api.w.org\/{rel}","templated":true}]}}