{"id":3281,"date":"2024-07-28T12:00:16","date_gmt":"2024-07-28T12:00:16","guid":{"rendered":"https:\/\/aiartfree.online\/?page_id=3281"},"modified":"2024-08-02T11:09:05","modified_gmt":"2024-08-02T11:09:05","slug":"watermark-remover","status":"publish","type":"page","link":"https:\/\/aiartfree.online\/pl\/narzedzie-do-usuwania-znakow-wodnych\/","title":{"rendered":"Narz\u0119dzie do usuwania znak\u00f3w wodnych"},"content":{"rendered":"<h2 class=\"wp-block-heading has-text-align-center\" id=\"before-vs-after\">Przed i po<\/h2>\n\n\n\n<figure class=\"gb-block-image gb-block-image-1822da1f\"><img data-recalc-dims=\"1\" decoding=\"async\" loading=\"lazy\" width=\"1024\" height=\"518\" class=\"gb-image gb-image-1822da1f\" src=\"https:\/\/i0.wp.com\/aiartfree.online\/wp-content\/uploads\/2024\/07\/WX20240729-171649%402x-1024x518.webp?resize=1024%2C518&#038;ssl=1\" alt=\"Narz\u0119dzie do usuwania znak\u00f3w wodnych wykorzystuje sztuczn\u0105 inteligencj\u0119 do usuwania logo, tekstu lub grafiki na\u0142o\u017conych na zdj\u0119cia lub filmy, przywracaj\u0105c oryginalny no\u015bnik poprzez usuni\u0119cie znak\u00f3w w\u0142asno\u015bci.\" title=\"WX20240729-171649@2x\" srcset=\"https:\/\/i0.wp.com\/aiartfree.online\/wp-content\/uploads\/2024\/07\/WX20240729-171649%402x-scaled.webp?resize=1024%2C518&amp;ssl=1 1024w, https:\/\/i0.wp.com\/aiartfree.online\/wp-content\/uploads\/2024\/07\/WX20240729-171649%402x-scaled.webp?resize=300%2C152&amp;ssl=1 300w, https:\/\/i0.wp.com\/aiartfree.online\/wp-content\/uploads\/2024\/07\/WX20240729-171649%402x-scaled.webp?resize=768%2C388&amp;ssl=1 768w, https:\/\/i0.wp.com\/aiartfree.online\/wp-content\/uploads\/2024\/07\/WX20240729-171649%402x-scaled.webp?resize=1536%2C777&amp;ssl=1 1536w, https:\/\/i0.wp.com\/aiartfree.online\/wp-content\/uploads\/2024\/07\/WX20240729-171649%402x-scaled.webp?resize=2048%2C1036&amp;ssl=1 2048w, https:\/\/i0.wp.com\/aiartfree.online\/wp-content\/uploads\/2024\/07\/WX20240729-171649%402x-scaled.webp?resize=18%2C9&amp;ssl=1 18w, https:\/\/i0.wp.com\/aiartfree.online\/wp-content\/uploads\/2024\/07\/WX20240729-171649%402x-scaled.webp?resize=600%2C303&amp;ssl=1 600w, https:\/\/i0.wp.com\/aiartfree.online\/wp-content\/uploads\/2024\/07\/WX20240729-171649%402x-scaled.webp?w=2400&amp;ssl=1 2400w\" sizes=\"auto, (max-width: 1024px) 100vw, 1024px\" \/><\/figure>\n\n\n\n<h2 class=\"wp-block-heading\" id=\"how-to-use-watermark-remover\">Jak korzysta\u0107 z narz\u0119dzia Watermark Remover<\/h2>\n\n\n\n<ol class=\"wp-block-list\">\n<li class=\"\">Upu\u015b\u0107 lub prze\u015blij obraz<\/li>\n\n\n\n<li class=\"\"><strong>Narysuj (p\u0119dzlem) cz\u0119\u015b\u0107 obrazu, kt\u00f3r\u0105 chcesz usun\u0105\u0107.<\/strong><\/li>\n\n\n\n<li class=\"\">Kliknij \"Prze\u015blij\"<\/li>\n\n\n\n<li class=\"\">Czekaj, to jest to!<\/li>\n<\/ol>\n\n\n\n<p class=\"\"><em>* W zale\u017cno\u015bci od szybko\u015bci \u0142\u0105cza internetowego \u0142adowanie modelu mo\u017ce potrwa\u0107 kilka sekund.<br>* Podczas ci\u0105g\u0142ego generowania nast\u0105pi buforowanie, a nowy obraz pojawi si\u0119 po oko\u0142o 3 sekundach.<\/em><\/p>\n\n\n\n<div style=\"text-align: center; border: 2px solid; border-image-source: linear-gradient(to right, #16b86c, #912899); border-image-slice: 1; box-shadow: 0 0 10px rgba(0, 0, 0, 0.1); border-radius: 15px; position: relative;\">\n  <div id=\"loading\" style=\"position: absolute; top: 100px; left: 50%; transform: translate(-50%, -50%); z-index: 1000;\">\n    <div style=\"width: 50px; height: 50px; border: 5px solid #f3f3f3; border-top: 5px solid #16b86c; border-radius: 50%; animation: spin 1s linear infinite;\"><\/div>\n  <\/div>\n  <iframe loading=\"lazy\"\n    src=\"https:\/\/rooc-remove-photo-object.hf.space\"\n    frameborder=\"0\"\n    width=\"100%\"\n    height=\"2500\"\n    style=\"display: inline-block; margin: 0 auto;\"\n    onload=\"document.getElementById('loading').style.display='none';\"\n  ><\/iframe>\n<\/div>\n\n<style>\n  @keyframes spin {\n    0% { transform: rotate(0deg); }\n    100% { transform: rotate(360deg); }\n  }\n<\/style>\n\n\n\n<div style=\"height:50px\" aria-hidden=\"true\" class=\"wp-block-spacer\"><\/div>\n\n\n\n<h2 class=\"wp-block-heading\" id=\"introduction-of-watermark-remover\">Wprowadzenie do narz\u0119dzia do usuwania znak\u00f3w wodnych<\/h2>\n\n\n\n<div class=\"wp-block-rank-math-toc-block\" id=\"rank-math-toc\"><h3>Spis tre\u015bci<\/h3><nav><ul><li><a href=\"#what-is-a-watermark-remover\">Czym jest narz\u0119dzie do usuwania znak\u00f3w wodnych?<\/a><\/li><li><a href=\"#why-use-a-watermark-remover\">Dlaczego warto u\u017cywa\u0107 narz\u0119dzia do usuwania znak\u00f3w wodnych?<\/a><\/li><li><a href=\"#who-can-benefit-from-using-a-watermark-remover\">Kto mo\u017ce skorzysta\u0107 na usuwaniu znak\u00f3w wodnych?<\/a><\/li><li><a href=\"#top-10-watermark-remover-tools-features-pros-cons-advantages-challenges-and-suggestions\">10 najlepszych narz\u0119dzi do usuwania znak\u00f3w wodnych: Funkcje, zalety, wady, zalety, wyzwania i sugestie<\/a><\/li><li><a href=\"#frequently-asked-questions-faq\">Cz\u0119sto zadawane pytania (FAQ)<\/a><\/li><\/ul><\/nav><\/div>\n\n\n\n<h3 class=\"wp-block-heading\" id=\"what-is-a-watermark-remover\">Czym jest narz\u0119dzie do usuwania znak\u00f3w wodnych?<\/h3>\n\n\n\n<p class=\"\">Narz\u0119dzie do usuwania znak\u00f3w wodnych to narz\u0119dzie lub oprogramowanie przeznaczone do usuwania znak\u00f3w wodnych ze zdj\u0119\u0107 lub film\u00f3w. Znaki wodne to zazwyczaj logo, tekst lub inne grafiki, kt\u00f3re s\u0105 nak\u0142adane na zdj\u0119cia lub filmy w celu wskazania w\u0142asno\u015bci lub praw autorskich. Narz\u0119dzie do usuwania znak\u00f3w wodnych wykorzystuje zaawansowane algorytmy, cz\u0119sto oparte na sztucznej inteligencji, do identyfikowania i usuwania tych znak\u00f3w wodnych, pozostawiaj\u0105c oryginalny obraz lub wideo w stanie nienaruszonym.<\/p>\n\n\n\n<h3 class=\"wp-block-heading\" id=\"why-use-a-watermark-remover\">Dlaczego warto u\u017cywa\u0107 narz\u0119dzia do usuwania znak\u00f3w wodnych?<\/h3>\n\n\n\n<p class=\"\">Korzystanie z narz\u0119dzia do usuwania znak\u00f3w wodnych mo\u017ce by\u0107 kluczowe z kilku powod\u00f3w:<\/p>\n\n\n\n<ul class=\"wp-block-list\">\n<li class=\"\"><strong>Przywr\u00f3cenie<\/strong>: Pomaga przywr\u00f3ci\u0107 oryginalny no\u015bnik bez \u017cadnych przeszk\u00f3d.<\/li>\n\n\n\n<li class=\"\"><strong>Zastosowanie profesjonalne<\/strong>: Niezb\u0119dny dla fotograf\u00f3w, kamerzyst\u00f3w i projektant\u00f3w, kt\u00f3rzy potrzebuj\u0105 czystych obraz\u00f3w i film\u00f3w do swojej pracy.<\/li>\n\n\n\n<li class=\"\"><strong>Edycja tre\u015bci<\/strong>: Pozwala u\u017cytkownikom edytowa\u0107 i zmienia\u0107 przeznaczenie multimedi\u00f3w bez rozpraszaj\u0105cych znak\u00f3w wodnych.<\/li>\n\n\n\n<li class=\"\"><strong>Legalne u\u017cytkowanie<\/strong>: Wa\u017cne jest, aby usun\u0105\u0107 znaki wodne z no\u015bnik\u00f3w, do kt\u00f3rych masz prawa, ale kt\u00f3re zosta\u0142y oznaczone znakiem wodnym z powodu wcze\u015bniejszego u\u017cycia lub dystrybucji.<\/li>\n<\/ul>\n\n\n\n<h3 class=\"wp-block-heading\" id=\"who-can-benefit-from-using-a-watermark-remover\">Kto mo\u017ce skorzysta\u0107 na usuwaniu znak\u00f3w wodnych?<\/h3>\n\n\n\n<p class=\"\">Z usuwania znak\u00f3w wodnych mog\u0105 skorzysta\u0107 r\u00f3\u017cne osoby i bran\u017ce, w tym:<\/p>\n\n\n\n<ul class=\"wp-block-list\">\n<li class=\"\"><strong>Fotografowie<\/strong>: Czyszczenie zdj\u0119\u0107 do prezentacji portfolio.<\/li>\n\n\n\n<li class=\"\"><strong>Tw\u00f3rcy tre\u015bci<\/strong>: Do tworzenia tre\u015bci bez znaku wodnego dla medi\u00f3w spo\u0142eczno\u015bciowych i stron internetowych.<\/li>\n\n\n\n<li class=\"\"><strong>Specjali\u015bci ds. marketingu<\/strong>: Zapewnienie czysto\u015bci i profesjonalnego wygl\u0105du materia\u0142\u00f3w promocyjnych.<\/li>\n\n\n\n<li class=\"\"><strong>Nauczyciele<\/strong>: Do korzystania z obraz\u00f3w i film\u00f3w w prezentacjach i materia\u0142ach edukacyjnych bez rozpraszania uwagi.<\/li>\n\n\n\n<li class=\"\"><strong>Firmy<\/strong>: Utrzymanie profesjonalnego wizerunku w materia\u0142ach marketingowych i brandingowych.<\/li>\n<\/ul>\n\n\n\n<h3 class=\"wp-block-heading\" id=\"top-10-watermark-remover-tools-features-pros-cons-advantages-challenges-and-suggestions\">10 najlepszych narz\u0119dzi do usuwania znak\u00f3w wodnych: Funkcje, zalety, wady, zalety, wyzwania i sugestie<\/h3>\n\n\n\n<figure class=\"wp-block-table\"><table class=\"has-fixed-layout\"><thead><tr><th>Nazwa narz\u0119dzia<\/th><th>URL<\/th><th>Cechy<\/th><th>Plusy<\/th><th>Wady<\/th><th>Zalety<\/th><th>Wyzwania<\/th><th>Sugestie<\/th><\/tr><\/thead><tbody><tr><td>AI Art Free Watermark Remover<\/td><td><a href=\"https:\/\/aiartfree.online\/pl\/narzedzie-do-usuwania-znakow-wodnych\/\">AI Art Free<\/a><\/td><td>Bezp\u0142atne, nieograniczone, bez rejestracji, oparte na sztucznej inteligencji, przyjazne dla u\u017cytkownika<\/td><td>\u0141atwy w u\u017cyciu, Bezp\u0142atny, Nie wymaga rejestracji, Wysoka jako\u015b\u0107 wydruku<\/td><td>Ograniczone funkcje zaawansowane<\/td><td>Doskona\u0142y do szybkiego i \u0142atwego usuwania<\/td><td>Mo\u017ce nie dzia\u0142a\u0107 dobrze na z\u0142o\u017conych t\u0142ach<\/td><td>Idealny dla zwyk\u0142ych u\u017cytkownik\u00f3w potrzebuj\u0105cych szybkiego usuni\u0119cia znaku wodnego<\/td><\/tr><tr><td>Remove.bg<\/td><td>Remove.bg<\/td><td>Obs\u0142ugiwane przez sztuczn\u0105 inteligencj\u0119 zdj\u0119cia<\/td><td>Wysoka dok\u0142adno\u015b\u0107, przyjazny dla u\u017cytkownika<\/td><td>Ograniczone do zdj\u0119\u0107, Nie za darmo<\/td><td>\u015awietne dla fotograf\u00f3w<\/td><td>Funkcje premium wymagaj\u0105 subskrypcji<\/td><td>Idealny dla u\u017cytkownik\u00f3w skupiaj\u0105cych si\u0119 na zdj\u0119ciach<\/td><\/tr><tr><td>Inpaint<\/td><td>Inpaint<\/td><td>Wyb\u00f3r r\u0119czny, obs\u0142uga r\u00f3\u017cnych format\u00f3w<\/td><td>Wysoka kontrola, wszechstronno\u015b\u0107<\/td><td>Proces r\u0119czny mo\u017ce by\u0107 czasoch\u0142onny<\/td><td>Idealny do szczeg\u00f3\u0142owej pracy<\/td><td>Stroma krzywa uczenia si\u0119<\/td><td>Zalecane dla zaawansowanych u\u017cytkownik\u00f3w<\/td><\/tr><tr><td>Apowersoft Watermark Remover<\/td><td>Apowersoft<\/td><td>Przetwarzanie wsadowe, obs\u0142uga zdj\u0119\u0107 i film\u00f3w<\/td><td>Wydajno\u015b\u0107, wszechstronno\u015b\u0107<\/td><td>Do korzystania z wszystkich funkcji wymagana jest subskrypcja<\/td><td>Dobry do zada\u0144 masowych<\/td><td>Mo\u017ce by\u0107 kosztowne<\/td><td>Najlepszy dla cz\u0119stych u\u017cytkownik\u00f3w o du\u017cych potrzebach<\/td><\/tr><tr><td>HitPaw Watermark Remover<\/td><td>HitPaw<\/td><td>Obs\u0142uga zdj\u0119\u0107 i film\u00f3w, wspomagana przez AI<\/td><td>Wysoka jako\u015b\u0107, wszechstronno\u015b\u0107<\/td><td>Do korzystania z wszystkich funkcji wymagana jest subskrypcja<\/td><td>Nadaje si\u0119 zar\u00f3wno do zdj\u0119\u0107, jak i film\u00f3w<\/td><td>Mo\u017ce by\u0107 kosztowne<\/td><td>\u015awietne rozwi\u0105zanie dla profesjonalist\u00f3w<\/td><\/tr><tr><td>SoftOrbits Photo Stamp Remover<\/td><td>SoftOrbits<\/td><td>Oparte na sztucznej inteligencji, obs\u0142uguje przetwarzanie wsadowe<\/td><td>Wydajno\u015b\u0107, dok\u0142adno\u015b\u0107<\/td><td>Funkcje premium wymagaj\u0105 subskrypcji<\/td><td>Idealny do zada\u0144 masowych<\/td><td>Kosztowne dla okazjonalnych u\u017cytkownik\u00f3w<\/td><td>Zalecane dla cz\u0119stych u\u017cytkownik\u00f3w<\/td><\/tr><tr><td>Wondershare Fotophire<\/td><td>Fotophire<\/td><td>Obs\u0142uguje r\u00f3\u017cne formaty, \u0142atwy w u\u017cyciu<\/td><td>Wszechstronny, przyjazny dla u\u017cytkownika<\/td><td>Do korzystania z wszystkich funkcji wymagana jest subskrypcja<\/td><td>\u015awietne dla pocz\u0105tkuj\u0105cych<\/td><td>Drogie<\/td><td>Idealny dla nowych u\u017cytkownik\u00f3w<\/td><\/tr><tr><td>GIMP<\/td><td>GIMP<\/td><td>Darmowe, Open-source, R\u0119czna edycja<\/td><td>Wysoce konfigurowalny, bezp\u0142atny<\/td><td>Stroma krzywa uczenia si\u0119<\/td><td>Idealny do szczeg\u00f3\u0142owej edycji<\/td><td>Z\u0142o\u017cony interfejs<\/td><td>Najlepsze dla zaawansowanych u\u017cytkownik\u00f3w<\/td><\/tr><tr><td>PhotoWorks<\/td><td>PhotoWorks<\/td><td>Oparta na sztucznej inteligencji, obs\u0142uguje r\u00f3\u017cne formaty<\/td><td>Dok\u0142adny, \u0142atwy w u\u017cyciu<\/td><td>Do korzystania z wszystkich funkcji wymagana jest subskrypcja<\/td><td>Doskona\u0142y do u\u017cytku codziennego i profesjonalnego<\/td><td>Mo\u017ce by\u0107 kosztowne<\/td><td>Idealny dla wszystkich poziom\u00f3w u\u017cytkownik\u00f3w<\/td><\/tr><tr><td>Pixlr<\/td><td><a href=\"https:\/\/bingimagecreator.online\/\" target=\"_blank\" data-type=\"link\" data-id=\"https:\/\/bingimagecreator.online\/\" rel=\"noreferrer noopener\">Pixlr<\/a><\/td><td>Darmowy, Narz\u0119dzie online, Edycja r\u0119czna<\/td><td>Dost\u0119pny, Bezp\u0142atny<\/td><td>Ograniczone funkcje zaawansowane<\/td><td>Dobry do szybkiej edycji<\/td><td>Ograniczona funkcjonalno\u015b\u0107<\/td><td>Najlepsza do szybkich i prostych zada\u0144<\/td><\/tr><\/tbody><\/table><\/figure>\n\n\n\n<h3 class=\"wp-block-heading\" id=\"frequently-asked-questions-faq\">Cz\u0119sto zadawane pytania (FAQ)<\/h3>\n\n\n\n<ol class=\"wp-block-list\">\n<li class=\"\"><strong>Jak usun\u0105\u0107 znak wodny ze zdj\u0119cia?<\/strong>\n<ul class=\"wp-block-list\">\n<li class=\"\">Aby usun\u0105\u0107 znak wodny ze zdj\u0119cia, mo\u017cna skorzysta\u0107 z narz\u0119dzi online, takich jak AI Art Free Watermark Remover. Wystarczy przes\u0142a\u0107 zdj\u0119cie, wybra\u0107 obszar znaku wodnego, a narz\u0119dzie automatycznie go usunie.<\/li>\n<\/ul>\n<\/li>\n\n\n\n<li class=\"\"><strong>Jak usun\u0105\u0107 znak wodny z wideo?<\/strong>\n<ul class=\"wp-block-list\">\n<li class=\"\">U\u017cyj narz\u0119dzi takich jak Apowersoft Watermark Remover, kt\u00f3re obs\u0142uguj\u0105 formaty wideo. Prze\u015blij wideo, wybierz obszar znaku wodnego, a narz\u0119dzie przetworzy wideo w celu usuni\u0119cia znaku wodnego.<\/li>\n<\/ul>\n<\/li>\n\n\n\n<li class=\"\"><strong>Czy istnieje darmowy program do usuwania znak\u00f3w wodnych?<\/strong>\n<ul class=\"wp-block-list\">\n<li class=\"\">Tak, AI Art Free Watermark Remover to darmowe narz\u0119dzie, kt\u00f3re pozwala na nieograniczone korzystanie bez rejestracji.<\/li>\n<\/ul>\n<\/li>\n\n\n\n<li class=\"\"><strong>Czy sztuczna inteligencja mo\u017ce usuwa\u0107 znaki wodne?<\/strong>\n<ul class=\"wp-block-list\">\n<li class=\"\">Tak, narz\u0119dzia oparte na sztucznej inteligencji, takie jak AI Art Free Watermark Remover i Remove.bg, mog\u0105 skutecznie usuwa\u0107 znaki wodne z obraz\u00f3w przy u\u017cyciu zaawansowanych algorytm\u00f3w.<\/li>\n<\/ul>\n<\/li>\n\n\n\n<li class=\"\"><strong>Jaki jest najlepszy program do usuwania znak\u00f3w wodnych ze zdj\u0119\u0107?<\/strong>\n<ul class=\"wp-block-list\">\n<li class=\"\">AI Art Free Watermark Remover i Remove.bg to jedne z najlepszych narz\u0119dzi do usuwania znak\u00f3w wodnych ze zdj\u0119\u0107 ze wzgl\u0119du na ich wysok\u0105 dok\u0142adno\u015b\u0107 i \u0142atwo\u015b\u0107 u\u017cycia.<\/li>\n<\/ul>\n<\/li>\n\n\n\n<li class=\"\"><strong>Jaki jest najlepszy program do usuwania znak\u00f3w wodnych z film\u00f3w?<\/strong>\n<ul class=\"wp-block-list\">\n<li class=\"\">Apowersoft Watermark Remover i HitPaw Watermark Remover to doskona\u0142e narz\u0119dzia do usuwania znak\u00f3w wodnych z film\u00f3w.<\/li>\n<\/ul>\n<\/li>\n\n\n\n<li class=\"\"><strong>Czy istniej\u0105 programy do usuwania znak\u00f3w wodnych bez ogranicze\u0144?<\/strong>\n<ul class=\"wp-block-list\">\n<li class=\"\">Tak, AI Art Free Watermark Remover oferuje nieograniczone korzystanie bez konieczno\u015bci rejestracji lub subskrypcji.<\/li>\n<\/ul>\n<\/li>\n\n\n\n<li class=\"\"><strong>Jak usun\u0105\u0107 niechciane obiekty z obraz\u00f3w?<\/strong>\n<ul class=\"wp-block-list\">\n<li class=\"\">Narz\u0119dzia takie jak Inpaint umo\u017cliwiaj\u0105 r\u0119czne zaznaczanie i usuwanie niechcianych obiekt\u00f3w z obraz\u00f3w, zapewniaj\u0105c precyzyjn\u0105 kontrol\u0119 nad procesem edycji.<\/li>\n<\/ul>\n<\/li>\n\n\n\n<li class=\"\"><strong>Czy istniej\u0105 przyjazne dla u\u017cytkownika narz\u0119dzia do usuwania znak\u00f3w wodnych?<\/strong>\n<ul class=\"wp-block-list\">\n<li class=\"\">Tak, narz\u0119dzia takie jak AI Art Free Watermark Remover i Wondershare Fotophire s\u0105 znane ze swoich przyjaznych dla u\u017cytkownika interfejs\u00f3w.<\/li>\n<\/ul>\n<\/li>\n\n\n\n<li class=\"\"><strong>Czy programy do usuwania znak\u00f3w wodnych zachowuj\u0105 oryginaln\u0105 jako\u015b\u0107?<\/strong>\n<ul class=\"wp-block-list\">\n<li class=\"\">Wysokiej jako\u015bci narz\u0119dzia, takie jak AI Art Free Watermark Remover i HitPaw Watermark Remover, zosta\u0142y zaprojektowane w celu zachowania oryginalnej jako\u015bci obraz\u00f3w i film\u00f3w po usuni\u0119ciu znak\u00f3w wodnych.<\/li>\n<\/ul>\n<\/li>\n<\/ol>","protected":false},"excerpt":{"rendered":"<p>Before vs After How to use Watermark Remover *&nbsp;Depending on your internet speed, loading the model may take a few seconds.* There will be caching during continuous generation, and the new image will appear after about 3 seconds. Introduction of Watermark Remover What is a Watermark Remover? A watermark remover is a tool or software &#8230; <a title=\"Narz\u0119dzie do usuwania znak\u00f3w wodnych\" class=\"read-more\" href=\"https:\/\/aiartfree.online\/pl\/narzedzie-do-usuwania-znakow-wodnych\/\" aria-label=\"Read more about Watermark Remover\">Dowiedz si\u0119 wi\u0119cej<\/a><\/p>","protected":false},"author":1,"featured_media":3304,"parent":0,"menu_order":0,"comment_status":"open","ping_status":"closed","template":"","meta":{"nf_dc_page":"","footnotes":""},"class_list":["post-3281","page","type-page","status-publish","has-post-thumbnail"],"jetpack_sharing_enabled":true,"_links":{"self":[{"href":"https:\/\/aiartfree.online\/pl\/wp-json\/wp\/v2\/pages\/3281","targetHints":{"allow":["GET"]}}],"collection":[{"href":"https:\/\/aiartfree.online\/pl\/wp-json\/wp\/v2\/pages"}],"about":[{"href":"https:\/\/aiartfree.online\/pl\/wp-json\/wp\/v2\/types\/page"}],"author":[{"embeddable":true,"href":"https:\/\/aiartfree.online\/pl\/wp-json\/wp\/v2\/users\/1"}],"replies":[{"embeddable":true,"href":"https:\/\/aiartfree.online\/pl\/wp-json\/wp\/v2\/comments?post=3281"}],"version-history":[{"count":0,"href":"https:\/\/aiartfree.online\/pl\/wp-json\/wp\/v2\/pages\/3281\/revisions"}],"wp:featuredmedia":[{"embeddable":true,"href":"https:\/\/aiartfree.online\/pl\/wp-json\/wp\/v2\/media\/3304"}],"wp:attachment":[{"href":"https:\/\/aiartfree.online\/pl\/wp-json\/wp\/v2\/media?parent=3281"}],"curies":[{"name":"wp","href":"https:\/\/api.w.org\/{rel}","templated":true}]}}