{"id":3270,"date":"2024-07-28T10:35:14","date_gmt":"2024-07-28T10:35:14","guid":{"rendered":"https:\/\/aiartfree.online\/?page_id=3270"},"modified":"2024-07-31T13:03:11","modified_gmt":"2024-07-31T13:03:11","slug":"ai-photo-generator","status":"publish","type":"page","link":"https:\/\/aiartfree.online\/pl\/generator-zdjec-ai\/","title":{"rendered":"Generator zdj\u0119\u0107 AI"},"content":{"rendered":"<h2 class=\"wp-block-heading has-text-align-center\">Co stworzyli nasi u\u017cytkownicy<\/h2>\n\n\n\n<figure class=\"gb-block-image gb-block-image-1822da1f\"><img data-recalc-dims=\"1\" decoding=\"async\" loading=\"lazy\" width=\"1200\" height=\"823\" class=\"gb-image gb-image-1822da1f\" src=\"https:\/\/i0.wp.com\/aiartfree.online\/wp-content\/uploads\/2024\/07\/WX20240731-165815%402x.jpg?resize=1200%2C823&#038;ssl=1\" alt=\"Generator zdj\u0119\u0107 AI\" title=\"WX20240731-165815@2x\" srcset=\"https:\/\/i0.wp.com\/aiartfree.online\/wp-content\/uploads\/2024\/07\/WX20240731-165815%402x.jpg?w=1630&amp;ssl=1 1630w, https:\/\/i0.wp.com\/aiartfree.online\/wp-content\/uploads\/2024\/07\/WX20240731-165815%402x.jpg?resize=300%2C206&amp;ssl=1 300w, https:\/\/i0.wp.com\/aiartfree.online\/wp-content\/uploads\/2024\/07\/WX20240731-165815%402x.jpg?resize=1024%2C702&amp;ssl=1 1024w, https:\/\/i0.wp.com\/aiartfree.online\/wp-content\/uploads\/2024\/07\/WX20240731-165815%402x.jpg?resize=768%2C527&amp;ssl=1 768w, https:\/\/i0.wp.com\/aiartfree.online\/wp-content\/uploads\/2024\/07\/WX20240731-165815%402x.jpg?resize=1536%2C1054&amp;ssl=1 1536w, https:\/\/i0.wp.com\/aiartfree.online\/wp-content\/uploads\/2024\/07\/WX20240731-165815%402x.jpg?resize=18%2C12&amp;ssl=1 18w, https:\/\/i0.wp.com\/aiartfree.online\/wp-content\/uploads\/2024\/07\/WX20240731-165815%402x.jpg?resize=600%2C412&amp;ssl=1 600w\" sizes=\"auto, (max-width: 1200px) 100vw, 1200px\" \/><\/figure>\n\n\n\n<h2 class=\"wp-block-heading\">Jak korzysta\u0107 z generatora zdj\u0119\u0107 AI<\/h2>\n\n\n\n<ol class=\"wp-block-list\">\n<li class=\"\">Wprowad\u017a swoj\u0105 podpowied\u017a lub wybierz jeden z przyk\u0142ad\u00f3w podpowiedzi<\/li>\n\n\n\n<li class=\"\">Kliknij \"Generuj\"<\/li>\n\n\n\n<li class=\"\">Czekaj, to jest to!<\/li>\n<\/ol>\n\n\n\n<h3 class=\"wp-block-heading has-medium-font-size\">Przyk\u0142ady podpowiedzi<\/h3>\n\n\n\n<ul class=\"wp-block-list has-small-font-size\">\n<li class=\"\">pi\u0119kna kobieta, noc, z gwiazdami, misterny, elegancki, bardzo szczeg\u00f3\u0142owy, g\u0142adki, ostro\u015b\u0107<\/li>\n\n\n\n<li class=\"\">pi\u0119kna kobieta, noc, sci-fi, fantasy, misterny, elegancki, niebieska sukienka, magiczny, bardzo szczeg\u00f3\u0142owy, g\u0142adki, ostro\u015b\u0107, ilustracja<\/li>\n\n\n\n<li class=\"\">pi\u0119kna kobieta na pla\u017cy, relaksuj\u0105ca, eteryczna, marzycielska, pod\u015bwietlana, bardzo szczeg\u00f3\u0142owa, realistyczne o\u015bwietlenie, ostra ostro\u015b\u0107, zasada tr\u00f3jpodzia\u0142u, hd, oktan, 4k<\/li>\n\n\n\n<li class=\"\">pi\u0119kna kobieta, du\u017ce cycki, kochanka domme, steampunk, nie\u015bmia\u0142y u\u015bmiech, 4k, Ma\u0142y szczeg\u00f3\u0142<\/li>\n\n\n\n<li class=\"\">pi\u0119kna kobieta, noc, z gwiazdami, misterny, elegancki, bardzo szczeg\u00f3\u0142owy, g\u0142adki, ostro\u015b\u0107<\/li>\n<\/ul>\n\n\n\n<p class=\"\">U\u017cycie&nbsp;<a href=\"https:\/\/aiartfree.online\/pl\/generator-podpowiedzi\/\" target=\"_blank\" data-type=\"page\" data-id=\"3164\" rel=\"noreferrer noopener\">Generator monit\u00f3w<\/a>&nbsp;aby poszerzy\u0107 granice swojej wyobra\u017ani<\/p>\n\n\n\n<p class=\"\"><em>* W zale\u017cno\u015bci od szybko\u015bci \u0142\u0105cza internetowego \u0142adowanie modelu mo\u017ce potrwa\u0107 kilka sekund.<br>* Podczas ci\u0105g\u0142ego generowania nast\u0105pi buforowanie, a nowy obraz pojawi si\u0119 po oko\u0142o 3 sekundach.<\/em><\/p>\n\n\n\n<div class=\"iframe-wrapper\" style=\"position: relative; width: 100%; height: 950px;\">\n  <div class=\"loading\" style=\"position: absolute; top: 50px; left: 50%; transform: translate(-50%, -50%); width: 40px; height: 40px; border: 3px solid #f0f0f0; border-top: 3px solid #db7093; border-radius: 50%; animation: spin 1s linear infinite;\"><\/div>\n  <iframe loading=\"lazy\" src=\"https:\/\/playgroundai-playground-v2-5.hf.space\" frameborder=\"0\" width=\"100%\" height=\"100%\" style=\"position: absolute; top: 0; left: 0; opacity: 0; transition: opacity 0.3s;\" onload=\"this.style.opacity=1;this.previousElementSibling.style.display='none';\"><\/iframe>\n<\/div>\n\n<style>\n@keyframes spin {\n  0% { transform: translate(-50%, -50%) rotate(0deg); }\n  100% { transform: translate(-50%, -50%) rotate(360deg); }\n}\n<\/style>\n\n\n\n<div style=\"height:50px\" aria-hidden=\"true\" class=\"wp-block-spacer\"><\/div>\n\n\n\n<h2 class=\"wp-block-heading\">Wprowadzenie do generatora zdj\u0119\u0107 AI<\/h2>\n\n\n\n<p class=\"\">W szybko zmieniaj\u0105cym si\u0119 cyfrowym \u015bwiecie generatory zdj\u0119\u0107 AI sta\u0142y si\u0119 niezb\u0119dnymi narz\u0119dziami dla artyst\u00f3w, marketer\u00f3w i tw\u00f3rc\u00f3w tre\u015bci. W tym artykule dowiemy si\u0119, czym s\u0105 generatory zdj\u0119\u0107 AI, jakie jest ich znaczenie i jak mo\u017cna je wykorzysta\u0107 w r\u00f3\u017cnych bran\u017cach. Ponadto zbadamy najlepsze dost\u0119pne obecnie generatory zdj\u0119\u0107 AI, w tym wysoce zalecane narz\u0119dzie od <a href=\"https:\/\/aiartfree.online\/pl\/generator-zdjec-ai\/\">AI Art Free<\/a>.<\/p>\n\n\n\n<figure class=\"wp-block-image size-full is-resized\"><img data-recalc-dims=\"1\" data-dominant-color=\"70574e\" data-has-transparency=\"false\" decoding=\"async\" width=\"1024\" height=\"1024\"   loading=\"lazy\" src=\"https:\/\/i0.wp.com\/aiartfree.online\/wp-content\/uploads\/2024\/07\/image-30.webp?resize=1024%2C1024&#038;ssl=1\" alt=\"W szybko zmieniaj\u0105cym si\u0119 cyfrowym \u015bwiecie generatory zdj\u0119\u0107 AI sta\u0142y si\u0119 niezb\u0119dnymi narz\u0119dziami dla artyst\u00f3w, marketer\u00f3w i tw\u00f3rc\u00f3w tre\u015bci. W tym artykule dowiemy si\u0119, czym s\u0105 generatory zdj\u0119\u0107 AI, jakie jest ich znaczenie i jak mo\u017cna je wykorzysta\u0107 w r\u00f3\u017cnych bran\u017cach. Ponadto zbadamy najlepsze dost\u0119pne obecnie generatory zdj\u0119\u0107 AI, w tym wysoce zalecane narz\u0119dzie od AI Art Free.\" class=\"wp-image-3278 not-transparent\" style=\"--dominant-color: #70574e; width:436px;height:auto\" srcset=\"https:\/\/i0.wp.com\/aiartfree.online\/wp-content\/uploads\/2024\/07\/image-30.webp?w=1024&amp;ssl=1 1024w, https:\/\/i0.wp.com\/aiartfree.online\/wp-content\/uploads\/2024\/07\/image-30.webp?resize=300%2C300&amp;ssl=1 300w, https:\/\/i0.wp.com\/aiartfree.online\/wp-content\/uploads\/2024\/07\/image-30.webp?resize=150%2C150&amp;ssl=1 150w, https:\/\/i0.wp.com\/aiartfree.online\/wp-content\/uploads\/2024\/07\/image-30.webp?resize=768%2C768&amp;ssl=1 768w, https:\/\/i0.wp.com\/aiartfree.online\/wp-content\/uploads\/2024\/07\/image-30.webp?resize=12%2C12&amp;ssl=1 12w, https:\/\/i0.wp.com\/aiartfree.online\/wp-content\/uploads\/2024\/07\/image-30.webp?resize=600%2C600&amp;ssl=1 600w, https:\/\/i0.wp.com\/aiartfree.online\/wp-content\/uploads\/2024\/07\/image-30.webp?resize=100%2C100&amp;ssl=1 100w\" sizes=\"auto, (max-width: 1024px) 100vw, 1024px\" \/><\/figure>\n\n\n\n<h3 class=\"wp-block-heading\">Spis tre\u015bci<\/h3>\n\n\n\n<ol class=\"wp-block-list\">\n<li class=\"\"><a href=\"#what-is-an-ai-photo-generator\">Czym jest generator zdj\u0119\u0107 AI?<\/a><\/li>\n\n\n\n<li class=\"\"><a href=\"#why-use-an-ai-photo-generator\">Dlaczego warto korzysta\u0107 z generatora zdj\u0119\u0107 AI?<\/a><\/li>\n\n\n\n<li class=\"\"><a href=\"#who-can-benefit-from-ai-photo-generators\">Kto mo\u017ce skorzysta\u0107 z generator\u00f3w zdj\u0119\u0107 AI?<\/a><\/li>\n\n\n\n<li class=\"\"><a href=\"#top-10-ai-photo-generators\">10 najlepszych generator\u00f3w zdj\u0119\u0107 AI<\/a><\/li>\n\n\n\n<li class=\"\"><a href=\"#faq\">FAQ<\/a><\/li>\n<\/ol>\n\n\n\n<h3 class=\"wp-block-heading\">Czym jest generator zdj\u0119\u0107 AI?<\/h3>\n\n\n\n<p class=\"\">Generator zdj\u0119\u0107 AI, znany r\u00f3wnie\u017c jako generator obraz\u00f3w AI, to narz\u0119dzie oparte na sztucznej inteligencji i uczeniu maszynowym, kt\u00f3re przekszta\u0142ca podpowiedzi tekstowe w unikalne obrazy. Narz\u0119dzia te wykorzystuj\u0105 generatywn\u0105 sztuczn\u0105 inteligencj\u0119 do tworzenia \u017cywych i r\u00f3\u017cnorodnych obraz\u00f3w na podstawie opis\u00f3w tekstowych dostarczonych przez u\u017cytkownika.<\/p>\n\n\n\n<h3 class=\"wp-block-heading\">Dlaczego warto korzysta\u0107 z generatora zdj\u0119\u0107 AI?<\/h3>\n\n\n\n<p class=\"\">Generatory zdj\u0119\u0107 AI maj\u0105 kluczowe znaczenie dla szybkiego i wydajnego tworzenia unikalnych obraz\u00f3w. Oferuj\u0105 one liczne korzy\u015bci:<\/p>\n\n\n\n<ul class=\"wp-block-list\">\n<li class=\"\"><strong>Kreatywno\u015b\u0107:<\/strong> Pomagaj\u0105 one w generowaniu unikalnych i kreatywnych obraz\u00f3w, kt\u00f3re si\u0119 wyr\u00f3\u017cniaj\u0105.<\/li>\n\n\n\n<li class=\"\"><strong>Wydajno\u015b\u0107:<\/strong> Pozwalaj\u0105 one zaoszcz\u0119dzi\u0107 czas poprzez natychmiastowe tworzenie wysokiej jako\u015bci obraz\u00f3w.<\/li>\n\n\n\n<li class=\"\"><strong>Wszechstronno\u015b\u0107:<\/strong> Mog\u0105 by\u0107 wykorzystywane do r\u00f3\u017cnych cel\u00f3w, od post\u00f3w w mediach spo\u0142eczno\u015bciowych po materia\u0142y marketingowe.<\/li>\n<\/ul>\n\n\n\n<h3 class=\"wp-block-heading\">Kto mo\u017ce skorzysta\u0107 z generator\u00f3w zdj\u0119\u0107 AI?<\/h3>\n\n\n\n<ul class=\"wp-block-list\">\n<li class=\"\"><strong>Arty\u015bci:<\/strong> Do tworzenia unikalnych dzie\u0142 sztuki cyfrowej.<\/li>\n\n\n\n<li class=\"\"><strong>Marketerzy:<\/strong> Do generowania wysokiej jako\u015bci obraz\u00f3w na potrzeby kampanii.<\/li>\n\n\n\n<li class=\"\"><strong>Tw\u00f3rcy tre\u015bci:<\/strong> Do ulepszania post\u00f3w na blogu, tre\u015bci w mediach spo\u0142eczno\u015bciowych i nie tylko.<\/li>\n\n\n\n<li class=\"\"><strong>Firmy:<\/strong> Do projektowania materia\u0142\u00f3w marketingowych, stron internetowych i reklam.<\/li>\n<\/ul>\n\n\n\n<h3 class=\"wp-block-heading\">10 najlepszych generator\u00f3w zdj\u0119\u0107 AI<\/h3>\n\n\n\n<figure class=\"wp-block-table\"><table class=\"has-fixed-layout\"><thead><tr><th><strong>Narz\u0119dzie<\/strong><\/th><th><strong>Strona internetowa<\/strong><\/th><th><strong>Zalety<\/strong><\/th><th><strong>Wady<\/strong><\/th><th><strong>Wyzwania<\/strong><\/th><th><strong>Sugestie<\/strong><\/th><\/tr><\/thead><tbody><tr><td><strong>AI Art Free<\/strong><\/td><td><a href=\"https:\/\/aiartfree.online\/pl\/generator-zdjec-ai\/\">aiartfree.online<\/a><\/td><td>Bezp\u0142atna, \u0142atwa w u\u017cyciu, generuje obrazy wysokiej jako\u015bci<\/td><td>Ograniczona personalizacja<\/td><td>Wymaga sta\u0142ego po\u0142\u0105czenia z Internetem<\/td><td>Regularne aktualizacje zwi\u0119kszaj\u0105ce funkcjonalno\u015b\u0107<\/td><\/tr><tr><td><strong>DeepArt<\/strong><\/td><td><a href=\"https:\/\/deepart.io\" target=\"_blank\" rel=\"noopener\">deepart.io<\/a><\/td><td>\u015awietne filtry artystyczne<\/td><td>Powolne przetwarzanie<\/td><td>Nie zawsze dok\u0142adne<\/td><td>Poprawa szybko\u015bci przetwarzania<\/td><\/tr><tr><td><strong>Runway ML<\/strong><\/td><td><a href=\"https:\/\/runwayml.com\" target=\"_blank\" rel=\"noopener\">runwayml.com<\/a><\/td><td>Wszechstronny, profesjonalny<\/td><td>Drogie<\/td><td>Stroma krzywa uczenia si\u0119<\/td><td>Udost\u0119pnianie samouczk\u00f3w<\/td><\/tr><tr><td><strong>Artbreeder<\/strong><\/td><td><a href=\"https:\/\/artbreeder.com\" target=\"_blank\" rel=\"noopener\">artbreeder.com<\/a><\/td><td>Wsp\u00f3lne, unikalne wyniki<\/td><td>Ograniczona wersja darmowa<\/td><td>Interfejs mo\u017ce by\u0107 z\u0142o\u017cony<\/td><td>Uproszczenie interfejsu u\u017cytkownika<\/td><\/tr><tr><td><strong>DALL-E<\/strong><\/td><td><a href=\"https:\/\/aiartfree.online\/pl\/free-dalle-3\/\" data-type=\"page\" data-id=\"2889\">openai.com\/dall-e<\/a><\/td><td>Wysoka jako\u015b\u0107 obrazu, innowacyjno\u015b\u0107<\/td><td>Ograniczony dost\u0119p<\/td><td>Wysoki popyt<\/td><td>Zwi\u0119kszenie dost\u0119pno\u015bci<\/td><\/tr><tr><td><strong>Generator g\u0142\u0119bokich sn\u00f3w<\/strong><\/td><td><a href=\"https:\/\/deepdreamgenerator.com\" target=\"_blank\" rel=\"noopener\">deepdreamgenerator.com<\/a><\/td><td>Surrealistyczne, artystyczne obrazy<\/td><td>Mo\u017ce by\u0107 abstrakcyjny<\/td><td>Nie nadaje si\u0119 do wszystkich cel\u00f3w<\/td><td>Oferuj wi\u0119cej styl\u00f3w<\/td><\/tr><tr><td><strong>NightCafe<\/strong><\/td><td><a href=\"https:\/\/nightcafe.studio\" target=\"_blank\" rel=\"noopener\">nightcafe.studio<\/a><\/td><td>\u0141atwa obs\u0142uga, funkcje spo\u0142eczno\u015bciowe<\/td><td>Ograniczone bezp\u0142atne opcje<\/td><td>Mo\u017ce by\u0107 kosztowne<\/td><td>Wi\u0119cej bezp\u0142atnych funkcji<\/td><\/tr><tr><td><strong>Big Sleep<\/strong><\/td><td><a href=\"https:\/\/bigsleep.dev\" target=\"_blank\" rel=\"noopener\">bigsleep.dev<\/a><\/td><td>Otwarte oprogramowanie, mo\u017cliwo\u015b\u0107 dostosowania<\/td><td>Wymaga wiedzy technicznej<\/td><td>Z\u0142o\u017cona konfiguracja<\/td><td>Wi\u0119cej przewodnik\u00f3w<\/td><\/tr><tr><td><strong>Ganbreeder<\/strong><\/td><td><a href=\"https:\/\/ganbreeder.app\" target=\"_blank\" rel=\"noopener\">ganbreeder.app<\/a><\/td><td>Wsp\u00f3\u0142praca, kreatywno\u015b\u0107<\/td><td>Mo\u017ce by\u0107 nieprzewidywalny<\/td><td>Interfejs m\u00f3g\u0142by by\u0107 lepszy<\/td><td>Poprawa przewidywalno\u015bci<\/td><\/tr><tr><td><strong>StyleGAN2<\/strong><\/td><td><a href=\"https:\/\/github.com\/NVlabs\/stylegan2\" target=\"_blank\" rel=\"noopener\">github.com\/NVlabs\/stylegan2<\/a><\/td><td>Wysokiej jako\u015bci wyniki<\/td><td>Wymaga umiej\u0119tno\u015bci technicznych<\/td><td>Trudna konfiguracja<\/td><td>Bardziej przyjazne dla u\u017cytkownika samouczki<\/td><\/tr><\/tbody><\/table><\/figure>\n\n\n\n<h3 class=\"wp-block-heading\">FAQ<\/h3>\n\n\n\n<h4 class=\"wp-block-heading\">Jak rozpozna\u0107, \u017ce zdj\u0119cie zosta\u0142o wygenerowane przez sztuczn\u0105 inteligencj\u0119?<\/h4>\n\n\n\n<p class=\"\">Aby ustali\u0107, czy zdj\u0119cie zosta\u0142o wygenerowane przez sztuczn\u0105 inteligencj\u0119, nale\u017cy szuka\u0107 subtelnych anomalii, nienaturalnych wzor\u00f3w i braku drobnych szczeg\u00f3\u0142\u00f3w, kt\u00f3re s\u0105 powszechne w obrazach generowanych przez sztuczn\u0105 inteligencj\u0119.<\/p>\n\n\n\n<h4 class=\"wp-block-heading\">Jak generowa\u0107 zdj\u0119cia AI?<\/h4>\n\n\n\n<p class=\"\">Zdj\u0119cia AI mo\u017cna wygenerowa\u0107 za pomoc\u0105 generatora zdj\u0119\u0107 AI, takiego jak <a href=\"https:\/\/aiartfree.online\/pl\/generator-zdjec-ai\/\">AI Art Free<\/a>. Wystarczy wprowadzi\u0107 tekst i pozwoli\u0107 sztucznej inteligencji stworzy\u0107 obraz.<\/p>\n\n\n\n<h4 class=\"wp-block-heading\">Czy to zdj\u0119cie zosta\u0142o wygenerowane przez sztuczn\u0105 inteligencj\u0119?<\/h4>\n\n\n\n<p class=\"\">Aby sprawdzi\u0107, czy zdj\u0119cie zosta\u0142o wygenerowane przez sztuczn\u0105 inteligencj\u0119, u\u017cyj narz\u0119dzi zaprojektowanych do wykrywania tre\u015bci generowanych przez sztuczn\u0105 inteligencj\u0119 lub przeanalizuj obraz pod k\u0105tem niesp\u00f3jno\u015bci.<\/p>\n\n\n\n<h4 class=\"wp-block-heading\">Jaki jest najlepszy generator zdj\u0119\u0107 AI?<\/h4>\n\n\n\n<p class=\"\">Najlepszy generator zdj\u0119\u0107 AI r\u00f3\u017cni si\u0119 w zale\u017cno\u015bci od potrzeb, ale <a href=\"https:\/\/aiartfree.online\/pl\/generator-zdjec-ai\/\">AI Art Free<\/a> jest wysoce zalecany ze wzgl\u0119du na \u0142atwo\u015b\u0107 obs\u0142ugi i wysok\u0105 jako\u015b\u0107 wydruk\u00f3w.<\/p>\n\n\n\n<h4 class=\"wp-block-heading\">Jak tworzy\u0107 zdj\u0119cia generowane przez SI?<\/h4>\n\n\n\n<p class=\"\">Mo\u017cesz tworzy\u0107 zdj\u0119cia generowane przez sztuczn\u0105 inteligencj\u0119, wprowadzaj\u0105c opisowe podpowiedzi tekstowe do generatora zdj\u0119\u0107 AI, kt\u00f3ry utworzy obrazy na podstawie twoich opis\u00f3w.<\/p>\n\n\n\n<h3 class=\"wp-block-heading\">Dodatkowe modu\u0142y<\/h3>\n\n\n\n<h4 class=\"wp-block-heading\">Zrozumienie generatywnej sztucznej inteligencji i jej wp\u0142ywu<\/h4>\n\n\n\n<p class=\"\">Generatywna sztuczna inteligencja, kt\u00f3ra zasila generatory zdj\u0119\u0107 AI, to rodzaj sztucznej inteligencji, kt\u00f3ra mo\u017ce tworzy\u0107 nowe tre\u015bci z istniej\u0105cych danych. Technologia ta rewolucjonizuje bran\u017ce kreatywne, umo\u017cliwiaj\u0105c tworzenie unikalnych obraz\u00f3w, muzyki i tekstu.<\/p>\n\n\n\n<h4 class=\"wp-block-heading\">Korzy\u015bci z u\u017cywania generator\u00f3w zdj\u0119\u0107 AI w mediach spo\u0142eczno\u015bciowych<\/h4>\n\n\n\n<p class=\"\">Generatory zdj\u0119\u0107 AI s\u0105 nieocenione w mediach spo\u0142eczno\u015bciowych, poniewa\u017c pozwalaj\u0105 na tworzenie anga\u017cuj\u0105cych i unikalnych wizualizacji, kt\u00f3re przyci\u0105gaj\u0105 uwag\u0119 odbiorc\u00f3w i zwi\u0119kszaj\u0105 zaanga\u017cowanie.<\/p>\n\n\n\n<h4 class=\"wp-block-heading\">Rola uczenia maszynowego w generatorach zdj\u0119\u0107 AI<\/h4>\n\n\n\n<p class=\"\">Uczenie maszynowe jest podstaw\u0105 generator\u00f3w zdj\u0119\u0107 AI. Dzi\u0119ki niemu narz\u0119dzia te mog\u0105 uczy\u0107 si\u0119 na podstawie ogromnych zbior\u00f3w danych i z czasem poprawia\u0107 jako\u015b\u0107 i trafno\u015b\u0107 generowanych obraz\u00f3w.<\/p>\n\n\n\n<h3 class=\"wp-block-heading\">Wnioski<\/h3>\n\n\n\n<p class=\"\">Generatory zdj\u0119\u0107 AI to pot\u0119\u017cne narz\u0119dzia, kt\u00f3re wykorzystuj\u0105 mo\u017cliwo\u015bci sztucznej inteligencji i uczenia maszynowego do tworzenia unikalnych i wysokiej jako\u015bci obraz\u00f3w. Niezale\u017cnie od tego, czy jeste\u015b artyst\u0105, marketerem czy tw\u00f3rc\u0105 tre\u015bci, narz\u0119dzia te mog\u0105 znacznie usprawni\u0107 proces tw\u00f3rczy i wydajno\u015b\u0107. Rozumiej\u0105c ich zalety i wyzwania, mo\u017cesz w pe\u0142ni wykorzysta\u0107 te innowacyjne narz\u0119dzia do tworzenia osza\u0142amiaj\u0105cych wizualizacji, kt\u00f3re wyr\u00f3\u017cniaj\u0105 si\u0119 w ka\u017cdym medium.<\/p>\n\n\n\n<p class=\"\">Aby uzyska\u0107 najlepsze wra\u017cenia, zacznij od <a href=\"https:\/\/aiartfree.online\/pl\/generator-zdjec-ai\/\">AI Art Free<\/a> kt\u00f3re oferuje \u0142atwy i darmowy spos\u00f3b generowania wysokiej jako\u015bci zdj\u0119\u0107 AI.<\/p>","protected":false},"excerpt":{"rendered":"<p>What our users created How to use AI Photo Generator Prompt Examples Use&nbsp;Prompt Generator&nbsp;to Expand the Boundaries of Your Imagination *&nbsp;Depending on your internet speed, loading the model may take a few seconds.* There will be caching during continuous generation, and the new image will appear after about 3 seconds. Introduction of AI Photo Generator &#8230; <a title=\"Generator zdj\u0119\u0107 AI\" class=\"read-more\" href=\"https:\/\/aiartfree.online\/pl\/generator-zdjec-ai\/\" aria-label=\"Read more about AI Photo Generator\">Dowiedz si\u0119 wi\u0119cej<\/a><\/p>","protected":false},"author":1,"featured_media":3392,"parent":0,"menu_order":0,"comment_status":"open","ping_status":"closed","template":"","meta":{"nf_dc_page":"","footnotes":""},"class_list":["post-3270","page","type-page","status-publish","has-post-thumbnail"],"jetpack_sharing_enabled":true,"_links":{"self":[{"href":"https:\/\/aiartfree.online\/pl\/wp-json\/wp\/v2\/pages\/3270","targetHints":{"allow":["GET"]}}],"collection":[{"href":"https:\/\/aiartfree.online\/pl\/wp-json\/wp\/v2\/pages"}],"about":[{"href":"https:\/\/aiartfree.online\/pl\/wp-json\/wp\/v2\/types\/page"}],"author":[{"embeddable":true,"href":"https:\/\/aiartfree.online\/pl\/wp-json\/wp\/v2\/users\/1"}],"replies":[{"embeddable":true,"href":"https:\/\/aiartfree.online\/pl\/wp-json\/wp\/v2\/comments?post=3270"}],"version-history":[{"count":0,"href":"https:\/\/aiartfree.online\/pl\/wp-json\/wp\/v2\/pages\/3270\/revisions"}],"wp:featuredmedia":[{"embeddable":true,"href":"https:\/\/aiartfree.online\/pl\/wp-json\/wp\/v2\/media\/3392"}],"wp:attachment":[{"href":"https:\/\/aiartfree.online\/pl\/wp-json\/wp\/v2\/media?parent=3270"}],"curies":[{"name":"wp","href":"https:\/\/api.w.org\/{rel}","templated":true}]}}