{"id":3164,"date":"2024-07-24T07:24:20","date_gmt":"2024-07-24T07:24:20","guid":{"rendered":"https:\/\/aiartfree.online\/?page_id=3164"},"modified":"2024-08-02T11:02:53","modified_gmt":"2024-08-02T11:02:53","slug":"prompt-generator","status":"publish","type":"page","link":"https:\/\/aiartfree.online\/pl\/generator-podpowiedzi\/","title":{"rendered":"Generator monit\u00f3w"},"content":{"rendered":"<h2 class=\"wp-block-heading has-text-align-center\" id=\"before-prompt-generator-vs-after\">Przed generatorem zach\u0119ty vs po<\/h2>\n\n\n<div class=\"gb-grid-wrapper gb-grid-wrapper-274aea64\">\n<div class=\"gb-grid-column gb-grid-column-799665f9\"><div class=\"gb-container gb-container-799665f9\">\n\n<figure class=\"gb-block-image gb-block-image-858fbc7e\"><img data-recalc-dims=\"1\" decoding=\"async\" loading=\"lazy\" width=\"1024\" height=\"1024\" class=\"gb-image gb-image-858fbc7e\" src=\"https:\/\/i0.wp.com\/aiartfree.online\/wp-content\/uploads\/2024\/07\/image-25.jpg?resize=1024%2C1024&#038;ssl=1\" alt=\"Na cmentarzu nieodwzajemnionego metronomu\" title=\"obraz (25)\" srcset=\"https:\/\/i0.wp.com\/aiartfree.online\/wp-content\/uploads\/2024\/07\/image-25.jpg?w=1024&amp;ssl=1 1024w, https:\/\/i0.wp.com\/aiartfree.online\/wp-content\/uploads\/2024\/07\/image-25.jpg?resize=300%2C300&amp;ssl=1 300w, https:\/\/i0.wp.com\/aiartfree.online\/wp-content\/uploads\/2024\/07\/image-25.jpg?resize=150%2C150&amp;ssl=1 150w, https:\/\/i0.wp.com\/aiartfree.online\/wp-content\/uploads\/2024\/07\/image-25.jpg?resize=768%2C768&amp;ssl=1 768w, https:\/\/i0.wp.com\/aiartfree.online\/wp-content\/uploads\/2024\/07\/image-25.jpg?resize=12%2C12&amp;ssl=1 12w, https:\/\/i0.wp.com\/aiartfree.online\/wp-content\/uploads\/2024\/07\/image-25.jpg?resize=600%2C600&amp;ssl=1 600w, https:\/\/i0.wp.com\/aiartfree.online\/wp-content\/uploads\/2024\/07\/image-25.jpg?resize=100%2C100&amp;ssl=1 100w\" sizes=\"auto, (max-width: 1024px) 100vw, 1024px\" \/><\/figure>\n\n\n\n<h4 class=\"gb-headline gb-headline-7f59b675 gb-headline-text\">Podpowiedzi przed<\/h4>\n\n\n\n<p class=\"gb-headline gb-headline-ec66d865 gb-headline-text\">Na cmentarzu nieodwzajemnionego metronomu<\/p>\n\n<\/div><\/div>\n\n<div class=\"gb-grid-column gb-grid-column-b4f9a19c\"><div class=\"gb-container gb-container-b4f9a19c\">\n\n<figure class=\"gb-block-image gb-block-image-c763d41e\"><img data-recalc-dims=\"1\" decoding=\"async\" loading=\"lazy\" width=\"1024\" height=\"1024\" class=\"gb-image gb-image-c763d41e\" src=\"https:\/\/i0.wp.com\/aiartfree.online\/wp-content\/uploads\/2024\/07\/image-26-jpg.webp?resize=1024%2C1024&#038;ssl=1\" alt=\"Na cmentarzu nieodwzajemnionego metronomu, o\u015bwietlony \u015bwiecami, digital painting, artstation, concept art, craig mullins, zapieraj\u0105cy dech w piersiach, rozdzielczo\u015b\u0107 8 k, niezwykle szczeg\u00f3\u0142owy, pi\u0119kny, uj\u0119cie ustanawiaj\u0105ce, artystyczny, hiperrealistyczny, oktanowy render, kinowe o\u015bwietlenie, dramatyczne o\u015bwietlenie, arcydzie\u0142o, bezczelne \u015bwiat\u0142o\" title=\"obraz (26)\" srcset=\"https:\/\/i0.wp.com\/aiartfree.online\/wp-content\/uploads\/2024\/07\/image-26-jpg.webp?w=1024&amp;ssl=1 1024w, https:\/\/i0.wp.com\/aiartfree.online\/wp-content\/uploads\/2024\/07\/image-26-jpg.webp?resize=300%2C300&amp;ssl=1 300w, https:\/\/i0.wp.com\/aiartfree.online\/wp-content\/uploads\/2024\/07\/image-26-jpg.webp?resize=150%2C150&amp;ssl=1 150w, https:\/\/i0.wp.com\/aiartfree.online\/wp-content\/uploads\/2024\/07\/image-26-jpg.webp?resize=768%2C768&amp;ssl=1 768w, https:\/\/i0.wp.com\/aiartfree.online\/wp-content\/uploads\/2024\/07\/image-26-jpg.webp?resize=12%2C12&amp;ssl=1 12w, https:\/\/i0.wp.com\/aiartfree.online\/wp-content\/uploads\/2024\/07\/image-26-jpg.webp?resize=600%2C600&amp;ssl=1 600w, https:\/\/i0.wp.com\/aiartfree.online\/wp-content\/uploads\/2024\/07\/image-26-jpg.webp?resize=100%2C100&amp;ssl=1 100w\" sizes=\"auto, (max-width: 1024px) 100vw, 1024px\" \/><\/figure>\n\n\n\n<h4 class=\"gb-headline gb-headline-21a96621 gb-headline-text\">Podpowiedzi po<\/h4>\n\n\n\n<p class=\"gb-headline gb-headline-069e038b gb-headline-text\">Na cmentarzu nieodwzajemnionego metronomu, o\u015bwietlony \u015bwiecami, digital painting, artstation, concept art, craig mullins, zapieraj\u0105cy dech w piersiach, rozdzielczo\u015b\u0107 8 k, niezwykle szczeg\u00f3\u0142owy, pi\u0119kny, uj\u0119cie ustanawiaj\u0105ce, artystyczny, hiperrealistyczny, oktanowy render, kinowe o\u015bwietlenie, dramatyczne o\u015bwietlenie, arcydzie\u0142o, bezczelne \u015bwiat\u0142o<\/p>\n\n<\/div><\/div>\n<\/div>\n\n\n<div style=\"height:50px\" aria-hidden=\"true\" class=\"wp-block-spacer\"><\/div>\n\n\n\n<h2 class=\"wp-block-heading\" id=\"how-to-use-prompt-generator\">Jak korzysta\u0107 z Prompt Generator<\/h2>\n\n\n\n<ol class=\"wp-block-list\">\n<li class=\"\">Wprowad\u017a swoje przemy\u015blenia<\/li>\n\n\n\n<li class=\"\">Kliknij \"Prze\u015blij\"<\/li>\n\n\n\n<li class=\"\">Poczekaj na zrewolucjonizowane podpowiedzi<\/li>\n\n\n\n<li class=\"\">Przewi\u0144 w d\u00f3\u0142 i wklej sw\u00f3j zrewolucjonizowany monit dla generacji<\/li>\n\n\n\n<li class=\"\">Kliknij \"Generuj\"<\/li>\n\n\n\n<li class=\"\">Czekaj, to jest to!<\/li>\n<\/ol>\n\n\n\n<p class=\"\">Je\u015bli nie masz w g\u0142owie \u017cadnych my\u015bli, <a href=\"#maodian\" data-type=\"internal\" data-id=\"#maodian\">Kliknij, aby sprawdzi\u0107 nasz\u0105 Galeri\u0119 Prompt\u00f3w<\/a><\/p>\n\n\n\n<p class=\"\"><em>* W zale\u017cno\u015bci od szybko\u015bci \u0142\u0105cza internetowego \u0142adowanie modelu mo\u017ce potrwa\u0107 kilka sekund.<\/em><\/p>\n\n\n\n<div class=\"iframe-wrapper\" style=\"position: relative; width: 100%; height: 900px;\">\n  <div class=\"loading\" style=\"position: absolute; top: 50px; left: 50%; transform: translate(-50%, -50%); width: 40px; height: 40px; border: 3px solid #f0f0f0; border-top: 3px solid #db7093; border-radius: 50%; animation: spin 1s linear infinite;\"><\/div>\n  <iframe loading=\"lazy\" src=\"https:\/\/doevent-stable-diffusion-prompt-generator.hf.space\" frameborder=\"0\" width=\"100%\" height=\"100%\" style=\"position: absolute; top: 0; left: 0; opacity: 0; transition: opacity 0.3s;\" onload=\"this.style.opacity=1;this.previousElementSibling.style.display='none';\"><\/iframe>\n<\/div>\n\n<style>\n@keyframes spin {\n  0% { transform: translate(-50%, -50%) rotate(0deg); }\n  100% { transform: translate(-50%, -50%) rotate(360deg); }\n}\n<\/style>\n\n\n\n<div style=\"height:10px\" aria-hidden=\"true\" class=\"wp-block-spacer\"><\/div>\n\n\n\n<p class=\"\"><em>* Podczas ci\u0105g\u0142ego generowania nast\u0105pi buforowanie, a nowy obraz pojawi si\u0119 po oko\u0142o 5 sekundach.<\/em><\/p>\n\n\n\n<div class=\"iframe-wrapper\" style=\"position: relative; width: 100%; height: 1260px;\">\n  <div class=\"loading\" style=\"position: absolute; top: 50px; left: 50%; transform: translate(-50%, -50%); width: 40px; height: 40px; border: 3px solid #f0f0f0; border-top: 3px solid #db7093; border-radius: 50%; animation: spin 1s linear infinite;\"><\/div>\n  <iframe loading=\"lazy\" src=\"https:\/\/prodia-fast-stable-diffusion.hf.space\" frameborder=\"0\" width=\"100%\" height=\"100%\" style=\"position: absolute; top: 0; left: 0; opacity: 0; transition: opacity 0.3s;\" onload=\"this.style.opacity=1;this.previousElementSibling.style.display='none';\"><\/iframe>\n<\/div>\n\n<style>\n@keyframes spin {\n  0% { transform: translate(-50%, -50%) rotate(0deg); }\n  100% { transform: translate(-50%, -50%) rotate(360deg); }\n}\n<\/style>\n\n\n\n<div style=\"height:50px\" aria-hidden=\"true\" class=\"wp-block-spacer\"><\/div>\n\n\n\n<h2 class=\"wp-block-heading has-text-align-center\" id=\"prompts-gallery\">Galeria podpowiedzi<\/h2>\n\n\n\n<h3 class=\"wp-block-heading\" id=\"how-to-use-prompts-gallery\">Jak korzysta\u0107 z Galerii podpowiedzi<\/h3>\n\n\n\n<ol class=\"wp-block-list\">\n<li class=\"\">Kliknij praw\u0105 g\u00f3rn\u0105 ikon\u0119 obrazu, aby powieli\u0107 monit<\/li>\n\n\n\n<li class=\"\">Przewi\u0144 w g\u00f3r\u0119 i wklej sw\u00f3j zrewolucjonizowany monit dla generacji<\/li>\n<\/ol>\n\n\n\n<div style=\"text-align: center; border: 2px solid; border-image-source: linear-gradient(to right, #16b86c, #912899); border-image-slice: 1; box-shadow: 0 0 10px rgba(0, 0, 0, 0.1); border-radius: 15px; position: relative;\">\n  <div id=\"loading\" style=\"position: absolute; top: 100px; left: 50%; transform: translate(-50%, -50%); z-index: 1000;\">\n    <div style=\"width: 50px; height: 50px; border: 5px solid #f3f3f3; border-top: 5px solid #16b86c; border-radius: 50%; animation: spin 1s linear infinite;\"><\/div>\n  <\/div>\n  <iframe loading=\"lazy\"\n    src=\"https:\/\/prithivmlmods-top-prompt-collection.static.hf.space\"\n    frameborder=\"0\"\n    width=\"100%\"\n    height=\"2600\"\n    style=\"display: inline-block; margin: 0 auto;\"\n    onload=\"document.getElementById('loading').style.display='none';\"\n  ><\/iframe>\n<\/div>\n\n<style>\n  @keyframes spin {\n    0% { transform: rotate(0deg); }\n    100% { transform: rotate(360deg); }\n  }\n<\/style>\n\n\n\n<div style=\"height:50px\" aria-hidden=\"true\" class=\"wp-block-spacer\"><\/div>\n\n\n\n<h2 class=\"wp-block-heading\" id=\"introduction-of-prompt-generator\">Wprowadzenie generatora monit\u00f3w<\/h2>\n\n\n\n<div class=\"wp-block-rank-math-toc-block\" id=\"rank-math-toc\"><h3>Spis tre\u015bci<\/h3><nav><ul><li><a href=\"#what-is-a-prompt-generator\">Czym jest generator monit\u00f3w?<\/a><ul><li><a href=\"#definition\">Definicja<\/a><\/li><li><a href=\"#types-of-prompts\">Rodzaje podpowiedzi<\/a><\/li><\/ul><\/li><li><a href=\"#how-does-a-prompt-generator-work\">Jak dzia\u0142a generator monit\u00f3w?<\/a><ul><li><a href=\"#user-inputs\">Dane wej\u015bciowe u\u017cytkownika<\/a><\/li><li><a href=\"#ai-analysis\">Analiza AI<\/a><\/li><li><a href=\"#output\">Wyj\u015bcie<\/a><\/li><li><a href=\"#example-of-user-inputs-and-ai-analysis\">Przyk\u0142ad danych wej\u015bciowych u\u017cytkownika i analizy AI<\/a><\/li><\/ul><\/li><li><a href=\"#benefits-of-using-a-prompt-generator\">Korzy\u015bci z korzystania z generatora monit\u00f3w<\/a><ul><li><a href=\"#efficiency\">Wydajno\u015b\u0107<\/a><\/li><li><a href=\"#creativity-boost\">Wzrost kreatywno\u015bci<\/a><\/li><li><a href=\"#customization\">Personalizacja<\/a><\/li><li><a href=\"#keyword-density-table\">Tabela g\u0119sto\u015bci s\u0142\u00f3w kluczowych<\/a><\/li><\/ul><\/li><li><a href=\"#popular-applications-of-prompt-generators\">Popularne zastosowania generator\u00f3w monit\u00f3w<\/a><ul><li><a href=\"#content-creation\">Tworzenie tre\u015bci<\/a><\/li><li><a href=\"#education\">Edukacja<\/a><\/li><li><a href=\"#business-and-marketing\">Biznes i marketing<\/a><\/li><\/ul><\/li><li><a href=\"#how-to-choose-the-right-prompt-generator\">Jak wybra\u0107 odpowiedni generator podpowiedzi?<\/a><ul><li><a href=\"#features-to-look-for\">Cechy, kt\u00f3rych nale\u017cy szuka\u0107<\/a><\/li><li><a href=\"#popular-tools\">Popularne narz\u0119dzia<\/a><\/li><\/ul><\/li><li><a href=\"#conclusion\">Wnioski<\/a><\/li><li><a href=\"#additional-resources\">Dodatkowe zasoby<\/a><\/li><\/ul><\/nav><\/div>\n\n\n\n<h3 class=\"wp-block-heading\" id=\"introduction\">Wprowadzenie<\/h3>\n\n\n\n<p class=\"\">Generatory podpowiedzi to pot\u0119\u017cne narz\u0119dzia, kt\u00f3re wykorzystuj\u0105 sztuczn\u0105 inteligencj\u0119 (AI), aby pom\u00f3c u\u017cytkownikom przezwyci\u0119\u017cy\u0107 blokady tw\u00f3rcze i generowa\u0107 innowacyjne pomys\u0142y. Narz\u0119dzia te mog\u0105 tworzy\u0107 podpowiedzi do pisania, rysowania i inne kreatywne sugestie, dzi\u0119ki czemu s\u0105 nieocenione dla pisarzy, artyst\u00f3w i tw\u00f3rc\u00f3w tre\u015bci. W tym artykule om\u00f3wiono, czym s\u0105 generatory podpowiedzi, jak dzia\u0142aj\u0105, jakie s\u0105 ich zalety, zastosowania i wskaz\u00f3wki dotycz\u0105ce wyboru odpowiedniego.<\/p>\n\n\n\n<figure class=\"wp-block-image size-full is-resized\"><img data-recalc-dims=\"1\" decoding=\"async\" width=\"1200\" height=\"600\"   loading=\"lazy\" src=\"https:\/\/i0.wp.com\/aiartfree.online\/wp-content\/uploads\/2024\/07\/WX20240724-132929%402x-scaled.webp?resize=1200%2C600&#038;ssl=1\" alt=\"Generatory obietnic to pot\u0119\u017cne narz\u0119dzia, kt\u00f3re wykorzystuj\u0105 sztuczn\u0105 inteligencj\u0119 (AI), aby pom\u00f3c u\u017cytkownikom przezwyci\u0119\u017cy\u0107 blokady tw\u00f3rcze i generowa\u0107 innowacyjne pomys\u0142y.\" class=\"wp-image-3185\" style=\"width:819px;height:auto\" srcset=\"https:\/\/i0.wp.com\/aiartfree.online\/wp-content\/uploads\/2024\/07\/WX20240724-132929%402x-scaled.webp?w=2560&amp;ssl=1 2560w, https:\/\/i0.wp.com\/aiartfree.online\/wp-content\/uploads\/2024\/07\/WX20240724-132929%402x-scaled.webp?resize=300%2C150&amp;ssl=1 300w, https:\/\/i0.wp.com\/aiartfree.online\/wp-content\/uploads\/2024\/07\/WX20240724-132929%402x-scaled.webp?resize=1024%2C512&amp;ssl=1 1024w, https:\/\/i0.wp.com\/aiartfree.online\/wp-content\/uploads\/2024\/07\/WX20240724-132929%402x-scaled.webp?resize=768%2C384&amp;ssl=1 768w, https:\/\/i0.wp.com\/aiartfree.online\/wp-content\/uploads\/2024\/07\/WX20240724-132929%402x-scaled.webp?resize=1536%2C768&amp;ssl=1 1536w, https:\/\/i0.wp.com\/aiartfree.online\/wp-content\/uploads\/2024\/07\/WX20240724-132929%402x-scaled.webp?resize=2048%2C1023&amp;ssl=1 2048w, https:\/\/i0.wp.com\/aiartfree.online\/wp-content\/uploads\/2024\/07\/WX20240724-132929%402x-scaled.webp?resize=18%2C9&amp;ssl=1 18w, https:\/\/i0.wp.com\/aiartfree.online\/wp-content\/uploads\/2024\/07\/WX20240724-132929%402x-scaled.webp?resize=600%2C300&amp;ssl=1 600w, https:\/\/i0.wp.com\/aiartfree.online\/wp-content\/uploads\/2024\/07\/WX20240724-132929%402x-scaled.webp?w=2400&amp;ssl=1 2400w\" sizes=\"auto, (max-width: 1200px) 100vw, 1200px\" \/><\/figure>\n\n\n\n<h3 class=\"wp-block-heading\" id=\"what-is-a-prompt-generator\">Czym jest generator monit\u00f3w?<\/h3>\n\n\n\n<h4 class=\"wp-block-heading\" id=\"definition\">Definicja<\/h4>\n\n\n\n<p class=\"\">Generator podpowiedzi to aplikacja wykorzystuj\u0105ca algorytmy i sztuczn\u0105 inteligencj\u0119 do tworzenia podpowiedzi lub sugestii dotycz\u0105cych kreatywnych zada\u0144. Podpowiedzi te mog\u0105 by\u0107 wykorzystywane do pisania, rysowania, burzy m\u00f3zg\u00f3w i nie tylko.<\/p>\n\n\n\n<h4 class=\"wp-block-heading\" id=\"types-of-prompts\">Rodzaje podpowiedzi<\/h4>\n\n\n\n<ul class=\"wp-block-list\">\n<li class=\"\"><strong>Pisanie podpowiedzi<\/strong>: Pomys\u0142y na rozpocz\u0119cie projekt\u00f3w pisarskich, w tym opowiada\u0144, esej\u00f3w i wierszy.<\/li>\n\n\n\n<li class=\"\"><strong>Podpowiedzi do rysowania<\/strong>: Sugestie dla artyst\u00f3w dotycz\u0105ce tworzenia nowych dzie\u0142.<\/li>\n\n\n\n<li class=\"\"><strong>Propozycje kreatywnego pisania<\/strong>: Ukierunkowane podpowiedzi inspiruj\u0105ce do kreatywnego pisania, np. fikcji i poezji.<\/li>\n\n\n\n<li class=\"\"><strong>Podpowiedzi w po\u0142owie podr\u00f3\u017cy<\/strong>: Wskaz\u00f3wki pomagaj\u0105ce w rozwoju historii lub projektu w po\u0142owie jego realizacji.<\/li>\n\n\n\n<li class=\"\"><strong>Generator podpowiedzi artystycznych<\/strong>: Narz\u0119dzia zaprojektowane specjalnie do generowania pomys\u0142\u00f3w na sztuk\u0119 wizualn\u0105.<\/li>\n<\/ul>\n\n\n\n<h3 class=\"wp-block-heading\" id=\"how-does-a-prompt-generator-work\">Jak dzia\u0142a generator monit\u00f3w?<\/h3>\n\n\n\n<h4 class=\"wp-block-heading\" id=\"user-inputs\">Dane wej\u015bciowe u\u017cytkownika<\/h4>\n\n\n\n<p class=\"\">U\u017cytkownicy podaj\u0105 wst\u0119pne dane wej\u015bciowe, takie jak rodzaj wymaganej podpowiedzi (np. pisanie, rysowanie) oraz wszelkie konkretne tematy lub ograniczenia.<\/p>\n\n\n\n<h4 class=\"wp-block-heading\" id=\"ai-analysis\">Analiza AI<\/h4>\n\n\n\n<p class=\"\">Sztuczna inteligencja przetwarza te dane wej\u015bciowe przy u\u017cyciu baz danych istniej\u0105cych podpowiedzi i kreatywnych tre\u015bci, aby generowa\u0107 unikalne i trafne sugestie.<\/p>\n\n\n\n<h4 class=\"wp-block-heading\" id=\"output\">Wyj\u015bcie<\/h4>\n\n\n\n<p class=\"\">Wygenerowane podpowiedzi s\u0105 dostosowane do specyfikacji u\u017cytkownika, zapewniaj\u0105c natychmiastow\u0105 inspiracj\u0119 i wskaz\u00f3wki.<\/p>\n\n\n\n<h4 class=\"wp-block-heading\" id=\"example-of-user-inputs-and-ai-analysis\">Przyk\u0142ad danych wej\u015bciowych u\u017cytkownika i analizy AI<\/h4>\n\n\n\n<figure class=\"wp-block-table\"><table class=\"has-fixed-layout\"><thead><tr><th>Wprowadzanie danych przez u\u017cytkownika<\/th><th>Analiza AI<\/th><th>Wygenerowany monit<\/th><\/tr><\/thead><tbody><tr><td>Propozycja pisania<\/td><td>Analiza motyw\u00f3w tajemniczo\u015bci i przygody<\/td><td>\"Napisz histori\u0119 o detektywie w nawiedzonym mie\u015bcie\".<\/td><\/tr><tr><td>Podpowied\u017a rysunkowa<\/td><td>Analiza popularnych motyw\u00f3w w sztuce fantasy<\/td><td>\"Narysuj smoka chroni\u0105cego ukryty skarb\".<\/td><\/tr><tr><td>Kreatywne pisanie<\/td><td>Po\u0142\u0105czenie element\u00f3w romansu i fikcji historycznej<\/td><td>\"Opisz histori\u0119 mi\u0142osn\u0105 osadzon\u0105 w staro\u017cytnym Rzymie\".<\/td><\/tr><\/tbody><\/table><\/figure>\n\n\n\n<h3 class=\"wp-block-heading\" id=\"benefits-of-using-a-prompt-generator\">Korzy\u015bci z korzystania z generatora monit\u00f3w<\/h3>\n\n\n\n<h4 class=\"wp-block-heading\" id=\"efficiency\">Wydajno\u015b\u0107<\/h4>\n\n\n\n<p class=\"\">Generatory podpowiedzi oszcz\u0119dzaj\u0105 czas, szybko tworz\u0105c wysokiej jako\u015bci podpowiedzi, pozwalaj\u0105c u\u017cytkownikom skupi\u0107 si\u0119 na tworzeniu, a nie burzy m\u00f3zg\u00f3w.<\/p>\n\n\n\n<h4 class=\"wp-block-heading\" id=\"creativity-boost\">Wzrost kreatywno\u015bci<\/h4>\n\n\n\n<p class=\"\">Narz\u0119dzia te pomagaj\u0105 przezwyci\u0119\u017cy\u0107 blokad\u0119 pisarsk\u0105 i inspiruj\u0105 kreatywno\u015b\u0107 dzi\u0119ki unikalnym i r\u00f3\u017cnorodnym podpowiedziom, dzi\u0119ki czemu proces tw\u00f3rczy jest przyjemniejszy.<\/p>\n\n\n\n<h4 class=\"wp-block-heading\" id=\"customization\">Personalizacja<\/h4>\n\n\n\n<p class=\"\">U\u017cytkownicy mog\u0105 dostosowywa\u0107 podpowiedzi do konkretnych potrzeb i preferencji, zwi\u0119kszaj\u0105c trafno\u015b\u0107 i u\u017cyteczno\u015b\u0107 generowanych tre\u015bci.<\/p>\n\n\n\n<h4 class=\"wp-block-heading\" id=\"keyword-density-table\">Tabela g\u0119sto\u015bci s\u0142\u00f3w kluczowych<\/h4>\n\n\n\n<figure class=\"wp-block-table\"><table class=\"has-fixed-layout\"><thead><tr><th>S\u0142owo kluczowe<\/th><th>G\u0119sto\u015b\u0107 w artykule<\/th><\/tr><\/thead><tbody><tr><td>Generator monit\u00f3w<\/td><td>2%<\/td><\/tr><tr><td>Pisanie podpowiedzi<\/td><td>1.5%<\/td><\/tr><tr><td>Prompt Engineering<\/td><td>1%<\/td><\/tr><tr><td><a href=\"https:\/\/aiartfree.online\/pl\/galeria-podpowiedzi\/\" target=\"_blank\" data-type=\"page\" data-id=\"3252\" rel=\"noreferrer noopener\">Podpowiedzi do rysowania<\/a><\/td><td>1.5%<\/td><\/tr><tr><td>Propozycje kreatywnego pisania<\/td><td>1%<\/td><\/tr><tr><td>Podpowiedzi w po\u0142owie podr\u00f3\u017cy<\/td><td>0.5%<\/td><\/tr><tr><td>Generator podpowiedzi artystycznych<\/td><td>1%<\/td><\/tr><tr><td>Rysowanie pomys\u0142\u00f3w<\/td><td>1%<\/td><\/tr><tr><td>Podpowied\u017a rysunkowa<\/td><td>1%<\/td><\/tr><\/tbody><\/table><\/figure>\n\n\n\n<h3 class=\"wp-block-heading\" id=\"popular-applications-of-prompt-generators\">Popularne zastosowania generator\u00f3w monit\u00f3w<\/h3>\n\n\n\n<h4 class=\"wp-block-heading\" id=\"content-creation\">Tworzenie tre\u015bci<\/h4>\n\n\n\n<ul class=\"wp-block-list\">\n<li class=\"\"><strong>Blogowanie<\/strong>: Generowanie pomys\u0142\u00f3w na posty i artyku\u0142y na blogu.<\/li>\n\n\n\n<li class=\"\"><strong>Media spo\u0142eczno\u015bciowe<\/strong>: Tworzenie anga\u017cuj\u0105cych tre\u015bci na platformy medi\u00f3w spo\u0142eczno\u015bciowych.<\/li>\n<\/ul>\n\n\n\n<h4 class=\"wp-block-heading\" id=\"education\">Edukacja<\/h4>\n\n\n\n<ul class=\"wp-block-list\">\n<li class=\"\"><strong>Nauczanie<\/strong>: Pomoc nauczycielom w tworzeniu temat\u00f3w esej\u00f3w i punkt\u00f3w do dyskusji.<\/li>\n\n\n\n<li class=\"\"><strong>Projekty studenckie<\/strong>: Pomoc uczniom w znalezieniu pomys\u0142\u00f3w na zadania pisemne i kreatywne projekty.<\/li>\n<\/ul>\n\n\n\n<h4 class=\"wp-block-heading\" id=\"business-and-marketing\">Biznes i marketing<\/h4>\n\n\n\n<ul class=\"wp-block-list\">\n<li class=\"\"><strong>Kopia marketingowa<\/strong>: Generowanie atrakcyjnych tekst\u00f3w marketingowych i opis\u00f3w produkt\u00f3w.<\/li>\n\n\n\n<li class=\"\"><strong>Interakcja z klientem<\/strong>: Tworzenie skrypt\u00f3w obs\u0142ugi klienta i zaanga\u017cowania.<\/li>\n<\/ul>\n\n\n\n<h3 class=\"wp-block-heading\" id=\"how-to-choose-the-right-prompt-generator\">Jak wybra\u0107 odpowiedni generator podpowiedzi?<\/h3>\n\n\n\n<h4 class=\"wp-block-heading\" id=\"features-to-look-for\">Cechy, kt\u00f3rych nale\u017cy szuka\u0107<\/h4>\n\n\n\n<ul class=\"wp-block-list\">\n<li class=\"\"><strong>Opcje dostosowywania<\/strong>: Mo\u017cliwo\u015b\u0107 dostosowania podpowiedzi do konkretnych potrzeb.<\/li>\n\n\n\n<li class=\"\"><strong>Interfejs u\u017cytkownika<\/strong>: Intuicyjny i przyjazny dla u\u017cytkownika interfejs.<\/li>\n\n\n\n<li class=\"\"><strong>Mo\u017cliwo\u015bci integracji<\/strong>: Kompatybilno\u015b\u0107 z innymi narz\u0119dziami i platformami.<\/li>\n<\/ul>\n\n\n\n<h4 class=\"wp-block-heading\" id=\"popular-tools\">Popularne narz\u0119dzia<\/h4>\n\n\n\n<ul class=\"wp-block-list\">\n<li class=\"\"><strong>AI Dungeon<\/strong>: Znany ze swojej wszechstronno\u015bci w generowaniu kreatywnych podpowiedzi do pisania.<\/li>\n\n\n\n<li class=\"\"><strong>ArtPrompts<\/strong>: Specjalizuje si\u0119 w generowaniu pomys\u0142\u00f3w na projekty sztuki wizualnej.<\/li>\n\n\n\n<li class=\"\"><strong>WritingExercises.co.uk<\/strong>: Zapewnia szeroki zakres podpowiedzi do pisania dla r\u00f3\u017cnych gatunk\u00f3w.<\/li>\n<\/ul>\n\n\n\n<h3 class=\"wp-block-heading\" id=\"conclusion\">Wnioski<\/h3>\n\n\n\n<p class=\"\">Generatory obietnic to nieocenione narz\u0119dzia dla ka\u017cdego, kto zajmuje si\u0119 prac\u0105 tw\u00f3rcz\u0105. Oszcz\u0119dzaj\u0105 czas, zwi\u0119kszaj\u0105 kreatywno\u015b\u0107 i zapewniaj\u0105 konfigurowalne rozwi\u0105zania blokad tw\u00f3rczych. Rozumiej\u0105c ich dzia\u0142anie i zastosowania, mo\u017cna wybra\u0107 odpowiedni generator podpowiedzi, kt\u00f3ry usprawni proces tw\u00f3rczy.<\/p>\n\n\n\n<h3 class=\"wp-block-heading\" id=\"additional-resources\">Dodatkowe zasoby<\/h3>\n\n\n\n<ul class=\"wp-block-list\">\n<li class=\"\"><strong><a href=\"https:\/\/www.aidungeon.io\/\" target=\"_blank\" rel=\"noopener\">AI Dungeon<\/a><\/strong>: Poznaj interaktywny generator podpowiedzi do kreatywnego pisania.<\/li>\n\n\n\n<li class=\"\"><strong><a href=\"https:\/\/artprompts.org\/\" target=\"_blank\" rel=\"noopener\">ArtPrompts<\/a><\/strong>: Znajd\u017a inspiracj\u0119 dla swojego nast\u0119pnego projektu artystycznego.<\/li>\n\n\n\n<li class=\"\"><strong><a href=\"https:\/\/www.writingexercises.co.uk\/\" target=\"_blank\" rel=\"noopener\">\u0106wiczenia w pisaniu<\/a><\/strong>: Odkryj r\u00f3\u017cnorodne podpowiedzi do pisania dla r\u00f3\u017cnych gatunk\u00f3w.<\/li>\n<\/ul>","protected":false},"excerpt":{"rendered":"<p>Before Prompt Generator vs After How to use Prompt Generator If you don&#8217;t have any thoughts in your mind, click to check our Prompt Gallery *&nbsp;Depending on your internet speed, loading the model may take a few seconds. * There will be caching during continuous generation, and the new image will appear after about 5 &#8230; <a title=\"Generator monit\u00f3w\" class=\"read-more\" href=\"https:\/\/aiartfree.online\/pl\/generator-podpowiedzi\/\" aria-label=\"Read more about Prompt Generator\">Dowiedz si\u0119 wi\u0119cej<\/a><\/p>","protected":false},"author":1,"featured_media":3185,"parent":0,"menu_order":0,"comment_status":"open","ping_status":"closed","template":"","meta":{"nf_dc_page":"","footnotes":""},"class_list":["post-3164","page","type-page","status-publish","has-post-thumbnail"],"jetpack_sharing_enabled":true,"_links":{"self":[{"href":"https:\/\/aiartfree.online\/pl\/wp-json\/wp\/v2\/pages\/3164","targetHints":{"allow":["GET"]}}],"collection":[{"href":"https:\/\/aiartfree.online\/pl\/wp-json\/wp\/v2\/pages"}],"about":[{"href":"https:\/\/aiartfree.online\/pl\/wp-json\/wp\/v2\/types\/page"}],"author":[{"embeddable":true,"href":"https:\/\/aiartfree.online\/pl\/wp-json\/wp\/v2\/users\/1"}],"replies":[{"embeddable":true,"href":"https:\/\/aiartfree.online\/pl\/wp-json\/wp\/v2\/comments?post=3164"}],"version-history":[{"count":0,"href":"https:\/\/aiartfree.online\/pl\/wp-json\/wp\/v2\/pages\/3164\/revisions"}],"wp:featuredmedia":[{"embeddable":true,"href":"https:\/\/aiartfree.online\/pl\/wp-json\/wp\/v2\/media\/3185"}],"wp:attachment":[{"href":"https:\/\/aiartfree.online\/pl\/wp-json\/wp\/v2\/media?parent=3164"}],"curies":[{"name":"wp","href":"https:\/\/api.w.org\/{rel}","templated":true}]}}