{"id":3117,"date":"2024-07-21T07:42:10","date_gmt":"2024-07-21T07:42:10","guid":{"rendered":"https:\/\/aiartfree.online\/?page_id=3117"},"modified":"2024-07-21T07:47:21","modified_gmt":"2024-07-21T07:47:21","slug":"free-ai-art-generator","status":"publish","type":"page","link":"https:\/\/aiartfree.online\/pl\/darmowy-generator-grafiki-ai\/","title":{"rendered":"Darmowy generator grafiki AI"},"content":{"rendered":"<p class=\"has-text-align-center\">Tw\u00f3rz osza\u0142amiaj\u0105ce grafiki generowane przez sztuczn\u0105 inteligencj\u0119 za pomoc\u0105 najnowocze\u015bniejszych, bezp\u0142atnych narz\u0119dzi graficznych AI.<\/p>\n\n\n<div class=\"gb-grid-wrapper gb-grid-wrapper-cd9cd360\">\n<div class=\"gb-grid-column gb-grid-column-11112ac1\"><div class=\"gb-container gb-container-11112ac1\">\n\n<figure class=\"gb-block-image gb-block-image-3cedc626\"><a href=\"https:\/\/aiartfree.online\/pl\/generator-znakow-ai\/\" target=\"_blank\" rel=\"noopener noreferrer\"><img data-recalc-dims=\"1\" decoding=\"async\" loading=\"lazy\" width=\"1200\" height=\"1190\" class=\"gb-image gb-image-3cedc626\" src=\"https:\/\/i0.wp.com\/aiartfree.online\/wp-content\/uploads\/2024\/07\/WX20240719-144752%402x.jpg?resize=1200%2C1190&#038;ssl=1\" alt=\"Generator postaci AI\" title=\"WX20240719-144752@2x\" srcset=\"https:\/\/i0.wp.com\/aiartfree.online\/wp-content\/uploads\/2024\/07\/WX20240719-144752%402x.jpg?w=1632&amp;ssl=1 1632w, https:\/\/i0.wp.com\/aiartfree.online\/wp-content\/uploads\/2024\/07\/WX20240719-144752%402x.jpg?resize=300%2C297&amp;ssl=1 300w, https:\/\/i0.wp.com\/aiartfree.online\/wp-content\/uploads\/2024\/07\/WX20240719-144752%402x.jpg?resize=1024%2C1015&amp;ssl=1 1024w, https:\/\/i0.wp.com\/aiartfree.online\/wp-content\/uploads\/2024\/07\/WX20240719-144752%402x.jpg?resize=150%2C150&amp;ssl=1 150w, https:\/\/i0.wp.com\/aiartfree.online\/wp-content\/uploads\/2024\/07\/WX20240719-144752%402x.jpg?resize=768%2C761&amp;ssl=1 768w, https:\/\/i0.wp.com\/aiartfree.online\/wp-content\/uploads\/2024\/07\/WX20240719-144752%402x.jpg?resize=1536%2C1523&amp;ssl=1 1536w, https:\/\/i0.wp.com\/aiartfree.online\/wp-content\/uploads\/2024\/07\/WX20240719-144752%402x.jpg?resize=12%2C12&amp;ssl=1 12w, https:\/\/i0.wp.com\/aiartfree.online\/wp-content\/uploads\/2024\/07\/WX20240719-144752%402x.jpg?resize=600%2C595&amp;ssl=1 600w, https:\/\/i0.wp.com\/aiartfree.online\/wp-content\/uploads\/2024\/07\/WX20240719-144752%402x.jpg?resize=100%2C100&amp;ssl=1 100w\" sizes=\"auto, (max-width: 1200px) 100vw, 1200px\" \/><\/a><\/figure>\n\n\n\n<h3 class=\"gb-headline gb-headline-efcb9b85 gb-headline-text\">Generator postaci AI<\/h3>\n\n\n\n<p class=\"gb-headline gb-headline-f3afe0a5 gb-headline-text\">AI Character Generator pozwala projektowa\u0107 unikalne postacie za pomoc\u0105 algorytm\u00f3w sztucznej inteligencji i technologii generatywnej sztucznej inteligencji.<\/p>\n\n<\/div><\/div>\n\n<div class=\"gb-grid-column gb-grid-column-d5a6cb82\"><div class=\"gb-container gb-container-d5a6cb82\">\n\n<figure class=\"gb-block-image gb-block-image-b9b8fce6\"><a href=\"https:\/\/aiartfree.online\/pl\/darmowy-generator-pixar-ai\/\" target=\"_blank\" rel=\"noopener noreferrer\"><img data-recalc-dims=\"1\" decoding=\"async\" loading=\"lazy\" width=\"938\" height=\"626\" class=\"gb-image gb-image-b9b8fce6\" src=\"https:\/\/i0.wp.com\/aiartfree.online\/wp-content\/uploads\/2024\/07\/WX20240717-174206%402x.jpg?resize=938%2C626&#038;ssl=1\" alt=\"generator pixar ai\" title=\"WX20240717-174206@2x\" srcset=\"https:\/\/i0.wp.com\/aiartfree.online\/wp-content\/uploads\/2024\/07\/WX20240717-174206%402x.jpg?w=938&amp;ssl=1 938w, https:\/\/i0.wp.com\/aiartfree.online\/wp-content\/uploads\/2024\/07\/WX20240717-174206%402x.jpg?resize=300%2C200&amp;ssl=1 300w, https:\/\/i0.wp.com\/aiartfree.online\/wp-content\/uploads\/2024\/07\/WX20240717-174206%402x.jpg?resize=768%2C513&amp;ssl=1 768w, https:\/\/i0.wp.com\/aiartfree.online\/wp-content\/uploads\/2024\/07\/WX20240717-174206%402x.jpg?resize=18%2C12&amp;ssl=1 18w, https:\/\/i0.wp.com\/aiartfree.online\/wp-content\/uploads\/2024\/07\/WX20240717-174206%402x.jpg?resize=600%2C400&amp;ssl=1 600w\" sizes=\"auto, (max-width: 938px) 100vw, 938px\" \/><\/a><\/figure>\n\n\n\n<h3 class=\"gb-headline gb-headline-0c51996c gb-headline-text\">Generator sztucznej inteligencji Pixar<\/h3>\n\n\n\n<p class=\"gb-headline gb-headline-83bb38c0 gb-headline-text\">Przekszta\u0142\u0107 swoje pomys\u0142y w sztuk\u0119 generowan\u0105 przez sztuczn\u0105 inteligencj\u0119 w stylu Pixara dzi\u0119ki bezp\u0142atnej, najnowocze\u015bniejszej generatywnej sztucznej inteligencji online.<\/p>\n\n<\/div><\/div>\n\n<div class=\"gb-grid-column gb-grid-column-bdb1b3f6\"><div class=\"gb-container gb-container-bdb1b3f6\">\n\n<figure class=\"gb-block-image gb-block-image-129ad6ad\"><a href=\"https:\/\/aiartfree.online\/pl\/generator-anime-ai\/\" target=\"_blank\" rel=\"noopener noreferrer\"><img data-recalc-dims=\"1\" decoding=\"async\" loading=\"lazy\" width=\"1200\" height=\"718\" class=\"gb-image gb-image-129ad6ad\" src=\"https:\/\/i0.wp.com\/aiartfree.online\/wp-content\/uploads\/2024\/07\/WX20240719-123748%402x.jpg?resize=1200%2C718&#038;ssl=1\" alt=\"anime-ai-generator\/\" title=\"WX20240719-123748@2x\" srcset=\"https:\/\/i0.wp.com\/aiartfree.online\/wp-content\/uploads\/2024\/07\/WX20240719-123748%402x.jpg?w=1314&amp;ssl=1 1314w, https:\/\/i0.wp.com\/aiartfree.online\/wp-content\/uploads\/2024\/07\/WX20240719-123748%402x.jpg?resize=300%2C179&amp;ssl=1 300w, https:\/\/i0.wp.com\/aiartfree.online\/wp-content\/uploads\/2024\/07\/WX20240719-123748%402x.jpg?resize=1024%2C613&amp;ssl=1 1024w, https:\/\/i0.wp.com\/aiartfree.online\/wp-content\/uploads\/2024\/07\/WX20240719-123748%402x.jpg?resize=768%2C459&amp;ssl=1 768w, https:\/\/i0.wp.com\/aiartfree.online\/wp-content\/uploads\/2024\/07\/WX20240719-123748%402x.jpg?resize=18%2C12&amp;ssl=1 18w, https:\/\/i0.wp.com\/aiartfree.online\/wp-content\/uploads\/2024\/07\/WX20240719-123748%402x.jpg?resize=600%2C359&amp;ssl=1 600w\" sizes=\"auto, (max-width: 1200px) 100vw, 1200px\" \/><\/a><\/figure>\n\n\n\n<h3 class=\"gb-headline gb-headline-3dd3b4a8 gb-headline-text\">Generator anime AI<\/h3>\n\n\n\n<p class=\"gb-headline gb-headline-9bb27b5a gb-headline-text\">Generuj t\u0119tni\u0105ce \u017cyciem grafiki anime za pomoc\u0105 Anime AI Generator opartego na zaawansowanych algorytmach sztucznej inteligencji.<\/p>\n\n<\/div><\/div>\n\n<div class=\"gb-grid-column gb-grid-column-cd81c4c8\"><div class=\"gb-container gb-container-cd81c4c8\">\n\n<figure class=\"gb-block-image gb-block-image-420788f4\"><a href=\"https:\/\/aiartfree.online\/pl\/generator-kreskowek-ai\/\" target=\"_blank\" rel=\"noopener noreferrer\"><img data-recalc-dims=\"1\" decoding=\"async\" loading=\"lazy\" width=\"1200\" height=\"596\" class=\"gb-image gb-image-420788f4\" src=\"https:\/\/i0.wp.com\/aiartfree.online\/wp-content\/uploads\/2024\/07\/WX20240717-175407%402x-1-1-1-scaled.jpg?resize=1200%2C596&#038;ssl=1\" alt=\"Generator kresk\u00f3wek AI\" title=\"WX20240717-175407@2x (1) (1) (1)\" srcset=\"https:\/\/i0.wp.com\/aiartfree.online\/wp-content\/uploads\/2024\/07\/WX20240717-175407%402x-1-1-1-scaled.jpg?w=2560&amp;ssl=1 2560w, https:\/\/i0.wp.com\/aiartfree.online\/wp-content\/uploads\/2024\/07\/WX20240717-175407%402x-1-1-1-scaled.jpg?resize=300%2C149&amp;ssl=1 300w, https:\/\/i0.wp.com\/aiartfree.online\/wp-content\/uploads\/2024\/07\/WX20240717-175407%402x-1-1-1-scaled.jpg?resize=1024%2C508&amp;ssl=1 1024w, https:\/\/i0.wp.com\/aiartfree.online\/wp-content\/uploads\/2024\/07\/WX20240717-175407%402x-1-1-1-scaled.jpg?resize=768%2C381&amp;ssl=1 768w, https:\/\/i0.wp.com\/aiartfree.online\/wp-content\/uploads\/2024\/07\/WX20240717-175407%402x-1-1-1-scaled.jpg?resize=1536%2C763&amp;ssl=1 1536w, https:\/\/i0.wp.com\/aiartfree.online\/wp-content\/uploads\/2024\/07\/WX20240717-175407%402x-1-1-1-scaled.jpg?resize=2048%2C1017&amp;ssl=1 2048w, https:\/\/i0.wp.com\/aiartfree.online\/wp-content\/uploads\/2024\/07\/WX20240717-175407%402x-1-1-1-scaled.jpg?resize=18%2C9&amp;ssl=1 18w, https:\/\/i0.wp.com\/aiartfree.online\/wp-content\/uploads\/2024\/07\/WX20240717-175407%402x-1-1-1-scaled.jpg?resize=600%2C298&amp;ssl=1 600w, https:\/\/i0.wp.com\/aiartfree.online\/wp-content\/uploads\/2024\/07\/WX20240717-175407%402x-1-1-1-scaled.jpg?w=2400&amp;ssl=1 2400w\" sizes=\"auto, (max-width: 1200px) 100vw, 1200px\" \/><\/a><\/figure>\n\n\n\n<h3 class=\"gb-headline gb-headline-3b87d18c gb-headline-text\">Generator kresk\u00f3wek AI<\/h3>\n\n\n\n<p class=\"gb-headline gb-headline-51b4b755 gb-headline-text\">Konwertuj zdj\u0119cia na obrazy w stylu anime za pomoc\u0105 zaawansowanych algorytm\u00f3w opartych na sztucznej inteligencji i ciesz si\u0119 tworzeniem unikalnych dzie\u0142 sztuki generowanych przez sztuczn\u0105 inteligencj\u0119.<\/p>\n\n<\/div><\/div>\n\n<div class=\"gb-grid-column gb-grid-column-b86d2319\"><div class=\"gb-container gb-container-b86d2319\">\n\n<figure class=\"gb-block-image gb-block-image-5898855b\"><a href=\"https:\/\/aiartfree.online\/pl\/generator-modeli-3d-ai\/\" target=\"_blank\" rel=\"noopener noreferrer\"><img data-recalc-dims=\"1\" decoding=\"async\" loading=\"lazy\" width=\"1200\" height=\"787\" class=\"gb-image gb-image-5898855b\" src=\"https:\/\/i0.wp.com\/aiartfree.online\/wp-content\/uploads\/2024\/07\/WX20240719-153337%402x-1-1.jpg?resize=1200%2C787&#038;ssl=1\" alt=\"Generator modeli 2D do 3D\" title=\"WX20240719-153337@2x (1) (1)\" srcset=\"https:\/\/i0.wp.com\/aiartfree.online\/wp-content\/uploads\/2024\/07\/WX20240719-153337%402x-1-1.jpg?w=1768&amp;ssl=1 1768w, https:\/\/i0.wp.com\/aiartfree.online\/wp-content\/uploads\/2024\/07\/WX20240719-153337%402x-1-1.jpg?resize=300%2C197&amp;ssl=1 300w, https:\/\/i0.wp.com\/aiartfree.online\/wp-content\/uploads\/2024\/07\/WX20240719-153337%402x-1-1.jpg?resize=1024%2C672&amp;ssl=1 1024w, https:\/\/i0.wp.com\/aiartfree.online\/wp-content\/uploads\/2024\/07\/WX20240719-153337%402x-1-1.jpg?resize=768%2C504&amp;ssl=1 768w, https:\/\/i0.wp.com\/aiartfree.online\/wp-content\/uploads\/2024\/07\/WX20240719-153337%402x-1-1.jpg?resize=1536%2C1008&amp;ssl=1 1536w, https:\/\/i0.wp.com\/aiartfree.online\/wp-content\/uploads\/2024\/07\/WX20240719-153337%402x-1-1.jpg?resize=18%2C12&amp;ssl=1 18w, https:\/\/i0.wp.com\/aiartfree.online\/wp-content\/uploads\/2024\/07\/WX20240719-153337%402x-1-1.jpg?resize=600%2C394&amp;ssl=1 600w\" sizes=\"auto, (max-width: 1200px) 100vw, 1200px\" \/><\/a><\/figure>\n\n\n\n<h3 class=\"gb-headline gb-headline-d9fff2b4 gb-headline-text\">Generator modeli 3d AI<\/h3>\n\n\n\n<p class=\"gb-headline gb-headline-0faba709 gb-headline-text\">AI 3D Model Generator pomaga tworzy\u0107 najnowocze\u015bniejsze modele 3D z precyzyjnym dostrajaniem opartym na sztucznej inteligencji.<\/p>\n\n<\/div><\/div>\n\n<div class=\"gb-grid-column gb-grid-column-bb7fbb28\"><div class=\"gb-container gb-container-bb7fbb28\">\n\n<figure class=\"gb-block-image gb-block-image-b44f128d\"><a href=\"https:\/\/aiartfree.online\/pl\/generator-rysunkow-ai\/\" target=\"_blank\" rel=\"noopener noreferrer\"><img data-recalc-dims=\"1\" decoding=\"async\" loading=\"lazy\" width=\"1200\" height=\"1200\" class=\"gb-image gb-image-b44f128d\" src=\"https:\/\/i0.wp.com\/aiartfree.online\/wp-content\/uploads\/2024\/07\/WX20240719-141958%402x.jpg?resize=1200%2C1200&#038;ssl=1\" alt=\"ai-drawing-generator\" title=\"WX20240719-141958@2x\" srcset=\"https:\/\/i0.wp.com\/aiartfree.online\/wp-content\/uploads\/2024\/07\/WX20240719-141958%402x.jpg?w=1414&amp;ssl=1 1414w, https:\/\/i0.wp.com\/aiartfree.online\/wp-content\/uploads\/2024\/07\/WX20240719-141958%402x.jpg?resize=300%2C300&amp;ssl=1 300w, https:\/\/i0.wp.com\/aiartfree.online\/wp-content\/uploads\/2024\/07\/WX20240719-141958%402x.jpg?resize=1024%2C1024&amp;ssl=1 1024w, https:\/\/i0.wp.com\/aiartfree.online\/wp-content\/uploads\/2024\/07\/WX20240719-141958%402x.jpg?resize=150%2C150&amp;ssl=1 150w, https:\/\/i0.wp.com\/aiartfree.online\/wp-content\/uploads\/2024\/07\/WX20240719-141958%402x.jpg?resize=768%2C768&amp;ssl=1 768w, https:\/\/i0.wp.com\/aiartfree.online\/wp-content\/uploads\/2024\/07\/WX20240719-141958%402x.jpg?resize=12%2C12&amp;ssl=1 12w, https:\/\/i0.wp.com\/aiartfree.online\/wp-content\/uploads\/2024\/07\/WX20240719-141958%402x.jpg?resize=600%2C600&amp;ssl=1 600w, https:\/\/i0.wp.com\/aiartfree.online\/wp-content\/uploads\/2024\/07\/WX20240719-141958%402x.jpg?resize=100%2C100&amp;ssl=1 100w\" sizes=\"auto, (max-width: 1200px) 100vw, 1200px\" \/><\/a><\/figure>\n\n\n\n<h3 class=\"gb-headline gb-headline-fc2626d2 gb-headline-text\">Generator rysunk\u00f3w AI<\/h3>\n\n\n\n<p class=\"gb-headline gb-headline-83918771 gb-headline-text\">AI Drawing Generator przekszta\u0142ca podpowiedzi tekstowe w grafiki generowane przez sztuczn\u0105 inteligencj\u0119 za pomoc\u0105 uczenia maszynowego.<\/p>\n\n<\/div><\/div>\n<\/div>\n\n\n<div style=\"height:100px\" aria-hidden=\"true\" class=\"wp-block-spacer\"><\/div>\n\n\n\n<h2 class=\"wp-block-heading\" id=\"free-ai-art-generator-unlocking-the-power-of-artificial-intelligence-in-art\"><strong>Darmowy generator sztuki AI: Odblokowanie mocy sztucznej inteligencji w sztuce<\/strong><\/h2>\n\n\n\n<h3 class=\"wp-block-heading\" id=\"outline\"><a href=\"https:\/\/dromerosm-groq-llama3.hf.space\/#outline\" target=\"_blank\" rel=\"noopener\"><\/a>Zarys:<\/h3>\n\n\n\n<ul class=\"wp-block-list\">\n<li class=\"\">Czym jest darmowy generator grafiki AI?<\/li>\n\n\n\n<li class=\"\">Znaczenie darmowych generator\u00f3w grafiki AI<\/li>\n\n\n\n<li class=\"\">Korzy\u015bci z korzystania z darmowego generatora grafiki AI<\/li>\n\n\n\n<li class=\"\">Odpowiednie scenariusze korzystania z darmowego generatora grafiki AI<\/li>\n\n\n\n<li class=\"\">Kto mo\u017ce korzysta\u0107 z darmowego generatora grafiki AI?<\/li>\n\n\n\n<li class=\"\">Top 10 powi\u0105zanych narz\u0119dzi oraz zalety i wady<\/li>\n\n\n\n<li class=\"\">10 najcz\u0119\u015bciej zadawanych pyta\u0144<\/li>\n<\/ul>\n\n\n\n<h3 class=\"wp-block-heading\" id=\"what-is-a-free-ai-art-generator\"><a href=\"https:\/\/dromerosm-groq-llama3.hf.space\/#what-is-a-free-ai-art-generator\" target=\"_blank\" rel=\"noopener\"><\/a><strong>Czym jest darmowy generator grafiki AI?<\/strong><\/h3>\n\n\n\n<p class=\"\">Darmowy generator grafiki AI to narz\u0119dzie online, kt\u00f3re wykorzystuje sztuczn\u0105 inteligencj\u0119 (AI) do generowania grafiki na podstawie danych wprowadzonych przez u\u017cytkownika, takich jak podpowiedzi tekstowe lub obrazy. Narz\u0119dzia te wykorzystuj\u0105 algorytmy uczenia maszynowego i generatywne techniki sztucznej inteligencji, takie jak stabilna dyfuzja, do tworzenia unikalnych i \u017cywych dzie\u0142 sztuki.<\/p>\n\n\n\n<p class=\"\">Pojawienie si\u0119 darmowych generator\u00f3w sztuki AI zdemokratyzowa\u0142o \u015bwiat sztuki, umo\u017cliwiaj\u0105c ka\u017cdemu tworzenie osza\u0142amiaj\u0105cych dzie\u0142 sztuki bez konieczno\u015bci posiadania rozleg\u0142ych umiej\u0119tno\u015bci artystycznych lub do\u015bwiadczenia.<\/p>\n\n\n\n<h3 class=\"wp-block-heading\" id=\"importance-of-free-ai-art-generators\"><a href=\"https:\/\/dromerosm-groq-llama3.hf.space\/#importance-of-free-ai-art-generators\" target=\"_blank\" rel=\"noopener\"><\/a><strong>Znaczenie darmowych generator\u00f3w grafiki AI<\/strong><\/h3>\n\n\n\n<p class=\"\">Darmowe generatory grafiki AI sta\u0142y si\u0119 niezb\u0119dne w r\u00f3\u017cnych bran\u017cach, w tym w mediach spo\u0142eczno\u015bciowych, reklamie i projektowaniu. Oferuj\u0105 one szereg korzy\u015bci, w tym<\/p>\n\n\n\n<ul class=\"wp-block-list\">\n<li class=\"\"><strong>Oszcz\u0119dno\u015b\u0107 czasu<\/strong>: Darmowe generatory grafiki AI mog\u0105 tworzy\u0107 wysokiej jako\u015bci grafiki w ci\u0105gu kilku minut, oszcz\u0119dzaj\u0105c u\u017cytkownikom godzin pracy r\u0119cznej.<\/li>\n\n\n\n<li class=\"\"><strong>Op\u0142acalno\u015b\u0107<\/strong>: Narz\u0119dzia te eliminuj\u0105 potrzeb\u0119 zatrudniania artyst\u00f3w lub zakupu drogiego oprogramowania do projektowania.<\/li>\n\n\n\n<li class=\"\"><strong>Wolno\u015b\u0107 tw\u00f3rcza<\/strong>: Darmowe generatory grafiki AI zapewniaj\u0105 u\u017cytkownikom mo\u017cliwo\u015b\u0107 eksperymentowania z r\u00f3\u017cnymi stylami, motywami i pomys\u0142ami, wspieraj\u0105c kreatywno\u015b\u0107 i innowacyjno\u015b\u0107.<\/li>\n<\/ul>\n\n\n\n<h3 class=\"wp-block-heading\" id=\"benefits-of-using-a-free-ai-art-generator\"><a href=\"https:\/\/dromerosm-groq-llama3.hf.space\/#benefits-of-using-a-free-ai-art-generator\" target=\"_blank\" rel=\"noopener\"><\/a><strong>Korzy\u015bci z korzystania z darmowego generatora grafiki AI<\/strong><\/h3>\n\n\n\n<p class=\"\">Korzystanie z darmowego generatora grafiki AI mo\u017ce przynie\u015b\u0107 wiele korzy\u015bci, w tym:<\/p>\n\n\n\n<ul class=\"wp-block-list\">\n<li class=\"\"><strong>Profesjonalna grafika<\/strong>: Darmowe generatory grafiki AI mog\u0105 tworzy\u0107 dzie\u0142a sztuki, kt\u00f3re rywalizuj\u0105 z dzie\u0142ami ludzkich artyst\u00f3w, daj\u0105c u\u017cytkownikom profesjonaln\u0105 jako\u015b\u0107 bez wysokich cen.<\/li>\n\n\n\n<li class=\"\"><strong>Zwi\u0119kszona produktywno\u015b\u0107<\/strong>: Dzi\u0119ki mo\u017cliwo\u015bci szybkiego i wydajnego generowania grafiki, u\u017cytkownicy mog\u0105 skupi\u0107 si\u0119 na innych aspektach swoich projekt\u00f3w, zwi\u0119kszaj\u0105c og\u00f3ln\u0105 produktywno\u015b\u0107.<\/li>\n\n\n\n<li class=\"\"><strong>Nieograniczona kreatywno\u015b\u0107<\/strong>: Darmowe generatory grafiki AI oferuj\u0105 szeroki zakres kreatywnych mo\u017cliwo\u015bci, pozwalaj\u0105c u\u017cytkownikom eksperymentowa\u0107 z r\u00f3\u017cnymi stylami, motywami i pomys\u0142ami.<\/li>\n<\/ul>\n\n\n\n<h3 class=\"wp-block-heading\" id=\"suitable-scenarios-for-using-a-free-ai-art-generator\"><a href=\"https:\/\/dromerosm-groq-llama3.hf.space\/#suitable-scenarios-for-using-a-free-ai-art-generator\" target=\"_blank\" rel=\"noopener\"><\/a><strong>Odpowiednie scenariusze korzystania z darmowego generatora grafiki AI<\/strong><\/h3>\n\n\n\n<p class=\"\">Darmowe generatory grafiki AI nadaj\u0105 si\u0119 do r\u00f3\u017cnych scenariuszy, w tym:<\/p>\n\n\n\n<ul class=\"wp-block-list\">\n<li class=\"\"><strong>Tworzenie tre\u015bci w mediach spo\u0142eczno\u015bciowych<\/strong>: Z \u0142atwo\u015bci\u0105 tw\u00f3rz przyci\u0105gaj\u0105ce wzrok posty, banery i reklamy w mediach spo\u0142eczno\u015bciowych.<\/li>\n\n\n\n<li class=\"\"><strong>Reklama i marketing<\/strong>: Korzystaj z darmowych generator\u00f3w grafiki AI, aby tworzy\u0107 wspania\u0142e reklamy, ulotki i materia\u0142y promocyjne.<\/li>\n\n\n\n<li class=\"\"><strong>Projektowanie i projekty artystyczne<\/strong>: Eksperymentuj z r\u00f3\u017cnymi stylami i motywami, aby tworzy\u0107 wyj\u0105tkowe dzie\u0142a sztuki, ilustracje i projekty.<\/li>\n<\/ul>\n\n\n\n<h3 class=\"wp-block-heading\" id=\"who-can-use-a-free-ai-art-generator\"><a href=\"https:\/\/dromerosm-groq-llama3.hf.space\/#who-can-use-a-free-ai-art-generator\" target=\"_blank\" rel=\"noopener\"><\/a><strong>Kto mo\u017ce korzysta\u0107 z darmowego generatora grafiki AI?<\/strong><\/h3>\n\n\n\n<p class=\"\">Ka\u017cdy mo\u017ce skorzysta\u0107 z darmowego generatora grafiki AI, niezale\u017cnie od umiej\u0119tno\u015bci artystycznych czy do\u015bwiadczenia. Narz\u0119dzia te s\u0105 idealne dla:<\/p>\n\n\n\n<ul class=\"wp-block-list\">\n<li class=\"\"><strong>Specjali\u015bci ds. marketingu<\/strong>: Z \u0142atwo\u015bci\u0105 tw\u00f3rz anga\u017cuj\u0105ce tre\u015bci i reklamy w mediach spo\u0142eczno\u015bciowych.<\/li>\n\n\n\n<li class=\"\"><strong>Projektanci i arty\u015bci<\/strong>: Eksperymentuj z nowymi stylami i motywami lub korzystaj z darmowych generator\u00f3w grafiki AI jako punktu wyj\u015bcia dla swoich projekt\u00f3w.<\/li>\n\n\n\n<li class=\"\"><strong>W\u0142a\u015bciciele ma\u0142ych firm<\/strong>: Tworzenie profesjonalnej grafiki bez rozbijania banku.<\/li>\n<\/ul>\n\n\n\n<h3 class=\"wp-block-heading\" id=\"top-10-related-tools-and-pros-cons\"><a href=\"https:\/\/dromerosm-groq-llama3.hf.space\/#top-10-related-tools-and-pros-cons\" target=\"_blank\" rel=\"noopener\"><\/a><strong>Top 10 powi\u0105zanych narz\u0119dzi oraz zalety i wady<\/strong><\/h3>\n\n\n\n<p class=\"\">Oto 10 najlepszych narz\u0119dzi powi\u0105zanych z darmowymi generatorami grafiki AI, wraz z ich zaletami i wadami:<\/p>\n\n\n\n<figure class=\"wp-block-table\"><table class=\"has-fixed-layout\"><thead><tr><th>Narz\u0119dzie<\/th><th>Plusy<\/th><th>Wady<\/th><\/tr><\/thead><tbody><tr><td><a href=\"https:\/\/aiartfree.online\/pl\/darmowy-generator-grafiki-ai\/\" target=\"_blank\" rel=\"noreferrer noopener\">AI Art za darmo online<\/a><\/td><td>Przyjazny dla u\u017cytkownika interfejs, wysoka jako\u015b\u0107 wydruk\u00f3w<\/td><td>Ograniczone opcje dostosowywania<\/td><\/tr><tr><td>Generator g\u0142\u0119bokich sn\u00f3w<\/td><td>Wyj\u0105tkowa, marzycielska grafika<\/td><td>Ograniczona kontrola nad wyj\u015bciem<\/td><\/tr><tr><td>Prisma<\/td><td>Przekszta\u0142ca zdj\u0119cia w dzie\u0142a sztuki w r\u00f3\u017cnych stylach<\/td><td>Ograniczone opcje dostosowywania<\/td><\/tr><tr><td>Artbreeder<\/td><td>Interaktywne, sterowane przez u\u017cytkownika tworzenie grafiki<\/td><td>Stroma krzywa uczenia si\u0119<\/td><\/tr><tr><td>Dreamscope<\/td><td>Generator grafiki oparty na sztucznej inteligencji z r\u00f3\u017cnymi stylami<\/td><td>Ograniczona kontrola nad wyj\u015bciem<\/td><\/tr><tr><td>AI Painter<\/td><td>Tworzy realistyczne grafiki w stylu malarstwa olejnego<\/td><td>Ograniczone opcje dostosowywania<\/td><\/tr><tr><td>Portrety AI<\/td><td>Przekszta\u0142ca zdj\u0119cia w portrety generowane przez sztuczn\u0105 inteligencj\u0119<\/td><td>Ograniczona kontrola nad wyj\u015bciem<\/td><\/tr><tr><td>MyDeepArt<\/td><td>Przyjazny dla u\u017cytkownika interfejs, wysoka jako\u015b\u0107 wydruk\u00f3w<\/td><td>Ograniczone opcje dostosowywania<\/td><\/tr><tr><td>AI Art Maker<\/td><td>Tworzy unikalne, abstrakcyjne dzie\u0142a sztuki<\/td><td>Ograniczona kontrola nad wyj\u015bciem<\/td><\/tr><tr><td>PaintsChainer<\/td><td>Generator obraz\u00f3w oparty na sztucznej inteligencji z r\u00f3\u017cnymi stylami<\/td><td>Stroma krzywa uczenia si\u0119<\/td><\/tr><\/tbody><\/table><\/figure>\n\n\n\n<h3 class=\"wp-block-heading\" id=\"10-faqs\"><a href=\"https:\/\/dromerosm-groq-llama3.hf.space\/#10-faqs\" target=\"_blank\" rel=\"noopener\"><\/a><strong>10 najcz\u0119\u015bciej zadawanych pyta\u0144<\/strong><\/h3>\n\n\n\n<p class=\"\">Oto 10 najcz\u0119\u015bciej zadawanych pyta\u0144 dotycz\u0105cych darmowych generator\u00f3w grafiki AI:<\/p>\n\n\n\n<ol class=\"wp-block-list\">\n<li class=\"\"><strong>Czym jest darmowy generator grafiki AI?<\/strong>\u00a0Darmowy generator grafiki AI to narz\u0119dzie online, kt\u00f3re wykorzystuje sztuczn\u0105 inteligencj\u0119 do generowania grafiki na podstawie danych wprowadzonych przez u\u017cytkownika.<\/li>\n\n\n\n<li class=\"\"><strong>Jak dzia\u0142aj\u0105 darmowe generatory grafiki AI?<\/strong>\u00a0Darmowe generatory sztuki AI wykorzystuj\u0105 algorytmy uczenia maszynowego i techniki generatywnej sztucznej inteligencji do tworzenia unikalnych dzie\u0142 sztuki na podstawie danych wprowadzonych przez u\u017cytkownika.<\/li>\n\n\n\n<li class=\"\"><strong>Jakie s\u0105 zalety korzystania z darmowego generatora grafiki AI?<\/strong>\u00a0Darmowe generatory grafiki AI zapewniaj\u0105 oszcz\u0119dno\u015b\u0107 czasu, koszt\u00f3w i swobod\u0119 tw\u00f3rcz\u0105.<\/li>\n\n\n\n<li class=\"\"><strong>Czy kto\u015b mo\u017ce skorzysta\u0107 z darmowego generatora grafiki AI?<\/strong>\u00a0Tak, ka\u017cdy mo\u017ce skorzysta\u0107 z darmowego generatora grafiki AI, niezale\u017cnie od umiej\u0119tno\u015bci artystycznych czy do\u015bwiadczenia.<\/li>\n\n\n\n<li class=\"\"><strong>Jakie s\u0105 odpowiednie scenariusze korzystania z darmowego generatora grafiki AI?<\/strong>\u00a0Darmowe generatory grafiki AI nadaj\u0105 si\u0119 do tworzenia tre\u015bci w mediach spo\u0142eczno\u015bciowych, reklamy, projektowania i projekt\u00f3w artystycznych.<\/li>\n\n\n\n<li class=\"\"><strong>Jak korzysta\u0107 z darmowego generatora grafiki AI?<\/strong>\u00a0Wystarczy wprowadzi\u0107 tekst lub obraz, a narz\u0119dzie wygeneruje unikaln\u0105 grafik\u0119.<\/li>\n\n\n\n<li class=\"\"><strong>Jaka jest jako\u015b\u0107 grafiki generowanej przez darmowe generatory grafiki AI?<\/strong>\u00a0Darmowe generatory grafiki AI mog\u0105 tworzy\u0107 profesjonalne grafiki, kt\u00f3re rywalizuj\u0105 z dzie\u0142ami ludzkich artyst\u00f3w.<\/li>\n\n\n\n<li class=\"\"><strong>Czy mog\u0119 dostosowa\u0107 dane wyj\u015bciowe darmowego generatora grafiki AI?<\/strong>\u00a0Niekt\u00f3re darmowe generatory grafiki AI oferuj\u0105 ograniczone opcje dostosowywania, podczas gdy inne zapewniaj\u0105 bardziej zaawansowan\u0105 kontrol\u0119.<\/li>\n\n\n\n<li class=\"\"><strong>Czy darmowe generatory grafiki AI s\u0105 \u0142atwe w u\u017cyciu?<\/strong>\u00a0Tak, wi\u0119kszo\u015b\u0107 darmowych generator\u00f3w grafiki AI ma przyjazne dla u\u017cytkownika interfejsy, kt\u00f3re u\u0142atwiaj\u0105 generowanie grafiki.<\/li>\n\n\n\n<li class=\"\"><strong>Czy darmowe generatory grafiki AI s\u0105 darmowe?<\/strong>\u00a0Tak, wi\u0119kszo\u015b\u0107 darmowych generator\u00f3w grafiki AI jest bezp\u0142atna, a niekt\u00f3re oferuj\u0105 funkcje premium lub subskrypcje.<\/li>\n<\/ol>","protected":false},"excerpt":{"rendered":"<p>Generate stunning AI-generated artwork with state-of-the-art, free AI art tools. Free AI Art Generator: Unlocking the Power of Artificial Intelligence in Art Outline: What is a Free AI Art Generator? A free AI art generator is an online tool that uses artificial intelligence (AI) to generate artwork based on user input, such as text prompts &#8230; <a title=\"Darmowy generator grafiki AI\" class=\"read-more\" href=\"https:\/\/aiartfree.online\/pl\/darmowy-generator-grafiki-ai\/\" aria-label=\"Czytaj wi\u0119cej o Darmowy generator grafiki AI\">Dowiedz si\u0119 wi\u0119cej<\/a><\/p>","protected":false},"author":1,"featured_media":0,"parent":0,"menu_order":0,"comment_status":"closed","ping_status":"closed","template":"","meta":{"nf_dc_page":"","footnotes":""},"class_list":["post-3117","page","type-page","status-publish"],"jetpack_sharing_enabled":true,"_links":{"self":[{"href":"https:\/\/aiartfree.online\/pl\/wp-json\/wp\/v2\/pages\/3117","targetHints":{"allow":["GET"]}}],"collection":[{"href":"https:\/\/aiartfree.online\/pl\/wp-json\/wp\/v2\/pages"}],"about":[{"href":"https:\/\/aiartfree.online\/pl\/wp-json\/wp\/v2\/types\/page"}],"author":[{"embeddable":true,"href":"https:\/\/aiartfree.online\/pl\/wp-json\/wp\/v2\/users\/1"}],"replies":[{"embeddable":true,"href":"https:\/\/aiartfree.online\/pl\/wp-json\/wp\/v2\/comments?post=3117"}],"version-history":[{"count":0,"href":"https:\/\/aiartfree.online\/pl\/wp-json\/wp\/v2\/pages\/3117\/revisions"}],"wp:attachment":[{"href":"https:\/\/aiartfree.online\/pl\/wp-json\/wp\/v2\/media?parent=3117"}],"curies":[{"name":"wp","href":"https:\/\/api.w.org\/{rel}","templated":true}]}}