{"id":2993,"date":"2024-07-19T18:13:29","date_gmt":"2024-07-19T18:13:29","guid":{"rendered":"https:\/\/aiartfree.online\/?page_id=2993"},"modified":"2025-03-07T08:22:54","modified_gmt":"2025-03-07T08:22:54","slug":"ai-video-generator","status":"publish","type":"page","link":"https:\/\/aiartfree.online\/pl\/generator-wideo-ai\/","title":{"rendered":"Generator wideo AI"},"content":{"rendered":"<h2 class=\"wp-block-heading has-text-align-center\">Co inni u\u017cytkownicy zrobili z AI Video Generator<\/h2>\n\n\n\n<p class=\"has-text-align-center\">Prompt: 1 dziewczyna, off-shoulder, lekki u\u015bmiech, b\u0142yszcz\u0105ca sk\u00f3ra, najlepsza jako\u015b\u0107, arcydzie\u0142o, fotorealistyczny, odwr\u00f3ci\u0107 si\u0119<\/p>\n\n\n\n<figure class=\"gb-block-image gb-block-image-1822da1f\"><img data-recalc-dims=\"1\" decoding=\"async\" loading=\"lazy\" width=\"512\" height=\"512\" class=\"gb-image gb-image-1822da1f\" src=\"https:\/\/i0.wp.com\/aiartfree.online\/wp-content\/uploads\/2024\/08\/ezgif-3-82e27c0ca1.gif?resize=512%2C512&#038;ssl=1\" alt=\"Tw\u00f3rz wspania\u0142e filmy bez wysi\u0142ku dzi\u0119ki naszemu generatorowi wideo AI. Korzystaj z 100% za darmo, bez ogranicze\u0144, bez konieczno\u015bci rejestracji. Idealny dla tw\u00f3rc\u00f3w tre\u015bci, marketer\u00f3w i edukator\u00f3w poszukuj\u0105cych wysokiej jako\u015bci produkcji wideo opartej na sztucznej inteligencji.\" title=\"ezgif-3-82e27c0ca1\"\/><\/figure>\n\n\n\n<h2 class=\"wp-block-heading\">3 kroki do korzystania z generatora wideo AI<\/h2>\n\n\n\n<ol class=\"wp-block-list\">\n<li class=\"\">Wprowad\u017a sw\u00f3j monit<\/li>\n\n\n\n<li class=\"\">Kliknij \"Animuj\"<\/li>\n\n\n\n<li class=\"\">Czekaj, to jest to!<\/li>\n<\/ol>\n\n\n\n<figure class=\"gb-block-image gb-block-image-4dfafe81\"><a href=\"https:\/\/fas.st\/t\/XmtmoHSk\" target=\"_blank\" rel=\"noopener noreferrer\"><img data-recalc-dims=\"1\" decoding=\"async\" loading=\"lazy\" width=\"1200\" height=\"368\" class=\"gb-image gb-image-4dfafe81\" src=\"https:\/\/i0.wp.com\/aiartfree.online\/wp-content\/uploads\/2025\/03\/WX20250307-114300%402x.webp?resize=1200%2C368&#038;ssl=1\" alt=\"\" title=\"WX20250307-114300@2x\" srcset=\"https:\/\/i0.wp.com\/aiartfree.online\/wp-content\/uploads\/2025\/03\/WX20250307-114300%402x.webp?w=1900&amp;ssl=1 1900w, https:\/\/i0.wp.com\/aiartfree.online\/wp-content\/uploads\/2025\/03\/WX20250307-114300%402x.webp?resize=300%2C92&amp;ssl=1 300w, https:\/\/i0.wp.com\/aiartfree.online\/wp-content\/uploads\/2025\/03\/WX20250307-114300%402x.webp?resize=1024%2C314&amp;ssl=1 1024w, https:\/\/i0.wp.com\/aiartfree.online\/wp-content\/uploads\/2025\/03\/WX20250307-114300%402x.webp?resize=768%2C235&amp;ssl=1 768w, https:\/\/i0.wp.com\/aiartfree.online\/wp-content\/uploads\/2025\/03\/WX20250307-114300%402x.webp?resize=1536%2C471&amp;ssl=1 1536w, https:\/\/i0.wp.com\/aiartfree.online\/wp-content\/uploads\/2025\/03\/WX20250307-114300%402x.webp?resize=18%2C6&amp;ssl=1 18w, https:\/\/i0.wp.com\/aiartfree.online\/wp-content\/uploads\/2025\/03\/WX20250307-114300%402x.webp?resize=600%2C184&amp;ssl=1 600w\" sizes=\"auto, (max-width: 1200px) 100vw, 1200px\" \/><\/a><\/figure>\n\n\n\n<p class=\"\"><em>* W zale\u017cno\u015bci od szybko\u015bci \u0142\u0105cza internetowego, za\u0142adowanie modelu mo\u017ce zaj\u0105\u0107 <\/em>do 10 sekund \u2193<\/p>\n\n\n\n<div class=\"iframe-wrapper\" style=\"position: relative; width: 100%; height: 2300px;\">\n  <div class=\"loading\" style=\"position: absolute; top: 50px; left: 50%; transform: translate(-50%, -50%); width: 40px; height: 40px; border: 3px solid #f0f0f0; border-top: 3px solid #db7093; border-radius: 50%; animation: spin 1s linear infinite;\"><\/div>\n  <iframe loading=\"lazy\" src=\"https:\/\/guoyww-animatediff.hf.space\" frameborder=\"0\" width=\"100%\" height=\"100%\" style=\"position: absolute; top: 0; left: 0; opacity: 0; transition: opacity 0.3s;\" onload=\"this.style.opacity=1;this.previousElementSibling.style.display='none';\"><\/iframe>\n<\/div>\n\n<style>\n@keyframes spin {\n  0% { transform: translate(-50%, -50%) rotate(0deg); }\n  100% { transform: translate(-50%, -50%) rotate(360deg); }\n}\n<\/style>\n\n\n\n<div style=\"height:50px\" aria-hidden=\"true\" class=\"wp-block-spacer\"><\/div>\n\n\n\n<h2 class=\"wp-block-heading\">Wprowadzenie do generatora wideo AI<\/h2>\n\n\n\n<p class=\"\">W nowoczesnym cyfrowym krajobrazie generatory wideo AI rewolucjonizuj\u0105 tworzenie tre\u015bci. Te zaawansowane narz\u0119dzia wykorzystuj\u0105 moc sztucznej inteligencji, aby usprawni\u0107 i ulepszy\u0107 produkcj\u0119 wideo, czyni\u0105c j\u0105 dost\u0119pn\u0105 dla szerszego grona odbiorc\u00f3w. W tym artykule zbadamy koncepcj\u0119 generator\u00f3w wideo AI, ich znaczenie i zastosowania w r\u00f3\u017cnych bran\u017cach. Przedstawimy r\u00f3wnie\u017c kompleksowy przegl\u0105d najlepszych dost\u0119pnych narz\u0119dzi, ze szczeg\u00f3lnym uwzgl\u0119dnieniem najwy\u017cej ocenianego generatora wideo AI, <a href=\"https:\/\/aiartfree.online\/pl\/generator-wideo-ai\/\">AI Art Free<\/a>.<\/p>\n\n\n\n<figure class=\"gb-block-image gb-block-image-94da07aa\"><img data-recalc-dims=\"1\" decoding=\"async\" loading=\"lazy\" width=\"300\" height=\"170\" class=\"gb-image gb-image-94da07aa\" src=\"https:\/\/i0.wp.com\/aiartfree.online\/wp-content\/uploads\/2024\/07\/WX20240720-101347%402x.jpg?resize=300%2C170&#038;ssl=1\" alt=\"Generator wideo AI to zaawansowana aplikacja, kt\u00f3ra wykorzystuje sztuczn\u0105 inteligencj\u0119 do automatycznego tworzenia film\u00f3w. Narz\u0119dzia te mog\u0105 przekszta\u0142ca\u0107 podpowiedzi tekstowe, obrazy, a nawet surowe materia\u0142y wideo w dopracowane filmy o profesjonalnej jako\u015bci. Wykorzystuj\u0105 one r\u00f3\u017cne technologie sztucznej inteligencji, takie jak przetwarzanie j\u0119zyka naturalnego (NLP), wizja komputerowa i uczenie maszynowe do analizy i interpretacji danych wej\u015bciowych, generuj\u0105c tre\u015bci, kt\u00f3re s\u0105 zar\u00f3wno anga\u017cuj\u0105ce, jak i atrakcyjne wizualnie.\" title=\"WX20240720-101347@2x\" srcset=\"https:\/\/i0.wp.com\/aiartfree.online\/wp-content\/uploads\/2024\/07\/WX20240720-101347%402x.jpg?resize=300%2C170&amp;ssl=1 300w, https:\/\/i0.wp.com\/aiartfree.online\/wp-content\/uploads\/2024\/07\/WX20240720-101347%402x.jpg?resize=1024%2C579&amp;ssl=1 1024w, https:\/\/i0.wp.com\/aiartfree.online\/wp-content\/uploads\/2024\/07\/WX20240720-101347%402x.jpg?resize=768%2C434&amp;ssl=1 768w, https:\/\/i0.wp.com\/aiartfree.online\/wp-content\/uploads\/2024\/07\/WX20240720-101347%402x.jpg?resize=18%2C10&amp;ssl=1 18w, https:\/\/i0.wp.com\/aiartfree.online\/wp-content\/uploads\/2024\/07\/WX20240720-101347%402x.jpg?resize=600%2C339&amp;ssl=1 600w, https:\/\/i0.wp.com\/aiartfree.online\/wp-content\/uploads\/2024\/07\/WX20240720-101347%402x.jpg?w=1030&amp;ssl=1 1030w\" sizes=\"auto, (max-width: 300px) 100vw, 300px\" \/><\/figure>\n\n\n\n<h3 class=\"wp-block-heading\">Spis tre\u015bci<\/h3>\n\n\n\n<ol class=\"wp-block-list\">\n<li class=\"\"><a href=\"#what-is-an-ai-video-generator\">Czym jest generator wideo AI?<\/a><\/li>\n\n\n\n<li class=\"\"><a href=\"#why-use-an-ai-video-generator\">Dlaczego warto korzysta\u0107 z generatora wideo AI?<\/a><\/li>\n\n\n\n<li class=\"\"><a href=\"#suitable-industries-and-people\">Odpowiednie bran\u017ce i ludzie<\/a><\/li>\n\n\n\n<li class=\"\"><a href=\"#related-tools-and-information\">Powi\u0105zane narz\u0119dzia i informacje<\/a><\/li>\n\n\n\n<li class=\"\"><a href=\"#frequently-asked-questions-faq\">Cz\u0119sto zadawane pytania (FAQ)<\/a><\/li>\n<\/ol>\n\n\n\n<h3 class=\"wp-block-heading\">Czym jest generator wideo AI?<\/h3>\n\n\n\n<p class=\"\">Generator wideo AI to zaawansowana aplikacja, kt\u00f3ra wykorzystuje sztuczn\u0105 inteligencj\u0119 do automatycznego tworzenia film\u00f3w. Narz\u0119dzia te mog\u0105 przekszta\u0142ca\u0107 podpowiedzi tekstowe, obrazy, a nawet surowe materia\u0142y wideo w dopracowane filmy o profesjonalnej jako\u015bci. Wykorzystuj\u0105 one r\u00f3\u017cne technologie sztucznej inteligencji, takie jak przetwarzanie j\u0119zyka naturalnego (NLP), wizja komputerowa i uczenie maszynowe do analizy i interpretacji danych wej\u015bciowych, generuj\u0105c tre\u015bci, kt\u00f3re s\u0105 zar\u00f3wno anga\u017cuj\u0105ce, jak i atrakcyjne wizualnie.<\/p>\n\n\n\n<h3 class=\"wp-block-heading\">Dlaczego warto korzysta\u0107 z generatora wideo AI?<\/h3>\n\n\n\n<p class=\"\">Generatory wideo AI oferuj\u0105 liczne zalety, kt\u00f3re czyni\u0105 je niezb\u0119dnymi w dziedzinie produkcji wideo:<\/p>\n\n\n\n<ul class=\"wp-block-list\">\n<li class=\"\"><strong>Wydajno\u015b\u0107<\/strong>: Narz\u0119dzia te znacznie skracaj\u0105 czas i wysi\u0142ek wymagany do tworzenia film\u00f3w, umo\u017cliwiaj\u0105c szybkie cykle produkcyjne.<\/li>\n\n\n\n<li class=\"\"><strong>Op\u0142acalno\u015b\u0107<\/strong>: Automatyzuj\u0105c wiele aspekt\u00f3w tworzenia wideo, generatory wideo AI mog\u0105 obni\u017cy\u0107 koszty produkcji, dzi\u0119ki czemu wysokiej jako\u015bci tre\u015bci wideo s\u0105 dost\u0119pne dla firm i os\u00f3b prywatnych o ograniczonym bud\u017cecie.<\/li>\n\n\n\n<li class=\"\"><strong>Sp\u00f3jno\u015b\u0107<\/strong>: Sztuczna inteligencja zapewnia jednolity styl i jako\u015b\u0107, utrzymuj\u0105c sp\u00f3jno\u015b\u0107 marki we wszystkich tre\u015bciach wideo.<\/li>\n\n\n\n<li class=\"\"><strong>Dost\u0119pno\u015b\u0107<\/strong>: Nawet osoby z niewielkim lub \u017cadnym do\u015bwiadczeniem w edycji wideo mog\u0105 tworzy\u0107 profesjonalne filmy, demokratyzuj\u0105c tworzenie tre\u015bci.<\/li>\n\n\n\n<li class=\"\"><strong>Personalizacja<\/strong>: Generatory wideo AI pozwalaj\u0105 na \u0142atw\u0105 personalizacj\u0119, umo\u017cliwiaj\u0105c tw\u00f3rcom dostosowanie film\u00f3w do konkretnych odbiorc\u00f3w lub kampanii marketingowych.<\/li>\n<\/ul>\n\n\n\n<h3 class=\"wp-block-heading\">Odpowiednie bran\u017ce i ludzie<\/h3>\n\n\n\n<p class=\"\">Generatory wideo AI to wszechstronne narz\u0119dzia, kt\u00f3re mog\u0105 przynie\u015b\u0107 korzy\u015bci szerokiemu gronu u\u017cytkownik\u00f3w z r\u00f3\u017cnych bran\u017c:<\/p>\n\n\n\n<ul class=\"wp-block-list\">\n<li class=\"\"><strong>Specjali\u015bci ds. marketingu<\/strong>: Do tworzenia anga\u017cuj\u0105cych film\u00f3w promocyjnych, reklam i tre\u015bci w mediach spo\u0142eczno\u015bciowych.<\/li>\n\n\n\n<li class=\"\"><strong>Edukatorzy i trenerzy<\/strong>: Do tworzenia film\u00f3w instrukta\u017cowych, samouczk\u00f3w i tre\u015bci e-learningowych.<\/li>\n\n\n\n<li class=\"\"><strong>Tw\u00f3rcy tre\u015bci i influencerzy<\/strong>: Do tworzenia wysokiej jako\u015bci film\u00f3w na YouTube, vlog\u00f3w i innych tre\u015bci w mediach spo\u0142eczno\u015bciowych.<\/li>\n\n\n\n<li class=\"\"><strong>Firmy<\/strong>: Do komunikacji korporacyjnej, prezentacji produkt\u00f3w i wewn\u0119trznych film\u00f3w szkoleniowych.<\/li>\n\n\n\n<li class=\"\"><strong>Produkcja filmowa i medialna<\/strong>: Do usprawniania procesu postprodukcji i generowania efekt\u00f3w specjalnych lub sekwencji animowanych.<\/li>\n<\/ul>\n\n\n\n<h3 class=\"wp-block-heading\">Powi\u0105zane narz\u0119dzia i informacje<\/h3>\n\n\n\n<p class=\"\">Poni\u017cej znajduje si\u0119 tabela podsumowuj\u0105ca 10 powi\u0105zanych narz\u0119dzi do generowania wideo AI, zawieraj\u0105ca kr\u00f3tki przegl\u0105d ka\u017cdego z nich wraz z ich zaletami, wadami, zaletami, wyzwaniami i zaleceniami.<\/p>\n\n\n\n<figure class=\"wp-block-table\"><table class=\"has-fixed-layout\"><thead><tr><th>Nazwa narz\u0119dzia<\/th><th>URL<\/th><th>Podsumowanie<\/th><th>Plusy<\/th><th>Wady<\/th><th>Zalety<\/th><th>Wyzwania<\/th><th>Zalecenia<\/th><\/tr><\/thead><tbody><tr><td><strong>Pictory<\/strong><\/td><td><a href=\"https:\/\/pictory.ai\" target=\"_blank\" rel=\"noopener\">Pictory<\/a><\/td><td>Oparte na sztucznej inteligencji tworzenie wideo z tekstu<\/td><td>Przyjazny dla u\u017cytkownika, szybki<\/td><td>Ograniczona personalizacja<\/td><td>Szybkie generowanie wideo<\/td><td>Krzywa uczenia si\u0119<\/td><td>Najlepsze dla pocz\u0105tkuj\u0105cych<\/td><\/tr><tr><td><strong>Animoto<\/strong><\/td><td><a href=\"https:\/\/animoto.com\" target=\"_blank\" rel=\"noopener\">Animoto<\/a><\/td><td>Prosty kreator wideo typu \"przeci\u0105gnij i upu\u015b\u0107<\/td><td>\u0141atwy w u\u017cyciu, szablony<\/td><td>Mniejsza kontrola nad szczeg\u00f3\u0142ami<\/td><td>Szablony oszcz\u0119dzaj\u0105ce czas<\/td><td>Podstawowe funkcje<\/td><td>\u015awietny do prostych projekt\u00f3w<\/td><\/tr><tr><td><strong>Synthesia<\/strong><\/td><td><a href=\"https:\/\/synthesia.io\" target=\"_blank\" rel=\"noopener\">Synthesia<\/a><\/td><td>Tworzenie wideo AI z awatarami<\/td><td>Realistyczne awatary, Wieloj\u0119zyczny<\/td><td>Wy\u017cszy koszt<\/td><td>Konfigurowalne awatary<\/td><td>Wymaga skrypt\u00f3w<\/td><td>Idealny do film\u00f3w korporacyjnych<\/td><\/tr><tr><td><strong>Lumen5<\/strong><\/td><td><a href=\"https:\/\/lumen5.com\" target=\"_blank\" rel=\"noopener\">Lumen5<\/a><\/td><td>Oparte na sztucznej inteligencji tworzenie wideo na podstawie artyku\u0142\u00f3w<\/td><td>Integracja z blogami, Fast<\/td><td>Znak wodny w wersji darmowej<\/td><td>Zautomatyzowane tworzenie tre\u015bci<\/td><td>Ograniczone bezp\u0142atne opcje<\/td><td>Najlepsze dla bloger\u00f3w<\/td><\/tr><tr><td><strong>Magisto<\/strong><\/td><td><a href=\"https:\/\/magisto.com\" target=\"_blank\" rel=\"noopener\">Magisto<\/a><\/td><td>Inteligentny edytor wideo ze sztuczn\u0105 inteligencj\u0105<\/td><td>Inteligentna edycja, Biblioteka muzyczna<\/td><td>Wymagana subskrypcja<\/td><td>Zautomatyzowana edycja<\/td><td>Ograniczone sterowanie r\u0119czne<\/td><td>\u015awietny do medi\u00f3w spo\u0142eczno\u015bciowych<\/td><\/tr><tr><td><strong>Wibbitz<\/strong><\/td><td><a href=\"https:\/\/wibbitz.com\" target=\"_blank\" rel=\"noopener\">Wibbitz<\/a><\/td><td>Platforma do tworzenia wideo dla zespo\u0142\u00f3w<\/td><td>Wsp\u00f3\u0142praca, szybko\u015b\u0107<\/td><td>Drogie<\/td><td>Wsp\u00f3\u0142praca zespo\u0142owa<\/td><td>Stroma krzywa uczenia si\u0119<\/td><td>Najlepsze dla zespo\u0142\u00f3w marketingowych<\/td><\/tr><tr><td><strong>FlexClip<\/strong><\/td><td><a href=\"https:\/\/flexclip.com\" target=\"_blank\" rel=\"noopener\">FlexClip<\/a><\/td><td>Kreator wideo online z szablonami<\/td><td>\u0141atwy w u\u017cyciu, szablony<\/td><td>Ograniczone funkcje zaawansowane<\/td><td>Przyjazny dla u\u017cytkownika<\/td><td>Podstawowe funkcje<\/td><td>Dobry do szybkiej edycji<\/td><\/tr><tr><td><strong>InVideo<\/strong><\/td><td><a href=\"https:\/\/invideo.io\" target=\"_blank\" rel=\"noopener\">InVideo<\/a><\/td><td>Edytor wideo online ze sztuczn\u0105 inteligencj\u0105<\/td><td>Rozbudowana biblioteka multimedi\u00f3w, szablony<\/td><td>Znak wodny w wersji darmowej<\/td><td>Opcje multimedi\u00f3w<\/td><td>Koszty subskrypcji<\/td><td>Najlepsze dla marketer\u00f3w<\/td><\/tr><tr><td><strong>Designs.ai<\/strong><\/td><td><a href=\"https:\/\/designs.ai\" target=\"_blank\" rel=\"noopener\">Designs.ai<\/a><\/td><td>Narz\u0119dzia kreatywne oparte na sztucznej inteligencji<\/td><td>Wszechstronny, szybki<\/td><td>Wymagana subskrypcja<\/td><td>Wiele kreatywnych narz\u0119dzi<\/td><td>Wymaga dost\u0119pu do Internetu<\/td><td>Idealny dla tw\u00f3rc\u00f3w tre\u015bci<\/td><\/tr><tr><td><strong>DeepBrain<\/strong><\/td><td><a href=\"https:\/\/deepbrain.io\" target=\"_blank\" rel=\"noopener\">DeepBrain<\/a><\/td><td>Generator wideo AI z g\u0142\u0119bokim uczeniem<\/td><td>Wysoka jako\u015b\u0107, mo\u017cliwo\u015b\u0107 dostosowania<\/td><td>Z\u0142o\u017cony interfejs<\/td><td>Wyj\u015bcie wysokiej jako\u015bci<\/td><td>Wymaga szkolenia<\/td><td>Najlepsze dla zaawansowanych u\u017cytkownik\u00f3w<\/td><\/tr><\/tbody><\/table><\/figure>\n\n\n\n<h3 class=\"wp-block-heading\">Cz\u0119sto zadawane pytania (FAQ)<\/h3>\n\n\n\n<ol class=\"wp-block-list\">\n<li class=\"\"><strong>Czym jest generator wideo AI?<\/strong>\n<ul class=\"wp-block-list\">\n<li class=\"\">Generator wideo AI to narz\u0119dzie, kt\u00f3re wykorzystuje sztuczn\u0105 inteligencj\u0119 do automatycznego tworzenia film\u00f3w z r\u00f3\u017cnych danych wej\u015bciowych, takich jak tekst, obrazy lub surowy materia\u0142 filmowy.<\/li>\n<\/ul>\n<\/li>\n\n\n\n<li class=\"\"><strong>Jak dzia\u0142a generator wideo AI?<\/strong>\n<ul class=\"wp-block-list\">\n<li class=\"\">Wykorzystuje technologie sztucznej inteligencji, takie jak przetwarzanie j\u0119zyka naturalnego i wizja komputerowa, do interpretacji danych wej\u015bciowych i generowania tre\u015bci wideo.<\/li>\n<\/ul>\n<\/li>\n\n\n\n<li class=\"\"><strong>Jakie s\u0105 korzy\u015bci z korzystania z generatora wideo AI?<\/strong>\n<ul class=\"wp-block-list\">\n<li class=\"\">Korzy\u015bci obejmuj\u0105 zwi\u0119kszon\u0105 wydajno\u015b\u0107, oszcz\u0119dno\u015b\u0107 koszt\u00f3w, sta\u0142\u0105 jako\u015b\u0107, dost\u0119pno\u015b\u0107 i \u0142atw\u0105 personalizacj\u0119.<\/li>\n<\/ul>\n<\/li>\n\n\n\n<li class=\"\"><strong>Kto mo\u017ce skorzysta\u0107 z generator\u00f3w wideo AI?<\/strong>\n<ul class=\"wp-block-list\">\n<li class=\"\">Mog\u0105 na tym skorzysta\u0107 specjali\u015bci ds. marketingu, nauczyciele, tw\u00f3rcy tre\u015bci, firmy i zespo\u0142y zajmuj\u0105ce si\u0119 produkcj\u0105 medialn\u0105.<\/li>\n<\/ul>\n<\/li>\n\n\n\n<li class=\"\"><strong>Czy generatory wideo AI s\u0105 drogie?<\/strong>\n<ul class=\"wp-block-list\">\n<li class=\"\">Ceny s\u0105 r\u00f3\u017cne, ale wiele narz\u0119dzi oferuje op\u0142acalne opcje, kt\u00f3re s\u0105 ta\u0144sze ni\u017c tradycyjne metody produkcji wideo.<\/li>\n<\/ul>\n<\/li>\n\n\n\n<li class=\"\"><strong>Czy pocz\u0105tkuj\u0105cy mog\u0105 korzysta\u0107 z generator\u00f3w wideo AI?<\/strong>\n<ul class=\"wp-block-list\">\n<li class=\"\">Tak, wiele generator\u00f3w wideo AI jest zaprojektowanych tak, aby by\u0142y przyjazne dla u\u017cytkownika, dzi\u0119ki czemu s\u0105 dost\u0119pne dla pocz\u0105tkuj\u0105cych.<\/li>\n<\/ul>\n<\/li>\n\n\n\n<li class=\"\"><strong>Jaki jest najlepszy generator wideo AI?<\/strong>\n<ul class=\"wp-block-list\">\n<li class=\"\">Najlepsze narz\u0119dzie mo\u017ce r\u00f3\u017cni\u0107 si\u0119 w zale\u017cno\u015bci od potrzeb, ale <a href=\"https:\/\/aiartfree.online\/pl\/generator-wideo-ai\/\">AI Art Free<\/a> jest wysoce zalecana ze wzgl\u0119du na swoje funkcje i \u0142atwo\u015b\u0107 u\u017cytkowania.<\/li>\n<\/ul>\n<\/li>\n\n\n\n<li class=\"\"><strong>Czy generatory wideo AI wymagaj\u0105 specjalnych umiej\u0119tno\u015bci?<\/strong>\n<ul class=\"wp-block-list\">\n<li class=\"\">Wi\u0119kszo\u015b\u0107 z nich nie wymaga specjalnych umiej\u0119tno\u015bci i jest zaprojektowana tak, aby by\u0142a intuicyjna, chocia\u017c znajomo\u015b\u0107 edycji wideo mo\u017ce by\u0107 pomocna.<\/li>\n<\/ul>\n<\/li>\n\n\n\n<li class=\"\"><strong>Jak wybra\u0107 odpowiedni generator wideo AI?<\/strong>\n<ul class=\"wp-block-list\">\n<li class=\"\">We\u017a pod uwag\u0119 takie czynniki, jak \u0142atwo\u015b\u0107 obs\u0142ugi, opcje dostosowywania, koszt i konkretne potrzeby Twojego projektu.<\/li>\n<\/ul>\n<\/li>\n\n\n\n<li class=\"\"><strong>Czy generatory wideo AI mog\u0105 tworzy\u0107 wysokiej jako\u015bci filmy?<\/strong>\n<ul class=\"wp-block-list\">\n<li class=\"\">Tak, wiele generator\u00f3w wideo AI tworzy profesjonalne filmy, kt\u00f3re nadaj\u0105 si\u0119 do r\u00f3\u017cnych zastosowa\u0144, od marketingu po edukacj\u0119.<\/li>\n<\/ul>\n<\/li>\n<\/ol>\n\n\n\n<p class=\"\">Podsumowuj\u0105c, generatory wideo AI zmieniaj\u0105 spos\u00f3b tworzenia film\u00f3w, oferuj\u0105c liczne korzy\u015bci i czyni\u0105c produkcj\u0119 wideo bardziej dost\u0119pn\u0105 dla wszystkich. Dla tych, kt\u00f3rzy chc\u0105 pozna\u0107 te narz\u0119dzia, <a href=\"https:\/\/aiartfree.online\/pl\/generator-wideo-ai\/\">AI Art Free<\/a> Wyr\u00f3\u017cnia si\u0119 jako najlepszy wyb\u00f3r, oferuj\u0105c solidny zestaw funkcji i \u0142atwo\u015b\u0107 u\u017cytkowania.<\/p>","protected":false},"excerpt":{"rendered":"<p>What other users made with AI Video Generator Prompt: 1 girl, off-shoulder, light smile, shiny skin best quality, masterpiece, photorealistic, turn around 3 Steps to Use AI Video Generator *&nbsp;Depending on your internet speed, loading the model may take up to 10 seconds \u2193 Introduction of AI Video Generator In the modern digital landscape, AI &#8230; <a title=\"Generator wideo AI\" class=\"read-more\" href=\"https:\/\/aiartfree.online\/pl\/generator-wideo-ai\/\" aria-label=\"Read more about AI Video Generator\">Dowiedz si\u0119 wi\u0119cej<\/a><\/p>","protected":false},"author":1,"featured_media":3463,"parent":0,"menu_order":0,"comment_status":"open","ping_status":"closed","template":"","meta":{"nf_dc_page":"","footnotes":""},"class_list":["post-2993","page","type-page","status-publish","has-post-thumbnail"],"jetpack_sharing_enabled":true,"_links":{"self":[{"href":"https:\/\/aiartfree.online\/pl\/wp-json\/wp\/v2\/pages\/2993","targetHints":{"allow":["GET"]}}],"collection":[{"href":"https:\/\/aiartfree.online\/pl\/wp-json\/wp\/v2\/pages"}],"about":[{"href":"https:\/\/aiartfree.online\/pl\/wp-json\/wp\/v2\/types\/page"}],"author":[{"embeddable":true,"href":"https:\/\/aiartfree.online\/pl\/wp-json\/wp\/v2\/users\/1"}],"replies":[{"embeddable":true,"href":"https:\/\/aiartfree.online\/pl\/wp-json\/wp\/v2\/comments?post=2993"}],"version-history":[{"count":1,"href":"https:\/\/aiartfree.online\/pl\/wp-json\/wp\/v2\/pages\/2993\/revisions"}],"predecessor-version":[{"id":3601,"href":"https:\/\/aiartfree.online\/pl\/wp-json\/wp\/v2\/pages\/2993\/revisions\/3601"}],"wp:featuredmedia":[{"embeddable":true,"href":"https:\/\/aiartfree.online\/pl\/wp-json\/wp\/v2\/media\/3463"}],"wp:attachment":[{"href":"https:\/\/aiartfree.online\/pl\/wp-json\/wp\/v2\/media?parent=2993"}],"curies":[{"name":"wp","href":"https:\/\/api.w.org\/{rel}","templated":true}]}}