{"id":2986,"date":"2024-07-19T17:43:48","date_gmt":"2024-07-19T17:43:48","guid":{"rendered":"https:\/\/aiartfree.online\/?page_id=2986"},"modified":"2025-03-07T08:22:52","modified_gmt":"2025-03-07T08:22:52","slug":"video-to-gif","status":"publish","type":"page","link":"https:\/\/aiartfree.online\/pl\/wideo-do-gif\/","title":{"rendered":"Darmowe wideo do GIF"},"content":{"rendered":"<h2 class=\"wp-block-heading\">Jak korzysta\u0107 z funkcji Video to GIF<\/h2>\n\n\n\n<ol class=\"wp-block-list\">\n<li class=\"\">Upu\u015b\u0107 lub prze\u015blij swoje ulubione wideo<\/li>\n\n\n\n<li class=\"\">Przewi\u0144 w d\u00f3\u0142 i kliknij \"Generuj animowany GIF\".<\/li>\n\n\n\n<li class=\"\">Odczekaj oko\u0142o 9-14 sekund, to wszystko!<\/li>\n\n\n\n<li class=\"\">Pobierz i udost\u0119pnij znajomym<\/li>\n<\/ol>\n\n\n\n<figure class=\"gb-block-image gb-block-image-4dfafe81\"><a href=\"https:\/\/fas.st\/t\/XmtmoHSk\" target=\"_blank\" rel=\"noopener noreferrer\"><img data-recalc-dims=\"1\" decoding=\"async\" loading=\"lazy\" width=\"1200\" height=\"368\" class=\"gb-image gb-image-4dfafe81\" src=\"https:\/\/i0.wp.com\/aiartfree.online\/wp-content\/uploads\/2025\/03\/WX20250307-114300%402x.webp?resize=1200%2C368&#038;ssl=1\" alt=\"\" title=\"WX20250307-114300@2x\" srcset=\"https:\/\/i0.wp.com\/aiartfree.online\/wp-content\/uploads\/2025\/03\/WX20250307-114300%402x.webp?w=1900&amp;ssl=1 1900w, https:\/\/i0.wp.com\/aiartfree.online\/wp-content\/uploads\/2025\/03\/WX20250307-114300%402x.webp?resize=300%2C92&amp;ssl=1 300w, https:\/\/i0.wp.com\/aiartfree.online\/wp-content\/uploads\/2025\/03\/WX20250307-114300%402x.webp?resize=1024%2C314&amp;ssl=1 1024w, https:\/\/i0.wp.com\/aiartfree.online\/wp-content\/uploads\/2025\/03\/WX20250307-114300%402x.webp?resize=768%2C235&amp;ssl=1 768w, https:\/\/i0.wp.com\/aiartfree.online\/wp-content\/uploads\/2025\/03\/WX20250307-114300%402x.webp?resize=1536%2C471&amp;ssl=1 1536w, https:\/\/i0.wp.com\/aiartfree.online\/wp-content\/uploads\/2025\/03\/WX20250307-114300%402x.webp?resize=18%2C6&amp;ssl=1 18w, https:\/\/i0.wp.com\/aiartfree.online\/wp-content\/uploads\/2025\/03\/WX20250307-114300%402x.webp?resize=600%2C184&amp;ssl=1 600w\" sizes=\"auto, (max-width: 1200px) 100vw, 1200px\" \/><\/a><\/figure>\n\n\n\n<p class=\"\"><em>* W zale\u017cno\u015bci od szybko\u015bci \u0142\u0105cza internetowego \u0142adowanie modelu mo\u017ce potrwa\u0107 kilka sekund.<br>* Podczas ci\u0105g\u0142ego generowania nast\u0105pi buforowanie, a nowy obraz pojawi si\u0119 po oko\u0142o 3 sekundach.<\/em><\/p>\n\n\n\n<div style=\"text-align: center;\">\n  <iframe loading=\"lazy\"\n    src=\"https:\/\/fariyan-gif-studio.hf.space\"\n    frameborder=\"0\"\n    width=\"1200\"\n    height=\"2500\"\n    style=\"display: inline-block; margin: 0 auto;\"\n  ><\/iframe>\n<\/div>\n\n\n\n<div style=\"height:50px\" aria-hidden=\"true\" class=\"wp-block-spacer\"><\/div>\n\n\n\n<h2 class=\"wp-block-heading\">Wprowadzenie wideo do GIF<\/h2>\n\n\n\n<p class=\"\">W dobie tworzenia tre\u015bci cyfrowych, przekszta\u0142canie film\u00f3w w GIF-y sta\u0142o si\u0119 popularnym sposobem na dzielenie si\u0119 chwilami w dynamicznym, ale kompaktowym formacie. W tym przewodniku om\u00f3wimy koncepcj\u0119 konwertowania film\u00f3w na GIF-y, znaczenie tego procesu, najlepsze dost\u0119pne narz\u0119dzia i odpowiemy na najcz\u0119\u015bciej zadawane pytania.<\/p>\n\n\n\n<h3 class=\"wp-block-heading\">Spis tre\u015bci<\/h3>\n\n\n\n<ol class=\"wp-block-list\">\n<li class=\"\">Czym jest konwersja wideo na GIF?<\/li>\n\n\n\n<li class=\"\">Dlaczego warto u\u017cywa\u0107 wideo do GIF?<\/li>\n\n\n\n<li class=\"\">Odpowiedni u\u017cytkownicy lub bran\u017ce<\/li>\n\n\n\n<li class=\"\">10 najlepszych narz\u0119dzi i informacji<\/li>\n\n\n\n<li class=\"\">Cz\u0119sto zadawane pytania<\/li>\n<\/ol>\n\n\n\n<h3 class=\"wp-block-heading\">Czym jest konwersja wideo na GIF?<\/h3>\n\n\n\n<p class=\"\">Konwersja wideo do formatu GIF polega na przekszta\u0142ceniu pliku wideo w obraz GIF. GIF-y, czyli obrazy w formacie Graphics Interchange Format, s\u0105 szeroko stosowane w mediach spo\u0142eczno\u015bciowych i na stronach internetowych ze wzgl\u0119du na ich zdolno\u015b\u0107 do zap\u0119tlania animacji i stosunkowo niewielki rozmiar pliku. Proces ten umo\u017cliwia u\u017cytkownikom pobranie fragmentu filmu i przekszta\u0142cenie go w animowany obraz, kt\u00f3ry mo\u017cna \u0142atwo udost\u0119pnia\u0107 i wy\u015bwietla\u0107 na r\u00f3\u017cnych platformach.<\/p>\n\n\n\n<h3 class=\"wp-block-heading\">Dlaczego warto u\u017cywa\u0107 wideo do GIF?<\/h3>\n\n\n\n<p class=\"\">Korzystanie z konwersji wideo na GIF oferuje kilka korzy\u015bci:<\/p>\n\n\n\n<ul class=\"wp-block-list\">\n<li class=\"\"><strong>Zaanga\u017cowanie<\/strong>: GIF-y przyci\u0105gaj\u0105 wzrok i mog\u0105 szybko przyci\u0105gn\u0105\u0107 uwag\u0119 widz\u00f3w.<\/li>\n\n\n\n<li class=\"\"><strong>Kompatybilno\u015b\u0107<\/strong>: GIF-y s\u0105 obs\u0142ugiwane przez wi\u0119kszo\u015b\u0107 platform medi\u00f3w spo\u0142eczno\u015bciowych i aplikacji do przesy\u0142ania wiadomo\u015bci.<\/li>\n\n\n\n<li class=\"\"><strong>Rozmiar pliku<\/strong>: W por\u00f3wnaniu do film\u00f3w, GIF-y maj\u0105 mniejszy rozmiar, co u\u0142atwia ich przesy\u0142anie i udost\u0119pnianie.<\/li>\n\n\n\n<li class=\"\"><strong>Kreatywno\u015b\u0107<\/strong>: GIF-y pozwalaj\u0105 na kreatywn\u0105 ekspresj\u0119 poprzez podkre\u015blenie konkretnych moment\u00f3w lub dodanie humoru poprzez zap\u0119tlone animacje.<\/li>\n<\/ul>\n\n\n\n<h3 class=\"wp-block-heading\">Odpowiedni u\u017cytkownicy lub bran\u017ce<\/h3>\n\n\n\n<p class=\"\">Konwersja z wideo do GIF jest korzystna dla r\u00f3\u017cnych u\u017cytkownik\u00f3w i bran\u017c, w tym:<\/p>\n\n\n\n<ul class=\"wp-block-list\">\n<li class=\"\"><strong>Influencerzy medi\u00f3w spo\u0142eczno\u015bciowych<\/strong>: Tworzenie anga\u017cuj\u0105cych tre\u015bci, kt\u00f3re si\u0119 wyr\u00f3\u017cniaj\u0105.<\/li>\n\n\n\n<li class=\"\"><strong>Marketerzy<\/strong>: Ulepszanie reklam i materia\u0142\u00f3w promocyjnych.<\/li>\n\n\n\n<li class=\"\"><strong>Nauczyciele<\/strong>: Tworzenie prostych, zap\u0119tlonych animacji instrukta\u017cowych.<\/li>\n\n\n\n<li class=\"\"><strong>Tw\u00f3rcy tre\u015bci<\/strong>: Udost\u0119pnianie najwa\u017cniejszych lub zabawnych moment\u00f3w z d\u0142u\u017cszych film\u00f3w.<\/li>\n\n\n\n<li class=\"\"><strong>Firmy<\/strong>: Tworzenie anga\u017cuj\u0105cych wizualizacji na potrzeby stron internetowych i prezentacji.<\/li>\n<\/ul>\n\n\n\n<h3 class=\"wp-block-heading\">10 najlepszych narz\u0119dzi i informacji<\/h3>\n\n\n\n<p class=\"\">Poni\u017cej znajduje si\u0119 tabela podsumowuj\u0105ca 10 najlepszych narz\u0119dzi do konwersji film\u00f3w na pliki GIF, w tym ich adresy URL, wady, zalety, wyzwania i rekomendacje.<\/p>\n\n\n\n<figure class=\"wp-block-table\"><table class=\"has-fixed-layout\"><thead><tr><th>Nazwa narz\u0119dzia<\/th><th>URL<\/th><th>Plusy<\/th><th>Wady<\/th><th>Zalety<\/th><th>Wyzwania<\/th><th>Zalecenia<\/th><\/tr><\/thead><tbody><tr><td><strong>Darmowe wideo do GIF<\/strong><\/td><td><a href=\"https:\/\/aiartfree.online\/pl\/wideo-do-gif\/\" data-type=\"link\" data-id=\"https:\/\/aiartfree.online\/video-to-gif\/\">aiartfree.online<\/a><\/td><td>\u0141atwa obs\u0142uga, wysoka jako\u015b\u0107 wydruk\u00f3w<\/td><td>Ograniczone funkcje zaawansowane<\/td><td>Najlepsze do szybkich konwersji<\/td><td>Mo\u017ce nie odpowiada\u0107 profesjonalnym redaktorom<\/td><td>Najlepsze narz\u0119dzie dla u\u017cytkownik\u00f3w og\u00f3lnych<\/td><\/tr><tr><td><strong>Giphy<\/strong><\/td><td><a href=\"https:\/\/giphy.com\" rel=\"nofollow noopener\" target=\"_blank\">giphy.com<\/a><\/td><td>Rozbudowana biblioteka, \u0142atwe udost\u0119pnianie<\/td><td>Znak wodny w wersji darmowej<\/td><td>\u015awietny do medi\u00f3w spo\u0142eczno\u015bciowych<\/td><td>Wymaga rejestracji<\/td><td>Idealny do korzystania z medi\u00f3w spo\u0142eczno\u015bciowych<\/td><\/tr><tr><td><strong>Imgur<\/strong><\/td><td><a href=\"https:\/\/imgur.com\" rel=\"nofollow noopener\" target=\"_blank\">imgur.com<\/a><\/td><td>Darmowy, prosty interfejs<\/td><td>Ograniczone opcje edycji<\/td><td>Dobry do szybkiej edycji<\/td><td>Brak zaawansowanych funkcji<\/td><td>Dobry dla zwyk\u0142ych u\u017cytkownik\u00f3w<\/td><\/tr><tr><td><strong>EZGIF<\/strong><\/td><td><a href=\"https:\/\/ezgif.com\" rel=\"nofollow noopener\" target=\"_blank\">ezgif.com<\/a><\/td><td>Wszechstronne funkcje, za darmo<\/td><td>Interfejs mo\u017ce by\u0107 przyt\u0142aczaj\u0105cy<\/td><td>Nadaje si\u0119 do szczeg\u00f3\u0142owej edycji<\/td><td>Mo\u017ce by\u0107 skomplikowana dla pocz\u0105tkuj\u0105cych<\/td><td>Zalecany do szczeg\u00f3\u0142owej edycji<\/td><\/tr><tr><td><strong>Convertio<\/strong><\/td><td><a href=\"https:\/\/convertio.co\" rel=\"nofollow noopener\" target=\"_blank\">convertio.c<\/a><a href=\"https:\/\/convertio.co\" target=\"_blank\" rel=\"noopener\">o<\/a><\/td><td>Obs\u0142uga wielu format\u00f3w<\/td><td>Darmowa wersja ma ograniczenia<\/td><td>Wszechstronno\u015b\u0107 i elastyczno\u015b\u0107<\/td><td>Limity rozmiaru w wersji darmowej<\/td><td>Dobra dla r\u00f3\u017cnych typ\u00f3w plik\u00f3w<\/td><\/tr><tr><td><strong>Konwersja online<\/strong><\/td><td><a href=\"https:\/\/online-convert.com\" rel=\"nofollow noopener\" target=\"_blank\">online-convert.com<\/a><\/td><td>Brak instalacji oprogramowania<\/td><td>Reklamy w wersji darmowej<\/td><td>Wygodnie i szybko<\/td><td>Wymagane po\u0142\u0105czenie z Internetem<\/td><td>Najlepsze do szybkiej konwersji online<\/td><\/tr><tr><td><strong>MakeAGIF<\/strong><\/td><td><a href=\"https:\/\/makeagif.com\" rel=\"nofollow noopener\" target=\"_blank\">makeagif.com<\/a><\/td><td>\u0141atwy w u\u017cyciu, integracja spo\u0142eczno\u015bciowa<\/td><td>Znak wodny w wersji darmowej<\/td><td>Przyjazny dla u\u017cytkownika interfejs<\/td><td>Ograniczone opcje edycji<\/td><td>\u015awietny do szybkich post\u00f3w w mediach spo\u0142eczno\u015bciowych<\/td><\/tr><tr><td><strong>GIFMaker<\/strong><\/td><td><a href=\"https:\/\/gifmaker.me\" rel=\"nofollow noopener\" target=\"_blank\">gifmaker.me<\/a><\/td><td>Nie wymaga rejestracji, bezp\u0142atna<\/td><td>Ograniczone funkcje<\/td><td>Szybko i \u0142atwo<\/td><td>Nie nadaje si\u0119 do z\u0142o\u017conych edycji<\/td><td>Idealny do codziennego u\u017cytku<\/td><\/tr><tr><td><strong>CloudConvert<\/strong><\/td><td><a href=\"https:\/\/cloudconvert.com\" rel=\"nofollow noopener\" target=\"_blank\">cloudconvert.com<\/a><\/td><td>Wysokiej jako\u015bci konwersje<\/td><td>Ograniczenia wersji darmowej<\/td><td>Wysoka personalizacja<\/td><td>Wymaga rejestracji w celu uzyskania pe\u0142nych funkcji<\/td><td>Najlepsze dla wysokiej jako\u015bci wydruk\u00f3w<\/td><\/tr><tr><td><strong>Kapwing<\/strong><\/td><td><a href=\"https:\/\/kapwing.com\" rel=\"nofollow noopener\" target=\"_blank\">kapwing.com<\/a><\/td><td>Nowoczesny interfejs, wsp\u00f3\u0142praca<\/td><td>Wymaga konta<\/td><td>Dobry do pracy zespo\u0142owej<\/td><td>Niekt\u00f3re funkcje za paywallem<\/td><td>Doskona\u0142y do projekt\u00f3w zespo\u0142owych<\/td><\/tr><\/tbody><\/table><\/figure>\n\n\n\n<h3 class=\"wp-block-heading\">Cz\u0119sto zadawane pytania<\/h3>\n\n\n\n<ol class=\"wp-block-list\">\n<li class=\"\"><strong>Jakie jest najlepsze narz\u0119dzie do konwersji wideo na GIF?<\/strong>\n<ul class=\"wp-block-list\">\n<li class=\"\">Najlepszym narz\u0119dziem jest Free Online Auto Draft. Jest przyjazne dla u\u017cytkownika i tworzy wysokiej jako\u015bci GIF-y.<\/li>\n<\/ul>\n<\/li>\n\n\n\n<li class=\"\"><strong>Jak przekonwertowa\u0107 MP4 na GIF?<\/strong>\n<ul class=\"wp-block-list\">\n<li class=\"\">Mo\u017cesz u\u017cy\u0107 konwerter\u00f3w online, takich jak EZGIF lub Giphy. Wystarczy przes\u0142a\u0107 plik MP4 i post\u0119powa\u0107 zgodnie z instrukcjami, aby przekonwertowa\u0107 go na GIF.<\/li>\n<\/ul>\n<\/li>\n\n\n\n<li class=\"\"><strong>Czy mog\u0119 tworzy\u0107 wysokiej jako\u015bci pliki GIF z film\u00f3w?<\/strong>\n<ul class=\"wp-block-list\">\n<li class=\"\">Tak, narz\u0119dzia takie jak Free Online Auto Draft i CloudConvert oferuj\u0105 wysokiej jako\u015bci konwersje.<\/li>\n<\/ul>\n<\/li>\n\n\n\n<li class=\"\"><strong>Czym s\u0105 animowane pliki GIF?<\/strong>\n<ul class=\"wp-block-list\">\n<li class=\"\">S\u0105 to narz\u0119dzia, kt\u00f3re umo\u017cliwiaj\u0105 tworzenie GIF-\u00f3w z film\u00f3w lub serii obraz\u00f3w, cz\u0119sto z dodatkowymi funkcjami edycji.<\/li>\n<\/ul>\n<\/li>\n\n\n\n<li class=\"\"><strong>Czy istnieje darmowy program do tworzenia wysokiej jako\u015bci GIF-\u00f3w?<\/strong>\n<ul class=\"wp-block-list\">\n<li class=\"\">Tak, narz\u0119dzia takie jak Giphy i EZGIF oferuj\u0105 darmowe wersje, kt\u00f3re mog\u0105 tworzy\u0107 wysokiej jako\u015bci GIF-y.<\/li>\n<\/ul>\n<\/li>\n\n\n\n<li class=\"\"><strong>Jak utworzy\u0107 GIF z klipu wideo?<\/strong>\n<ul class=\"wp-block-list\">\n<li class=\"\">Skorzystaj z narz\u0119dzia takiego jak Free Online Auto Draft, prze\u015blij sw\u00f3j klip wideo, wybierz \u017c\u0105dany segment i przekonwertuj go na GIF.<\/li>\n<\/ul>\n<\/li>\n\n\n\n<li class=\"\"><strong>Jakie formaty plik\u00f3w wideo mo\u017cna przekonwertowa\u0107 na GIF?<\/strong>\n<ul class=\"wp-block-list\">\n<li class=\"\">Wi\u0119kszo\u015b\u0107 narz\u0119dzi obs\u0142uguje formaty takie jak MP4, AVI i MOV do konwersji na GIF.<\/li>\n<\/ul>\n<\/li>\n\n\n\n<li class=\"\"><strong>Czy mog\u0119 edytowa\u0107 GIF po konwersji?<\/strong>\n<ul class=\"wp-block-list\">\n<li class=\"\">Tak, wiele narz\u0119dzi, takich jak EZGIF, oferuje funkcje edycji umo\u017cliwiaj\u0105ce dostosowanie pliku GIF po konwersji.<\/li>\n<\/ul>\n<\/li>\n\n\n\n<li class=\"\"><strong>Jaka jest maksymalna d\u0142ugo\u015b\u0107 filmu, kt\u00f3ry mog\u0119 przekonwertowa\u0107 na GIF?<\/strong>\n<ul class=\"wp-block-list\">\n<li class=\"\">Zale\u017cy to od narz\u0119dzia. Free Online Auto Draft obs\u0142uguje standardowe d\u0142ugo\u015bci wideo odpowiednie dla wi\u0119kszo\u015bci zastosowa\u0144.<\/li>\n<\/ul>\n<\/li>\n\n\n\n<li class=\"\"><strong>Czy musz\u0119 mie\u0107 konto, aby konwertowa\u0107 filmy na GIF-y?<\/strong>\n<ul class=\"wp-block-list\">\n<li class=\"\">Niekt\u00f3re narz\u0119dzia wymagaj\u0105 konta do korzystania z wszystkich funkcji, ale wiele z nich, takich jak Free Online Auto Draft i GIFMaker, nie wymaga konta do podstawowego u\u017cytku.<\/li>\n<\/ul>\n<\/li>\n<\/ol>\n\n\n\n<p class=\"\">Korzystaj\u0105c z dostarczonych informacji, mo\u017cesz skutecznie konwertowa\u0107 filmy na GIF-y, zwi\u0119kszaj\u0105c zawarto\u015b\u0107 i zaanga\u017cowanie na r\u00f3\u017cnych platformach.<\/p>\n\n\n\n<p class=\"\"><\/p>","protected":false},"excerpt":{"rendered":"<p>How to use Video to GIF *&nbsp;Depending on your internet speed, loading the model may take a few seconds.* There will be caching during continuous generation, and the new image will appear after about 3 seconds. Introduction of Video to GIF In the age of digital content creation, transforming videos into GIFs has become a &#8230; <a title=\"Darmowe wideo do GIF\" class=\"read-more\" href=\"https:\/\/aiartfree.online\/pl\/wideo-do-gif\/\" aria-label=\"Read more about Free Video to GIF\">Dowiedz si\u0119 wi\u0119cej<\/a><\/p>","protected":false},"author":1,"featured_media":0,"parent":0,"menu_order":0,"comment_status":"open","ping_status":"closed","template":"","meta":{"nf_dc_page":"","footnotes":""},"class_list":["post-2986","page","type-page","status-publish"],"jetpack_sharing_enabled":true,"_links":{"self":[{"href":"https:\/\/aiartfree.online\/pl\/wp-json\/wp\/v2\/pages\/2986","targetHints":{"allow":["GET"]}}],"collection":[{"href":"https:\/\/aiartfree.online\/pl\/wp-json\/wp\/v2\/pages"}],"about":[{"href":"https:\/\/aiartfree.online\/pl\/wp-json\/wp\/v2\/types\/page"}],"author":[{"embeddable":true,"href":"https:\/\/aiartfree.online\/pl\/wp-json\/wp\/v2\/users\/1"}],"replies":[{"embeddable":true,"href":"https:\/\/aiartfree.online\/pl\/wp-json\/wp\/v2\/comments?post=2986"}],"version-history":[{"count":1,"href":"https:\/\/aiartfree.online\/pl\/wp-json\/wp\/v2\/pages\/2986\/revisions"}],"predecessor-version":[{"id":3600,"href":"https:\/\/aiartfree.online\/pl\/wp-json\/wp\/v2\/pages\/2986\/revisions\/3600"}],"wp:attachment":[{"href":"https:\/\/aiartfree.online\/pl\/wp-json\/wp\/v2\/media?parent=2986"}],"curies":[{"name":"wp","href":"https:\/\/api.w.org\/{rel}","templated":true}]}}