{"id":2983,"date":"2024-07-19T13:17:41","date_gmt":"2024-07-19T13:17:41","guid":{"rendered":"https:\/\/aiartfree.online\/?page_id=2983"},"modified":"2025-03-07T08:28:23","modified_gmt":"2025-03-07T08:28:23","slug":"free-ai-logo-generator","status":"publish","type":"page","link":"https:\/\/aiartfree.online\/pl\/darmowy-generator-logo-ai\/","title":{"rendered":"Darmowy generator logo AI"},"content":{"rendered":"<h2 class=\"wp-block-heading\">Jak korzysta\u0107 z darmowego generatora logo AI<\/h2>\n\n\n\n<ol class=\"wp-block-list\">\n<li class=\"\">Upu\u015b\u0107 lub prze\u015blij obraz<\/li>\n\n\n\n<li class=\"\">Kliknij \"Prze\u015blij\"<\/li>\n\n\n\n<li class=\"\">Czekaj, to jest to! <\/li>\n<\/ol>\n\n\n\n<figure class=\"gb-block-image gb-block-image-032aac41\"><a href=\"https:\/\/fas.st\/t\/9U4PYbm7\" target=\"_blank\" rel=\"noopener noreferrer\"><img data-recalc-dims=\"1\" decoding=\"async\" loading=\"lazy\" width=\"1200\" height=\"365\" class=\"gb-image gb-image-032aac41\" src=\"https:\/\/i0.wp.com\/aiartfree.online\/wp-content\/uploads\/2025\/03\/WX20250307-115412%402x.webp?resize=1200%2C365&#038;ssl=1\" alt=\"\" title=\"WX20250307-115412@2x\" srcset=\"https:\/\/i0.wp.com\/aiartfree.online\/wp-content\/uploads\/2025\/03\/WX20250307-115412%402x.webp?w=1942&amp;ssl=1 1942w, https:\/\/i0.wp.com\/aiartfree.online\/wp-content\/uploads\/2025\/03\/WX20250307-115412%402x.webp?resize=300%2C91&amp;ssl=1 300w, https:\/\/i0.wp.com\/aiartfree.online\/wp-content\/uploads\/2025\/03\/WX20250307-115412%402x.webp?resize=1024%2C312&amp;ssl=1 1024w, https:\/\/i0.wp.com\/aiartfree.online\/wp-content\/uploads\/2025\/03\/WX20250307-115412%402x.webp?resize=768%2C234&amp;ssl=1 768w, https:\/\/i0.wp.com\/aiartfree.online\/wp-content\/uploads\/2025\/03\/WX20250307-115412%402x.webp?resize=1536%2C467&amp;ssl=1 1536w, https:\/\/i0.wp.com\/aiartfree.online\/wp-content\/uploads\/2025\/03\/WX20250307-115412%402x.webp?resize=18%2C5&amp;ssl=1 18w, https:\/\/i0.wp.com\/aiartfree.online\/wp-content\/uploads\/2025\/03\/WX20250307-115412%402x.webp?resize=600%2C183&amp;ssl=1 600w\" sizes=\"auto, (max-width: 1200px) 100vw, 1200px\" \/><\/a><\/figure>\n\n\n\n<p class=\"\"><em>* W zale\u017cno\u015bci od szybko\u015bci \u0142\u0105cza internetowego \u0142adowanie modelu mo\u017ce potrwa\u0107 kilka sekund.<br>* Podczas ci\u0105g\u0142ego generowania nast\u0105pi buforowanie, a nowy obraz pojawi si\u0119 po oko\u0142o 3 sekundach.<\/em><\/p>\n\n\n\n<div style=\"text-align: center; border: 2px solid; border-image-source: linear-gradient(to right, #16b86c, #912899); border-image-slice: 1; box-shadow: 0 0 10px rgba(0, 0, 0, 0.1); border-radius: 15px;\">\n  <iframe loading=\"lazy\"\n    src=\"https:\/\/artificialguybr-logo-sdxl-lora-free-demo.hf.space\"\n    frameborder=\"0\"\n    width=\"1100\"\n    height=\"800\"\n    style=\"display: inline-block; margin: 0 auto;\"\n  ><\/iframe>\n<\/div>\n\n\n\n<div style=\"height:49px\" aria-hidden=\"true\" class=\"wp-block-spacer\"><\/div>\n\n\n\n<h2 class=\"wp-block-heading\" id=\"introduction-of-free-ai-logo-generator\">Wprowadzenie darmowego generatora logo AI<\/h2>\n\n\n\n<p class=\"\">Jako w\u0142a\u015bciciel firmy, stworzenie profesjonalnego logo jest niezb\u0119dne do ustalenia to\u017csamo\u015bci marki. Wraz z rozwojem sztucznej inteligencji tworzenie logo sta\u0142o si\u0119 bardziej dost\u0119pne i wydajne. W tym artykule odkryjemy cuda darmowego generatora logo AI i dowiemy si\u0119, w jaki spos\u00f3b mo\u017ce on przynie\u015b\u0107 korzy\u015bci Twojej firmie.<\/p>\n\n\n\n<figure class=\"wp-block-image size-large is-resized\"><img data-recalc-dims=\"1\" decoding=\"async\" width=\"1024\" height=\"562\"   loading=\"lazy\" src=\"https:\/\/i0.wp.com\/aiartfree.online\/wp-content\/uploads\/2024\/07\/1_mL5ZQFtjfXkQdHh6qz_13w.jpg?resize=1024%2C562&#038;ssl=1\" alt=\"Darmowy generator logo AI\" class=\"wp-image-2987\" style=\"width:585px;height:auto\" srcset=\"https:\/\/i0.wp.com\/aiartfree.online\/wp-content\/uploads\/2024\/07\/1_mL5ZQFtjfXkQdHh6qz_13w.jpg?resize=1024%2C562&amp;ssl=1 1024w, https:\/\/i0.wp.com\/aiartfree.online\/wp-content\/uploads\/2024\/07\/1_mL5ZQFtjfXkQdHh6qz_13w.jpg?resize=300%2C165&amp;ssl=1 300w, https:\/\/i0.wp.com\/aiartfree.online\/wp-content\/uploads\/2024\/07\/1_mL5ZQFtjfXkQdHh6qz_13w.jpg?resize=768%2C421&amp;ssl=1 768w, https:\/\/i0.wp.com\/aiartfree.online\/wp-content\/uploads\/2024\/07\/1_mL5ZQFtjfXkQdHh6qz_13w.jpg?resize=18%2C10&amp;ssl=1 18w, https:\/\/i0.wp.com\/aiartfree.online\/wp-content\/uploads\/2024\/07\/1_mL5ZQFtjfXkQdHh6qz_13w.jpg?resize=600%2C329&amp;ssl=1 600w, https:\/\/i0.wp.com\/aiartfree.online\/wp-content\/uploads\/2024\/07\/1_mL5ZQFtjfXkQdHh6qz_13w.jpg?w=1400&amp;ssl=1 1400w\" sizes=\"auto, (max-width: 1024px) 100vw, 1024px\" \/><\/figure>\n\n\n\n<p class=\"\"><strong>Spis tre\u015bci<\/strong><\/p>\n\n\n\n<ul class=\"wp-block-list\">\n<li class=\"\">Wprowadzenie darmowego generatora logo AI<\/li>\n\n\n\n<li class=\"\">Dlaczego warto korzysta\u0107 z darmowego generatora logo AI?<\/li>\n\n\n\n<li class=\"\">Korzy\u015bci z korzystania z darmowego generatora logo AI<\/li>\n\n\n\n<li class=\"\">Kiedy u\u017cywa\u0107 darmowego generatora logo AI?<\/li>\n\n\n\n<li class=\"\">Kto mo\u017ce korzysta\u0107 z darmowego generatora logo AI?<\/li>\n\n\n\n<li class=\"\">Por\u00f3wnanie darmowych generator\u00f3w logo AI<\/li>\n\n\n\n<li class=\"\">FAQ<\/li>\n<\/ul>\n\n\n\n<h3 class=\"wp-block-heading\" id=\"what-is-a-free-ai-logo-generator\"><a href=\"https:\/\/dromerosm-groq-llama3.hf.space\/#what-is-a-free-ai-logo-generator\" target=\"_blank\" rel=\"noopener\"><\/a>Czym jest darmowy generator logo AI?<\/h3>\n\n\n\n<p class=\"\">Darmowy generator logo AI to narz\u0119dzie online, kt\u00f3re wykorzystuje sztuczn\u0105 inteligencj\u0119 do tworzenia niestandardowego logo dla Twojej firmy. Narz\u0119dzia te wykorzystuj\u0105 algorytmy uczenia maszynowego do generowania unikalnych logo na podstawie danych wej\u015bciowych, takich jak nazwa firmy, slogan oraz preferowane kolory i czcionki. Wystarczy kilka klikni\u0119\u0107, by w kilka minut stworzy\u0107 profesjonalnie wygl\u0105daj\u0105ce logo.<\/p>\n\n\n\n<h3 class=\"wp-block-heading\" id=\"why-use-a-free-ai-logo-generator\"><a href=\"https:\/\/dromerosm-groq-llama3.hf.space\/#why-use-a-free-ai-logo-generator\" target=\"_blank\" rel=\"noopener\"><\/a>Dlaczego warto korzysta\u0107 z darmowego generatora logo AI?<\/h3>\n\n\n\n<p class=\"\">Korzystanie z darmowego generatora logo AI pozwala zaoszcz\u0119dzi\u0107 czas i pieni\u0105dze w por\u00f3wnaniu z zatrudnieniem profesjonalnego projektanta logo. Dzi\u0119ki projektowaniu logo opartemu na sztucznej inteligencji mo\u017cesz po prostu wprowadzi\u0107 informacje o swojej firmie i preferencje, a narz\u0119dzie wygeneruje logo spe\u0142niaj\u0105ce Twoje potrzeby.<\/p>\n\n\n\n<h3 class=\"wp-block-heading\" id=\"benefits-of-using-a-free-ai-logo-generator\"><a href=\"https:\/\/dromerosm-groq-llama3.hf.space\/#benefits-of-using-a-free-ai-logo-generator\" target=\"_blank\" rel=\"noopener\"><\/a>Korzy\u015bci z korzystania z darmowego generatora logo AI<\/h3>\n\n\n\n<p class=\"\">Oto kilka korzy\u015bci p\u0142yn\u0105cych z korzystania z darmowego generatora logo AI:<\/p>\n\n\n\n<p class=\"\">Szybko i wydajnie Stw\u00f3rz logo w kilka minut dzi\u0119ki naszemu generatorowi logo AI.<\/p>\n\n\n\n<p class=\"\">Oszcz\u0119dno\u015b\u0107 koszt\u00f3w Zaoszcz\u0119d\u017a pieni\u0105dze, nie zatrudniaj\u0105c profesjonalnego projektanta logo.<\/p>\n\n\n\n<p class=\"\">Unikalne projekty Uzyskaj unikalne logo wygenerowane przez sztuczn\u0105 inteligencj\u0119.<\/p>\n\n\n\n<p class=\"\">Wysoka rozdzielczo\u015b\u0107 Pobierz pliki logo w wysokiej rozdzielczo\u015bci do r\u00f3\u017cnych zastosowa\u0144.<\/p>\n\n\n\n<p class=\"\">\u0141atwy w u\u017cyciu Wystarczy wprowadzi\u0107 informacje biznesowe i preferencje, a narz\u0119dzie zajmie si\u0119 reszt\u0105.<\/p>\n\n\n\n<h3 class=\"wp-block-heading\" id=\"when-to-use-a-free-ai-logo-generator\"><a href=\"https:\/\/dromerosm-groq-llama3.hf.space\/#when-to-use-a-free-ai-logo-generator\" target=\"_blank\" rel=\"noopener\"><\/a>Kiedy u\u017cywa\u0107 darmowego generatora logo AI?<\/h3>\n\n\n\n<p class=\"\">Darmowy generator logo AI jest idealny dla:<\/p>\n\n\n\n<p class=\"\">Startupy lub ma\u0142e firmy z ograniczonym bud\u017cetem Przedsi\u0119biorcy, kt\u00f3rzy chc\u0105 szybko stworzy\u0107 profesjonalne logo Firmy, kt\u00f3re chc\u0105 zmieni\u0107 mark\u0119 lub zaktualizowa\u0107 swoje logo<\/p>\n\n\n\n<h3 class=\"wp-block-heading\" id=\"who-can-use-a-free-ai-logo-generator\"><a href=\"https:\/\/dromerosm-groq-llama3.hf.space\/#who-can-use-a-free-ai-logo-generator\" target=\"_blank\" rel=\"noopener\"><\/a>Kto mo\u017ce korzysta\u0107 z darmowego generatora logo AI?<\/h3>\n\n\n\n<p class=\"\">Ka\u017cdy mo\u017ce skorzysta\u0107 z darmowego generatora logo AI, w tym:<\/p>\n\n\n\n<p class=\"\">Przedsi\u0119biorcy W\u0142a\u015bciciele ma\u0142ych firm Specjali\u015bci ds. marketingu Graficy<\/p>\n\n\n\n<h3 class=\"wp-block-heading\" id=\"comparison-of-free-ai-logo-generators\"><a href=\"https:\/\/dromerosm-groq-llama3.hf.space\/#comparison-of-free-ai-logo-generators\" target=\"_blank\" rel=\"noopener\"><\/a>Por\u00f3wnanie darmowych generator\u00f3w logo AI<\/h3>\n\n\n\n<p class=\"\">Oto kilka popularnych darmowych generator\u00f3w logo AI, wraz z ich funkcjami i zaletami:<\/p>\n\n\n\n<figure class=\"wp-block-table\"><table class=\"has-fixed-layout\"><thead><tr><th>Narz\u0119dzie<\/th><th>Cechy<\/th><th>Korzy\u015bci<\/th><th>Strona internetowa<\/th><\/tr><\/thead><tbody><tr><td>AI Art za darmo online<\/td><td>Projekt logo oparty na sztucznej inteligencji, ponad 100 szablon\u00f3w, \u017cywe kolory<\/td><td>Szybko\u015b\u0107 i wydajno\u015b\u0107, op\u0142acalno\u015b\u0107<\/td><td><a href=\"https:\/\/aiartfree.online\/pl\/darmowy-generator-logo-ai\/\" target=\"_blank\" rel=\"noreferrer noopener\">https:\/\/aiartfree.online\/free-ai-logo-generator<\/a><\/td><\/tr><tr><td>Logojoy<\/td><td>Projektowanie logo z wykorzystaniem sztucznej inteligencji, ponad 10 000 szablon\u00f3w, generator palet kolor\u00f3w<\/td><td>Unikalne projekty, pliki w wysokiej rozdzielczo\u015bci<\/td><td><a href=\"https:\/\/logojoy.com\/\" target=\"_blank\" rel=\"noreferrer noopener\">https:\/\/logojoy.com<\/a><\/td><\/tr><tr><td>Tailor Brands<\/td><td>Projekt logo oparty na sztucznej inteligencji, ponad 10 000 szablon\u00f3w, zestaw medi\u00f3w spo\u0142eczno\u015bciowych<\/td><td>Profesjonalne projekty, \u0142atwe w u\u017cyciu<\/td><td><a href=\"https:\/\/tailorbrands.com\/\" target=\"_blank\" rel=\"noreferrer noopener\">https:\/\/tailorbrands.com<\/a><\/td><\/tr><\/tbody><\/table><\/figure>\n\n\n\n<h3 class=\"wp-block-heading\" id=\"advantages-and-disadvantages-of-free-ai-logo-generators\"><a href=\"https:\/\/dromerosm-groq-llama3.hf.space\/#advantages-and-disadvantages-of-free-ai-logo-generators\" target=\"_blank\" rel=\"noopener\"><\/a>Zalety i wady darmowych generator\u00f3w logo AI<\/h3>\n\n\n\n<p class=\"\">Oto kilka zalet i wad korzystania z darmowych generator\u00f3w logo AI:<\/p>\n\n\n\n<p class=\"\"><strong>Zalety<\/strong>:<\/p>\n\n\n\n<p class=\"\">Szybko\u015b\u0107 i wydajno\u015b\u0107 Op\u0142acalno\u015b\u0107 Unikalne projekty Pliki w wysokiej rozdzielczo\u015bci<\/p>\n\n\n\n<p class=\"\"><strong>Wady<\/strong>:<\/p>\n\n\n\n<p class=\"\">Ograniczone opcje dostosowywania Ograniczone szablony projekt\u00f3w Mog\u0105 nie spe\u0142nia\u0107 z\u0142o\u017conych wymaga\u0144 projektowych<\/p>\n\n\n\n<h3 class=\"wp-block-heading\" id=\"best-free-ai-logo-generator\"><a href=\"https:\/\/dromerosm-groq-llama3.hf.space\/#best-free-ai-logo-generator\" target=\"_blank\" rel=\"noopener\"><\/a>Najlepszy darmowy generator logo AI<\/h3>\n\n\n\n<p class=\"\">Po zbadaniu i por\u00f3wnaniu r\u00f3\u017cnych darmowych generator\u00f3w logo AI, gor\u0105co polecamy AI Art Free Online. Dzi\u0119ki projektowaniu logo z wykorzystaniem sztucznej inteligencji, ponad 100 szablonom i \u017cywym kolorom, jest to idealne narz\u0119dzie do szybkiego i wydajnego tworzenia profesjonalnego logo.<\/p>\n\n\n\n<h3 class=\"wp-block-heading\" id=\"faq\"><a href=\"https:\/\/dromerosm-groq-llama3.hf.space\/#faq\" target=\"_blank\" rel=\"noopener\"><\/a>FAQ<\/h3>\n\n\n<div id=\"rank-math-faq\" class=\"rank-math-block\">\n<div class=\"rank-math-list\">\n<div id=\"faq-question-1721394932020\" class=\"rank-math-list-item\">\n<h3 class=\"rank-math-question\">Czy mog\u0119 u\u017cywa\u0107 darmowego generatora logo AI do cel\u00f3w komercyjnych?<\/h3>\n<div class=\"rank-math-answer\">\n\n<p>Tak, wi\u0119kszo\u015b\u0107 darmowych generator\u00f3w logo AI pozwala na komercyjne wykorzystanie wygenerowanych logo.<\/p>\n\n<\/div>\n<\/div>\n<div id=\"faq-question-1721394940919\" class=\"rank-math-list-item\">\n<h3 class=\"rank-math-question\">Czy logotypy generowane przez sztuczn\u0105 inteligencj\u0119 s\u0105 unikalne?<\/h3>\n<div class=\"rank-math-answer\">\n\n<p>Tak, logotypy generowane przez AI s\u0105 unikalne i dostosowane na podstawie danych wprowadzonych przez u\u017cytkownika.<\/p>\n\n<\/div>\n<\/div>\n<div id=\"faq-question-1721394949679\" class=\"rank-math-list-item\">\n<h3 class=\"rank-math-question\">Czy mog\u0119 edytowa\u0107 wygenerowane logo?<\/h3>\n<div class=\"rank-math-answer\">\n\n<p>Tak, wi\u0119kszo\u015b\u0107 darmowych generator\u00f3w logo AI pozwala na edycj\u0119 wygenerowanego logo.<\/p>\n\n<\/div>\n<\/div>\n<div id=\"faq-question-1721394962503\" class=\"rank-math-list-item\">\n<h3 class=\"rank-math-question\">Czy pliki logo s\u0105 w wysokiej rozdzielczo\u015bci?<\/h3>\n<div class=\"rank-math-answer\">\n\n<p>Tak, wi\u0119kszo\u015b\u0107 darmowych generator\u00f3w logo AI zapewnia pliki logo w wysokiej rozdzielczo\u015bci do r\u00f3\u017cnych zastosowa\u0144.<\/p>\n\n<\/div>\n<\/div>\n<\/div>\n<\/div>","protected":false},"excerpt":{"rendered":"<p>How to use Free AI Logo Generator *&nbsp;Depending on your internet speed, loading the model may take a few seconds.* There will be caching during continuous generation, and the new image will appear after about 3 seconds. Introduction of Free AI Logo Generator As a business owner, creating a professional logo is essential to establish &#8230; <a title=\"Darmowy generator logo AI\" class=\"read-more\" href=\"https:\/\/aiartfree.online\/pl\/darmowy-generator-logo-ai\/\" aria-label=\"Read more about Free AI Logo Generator\">Dowiedz si\u0119 wi\u0119cej<\/a><\/p>","protected":false},"author":1,"featured_media":0,"parent":0,"menu_order":0,"comment_status":"open","ping_status":"closed","template":"","meta":{"nf_dc_page":"","footnotes":""},"class_list":["post-2983","page","type-page","status-publish"],"jetpack_sharing_enabled":true,"_links":{"self":[{"href":"https:\/\/aiartfree.online\/pl\/wp-json\/wp\/v2\/pages\/2983","targetHints":{"allow":["GET"]}}],"collection":[{"href":"https:\/\/aiartfree.online\/pl\/wp-json\/wp\/v2\/pages"}],"about":[{"href":"https:\/\/aiartfree.online\/pl\/wp-json\/wp\/v2\/types\/page"}],"author":[{"embeddable":true,"href":"https:\/\/aiartfree.online\/pl\/wp-json\/wp\/v2\/users\/1"}],"replies":[{"embeddable":true,"href":"https:\/\/aiartfree.online\/pl\/wp-json\/wp\/v2\/comments?post=2983"}],"version-history":[{"count":1,"href":"https:\/\/aiartfree.online\/pl\/wp-json\/wp\/v2\/pages\/2983\/revisions"}],"predecessor-version":[{"id":3605,"href":"https:\/\/aiartfree.online\/pl\/wp-json\/wp\/v2\/pages\/2983\/revisions\/3605"}],"wp:attachment":[{"href":"https:\/\/aiartfree.online\/pl\/wp-json\/wp\/v2\/media?parent=2983"}],"curies":[{"name":"wp","href":"https:\/\/api.w.org\/{rel}","templated":true}]}}