{"id":2974,"date":"2024-07-19T12:49:16","date_gmt":"2024-07-19T12:49:16","guid":{"rendered":"https:\/\/aiartfree.online\/?page_id=2974"},"modified":"2025-03-07T08:02:23","modified_gmt":"2025-03-07T08:02:23","slug":"bing-ai-image-generator","status":"publish","type":"page","link":"https:\/\/aiartfree.online\/pl\/generator-obrazow-bing-ai\/","title":{"rendered":"Generator obraz\u00f3w Bing AI"},"content":{"rendered":"<h2 class=\"wp-block-heading\">Jak korzysta\u0107 z Generatora obraz\u00f3w Bing AI<\/h2>\n\n\n\n<ol class=\"wp-block-list\">\n<li class=\"\">Wprowad\u017a sw\u00f3j monit<\/li>\n\n\n\n<li class=\"\">Kliknij \"Uruchom\"<\/li>\n\n\n\n<li class=\"\">Czekaj, to jest to! <\/li>\n<\/ol>\n\n\n\n<figure class=\"gb-block-image gb-block-image-032aac41\"><a href=\"https:\/\/fas.st\/t\/9U4PYbm7\" target=\"_blank\" rel=\"noopener noreferrer\"><img data-recalc-dims=\"1\" decoding=\"async\" loading=\"lazy\" width=\"1200\" height=\"365\" class=\"gb-image gb-image-032aac41\" src=\"https:\/\/i0.wp.com\/aiartfree.online\/wp-content\/uploads\/2025\/03\/WX20250307-115412%402x.webp?resize=1200%2C365&#038;ssl=1\" alt=\"\" title=\"WX20250307-115412@2x\" srcset=\"https:\/\/i0.wp.com\/aiartfree.online\/wp-content\/uploads\/2025\/03\/WX20250307-115412%402x.webp?w=1942&amp;ssl=1 1942w, https:\/\/i0.wp.com\/aiartfree.online\/wp-content\/uploads\/2025\/03\/WX20250307-115412%402x.webp?resize=300%2C91&amp;ssl=1 300w, https:\/\/i0.wp.com\/aiartfree.online\/wp-content\/uploads\/2025\/03\/WX20250307-115412%402x.webp?resize=1024%2C312&amp;ssl=1 1024w, https:\/\/i0.wp.com\/aiartfree.online\/wp-content\/uploads\/2025\/03\/WX20250307-115412%402x.webp?resize=768%2C234&amp;ssl=1 768w, https:\/\/i0.wp.com\/aiartfree.online\/wp-content\/uploads\/2025\/03\/WX20250307-115412%402x.webp?resize=1536%2C467&amp;ssl=1 1536w, https:\/\/i0.wp.com\/aiartfree.online\/wp-content\/uploads\/2025\/03\/WX20250307-115412%402x.webp?resize=18%2C5&amp;ssl=1 18w, https:\/\/i0.wp.com\/aiartfree.online\/wp-content\/uploads\/2025\/03\/WX20250307-115412%402x.webp?resize=600%2C183&amp;ssl=1 600w\" sizes=\"auto, (max-width: 1200px) 100vw, 1200px\" \/><\/a><\/figure>\n\n\n\n<p class=\"\"><em>* W zale\u017cno\u015bci od szybko\u015bci \u0142\u0105cza internetowego \u0142adowanie modelu mo\u017ce potrwa\u0107 kilka sekund.<br>* Podczas ci\u0105g\u0142ego generowania nast\u0105pi buforowanie, a nowy obraz pojawi si\u0119 po oko\u0142o 3 sekundach.<\/em><\/p>\n\n\n\n<div style=\"text-align: center; border: 2px solid; border-image-source: linear-gradient(to right, #16b86c, #912899); border-image-slice: 1; box-shadow: 0 0 10px rgba(0, 0, 0, 0.1); border-radius: 15px;\">\n  <iframe loading=\"lazy\"\n    src=\"https:\/\/mexicanamerican-dalle-3-xl-lora-v2.hf.space\"\n    frameborder=\"0\"\n    width=\"800\"\n    height=\"1050\"\n    style=\"display: inline-block; margin: 0 auto;\"\n  ><\/iframe>\n<\/div>\n\n\n\n<div style=\"height:50px\" aria-hidden=\"true\" class=\"wp-block-spacer\"><\/div>\n\n\n\n<h1 class=\"wp-block-heading\">Wprowadzenie do generatora obraz\u00f3w Bing AI<\/h1>\n\n\n\n<p class=\"\">W dzisiejszej erze cyfrowej tworzenie osza\u0142amiaj\u0105cych wizualnie obraz\u00f3w jest wa\u017cniejsze ni\u017c kiedykolwiek. Niezale\u017cnie od tego, czy jeste\u015b tw\u00f3rc\u0105 tre\u015bci, marketerem, czy po prostu kim\u015b, kto kocha sztuk\u0119, Generator obraz\u00f3w Bing AI mo\u017ce pom\u00f3c w tworzeniu wysokiej jako\u015bci obraz\u00f3w bez wysi\u0142ku. W tym artykule przedstawimy generator obraz\u00f3w Bing AI, om\u00f3wimy jego zalety i podpowiemy, jak najlepiej wykorzysta\u0107 to pot\u0119\u017cne narz\u0119dzie.<\/p>\n\n\n\n<figure class=\"wp-block-image size-full is-resized\"><img data-recalc-dims=\"1\" decoding=\"async\" width=\"1024\" height=\"1024\"   loading=\"lazy\" src=\"https:\/\/i0.wp.com\/aiartfree.online\/wp-content\/uploads\/2024\/07\/b9cb406d-bffd-446e-9f65-c20776dc6cda.jpg?resize=1024%2C1024&#038;ssl=1\" alt=\"Generator obraz\u00f3w Bing AI\" class=\"wp-image-2980\" style=\"width:359px;height:auto\" srcset=\"https:\/\/i0.wp.com\/aiartfree.online\/wp-content\/uploads\/2024\/07\/b9cb406d-bffd-446e-9f65-c20776dc6cda.jpg?w=1024&amp;ssl=1 1024w, https:\/\/i0.wp.com\/aiartfree.online\/wp-content\/uploads\/2024\/07\/b9cb406d-bffd-446e-9f65-c20776dc6cda.jpg?resize=300%2C300&amp;ssl=1 300w, https:\/\/i0.wp.com\/aiartfree.online\/wp-content\/uploads\/2024\/07\/b9cb406d-bffd-446e-9f65-c20776dc6cda.jpg?resize=150%2C150&amp;ssl=1 150w, https:\/\/i0.wp.com\/aiartfree.online\/wp-content\/uploads\/2024\/07\/b9cb406d-bffd-446e-9f65-c20776dc6cda.jpg?resize=768%2C768&amp;ssl=1 768w, https:\/\/i0.wp.com\/aiartfree.online\/wp-content\/uploads\/2024\/07\/b9cb406d-bffd-446e-9f65-c20776dc6cda.jpg?resize=12%2C12&amp;ssl=1 12w, https:\/\/i0.wp.com\/aiartfree.online\/wp-content\/uploads\/2024\/07\/b9cb406d-bffd-446e-9f65-c20776dc6cda.jpg?resize=600%2C600&amp;ssl=1 600w, https:\/\/i0.wp.com\/aiartfree.online\/wp-content\/uploads\/2024\/07\/b9cb406d-bffd-446e-9f65-c20776dc6cda.jpg?resize=100%2C100&amp;ssl=1 100w\" sizes=\"auto, (max-width: 1024px) 100vw, 1024px\" \/><\/figure>\n\n\n\n<h2 class=\"wp-block-heading\">Spis tre\u015bci<\/h2>\n\n\n\n<ol class=\"wp-block-list\">\n<li class=\"\"><a href=\"#what-is-bing-ai-image-generator\">Czym jest generator obraz\u00f3w Bing AI?<\/a><\/li>\n\n\n\n<li class=\"\"><a href=\"#why-use-bing-ai-image-generator\">Dlaczego warto korzysta\u0107 z generatora obraz\u00f3w Bing AI?<\/a><\/li>\n\n\n\n<li class=\"\"><a href=\"#benefits-of-using-bing-ai-image-generator\">Korzy\u015bci z korzystania z generatora obraz\u00f3w Bing AI<\/a><\/li>\n\n\n\n<li class=\"\"><a href=\"#when-to-use-bing-ai-image-generator\">Kiedy u\u017cywa\u0107 generatora obraz\u00f3w Bing AI?<\/a><\/li>\n\n\n\n<li class=\"\"><a href=\"#who-should-use-bing-ai-image-generator\">Kto powinien korzysta\u0107 z generatora obraz\u00f3w Bing AI?<\/a><\/li>\n\n\n\n<li class=\"\"><a href=\"#comparison-of-bing-ai-image-generator-with-other-tools\">Por\u00f3wnanie generatora obraz\u00f3w Bing AI z innymi narz\u0119dziami<\/a><\/li>\n\n\n\n<li class=\"\"><a href=\"#frequently-asked-questions\">Cz\u0119sto zadawane pytania<\/a><\/li>\n<\/ol>\n\n\n\n<h2 class=\"wp-block-heading\">Czym jest generator obraz\u00f3w Bing AI?<\/h2>\n\n\n\n<p class=\"\">Bing AI Image Generator to innowacyjne narz\u0119dzie opracowane przez Microsoft, kt\u00f3re wykorzystuje technologi\u0119 generatywnej sztucznej inteligencji do tworzenia obraz\u00f3w na podstawie podpowiedzi tekstowych. Ten generator obraz\u00f3w AI umo\u017cliwia u\u017cytkownikom wprowadzanie tekstu opisowego i otrzymywanie w zamian wysokiej jako\u015bci, unikalnych obraz\u00f3w. Technologia ta wykorzystuje zaawansowane algorytmy sztucznej inteligencji do zrozumienia i wizualizacji tekstu wej\u015bciowego, tworz\u0105c obrazy, kt\u00f3re dok\u0142adnie pasuj\u0105 do opisu u\u017cytkownika.<\/p>\n\n\n\n<h2 class=\"wp-block-heading\">Dlaczego<\/h2>\n\n\n\n<p class=\"\">Korzystanie z generatora obraz\u00f3w Bing AI mo\u017ce znacznie usprawni\u0107 kreatywne projekty. Niezale\u017cnie od tego, czy projektujesz kampani\u0119 marketingow\u0105, tworzysz tre\u015bci do medi\u00f3w spo\u0142eczno\u015bciowych, czy opracowujesz stron\u0119 internetow\u0105, dost\u0119p do narz\u0119dzia, kt\u00f3re mo\u017ce generowa\u0107 obrazy w oparciu o konkretne potrzeby, jest nieoceniony. Mo\u017cliwo\u015b\u0107 szybkiego tworzenia obraz\u00f3w bez konieczno\u015bci posiadania rozleg\u0142ych umiej\u0119tno\u015bci projektowania graficznego oszcz\u0119dza czas i zasoby, pozwalaj\u0105c skupi\u0107 si\u0119 na innych wa\u017cnych aspektach projektu.<\/p>\n\n\n\n<h2 class=\"wp-block-heading\">Korzy\u015bci<\/h2>\n\n\n\n<ol class=\"wp-block-list\">\n<li class=\"\"><strong>Wysokiej jako\u015bci obrazy<\/strong>: Generator obraz\u00f3w Bing AI tworzy obrazy o wysokiej rozdzielczo\u015bci, kt\u00f3re mog\u0105 by\u0107 wykorzystywane do r\u00f3\u017cnych profesjonalnych cel\u00f3w.<\/li>\n\n\n\n<li class=\"\"><strong>Mo\u017cliwo\u015b\u0107 dostosowania<\/strong>: Dostarczaj\u0105c szczeg\u00f3\u0142owe podpowiedzi tekstowe, mo\u017cna generowa\u0107 obrazy dostosowane do konkretnych wymaga\u0144.<\/li>\n\n\n\n<li class=\"\"><strong>Efektywno\u015b\u0107 czasowa<\/strong>: Szybkie generowanie obraz\u00f3w bez konieczno\u015bci r\u0119cznego projektowania graficznego.<\/li>\n\n\n\n<li class=\"\"><strong>Op\u0142acalno\u015b\u0107<\/strong>: Zmniejszenie zapotrzebowania na drogie oprogramowanie do projektowania graficznego lub zatrudnianie profesjonalnych projektant\u00f3w.<\/li>\n\n\n\n<li class=\"\"><strong>Dost\u0119pno\u015b\u0107<\/strong>: \u0141atwy w u\u017cyciu, nawet dla os\u00f3b bez umiej\u0119tno\u015bci technicznych.<\/li>\n<\/ol>\n\n\n\n<h2 class=\"wp-block-heading\">Kiedy u\u017cywa\u0107<\/h2>\n\n\n\n<p class=\"\">Generator obraz\u00f3w Bing AI jest idealny do u\u017cytku w r\u00f3\u017cnych scenariuszach, w tym:<\/p>\n\n\n\n<ul class=\"wp-block-list\">\n<li class=\"\"><strong>Kampanie marketingowe<\/strong>: Tworzenie atrakcyjnych wizualnie obraz\u00f3w do reklam i post\u00f3w w mediach spo\u0142eczno\u015bciowych.<\/li>\n\n\n\n<li class=\"\"><strong>Tworzenie tre\u015bci<\/strong>: Generowanie unikalnych obraz\u00f3w w celu wzbogacenia wpis\u00f3w na blogu, artyku\u0142\u00f3w i tre\u015bci witryny.<\/li>\n\n\n\n<li class=\"\"><strong>Materia\u0142y edukacyjne<\/strong>: Tworzenie ilustracji do prezentacji, raport\u00f3w i materia\u0142\u00f3w dydaktycznych.<\/li>\n\n\n\n<li class=\"\"><strong>Projekty artystyczne i projektowe<\/strong>: Eksperymentowanie z kreatywnymi koncepcjami i stylami wizualnymi.<\/li>\n<\/ul>\n\n\n\n<h2 class=\"wp-block-heading\">Kto powinien korzysta\u0107?<\/h2>\n\n\n\n<p class=\"\">Generator obraz\u00f3w Bing AI jest odpowiedni dla szerokiego grona u\u017cytkownik\u00f3w, w tym:<\/p>\n\n\n\n<ul class=\"wp-block-list\">\n<li class=\"\"><strong>Tw\u00f3rcy tre\u015bci<\/strong>: Blogerzy, vlogerzy i osoby maj\u0105ce wp\u0142yw na media spo\u0142eczno\u015bciowe.<\/li>\n\n\n\n<li class=\"\"><strong>Marketerzy<\/strong>: Marketerzy cyfrowi, reklamodawcy i mened\u017cerowie marki.<\/li>\n\n\n\n<li class=\"\"><strong>Nauczyciele<\/strong>: Nauczyciele, trenerzy i projektanci instrukcji.<\/li>\n\n\n\n<li class=\"\"><strong>Arty\u015bci i projektanci<\/strong>: Graficy, ilustratorzy i arty\u015bci wizualni.<\/li>\n\n\n\n<li class=\"\"><strong>Firmy<\/strong>: W\u0142a\u015bciciele ma\u0142ych firm, startupy i du\u017ce korporacje.<\/li>\n<\/ul>\n\n\n\n<h2 class=\"wp-block-heading\">Por\u00f3wnanie generatora obraz\u00f3w Bing AI z innymi narz\u0119dziami<\/h2>\n\n\n\n<p class=\"\">Je\u015bli chodzi o generowanie obraz\u00f3w AI, na rynku dost\u0119pnych jest kilka narz\u0119dzi. Tutaj por\u00f3wnujemy Bing AI Image Generator z innymi popularnymi opcjami:<\/p>\n\n\n\n<figure class=\"wp-block-table\"><table class=\"has-fixed-layout\"><thead><tr><th>Narz\u0119dzie<\/th><th>Plusy<\/th><th>Wady<\/th><th>Zalety<\/th><th>Wyzwania<\/th><th>Zalecenie<\/th><\/tr><\/thead><tbody><tr><td><a href=\"https:\/\/aiartfree.online\/pl\/\" data-type=\"link\" data-id=\"https:\/\/aiartfree.online\/\">Darmowy generator grafiki AI<\/a><\/td><td>Przyjazny dla u\u017cytkownika, darmowy<\/td><td>Ograniczone funkcje zaawansowane<\/td><td>\u0141atwy dla pocz\u0105tkuj\u0105cych<\/td><td>Wyj\u015bcie podstawowe<\/td><td>\u015awietny do codziennego u\u017cytku<\/td><\/tr><tr><td><a href=\"https:\/\/midjourney.com\" rel=\"nofollow noopener\" target=\"_blank\">Midjourney<\/a><\/td><td>Wysokiej jako\u015bci wydruki, kreatywne style<\/td><td>Wymagana subskrypcja<\/td><td>Obrazy profesjonalnej jako\u015bci<\/td><td>Kosztowne<\/td><td>Idealny do zastosowa\u0144 profesjonalnych<\/td><\/tr><tr><td><a href=\"https:\/\/stablediffusion.com\" rel=\"nofollow noopener\" target=\"_blank\">Stabilna dyfuzja<\/a><\/td><td>Szczeg\u00f3\u0142owe obrazy z mo\u017cliwo\u015bci\u0105 dostosowania<\/td><td>Wymaga wiedzy technicznej<\/td><td>Wszechstronne wyj\u015bcia<\/td><td>Stroma krzywa uczenia si\u0119<\/td><td>Najlepsze dla u\u017cytkownik\u00f3w obeznanych z technologi\u0105<\/td><\/tr><tr><td><a href=\"https:\/\/aiartfree.online\/pl\/free-online-dall\u00b7e-3\/\" data-type=\"link\" data-id=\"https:\/\/aiartfree.online\/free-online-dall%c2%b7e-3\/\">DALL-E 3<\/a><\/td><td>Innowacyjny, najnowocze\u015bniejszy<\/td><td>Ograniczony dost\u0119p<\/td><td>Najnowocze\u015bniejsza sztuczna inteligencja<\/td><td>Ograniczona dost\u0119pno\u015b\u0107<\/td><td>Idealny dla pocz\u0105tkuj\u0105cych u\u017cytkownik\u00f3w<\/td><\/tr><tr><td><a href=\"https:\/\/deepart.io\" rel=\"nofollow noopener\" target=\"_blank\">DeepArt.io<\/a><\/td><td>Artystyczne style, \u0142atwe w u\u017cyciu<\/td><td>Czas przetwarzania mo\u017ce by\u0107 d\u0142ugi<\/td><td>Unikalne osi\u0105gni\u0119cia artystyczne<\/td><td>Wolny czas generowania<\/td><td>Nadaje si\u0119 do projekt\u00f3w artystycznych<\/td><\/tr><tr><td><a href=\"https:\/\/artbreeder.com\" rel=\"nofollow noopener\" target=\"_blank\">Artbreeder<\/a><\/td><td>Wsp\u00f3\u0142praca, r\u00f3\u017cnorodne style<\/td><td>Niekt\u00f3re funkcje za paywallem<\/td><td>Wolno\u015b\u0107 tw\u00f3rcza<\/td><td>Mo\u017ce by\u0107 z\u0142o\u017cony<\/td><td>\u015awietny do wsp\u00f3lnych projekt\u00f3w<\/td><\/tr><tr><td><a href=\"https:\/\/runwayml.com\" rel=\"nofollow noopener\" target=\"_blank\">Runway ML<\/a><\/td><td>Szeroki zakres narz\u0119dzi AI<\/td><td>Drogi jak na pe\u0142ny dost\u0119p<\/td><td>Wielofunkcyjno\u015b\u0107<\/td><td>Wysoki koszt<\/td><td>Doskona\u0142y do wszechstronnego wykorzystania sztucznej inteligencji<\/td><\/tr><tr><td><a href=\"https:\/\/deepdreamgenerator.com\" rel=\"nofollow noopener\" target=\"_blank\">Generator g\u0142\u0119bokich sn\u00f3w<\/a><\/td><td>Surrealistyczne i unikalne wyniki<\/td><td>Mniejsza kontrola nad wynikami<\/td><td>Zabawa i eksperymenty<\/td><td>Nieprzewidywalne wyniki<\/td><td>Idealny do sztuki eksperymentalnej<\/td><\/tr><tr><td><a href=\"https:\/\/nightcafe.studio\" rel=\"nofollow noopener\" target=\"_blank\">NightCafe<\/a><\/td><td>R\u00f3\u017cnorodno\u015b\u0107 styl\u00f3w, nap\u0119dzana przez spo\u0142eczno\u015b\u0107<\/td><td>Ograniczone bezp\u0142atne u\u017cytkowanie<\/td><td>Cechy spo\u0142eczno\u015bci<\/td><td>Limity u\u017cytkowania<\/td><td>Dobry do interakcji ze spo\u0142eczno\u015bci\u0105<\/td><\/tr><tr><td><a href=\"https:\/\/artisto.com\" rel=\"nofollow noopener\" target=\"_blank\">Artisto<\/a><\/td><td>Przyjazny dla urz\u0105dze\u0144 mobilnych, \u0142atwy w u\u017cyciu<\/td><td>Ograniczona do platformy mobilnej<\/td><td>Wygodny<\/td><td>Ograniczenia platformy<\/td><td>Najlepsze dla u\u017cytkownik\u00f3w mobilnych<\/td><\/tr><\/tbody><\/table><\/figure>\n\n\n\n<p class=\"\">Po por\u00f3wnaniu tych narz\u0119dzi zalecamy <a href=\"https:\/\/aiartfree.online\/pl\/generator-obrazow-bing-ai\/\"><strong>Generator obraz\u00f3w Bing AI<\/strong><\/a> jako najlepsz\u0105 opcj\u0119 ze wzgl\u0119du na r\u00f3wnowag\u0119 mi\u0119dzy jako\u015bci\u0105, \u0142atwo\u015bci\u0105 u\u017cytkowania i dost\u0119pno\u015bci\u0105. Wi\u0119cej informacji mo\u017cna znale\u017a\u0107 na stronie <a href=\"https:\/\/aiartfree.online\/pl\/generator-obrazow-bing-ai\/\">Generator obraz\u00f3w Bing AI<\/a>.<\/p>\n\n\n\n<h2 class=\"wp-block-heading\">Cz\u0119sto zadawane pytania<\/h2>\n\n\n\n<ol class=\"wp-block-list\">\n<li class=\"\"><strong>Czym jest generator obraz\u00f3w Bing AI?<\/strong> Bing AI Image Generator to narz\u0119dzie wykorzystuj\u0105ce sztuczn\u0105 inteligencj\u0119 do tworzenia obraz\u00f3w na podstawie opis\u00f3w tekstowych.<\/li>\n\n\n\n<li class=\"\"><strong>Jak dzia\u0142a generator obraz\u00f3w Bing AI?<\/strong> Wykorzystuje ona generatywne algorytmy sztucznej inteligencji do interpretowania polece\u0144 tekstowych i generowania odpowiadaj\u0105cych im obraz\u00f3w.<\/li>\n\n\n\n<li class=\"\"><strong>Czy Bing AI Image Generator jest darmowy?<\/strong> Tak, jest dost\u0119pna za darmo z pewnymi ograniczeniami.<\/li>\n\n\n\n<li class=\"\"><strong>Czy mog\u0119 u\u017cywa\u0107 Bing AI Image Generator do cel\u00f3w komercyjnych?<\/strong> Tak, wygenerowane obrazy mog\u0105 by\u0107 wykorzystywane w projektach komercyjnych.<\/li>\n\n\n\n<li class=\"\"><strong>Jakie s\u0105 korzy\u015bci z korzystania z generatora obraz\u00f3w Bing AI?<\/strong> Zapewnia wysokiej jako\u015bci obrazy, jest konfigurowalny, wydajny czasowo, op\u0142acalny i dost\u0119pny.<\/li>\n\n\n\n<li class=\"\"><strong>Czy do korzystania z Generatora obraz\u00f3w Bing AI potrzebne s\u0105 umiej\u0119tno\u015bci techniczne?<\/strong> Nie, zosta\u0142 zaprojektowany tak, aby by\u0142 przyjazny dla u\u017cytkownika, nawet dla os\u00f3b bez wiedzy technicznej.<\/li>\n\n\n\n<li class=\"\"><strong>Jakie rodzaje projekt\u00f3w mog\u0105 korzysta\u0107 z generatora obraz\u00f3w Bing AI?<\/strong> Kampanie marketingowe, tworzenie tre\u015bci, materia\u0142y edukacyjne, projekty artystyczne i projektowe.<\/li>\n\n\n\n<li class=\"\"><strong>Jak mog\u0119 przekaza\u0107 opini\u0119 na temat wygenerowanych obraz\u00f3w?<\/strong> Zwykle w interfejsie narz\u0119dzia mo\u017cna znale\u017a\u0107 opcj\u0119 opinii.<\/li>\n\n\n\n<li class=\"\"><strong>Czy Generator obraz\u00f3w Bing AI ma jakie\u015b ograniczenia?<\/strong> Cho\u0107 pot\u0119\u017cny, mo\u017ce jeszcze nie dor\u00f3wnywa\u0107 kreatywno\u015bci profesjonalnego projektanta.<\/li>\n\n\n\n<li class=\"\"><strong>Gdzie mog\u0119 uzyska\u0107 dost\u0119p do generatora obraz\u00f3w Bing AI?<\/strong> Dost\u0119p mo\u017cna uzyska\u0107 pod adresem <a href=\"https:\/\/aiartfree.online\/pl\/generator-obrazow-bing-ai\/\">Generator obraz\u00f3w Bing AI<\/a>.<\/li>\n<\/ol>\n\n\n\n<p class=\"\">Podsumowuj\u0105c, Bing AI Image Generator to wszechstronne i pot\u0119\u017cne narz\u0119dzie, kt\u00f3re mo\u017ce usprawni\u0107 kreatywne projekty, zapewniaj\u0105c wysokiej jako\u015bci obrazy generowane na podstawie opis\u00f3w tekstowych. Niezale\u017cnie od tego, czy jeste\u015b tw\u00f3rc\u0105 tre\u015bci, marketerem, nauczycielem czy artyst\u0105, narz\u0119dzie to mo\u017ce zaoszcz\u0119dzi\u0107 czas i zasoby, zapewniaj\u0105c jednocze\u015bnie imponuj\u0105ce wyniki.<\/p>","protected":false},"excerpt":{"rendered":"<p>How to use Bing AI Image Generator *&nbsp;Depending on your internet speed, loading the model may take a few seconds.* There will be caching during continuous generation, and the new image will appear after about 3 seconds. Introduction of Bing AI Image Generator In today&#8217;s digital age, creating visually stunning images is more important than &#8230; <a title=\"Generator obraz\u00f3w Bing AI\" class=\"read-more\" href=\"https:\/\/aiartfree.online\/pl\/generator-obrazow-bing-ai\/\" aria-label=\"Read more about Bing AI Image Generator\">Dowiedz si\u0119 wi\u0119cej<\/a><\/p>","protected":false},"author":1,"featured_media":0,"parent":0,"menu_order":0,"comment_status":"open","ping_status":"closed","template":"","meta":{"nf_dc_page":"","footnotes":""},"class_list":["post-2974","page","type-page","status-publish"],"jetpack_sharing_enabled":true,"_links":{"self":[{"href":"https:\/\/aiartfree.online\/pl\/wp-json\/wp\/v2\/pages\/2974","targetHints":{"allow":["GET"]}}],"collection":[{"href":"https:\/\/aiartfree.online\/pl\/wp-json\/wp\/v2\/pages"}],"about":[{"href":"https:\/\/aiartfree.online\/pl\/wp-json\/wp\/v2\/types\/page"}],"author":[{"embeddable":true,"href":"https:\/\/aiartfree.online\/pl\/wp-json\/wp\/v2\/users\/1"}],"replies":[{"embeddable":true,"href":"https:\/\/aiartfree.online\/pl\/wp-json\/wp\/v2\/comments?post=2974"}],"version-history":[{"count":1,"href":"https:\/\/aiartfree.online\/pl\/wp-json\/wp\/v2\/pages\/2974\/revisions"}],"predecessor-version":[{"id":3593,"href":"https:\/\/aiartfree.online\/pl\/wp-json\/wp\/v2\/pages\/2974\/revisions\/3593"}],"wp:attachment":[{"href":"https:\/\/aiartfree.online\/pl\/wp-json\/wp\/v2\/media?parent=2974"}],"curies":[{"name":"wp","href":"https:\/\/api.w.org\/{rel}","templated":true}]}}