{"id":2968,"date":"2024-07-19T12:42:38","date_gmt":"2024-07-19T12:42:38","guid":{"rendered":"https:\/\/aiartfree.online\/?page_id=2968"},"modified":"2024-08-02T12:10:12","modified_gmt":"2024-08-02T12:10:12","slug":"ai-3d-model-generator","status":"publish","type":"page","link":"https:\/\/aiartfree.online\/pl\/generator-modeli-3d-ai\/","title":{"rendered":"Generator modeli 3d AI"},"content":{"rendered":"<h2 class=\"wp-block-heading has-text-align-center\" id=\"what-our-users-made\">Co zrobili nasi u\u017cytkownicy<\/h2>\n\n\n\n<figure class=\"gb-block-image gb-block-image-1822da1f\"><img data-recalc-dims=\"1\" decoding=\"async\" loading=\"lazy\" width=\"1024\" height=\"672\" class=\"gb-image gb-image-1822da1f\" src=\"https:\/\/i0.wp.com\/aiartfree.online\/wp-content\/uploads\/2024\/07\/WX20240719-153337%402x-1-1.jpg?resize=1024%2C672&#038;ssl=1\" alt=\"Generator modeli AI 3D\" title=\"WX20240719-153337@2x (1) (1)\" srcset=\"https:\/\/i0.wp.com\/aiartfree.online\/wp-content\/uploads\/2024\/07\/WX20240719-153337%402x-1-1.jpg?resize=1024%2C672&amp;ssl=1 1024w, https:\/\/i0.wp.com\/aiartfree.online\/wp-content\/uploads\/2024\/07\/WX20240719-153337%402x-1-1.jpg?resize=300%2C197&amp;ssl=1 300w, https:\/\/i0.wp.com\/aiartfree.online\/wp-content\/uploads\/2024\/07\/WX20240719-153337%402x-1-1.jpg?resize=768%2C504&amp;ssl=1 768w, https:\/\/i0.wp.com\/aiartfree.online\/wp-content\/uploads\/2024\/07\/WX20240719-153337%402x-1-1.jpg?resize=1536%2C1008&amp;ssl=1 1536w, https:\/\/i0.wp.com\/aiartfree.online\/wp-content\/uploads\/2024\/07\/WX20240719-153337%402x-1-1.jpg?resize=18%2C12&amp;ssl=1 18w, https:\/\/i0.wp.com\/aiartfree.online\/wp-content\/uploads\/2024\/07\/WX20240719-153337%402x-1-1.jpg?resize=600%2C394&amp;ssl=1 600w, https:\/\/i0.wp.com\/aiartfree.online\/wp-content\/uploads\/2024\/07\/WX20240719-153337%402x-1-1.jpg?w=1768&amp;ssl=1 1768w\" sizes=\"auto, (max-width: 1024px) 100vw, 1024px\" \/><\/figure>\n\n\n\n<h2 class=\"wp-block-heading\" id=\"how-to-use-ai-3-d-model-generator\">Jak korzysta\u0107 z generatora modeli 3D AI<\/h2>\n\n\n\n<ol class=\"wp-block-list\">\n<li class=\"\">Upu\u015b\u0107 \/ prze\u015blij sw\u00f3j obraz lub wybierz jeden z przyk\u0142adowych obraz\u00f3w<\/li>\n\n\n\n<li class=\"\">Kliknij \"Wygeneruj 4 widoki\"<\/li>\n\n\n\n<li class=\"\">Kliknij \"Generuj siatk\u0119 3D\" poni\u017cej<\/li>\n\n\n\n<li class=\"\">Chwila, to jest to! Tw\u00f3j model 3D jest prawie gotowy!<\/li>\n<\/ol>\n\n\n\n<p class=\"\"><em>* W zale\u017cno\u015bci od szybko\u015bci \u0142\u0105cza internetowego \u0142adowanie modelu mo\u017ce potrwa\u0107 kilka sekund.<br>* Podczas ci\u0105g\u0142ego generowania nast\u0105pi buforowanie, a nowy obraz pojawi si\u0119 po oko\u0142o 3 sekundach.<\/em><\/p>\n\n\n\n<div class=\"iframe-wrapper\" style=\"position: relative; width: 100%; height: 2050px;\">\n  <div class=\"loading\" style=\"position: absolute; top: 50px; left: 50%; transform: translate(-50%, -50%); width: 40px; height: 40px; border: 3px solid #f0f0f0; border-top: 3px solid #db7093; border-radius: 50%; animation: spin 1s linear infinite;\"><\/div>\n  <iframe loading=\"lazy\" src=\"https:\/\/vast-ai-charactergen.hf.space\" frameborder=\"0\" width=\"100%\" height=\"100%\" style=\"position: absolute; top: 0; left: 0; opacity: 0; transition: opacity 0.3s;\" onload=\"this.style.opacity=1;this.previousElementSibling.style.display='none';\"><\/iframe>\n<\/div>\n\n<style>\n@keyframes spin {\n  0% { transform: translate(-50%, -50%) rotate(0deg); }\n  100% { transform: translate(-50%, -50%) rotate(360deg); }\n}\n<\/style>\n\n\n\n<div style=\"height:50px\" aria-hidden=\"true\" class=\"wp-block-spacer\"><\/div>\n\n\n\n<h2 class=\"wp-block-heading\" id=\"introduction-of-ai-3-d-model-generator\">Wprowadzenie do generatora modeli AI 3D<\/h2>\n\n\n\n<p class=\"\">Tworzenie modeli 3D nigdy nie by\u0142o \u0142atwiejsze dzi\u0119ki pojawieniu si\u0119 generator\u00f3w modeli AI 3D. Niniejszy artyku\u0142 zawiera kompleksowy przewodnik po generatorach modeli AI 3D, ich zastosowaniach, zaletach i najlepszych narz\u0119dziach dost\u0119pnych na rynku. Niezale\u017cnie od tego, czy konwertujesz obrazy 2D na modele 3D, czy generujesz modele 3D z podpowiedzi tekstowych, mamy dla Ciebie wszystko.<\/p>\n\n\n\n<div class=\"wp-block-rank-math-toc-block\" id=\"rank-math-toc\"><h3>Spis tre\u015bci<\/h3><nav><ul><li><a href=\"#what-is-an-ai-3-d-model-generator\">Czym jest generator modeli AI 3D?<\/a><\/li><li><a href=\"#why-use-an-ai-3-d-model-generator\">Dlaczego warto korzysta\u0107 z generatora modeli AI 3D?<\/a><\/li><li><a href=\"#benefits-of-using-an-ai-3-d-model-generator\">Korzy\u015bci z korzystania z generatora modeli AI 3D<\/a><\/li><li><a href=\"#when-to-use-an-ai-3-d-model-generator\">Kiedy u\u017cywa\u0107 generatora modeli AI 3D?<\/a><\/li><li><a href=\"#who-should-use-an-ai-3-d-model-generator\">Kto powinien korzysta\u0107 z generatora modeli AI 3D?<\/a><\/li><li><a href=\"#comparison-of-ai-3-d-model-generators\">Por\u00f3wnanie generator\u00f3w modeli AI 3D<\/a><\/li><li><a href=\"#faq\">FAQ<\/a><\/li><\/ul><\/nav><\/div>\n\n\n\n<h3 class=\"wp-block-heading\" id=\"what-is-an-ai-3-d-model-generator\">Czym jest generator modeli AI 3D?<\/h3>\n\n\n\n<p class=\"\">Generator modeli AI 3D to narz\u0119dzie programowe, kt\u00f3re wykorzystuje algorytmy sztucznej inteligencji do tworzenia tr\u00f3jwymiarowych modeli z r\u00f3\u017cnych danych wej\u015bciowych, takich jak obrazy 2D, podpowiedzi tekstowe lub zdj\u0119cia. Narz\u0119dzia te wykorzystuj\u0105 zaawansowane techniki uczenia maszynowego do tworzenia szczeg\u00f3\u0142owych i dok\u0142adnych reprezentacji 3D.<\/p>\n\n\n\n<h3 class=\"wp-block-heading\" id=\"why-use-an-ai-3-d-model-generator\">Dlaczego warto korzysta\u0107 z generatora modeli AI 3D?<\/h3>\n\n\n\n<p class=\"\">Korzystanie z generatora modeli AI 3D mo\u017ce znacznie usprawni\u0107 proces tworzenia modeli 3D. Narz\u0119dzia te mog\u0105:<\/p>\n\n\n\n<ul class=\"wp-block-list\">\n<li class=\"\">Oszcz\u0119dno\u015b\u0107 czasu i wysi\u0142ku w por\u00f3wnaniu z tradycyjnymi technikami modelowania 3D.<\/li>\n\n\n\n<li class=\"\">Dostarczanie wysokiej jako\u015bci i precyzyjnych modeli.<\/li>\n\n\n\n<li class=\"\">Umo\u017cliwia u\u017cytkownikom z niewielkim lub \u017cadnym do\u015bwiadczeniem w modelowaniu 3D tworzenie z\u0142o\u017conych modeli.<\/li>\n<\/ul>\n\n\n\n<h3 class=\"wp-block-heading\" id=\"benefits-of-using-an-ai-3-d-model-generator\">Korzy\u015bci z korzystania z generatora modeli AI 3D<\/h3>\n\n\n\n<ul class=\"wp-block-list\">\n<li class=\"\"><strong>Wydajno\u015b\u0107<\/strong>: Szybka konwersja obraz\u00f3w 2D do modeli 3D lub generowanie modeli 3D z opis\u00f3w tekstowych.<\/li>\n\n\n\n<li class=\"\"><strong>Dost\u0119pno\u015b\u0107<\/strong>: Spraw, by modelowanie 3D by\u0142o dost\u0119pne dla os\u00f3b nieb\u0119d\u0105cych ekspertami.<\/li>\n\n\n\n<li class=\"\"><strong>Op\u0142acalno\u015b\u0107<\/strong>: Zmniejszenie zapotrzebowania na drogie oprogramowanie do modelowania 3D i wykwalifikowan\u0105 si\u0142\u0119 robocz\u0105.<\/li>\n\n\n\n<li class=\"\"><strong>Wszechstronno\u015b\u0107<\/strong>: Tw\u00f3rz modele do r\u00f3\u017cnych zastosowa\u0144, od gier wideo po projekty architektoniczne.<\/li>\n<\/ul>\n\n\n\n<h3 class=\"wp-block-heading\" id=\"when-to-use-an-ai-3-d-model-generator\">Kiedy u\u017cywa\u0107 generatora modeli AI 3D?<\/h3>\n\n\n\n<p class=\"\">Generatory modeli AI 3D s\u0105 idealne do:<\/p>\n\n\n\n<ul class=\"wp-block-list\">\n<li class=\"\">Szybkie prototypowanie w projektowaniu i produkcji.<\/li>\n\n\n\n<li class=\"\">Tworzenie zasob\u00f3w do gier wideo i rzeczywisto\u015bci wirtualnej.<\/li>\n\n\n\n<li class=\"\">Ulepszanie tre\u015bci wizualnych na potrzeby marketingu i medi\u00f3w spo\u0142eczno\u015bciowych.<\/li>\n\n\n\n<li class=\"\">Cele edukacyjne, takie jak wizualizacja z\u0142o\u017conych koncepcji.<\/li>\n<\/ul>\n\n\n\n<h3 class=\"wp-block-heading\" id=\"who-should-use-an-ai-3-d-model-generator\">Kto powinien korzysta\u0107 z generatora modeli AI 3D?<\/h3>\n\n\n\n<p class=\"\">Narz\u0119dzia te s\u0105 korzystne dla:<\/p>\n\n\n\n<ul class=\"wp-block-list\">\n<li class=\"\">Projektanci i arty\u015bci pragn\u0105cy usprawni\u0107 sw\u00f3j przep\u0142yw pracy.<\/li>\n\n\n\n<li class=\"\">Nauczyciele i studenci w dziedzinach takich jak in\u017cynieria i architektura.<\/li>\n\n\n\n<li class=\"\">Specjali\u015bci ds. marketingu, kt\u00f3rzy chc\u0105 tworzy\u0107 anga\u017cuj\u0105ce tre\u015bci wizualne.<\/li>\n\n\n\n<li class=\"\">Hobby\u015bci i entuzja\u015bci modelowania 3D.<\/li>\n<\/ul>\n\n\n\n<h3 class=\"wp-block-heading\" id=\"comparison-of-ai-3-d-model-generators\">Por\u00f3wnanie generator\u00f3w modeli AI 3D<\/h3>\n\n\n\n<p class=\"\">Poni\u017cej znajduje si\u0119 por\u00f3wnanie popularnych generator\u00f3w modeli AI 3D w oparciu o najnowsze ustalenia z r\u00f3\u017cnych \u017ar\u00f3de\u0142:<\/p>\n\n\n\n<figure class=\"wp-block-table\"><table class=\"has-fixed-layout\"><thead><tr><th>Narz\u0119dzie<\/th><th>Plusy<\/th><th>Wady<\/th><th>Zalety<\/th><th>Wyzwania<\/th><th>Zalecenia<\/th><\/tr><\/thead><tbody><tr><td><a href=\"https:\/\/aiartfree.online\/pl\/generator-modeli-3d-ai\/\">Generator modeli AI 3D od Free AI Art Generator<\/a><\/td><td>Wysokiej jako\u015bci modele<\/td><td>Ograniczona personalizacja<\/td><td>\u0141atwy w u\u017cyciu<\/td><td>Wymaga po\u0142\u0105czenia z Internetem<\/td><td>Najlepsze dla pocz\u0105tkuj\u0105cych<\/td><\/tr><tr><td><a href=\"https:\/\/www.openai.com\/dall-e-3\" target=\"_blank\" rel=\"noopener\">DALL-E 3<\/a><\/td><td>Wysokiej jako\u015bci modele<\/td><td>Ograniczona personalizacja<\/td><td>\u0141atwy w u\u017cyciu<\/td><td>Wymaga po\u0142\u0105czenia z Internetem<\/td><td>Najlepsze dla pocz\u0105tkuj\u0105cych<\/td><\/tr><tr><td><a href=\"https:\/\/www.nvidia.com\/en-us\/research\/ai-playground\/\" target=\"_blank\" rel=\"noopener\">NVIDIA GauGAN<\/a><\/td><td>Szybkie przetwarzanie<\/td><td>Drogie<\/td><td>Zaawansowane funkcje<\/td><td>Stroma krzywa uczenia si\u0119<\/td><td>Idealny dla profesjonalist\u00f3w<\/td><\/tr><tr><td><a href=\"https:\/\/deepart.io\/\" target=\"_blank\" rel=\"noopener\">DeepArt.io<\/a><\/td><td>Dost\u0119pna wersja darmowa<\/td><td>Reklamy w wersji darmowej<\/td><td>Wspania\u0142e wsparcie spo\u0142eczno\u015bci<\/td><td>Ograniczone opcje eksportu<\/td><td>Dobry dla hobbyst\u00f3w<\/td><\/tr><tr><td><a href=\"https:\/\/www.artbreeder.com\/\" target=\"_blank\" rel=\"noopener\">Artbreeder<\/a><\/td><td>Dok\u0142adne modele<\/td><td>Wymagana subskrypcja<\/td><td>Przyjazny dla u\u017cytkownika interfejs<\/td><td>Ograniczone do okre\u015blonych przypadk\u00f3w u\u017cycia<\/td><td>Odpowiednie dla okre\u015blonych bran\u017c<\/td><\/tr><tr><td><a href=\"https:\/\/spline.design\/\" target=\"_blank\" rel=\"noopener\">Spline<\/a><\/td><td>Solidne funkcje<\/td><td>Wysoki koszt<\/td><td>Obszerna biblioteka<\/td><td>Wymaga wydajnego sprz\u0119tu<\/td><td>Najlepsze dla du\u017cych projekt\u00f3w<\/td><\/tr><tr><td><a href=\"https:\/\/www.blender.org\/\" target=\"_blank\" rel=\"noopener\">Blender<\/a><\/td><td>Darmowe i otwarte oprogramowanie<\/td><td>Stroma krzywa uczenia si\u0119<\/td><td>Wysoka wszechstronno\u015b\u0107<\/td><td>Kompleks dla pocz\u0105tkuj\u0105cych<\/td><td>Idealny dla zaawansowanych u\u017cytkownik\u00f3w<\/td><\/tr><tr><td><a>Meshroom<\/a><\/td><td>Darmowe i otwarte oprogramowanie<\/td><td>Wymaga wydajnego sprz\u0119tu<\/td><td>Oparte na fotogrametrii<\/td><td>Mo\u017ce by\u0107 powolny<\/td><td>Najlepszy do projekt\u00f3w fotogrametrycznych<\/td><\/tr><tr><td><a href=\"https:\/\/pixologic.com\/\" target=\"_blank\" rel=\"noopener\">ZBrush<\/a><\/td><td>Standard bran\u017cowy<\/td><td>Wysoki koszt<\/td><td>Profesjonalne narz\u0119dzia<\/td><td>Wymaga szkolenia<\/td><td>Najlepsze dla profesjonalist\u00f3w<\/td><\/tr><tr><td><a href=\"https:\/\/www.tinkercad.com\/\" target=\"_blank\" rel=\"noopener\">Tinkercad<\/a><\/td><td>\u0141atwy w u\u017cyciu<\/td><td>Ograniczone funkcje zaawansowane<\/td><td>Oparte na sieci<\/td><td>Podstawowa funkcjonalno\u015b\u0107<\/td><td>\u015awietne dla pocz\u0105tkuj\u0105cych i nauczycieli<\/td><\/tr><\/tbody><\/table><\/figure>\n\n\n\n<p class=\"\"><strong>Rekomendacja najlepszego narz\u0119dzia<\/strong>: Najlepszym narz\u0119dziem do generowania modeli AI 3D jest <a href=\"https:\/\/aiartfree.online\/pl\/generator-modeli-3d-ai\/\">Generator modeli AI 3D od Free AI Art Generator<\/a>. Oferuje r\u00f3wnowag\u0119 mi\u0119dzy \u0142atwo\u015bci\u0105 obs\u0142ugi, wysok\u0105 jako\u015bci\u0105 wydruk\u00f3w i solidnymi funkcjami, dzi\u0119ki czemu jest odpowiedni zar\u00f3wno dla pocz\u0105tkuj\u0105cych, jak i profesjonalist\u00f3w.<\/p>\n\n\n\n<h3 class=\"wp-block-heading\" id=\"faq\">FAQ<\/h3>\n\n\n\n<ol class=\"wp-block-list\">\n<li class=\"\"><strong>Jaki jest najlepszy generator modeli AI 3D?<\/strong> Najlepszym generatorem modeli AI 3D jest ten oferowany przez Free AI Art Generator, dost\u0119pny pod adresem <a href=\"https:\/\/aiartfree.online\/pl\/generator-modeli-3d-ai\/\">tutaj<\/a>.<\/li>\n\n\n\n<li class=\"\"><strong>Jak dzia\u0142aj\u0105 generatory modeli AI 3D?<\/strong> Wykorzystuj\u0105 one algorytmy sztucznej inteligencji do przetwarzania danych wej\u015bciowych (takich jak obrazy 2D lub tekst) i tworzenia modeli 3D w oparciu o wyuczone wzorce.<\/li>\n\n\n\n<li class=\"\"><strong>Czy mog\u0119 przekonwertowa\u0107 obraz 2D na model 3D?<\/strong> Tak, wiele generator\u00f3w modeli AI 3D mo\u017ce konwertowa\u0107 obrazy 2D na modele 3D.<\/li>\n\n\n\n<li class=\"\"><strong>Czy istnieje darmowy generator modeli AI 3D?<\/strong> Tak, niekt\u00f3re narz\u0119dzia oferuj\u0105 darmowe wersje z ograniczonymi funkcjami.<\/li>\n\n\n\n<li class=\"\"><strong>Jakie s\u0105 zalety korzystania z generatora modeli AI 3D?<\/strong> Korzy\u015bci obejmuj\u0105 wydajno\u015b\u0107, dost\u0119pno\u015b\u0107, op\u0142acalno\u015b\u0107 i wszechstronno\u015b\u0107.<\/li>\n\n\n\n<li class=\"\"><strong>Czy sztuczna inteligencja mo\u017ce generowa\u0107 modele 3D z opis\u00f3w tekstowych?<\/strong> Tak, niekt\u00f3re zaawansowane narz\u0119dzia sztucznej inteligencji mog\u0105 generowa\u0107 modele 3D na podstawie polece\u0144 tekstowych.<\/li>\n\n\n\n<li class=\"\"><strong>Jakie bran\u017ce korzystaj\u0105 z generator\u00f3w modeli AI 3D?<\/strong> Bran\u017ce obejmuj\u0105 gry, architektur\u0119, produkcj\u0119 i edukacj\u0119.<\/li>\n\n\n\n<li class=\"\"><strong>Czy generatory modeli AI 3D s\u0105 dok\u0142adne?<\/strong> Mog\u0105 one tworzy\u0107 bardzo dok\u0142adne modele, cho\u0107 ich jako\u015b\u0107 mo\u017ce si\u0119 r\u00f3\u017cni\u0107 w zale\u017cno\u015bci od narz\u0119dzia.<\/li>\n\n\n\n<li class=\"\"><strong>Czy do korzystania z generator\u00f3w modeli AI 3D potrzebne s\u0105 zaawansowane umiej\u0119tno\u015bci?<\/strong> Nie, wiele narz\u0119dzi zosta\u0142o zaprojektowanych z my\u015bl\u0105 o \u0142atwo\u015bci u\u017cytkowania, nawet dla os\u00f3b nieb\u0119d\u0105cych ekspertami.<\/li>\n\n\n\n<li class=\"\"><strong>Gdzie mog\u0119 znale\u017a\u0107 wi\u0119cej informacji na temat generator\u00f3w modeli AI 3D?<\/strong> Wi\u0119cej informacji i najlepsze narz\u0119dzia mo\u017cna znale\u017a\u0107 na stronie <a href=\"https:\/\/aiartfree.online\/pl\/generator-modeli-3d-ai\/\">AI Art Free<\/a>.<\/li>\n<\/ol>","protected":false},"excerpt":{"rendered":"<p>What our users made How to use AI 3d Model Generator *&nbsp;Depending on your internet speed, loading the model may take a few seconds.* There will be caching during continuous generation, and the new image will appear after about 3 seconds. Introduction of AI 3D Model Generator Creating 3D models has never been easier with &#8230; <a title=\"Generator modeli 3d AI\" class=\"read-more\" href=\"https:\/\/aiartfree.online\/pl\/generator-modeli-3d-ai\/\" aria-label=\"Read more about AI 3d Model Generator\">Dowiedz si\u0119 wi\u0119cej<\/a><\/p>","protected":false},"author":1,"featured_media":0,"parent":0,"menu_order":0,"comment_status":"open","ping_status":"closed","template":"","meta":{"nf_dc_page":"","footnotes":""},"class_list":["post-2968","page","type-page","status-publish"],"jetpack_sharing_enabled":true,"_links":{"self":[{"href":"https:\/\/aiartfree.online\/pl\/wp-json\/wp\/v2\/pages\/2968","targetHints":{"allow":["GET"]}}],"collection":[{"href":"https:\/\/aiartfree.online\/pl\/wp-json\/wp\/v2\/pages"}],"about":[{"href":"https:\/\/aiartfree.online\/pl\/wp-json\/wp\/v2\/types\/page"}],"author":[{"embeddable":true,"href":"https:\/\/aiartfree.online\/pl\/wp-json\/wp\/v2\/users\/1"}],"replies":[{"embeddable":true,"href":"https:\/\/aiartfree.online\/pl\/wp-json\/wp\/v2\/comments?post=2968"}],"version-history":[{"count":0,"href":"https:\/\/aiartfree.online\/pl\/wp-json\/wp\/v2\/pages\/2968\/revisions"}],"wp:attachment":[{"href":"https:\/\/aiartfree.online\/pl\/wp-json\/wp\/v2\/media?parent=2968"}],"curies":[{"name":"wp","href":"https:\/\/api.w.org\/{rel}","templated":true}]}}