{"id":2958,"date":"2024-07-19T10:33:37","date_gmt":"2024-07-19T10:33:37","guid":{"rendered":"https:\/\/aiartfree.online\/?page_id=2958"},"modified":"2025-03-07T08:07:42","modified_gmt":"2025-03-07T08:07:42","slug":"ai-character-generator","status":"publish","type":"page","link":"https:\/\/aiartfree.online\/pl\/generator-znakow-ai\/","title":{"rendered":"Generator postaci AI"},"content":{"rendered":"<h2 class=\"wp-block-heading has-text-align-center\" id=\"what-our-users-made\">Co zrobili nasi u\u017cytkownicy<\/h2>\n\n\n\n<figure class=\"gb-block-image gb-block-image-1822da1f\"><img data-recalc-dims=\"1\" decoding=\"async\" loading=\"lazy\" width=\"1200\" height=\"1190\" class=\"gb-image gb-image-1822da1f\" src=\"https:\/\/i0.wp.com\/aiartfree.online\/wp-content\/uploads\/2024\/07\/WX20240719-144752%402x.jpg?resize=1200%2C1190&#038;ssl=1\" alt=\"Generatory postaci AI wykorzystuj\u0105 zaawansowane algorytmy, aby o\u017cywi\u0107 twoj\u0105 wyobra\u017ani\u0119, zapewniaj\u0105c niesko\u0144czone mo\u017cliwo\u015bci tworzenia postaci.\" title=\"WX20240719-144752@2x\" srcset=\"https:\/\/i0.wp.com\/aiartfree.online\/wp-content\/uploads\/2024\/07\/WX20240719-144752%402x.jpg?w=1632&amp;ssl=1 1632w, https:\/\/i0.wp.com\/aiartfree.online\/wp-content\/uploads\/2024\/07\/WX20240719-144752%402x.jpg?resize=300%2C297&amp;ssl=1 300w, https:\/\/i0.wp.com\/aiartfree.online\/wp-content\/uploads\/2024\/07\/WX20240719-144752%402x.jpg?resize=1024%2C1015&amp;ssl=1 1024w, https:\/\/i0.wp.com\/aiartfree.online\/wp-content\/uploads\/2024\/07\/WX20240719-144752%402x.jpg?resize=150%2C150&amp;ssl=1 150w, https:\/\/i0.wp.com\/aiartfree.online\/wp-content\/uploads\/2024\/07\/WX20240719-144752%402x.jpg?resize=768%2C761&amp;ssl=1 768w, https:\/\/i0.wp.com\/aiartfree.online\/wp-content\/uploads\/2024\/07\/WX20240719-144752%402x.jpg?resize=1536%2C1523&amp;ssl=1 1536w, https:\/\/i0.wp.com\/aiartfree.online\/wp-content\/uploads\/2024\/07\/WX20240719-144752%402x.jpg?resize=12%2C12&amp;ssl=1 12w, https:\/\/i0.wp.com\/aiartfree.online\/wp-content\/uploads\/2024\/07\/WX20240719-144752%402x.jpg?resize=600%2C595&amp;ssl=1 600w, https:\/\/i0.wp.com\/aiartfree.online\/wp-content\/uploads\/2024\/07\/WX20240719-144752%402x.jpg?resize=100%2C100&amp;ssl=1 100w\" sizes=\"auto, (max-width: 1200px) 100vw, 1200px\" \/><\/figure>\n\n\n\n<h2 class=\"wp-block-heading\" id=\"3-steps-to-use\">3 kroki do korzystania z generatora postaci AI<\/h2>\n\n\n\n<ol class=\"wp-block-list\">\n<li class=\"\">Wprowad\u017a sw\u00f3j monit<\/li>\n\n\n\n<li class=\"\">Kliknij \"Generuj\"<\/li>\n\n\n\n<li class=\"\">Czekaj, to jest to!<\/li>\n<\/ol>\n\n\n\n<figure class=\"gb-block-image gb-block-image-032aac41\"><a href=\"https:\/\/fas.st\/t\/9U4PYbm7\" target=\"_blank\" rel=\"noopener noreferrer\"><img data-recalc-dims=\"1\" decoding=\"async\" loading=\"lazy\" width=\"1200\" height=\"365\" class=\"gb-image gb-image-032aac41\" src=\"https:\/\/i0.wp.com\/aiartfree.online\/wp-content\/uploads\/2025\/03\/WX20250307-115412%402x.webp?resize=1200%2C365&#038;ssl=1\" alt=\"\" title=\"WX20250307-115412@2x\" srcset=\"https:\/\/i0.wp.com\/aiartfree.online\/wp-content\/uploads\/2025\/03\/WX20250307-115412%402x.webp?w=1942&amp;ssl=1 1942w, https:\/\/i0.wp.com\/aiartfree.online\/wp-content\/uploads\/2025\/03\/WX20250307-115412%402x.webp?resize=300%2C91&amp;ssl=1 300w, https:\/\/i0.wp.com\/aiartfree.online\/wp-content\/uploads\/2025\/03\/WX20250307-115412%402x.webp?resize=1024%2C312&amp;ssl=1 1024w, https:\/\/i0.wp.com\/aiartfree.online\/wp-content\/uploads\/2025\/03\/WX20250307-115412%402x.webp?resize=768%2C234&amp;ssl=1 768w, https:\/\/i0.wp.com\/aiartfree.online\/wp-content\/uploads\/2025\/03\/WX20250307-115412%402x.webp?resize=1536%2C467&amp;ssl=1 1536w, https:\/\/i0.wp.com\/aiartfree.online\/wp-content\/uploads\/2025\/03\/WX20250307-115412%402x.webp?resize=18%2C5&amp;ssl=1 18w, https:\/\/i0.wp.com\/aiartfree.online\/wp-content\/uploads\/2025\/03\/WX20250307-115412%402x.webp?resize=600%2C183&amp;ssl=1 600w\" sizes=\"auto, (max-width: 1200px) 100vw, 1200px\" \/><\/a><\/figure>\n\n\n\n<p class=\"\"><em>* W zale\u017cno\u015bci od szybko\u015bci \u0142\u0105cza internetowego \u0142adowanie modelu mo\u017ce potrwa\u0107 kilka sekund.<br>* Podczas ci\u0105g\u0142ego generowania nast\u0105pi buforowanie, a nowy obraz pojawi si\u0119 po oko\u0142o 3 sekundach.<\/em><\/p>\n\n\n\n<div style=\"text-align: center; border: 2px solid; border-image-source: linear-gradient(to right, #16b86c, #912899); border-image-slice: 1; box-shadow: 0 0 10px rgba(0, 0, 0, 0.1); border-radius: 15px; position: relative;\">\n  <div id=\"loading\" style=\"position: absolute; top: 100px; left: 50%; transform: translate(-50%, -50%); z-index: 1000;\">\n    <div style=\"width: 50px; height: 50px; border: 5px solid #f3f3f3; border-top: 5px solid #16b86c; border-radius: 50%; animation: spin 1s linear infinite;\"><\/div>\n  <\/div>\n  <iframe loading=\"lazy\"\n    src=\"https:\/\/cagliostrolab-animagine-xl-3-1.hf.space\"\n    frameborder=\"0\"\n    width=\"100%\"\n    height=\"1600\"\n    style=\"display: inline-block; margin: 0 auto;\"\n    onload=\"document.getElementById('loading').style.display='none';\"\n  ><\/iframe>\n<\/div>\n\n<style>\n  @keyframes spin {\n    0% { transform: rotate(0deg); }\n    100% { transform: rotate(360deg); }\n  }\n<\/style>\n\n\n\n<div style=\"height:50px\" aria-hidden=\"true\" class=\"wp-block-spacer\"><\/div>\n\n\n\n<h2 class=\"wp-block-heading\">Przyk\u0142ady podpowiedzi<\/h2>\n\n\n\n<ol style=\"font-size:16px\" class=\"wp-block-list\">\n<li class=\"\">zapieraj\u0105ca dech w piersiach, bardzo szczeg\u00f3\u0142owa ilustracja powie\u015bci graficznej morgana freemana jad\u0105cego na motocyklu harley davidson, mroczna i szorstka<\/li>\n\n\n\n<li class=\"\">Zapieraj\u0105ca dech w piersiach graficzna ilustracja powie\u015bciowa Po\u015br\u00f3d rozleg\u0142ej mg\u0142awicy unosi si\u0119 samotny astronauta, przywi\u0105zany do \u015bwietlistego statku kosmicznego. Promienne gazy mg\u0142awicy ta\u0144cz\u0105 wok\u00f3\u0142, odbijaj\u0105c \u017cywe kolory na skafandrze, tworz\u0105c balet \u015bwiat\u0142a i ruchu.<\/li>\n\n\n\n<li class=\"\">Zapieraj\u0105ca dech w piersiach ilustracja powie\u015bci graficznej Na rozdro\u017cu na postapokaliptycznym pustkowiu w\u0119drowiec z gitar\u0105 wykonan\u0105 ze z\u0142omu \u015bpiewa opowie\u015bci o starym \u015bwiecie. Zmutowane stworzenia gromadz\u0105 si\u0119 wok\u00f3\u0142 ogniska, a ich oczy wype\u0142nione s\u0105 t\u0119sknot\u0105.<\/li>\n\n\n\n<li class=\"\">Zapieraj\u0105ca dech w piersiach ilustracja przedstawiaj\u0105ca dziecko goni\u0105ce kolorowe motyle na t\u0119tni\u0105cej \u017cyciem \u0142\u0105ce.<\/li>\n\n\n\n<li class=\"\">zapieraj\u0105ca dech w piersiach graficzna ilustracja powie\u015bciowa Na pla\u017cy, gdzie fale s\u0105 utkane opowie\u015bciami, gaw\u0119dziarz z krosnem ksi\u0119\u017cycowego \u015bwiat\u0142a tworzy opowie\u015bci z przyp\u0142yw\u00f3w. Muszle szepcz\u0105 legendy, a horyzont jest gobelinem przyg\u00f3d, kt\u00f3re jeszcze nie zosta\u0142y opowiedziane.<\/li>\n\n\n\n<li class=\"\">Zapieraj\u0105ca dech w piersiach ilustracja powie\u015bci graficznej przedstawiaj\u0105ca soko\u0142a szybuj\u0105cego nad pustyni\u0105 w poszukiwaniu zdobyczy.<\/li>\n\n\n\n<li class=\"\">Zapieraj\u0105ca dech w piersiach ilustracja powie\u015bci graficznej G\u0142\u0119boko za ko\u0142em podbiegunowym zorza polarna maluje niebo \u017cywymi odcieniami zieleni, r\u00f3\u017cu i fioletu. \u015anieg poni\u017cej odbija ten taniec \u015bwiate\u0142, a \u015bwiat ogarnia hipnotyzuj\u0105ca symfonia kolor\u00f3w.<\/li>\n\n\n\n<li class=\"\">Zapieraj\u0105ca dech w piersiach ilustracja powie\u015bci graficznej przedstawiaj\u0105ca tatua\u017cyst\u0119 wykonuj\u0105cego skomplikowany wz\u00f3r na plecach klienta.<\/li>\n\n\n\n<li class=\"\">Zapieraj\u0105ca dech w piersiach ilustracja przedstawiaj\u0105ca kobiet\u0119 ubran\u0105 w kolorowe jedwabie, czytaj\u0105c\u0105 karty tarota w o\u015bwietlonym \u015bwiecami namiocie.<\/li>\n\n\n\n<li class=\"\">Zapieraj\u0105ca dech w piersiach ilustracja powie\u015bci graficznej przedstawiaj\u0105ca dw\u00f3ch spelunkowicz\u00f3w mapuj\u0105cych g\u0142\u0119bok\u0105 jaskini\u0119, z pochodniami o\u015bwietlaj\u0105cymi drog\u0119.<\/li>\n<\/ol>\n\n\n\n<div style=\"height:50px\" aria-hidden=\"true\" class=\"wp-block-spacer\"><\/div>\n\n\n\n<h2 class=\"wp-block-heading\" id=\"introduction-to-ai-character-generator\">Wprowadzenie do generatora postaci AI<\/h2>\n\n\n\n<p class=\"\">W erze cyfrowej tworzenie unikalnych i anga\u017cuj\u0105cych postaci do opowiada\u0144, gier lub osobistych projekt\u00f3w sta\u0142o si\u0119 bardziej dost\u0119pne dzi\u0119ki generatorom postaci AI. Narz\u0119dzia te wykorzystuj\u0105 zaawansowane algorytmy do o\u017cywienia wyobra\u017ani, zapewniaj\u0105c niesko\u0144czone mo\u017cliwo\u015bci tworzenia postaci. Niniejszy artyku\u0142 przybli\u017ca \u015bwiat generator\u00f3w postaci SI, ich zalety i sposoby ich wykorzystania.<\/p>\n\n\n\n<div class=\"wp-block-rank-math-toc-block\" id=\"rank-math-toc\"><h3>Spis tre\u015bci<\/h3><nav><ul><li><a href=\"#what-is-an-ai-character-generator\">Czym jest generator postaci AI?<\/a><\/li><li><a href=\"#why-use-an-ai-character-generator\">Dlaczego warto korzysta\u0107 z generatora postaci AI?<\/a><\/li><li><a href=\"#benefits-of-using-ai-character-generators\">Korzy\u015bci z u\u017cywania generator\u00f3w znak\u00f3w AI<\/a><\/li><li><a href=\"#when-to-use-it\">Kiedy u\u017cywa\u0107<\/a><\/li><li><a href=\"#who-should-use-it\">Kto powinien z niego korzysta\u0107?<\/a><\/li><li><a href=\"#comparison-of-ai-character-generators\">Por\u00f3wnanie generator\u00f3w postaci AI<\/a><\/li><li><a href=\"#faq\">FAQ<\/a><\/li><\/ul><\/nav><\/div>\n\n\n\n<h3 class=\"wp-block-heading\" id=\"what-is-an-ai-character-generator\">Czym jest generator postaci AI?<\/h3>\n\n\n\n<p class=\"\">Generator postaci AI to cyfrowe narz\u0119dzie wykorzystuj\u0105ce sztuczn\u0105 inteligencj\u0119 do tworzenia postaci na podstawie danych wprowadzanych przez u\u017cytkownika. Generatory te mog\u0105 tworzy\u0107 szczeg\u00f3\u0142owe projekty postaci, historie i cechy osobowo\u015bci, dzi\u0119ki czemu s\u0105 cenne dla pisarzy, tw\u00f3rc\u00f3w gier i artyst\u00f3w.<\/p>\n\n\n\n<h3 class=\"wp-block-heading\" id=\"why-use-an-ai-character-generator\">Dlaczego warto korzysta\u0107 z generatora postaci AI?<\/h3>\n\n\n\n<p class=\"\">Generatory znak\u00f3w AI oferuj\u0105 kilka zalet, w tym:<\/p>\n\n\n\n<ul class=\"wp-block-list\">\n<li class=\"\"><strong>Wydajno\u015b\u0107<\/strong>: Szybkie generowanie znak\u00f3w bez du\u017cego nak\u0142adu pracy r\u0119cznej.<\/li>\n\n\n\n<li class=\"\"><strong>Wzrost kreatywno\u015bci<\/strong>: Odkryj nowe pomys\u0142y i projekty postaci, kt\u00f3rych wcze\u015bniej nie bra\u0142e\u015b pod uwag\u0119.<\/li>\n\n\n\n<li class=\"\"><strong>Sp\u00f3jno\u015b\u0107<\/strong>: Utrzymywanie sp\u00f3jno\u015bci cech i historii postaci w r\u00f3\u017cnych projektach.<\/li>\n\n\n\n<li class=\"\"><strong>Inspiracja<\/strong>: Pokonaj blokady tw\u00f3rcze dzi\u0119ki \u015bwie\u017cym pomys\u0142om z sugestii AI.<\/li>\n<\/ul>\n\n\n\n<h3 class=\"wp-block-heading\" id=\"benefits-of-using-ai-character-generators\">Korzy\u015bci z u\u017cywania generator\u00f3w znak\u00f3w AI<\/h3>\n\n\n\n<p class=\"\">Korzystanie z generator\u00f3w postaci AI zapewnia liczne korzy\u015bci:<\/p>\n\n\n\n<ul class=\"wp-block-list\">\n<li class=\"\"><strong>Kreator postaci za darmo<\/strong>: Wiele generator\u00f3w postaci AI jest dost\u0119pnych za darmo, dzi\u0119ki czemu s\u0105 one dost\u0119pne dla ka\u017cdego.<\/li>\n\n\n\n<li class=\"\"><strong>Generator sztucznej inteligencji postaci<\/strong>: Narz\u0119dzia te wykorzystuj\u0105 zaawansowane algorytmy sztucznej inteligencji do tworzenia realistycznych i r\u00f3\u017cnorodnych postaci.<\/li>\n\n\n\n<li class=\"\"><strong>Stw\u00f3rz posta\u0107<\/strong>: \u0141atwe tworzenie postaci dla r\u00f3\u017cnych medi\u00f3w, w tym opowiada\u0144, gier i dzie\u0142 sztuki.<\/li>\n\n\n\n<li class=\"\"><strong>Generator historii postaci<\/strong>: Tw\u00f3rz fascynuj\u0105ce historie, kt\u00f3re dodadz\u0105 g\u0142\u0119bi twoim postaciom.<\/li>\n\n\n\n<li class=\"\"><strong>Generator losowych projekt\u00f3w postaci<\/strong>: Uzyskaj losowe projekty postaci, aby pobudzi\u0107 kreatywno\u015b\u0107 i odkry\u0107 nowe mo\u017cliwo\u015bci.<\/li>\n<\/ul>\n\n\n\n<h3 class=\"wp-block-heading\" id=\"when-to-use-it\">Kiedy u\u017cywa\u0107<\/h3>\n\n\n\n<p class=\"\">Generatory postaci AI s\u0105 idealne w nast\u0119puj\u0105cych scenariuszach:<\/p>\n\n\n\n<ul class=\"wp-block-list\">\n<li class=\"\"><strong>Tworzenie gier<\/strong>: Szybkie tworzenie postaci niezale\u017cnych lub g\u0142\u00f3wnych bohater\u00f3w o unikalnych cechach.<\/li>\n\n\n\n<li class=\"\"><strong>Pisanie opowiada\u0144<\/strong>: Opracuj szczeg\u00f3\u0142owe postacie z bogatymi historiami dla swoich narracji.<\/li>\n\n\n\n<li class=\"\"><strong>Projekty artystyczne<\/strong>: Generowanie projekt\u00f3w postaci do ilustracji lub komiks\u00f3w.<\/li>\n\n\n\n<li class=\"\"><strong>Gry fabularne<\/strong>: Tw\u00f3rz postacie o skomplikowanych osobowo\u015bciach do gier RPG na tablety lub online.<\/li>\n<\/ul>\n\n\n\n<h3 class=\"wp-block-heading\" id=\"who-should-use-it\">Kto powinien z niego korzysta\u0107?<\/h3>\n\n\n\n<p class=\"\">Generatory znak\u00f3w AI s\u0105 odpowiednie dla szerokiego grona u\u017cytkownik\u00f3w, w tym:<\/p>\n\n\n\n<ul class=\"wp-block-list\">\n<li class=\"\"><strong>Pisarze<\/strong>: Wzboga\u0107 swoje historie o dobrze rozwini\u0119te postacie.<\/li>\n\n\n\n<li class=\"\"><strong>Tw\u00f3rcy gier<\/strong>: Zaoszcz\u0119d\u017a czas na tworzeniu postaci do swoich gier.<\/li>\n\n\n\n<li class=\"\"><strong>Arty\u015bci<\/strong>: Odkryj nowe projekty i style postaci.<\/li>\n\n\n\n<li class=\"\"><strong>Entuzja\u015bci RPG<\/strong>: Tw\u00f3rz z\u0142o\u017cone postacie do swoich gier.<\/li>\n\n\n\n<li class=\"\"><strong>Nauczyciele<\/strong>: U\u017cyj generator\u00f3w postaci jako narz\u0119dzia do kreatywnego pisania.<\/li>\n<\/ul>\n\n\n\n<h3 class=\"wp-block-heading\" id=\"comparison-of-ai-character-generators\">Por\u00f3wnanie generator\u00f3w postaci AI<\/h3>\n\n\n\n<p class=\"\">Poni\u017cej znajduje si\u0119 por\u00f3wnanie r\u00f3\u017cnych generator\u00f3w postaci AI, ich zalet i wad, zalet, wyzwa\u0144 i zalece\u0144.<\/p>\n\n\n\n<figure class=\"wp-block-table\"><table class=\"has-fixed-layout\"><thead><tr><th>Nazwa narz\u0119dzia<\/th><th>Plusy<\/th><th>Wady<\/th><th>Zalety<\/th><th>Wyzwania<\/th><th>Zalecenia<\/th><\/tr><\/thead><tbody><tr><td><a href=\"https:\/\/aiartfree.online\/pl\/generator-znakow-ai\/\" data-type=\"link\" data-id=\"https:\/\/aiartfree.online\/ai-character-generator\">Generator postaci AI<\/a><\/td><td>\u0141atwy w u\u017cyciu, darmowy<\/td><td>Ograniczona personalizacja<\/td><td>Szybkie tworzenie postaci<\/td><td>Mo\u017ce wymaga\u0107 po\u0142\u0105czenia z Internetem<\/td><td>Najlepsze dla pocz\u0105tkuj\u0105cych<\/td><\/tr><tr><td>Tw\u00f3rca postaci<\/td><td>Wysoce konfigurowalny<\/td><td>Wy\u017csza krzywa uczenia si\u0119<\/td><td>Szczeg\u00f3\u0142owe projekty<\/td><td>Mo\u017ce by\u0107 czasoch\u0142onne<\/td><td>Idealny dla do\u015bwiadczonych u\u017cytkownik\u00f3w<\/td><\/tr><tr><td>Generator losowych postaci<\/td><td>Zabawa i kreatywno\u015b\u0107<\/td><td>Losowo\u015b\u0107 mo\u017ce nie wszystkim odpowiada\u0107<\/td><td>\u015awietne do inspiracji<\/td><td>Mniejsza kontrola nad wydajno\u015bci\u0105<\/td><td>Wykorzystanie do burzy m\u00f3zg\u00f3w<\/td><\/tr><tr><td>Generator historii<\/td><td>Bogate historie<\/td><td>Ograniczony projekt wizualny<\/td><td>Zwi\u0119ksza g\u0142\u0119bi\u0119 postaci<\/td><td>Mo\u017ce brakowa\u0107 element\u00f3w wizualnych<\/td><td>Po\u0142\u0105czenie z narz\u0119dziami wizualnymi<\/td><\/tr><tr><td>Stabilna dyfuzja<\/td><td>Wysokiej jako\u015bci obrazy<\/td><td>Wymaga umiej\u0119tno\u015bci technicznych<\/td><td>Najnowocze\u015bniejsza sztuczna inteligencja<\/td><td>Mo\u017ce by\u0107 z\u0142o\u017cony<\/td><td>Najlepsze dla zaawansowanych u\u017cytkownik\u00f3w<\/td><\/tr><tr><td>Narz\u0119dzia artystyczne online<\/td><td>Wszechstronne narz\u0119dzia<\/td><td>Mo\u017ce by\u0107 przyt\u0142aczaj\u0105ca<\/td><td>Szeroki zakres funkcji<\/td><td>Mo\u017ce wymaga\u0107 nauki<\/td><td>Najlepsze do kompleksowych projekt\u00f3w<\/td><\/tr><tr><td>Projektowanie postaci oparte na sztucznej inteligencji<\/td><td>Szybko\u015b\u0107 i wydajno\u015b\u0107<\/td><td>Mo\u017ce brakowa\u0107 wyj\u0105tkowo\u015bci<\/td><td>Idealny do szybkich projekt\u00f3w<\/td><td>Ograniczona personalizacja<\/td><td>Zastosowanie do szybkiego prototypowania<\/td><\/tr><tr><td>Tworzenie grafiki generowanej przez SI<\/td><td>Wyniki kreatywne<\/td><td>Wymaga podpowiedzi<\/td><td>Anga\u017cuj\u0105ce i interaktywne<\/td><td>Mo\u017ce wymaga\u0107 pr\u00f3b i b\u0142\u0119d\u00f3w<\/td><td>Najlepsze do kreatywnej eksploracji<\/td><\/tr><tr><td>Grafika generowana przez sztuczn\u0105 inteligencj\u0119<\/td><td>Wysoki realizm<\/td><td>Mo\u017ce wymaga\u0107 du\u017cej ilo\u015bci zasob\u00f3w<\/td><td>Fotorealistyczne postacie<\/td><td>Wymaga wydajnego sprz\u0119tu<\/td><td>Najlepsze dla projekt\u00f3w high-end<\/td><\/tr><tr><td>AI Art Generator<\/td><td>\u0141atwy dost\u0119p<\/td><td>Ograniczone bezp\u0142atne opcje<\/td><td>\u015awietne dla pocz\u0105tkuj\u0105cych<\/td><td>Mo\u017ce wymaga\u0107 subskrypcji<\/td><td>Najlepsze na pocz\u0105tek<\/td><\/tr><\/tbody><\/table><\/figure>\n\n\n\n<p class=\"\">Najlepszym generatorem postaci AI jest <a href=\"https:\/\/aiartfree.online\/pl\/generator-znakow-ai\/\">Generator postaci AI<\/a>, kt\u00f3ra oferuje przyjazny dla u\u017cytkownika interfejs i solidne funkcje do tworzenia szczeg\u00f3\u0142owych i unikalnych postaci.<\/p>\n\n\n\n<h3 class=\"wp-block-heading\" id=\"faq\">FAQ<\/h3>\n\n\n\n<p class=\"\"><strong>P1: Czym jest generator postaci AI?<\/strong> Generator postaci AI to narz\u0119dzie wykorzystuj\u0105ce sztuczn\u0105 inteligencj\u0119 do tworzenia postaci na podstawie danych wprowadzonych przez u\u017cytkownika, w tym wygl\u0105du, cech i historii.<\/p>\n\n\n\n<p class=\"\"><strong>P2: Jak dzia\u0142aj\u0105 generatory postaci AI?<\/strong> Generatory te wykorzystuj\u0105 algorytmy uczenia maszynowego do analizowania danych wprowadzanych przez u\u017cytkownika i generowania postaci o okre\u015blonych cechach i wygl\u0105dzie.<\/p>\n\n\n\n<p class=\"\"><strong>P3: Czy generatory postaci AI s\u0105 darmowe?<\/strong> Wiele generator\u00f3w postaci AI oferuje darmowe wersje, cho\u0107 niekt\u00f3re mog\u0105 mie\u0107 funkcje premium, kt\u00f3re wymagaj\u0105 uiszczenia op\u0142aty.<\/p>\n\n\n\n<p class=\"\"><strong>P4: Czy mog\u0119 dostosowa\u0107 postacie w generatorach postaci AI?<\/strong> Tak, wi\u0119kszo\u015b\u0107 generator\u00f3w postaci AI pozwala na r\u00f3\u017cne poziomy dostosowania do w\u0142asnych potrzeb.<\/p>\n\n\n\n<p class=\"\"><strong>P5: Jakie s\u0105 najlepsze generatory postaci AI?<\/strong> Niekt\u00f3re z najlepszych generator\u00f3w postaci AI obejmuj\u0105 <a href=\"https:\/\/aiartfree.online\/pl\/generator-znakow-ai\/\">Generator postaci AI<\/a>, Kreator postaci i Generator postaci losowych.<\/p>\n\n\n\n<p class=\"\"><strong>P6: Jak mog\u0119 u\u017cywa\u0107 generator\u00f3w znak\u00f3w AI w pi\u015bmie?<\/strong> Pisarze mog\u0105 korzysta\u0107 z tych narz\u0119dzi, aby rozwija\u0107 szczeg\u00f3\u0142owe postacie i historie, ulepszaj\u0105c swoje opowie\u015bci.<\/p>\n\n\n\n<p class=\"\"><strong>P7: Czy generatory postaci SI s\u0105 przydatne przy tworzeniu gier?<\/strong> Absolutnie. Narz\u0119dzia te pozwalaj\u0105 szybko tworzy\u0107 r\u00f3\u017cnorodne i z\u0142o\u017cone postacie do gier, oszcz\u0119dzaj\u0105c czas i zasoby.<\/p>\n\n\n\n<p class=\"\"><strong>P8: Czy generatory postaci AI mog\u0105 tworzy\u0107 realistyczne postacie?<\/strong> Tak, niekt\u00f3re zaawansowane generatory, takie jak Stable Diffusion i AI Generated Artwork, tworz\u0105 bardzo realistyczne postacie.<\/p>\n\n\n\n<p class=\"\"><strong>P9: Co powinienem wzi\u0105\u0107 pod uwag\u0119 przy wyborze generatora postaci AI?<\/strong> We\u017a pod uwag\u0119 takie czynniki, jak \u0142atwo\u015b\u0107 obs\u0142ugi, opcje dostosowywania, jako\u015b\u0107 wydruk\u00f3w i to, czy spe\u0142nia okre\u015blone potrzeby.<\/p>\n\n\n\n<p class=\"\"><strong>Q10: Gdzie mog\u0119 znale\u017a\u0107 najlepszy generator postaci AI?<\/strong> Najlepszy generator postaci AI mo\u017cna znale\u017a\u0107 na stronie <a href=\"https:\/\/aiartfree.online\/pl\/generator-znakow-ai\/\">Generator postaci AI<\/a>oferuj\u0105c kompleksowy zestaw funkcji do tworzenia postaci.<\/p>\n\n\n\n<p class=\"\">Wykorzystuj\u0105c moc generator\u00f3w postaci AI, mo\u017cesz usprawni\u0107 proces tworzenia postaci, zwi\u0119kszy\u0107 kreatywno\u015b\u0107 i z \u0142atwo\u015bci\u0105 o\u017cywi\u0107 swoje postacie.<\/p>\n\n\n\n<p class=\"\">W razie dalszych pyta\u0144 prosimy o kontakt <a href=\"https:\/\/chatgpt4o.space\/\" target=\"_blank\" data-type=\"link\" data-id=\"https:\/\/chatgpt4o.space\/\" rel=\"noreferrer noopener\">darmowy czat onlineGPT 4o mini<\/a><\/p>","protected":false},"excerpt":{"rendered":"<p>What our users made 3 Steps to Use AI Character Generator *&nbsp;Depending on your internet speed, loading the model may take a few seconds.* There will be caching during continuous generation, and the new image will appear after about 3 seconds. Prompt Examples Introduction to AI Character Generator In the digital age, creating unique and &#8230; <a title=\"Generator postaci AI\" class=\"read-more\" href=\"https:\/\/aiartfree.online\/pl\/generator-znakow-ai\/\" aria-label=\"Read more about AI Character Generator\">Dowiedz si\u0119 wi\u0119cej<\/a><\/p>","protected":false},"author":1,"featured_media":2961,"parent":0,"menu_order":0,"comment_status":"open","ping_status":"closed","template":"","meta":{"nf_dc_page":"","footnotes":""},"class_list":["post-2958","page","type-page","status-publish","has-post-thumbnail"],"jetpack_sharing_enabled":true,"_links":{"self":[{"href":"https:\/\/aiartfree.online\/pl\/wp-json\/wp\/v2\/pages\/2958","targetHints":{"allow":["GET"]}}],"collection":[{"href":"https:\/\/aiartfree.online\/pl\/wp-json\/wp\/v2\/pages"}],"about":[{"href":"https:\/\/aiartfree.online\/pl\/wp-json\/wp\/v2\/types\/page"}],"author":[{"embeddable":true,"href":"https:\/\/aiartfree.online\/pl\/wp-json\/wp\/v2\/users\/1"}],"replies":[{"embeddable":true,"href":"https:\/\/aiartfree.online\/pl\/wp-json\/wp\/v2\/comments?post=2958"}],"version-history":[{"count":1,"href":"https:\/\/aiartfree.online\/pl\/wp-json\/wp\/v2\/pages\/2958\/revisions"}],"predecessor-version":[{"id":3596,"href":"https:\/\/aiartfree.online\/pl\/wp-json\/wp\/v2\/pages\/2958\/revisions\/3596"}],"wp:featuredmedia":[{"embeddable":true,"href":"https:\/\/aiartfree.online\/pl\/wp-json\/wp\/v2\/media\/2961"}],"wp:attachment":[{"href":"https:\/\/aiartfree.online\/pl\/wp-json\/wp\/v2\/media?parent=2958"}],"curies":[{"name":"wp","href":"https:\/\/api.w.org\/{rel}","templated":true}]}}