{"id":2941,"date":"2024-07-18T13:56:58","date_gmt":"2024-07-18T13:56:58","guid":{"rendered":"https:\/\/aiartfree.online\/?page_id=2941"},"modified":"2024-08-02T12:30:47","modified_gmt":"2024-08-02T12:30:47","slug":"ai-cartoon-generator","status":"publish","type":"page","link":"https:\/\/aiartfree.online\/pl\/generator-kreskowek-ai\/","title":{"rendered":"Generator kresk\u00f3wek AI"},"content":{"rendered":"<h2 class=\"wp-block-heading has-text-align-center\" id=\"before-vs-after\">Przed i po<\/h2>\n\n\n\n<figure class=\"gb-block-image gb-block-image-1822da1f\"><img data-recalc-dims=\"1\" decoding=\"async\" loading=\"lazy\" width=\"1024\" height=\"508\" class=\"gb-image gb-image-1822da1f\" src=\"https:\/\/i0.wp.com\/aiartfree.online\/wp-content\/uploads\/2024\/07\/WX20240717-175407%402x-1-1-1.jpg?resize=1024%2C508&#038;ssl=1\" alt=\"Generator kresk\u00f3wek AI\" title=\"WX20240717-175407@2x (1) (1) (1)\" srcset=\"https:\/\/i0.wp.com\/aiartfree.online\/wp-content\/uploads\/2024\/07\/WX20240717-175407%402x-1-1-1-scaled.jpg?resize=1024%2C508&amp;ssl=1 1024w, https:\/\/i0.wp.com\/aiartfree.online\/wp-content\/uploads\/2024\/07\/WX20240717-175407%402x-1-1-1-scaled.jpg?resize=300%2C149&amp;ssl=1 300w, https:\/\/i0.wp.com\/aiartfree.online\/wp-content\/uploads\/2024\/07\/WX20240717-175407%402x-1-1-1-scaled.jpg?resize=768%2C381&amp;ssl=1 768w, https:\/\/i0.wp.com\/aiartfree.online\/wp-content\/uploads\/2024\/07\/WX20240717-175407%402x-1-1-1-scaled.jpg?resize=1536%2C763&amp;ssl=1 1536w, https:\/\/i0.wp.com\/aiartfree.online\/wp-content\/uploads\/2024\/07\/WX20240717-175407%402x-1-1-1-scaled.jpg?resize=2048%2C1017&amp;ssl=1 2048w, https:\/\/i0.wp.com\/aiartfree.online\/wp-content\/uploads\/2024\/07\/WX20240717-175407%402x-1-1-1-scaled.jpg?resize=18%2C9&amp;ssl=1 18w, https:\/\/i0.wp.com\/aiartfree.online\/wp-content\/uploads\/2024\/07\/WX20240717-175407%402x-1-1-1-scaled.jpg?resize=600%2C298&amp;ssl=1 600w, https:\/\/i0.wp.com\/aiartfree.online\/wp-content\/uploads\/2024\/07\/WX20240717-175407%402x-1-1-1-scaled.jpg?w=2400&amp;ssl=1 2400w\" sizes=\"auto, (max-width: 1024px) 100vw, 1024px\" \/><\/figure>\n\n\n\n<h2 class=\"wp-block-heading\" id=\"how-to-use-ai-cartoon-generator\">Jak korzysta\u0107 z AI Cartoon Generator<\/h2>\n\n\n\n<ol class=\"wp-block-list\">\n<li class=\"\">Upu\u015b\u0107 lub prze\u015blij swoje zdj\u0119cie lub dowolny obraz.<\/li>\n\n\n\n<li class=\"\">Kliknij \"Prze\u015blij\"<\/li>\n\n\n\n<li class=\"\">Czekaj, to jest to!<\/li>\n<\/ol>\n\n\n\n<p class=\"\"><em>* W zale\u017cno\u015bci od szybko\u015bci \u0142\u0105cza internetowego \u0142adowanie modelu mo\u017ce potrwa\u0107 kilka sekund.<br>* Podczas ci\u0105g\u0142ego generowania nast\u0105pi buforowanie, a nowy obraz pojawi si\u0119 po oko\u0142o 3 sekundach.<\/em><\/p>\n\n\n\n<div class=\"iframe-wrapper\" style=\"position: relative; width: 100%; height: 1800px;\">\n  <div class=\"loading\" style=\"position: absolute; top: 50px; left: 50%; transform: translate(-50%, -50%); width: 40px; height: 40px; border: 3px solid #f0f0f0; border-top: 3px solid #db7093; border-radius: 50%; animation: spin 1s linear infinite;\"><\/div>\n  <iframe loading=\"lazy\" src=\"https:\/\/akhaliq-animeganv2.hf.space\" frameborder=\"0\" width=\"100%\" height=\"100%\" style=\"position: absolute; top: 0; left: 0; opacity: 0; transition: opacity 0.3s;\" onload=\"this.style.opacity=1;this.previousElementSibling.style.display='none';\"><\/iframe>\n<\/div>\n\n<style>\n@keyframes spin {\n  0% { transform: translate(-50%, -50%) rotate(0deg); }\n  100% { transform: translate(-50%, -50%) rotate(360deg); }\n}\n<\/style>\n\n\n\n<div style=\"height:50px\" aria-hidden=\"true\" class=\"wp-block-spacer\"><\/div>\n\n\n\n<h2 class=\"wp-block-heading\" id=\"introduction-of-ai-cartoon-generator\">Wprowadzenie do generatora kresk\u00f3wek AI<\/h2>\n\n\n\n<p class=\"\">Tworzenie kresk\u00f3wkowych wersji zdj\u0119\u0107 sta\u0142o si\u0119 popularnym trendem w ostatnich latach. Generator kresk\u00f3wek AI pozwala u\u017cytkownikom szybko i \u0142atwo przekszta\u0142ci\u0107 swoje zdj\u0119cia w obrazy z kresk\u00f3wek. W tym artykule zbadamy, czym jest generator kresk\u00f3wek AI, dlaczego jest korzystny, jak go u\u017cywa\u0107 i kto mo\u017ce z niego skorzysta\u0107. Ponadto przedstawimy kompleksowe por\u00f3wnanie r\u00f3\u017cnych generator\u00f3w kresk\u00f3wek AI dost\u0119pnych online.<\/p>\n\n\n\n<div class=\"wp-block-rank-math-toc-block\" id=\"rank-math-toc\"><h3>Spis tre\u015bci<\/h3><nav><ul><li><a href=\"#what-is-an-ai-cartoon-generator\">Czym jest generator kresk\u00f3wek AI?<\/a><\/li><li><a href=\"#why-use-an-ai-cartoon-generator\">Dlaczego warto korzysta\u0107 z generatora kresk\u00f3wek AI?<\/a><\/li><li><a href=\"#benefits-of-using-an-ai-cartoon-generator\">Korzy\u015bci z korzystania z generatora kresk\u00f3wek AI<\/a><\/li><li><a href=\"#when-to-use-an-ai-cartoon-generator\">Kiedy u\u017cywa\u0107 generatora kresk\u00f3wek AI?<\/a><\/li><li><a href=\"#who-should-use-an-ai-cartoon-generator\">Kto powinien korzysta\u0107 z generatora kresk\u00f3wek AI?<\/a><\/li><li><a href=\"#comparison-of-ai-cartoon-generators\">Por\u00f3wnanie generator\u00f3w kresk\u00f3wek AI<\/a><\/li><li><a href=\"#faq\">FAQ<\/a><\/li><\/ul><\/nav><\/div>\n\n\n\n<h3 class=\"wp-block-heading\" id=\"what-is-an-ai-cartoon-generator\">Czym jest generator kresk\u00f3wek AI?<\/h3>\n\n\n\n<p class=\"\">Generator kresk\u00f3wek AI to narz\u0119dzie programowe, kt\u00f3re wykorzystuje sztuczn\u0105 inteligencj\u0119 do przekszta\u0142cania zdj\u0119\u0107 w kresk\u00f3wki. Korzystaj\u0105c z zaawansowanych algorytm\u00f3w i uczenia maszynowego, narz\u0119dzia te mog\u0105 kreskowa\u0107 obraz, tworz\u0105c unikalne i spersonalizowane postacie z kresk\u00f3wek lub awatary ze zdj\u0119\u0107.<\/p>\n\n\n\n<h3 class=\"wp-block-heading\" id=\"why-use-an-ai-cartoon-generator\">Dlaczego warto korzysta\u0107 z generatora kresk\u00f3wek AI?<\/h3>\n\n\n\n<p class=\"\">Generatory kresk\u00f3wek AI zyska\u0142y popularno\u015b\u0107 dzi\u0119ki mo\u017cliwo\u015bci szybkiego przekszta\u0142cania zdj\u0119\u0107 w kresk\u00f3wki przy minimalnym wysi\u0142ku. Oferuj\u0105 one zabawny spos\u00f3b tworzenia kresk\u00f3wkowych obraz\u00f3w do medi\u00f3w spo\u0142eczno\u015bciowych, zdj\u0119\u0107 profilowych lub po prostu dla w\u0142asnej przyjemno\u015bci.<\/p>\n\n\n\n<h3 class=\"wp-block-heading\" id=\"benefits-of-using-an-ai-cartoon-generator\">Korzy\u015bci z korzystania z generatora kresk\u00f3wek AI<\/h3>\n\n\n\n<ol class=\"wp-block-list\">\n<li class=\"\"><strong>\u0141atwy w u\u017cyciu:<\/strong> Wi\u0119kszo\u015b\u0107 generator\u00f3w kresk\u00f3wek AI wymaga zaledwie kilku klikni\u0119\u0107, aby przekszta\u0142ci\u0107 zdj\u0119cie w kresk\u00f3wk\u0119.<\/li>\n\n\n\n<li class=\"\"><strong>Szybkie przetwarzanie:<\/strong> Algorytmy AI mog\u0105 szybko przetwarza\u0107 obrazy, zapewniaj\u0105c niemal natychmiastowe wyniki.<\/li>\n\n\n\n<li class=\"\"><strong>Wysoka jako\u015b\u0107:<\/strong> Wygenerowane obrazy z kresk\u00f3wek s\u0105 cz\u0119sto wysokiej jako\u015bci i nadaj\u0105 si\u0119 do r\u00f3\u017cnych zastosowa\u0144.<\/li>\n\n\n\n<li class=\"\"><strong>Personalizacja:<\/strong> Wiele narz\u0119dzi umo\u017cliwia dostosowanie styl\u00f3w kresk\u00f3wek, dzi\u0119ki czemu ka\u017cdy obraz jest wyj\u0105tkowy.<\/li>\n\n\n\n<li class=\"\"><strong>Darmowe opcje:<\/strong> Liczne narz\u0119dzia online oferuj\u0105 bezp\u0142atne us\u0142ugi konwersji zdj\u0119\u0107 na kresk\u00f3wki.<\/li>\n<\/ol>\n\n\n\n<h3 class=\"wp-block-heading\" id=\"when-to-use-an-ai-cartoon-generator\">Kiedy u\u017cywa\u0107 generatora kresk\u00f3wek AI?<\/h3>\n\n\n\n<p class=\"\">Generatory kresk\u00f3wek AI s\u0105 idealne dla:<\/p>\n\n\n\n<ul class=\"wp-block-list\">\n<li class=\"\"><strong>Tworzenie tre\u015bci w mediach spo\u0142eczno\u015bciowych:<\/strong> Anga\u017cuj\u0105ce i unikalne obrazy z kresk\u00f3wek mog\u0105 uatrakcyjni\u0107 posty w mediach spo\u0142eczno\u015bciowych.<\/li>\n\n\n\n<li class=\"\"><strong>Tworzenie zdj\u0119\u0107 profilowych:<\/strong> Kresk\u00f3wkowe profile wyr\u00f3\u017cniaj\u0105 si\u0119 i dodaj\u0105 osobistego charakteru.<\/li>\n\n\n\n<li class=\"\"><strong>Zabawne projekty:<\/strong> Zamiana w kresk\u00f3wk\u0119 dla zabawy lub kreatywnych projekt\u00f3w.<\/li>\n\n\n\n<li class=\"\"><strong>Zastosowanie profesjonalne:<\/strong> Ilustratorzy i projektanci mog\u0105 u\u017cywa\u0107 tych narz\u0119dzi do szybkiego generowania kresk\u00f3wkowych obraz\u00f3w.<\/li>\n<\/ul>\n\n\n\n<h3 class=\"wp-block-heading\" id=\"who-should-use-an-ai-cartoon-generator\">Kto powinien korzysta\u0107 z generatora kresk\u00f3wek AI?<\/h3>\n\n\n\n<p class=\"\">Generatory kresk\u00f3wek AI s\u0105 odpowiednie dla:<\/p>\n\n\n\n<ul class=\"wp-block-list\">\n<li class=\"\"><strong>Osoby fizyczne:<\/strong> Ka\u017cdy, kto chce stworzy\u0107 kresk\u00f3wkow\u0105 wersj\u0119 swojego zdj\u0119cia.<\/li>\n\n\n\n<li class=\"\"><strong>Wp\u0142ywowi w mediach spo\u0142eczno\u015bciowych:<\/strong> Tworzenie anga\u017cuj\u0105cych tre\u015bci.<\/li>\n\n\n\n<li class=\"\"><strong>Firmy:<\/strong> Dla unikalnych materia\u0142\u00f3w marketingowych.<\/li>\n\n\n\n<li class=\"\"><strong>Arty\u015bci i projektanci:<\/strong> Szybkie generowanie pomys\u0142\u00f3w na kresk\u00f3wki.<\/li>\n\n\n\n<li class=\"\"><strong>Tw\u00f3rcy tre\u015bci:<\/strong> Za dodanie zabawnego elementu do ich tre\u015bci.<\/li>\n<\/ul>\n\n\n\n<h3 class=\"wp-block-heading\" id=\"comparison-of-ai-cartoon-generators\">Por\u00f3wnanie generator\u00f3w kresk\u00f3wek AI<\/h3>\n\n\n\n<figure class=\"wp-block-table\"><table class=\"has-fixed-layout\"><thead><tr><th>Narz\u0119dzie<\/th><th>Plusy<\/th><th>Wady<\/th><th>Cechy<\/th><th>Zalecenia<\/th><\/tr><\/thead><tbody><tr><td><a href=\"https:\/\/aiartfree.online\/pl\/generator-kreskowek-ai\/\" target=\"_blank\" data-type=\"link\" data-id=\"https:\/\/aiartfree.online\/ai-cartoon-generator\/\" rel=\"noreferrer noopener\">Generator kresk\u00f3wek AI<\/a><\/td><td>\u0141atwy w u\u017cyciu, darmowy<\/td><td>Ograniczona personalizacja<\/td><td>Zdj\u0119cie do kresk\u00f3wki, r\u00f3\u017cne style<\/td><td>Dobry do podstawowych zastosowa\u0144<\/td><\/tr><tr><td>ToonMe<\/td><td>Wysoka jako\u015b\u0107, szybko\u015b\u0107<\/td><td>Znak wodny w wersji darmowej<\/td><td>R\u00f3\u017cne style kresk\u00f3wek, szybkie przetwarzanie<\/td><td>Najlepsze dla obraz\u00f3w wysokiej jako\u015bci<\/td><\/tr><tr><td>Photo Lab<\/td><td>Wiele efekt\u00f3w<\/td><td>Reklamy w wersji darmowej<\/td><td>Wiele efekt\u00f3w i filtr\u00f3w<\/td><td>\u015awietny do r\u00f3\u017cnych efekt\u00f3w<\/td><\/tr><tr><td>PicsArt<\/td><td>Wszechstronno\u015b\u0107, wiele narz\u0119dzi<\/td><td>Wymaga zalogowania<\/td><td>Edycja zdj\u0119\u0107, efekty kresk\u00f3wkowe<\/td><td>Najlepsze dla zaawansowanych u\u017cytkownik\u00f3w<\/td><\/tr><tr><td>BeFunky<\/td><td>\u0141atwy w u\u017cyciu<\/td><td>Ograniczone bezp\u0142atne funkcje<\/td><td>Prosta edycja, efekty kresk\u00f3wkowe<\/td><td>Dobry dla pocz\u0105tkuj\u0105cych<\/td><\/tr><tr><td>Efekty g\u0142\u0119bokiej sztuki<\/td><td>Wysoka jako\u015b\u0107<\/td><td>Wymaga p\u0142atno\u015bci za HD<\/td><td>Style graficzne generowane przez SI<\/td><td>Najlepsze dla wysokiej jako\u015bci wynik\u00f3w<\/td><\/tr><tr><td>Prisma<\/td><td>Stylowe wyniki<\/td><td>Ograniczone bezp\u0142atne style<\/td><td>R\u00f3\u017cne filtry artystyczne<\/td><td>\u015awietny do styl\u00f3w artystycznych<\/td><\/tr><tr><td>Painnt<\/td><td>Wiele styl\u00f3w<\/td><td>Znak wodny w wersji darmowej<\/td><td>Filtry i style artystyczne<\/td><td>Najlepsze dla r\u00f3\u017cnorodno\u015bci artystycznej<\/td><\/tr><tr><td>LunaPic<\/td><td>Darmowy, wszechstronny<\/td><td>Przestarza\u0142y interfejs<\/td><td>Wiele efekt\u00f3w i narz\u0119dzi<\/td><td>Najlepsze do bezp\u0142atnego u\u017cytku<\/td><\/tr><tr><td>Fotor<\/td><td>\u0141atwy w u\u017cyciu, wszechstronny<\/td><td>Ograniczone bezp\u0142atne funkcje<\/td><td>Narz\u0119dzia do edycji, efekty kresk\u00f3wkowe<\/td><td>Najlepsze do og\u00f3lnego u\u017cytku<\/td><\/tr><\/tbody><\/table><\/figure>\n\n\n\n<h3 class=\"wp-block-heading\" id=\"faq\">FAQ<\/h3>\n\n\n\n<p class=\"\"><strong>1. Co to jest generator kresk\u00f3wek AI?<\/strong><br>Generator kresk\u00f3wek AI to narz\u0119dzie wykorzystuj\u0105ce sztuczn\u0105 inteligencj\u0119 do przekszta\u0142cania zdj\u0119\u0107 w obrazy z kresk\u00f3wek.<\/p>\n\n\n\n<p class=\"\"><strong>2. Jak dzia\u0142a generator kresk\u00f3wek AI?<\/strong><br>Wykorzystuje algorytmy uczenia maszynowego do analizowania i przekszta\u0142cania cech zdj\u0119\u0107 w obrazy przypominaj\u0105ce kresk\u00f3wki.<\/p>\n\n\n\n<p class=\"\"><strong>3. Czy generatory kresk\u00f3wek AI s\u0105 darmowe?<\/strong><br>Wiele narz\u0119dzi oferuje darmowe wersje z podstawowymi funkcjami, cho\u0107 niekt\u00f3re mog\u0105 mie\u0107 opcje premium.<\/p>\n\n\n\n<p class=\"\"><strong>4. Jakie s\u0105 najlepsze generatory kresk\u00f3wek AI?<\/strong><br>Niekt\u00f3re z najlepszych narz\u0119dzi to ToonMe, Photo Lab i Prisma.<\/p>\n\n\n\n<p class=\"\"><strong>5. Czy mog\u0119 dostosowa\u0107 style kresk\u00f3wek?<\/strong><br>Tak, wiele narz\u0119dzi pozwala na dostosowanie styl\u00f3w kresk\u00f3wek.<\/p>\n\n\n\n<p class=\"\"><strong>6. Czy korzystanie z internetowych generator\u00f3w kresk\u00f3wek AI jest bezpieczne?<\/strong><br>Wi\u0119kszo\u015b\u0107 renomowanych narz\u0119dzi jest bezpieczna, ale zawsze nale\u017cy sprawdzi\u0107 polityk\u0119 bezpiecze\u0144stwa i prywatno\u015bci.<\/p>\n\n\n\n<p class=\"\"><strong>7. Czy mog\u0119 u\u017cywa\u0107 generator\u00f3w kresk\u00f3wek AI do cel\u00f3w komercyjnych?<\/strong><br>Zale\u017cy to od warunk\u00f3w korzystania z narz\u0119dzia; niekt\u00f3re zezwalaj\u0105 na wykorzystanie komercyjne, podczas gdy inne nie.<\/p>\n\n\n\n<p class=\"\"><strong>8. Jak d\u0142ugo trwa rysowanie zdj\u0119cia?<\/strong><br>Czasy przetwarzania r\u00f3\u017cni\u0105 si\u0119, ale generalnie s\u0105 szybkie, cz\u0119sto zaledwie kilka sekund.<\/p>\n\n\n\n<p class=\"\"><strong>9. Czy generatory kresk\u00f3wek AI mog\u0105 dzia\u0142a\u0107 na dowolnym zdj\u0119ciu?<\/strong><br>Najlepiej sprawdzaj\u0105 si\u0119 na wyra\u017anych zdj\u0119ciach wysokiej jako\u015bci.<\/p>\n\n\n\n<p class=\"\"><strong>10. Jaki jest najlepszy generator kresk\u00f3wek AI dla pocz\u0105tkuj\u0105cych?<\/strong><br>BeFunky i Cartoonify to \u015bwietne opcje dla pocz\u0105tkuj\u0105cych ze wzgl\u0119du na ich prostot\u0119 i \u0142atwo\u015b\u0107 u\u017cycia.<\/p>\n\n\n\n<p class=\"\">Korzystanie z generatora kresk\u00f3wek AI to zabawny i \u0142atwy spos\u00f3b na tworzenie unikalnych i anga\u017cuj\u0105cych obraz\u00f3w kresk\u00f3wkowych ze zdj\u0119\u0107. Niezale\u017cnie od tego, czy chcesz tworzy\u0107 tre\u015bci do medi\u00f3w spo\u0142eczno\u015bciowych, unikalne zdj\u0119cie profilowe, czy po prostu dobrze si\u0119 bawi\u0107, narz\u0119dzia te oferuj\u0105 szereg funkcji spe\u0142niaj\u0105cych Twoje potrzeby. <\/p>\n\n\n\n<p class=\"\">W razie dalszych pyta\u0144 prosimy o kontakt <a href=\"https:\/\/chatgpt4o.space\/\" data-type=\"link\" data-id=\"https:\/\/chatgpt4o.space\/\" target=\"_blank\" rel=\"noreferrer noopener\">darmowy czat onlineGPT 4o mini<\/a><\/p>","protected":false},"excerpt":{"rendered":"<p>Before vs After How to use AI Cartoon Generator *&nbsp;Depending on your internet speed, loading the model may take a few seconds.* There will be caching during continuous generation, and the new image will appear after about 3 seconds. Introduction of AI Cartoon Generator Creating cartoon versions of photos has become a popular trend in &#8230; <a title=\"Generator kresk\u00f3wek AI\" class=\"read-more\" href=\"https:\/\/aiartfree.online\/pl\/generator-kreskowek-ai\/\" aria-label=\"Read more about AI Cartoon Generator\">Dowiedz si\u0119 wi\u0119cej<\/a><\/p>","protected":false},"author":1,"featured_media":2875,"parent":0,"menu_order":0,"comment_status":"open","ping_status":"closed","template":"","meta":{"nf_dc_page":"","footnotes":""},"class_list":["post-2941","page","type-page","status-publish","has-post-thumbnail"],"jetpack_sharing_enabled":true,"_links":{"self":[{"href":"https:\/\/aiartfree.online\/pl\/wp-json\/wp\/v2\/pages\/2941","targetHints":{"allow":["GET"]}}],"collection":[{"href":"https:\/\/aiartfree.online\/pl\/wp-json\/wp\/v2\/pages"}],"about":[{"href":"https:\/\/aiartfree.online\/pl\/wp-json\/wp\/v2\/types\/page"}],"author":[{"embeddable":true,"href":"https:\/\/aiartfree.online\/pl\/wp-json\/wp\/v2\/users\/1"}],"replies":[{"embeddable":true,"href":"https:\/\/aiartfree.online\/pl\/wp-json\/wp\/v2\/comments?post=2941"}],"version-history":[{"count":0,"href":"https:\/\/aiartfree.online\/pl\/wp-json\/wp\/v2\/pages\/2941\/revisions"}],"wp:featuredmedia":[{"embeddable":true,"href":"https:\/\/aiartfree.online\/pl\/wp-json\/wp\/v2\/media\/2875"}],"wp:attachment":[{"href":"https:\/\/aiartfree.online\/pl\/wp-json\/wp\/v2\/media?parent=2941"}],"curies":[{"name":"wp","href":"https:\/\/api.w.org\/{rel}","templated":true}]}}