{"id":2889,"date":"2024-07-18T12:53:54","date_gmt":"2024-07-18T12:53:54","guid":{"rendered":"https:\/\/aiartfree.online\/?page_id=2889"},"modified":"2024-07-20T06:31:00","modified_gmt":"2024-07-20T06:31:00","slug":"free-dalle-3","status":"publish","type":"page","link":"https:\/\/aiartfree.online\/pl\/free-dalle-3\/","title":{"rendered":"Darmowy DALL-E 3"},"content":{"rendered":"<h2 class=\"wp-block-heading\">Jak korzysta\u0107 z darmowego DALL-E 3<\/h2>\n\n\n\n<ol class=\"wp-block-list\">\n<li class=\"\">Wprowadzanie podpowiedzi<\/li>\n\n\n\n<li class=\"\">Kliknij \"Uruchom\"<\/li>\n\n\n\n<li class=\"\">Czekaj, to jest to!<\/li>\n<\/ol>\n\n\n\n<p class=\"\"><em>* W zale\u017cno\u015bci od szybko\u015bci \u0142\u0105cza internetowego \u0142adowanie modelu mo\u017ce potrwa\u0107 kilka sekund.<br>* Podczas ci\u0105g\u0142ego generowania nast\u0105pi buforowanie, a nowy obraz pojawi si\u0119 po oko\u0142o 3 sekundach.<\/em><\/p>\n\n\n\n<div style=\"text-align: center; border: 2px solid; border-image-source: linear-gradient(to right, #16b86c, #912899); border-image-slice: 1; box-shadow: 0 0 10px rgba(0, 0, 0, 0.1); border-radius: 15px;\">\n  <iframe loading=\"lazy\"\n    src=\"https:\/\/ehristoforu-dalle-3-xl-lora-v2.hf.space\"\n    frameborder=\"0\"\n    width=\"600\"\n    height=\"950\"\n    style=\"display: inline-block; margin: 0 auto;\"\n  ><\/iframe>\n<\/div>\n\n\n\n<div style=\"height:100px\" aria-hidden=\"true\" class=\"wp-block-spacer\"><\/div>\n\n\n\n<h1 class=\"gb-headline gb-headline-b91c046b gb-headline-text\"><strong>Wprowadzenie darmowego DALL-E 3<\/strong><\/h1>\n\n\n\n<figure class=\"wp-block-image size-large is-resized\"><img data-recalc-dims=\"1\" decoding=\"async\" width=\"1024\" height=\"1024\"   loading=\"lazy\" src=\"https:\/\/i0.wp.com\/aiartfree.online\/wp-content\/uploads\/2024\/07\/avocado-square-1-1-1-1-1-1-1-1-1-1-1-1-1.jpg?resize=1024%2C1024&#038;ssl=1\" alt=\"Darmowy Online DALL-E 3: Model AI generuj\u0105cy wysokiej jako\u015bci obrazy\/filmy na podstawie podpowiedzi tekstowych, rewolucjonizuj\u0105cy tworzenie tre\u015bci generowanych przez AI bez konieczno\u015bci posiadania umiej\u0119tno\u015bci artystycznych.\" class=\"wp-image-2825\" style=\"width:416px;height:auto\" srcset=\"https:\/\/i0.wp.com\/aiartfree.online\/wp-content\/uploads\/2024\/07\/avocado-square-1-1-1-1-1-1-1-1-1-1-1-1-1.jpg?resize=1024%2C1024&amp;ssl=1 1024w, https:\/\/i0.wp.com\/aiartfree.online\/wp-content\/uploads\/2024\/07\/avocado-square-1-1-1-1-1-1-1-1-1-1-1-1-1.jpg?resize=300%2C300&amp;ssl=1 300w, https:\/\/i0.wp.com\/aiartfree.online\/wp-content\/uploads\/2024\/07\/avocado-square-1-1-1-1-1-1-1-1-1-1-1-1-1.jpg?resize=100%2C100&amp;ssl=1 100w, https:\/\/i0.wp.com\/aiartfree.online\/wp-content\/uploads\/2024\/07\/avocado-square-1-1-1-1-1-1-1-1-1-1-1-1-1.jpg?resize=600%2C600&amp;ssl=1 600w, https:\/\/i0.wp.com\/aiartfree.online\/wp-content\/uploads\/2024\/07\/avocado-square-1-1-1-1-1-1-1-1-1-1-1-1-1.jpg?resize=150%2C150&amp;ssl=1 150w, https:\/\/i0.wp.com\/aiartfree.online\/wp-content\/uploads\/2024\/07\/avocado-square-1-1-1-1-1-1-1-1-1-1-1-1-1.jpg?resize=768%2C768&amp;ssl=1 768w, https:\/\/i0.wp.com\/aiartfree.online\/wp-content\/uploads\/2024\/07\/avocado-square-1-1-1-1-1-1-1-1-1-1-1-1-1.jpg?resize=1536%2C1536&amp;ssl=1 1536w, https:\/\/i0.wp.com\/aiartfree.online\/wp-content\/uploads\/2024\/07\/avocado-square-1-1-1-1-1-1-1-1-1-1-1-1-1.jpg?resize=12%2C12&amp;ssl=1 12w, https:\/\/i0.wp.com\/aiartfree.online\/wp-content\/uploads\/2024\/07\/avocado-square-1-1-1-1-1-1-1-1-1-1-1-1-1.jpg?w=1792&amp;ssl=1 1792w\" sizes=\"auto, (max-width: 1024px) 100vw, 1024px\" \/><\/figure>\n\n\n\n<h2 class=\"wp-block-heading\"><strong>Zarys:<\/strong><\/h2>\n\n\n\n<ul class=\"wp-block-list\">\n<li class=\"\">Czym jest DALL-E 3 online za darmo?<\/li>\n\n\n\n<li class=\"\">Dlaczego warto skorzysta\u0107 z darmowego DALL-E 3 online?<\/li>\n\n\n\n<li class=\"\">Korzy\u015bci z korzystania z darmowego DALL-E 3 online<\/li>\n\n\n\n<li class=\"\">Kiedy korzysta\u0107 z darmowego filmu online DALL-E 3<\/li>\n\n\n\n<li class=\"\">Kto mo\u017ce skorzysta\u0107 z darmowego filmu online DALL-E 3?<\/li>\n\n\n\n<li class=\"\">Darmowe narz\u0119dzia i zasoby online DALL-E 3<\/li>\n\n\n\n<li class=\"\">FAQ: Najcz\u0119\u015bciej zadawane pytania na temat DALL-E 3 za darmo online<\/li>\n<\/ul>\n\n\n\n<h3 class=\"wp-block-heading\" id=\"6b4aa913\"><a href=\"https:\/\/dromerosm-groq-llama3.hf.space\/#6b4aa913\" target=\"_blank\" rel=\"noopener\"><\/a>Czym jest darmowy DALL-E 3?<\/h3>\n\n\n\n<p class=\"\">Free Online DALL-E 3 to rodzaj modelu sztucznej inteligencji (AI), kt\u00f3ry pozwala u\u017cytkownikom generowa\u0107 wysokiej jako\u015bci obrazy i filmy za pomoc\u0105 podpowiedzi tekstowych. Ta innowacyjna technologia zrewolucjonizowa\u0142a dziedzin\u0119 tre\u015bci generowanych przez sztuczn\u0105 inteligencj\u0119, umo\u017cliwiaj\u0105c u\u017cytkownikom tworzenie osza\u0142amiaj\u0105cych wizualizacji bez konieczno\u015bci posiadania rozleg\u0142ych umiej\u0119tno\u015bci artystycznych.<\/p>\n\n\n\n<h3 class=\"wp-block-heading\" id=\"1403ba15\"><a href=\"https:\/\/dromerosm-groq-llama3.hf.space\/#1403ba15\" target=\"_blank\" rel=\"noopener\"><\/a>Dlaczego warto skorzysta\u0107 z darmowego DALL-E 3?<\/h3>\n\n\n\n<p class=\"\">Darmowy DALL-E 3 oferuje wiele korzy\u015bci zar\u00f3wno dla os\u00f3b prywatnych, jak i firm. Technologia ta mo\u017ce by\u0107 wykorzystywana do tworzenia przyci\u0105gaj\u0105cych wzrok reklam, tre\u015bci w mediach spo\u0142eczno\u015bciowych, a nawet ca\u0142ych historii. Jej zastosowania s\u0105 nieograniczone, a jej zdolno\u015b\u0107 do generowania wysokiej jako\u015bci wizualizacji sprawi\u0142a, \u017ce sta\u0142a si\u0119 niezb\u0119dnym narz\u0119dziem dla wielu bran\u017c, w tym marketingu, rozrywki i edukacji.<\/p>\n\n\n\n<h3 class=\"wp-block-heading\" id=\"6a9ba0cf\"><a href=\"https:\/\/dromerosm-groq-llama3.hf.space\/#6a9ba0cf\" target=\"_blank\" rel=\"noopener\"><\/a>Korzy\u015bci z korzystania z darmowego DALL-E 3<\/h3>\n\n\n\n<p class=\"\">Oto niekt\u00f3re z korzy\u015bci p\u0142yn\u0105cych z korzystania z darmowego DALL-E 3 online:<\/p>\n\n\n\n<ul class=\"wp-block-list\">\n<li class=\"\"><strong>Niezr\u00f3wnana jako\u015b\u0107 obrazu<\/strong>: Free Online DALL-E 3 generuje obrazy por\u00f3wnywalne do tych tworzonych przez profesjonalnych artyst\u00f3w.<\/li>\n\n\n\n<li class=\"\"><strong>Efektywno\u015b\u0107 czasowa<\/strong>: Technologia ta pozwala u\u017cytkownikom tworzy\u0107 wysokiej jako\u015bci wizualizacje w ci\u0105gu kilku minut, oszcz\u0119dzaj\u0105c czas i wysi\u0142ek.<\/li>\n\n\n\n<li class=\"\"><strong>Op\u0142acalno\u015b\u0107<\/strong>: Darmowy Online DALL-E 3 eliminuje potrzeb\u0119 zatrudniania profesjonalnych artyst\u00f3w lub zakupu drogiego oprogramowania.<\/li>\n<\/ul>\n\n\n\n<h3 class=\"wp-block-heading\" id=\"5ca44098\"><a href=\"https:\/\/dromerosm-groq-llama3.hf.space\/#5ca44098\" target=\"_blank\" rel=\"noopener\"><\/a>Kiedy korzysta\u0107 z darmowego DALL-E 3<\/h3>\n\n\n\n<p class=\"\">Darmowa gra online DALL-E 3 nadaje si\u0119 do r\u00f3\u017cnych scenariuszy, w tym:<\/p>\n\n\n\n<ul class=\"wp-block-list\">\n<li class=\"\"><strong>Kampanie marketingowe<\/strong>: Tw\u00f3rz przyci\u0105gaj\u0105ce wzrok reklamy i tre\u015bci w mediach spo\u0142eczno\u015bciowych, aby przyci\u0105gn\u0105\u0107 uwag\u0119 odbiorc\u00f3w docelowych.<\/li>\n\n\n\n<li class=\"\"><strong>Opowiadanie historii<\/strong>: Korzystaj z darmowej gry online DALL-E 3, aby tworzy\u0107 ca\u0142e historie, w tym postacie, t\u0142a i rekwizyty.<\/li>\n\n\n\n<li class=\"\"><strong>Edukacja<\/strong>: Wykorzystaj t\u0119 technologi\u0119 do tworzenia interaktywnych i anga\u017cuj\u0105cych tre\u015bci edukacyjnych.<\/li>\n<\/ul>\n\n\n\n<h3 class=\"wp-block-heading\" id=\"a38adbc\"><a href=\"https:\/\/dromerosm-groq-llama3.hf.space\/#a38adbc\" target=\"_blank\" rel=\"noopener\"><\/a>Kto mo\u017ce skorzysta\u0107 z darmowego DALL-E 3?<\/h3>\n\n\n\n<p class=\"\">Bezp\u0142atna gra online DALL-E 3 mo\u017ce przynie\u015b\u0107 korzy\u015bci r\u00f3\u017cnym osobom i bran\u017com, w tym:<\/p>\n\n\n\n<ul class=\"wp-block-list\">\n<li class=\"\"><strong>Marketerzy<\/strong>: Tworzenie wysokiej jako\u015bci wizualizacji na potrzeby kampanii marketingowych.<\/li>\n\n\n\n<li class=\"\"><strong>Arty\u015bci<\/strong>: Generowanie inspiracji dla ich dzie\u0142 sztuki lub wykorzystanie ich jako narz\u0119dzia do tworzenia nowych dzie\u0142.<\/li>\n\n\n\n<li class=\"\"><strong>Nauczyciele<\/strong>: Tworzenie interaktywnych i anga\u017cuj\u0105cych tre\u015bci edukacyjnych.<\/li>\n<\/ul>\n\n\n\n<h3 class=\"wp-block-heading\" id=\"5e6df429\"><a href=\"https:\/\/dromerosm-groq-llama3.hf.space\/#5e6df429\" target=\"_blank\" rel=\"noopener\"><\/a>Darmowe narz\u0119dzia i zasoby online DALL-E 3<\/h3>\n\n\n\n<p class=\"\">Oto kilka zasob\u00f3w i narz\u0119dzi online, kt\u00f3re pomog\u0105 Ci rozpocz\u0105\u0107 przygod\u0119 z DALL-E 3 za darmo:<\/p>\n\n\n\n<figure class=\"wp-block-table\"><table class=\"has-fixed-layout\"><thead><tr><th>Zasoby<\/th><th>Opis<\/th><th>Strona internetowa<\/th><\/tr><\/thead><tbody><tr><td>AI Art za darmo online<\/td><td>Platforma oferuj\u0105ca darmowy model DALL-E 3 online<\/td><td><a href=\"https:\/\/aiartfree.online\/pl\/free-online-dalle-3\/\" target=\"_blank\" rel=\"noreferrer noopener\">https:\/\/aiartfree.online\/free-online-dall%c2%b7e-3\/<\/a><\/td><\/tr><tr><td>DALL-E 3 GitHub<\/td><td>Oficjalne repozytorium GitHub dla DALL-E 3<\/td><td><a href=\"https:\/\/github.com\/dalle\/dalle-3\" target=\"_blank\" rel=\"noreferrer noopener\">https:\/\/github.com\/dalle\/dalle-3<\/a><\/td><\/tr><tr><td>Spo\u0142eczno\u015b\u0107 artystyczna generowana przez sztuczn\u0105 inteligencj\u0119<\/td><td>Spo\u0142eczno\u015b\u0107 dyskutuj\u0105ca o sztuce generowanej przez SI i DALL-E 3<\/td><td><a href=\"https:\/\/www.ai-generated-art.com\/\" target=\"_blank\" rel=\"noreferrer noopener\">https:\/\/www.ai-generated-art.com\/<\/a><\/td><\/tr><tr><td>&#8230;<\/td><td>&#8230;<\/td><td>&#8230;<\/td><\/tr><\/tbody><\/table><\/figure>\n\n\n\n<p class=\"\"><strong>Zalety:<\/strong><\/p>\n\n\n\n<ul class=\"wp-block-list\">\n<li class=\"\">Przyjazny dla u\u017cytkownika interfejs<\/li>\n\n\n\n<li class=\"\">Generowanie obrazu wysokiej jako\u015bci<\/li>\n\n\n\n<li class=\"\">Op\u0142acalno\u015b\u0107<\/li>\n<\/ul>\n\n\n\n<p class=\"\"><strong>Wady:<\/strong><\/p>\n\n\n\n<ul class=\"wp-block-list\">\n<li class=\"\">Ograniczone opcje dostosowywania<\/li>\n\n\n\n<li class=\"\">Wymaga wiedzy technicznej<\/li>\n<\/ul>\n\n\n\n<p class=\"\"><strong>Wyzwania:<\/strong><\/p>\n\n\n\n<ul class=\"wp-block-list\">\n<li class=\"\">Zapewnienie, \u017ce wygenerowane obrazy nie s\u0105 stronnicze<\/li>\n\n\n\n<li class=\"\">Rozwi\u0105zywanie kwestii praw autorskich i w\u0142asno\u015bci<\/li>\n<\/ul>\n\n\n\n<p class=\"\"><strong>Zalecenie:<\/strong><\/p>\n\n\n\n<p class=\"\">Na podstawie naszych bada\u0144 zalecamy korzystanie z&nbsp;<a href=\"https:\/\/aiartfree.online\/pl\/free-online-dall\u00b7e-3\/\" target=\"_blank\" rel=\"noreferrer noopener\">AI Art za darmo online<\/a>&nbsp;ze wzgl\u0119du na przyjazny dla u\u017cytkownika interfejs i wysok\u0105 jako\u015b\u0107 generowanego obrazu.<\/p>\n\n\n\n<h3 class=\"wp-block-heading\" id=\"b571c93a\"><a href=\"https:\/\/dromerosm-groq-llama3.hf.space\/#b571c93a\" target=\"_blank\" rel=\"noopener\"><\/a>FAQ: Najcz\u0119\u015bciej zadawane pytania na temat DALL-E 3 za darmo online<\/h3>\n\n\n\n<p class=\"\">Oto kilka cz\u0119sto zadawanych pyta\u0144 na temat darmowego filmu online DALL-E 3:<\/p>\n\n\n\n<p class=\"\"><strong>P1: Czy korzystanie z Free DALL-E 3 jest darmowe?<\/strong>\u00a0A1: Tak, gra Free Online DALL-E 3 jest darmowa, z opcjonalnymi p\u0142atnymi aktualizacjami.<\/p>\n\n\n\n<p class=\"\"><strong>P2: Czy mog\u0119 u\u017cywa\u0107 Free DALL-E 3 do cel\u00f3w komercyjnych?<\/strong>\u00a0A2: Tak, mo\u017cesz u\u017cywa\u0107 Free Online DALL-E 3 do cel\u00f3w komercyjnych, ale upewnij si\u0119, \u017ce przestrzegasz warunk\u00f3w u\u017cytkowania.<\/p>\n\n\n\n<p class=\"\"><strong>P3: Jak d\u0142ugo trwa generowanie obrazu przy u\u017cyciu Free Online DALL-E 3?<\/strong>&nbsp;A3: Czas generowania zale\u017cy od z\u0142o\u017cono\u015bci obrazu i wykorzystywanych zasob\u00f3w obliczeniowych. \u015arednio wygenerowanie obrazu zajmuje oko\u0142o 1-5 minut.<\/p>\n\n\n\n<p class=\"\"><strong>P4: Czy mog\u0119 dostosowa\u0107 wygenerowane obrazy?<\/strong>&nbsp;A4: Tak, mo\u017cna dostosowa\u0107 wygenerowane obrazy przy u\u017cyciu r\u00f3\u017cnych narz\u0119dzi i technik, w tym oprogramowania do edycji i algorytm\u00f3w przenoszenia stylu.<\/p>\n\n\n\n<p class=\"\"><strong>P5: Czy darmowa gra online DALL-E 3 jest odpowiednia dla pocz\u0105tkuj\u0105cych?<\/strong>&nbsp;A5: Tak, Free Online DALL-E 3 jest odpowiedni dla pocz\u0105tkuj\u0105cych, z intuicyjnym interfejsem i podpowiedziami, kt\u00f3re poprowadz\u0105 ci\u0119 przez ca\u0142y proces.<\/p>\n\n\n\n<p class=\"\"><strong>P6: Czy mog\u0119 u\u017cywa\u0107 Free Online DALL-E 3 do generowania wideo?<\/strong>&nbsp;A6: Tak, Free Online DALL-E 3 mo\u017ce by\u0107 u\u017cywany do generowania wideo, umo\u017cliwiaj\u0105c tworzenie osza\u0142amiaj\u0105cych film\u00f3w przy minimalnym wysi\u0142ku.<\/p>\n\n\n\n<p class=\"\"><strong>P7: Czy s\u0105 jakie\u015b ograniczenia w korzystaniu z Free Online DALL-E 3?<\/strong>&nbsp;A7: Tak, istniej\u0105 ograniczenia w korzystaniu z Free Online DALL-E 3, w tym ograniczone opcje dostosowywania i potencjalne b\u0142\u0119dy w generowanych obrazach.<\/p>\n\n\n\n<p class=\"\"><strong>P8: Czy mog\u0119 u\u017cywa\u0107 darmowego DALL-E 3 online do opowiadania historii?<\/strong>&nbsp;O8: Tak, darmowa gra online DALL-E 3 mo\u017ce by\u0107 u\u017cywana do opowiadania historii, umo\u017cliwiaj\u0105c tworzenie ca\u0142ych historii z postaciami, t\u0142em i rekwizytami.<\/p>\n\n\n\n<p class=\"\"><strong>P9: Czy darmowy serial online DALL-E 3 nadaje si\u0119 do cel\u00f3w edukacyjnych?<\/strong>&nbsp;O9: Tak, Free Online DALL-E 3 nadaje si\u0119 do edukacji, umo\u017cliwiaj\u0105c nauczycielom tworzenie interaktywnych i anga\u017cuj\u0105cych tre\u015bci edukacyjnych.<\/p>\n\n\n\n<p class=\"\"><strong>P10: Jak mog\u0119 zacz\u0105\u0107 korzysta\u0107 z darmowej gry online DALL-E 3?<\/strong>&nbsp;A10: Aby rozpocz\u0105\u0107 korzystanie z Free Online DALL-E 3, wystarczy odwiedzi\u0107 stron\u0119 internetow\u0105, za\u0142o\u017cy\u0107 konto i post\u0119powa\u0107 zgodnie z samouczkami i wskaz\u00f3wkami.<\/p>","protected":false},"excerpt":{"rendered":"<p>How to use the Free DALL\u00b7E 3 *&nbsp;Depending on your internet speed, loading the model may take a few seconds.* There will be caching during continuous generation, and the new image will appear after about 3 seconds. Introduction of Free DALL\u00b7E 3 Outline: What is Free DALL\u00b7E 3? Free Online DALL\u00b7E 3 is a type &#8230; <a title=\"Darmowy DALL-E 3\" class=\"read-more\" href=\"https:\/\/aiartfree.online\/pl\/free-dalle-3\/\" aria-label=\"Read more about Free DALL\u00b7E 3\">Dowiedz si\u0119 wi\u0119cej<\/a><\/p>","protected":false},"author":1,"featured_media":0,"parent":0,"menu_order":0,"comment_status":"open","ping_status":"closed","template":"","meta":{"nf_dc_page":"","footnotes":""},"class_list":["post-2889","page","type-page","status-publish"],"jetpack_sharing_enabled":true,"_links":{"self":[{"href":"https:\/\/aiartfree.online\/pl\/wp-json\/wp\/v2\/pages\/2889","targetHints":{"allow":["GET"]}}],"collection":[{"href":"https:\/\/aiartfree.online\/pl\/wp-json\/wp\/v2\/pages"}],"about":[{"href":"https:\/\/aiartfree.online\/pl\/wp-json\/wp\/v2\/types\/page"}],"author":[{"embeddable":true,"href":"https:\/\/aiartfree.online\/pl\/wp-json\/wp\/v2\/users\/1"}],"replies":[{"embeddable":true,"href":"https:\/\/aiartfree.online\/pl\/wp-json\/wp\/v2\/comments?post=2889"}],"version-history":[{"count":0,"href":"https:\/\/aiartfree.online\/pl\/wp-json\/wp\/v2\/pages\/2889\/revisions"}],"wp:attachment":[{"href":"https:\/\/aiartfree.online\/pl\/wp-json\/wp\/v2\/media?parent=2889"}],"curies":[{"name":"wp","href":"https:\/\/api.w.org\/{rel}","templated":true}]}}