{"id":2888,"date":"2024-07-18T11:45:49","date_gmt":"2024-07-18T11:45:49","guid":{"rendered":"https:\/\/aiartfree.online\/?page_id=2888"},"modified":"2025-03-07T08:01:42","modified_gmt":"2025-03-07T08:01:42","slug":"free-online-stable-diffusion-3","status":"publish","type":"page","link":"https:\/\/aiartfree.online\/pl\/darmowa-stabilna-dyfuzja-online-3\/","title":{"rendered":"Bezp\u0142atne Dyfuzja stabilna online 3"},"content":{"rendered":"<h2 class=\"wp-block-heading has-text-align-center\" id=\"what-our-users-made\">Co zrobili nasi u\u017cytkownicy<\/h2>\n\n\n\n<figure class=\"gb-block-image gb-block-image-1822da1f\"><img data-recalc-dims=\"1\" decoding=\"async\" loading=\"lazy\" width=\"1200\" height=\"199\" class=\"gb-image gb-image-1822da1f\" src=\"https:\/\/i0.wp.com\/aiartfree.online\/wp-content\/uploads\/2024\/08\/WX20240802-163255%402x-scaled.webp?resize=1200%2C199&#038;ssl=1\" alt=\"Stable Diffusion 3 to model sztucznej inteligencji, kt\u00f3ry pozwala u\u017cytkownikom generowa\u0107 wysokiej jako\u015bci obrazy za pomoc\u0105 podpowiedzi tekstowych, umo\u017cliwiaj\u0105c u\u017cytkownikom tworzenie wizualizacji bez umiej\u0119tno\u015bci artystycznych.\" title=\"WX20240802-163255@2x\" srcset=\"https:\/\/i0.wp.com\/aiartfree.online\/wp-content\/uploads\/2024\/08\/WX20240802-163255%402x-scaled.webp?w=2560&amp;ssl=1 2560w, https:\/\/i0.wp.com\/aiartfree.online\/wp-content\/uploads\/2024\/08\/WX20240802-163255%402x-scaled.webp?resize=300%2C50&amp;ssl=1 300w, https:\/\/i0.wp.com\/aiartfree.online\/wp-content\/uploads\/2024\/08\/WX20240802-163255%402x-scaled.webp?resize=1024%2C170&amp;ssl=1 1024w, https:\/\/i0.wp.com\/aiartfree.online\/wp-content\/uploads\/2024\/08\/WX20240802-163255%402x-scaled.webp?resize=768%2C127&amp;ssl=1 768w, https:\/\/i0.wp.com\/aiartfree.online\/wp-content\/uploads\/2024\/08\/WX20240802-163255%402x-scaled.webp?resize=1536%2C254&amp;ssl=1 1536w, https:\/\/i0.wp.com\/aiartfree.online\/wp-content\/uploads\/2024\/08\/WX20240802-163255%402x-scaled.webp?resize=2048%2C339&amp;ssl=1 2048w, https:\/\/i0.wp.com\/aiartfree.online\/wp-content\/uploads\/2024\/08\/WX20240802-163255%402x-scaled.webp?resize=18%2C3&amp;ssl=1 18w, https:\/\/i0.wp.com\/aiartfree.online\/wp-content\/uploads\/2024\/08\/WX20240802-163255%402x-scaled.webp?resize=600%2C99&amp;ssl=1 600w, https:\/\/i0.wp.com\/aiartfree.online\/wp-content\/uploads\/2024\/08\/WX20240802-163255%402x-scaled.webp?w=2400&amp;ssl=1 2400w\" sizes=\"auto, (max-width: 1200px) 100vw, 1200px\" \/><\/figure>\n\n\n\n<h2 class=\"wp-block-heading\" id=\"how-to-use-the-free-free-online-stable-diffusion-3\">Jak korzysta\u0107 z darmowego oprogramowania online Stable Diffusion 3<\/h2>\n\n\n\n<ol class=\"wp-block-list\">\n<li class=\"\">Wprowadzanie podpowiedzi<\/li>\n\n\n\n<li class=\"\">Kliknij \"Uruchom\"<\/li>\n\n\n\n<li class=\"\">Czekaj, to jest to!<\/li>\n\n\n\n<li class=\"\">Nie jeste\u015b zadowolony z wyniku? <br>Nie ma problemu! U\u017cyj poni\u017cszego generatora podpowiedzi, aby uzyska\u0107 zrewolucjonizowane podpowiedzi\uff5e<\/li>\n\n\n\n<li class=\"\">Nie masz \u017cadnych my\u015bli w g\u0142owie?<br>\u017baden problem! <a href=\"#maodian\" data-type=\"internal\" data-id=\"#maodian\">Kliknij, aby sprawdzi\u0107 nasz\u0105 Galeri\u0119 Prompt\u00f3w<\/a><\/li>\n<\/ol>\n\n\n\n<p class=\"\">* Zach\u0119camy do wypr\u00f3bowania poni\u017cszych przyk\u0142ad\u00f3w, je\u015bli nie masz jeszcze \u017cadnych pomys\u0142\u00f3w.<\/p>\n\n\n\n<h3 class=\"wp-block-heading\" id=\"prompt-examples\">Przyk\u0142ady podpowiedzi<\/h3>\n\n\n\n<ol style=\"font-size:16px\" class=\"wp-block-list\">\n<li class=\"\">zapieraj\u0105ca dech w piersiach, bardzo szczeg\u00f3\u0142owa ilustracja powie\u015bci graficznej morgana freemana jad\u0105cego na motocyklu harley davidson, mroczna i szorstka<\/li>\n\n\n\n<li class=\"\">Zapieraj\u0105ca dech w piersiach graficzna ilustracja powie\u015bciowa Po\u015br\u00f3d rozleg\u0142ej mg\u0142awicy unosi si\u0119 samotny astronauta, przywi\u0105zany do \u015bwietlistego statku kosmicznego. Promienne gazy mg\u0142awicy ta\u0144cz\u0105 wok\u00f3\u0142, odbijaj\u0105c \u017cywe kolory na skafandrze, tworz\u0105c balet \u015bwiat\u0142a i ruchu.<\/li>\n\n\n\n<li class=\"\">Zapieraj\u0105ca dech w piersiach ilustracja powie\u015bci graficznej Na rozdro\u017cu na postapokaliptycznym pustkowiu w\u0119drowiec z gitar\u0105 wykonan\u0105 ze z\u0142omu \u015bpiewa opowie\u015bci o starym \u015bwiecie. Zmutowane stworzenia gromadz\u0105 si\u0119 wok\u00f3\u0142 ogniska, a ich oczy wype\u0142nione s\u0105 t\u0119sknot\u0105.<\/li>\n\n\n\n<li class=\"\">Zapieraj\u0105ca dech w piersiach ilustracja przedstawiaj\u0105ca dziecko goni\u0105ce kolorowe motyle na t\u0119tni\u0105cej \u017cyciem \u0142\u0105ce.<\/li>\n\n\n\n<li class=\"\">zapieraj\u0105ca dech w piersiach graficzna ilustracja powie\u015bciowa Na pla\u017cy, gdzie fale s\u0105 utkane opowie\u015bciami, gaw\u0119dziarz z krosnem ksi\u0119\u017cycowego \u015bwiat\u0142a tworzy opowie\u015bci z przyp\u0142yw\u00f3w. Muszle szepcz\u0105 legendy, a horyzont jest gobelinem przyg\u00f3d, kt\u00f3re jeszcze nie zosta\u0142y opowiedziane.<\/li>\n\n\n\n<li class=\"\">Zapieraj\u0105ca dech w piersiach ilustracja powie\u015bci graficznej przedstawiaj\u0105ca soko\u0142a szybuj\u0105cego nad pustyni\u0105 w poszukiwaniu zdobyczy.<\/li>\n\n\n\n<li class=\"\">Zapieraj\u0105ca dech w piersiach ilustracja powie\u015bci graficznej G\u0142\u0119boko za ko\u0142em podbiegunowym zorza polarna maluje niebo \u017cywymi odcieniami zieleni, r\u00f3\u017cu i fioletu. \u015anieg poni\u017cej odbija ten taniec \u015bwiate\u0142, a \u015bwiat ogarnia hipnotyzuj\u0105ca symfonia kolor\u00f3w.<\/li>\n\n\n\n<li class=\"\">Zapieraj\u0105ca dech w piersiach ilustracja powie\u015bci graficznej przedstawiaj\u0105ca tatua\u017cyst\u0119 wykonuj\u0105cego skomplikowany wz\u00f3r na plecach klienta.<\/li>\n\n\n\n<li class=\"\">Zapieraj\u0105ca dech w piersiach ilustracja przedstawiaj\u0105ca kobiet\u0119 ubran\u0105 w kolorowe jedwabie, czytaj\u0105c\u0105 karty tarota w o\u015bwietlonym \u015bwiecami namiocie.<\/li>\n\n\n\n<li class=\"\">Zapieraj\u0105ca dech w piersiach ilustracja powie\u015bci graficznej przedstawiaj\u0105ca dw\u00f3ch spelunkowicz\u00f3w mapuj\u0105cych g\u0142\u0119bok\u0105 jaskini\u0119, z pochodniami o\u015bwietlaj\u0105cymi drog\u0119.<\/li>\n<\/ol>\n\n\n\n<figure class=\"gb-block-image gb-block-image-032aac41\"><a href=\"https:\/\/fas.st\/t\/9U4PYbm7\" target=\"_blank\" rel=\"noopener noreferrer\"><img data-recalc-dims=\"1\" decoding=\"async\" loading=\"lazy\" width=\"1200\" height=\"365\" class=\"gb-image gb-image-032aac41\" src=\"https:\/\/i0.wp.com\/aiartfree.online\/wp-content\/uploads\/2025\/03\/WX20250307-115412%402x.webp?resize=1200%2C365&#038;ssl=1\" alt=\"\" title=\"WX20250307-115412@2x\" srcset=\"https:\/\/i0.wp.com\/aiartfree.online\/wp-content\/uploads\/2025\/03\/WX20250307-115412%402x.webp?w=1942&amp;ssl=1 1942w, https:\/\/i0.wp.com\/aiartfree.online\/wp-content\/uploads\/2025\/03\/WX20250307-115412%402x.webp?resize=300%2C91&amp;ssl=1 300w, https:\/\/i0.wp.com\/aiartfree.online\/wp-content\/uploads\/2025\/03\/WX20250307-115412%402x.webp?resize=1024%2C312&amp;ssl=1 1024w, https:\/\/i0.wp.com\/aiartfree.online\/wp-content\/uploads\/2025\/03\/WX20250307-115412%402x.webp?resize=768%2C234&amp;ssl=1 768w, https:\/\/i0.wp.com\/aiartfree.online\/wp-content\/uploads\/2025\/03\/WX20250307-115412%402x.webp?resize=1536%2C467&amp;ssl=1 1536w, https:\/\/i0.wp.com\/aiartfree.online\/wp-content\/uploads\/2025\/03\/WX20250307-115412%402x.webp?resize=18%2C5&amp;ssl=1 18w, https:\/\/i0.wp.com\/aiartfree.online\/wp-content\/uploads\/2025\/03\/WX20250307-115412%402x.webp?resize=600%2C183&amp;ssl=1 600w\" sizes=\"auto, (max-width: 1200px) 100vw, 1200px\" \/><\/a><\/figure>\n\n\n\n<p class=\"\"><em>* W zale\u017cno\u015bci od szybko\u015bci \u0142\u0105cza internetowego \u0142adowanie modelu mo\u017ce potrwa\u0107 kilka sekund.<br>* Podczas ci\u0105g\u0142ego generowania nast\u0105pi buforowanie, a nowy obraz pojawi si\u0119 po oko\u0142o 3 sekundach.<\/em><\/p>\n\n\n\n<div class=\"iframe-wrapper\" style=\"position: relative; width: 100%; height: 1260px;\">\n  <div class=\"loading\" style=\"position: absolute; top: 50px; left: 50%; transform: translate(-50%, -50%); width: 40px; height: 40px; border: 3px solid #f0f0f0; border-top: 3px solid #db7093; border-radius: 50%; animation: spin 1s linear infinite;\"><\/div>\n  <iframe loading=\"lazy\" src=\"https:\/\/prodia-fast-stable-diffusion.hf.space\" frameborder=\"0\" width=\"100%\" height=\"100%\" style=\"position: absolute; top: 0; left: 0; opacity: 0; transition: opacity 0.3s;\" onload=\"this.style.opacity=1;this.previousElementSibling.style.display='none';\"><\/iframe>\n<\/div>\n\n<style>\n@keyframes spin {\n  0% { transform: translate(-50%, -50%) rotate(0deg); }\n  100% { transform: translate(-50%, -50%) rotate(360deg); }\n}\n<\/style>\n\n\n\n<div style=\"text-align: center; border: 2px solid; border-image-source: linear-gradient(to right, #16b86c, #912899); border-image-slice: 1; box-shadow: 0 0 10px rgba(0, 0, 0, 0.1); border-radius: 15px;\">\n  <iframe loading=\"lazy\"\n    src=\"https:\/\/doevent-stable-diffusion-prompt-generator.hf.space\"\n    frameborder=\"0\"\n    width=\"100%\"\n    height=\"900\"\n    style=\"display: inline-block; margin: 0 auto;\"\n  ><\/iframe>\n<\/div>\n\n\n\n<div style=\"height:50px\" aria-hidden=\"true\" class=\"wp-block-spacer\"><\/div>\n\n\n\n<h2 class=\"wp-block-heading has-text-align-center\" id=\"drawing-prompts-gallery-of-stable-diffusion\">Galeria rysunk\u00f3w promuj\u0105cych stabiln\u0105 dyfuzj\u0119<\/h2>\n\n\n\n<h3 class=\"wp-block-heading\" id=\"how-to-use-it\">Jak z niego korzysta\u0107?<\/h3>\n\n\n\n<ol class=\"wp-block-list\">\n<li class=\"\">Kliknij praw\u0105 g\u00f3rn\u0105 ikon\u0119 obrazu, aby powieli\u0107 monit<\/li>\n\n\n\n<li class=\"\">Przewi\u0144 w g\u00f3r\u0119 i wklej sw\u00f3j zrewolucjonizowany monit dla generacji<\/li>\n<\/ol>\n\n\n\n<div style=\"text-align: center; border: 2px solid; border-image-source: linear-gradient(to right, #16b86c, #912899); border-image-slice: 1; box-shadow: 0 0 10px rgba(0, 0, 0, 0.1); border-radius: 15px; position: relative;\">\n  <div id=\"loading\" style=\"position: absolute; top: 100px; left: 50%; transform: translate(-50%, -50%); z-index: 1000;\">\n    <div style=\"width: 50px; height: 50px; border: 5px solid #f3f3f3; border-top: 5px solid #16b86c; border-radius: 50%; animation: spin 1s linear infinite;\"><\/div>\n  <\/div>\n  <iframe loading=\"lazy\"\n    src=\"https:\/\/prithivmlmods-top-prompt-collection.static.hf.space\"\n    frameborder=\"0\"\n    width=\"100%\"\n    height=\"2600\"\n    style=\"display: inline-block; margin: 0 auto;\"\n    onload=\"document.getElementById('loading').style.display='none';\"\n  ><\/iframe>\n<\/div>\n\n<style>\n  @keyframes spin {\n    0% { transform: rotate(0deg); }\n    100% { transform: rotate(360deg); }\n  }\n<\/style>\n\n\n\n<div style=\"height:50px\" aria-hidden=\"true\" class=\"wp-block-spacer\"><\/div>\n\n\n\n<h2 class=\"wp-block-heading\" id=\"introduction-of-free-online-stable-diffusion-3\">Wprowadzenie bezp\u0142atnej stabilnej dyfuzji online 3<\/h2>\n\n\n\n<p class=\"\">Odkryj, jak Free Online Stable Diffusion 3 rewolucjonizuje \u015bwiat sztuki generowanej przez sztuczn\u0105 inteligencj\u0119. Ten przewodnik obejmuje wszystko, co musisz wiedzie\u0107 o tym pot\u0119\u017cnym narz\u0119dziu, od jego definicji i korzy\u015bci po idealnych u\u017cytkownik\u00f3w i cz\u0119sto zadawane pytania.<\/p>\n\n\n\n<div class=\"wp-block-rank-math-toc-block\" id=\"rank-math-toc\"><h3>Spis tre\u015bci<\/h3><nav><ul><li><a href=\"#how-to-use-it\">Jak z niego korzysta\u0107?<\/a><\/li><li><a href=\"#\ufffc-what-is-free-online-stable-diffusion-3\">Czym jest Free Online Stable Diffusion 3?<\/a><\/li><li><a href=\"#\ufffc-why-use-free-online-stable-diffusion-3\">Dlaczego warto korzysta\u0107 z darmowej gry online Stable Diffusion 3?<\/a><\/li><li><a href=\"#\ufffc-benefits-of-using-free-online-stable-diffusion-3\">Korzy\u015bci z korzystania z darmowej stabilnej dyfuzji online 3<\/a><\/li><li><a href=\"#\ufffc-when-to-use-free-online-stable-diffusion-3\">Kiedy korzysta\u0107 z darmowej stabilnej dyfuzji online 3?<\/a><\/li><li><a href=\"#\ufffc-who-can-benefit-from-free-online-stable-diffusion-3\">Kto mo\u017ce skorzysta\u0107 z darmowej stabilnej dyfuzji online 3<\/a><\/li><li><a href=\"#\ufffc-free-online-stable-diffusion-3-tools-and-resources\">Darmowe narz\u0119dzia i zasoby online Stable Diffusion 3<\/a><\/li><li><a href=\"#\ufffcfaq-frequently-asked-questions-about-free-online-stable-diffusion-3\">\ufffcFAQ: Cz\u0119sto zadawane pytania na temat bezp\u0142atnej us\u0142ugi Online Stable Diffusion 3<\/a><\/li><\/ul><\/nav><\/div>\n\n\n\n<h3 class=\"wp-block-heading\" id=\"\ufffc-what-is-free-online-stable-diffusion-3\"><a href=\"https:\/\/dromerosm-groq-llama3.hf.space\/#57aaf246\" target=\"_blank\" rel=\"noopener\"><\/a>Czym jest Free Online Stable Diffusion 3?<\/h3>\n\n\n\n<p class=\"\">Free Online Stable Diffusion 3 to rodzaj modelu sztucznej inteligencji (AI), kt\u00f3ry pozwala u\u017cytkownikom generowa\u0107 wysokiej jako\u015bci obrazy i filmy za pomoc\u0105 podpowiedzi tekstowych. Ta innowacyjna technologia zrewolucjonizowa\u0142a dziedzin\u0119 tre\u015bci generowanych przez sztuczn\u0105 inteligencj\u0119, umo\u017cliwiaj\u0105c u\u017cytkownikom tworzenie osza\u0142amiaj\u0105cych wizualizacji bez konieczno\u015bci posiadania rozleg\u0142ych umiej\u0119tno\u015bci artystycznych.<\/p>\n\n\n\n<h3 class=\"wp-block-heading\" id=\"\ufffc-why-use-free-online-stable-diffusion-3\"><a href=\"https:\/\/dromerosm-groq-llama3.hf.space\/#1b6e5ba1\" target=\"_blank\" rel=\"noopener\"><\/a>Dlaczego warto korzysta\u0107 z darmowej gry online Stable Diffusion 3?<\/h3>\n\n\n\n<p class=\"\">Free Online Stable Diffusion 3 oferuje liczne korzy\u015bci zar\u00f3wno osobom prywatnym, jak i firmom. Technologia ta mo\u017ce by\u0107 wykorzystywana do tworzenia przyci\u0105gaj\u0105cych wzrok reklam, tre\u015bci w mediach spo\u0142eczno\u015bciowych, a nawet ca\u0142ych historii. Jej zastosowania s\u0105 nieograniczone, a zdolno\u015b\u0107 do generowania wysokiej jako\u015bci wizualizacji sprawi\u0142a, \u017ce sta\u0142a si\u0119 niezb\u0119dnym narz\u0119dziem dla wielu bran\u017c, w tym marketingu, rozrywki i edukacji.<\/p>\n\n\n\n<h3 class=\"wp-block-heading\" id=\"\ufffc-benefits-of-using-free-online-stable-diffusion-3\"><a href=\"https:\/\/dromerosm-groq-llama3.hf.space\/#10ad74a\" target=\"_blank\" rel=\"noopener\"><\/a>Korzy\u015bci z korzystania z bezp\u0142atnej dyfuzji stabilnej online 3<\/h3>\n\n\n\n<p class=\"\">Oto niekt\u00f3re z korzy\u015bci p\u0142yn\u0105cych z korzystania z Free Online Stable Diffusion 3:<\/p>\n\n\n\n<ul class=\"wp-block-list\">\n<li class=\"\"><strong>Niezr\u00f3wnana jako\u015b\u0107 obrazu<\/strong>: Free Online Stable Diffusion 3 generuje obrazy por\u00f3wnywalne do tych tworzonych przez profesjonalnych artyst\u00f3w.<\/li>\n\n\n\n<li class=\"\"><strong>Efektywno\u015b\u0107 czasowa<\/strong>: Technologia ta pozwala u\u017cytkownikom tworzy\u0107 wysokiej jako\u015bci wizualizacje w ci\u0105gu kilku minut, oszcz\u0119dzaj\u0105c czas i wysi\u0142ek.<\/li>\n\n\n\n<li class=\"\"><strong>Op\u0142acalno\u015b\u0107<\/strong>: Darmowy online Stable Diffusion 3 eliminuje potrzeb\u0119 zatrudniania profesjonalnych artyst\u00f3w lub zakupu drogiego oprogramowania.<\/li>\n<\/ul>\n\n\n\n<h3 class=\"wp-block-heading\" id=\"\ufffc-when-to-use-free-online-stable-diffusion-3\"><a href=\"https:\/\/dromerosm-groq-llama3.hf.space\/#fa570b08\" target=\"_blank\" rel=\"noopener\"><\/a>Kiedy korzysta\u0107 z darmowej dyfuzji stabilnej online 3?<\/h3>\n\n\n\n<p class=\"\">Free Online Stable Diffusion 3 nadaje si\u0119 do r\u00f3\u017cnych scenariuszy, w tym:<\/p>\n\n\n\n<ul class=\"wp-block-list\">\n<li class=\"\"><strong>Kampanie marketingowe<\/strong>: Tw\u00f3rz przyci\u0105gaj\u0105ce wzrok reklamy i tre\u015bci w mediach spo\u0142eczno\u015bciowych, aby przyci\u0105gn\u0105\u0107 uwag\u0119 odbiorc\u00f3w docelowych.<\/li>\n\n\n\n<li class=\"\"><strong>Opowiadanie historii<\/strong>: Korzystaj z darmowej gry online Stable Diffusion 3, aby tworzy\u0107 ca\u0142e historie, w tym postacie, t\u0142a i rekwizyty.<\/li>\n\n\n\n<li class=\"\"><strong>Edukacja<\/strong>: Wykorzystaj t\u0119 technologi\u0119 do tworzenia interaktywnych i anga\u017cuj\u0105cych tre\u015bci edukacyjnych.<\/li>\n<\/ul>\n\n\n\n<h3 class=\"wp-block-heading\" id=\"\ufffc-who-can-benefit-from-free-online-stable-diffusion-3\"><a href=\"https:\/\/dromerosm-groq-llama3.hf.space\/#8a0a08f4\" target=\"_blank\" rel=\"noopener\"><\/a>Kto mo\u017ce skorzysta\u0107 z bezp\u0142atnej us\u0142ugi online Stable Diffusion 3?<\/h3>\n\n\n\n<p class=\"\">Bezp\u0142atne narz\u0119dzie online Stable Diffusion 3 mo\u017ce przynie\u015b\u0107 korzy\u015bci r\u00f3\u017cnym osobom i bran\u017com, w tym:<\/p>\n\n\n\n<ul class=\"wp-block-list\">\n<li class=\"\"><strong>Marketerzy<\/strong>: Tworzenie wysokiej jako\u015bci wizualizacji na potrzeby kampanii marketingowych.<\/li>\n\n\n\n<li class=\"\"><strong>Arty\u015bci<\/strong>: Generowanie inspiracji dla ich dzie\u0142 sztuki lub wykorzystanie ich jako narz\u0119dzia do tworzenia nowych dzie\u0142.<\/li>\n\n\n\n<li class=\"\"><strong>Nauczyciele<\/strong>: Tworzenie interaktywnych i anga\u017cuj\u0105cych tre\u015bci edukacyjnych.<\/li>\n<\/ul>\n\n\n\n<h3 class=\"wp-block-heading\" id=\"\ufffc-free-online-stable-diffusion-3-tools-and-resources\"><a href=\"https:\/\/dromerosm-groq-llama3.hf.space\/#d1f9532f\" target=\"_blank\" rel=\"noopener\"><\/a>Bezp\u0142atne narz\u0119dzia i zasoby online dotycz\u0105ce stabilnej dyfuzji 3<\/h3>\n\n\n\n<p class=\"\">Oto kilka zasob\u00f3w i narz\u0119dzi internetowych, kt\u00f3re mog\u0105 pom\u00f3c w rozpocz\u0119ciu pracy z aplikacj\u0105 Free Online Stable Diffusion 3:<\/p>\n\n\n\n<figure class=\"wp-block-table\"><table class=\"has-fixed-layout\"><thead><tr><th>Zasoby<\/th><th>Opis<\/th><th>Strona internetowa<\/th><\/tr><\/thead><tbody><tr><td>AI Art za darmo online<\/td><td>Platforma oferuj\u0105ca darmowy model stabilnej dyfuzji 3 online<\/td><td><a href=\"https:\/\/aiartfree.online\/pl\/darmowa-stabilna-dyfuzja-online-3\/\" target=\"_blank\" rel=\"noreferrer noopener\">https:\/\/aiartfree.online\/free-online-stable-diffusion-3<\/a><\/td><\/tr><tr><td>Stable Diffusion 3 GitHub<\/td><td>Oficjalne repozytorium GitHub dla Stable Diffusion 3<\/td><td><a href=\"https:\/\/github.com\/stablediffusion\/stablediffusion-3\" target=\"_blank\" rel=\"noreferrer noopener\">https:\/\/github.com\/stablediffusion\/stablediffusion-3<\/a><\/td><\/tr><tr><td>Spo\u0142eczno\u015b\u0107 artystyczna generowana przez sztuczn\u0105 inteligencj\u0119<\/td><td>Spo\u0142eczno\u015b\u0107 omawiaj\u0105ca sztuk\u0119 generowan\u0105 przez SI i Stable Diffusion 3<\/td><td><a href=\"https:\/\/www.ai-generated-art.com\/\" target=\"_blank\" rel=\"noreferrer noopener\">https:\/\/www.ai-generated-art.com\/<\/a><\/td><\/tr><tr><td>&#8230;<\/td><td>&#8230;<\/td><td>&#8230;<\/td><\/tr><\/tbody><\/table><\/figure>\n\n\n\n<p class=\"\"><strong>Zalety:<\/strong><\/p>\n\n\n\n<ul class=\"wp-block-list\">\n<li class=\"\">Przyjazny dla u\u017cytkownika interfejs<\/li>\n\n\n\n<li class=\"\">Generowanie obrazu wysokiej jako\u015bci<\/li>\n\n\n\n<li class=\"\">Op\u0142acalno\u015b\u0107<\/li>\n<\/ul>\n\n\n\n<p class=\"\"><strong>Wady:<\/strong><\/p>\n\n\n\n<ul class=\"wp-block-list\">\n<li class=\"\">Ograniczone opcje dostosowywania<\/li>\n\n\n\n<li class=\"\">Wymaga wiedzy technicznej<\/li>\n<\/ul>\n\n\n\n<p class=\"\"><strong>Wyzwania:<\/strong><\/p>\n\n\n\n<ul class=\"wp-block-list\">\n<li class=\"\">Zapewnienie, \u017ce wygenerowane obrazy nie s\u0105 stronnicze<\/li>\n\n\n\n<li class=\"\">Rozwi\u0105zywanie kwestii praw autorskich i w\u0142asno\u015bci<\/li>\n<\/ul>\n\n\n\n<p class=\"\"><strong>Zalecenie:<\/strong><\/p>\n\n\n\n<p class=\"\">Na podstawie naszych bada\u0144 zalecamy korzystanie z&nbsp;<a href=\"https:\/\/aiartfree.online\/pl\/darmowa-stabilna-dyfuzja-online-3\/\" target=\"_blank\" rel=\"noreferrer noopener\">AI Art za darmo online<\/a>&nbsp;ze wzgl\u0119du na przyjazny dla u\u017cytkownika interfejs i wysok\u0105 jako\u015b\u0107 generowanego obrazu.<\/p>\n\n\n\n<h3 class=\"wp-block-heading\" id=\"\ufffcfaq-frequently-asked-questions-about-free-online-stable-diffusion-3\"><a href=\"https:\/\/dromerosm-groq-llama3.hf.space\/#5a006b1f\" target=\"_blank\" rel=\"noopener\"><\/a>FAQ: Najcz\u0119\u015bciej zadawane pytania dotycz\u0105ce bezp\u0142atnej stabilnej dyfuzji online 3<\/h3>\n\n\n\n<p class=\"\">Oto kilka cz\u0119sto zadawanych pyta\u0144 na temat Free Online Stable Diffusion 3:<\/p>\n\n\n\n<p class=\"\"><strong>P1: Czy korzystanie z Free Online Stable Diffusion 3 jest darmowe?<\/strong>&nbsp;A1: Tak, Free Online Stable Diffusion 3 jest darmowy, z opcjonalnymi p\u0142atnymi aktualizacjami.<\/p>\n\n\n\n<p class=\"\"><strong>P2: Czy mog\u0119 u\u017cywa\u0107 Free Online Stable Diffusion 3 do cel\u00f3w komercyjnych?<\/strong>&nbsp;A2: Tak, mo\u017cesz u\u017cywa\u0107 Free Online Stable Diffusion 3 do cel\u00f3w komercyjnych, ale upewnij si\u0119, \u017ce przestrzegasz warunk\u00f3w u\u017cytkowania.<\/p>\n\n\n\n<p class=\"\"><strong>P3: Jak d\u0142ugo trwa generowanie obrazu przy u\u017cyciu Free Online Stable Diffusion 3?<\/strong>&nbsp;A3: Czas generowania zale\u017cy od z\u0142o\u017cono\u015bci obrazu i wykorzystywanych zasob\u00f3w obliczeniowych. \u015arednio wygenerowanie obrazu zajmuje oko\u0142o 1-5 minut.<\/p>\n\n\n\n<p class=\"\"><strong>P4: Czy mog\u0119 dostosowa\u0107 wygenerowane obrazy?<\/strong>&nbsp;A4: Tak, mo\u017cna dostosowa\u0107 wygenerowane obrazy przy u\u017cyciu r\u00f3\u017cnych narz\u0119dzi i technik, w tym oprogramowania do edycji i algorytm\u00f3w przenoszenia stylu.<\/p>\n\n\n\n<p class=\"\"><strong>P5: Czy gra Free Online Stable Diffusion 3 jest odpowiednia dla pocz\u0105tkuj\u0105cych?<\/strong>&nbsp;A5: Tak, Free Online Stable Diffusion 3 jest odpowiedni dla pocz\u0105tkuj\u0105cych, z intuicyjnym interfejsem i podpowiedziami prowadz\u0105cymi przez ca\u0142y proces.<\/p>\n\n\n\n<p class=\"\"><strong>P6: Czy mog\u0119 u\u017cywa\u0107 Free Online Stable Diffusion 3 do generowania wideo?<\/strong>&nbsp;A6: Tak, Free Online Stable Diffusion 3 mo\u017ce by\u0107 u\u017cywany do generowania wideo, umo\u017cliwiaj\u0105c tworzenie osza\u0142amiaj\u0105cych film\u00f3w przy minimalnym wysi\u0142ku.<\/p>\n\n\n\n<p class=\"\"><strong>P7: Czy istniej\u0105 jakie\u015b ograniczenia w korzystaniu z Free Online Stable Diffusion 3?<\/strong>&nbsp;A7: Tak, istniej\u0105 ograniczenia w korzystaniu z Free Online Stable Diffusion 3, w tym ograniczone opcje dostosowywania i potencjalne b\u0142\u0119dy w generowanych obrazach.<\/p>\n\n\n\n<p class=\"\"><strong>P8: Czy mog\u0119 u\u017cywa\u0107 Free Online Stable Diffusion 3 do opowiadania historii?<\/strong>&nbsp;O8: Tak, Free Online Stable Diffusion 3 mo\u017ce by\u0107 u\u017cywany do tworzenia opowie\u015bci, umo\u017cliwiaj\u0105c tworzenie ca\u0142ych historii z postaciami, t\u0142em i rekwizytami.<\/p>\n\n\n\n<p class=\"\"><strong>P9: Czy Free Online Stable Diffusion 3 nadaje si\u0119 do edukacji?<\/strong>&nbsp;O9: Tak, Free Online Stable Diffusion 3 nadaje si\u0119 do edukacji, umo\u017cliwiaj\u0105c nauczycielom tworzenie interaktywnych i anga\u017cuj\u0105cych tre\u015bci edukacyjnych.<\/p>\n\n\n\n<p class=\"\"><strong>P10: Jak rozpocz\u0105\u0107 korzystanie z Free Online Stable Diffusion 3?<\/strong>&nbsp;A10: Aby rozpocz\u0105\u0107 korzystanie z Free Online Stable Diffusion 3, wystarczy odwiedzi\u0107 stron\u0119 internetow\u0105, za\u0142o\u017cy\u0107 konto i post\u0119powa\u0107 zgodnie z samouczkami i wskaz\u00f3wkami.<\/p>","protected":false},"excerpt":{"rendered":"<p>What our users made How to use the Free Free Online Stable Diffusion 3 * Feel free to try our examples below if you don&#8217;t have any thoughts in your mind Prompt Examples *&nbsp;Depending on your internet speed, loading the model may take a few seconds.* There will be caching during continuous generation, and the &#8230; <a title=\"Bezp\u0142atne Dyfuzja stabilna online 3\" class=\"read-more\" href=\"https:\/\/aiartfree.online\/pl\/darmowa-stabilna-dyfuzja-online-3\/\" aria-label=\"Read more about Free Online Stable Diffusion 3\">Dowiedz si\u0119 wi\u0119cej<\/a><\/p>","protected":false},"author":1,"featured_media":0,"parent":0,"menu_order":0,"comment_status":"open","ping_status":"closed","template":"","meta":{"nf_dc_page":"","footnotes":""},"class_list":["post-2888","page","type-page","status-publish"],"jetpack_sharing_enabled":true,"_links":{"self":[{"href":"https:\/\/aiartfree.online\/pl\/wp-json\/wp\/v2\/pages\/2888","targetHints":{"allow":["GET"]}}],"collection":[{"href":"https:\/\/aiartfree.online\/pl\/wp-json\/wp\/v2\/pages"}],"about":[{"href":"https:\/\/aiartfree.online\/pl\/wp-json\/wp\/v2\/types\/page"}],"author":[{"embeddable":true,"href":"https:\/\/aiartfree.online\/pl\/wp-json\/wp\/v2\/users\/1"}],"replies":[{"embeddable":true,"href":"https:\/\/aiartfree.online\/pl\/wp-json\/wp\/v2\/comments?post=2888"}],"version-history":[{"count":1,"href":"https:\/\/aiartfree.online\/pl\/wp-json\/wp\/v2\/pages\/2888\/revisions"}],"predecessor-version":[{"id":3592,"href":"https:\/\/aiartfree.online\/pl\/wp-json\/wp\/v2\/pages\/2888\/revisions\/3592"}],"wp:attachment":[{"href":"https:\/\/aiartfree.online\/pl\/wp-json\/wp\/v2\/media?parent=2888"}],"curies":[{"name":"wp","href":"https:\/\/api.w.org\/{rel}","templated":true}]}}